{"id":312530,"date":"2022-11-25T16:09:17","date_gmt":"2022-11-25T16:09:17","guid":{"rendered":"https:\/\/coffeelounge.delonghi.com\/?post_type=product&#038;p=312530"},"modified":"2024-03-04T07:23:40","modified_gmt":"2024-03-04T07:23:40","slug":"street-blend","status":"publish","type":"product","link":"https:\/\/coffeelounge.delonghi.com\/pt-pt\/produto\/street-blend\/","title":{"rendered":"Street Blend"},"content":{"rendered":"<p>O Street Blend \u00e9 um lote encorpado, de torra m\u00e9dia escura, com um sabor intenso que invoca a nostalgia dos sabores do aut\u00eantico caf\u00e9 de rua. Deixe-se envolver nesta viagem ao passado e desfrute de um caf\u00e9 com uma grande complexidade onde os gr\u00e3os de Robusta, cuidadosamente selecionados, revelam toda a acidez do aroma torrado com leves notas a caramelo. O lote ideal para os verdadeiros amantes de caf\u00e9.<\/p>\n","protected":false},"excerpt":{"rendered":"<p>O Street Blend \u00e9 um lote encorpado, de torra m\u00e9dia escura, com um sabor intenso que invoca a nostalgia dos sabores do aut\u00eantico caf\u00e9 de rua. Deixe-se envolver nesta viagem ao passado e desfrute de um caf\u00e9 com uma grande complexidade onde os gr\u00e3os de Robusta, cuidadosamente selecionados, revelam toda a acidez do aroma torrado [&hellip;]<\/p>\n","protected":false},"featured_media":414987,"comment_status":"closed","ping_status":"closed","template":"","meta":{"_acf_changed":false},"product_cat":[832,831],"product_tag":[],"class_list":{"0":"post-312530","1":"product","2":"type-product","3":"status-publish","4":"has-post-thumbnail","6":"product_cat-blends-pt-pt","7":"product_cat-todos-os-cafes","9":"first","10":"instock","11":"taxable","12":"shipping-taxable","13":"purchasable","14":"product-type-variable"},"acf":[],"yoast_head":"<!-- This site is optimized with the Yoast SEO Premium plugin v24.5 (Yoast SEO v24.5) - https:\/\/yoast.com\/wordpress\/plugins\/seo\/ -->\n<title>Street Blend | De&#039;Longhi<\/title>\n<meta name=\"robots\" content=\"index, follow, max-snippet:-1, max-image-preview:large, max-video-preview:-1\" \/>\n<meta name=\"twitter:card\" content=\"summary_large_image\" \/>\n<meta name=\"twitter:title\" content=\"Street Blend | De&#039;Longhi\" \/>\n<meta name=\"twitter:description\" content=\"O Street Blend \u00e9 um lote encorpado, de torra m\u00e9dia escura, com um sabor intenso que invoca a nostalgia dos sabores do aut\u00eantico caf\u00e9 de rua. Deixe-se envolver nesta viagem ao passado e desfrute de um caf\u00e9 com uma grande complexidade onde os gr\u00e3os de Robusta, cuidadosamente selecionados, revelam toda a acidez do aroma torrado [&hellip;]\" \/>\n<meta name=\"twitter:image\" content=\"https:\/\/coffeelounge.delonghi.com\/wp-content\/uploads\/2022\/11\/STREET-BLEND-GRAO-1KG.png\" \/>\n<script type=\"application\/ld+json\" class=\"yoast-schema-graph\">{\"@context\":\"https:\/\/schema.org\",\"@graph\":[{\"@type\":\"WebPage\",\"@id\":\"https:\/\/coffeelounge.delonghi.com\/pt-pt\/produto\/street-blend\/\",\"url\":\"https:\/\/coffeelounge.delonghi.com\/pt-pt\/produto\/street-blend\/\",\"name\":\"Street Blend | De&#039;Longhi\",\"isPartOf\":{\"@id\":\"https:\/\/coffeelounge.delonghi.com\/pt-pt\/#website\"},\"primaryImageOfPage\":{\"@id\":\"https:\/\/coffeelounge.delonghi.com\/pt-pt\/produto\/street-blend\/#primaryimage\"},\"image\":{\"@id\":\"https:\/\/coffeelounge.delonghi.com\/pt-pt\/produto\/street-blend\/#primaryimage\"},\"thumbnailUrl\":\"https:\/\/coffeelounge.delonghi.com\/wp-content\/uploads\/2022\/11\/STREET-BLEND-GRAO-1KG.png\",\"datePublished\":\"2022-11-25T16:09:17+00:00\",\"dateModified\":\"2024-03-04T07:23:40+00:00\",\"breadcrumb\":{\"@id\":\"https:\/\/coffeelounge.delonghi.com\/pt-pt\/produto\/street-blend\/#breadcrumb\"},\"inLanguage\":\"pt-PT\",\"potentialAction\":[{\"@type\":\"ReadAction\",\"target\":[\"https:\/\/coffeelounge.delonghi.com\/pt-pt\/produto\/street-blend\/\"]}]},{\"@type\":\"ImageObject\",\"inLanguage\":\"pt-PT\",\"@id\":\"https:\/\/coffeelounge.delonghi.com\/pt-pt\/produto\/street-blend\/#primaryimage\",\"url\":\"https:\/\/coffeelounge.delonghi.com\/wp-content\/uploads\/2022\/11\/STREET-BLEND-GRAO-1KG.png\",\"contentUrl\":\"https:\/\/coffeelounge.delonghi.com\/wp-content\/uploads\/2022\/11\/STREET-BLEND-GRAO-1KG.png\",\"width\":3932,\"height\":5504},{\"@type\":\"BreadcrumbList\",\"@id\":\"https:\/\/coffeelounge.delonghi.com\/pt-pt\/produto\/street-blend\/#breadcrumb\",\"itemListElement\":[{\"@type\":\"ListItem\",\"position\":1,\"name\":\"Home\",\"item\":\"https:\/\/coffeelounge.delonghi.com\/pt-pt\/\"},{\"@type\":\"ListItem\",\"position\":2,\"name\":\"Boutique\",\"item\":\"https:\/\/coffeelounge.delonghi.com\/fr\/?page_id=36\"},{\"@type\":\"ListItem\",\"position\":3,\"name\":\"Street Blend\"}]},{\"@type\":\"WebSite\",\"@id\":\"https:\/\/coffeelounge.delonghi.com\/pt-pt\/#website\",\"url\":\"https:\/\/coffeelounge.delonghi.com\/pt-pt\/\",\"name\":\"De&#039;Longhi\",\"description\":\"Coffee Lounge\",\"publisher\":{\"@id\":\"https:\/\/coffeelounge.delonghi.com\/pt-pt\/#organization\"},\"potentialAction\":[{\"@type\":\"SearchAction\",\"target\":{\"@type\":\"EntryPoint\",\"urlTemplate\":\"https:\/\/coffeelounge.delonghi.com\/pt-pt\/?s={search_term_string}\"},\"query-input\":{\"@type\":\"PropertyValueSpecification\",\"valueRequired\":true,\"valueName\":\"search_term_string\"}}],\"inLanguage\":\"pt-PT\"},{\"@type\":\"Organization\",\"@id\":\"https:\/\/coffeelounge.delonghi.com\/pt-pt\/#organization\",\"name\":\"De'Longhi Coffee Lounge\",\"url\":\"https:\/\/coffeelounge.delonghi.com\/pt-pt\/\",\"logo\":{\"@type\":\"ImageObject\",\"inLanguage\":\"pt-PT\",\"@id\":\"https:\/\/coffeelounge.delonghi.com\/pt-pt\/#\/schema\/logo\/image\/\",\"url\":\"https:\/\/coffeelounge.delonghi.com\/wp-content\/uploads\/2020\/05\/delonghi-coffee-lounge-logo-nederland.png\",\"contentUrl\":\"https:\/\/coffeelounge.delonghi.com\/wp-content\/uploads\/2020\/05\/delonghi-coffee-lounge-logo-nederland.png\",\"width\":2337,\"height\":724,\"caption\":\"De'Longhi Coffee Lounge\"},\"image\":{\"@id\":\"https:\/\/coffeelounge.delonghi.com\/pt-pt\/#\/schema\/logo\/image\/\"}}]}<\/script>\n<!-- \/ Yoast SEO Premium plugin. -->","yoast_head_json":{"title":"Street Blend | De&#039;Longhi","robots":{"index":"index","follow":"follow","max-snippet":"max-snippet:-1","max-image-preview":"max-image-preview:large","max-video-preview":"max-video-preview:-1"},"twitter_card":"summary_large_image","twitter_title":"Street Blend | De&#039;Longhi","twitter_description":"O Street Blend \u00e9 um lote encorpado, de torra m\u00e9dia escura, com um sabor intenso que invoca a nostalgia dos sabores do aut\u00eantico caf\u00e9 de rua. Deixe-se envolver nesta viagem ao passado e desfrute de um caf\u00e9 com uma grande complexidade onde os gr\u00e3os de Robusta, cuidadosamente selecionados, revelam toda a acidez do aroma torrado [&hellip;]","twitter_image":"https:\/\/coffeelounge.delonghi.com\/wp-content\/uploads\/2022\/11\/STREET-BLEND-GRAO-1KG.png","schema":{"@context":"https:\/\/schema.org","@graph":[{"@type":"WebPage","@id":"https:\/\/coffeelounge.delonghi.com\/pt-pt\/produto\/street-blend\/","url":"https:\/\/coffeelounge.delonghi.com\/pt-pt\/produto\/street-blend\/","name":"Street Blend | De&#039;Longhi","isPartOf":{"@id":"https:\/\/coffeelounge.delonghi.com\/pt-pt\/#website"},"primaryImageOfPage":{"@id":"https:\/\/coffeelounge.delonghi.com\/pt-pt\/produto\/street-blend\/#primaryimage"},"image":{"@id":"https:\/\/coffeelounge.delonghi.com\/pt-pt\/produto\/street-blend\/#primaryimage"},"thumbnailUrl":"https:\/\/coffeelounge.delonghi.com\/wp-content\/uploads\/2022\/11\/STREET-BLEND-GRAO-1KG.png","datePublished":"2022-11-25T16:09:17+00:00","dateModified":"2024-03-04T07:23:40+00:00","breadcrumb":{"@id":"https:\/\/coffeelounge.delonghi.com\/pt-pt\/produto\/street-blend\/#breadcrumb"},"inLanguage":"pt-PT","potentialAction":[{"@type":"ReadAction","target":["https:\/\/coffeelounge.delonghi.com\/pt-pt\/produto\/street-blend\/"]}]},{"@type":"ImageObject","inLanguage":"pt-PT","@id":"https:\/\/coffeelounge.delonghi.com\/pt-pt\/produto\/street-blend\/#primaryimage","url":"https:\/\/coffeelounge.delonghi.com\/wp-content\/uploads\/2022\/11\/STREET-BLEND-GRAO-1KG.png","contentUrl":"https:\/\/coffeelounge.delonghi.com\/wp-content\/uploads\/2022\/11\/STREET-BLEND-GRAO-1KG.png","width":3932,"height":5504},{"@type":"BreadcrumbList","@id":"https:\/\/coffeelounge.delonghi.com\/pt-pt\/produto\/street-blend\/#breadcrumb","itemListElement":[{"@type":"ListItem","position":1,"name":"Home","item":"https:\/\/coffeelounge.delonghi.com\/pt-pt\/"},{"@type":"ListItem","position":2,"name":"Boutique","item":"https:\/\/coffeelounge.delonghi.com\/fr\/?page_id=36"},{"@type":"ListItem","position":3,"name":"Street Blend"}]},{"@type":"WebSite","@id":"https:\/\/coffeelounge.delonghi.com\/pt-pt\/#website","url":"https:\/\/coffeelounge.delonghi.com\/pt-pt\/","name":"De&#039;Longhi","description":"Coffee Lounge","publisher":{"@id":"https:\/\/coffeelounge.delonghi.com\/pt-pt\/#organization"},"potentialAction":[{"@type":"SearchAction","target":{"@type":"EntryPoint","urlTemplate":"https:\/\/coffeelounge.delonghi.com\/pt-pt\/?s={search_term_string}"},"query-input":{"@type":"PropertyValueSpecification","valueRequired":true,"valueName":"search_term_string"}}],"inLanguage":"pt-PT"},{"@type":"Organization","@id":"https:\/\/coffeelounge.delonghi.com\/pt-pt\/#organization","name":"De'Longhi Coffee Lounge","url":"https:\/\/coffeelounge.delonghi.com\/pt-pt\/","logo":{"@type":"ImageObject","inLanguage":"pt-PT","@id":"https:\/\/coffeelounge.delonghi.com\/pt-pt\/#\/schema\/logo\/image\/","url":"https:\/\/coffeelounge.delonghi.com\/wp-content\/uploads\/2020\/05\/delonghi-coffee-lounge-logo-nederland.png","contentUrl":"https:\/\/coffeelounge.delonghi.com\/wp-content\/uploads\/2020\/05\/delonghi-coffee-lounge-logo-nederland.png","width":2337,"height":724,"caption":"De'Longhi Coffee Lounge"},"image":{"@id":"https:\/\/coffeelounge.delonghi.com\/pt-pt\/#\/schema\/logo\/image\/"}}]}},"_links":{"self":[{"href":"https:\/\/coffeelounge.delonghi.com\/pt-pt\/wp-json\/wp\/v2\/product\/312530","targetHints":{"allow":["GET"]}}],"collection":[{"href":"https:\/\/coffeelounge.delonghi.com\/pt-pt\/wp-json\/wp\/v2\/product"}],"about":[{"href":"https:\/\/coffeelounge.delonghi.com\/pt-pt\/wp-json\/wp\/v2\/types\/product"}],"replies":[{"embeddable":true,"href":"https:\/\/coffeelounge.delonghi.com\/pt-pt\/wp-json\/wp\/v2\/comments?post=312530"}],"version-history":[{"count":3,"href":"https:\/\/coffeelounge.delonghi.com\/pt-pt\/wp-json\/wp\/v2\/product\/312530\/revisions"}],"predecessor-version":[{"id":421827,"href":"https:\/\/coffeelounge.delonghi.com\/pt-pt\/wp-json\/wp\/v2\/product\/312530\/revisions\/421827"}],"wp:featuredmedia":[{"embeddable":true,"href":"https:\/\/coffeelounge.delonghi.com\/pt-pt\/wp-json\/wp\/v2\/media\/414987"}],"wp:attachment":[{"href":"https:\/\/coffeelounge.delonghi.com\/pt-pt\/wp-json\/wp\/v2\/media?parent=312530"}],"wp:term":[{"taxonomy":"product_cat","embeddable":true,"href":"https:\/\/coffeelounge.delonghi.com\/pt-pt\/wp-json\/wp\/v2\/product_cat?post=312530"},{"taxonomy":"product_tag","embeddable":true,"href":"https:\/\/coffeelounge.delonghi.com\/pt-pt\/wp-json\/wp\/v2\/product_tag?post=312530"}],"curies":[{"name":"wp","href":"https:\/\/api.w.org\/{rel}","templated":true}]}}