{"id":312507,"date":"2022-11-25T15:58:28","date_gmt":"2022-11-25T15:58:28","guid":{"rendered":"https:\/\/coffeelounge.delonghi.com\/?post_type=product&#038;p=312507"},"modified":"2024-03-04T07:23:28","modified_gmt":"2024-03-04T07:23:28","slug":"twenty-blend","status":"publish","type":"product","link":"https:\/\/coffeelounge.delonghi.com\/pt-pt\/produto\/twenty-blend\/","title":{"rendered":"Twenty Blend"},"content":{"rendered":"<div>O Twenty Blend \u00e9 o lote mais nobre da marca, produzido a partir dos melhores gr\u00e3os de Ar\u00e1bica de diversas origens que lhe conferem um sabor suave e uma cremosidade inconfund\u00edvel. Envolva os seus sentidos num caf\u00e9 cuidadosamente torrado e requintadamente misturado para revelar aromas levemente frutados e herbais. Com acidez suave, do\u00e7ura arredondada e um fim de boca suave, este blend ir\u00e1 deliciar e surpreender os amantes de caf\u00e9.<\/div>\n<div><\/div>\n","protected":false},"excerpt":{"rendered":"<p>O Twenty Blend \u00e9 o lote mais nobre da marca, produzido a partir dos melhores gr\u00e3os de Ar\u00e1bica de diversas origens que lhe conferem um sabor suave e uma cremosidade inconfund\u00edvel. Envolva os seus sentidos num caf\u00e9 cuidadosamente torrado e requintadamente misturado para revelar aromas levemente frutados e herbais. Com acidez suave, do\u00e7ura arredondada e [&hellip;]<\/p>\n","protected":false},"featured_media":414999,"comment_status":"closed","ping_status":"closed","template":"","meta":{"_acf_changed":false},"product_cat":[832,831],"product_tag":[],"class_list":{"0":"post-312507","1":"product","2":"type-product","3":"status-publish","4":"has-post-thumbnail","6":"product_cat-blends-pt-pt","7":"product_cat-todos-os-cafes","9":"first","10":"instock","11":"taxable","12":"shipping-taxable","13":"purchasable","14":"product-type-variable"},"acf":[],"yoast_head":"<!-- This site is optimized with the Yoast SEO Premium plugin v24.5 (Yoast SEO v24.5) - https:\/\/yoast.com\/wordpress\/plugins\/seo\/ -->\n<title>Twenty Blend | De&#039;Longhi<\/title>\n<meta name=\"robots\" content=\"index, follow, max-snippet:-1, max-image-preview:large, max-video-preview:-1\" \/>\n<meta name=\"twitter:card\" content=\"summary_large_image\" \/>\n<meta name=\"twitter:title\" content=\"Twenty Blend | De&#039;Longhi\" \/>\n<meta name=\"twitter:description\" content=\"O Twenty Blend \u00e9 o lote mais nobre da marca, produzido a partir dos melhores gr\u00e3os de Ar\u00e1bica de diversas origens que lhe conferem um sabor suave e uma cremosidade inconfund\u00edvel. Envolva os seus sentidos num caf\u00e9 cuidadosamente torrado e requintadamente misturado para revelar aromas levemente frutados e herbais. Com acidez suave, do\u00e7ura arredondada e [&hellip;]\" \/>\n<meta name=\"twitter:image\" content=\"https:\/\/coffeelounge.delonghi.com\/wp-content\/uploads\/2022\/11\/TWENTY-BLEND-GRAO-1KG.png\" \/>\n<script type=\"application\/ld+json\" class=\"yoast-schema-graph\">{\"@context\":\"https:\/\/schema.org\",\"@graph\":[{\"@type\":\"WebPage\",\"@id\":\"https:\/\/coffeelounge.delonghi.com\/pt-pt\/produto\/twenty-blend\/\",\"url\":\"https:\/\/coffeelounge.delonghi.com\/pt-pt\/produto\/twenty-blend\/\",\"name\":\"Twenty Blend | De&#039;Longhi\",\"isPartOf\":{\"@id\":\"https:\/\/coffeelounge.delonghi.com\/pt-pt\/#website\"},\"primaryImageOfPage\":{\"@id\":\"https:\/\/coffeelounge.delonghi.com\/pt-pt\/produto\/twenty-blend\/#primaryimage\"},\"image\":{\"@id\":\"https:\/\/coffeelounge.delonghi.com\/pt-pt\/produto\/twenty-blend\/#primaryimage\"},\"thumbnailUrl\":\"https:\/\/coffeelounge.delonghi.com\/wp-content\/uploads\/2022\/11\/TWENTY-BLEND-GRAO-1KG.png\",\"datePublished\":\"2022-11-25T15:58:28+00:00\",\"dateModified\":\"2024-03-04T07:23:28+00:00\",\"breadcrumb\":{\"@id\":\"https:\/\/coffeelounge.delonghi.com\/pt-pt\/produto\/twenty-blend\/#breadcrumb\"},\"inLanguage\":\"pt-PT\",\"potentialAction\":[{\"@type\":\"ReadAction\",\"target\":[\"https:\/\/coffeelounge.delonghi.com\/pt-pt\/produto\/twenty-blend\/\"]}]},{\"@type\":\"ImageObject\",\"inLanguage\":\"pt-PT\",\"@id\":\"https:\/\/coffeelounge.delonghi.com\/pt-pt\/produto\/twenty-blend\/#primaryimage\",\"url\":\"https:\/\/coffeelounge.delonghi.com\/wp-content\/uploads\/2022\/11\/TWENTY-BLEND-GRAO-1KG.png\",\"contentUrl\":\"https:\/\/coffeelounge.delonghi.com\/wp-content\/uploads\/2022\/11\/TWENTY-BLEND-GRAO-1KG.png\",\"width\":3932,\"height\":5504},{\"@type\":\"BreadcrumbList\",\"@id\":\"https:\/\/coffeelounge.delonghi.com\/pt-pt\/produto\/twenty-blend\/#breadcrumb\",\"itemListElement\":[{\"@type\":\"ListItem\",\"position\":1,\"name\":\"Home\",\"item\":\"https:\/\/coffeelounge.delonghi.com\/pt-pt\/\"},{\"@type\":\"ListItem\",\"position\":2,\"name\":\"Boutique\",\"item\":\"https:\/\/coffeelounge.delonghi.com\/fr\/?page_id=36\"},{\"@type\":\"ListItem\",\"position\":3,\"name\":\"Twenty Blend\"}]},{\"@type\":\"WebSite\",\"@id\":\"https:\/\/coffeelounge.delonghi.com\/pt-pt\/#website\",\"url\":\"https:\/\/coffeelounge.delonghi.com\/pt-pt\/\",\"name\":\"De&#039;Longhi\",\"description\":\"Coffee Lounge\",\"publisher\":{\"@id\":\"https:\/\/coffeelounge.delonghi.com\/pt-pt\/#organization\"},\"potentialAction\":[{\"@type\":\"SearchAction\",\"target\":{\"@type\":\"EntryPoint\",\"urlTemplate\":\"https:\/\/coffeelounge.delonghi.com\/pt-pt\/?s={search_term_string}\"},\"query-input\":{\"@type\":\"PropertyValueSpecification\",\"valueRequired\":true,\"valueName\":\"search_term_string\"}}],\"inLanguage\":\"pt-PT\"},{\"@type\":\"Organization\",\"@id\":\"https:\/\/coffeelounge.delonghi.com\/pt-pt\/#organization\",\"name\":\"De'Longhi Coffee Lounge\",\"url\":\"https:\/\/coffeelounge.delonghi.com\/pt-pt\/\",\"logo\":{\"@type\":\"ImageObject\",\"inLanguage\":\"pt-PT\",\"@id\":\"https:\/\/coffeelounge.delonghi.com\/pt-pt\/#\/schema\/logo\/image\/\",\"url\":\"https:\/\/coffeelounge.delonghi.com\/wp-content\/uploads\/2020\/05\/delonghi-coffee-lounge-logo-nederland.png\",\"contentUrl\":\"https:\/\/coffeelounge.delonghi.com\/wp-content\/uploads\/2020\/05\/delonghi-coffee-lounge-logo-nederland.png\",\"width\":2337,\"height\":724,\"caption\":\"De'Longhi Coffee Lounge\"},\"image\":{\"@id\":\"https:\/\/coffeelounge.delonghi.com\/pt-pt\/#\/schema\/logo\/image\/\"}}]}<\/script>\n<!-- \/ Yoast SEO Premium plugin. -->","yoast_head_json":{"title":"Twenty Blend | De&#039;Longhi","robots":{"index":"index","follow":"follow","max-snippet":"max-snippet:-1","max-image-preview":"max-image-preview:large","max-video-preview":"max-video-preview:-1"},"twitter_card":"summary_large_image","twitter_title":"Twenty Blend | De&#039;Longhi","twitter_description":"O Twenty Blend \u00e9 o lote mais nobre da marca, produzido a partir dos melhores gr\u00e3os de Ar\u00e1bica de diversas origens que lhe conferem um sabor suave e uma cremosidade inconfund\u00edvel. Envolva os seus sentidos num caf\u00e9 cuidadosamente torrado e requintadamente misturado para revelar aromas levemente frutados e herbais. Com acidez suave, do\u00e7ura arredondada e [&hellip;]","twitter_image":"https:\/\/coffeelounge.delonghi.com\/wp-content\/uploads\/2022\/11\/TWENTY-BLEND-GRAO-1KG.png","schema":{"@context":"https:\/\/schema.org","@graph":[{"@type":"WebPage","@id":"https:\/\/coffeelounge.delonghi.com\/pt-pt\/produto\/twenty-blend\/","url":"https:\/\/coffeelounge.delonghi.com\/pt-pt\/produto\/twenty-blend\/","name":"Twenty Blend | De&#039;Longhi","isPartOf":{"@id":"https:\/\/coffeelounge.delonghi.com\/pt-pt\/#website"},"primaryImageOfPage":{"@id":"https:\/\/coffeelounge.delonghi.com\/pt-pt\/produto\/twenty-blend\/#primaryimage"},"image":{"@id":"https:\/\/coffeelounge.delonghi.com\/pt-pt\/produto\/twenty-blend\/#primaryimage"},"thumbnailUrl":"https:\/\/coffeelounge.delonghi.com\/wp-content\/uploads\/2022\/11\/TWENTY-BLEND-GRAO-1KG.png","datePublished":"2022-11-25T15:58:28+00:00","dateModified":"2024-03-04T07:23:28+00:00","breadcrumb":{"@id":"https:\/\/coffeelounge.delonghi.com\/pt-pt\/produto\/twenty-blend\/#breadcrumb"},"inLanguage":"pt-PT","potentialAction":[{"@type":"ReadAction","target":["https:\/\/coffeelounge.delonghi.com\/pt-pt\/produto\/twenty-blend\/"]}]},{"@type":"ImageObject","inLanguage":"pt-PT","@id":"https:\/\/coffeelounge.delonghi.com\/pt-pt\/produto\/twenty-blend\/#primaryimage","url":"https:\/\/coffeelounge.delonghi.com\/wp-content\/uploads\/2022\/11\/TWENTY-BLEND-GRAO-1KG.png","contentUrl":"https:\/\/coffeelounge.delonghi.com\/wp-content\/uploads\/2022\/11\/TWENTY-BLEND-GRAO-1KG.png","width":3932,"height":5504},{"@type":"BreadcrumbList","@id":"https:\/\/coffeelounge.delonghi.com\/pt-pt\/produto\/twenty-blend\/#breadcrumb","itemListElement":[{"@type":"ListItem","position":1,"name":"Home","item":"https:\/\/coffeelounge.delonghi.com\/pt-pt\/"},{"@type":"ListItem","position":2,"name":"Boutique","item":"https:\/\/coffeelounge.delonghi.com\/fr\/?page_id=36"},{"@type":"ListItem","position":3,"name":"Twenty Blend"}]},{"@type":"WebSite","@id":"https:\/\/coffeelounge.delonghi.com\/pt-pt\/#website","url":"https:\/\/coffeelounge.delonghi.com\/pt-pt\/","name":"De&#039;Longhi","description":"Coffee Lounge","publisher":{"@id":"https:\/\/coffeelounge.delonghi.com\/pt-pt\/#organization"},"potentialAction":[{"@type":"SearchAction","target":{"@type":"EntryPoint","urlTemplate":"https:\/\/coffeelounge.delonghi.com\/pt-pt\/?s={search_term_string}"},"query-input":{"@type":"PropertyValueSpecification","valueRequired":true,"valueName":"search_term_string"}}],"inLanguage":"pt-PT"},{"@type":"Organization","@id":"https:\/\/coffeelounge.delonghi.com\/pt-pt\/#organization","name":"De'Longhi Coffee Lounge","url":"https:\/\/coffeelounge.delonghi.com\/pt-pt\/","logo":{"@type":"ImageObject","inLanguage":"pt-PT","@id":"https:\/\/coffeelounge.delonghi.com\/pt-pt\/#\/schema\/logo\/image\/","url":"https:\/\/coffeelounge.delonghi.com\/wp-content\/uploads\/2020\/05\/delonghi-coffee-lounge-logo-nederland.png","contentUrl":"https:\/\/coffeelounge.delonghi.com\/wp-content\/uploads\/2020\/05\/delonghi-coffee-lounge-logo-nederland.png","width":2337,"height":724,"caption":"De'Longhi Coffee Lounge"},"image":{"@id":"https:\/\/coffeelounge.delonghi.com\/pt-pt\/#\/schema\/logo\/image\/"}}]}},"_links":{"self":[{"href":"https:\/\/coffeelounge.delonghi.com\/pt-pt\/wp-json\/wp\/v2\/product\/312507","targetHints":{"allow":["GET"]}}],"collection":[{"href":"https:\/\/coffeelounge.delonghi.com\/pt-pt\/wp-json\/wp\/v2\/product"}],"about":[{"href":"https:\/\/coffeelounge.delonghi.com\/pt-pt\/wp-json\/wp\/v2\/types\/product"}],"replies":[{"embeddable":true,"href":"https:\/\/coffeelounge.delonghi.com\/pt-pt\/wp-json\/wp\/v2\/comments?post=312507"}],"version-history":[{"count":5,"href":"https:\/\/coffeelounge.delonghi.com\/pt-pt\/wp-json\/wp\/v2\/product\/312507\/revisions"}],"predecessor-version":[{"id":421826,"href":"https:\/\/coffeelounge.delonghi.com\/pt-pt\/wp-json\/wp\/v2\/product\/312507\/revisions\/421826"}],"wp:featuredmedia":[{"embeddable":true,"href":"https:\/\/coffeelounge.delonghi.com\/pt-pt\/wp-json\/wp\/v2\/media\/414999"}],"wp:attachment":[{"href":"https:\/\/coffeelounge.delonghi.com\/pt-pt\/wp-json\/wp\/v2\/media?parent=312507"}],"wp:term":[{"taxonomy":"product_cat","embeddable":true,"href":"https:\/\/coffeelounge.delonghi.com\/pt-pt\/wp-json\/wp\/v2\/product_cat?post=312507"},{"taxonomy":"product_tag","embeddable":true,"href":"https:\/\/coffeelounge.delonghi.com\/pt-pt\/wp-json\/wp\/v2\/product_tag?post=312507"}],"curies":[{"name":"wp","href":"https:\/\/api.w.org\/{rel}","templated":true}]}}