{"id":279514,"date":"2022-10-10T09:15:33","date_gmt":"2022-10-10T09:15:33","guid":{"rendered":"https:\/\/coffeelounge.delonghi.com\/?post_type=product&#038;p=279514"},"modified":"2024-03-04T07:22:46","modified_gmt":"2024-03-04T07:22:46","slug":"peru","status":"publish","type":"product","link":"https:\/\/coffeelounge.delonghi.com\/pt-pt\/produto\/peru\/","title":{"rendered":"Peru"},"content":{"rendered":"<p>O nosso caf\u00e9 Peru, representa a nossa oferta de caf\u00e9 org\u00e2nico. Caf\u00e9 com frag\u00e2ncia de mel e com notas de fruta amarela. O companheiro ideal para os mais doces uma vez que aparecem na boca notas de cacau e apresenta um corpo saboroso com acidez m\u00e9dia. Se procura um caf\u00e9 cheio de sabor, este lote \u00e9 o ideal.<\/p>\n","protected":false},"excerpt":{"rendered":"<p>O nosso caf\u00e9 Peru, representa a nossa oferta de caf\u00e9 org\u00e2nico. Caf\u00e9 com frag\u00e2ncia de mel e com notas de fruta amarela. O companheiro ideal para os mais doces uma vez que aparecem na boca notas de cacau e apresenta um corpo saboroso com acidez m\u00e9dia. Se procura um caf\u00e9 cheio de sabor, este lote [&hellip;]<\/p>\n","protected":false},"featured_media":415065,"comment_status":"closed","ping_status":"closed","template":"","meta":{"_acf_changed":false},"product_cat":[834,833,831],"product_tag":[],"class_list":{"0":"post-279514","1":"product","2":"type-product","3":"status-publish","4":"has-post-thumbnail","6":"product_cat-especialidade","7":"product_cat-single-origin-pt-pt","8":"product_cat-todos-os-cafes","10":"first","11":"instock","12":"taxable","13":"shipping-taxable","14":"product-type-simple"},"acf":[],"yoast_head":"<!-- This site is optimized with the Yoast SEO Premium plugin v24.5 (Yoast SEO v24.5) - https:\/\/yoast.com\/wordpress\/plugins\/seo\/ -->\n<title>Peru | De&#039;Longhi<\/title>\n<meta name=\"description\" content=\"O nosso caf\u00e9 Peru, representa a nossa oferta de caf\u00e9 org\u00e2nico. Se procura um caf\u00e9 cheio de sabor, este lote \u00e9 o ideal.\" \/>\n<meta name=\"robots\" content=\"index, follow, max-snippet:-1, max-image-preview:large, max-video-preview:-1\" \/>\n<meta name=\"twitter:card\" content=\"summary_large_image\" \/>\n<meta name=\"twitter:title\" content=\"Peru | De&#039;Longhi\" \/>\n<meta name=\"twitter:description\" content=\"O nosso caf\u00e9 Peru, representa a nossa oferta de caf\u00e9 org\u00e2nico. Se procura um caf\u00e9 cheio de sabor, este lote \u00e9 o ideal.\" \/>\n<meta name=\"twitter:image\" content=\"https:\/\/coffeelounge.delonghi.com\/wp-content\/uploads\/2022\/10\/Peru.png\" \/>\n<script type=\"application\/ld+json\" class=\"yoast-schema-graph\">{\"@context\":\"https:\/\/schema.org\",\"@graph\":[{\"@type\":\"WebPage\",\"@id\":\"https:\/\/coffeelounge.delonghi.com\/pt-pt\/produto\/peru\/\",\"url\":\"https:\/\/coffeelounge.delonghi.com\/pt-pt\/produto\/peru\/\",\"name\":\"Peru | De&#039;Longhi\",\"isPartOf\":{\"@id\":\"https:\/\/coffeelounge.delonghi.com\/pt-pt\/#website\"},\"primaryImageOfPage\":{\"@id\":\"https:\/\/coffeelounge.delonghi.com\/pt-pt\/produto\/peru\/#primaryimage\"},\"image\":{\"@id\":\"https:\/\/coffeelounge.delonghi.com\/pt-pt\/produto\/peru\/#primaryimage\"},\"thumbnailUrl\":\"https:\/\/coffeelounge.delonghi.com\/wp-content\/uploads\/2022\/10\/Peru.png\",\"datePublished\":\"2022-10-10T09:15:33+00:00\",\"dateModified\":\"2024-03-04T07:22:46+00:00\",\"description\":\"O nosso caf\u00e9 Peru, representa a nossa oferta de caf\u00e9 org\u00e2nico. Se procura um caf\u00e9 cheio de sabor, este lote \u00e9 o ideal.\",\"breadcrumb\":{\"@id\":\"https:\/\/coffeelounge.delonghi.com\/pt-pt\/produto\/peru\/#breadcrumb\"},\"inLanguage\":\"pt-PT\",\"potentialAction\":[{\"@type\":\"ReadAction\",\"target\":[\"https:\/\/coffeelounge.delonghi.com\/pt-pt\/produto\/peru\/\"]}]},{\"@type\":\"ImageObject\",\"inLanguage\":\"pt-PT\",\"@id\":\"https:\/\/coffeelounge.delonghi.com\/pt-pt\/produto\/peru\/#primaryimage\",\"url\":\"https:\/\/coffeelounge.delonghi.com\/wp-content\/uploads\/2022\/10\/Peru.png\",\"contentUrl\":\"https:\/\/coffeelounge.delonghi.com\/wp-content\/uploads\/2022\/10\/Peru.png\",\"width\":547,\"height\":525},{\"@type\":\"BreadcrumbList\",\"@id\":\"https:\/\/coffeelounge.delonghi.com\/pt-pt\/produto\/peru\/#breadcrumb\",\"itemListElement\":[{\"@type\":\"ListItem\",\"position\":1,\"name\":\"Home\",\"item\":\"https:\/\/coffeelounge.delonghi.com\/pt-pt\/\"},{\"@type\":\"ListItem\",\"position\":2,\"name\":\"Boutique\",\"item\":\"https:\/\/coffeelounge.delonghi.com\/fr\/?page_id=36\"},{\"@type\":\"ListItem\",\"position\":3,\"name\":\"Peru\"}]},{\"@type\":\"WebSite\",\"@id\":\"https:\/\/coffeelounge.delonghi.com\/pt-pt\/#website\",\"url\":\"https:\/\/coffeelounge.delonghi.com\/pt-pt\/\",\"name\":\"De&#039;Longhi\",\"description\":\"Coffee Lounge\",\"publisher\":{\"@id\":\"https:\/\/coffeelounge.delonghi.com\/pt-pt\/#organization\"},\"potentialAction\":[{\"@type\":\"SearchAction\",\"target\":{\"@type\":\"EntryPoint\",\"urlTemplate\":\"https:\/\/coffeelounge.delonghi.com\/pt-pt\/?s={search_term_string}\"},\"query-input\":{\"@type\":\"PropertyValueSpecification\",\"valueRequired\":true,\"valueName\":\"search_term_string\"}}],\"inLanguage\":\"pt-PT\"},{\"@type\":\"Organization\",\"@id\":\"https:\/\/coffeelounge.delonghi.com\/pt-pt\/#organization\",\"name\":\"De'Longhi Coffee Lounge\",\"url\":\"https:\/\/coffeelounge.delonghi.com\/pt-pt\/\",\"logo\":{\"@type\":\"ImageObject\",\"inLanguage\":\"pt-PT\",\"@id\":\"https:\/\/coffeelounge.delonghi.com\/pt-pt\/#\/schema\/logo\/image\/\",\"url\":\"https:\/\/coffeelounge.delonghi.com\/wp-content\/uploads\/2020\/05\/delonghi-coffee-lounge-logo-nederland.png\",\"contentUrl\":\"https:\/\/coffeelounge.delonghi.com\/wp-content\/uploads\/2020\/05\/delonghi-coffee-lounge-logo-nederland.png\",\"width\":2337,\"height\":724,\"caption\":\"De'Longhi Coffee Lounge\"},\"image\":{\"@id\":\"https:\/\/coffeelounge.delonghi.com\/pt-pt\/#\/schema\/logo\/image\/\"}}]}<\/script>\n<!-- \/ Yoast SEO Premium plugin. -->","yoast_head_json":{"title":"Peru | De&#039;Longhi","description":"O nosso caf\u00e9 Peru, representa a nossa oferta de caf\u00e9 org\u00e2nico. Se procura um caf\u00e9 cheio de sabor, este lote \u00e9 o ideal.","robots":{"index":"index","follow":"follow","max-snippet":"max-snippet:-1","max-image-preview":"max-image-preview:large","max-video-preview":"max-video-preview:-1"},"twitter_card":"summary_large_image","twitter_title":"Peru | De&#039;Longhi","twitter_description":"O nosso caf\u00e9 Peru, representa a nossa oferta de caf\u00e9 org\u00e2nico. Se procura um caf\u00e9 cheio de sabor, este lote \u00e9 o ideal.","twitter_image":"https:\/\/coffeelounge.delonghi.com\/wp-content\/uploads\/2022\/10\/Peru.png","schema":{"@context":"https:\/\/schema.org","@graph":[{"@type":"WebPage","@id":"https:\/\/coffeelounge.delonghi.com\/pt-pt\/produto\/peru\/","url":"https:\/\/coffeelounge.delonghi.com\/pt-pt\/produto\/peru\/","name":"Peru | De&#039;Longhi","isPartOf":{"@id":"https:\/\/coffeelounge.delonghi.com\/pt-pt\/#website"},"primaryImageOfPage":{"@id":"https:\/\/coffeelounge.delonghi.com\/pt-pt\/produto\/peru\/#primaryimage"},"image":{"@id":"https:\/\/coffeelounge.delonghi.com\/pt-pt\/produto\/peru\/#primaryimage"},"thumbnailUrl":"https:\/\/coffeelounge.delonghi.com\/wp-content\/uploads\/2022\/10\/Peru.png","datePublished":"2022-10-10T09:15:33+00:00","dateModified":"2024-03-04T07:22:46+00:00","description":"O nosso caf\u00e9 Peru, representa a nossa oferta de caf\u00e9 org\u00e2nico. Se procura um caf\u00e9 cheio de sabor, este lote \u00e9 o ideal.","breadcrumb":{"@id":"https:\/\/coffeelounge.delonghi.com\/pt-pt\/produto\/peru\/#breadcrumb"},"inLanguage":"pt-PT","potentialAction":[{"@type":"ReadAction","target":["https:\/\/coffeelounge.delonghi.com\/pt-pt\/produto\/peru\/"]}]},{"@type":"ImageObject","inLanguage":"pt-PT","@id":"https:\/\/coffeelounge.delonghi.com\/pt-pt\/produto\/peru\/#primaryimage","url":"https:\/\/coffeelounge.delonghi.com\/wp-content\/uploads\/2022\/10\/Peru.png","contentUrl":"https:\/\/coffeelounge.delonghi.com\/wp-content\/uploads\/2022\/10\/Peru.png","width":547,"height":525},{"@type":"BreadcrumbList","@id":"https:\/\/coffeelounge.delonghi.com\/pt-pt\/produto\/peru\/#breadcrumb","itemListElement":[{"@type":"ListItem","position":1,"name":"Home","item":"https:\/\/coffeelounge.delonghi.com\/pt-pt\/"},{"@type":"ListItem","position":2,"name":"Boutique","item":"https:\/\/coffeelounge.delonghi.com\/fr\/?page_id=36"},{"@type":"ListItem","position":3,"name":"Peru"}]},{"@type":"WebSite","@id":"https:\/\/coffeelounge.delonghi.com\/pt-pt\/#website","url":"https:\/\/coffeelounge.delonghi.com\/pt-pt\/","name":"De&#039;Longhi","description":"Coffee Lounge","publisher":{"@id":"https:\/\/coffeelounge.delonghi.com\/pt-pt\/#organization"},"potentialAction":[{"@type":"SearchAction","target":{"@type":"EntryPoint","urlTemplate":"https:\/\/coffeelounge.delonghi.com\/pt-pt\/?s={search_term_string}"},"query-input":{"@type":"PropertyValueSpecification","valueRequired":true,"valueName":"search_term_string"}}],"inLanguage":"pt-PT"},{"@type":"Organization","@id":"https:\/\/coffeelounge.delonghi.com\/pt-pt\/#organization","name":"De'Longhi Coffee Lounge","url":"https:\/\/coffeelounge.delonghi.com\/pt-pt\/","logo":{"@type":"ImageObject","inLanguage":"pt-PT","@id":"https:\/\/coffeelounge.delonghi.com\/pt-pt\/#\/schema\/logo\/image\/","url":"https:\/\/coffeelounge.delonghi.com\/wp-content\/uploads\/2020\/05\/delonghi-coffee-lounge-logo-nederland.png","contentUrl":"https:\/\/coffeelounge.delonghi.com\/wp-content\/uploads\/2020\/05\/delonghi-coffee-lounge-logo-nederland.png","width":2337,"height":724,"caption":"De'Longhi Coffee Lounge"},"image":{"@id":"https:\/\/coffeelounge.delonghi.com\/pt-pt\/#\/schema\/logo\/image\/"}}]}},"_links":{"self":[{"href":"https:\/\/coffeelounge.delonghi.com\/pt-pt\/wp-json\/wp\/v2\/product\/279514","targetHints":{"allow":["GET"]}}],"collection":[{"href":"https:\/\/coffeelounge.delonghi.com\/pt-pt\/wp-json\/wp\/v2\/product"}],"about":[{"href":"https:\/\/coffeelounge.delonghi.com\/pt-pt\/wp-json\/wp\/v2\/types\/product"}],"replies":[{"embeddable":true,"href":"https:\/\/coffeelounge.delonghi.com\/pt-pt\/wp-json\/wp\/v2\/comments?post=279514"}],"version-history":[{"count":5,"href":"https:\/\/coffeelounge.delonghi.com\/pt-pt\/wp-json\/wp\/v2\/product\/279514\/revisions"}],"predecessor-version":[{"id":430538,"href":"https:\/\/coffeelounge.delonghi.com\/pt-pt\/wp-json\/wp\/v2\/product\/279514\/revisions\/430538"}],"wp:featuredmedia":[{"embeddable":true,"href":"https:\/\/coffeelounge.delonghi.com\/pt-pt\/wp-json\/wp\/v2\/media\/415065"}],"wp:attachment":[{"href":"https:\/\/coffeelounge.delonghi.com\/pt-pt\/wp-json\/wp\/v2\/media?parent=279514"}],"wp:term":[{"taxonomy":"product_cat","embeddable":true,"href":"https:\/\/coffeelounge.delonghi.com\/pt-pt\/wp-json\/wp\/v2\/product_cat?post=279514"},{"taxonomy":"product_tag","embeddable":true,"href":"https:\/\/coffeelounge.delonghi.com\/pt-pt\/wp-json\/wp\/v2\/product_tag?post=279514"}],"curies":[{"name":"wp","href":"https:\/\/api.w.org\/{rel}","templated":true}]}}