{"id":271612,"date":"2022-09-28T14:46:26","date_gmt":"2022-09-28T14:46:26","guid":{"rendered":"https:\/\/coffeelounge.delonghi.com\/?post_type=product&#038;p=271612"},"modified":"2024-03-04T07:21:54","modified_gmt":"2024-03-04T07:21:54","slug":"colombia","status":"publish","type":"product","link":"https:\/\/coffeelounge.delonghi.com\/pt-pt\/produto\/colombia\/","title":{"rendered":"Col\u00f4mbia"},"content":{"rendered":"<p>A nossa escolha mais intensa corresponde ao nosso lote Col\u00f4mbia. Cultivado a altitudes entre 1200 e 1800 m este lote apresenta-se como um caf\u00e9 com uma perfil de achocolatado, com notas fortes em chocolate e frutos c\u00edtricos. \u00c9 uma op\u00e7\u00e3o mais doce e ideal para quem procura caf\u00e9 com elevada intensidade e aspeto cremoso.<\/p>\n","protected":false},"excerpt":{"rendered":"<p>A nossa escolha mais intensa corresponde ao nosso lote Col\u00f4mbia. Cultivado a altitudes entre 1200 e 1800 m este lote apresenta-se como um caf\u00e9 com uma perfil de achocolatado, com notas fortes em chocolate e frutos c\u00edtricos. \u00c9 uma op\u00e7\u00e3o mais doce e ideal para quem procura caf\u00e9 com elevada intensidade e aspeto cremoso.<\/p>\n","protected":false},"featured_media":415078,"comment_status":"closed","ping_status":"closed","template":"","meta":{"_acf_changed":false},"product_cat":[834,833,831],"product_tag":[],"class_list":{"0":"post-271612","1":"product","2":"type-product","3":"status-publish","4":"has-post-thumbnail","6":"product_cat-especialidade","7":"product_cat-single-origin-pt-pt","8":"product_cat-todos-os-cafes","10":"first","11":"instock","12":"taxable","13":"shipping-taxable","14":"purchasable","15":"product-type-variable"},"acf":[],"yoast_head":"<!-- This site is optimized with the Yoast SEO Premium plugin v24.5 (Yoast SEO v24.5) - https:\/\/yoast.com\/wordpress\/plugins\/seo\/ -->\n<title>Col\u00f4mbia | De&#039;Longhi<\/title>\n<meta name=\"description\" content=\"A nossa escolha mais intensa corresponde ao lote Col\u00f4mbia. \u00c9 uma op\u00e7\u00e3o mais doce e ideal para quem procura caf\u00e9 com elevada intensidade e aspeto cremoso.\" \/>\n<meta name=\"robots\" content=\"index, follow, max-snippet:-1, max-image-preview:large, max-video-preview:-1\" \/>\n<meta name=\"twitter:card\" content=\"summary_large_image\" \/>\n<meta name=\"twitter:title\" content=\"Col\u00f4mbia | De&#039;Longhi\" \/>\n<meta name=\"twitter:description\" content=\"A nossa escolha mais intensa corresponde ao lote Col\u00f4mbia. \u00c9 uma op\u00e7\u00e3o mais doce e ideal para quem procura caf\u00e9 com elevada intensidade e aspeto cremoso.\" \/>\n<meta name=\"twitter:image\" content=\"https:\/\/coffeelounge.delonghi.com\/wp-content\/uploads\/2022\/09\/Colombia.png\" \/>\n<script type=\"application\/ld+json\" class=\"yoast-schema-graph\">{\"@context\":\"https:\/\/schema.org\",\"@graph\":[{\"@type\":\"WebPage\",\"@id\":\"https:\/\/coffeelounge.delonghi.com\/pt-pt\/produto\/colombia\/\",\"url\":\"https:\/\/coffeelounge.delonghi.com\/pt-pt\/produto\/colombia\/\",\"name\":\"Col\u00f4mbia | De&#039;Longhi\",\"isPartOf\":{\"@id\":\"https:\/\/coffeelounge.delonghi.com\/pt-pt\/#website\"},\"primaryImageOfPage\":{\"@id\":\"https:\/\/coffeelounge.delonghi.com\/pt-pt\/produto\/colombia\/#primaryimage\"},\"image\":{\"@id\":\"https:\/\/coffeelounge.delonghi.com\/pt-pt\/produto\/colombia\/#primaryimage\"},\"thumbnailUrl\":\"https:\/\/coffeelounge.delonghi.com\/wp-content\/uploads\/2022\/09\/Colombia.png\",\"datePublished\":\"2022-09-28T14:46:26+00:00\",\"dateModified\":\"2024-03-04T07:21:54+00:00\",\"description\":\"A nossa escolha mais intensa corresponde ao lote Col\u00f4mbia. \u00c9 uma op\u00e7\u00e3o mais doce e ideal para quem procura caf\u00e9 com elevada intensidade e aspeto cremoso.\",\"breadcrumb\":{\"@id\":\"https:\/\/coffeelounge.delonghi.com\/pt-pt\/produto\/colombia\/#breadcrumb\"},\"inLanguage\":\"pt-PT\",\"potentialAction\":[{\"@type\":\"ReadAction\",\"target\":[\"https:\/\/coffeelounge.delonghi.com\/pt-pt\/produto\/colombia\/\"]}]},{\"@type\":\"ImageObject\",\"inLanguage\":\"pt-PT\",\"@id\":\"https:\/\/coffeelounge.delonghi.com\/pt-pt\/produto\/colombia\/#primaryimage\",\"url\":\"https:\/\/coffeelounge.delonghi.com\/wp-content\/uploads\/2022\/09\/Colombia.png\",\"contentUrl\":\"https:\/\/coffeelounge.delonghi.com\/wp-content\/uploads\/2022\/09\/Colombia.png\",\"width\":700,\"height\":704},{\"@type\":\"BreadcrumbList\",\"@id\":\"https:\/\/coffeelounge.delonghi.com\/pt-pt\/produto\/colombia\/#breadcrumb\",\"itemListElement\":[{\"@type\":\"ListItem\",\"position\":1,\"name\":\"Home\",\"item\":\"https:\/\/coffeelounge.delonghi.com\/pt-pt\/\"},{\"@type\":\"ListItem\",\"position\":2,\"name\":\"Boutique\",\"item\":\"https:\/\/coffeelounge.delonghi.com\/fr\/?page_id=36\"},{\"@type\":\"ListItem\",\"position\":3,\"name\":\"Col\u00f4mbia\"}]},{\"@type\":\"WebSite\",\"@id\":\"https:\/\/coffeelounge.delonghi.com\/pt-pt\/#website\",\"url\":\"https:\/\/coffeelounge.delonghi.com\/pt-pt\/\",\"name\":\"De&#039;Longhi\",\"description\":\"Coffee Lounge\",\"publisher\":{\"@id\":\"https:\/\/coffeelounge.delonghi.com\/pt-pt\/#organization\"},\"potentialAction\":[{\"@type\":\"SearchAction\",\"target\":{\"@type\":\"EntryPoint\",\"urlTemplate\":\"https:\/\/coffeelounge.delonghi.com\/pt-pt\/?s={search_term_string}\"},\"query-input\":{\"@type\":\"PropertyValueSpecification\",\"valueRequired\":true,\"valueName\":\"search_term_string\"}}],\"inLanguage\":\"pt-PT\"},{\"@type\":\"Organization\",\"@id\":\"https:\/\/coffeelounge.delonghi.com\/pt-pt\/#organization\",\"name\":\"De'Longhi Coffee Lounge\",\"url\":\"https:\/\/coffeelounge.delonghi.com\/pt-pt\/\",\"logo\":{\"@type\":\"ImageObject\",\"inLanguage\":\"pt-PT\",\"@id\":\"https:\/\/coffeelounge.delonghi.com\/pt-pt\/#\/schema\/logo\/image\/\",\"url\":\"https:\/\/coffeelounge.delonghi.com\/wp-content\/uploads\/2020\/05\/delonghi-coffee-lounge-logo-nederland.png\",\"contentUrl\":\"https:\/\/coffeelounge.delonghi.com\/wp-content\/uploads\/2020\/05\/delonghi-coffee-lounge-logo-nederland.png\",\"width\":2337,\"height\":724,\"caption\":\"De'Longhi Coffee Lounge\"},\"image\":{\"@id\":\"https:\/\/coffeelounge.delonghi.com\/pt-pt\/#\/schema\/logo\/image\/\"}}]}<\/script>\n<!-- \/ Yoast SEO Premium plugin. -->","yoast_head_json":{"title":"Col\u00f4mbia | De&#039;Longhi","description":"A nossa escolha mais intensa corresponde ao lote Col\u00f4mbia. \u00c9 uma op\u00e7\u00e3o mais doce e ideal para quem procura caf\u00e9 com elevada intensidade e aspeto cremoso.","robots":{"index":"index","follow":"follow","max-snippet":"max-snippet:-1","max-image-preview":"max-image-preview:large","max-video-preview":"max-video-preview:-1"},"twitter_card":"summary_large_image","twitter_title":"Col\u00f4mbia | De&#039;Longhi","twitter_description":"A nossa escolha mais intensa corresponde ao lote Col\u00f4mbia. \u00c9 uma op\u00e7\u00e3o mais doce e ideal para quem procura caf\u00e9 com elevada intensidade e aspeto cremoso.","twitter_image":"https:\/\/coffeelounge.delonghi.com\/wp-content\/uploads\/2022\/09\/Colombia.png","schema":{"@context":"https:\/\/schema.org","@graph":[{"@type":"WebPage","@id":"https:\/\/coffeelounge.delonghi.com\/pt-pt\/produto\/colombia\/","url":"https:\/\/coffeelounge.delonghi.com\/pt-pt\/produto\/colombia\/","name":"Col\u00f4mbia | De&#039;Longhi","isPartOf":{"@id":"https:\/\/coffeelounge.delonghi.com\/pt-pt\/#website"},"primaryImageOfPage":{"@id":"https:\/\/coffeelounge.delonghi.com\/pt-pt\/produto\/colombia\/#primaryimage"},"image":{"@id":"https:\/\/coffeelounge.delonghi.com\/pt-pt\/produto\/colombia\/#primaryimage"},"thumbnailUrl":"https:\/\/coffeelounge.delonghi.com\/wp-content\/uploads\/2022\/09\/Colombia.png","datePublished":"2022-09-28T14:46:26+00:00","dateModified":"2024-03-04T07:21:54+00:00","description":"A nossa escolha mais intensa corresponde ao lote Col\u00f4mbia. \u00c9 uma op\u00e7\u00e3o mais doce e ideal para quem procura caf\u00e9 com elevada intensidade e aspeto cremoso.","breadcrumb":{"@id":"https:\/\/coffeelounge.delonghi.com\/pt-pt\/produto\/colombia\/#breadcrumb"},"inLanguage":"pt-PT","potentialAction":[{"@type":"ReadAction","target":["https:\/\/coffeelounge.delonghi.com\/pt-pt\/produto\/colombia\/"]}]},{"@type":"ImageObject","inLanguage":"pt-PT","@id":"https:\/\/coffeelounge.delonghi.com\/pt-pt\/produto\/colombia\/#primaryimage","url":"https:\/\/coffeelounge.delonghi.com\/wp-content\/uploads\/2022\/09\/Colombia.png","contentUrl":"https:\/\/coffeelounge.delonghi.com\/wp-content\/uploads\/2022\/09\/Colombia.png","width":700,"height":704},{"@type":"BreadcrumbList","@id":"https:\/\/coffeelounge.delonghi.com\/pt-pt\/produto\/colombia\/#breadcrumb","itemListElement":[{"@type":"ListItem","position":1,"name":"Home","item":"https:\/\/coffeelounge.delonghi.com\/pt-pt\/"},{"@type":"ListItem","position":2,"name":"Boutique","item":"https:\/\/coffeelounge.delonghi.com\/fr\/?page_id=36"},{"@type":"ListItem","position":3,"name":"Col\u00f4mbia"}]},{"@type":"WebSite","@id":"https:\/\/coffeelounge.delonghi.com\/pt-pt\/#website","url":"https:\/\/coffeelounge.delonghi.com\/pt-pt\/","name":"De&#039;Longhi","description":"Coffee Lounge","publisher":{"@id":"https:\/\/coffeelounge.delonghi.com\/pt-pt\/#organization"},"potentialAction":[{"@type":"SearchAction","target":{"@type":"EntryPoint","urlTemplate":"https:\/\/coffeelounge.delonghi.com\/pt-pt\/?s={search_term_string}"},"query-input":{"@type":"PropertyValueSpecification","valueRequired":true,"valueName":"search_term_string"}}],"inLanguage":"pt-PT"},{"@type":"Organization","@id":"https:\/\/coffeelounge.delonghi.com\/pt-pt\/#organization","name":"De'Longhi Coffee Lounge","url":"https:\/\/coffeelounge.delonghi.com\/pt-pt\/","logo":{"@type":"ImageObject","inLanguage":"pt-PT","@id":"https:\/\/coffeelounge.delonghi.com\/pt-pt\/#\/schema\/logo\/image\/","url":"https:\/\/coffeelounge.delonghi.com\/wp-content\/uploads\/2020\/05\/delonghi-coffee-lounge-logo-nederland.png","contentUrl":"https:\/\/coffeelounge.delonghi.com\/wp-content\/uploads\/2020\/05\/delonghi-coffee-lounge-logo-nederland.png","width":2337,"height":724,"caption":"De'Longhi Coffee Lounge"},"image":{"@id":"https:\/\/coffeelounge.delonghi.com\/pt-pt\/#\/schema\/logo\/image\/"}}]}},"_links":{"self":[{"href":"https:\/\/coffeelounge.delonghi.com\/pt-pt\/wp-json\/wp\/v2\/product\/271612","targetHints":{"allow":["GET"]}}],"collection":[{"href":"https:\/\/coffeelounge.delonghi.com\/pt-pt\/wp-json\/wp\/v2\/product"}],"about":[{"href":"https:\/\/coffeelounge.delonghi.com\/pt-pt\/wp-json\/wp\/v2\/types\/product"}],"replies":[{"embeddable":true,"href":"https:\/\/coffeelounge.delonghi.com\/pt-pt\/wp-json\/wp\/v2\/comments?post=271612"}],"version-history":[{"count":5,"href":"https:\/\/coffeelounge.delonghi.com\/pt-pt\/wp-json\/wp\/v2\/product\/271612\/revisions"}],"predecessor-version":[{"id":430539,"href":"https:\/\/coffeelounge.delonghi.com\/pt-pt\/wp-json\/wp\/v2\/product\/271612\/revisions\/430539"}],"wp:featuredmedia":[{"embeddable":true,"href":"https:\/\/coffeelounge.delonghi.com\/pt-pt\/wp-json\/wp\/v2\/media\/415078"}],"wp:attachment":[{"href":"https:\/\/coffeelounge.delonghi.com\/pt-pt\/wp-json\/wp\/v2\/media?parent=271612"}],"wp:term":[{"taxonomy":"product_cat","embeddable":true,"href":"https:\/\/coffeelounge.delonghi.com\/pt-pt\/wp-json\/wp\/v2\/product_cat?post=271612"},{"taxonomy":"product_tag","embeddable":true,"href":"https:\/\/coffeelounge.delonghi.com\/pt-pt\/wp-json\/wp\/v2\/product_tag?post=271612"}],"curies":[{"name":"wp","href":"https:\/\/api.w.org\/{rel}","templated":true}]}}