{"id":231253,"date":"2020-07-23T15:49:03","date_gmt":"2020-07-23T15:49:03","guid":{"rendered":"https:\/\/coffeelounge.delonghi.com\/quiz\/"},"modified":"2024-02-07T16:00:06","modified_gmt":"2024-02-07T16:00:06","slug":"quiz","status":"publish","type":"page","link":"https:\/\/coffeelounge.delonghi.com\/pt-pt\/quiz\/","title":{"rendered":"Quiz"},"content":{"rendered":"\t\t<div data-elementor-type=\"wp-page\" data-elementor-id=\"231253\" class=\"elementor elementor-231253 elementor-1726\" data-elementor-post-type=\"page\">\n\t\t\t\t\t\t<section data-dce-background-color=\"#C37455\" data-dce-background-overlay-color=\"rgba(19, 21, 24, 0.16)\" data-dce-background-image-url=\"https:\/\/coffeelounge.delonghi.com\/wp-content\/uploads\/2020\/10\/INTRO-1.1-velina.jpg\" class=\"elementor-section elementor-top-section elementor-element elementor-element-d6b0494 elementor-section-full_width elementor-section-height-min-height elementor-section-items-stretch elementor-section-content-top static_header_container elementor-section-height-default\" data-id=\"d6b0494\" data-element_type=\"section\" data-settings=\"{&quot;background_background&quot;:&quot;classic&quot;}\">\n\t\t\t\t\t\t\t<div class=\"elementor-background-overlay\"><\/div>\n\t\t\t\t\t\t\t<div class=\"elementor-container elementor-column-gap-no\">\n\t\t\t\t\t<div class=\"elementor-column elementor-col-100 elementor-top-column elementor-element elementor-element-1259f72\" data-id=\"1259f72\" data-element_type=\"column\" data-settings=\"{&quot;background_background&quot;:&quot;classic&quot;}\">\n\t\t\t<div class=\"elementor-widget-wrap elementor-element-populated\">\n\t\t\t\t\t\t<section class=\"elementor-section elementor-inner-section elementor-element elementor-element-9f47780 elementor-section-boxed elementor-section-height-default elementor-section-height-default\" data-id=\"9f47780\" data-element_type=\"section\" data-settings=\"{&quot;background_background&quot;:&quot;classic&quot;}\">\n\t\t\t\t\t\t<div class=\"elementor-container elementor-column-gap-default\">\n\t\t\t\t\t<div class=\"elementor-column elementor-col-100 elementor-inner-column elementor-element elementor-element-65ffe97\" data-id=\"65ffe97\" data-element_type=\"column\" data-settings=\"{&quot;background_background&quot;:&quot;classic&quot;}\">\n\t\t\t<div class=\"elementor-widget-wrap elementor-element-populated\">\n\t\t\t\t\t\t<div class=\"elementor-element elementor-element-1114eb9 static_header_title elementor-widget elementor-widget-heading\" data-id=\"1114eb9\" data-element_type=\"widget\" data-widget_type=\"heading.default\">\n\t\t\t\t<div class=\"elementor-widget-container\">\n\t\t\t\t\t<h1 class=\"elementor-heading-title elementor-size-default\">Descubra o caf\u00e9 para si<\/h1>\t\t\t\t<\/div>\n\t\t\t\t<\/div>\n\t\t\t\t<div class=\"elementor-element elementor-element-d61771b static_header_text elementor-widget elementor-widget-text-editor\" data-id=\"d61771b\" data-element_type=\"widget\" data-widget_type=\"text-editor.default\">\n\t\t\t\t<div class=\"elementor-widget-container\">\n\t\t\t\t\t\t\t\t\t<p><span data-sheets-value=\"{&quot;1&quot;:2,&quot;2&quot;:&quot;Com tantas op\u00e7\u00f5es torna-se dif\u00edcil encontrar a ch\u00e1vena de caf\u00e9 perfeita. Deixe-nos, ent\u00e3o, ajud\u00e1-lo a encontrar o melhor caf\u00e9 para si.&quot;}\" data-sheets-userformat=\"{&quot;2&quot;:14593,&quot;3&quot;:{&quot;1&quot;:0,&quot;3&quot;:1},&quot;11&quot;:4,&quot;14&quot;:{&quot;1&quot;:2,&quot;2&quot;:0},&quot;15&quot;:&quot;Calibri&quot;,&quot;16&quot;:12}\">Com tantas op\u00e7\u00f5es torna-se dif\u00edcil encontrar a ch\u00e1vena de caf\u00e9 perfeita. Deixe-nos, ent\u00e3o, ajud\u00e1-lo a encontrar o melhor caf\u00e9 para si.<\/span><\/p>\t\t\t\t\t\t\t\t<\/div>\n\t\t\t\t<\/div>\n\t\t\t\t\t<\/div>\n\t\t<\/div>\n\t\t\t\t\t<\/div>\n\t\t<\/section>\n\t\t\t\t<section class=\"elementor-section elementor-inner-section elementor-element elementor-element-f5762b6 elementor-section-content-bottom cta_scrolldown_container elementor-section-boxed elementor-section-height-default elementor-section-height-default\" data-id=\"f5762b6\" data-element_type=\"section\">\n\t\t\t\t\t\t<div class=\"elementor-container elementor-column-gap-no\">\n\t\t\t\t\t<div class=\"elementor-column elementor-col-100 elementor-inner-column elementor-element elementor-element-015c084\" data-id=\"015c084\" data-element_type=\"column\">\n\t\t\t<div class=\"elementor-widget-wrap elementor-element-populated\">\n\t\t\t\t\t\t<div class=\"elementor-element elementor-element-5577f34 elementor-align-center btn_scrolldown elementor-widget__width-auto elementor-widget elementor-widget-button\" data-id=\"5577f34\" data-element_type=\"widget\" data-widget_type=\"button.default\">\n\t\t\t\t<div class=\"elementor-widget-container\">\n\t\t\t\t\t\t\t\t\t<div class=\"elementor-button-wrapper\">\n\t\t\t\t\t<a class=\"elementor-button elementor-button-link elementor-size-sm\" href=\"#\">\n\t\t\t\t\t\t<span class=\"elementor-button-content-wrapper\">\n\t\t\t\t\t\t<span class=\"elementor-button-icon\">\n\t\t\t\t<svg xmlns=\"http:\/\/www.w3.org\/2000\/svg\" xmlns:xlink=\"http:\/\/www.w3.org\/1999\/xlink\" id=\"Layer_1\" x=\"0px\" y=\"0px\" width=\"32px\" height=\"96px\" viewBox=\"0 0 32 96\" xml:space=\"preserve\">  <image id=\"image0\" width=\"32\" height=\"96\" x=\"0\" y=\"0\" xlink:href=\"data:image\/png;base64,iVBORw0KGgoAAAANSUhEUgAAACAAAABgCAQAAADWK7gTAAAABGdBTUEAALGPC\/xhBQAAACBjSFJNAAB6JgAAgIQAAPoAAACA6AAAdTAAAOpgAAA6mAAAF3CculE8AAAAAmJLR0QA\/4ePzL8AAAAHdElNRQfkBwYRFwNXJGyTAAAAfklEQVRYw+2WsQ3AIBDEMgL7LwMbwEaXhiIIwj9IkRLFLuHt+o4D4FWoKCq4LoOiYv+cJGU7oaAsKY0+ip2oehle2YmpbidMfZ5w6fcJtz5OLOl9YllvE1t6k9jTL4ldvSaS0rYOAPBZ2AeeBPuAfQAA8C\/YB54E+4B9APAwJyW8C9i0u7MIAAAAJXRFWHRkYXRlOmNyZWF0ZQAyMDIwLTA3LTA2VDE3OjIzOjAzKzAzOjAwZUnUwgAAACV0RVh0ZGF0ZTptb2RpZnkAMjAyMC0wNy0wNlQxNzoyMzowMyswMzowMBQUbH4AAAAASUVORK5CYII=\"><\/image><\/svg>\t\t\t<\/span>\n\t\t\t\t\t\t\t\t<\/span>\n\t\t\t\t\t<\/a>\n\t\t\t\t<\/div>\n\t\t\t\t\t\t\t\t<\/div>\n\t\t\t\t<\/div>\n\t\t\t\t\t<\/div>\n\t\t<\/div>\n\t\t\t\t\t<\/div>\n\t\t<\/section>\n\t\t\t\t\t<\/div>\n\t\t<\/div>\n\t\t\t\t\t<\/div>\n\t\t<\/section>\n\t\t<!-- dce invisible element 55aecb4 -->\t\t<section class=\"elementor-section elementor-top-section elementor-element elementor-element-625b276 elementor-section-full_width text_wysiwyg_container elementor-section-height-default elementor-section-height-default\" data-id=\"625b276\" data-element_type=\"section\">\n\t\t\t\t\t\t<div class=\"elementor-container elementor-column-gap-no\">\n\t\t\t\t\t<div class=\"elementor-column elementor-col-100 elementor-top-column elementor-element elementor-element-0aca761\" data-id=\"0aca761\" data-element_type=\"column\">\n\t\t\t<div class=\"elementor-widget-wrap\">\n\t\t\t\t\t\t\t<\/div>\n\t\t<\/div>\n\t\t\t\t\t<\/div>\n\t\t<\/section>\n\t\t\t\t<section class=\"elementor-section elementor-top-section elementor-element elementor-element-7e036b9d elementor-section-full_width text_wysiwyg_container elementor-section-height-default elementor-section-height-default\" data-id=\"7e036b9d\" data-element_type=\"section\">\n\t\t\t\t\t\t<div class=\"elementor-container elementor-column-gap-no\">\n\t\t\t\t\t<div class=\"elementor-column elementor-col-100 elementor-top-column elementor-element elementor-element-1fc513f2\" data-id=\"1fc513f2\" data-element_type=\"column\">\n\t\t\t<div class=\"elementor-widget-wrap elementor-element-populated\">\n\t\t\t\t\t\t<div class=\"elementor-element elementor-element-133ad790 text_wysiwyg_intro elementor-widget elementor-widget-heading\" data-id=\"133ad790\" data-element_type=\"widget\" data-widget_type=\"heading.default\">\n\t\t\t\t<div class=\"elementor-widget-container\">\n\t\t\t\t\t<h2 class=\"elementor-heading-title elementor-size-default\">Considera-se um consumidor de caf\u00e9 ou um especialista em caf\u00e9?<\/h2>\t\t\t\t<\/div>\n\t\t\t\t<\/div>\n\t\t\t\t\t<\/div>\n\t\t<\/div>\n\t\t\t\t\t<\/div>\n\t\t<\/section>\n\t\t\t\t<section class=\"elementor-section elementor-top-section elementor-element elementor-element-f05cf10 elementor-section-full_width quiz_intro_image_cards elementor-section-height-default elementor-section-height-default\" data-id=\"f05cf10\" data-element_type=\"section\">\n\t\t\t\t\t\t<div class=\"elementor-container elementor-column-gap-no\">\n\t\t\t\t\t<div class=\"elementor-column elementor-col-50 elementor-top-column elementor-element elementor-element-8a076ad\" data-id=\"8a076ad\" data-element_type=\"column\">\n\t\t\t<div class=\"elementor-widget-wrap elementor-element-populated\">\n\t\t\t\t\t\t<div class=\"elementor-element elementor-element-d76b2b5 eael-flipbox-content-align-center elementor-widget elementor-widget-eael-flip-box\" data-id=\"d76b2b5\" data-element_type=\"widget\" data-widget_type=\"eael-flip-box.default\">\n\t\t\t\t<div class=\"elementor-widget-container\">\n\t\t\t\t\t\n        <div class=\"eael-elements-flip-box-container eael-animate-flip eael-animate-left eael-content eael-flip-box-hover\">\n\n            <a class=\"eael-elements-flip-box-flip-card\" href=\"https:\/\/coffeelounge.delonghi.com\/fr\/quiz\/quiz-1\/\">\n                <div class=\"eael-elements-flip-box-front-container\">\n\n                    \n                        <div class=\"eael-elements-slider-display-table\">\n                            <div class=\"eael-elements-flip-box-vertical-align\">\n                                <div class=\"eael-elements-flip-box-padding\">\n                                    <div class=\"eael-elements-flip-box-icon-image\">\n                                                                            <\/div>\n                                    <h2 class=\"eael-elements-flip-box-heading\">Consumidor de caf\u00e9<\/h2>                                    <div class=\"eael-elements-flip-box-content\">\n\t                                    <p><span data-sheets-value=\"{&quot;1&quot;:2,&quot;2&quot;:&quot;Eu tenho um conhecimento b\u00e1sico sobre caf\u00e9 ou mesmo nenhum.&quot;}\" data-sheets-userformat=\"{&quot;2&quot;:14593,&quot;3&quot;:{&quot;1&quot;:0,&quot;3&quot;:1},&quot;11&quot;:4,&quot;14&quot;:{&quot;1&quot;:2,&quot;2&quot;:0},&quot;15&quot;:&quot;Calibri&quot;,&quot;16&quot;:12}\">Eu tenho um conhecimento b\u00e1sico sobre caf\u00e9 ou mesmo nenhum.<\/span><\/p>                                    <\/div>\n                                <\/div>\n                            <\/div>\n                        <\/div>\n                                    <\/div>\n\n                <div class=\"eael-elements-flip-box-rear-container\">\n\n                                            <div class=\"eael-elements-slider-display-table\">\n                            <div class=\"eael-elements-flip-box-vertical-align\">\n                                <div class=\"eael-elements-flip-box-padding\">\n                                                                            <div class=\"eael-elements-flip-box-icon-image\">\n                                                                                            <\/div>\n                                                                                                            <h2 class=\"eael-elements-flip-box-heading\">Consumidor de caf\u00e9<\/h2>\n                                                                        <div class=\"eael-elements-flip-box-content\">\n                                        <p><span data-sheets-value=\"{&quot;1&quot;:2,&quot;2&quot;:&quot;Eu n\u00e3o tenho prefer\u00eancia nas variedades e no n\u00edvel de torra dos meus gr\u00e3os de caf\u00e9, costumo disfrutar das marcas de caf\u00e9 normais. Enquanto tomo o meu caf\u00e9 aproveito o momento. &quot;}\" data-sheets-userformat=\"{&quot;2&quot;:14593,&quot;3&quot;:{&quot;1&quot;:0,&quot;3&quot;:1},&quot;11&quot;:4,&quot;14&quot;:{&quot;1&quot;:2,&quot;2&quot;:0},&quot;15&quot;:&quot;Calibri&quot;,&quot;16&quot;:12}\">Eu n\u00e3o tenho prefer\u00eancia nas variedades e no n\u00edvel de torra dos meus gr\u00e3os de caf\u00e9, costumo disfrutar das marcas de caf\u00e9 normais. Enquanto tomo o meu caf\u00e9 aproveito o momento. <\/span><\/p>                                    <\/div>\n\n                                                                    <\/div>\n                            <\/div>\n                        <\/div>\n                                    <\/div>\n            <\/a>\n        <\/div>\n\n        <script>\n            jQuery(document).ready(function( $ ) {\n                $(\".eael-flip-box-click\").off('click').on( 'click', function( event ) {\n                    $(this).toggleClass( '--active' );\n                });\n            });\n        <\/script>\n\n\t\t\t\t<\/div>\n\t\t\t\t<\/div>\n\t\t\t\t\t<\/div>\n\t\t<\/div>\n\t\t\t\t<div class=\"elementor-column elementor-col-50 elementor-top-column elementor-element elementor-element-cd0e617\" data-id=\"cd0e617\" data-element_type=\"column\">\n\t\t\t<div class=\"elementor-widget-wrap elementor-element-populated\">\n\t\t\t\t\t\t<div class=\"elementor-element elementor-element-7d11a38 eael-flipbox-content-align-center elementor-widget elementor-widget-eael-flip-box\" data-id=\"7d11a38\" data-element_type=\"widget\" data-widget_type=\"eael-flip-box.default\">\n\t\t\t\t<div class=\"elementor-widget-container\">\n\t\t\t\t\t\n        <div class=\"eael-elements-flip-box-container eael-animate-flip eael-animate-left eael-content eael-flip-box-hover\">\n\n            <a class=\"eael-elements-flip-box-flip-card\" href=\"https:\/\/coffeelounge.delonghi.com\/fr\/quiz\/quiz-2\/\">\n                <div class=\"eael-elements-flip-box-front-container\">\n\n                    \n                        <div class=\"eael-elements-slider-display-table\">\n                            <div class=\"eael-elements-flip-box-vertical-align\">\n                                <div class=\"eael-elements-flip-box-padding\">\n                                    <div class=\"eael-elements-flip-box-icon-image\">\n                                                                            <\/div>\n                                    <h2 class=\"eael-elements-flip-box-heading\">Especialista em caf\u00e9<\/h2>                                    <div class=\"eael-elements-flip-box-content\">\n\t                                    <p><span style=\"font-weight: 400;\">Eu tenho um bom conhecimento sobre caf\u00e9.<\/span><\/p>                                    <\/div>\n                                <\/div>\n                            <\/div>\n                        <\/div>\n                                    <\/div>\n\n                <div class=\"eael-elements-flip-box-rear-container\">\n\n                                            <div class=\"eael-elements-slider-display-table\">\n                            <div class=\"eael-elements-flip-box-vertical-align\">\n                                <div class=\"eael-elements-flip-box-padding\">\n                                                                                                            <h2 class=\"eael-elements-flip-box-heading\">Especialista em caf\u00e9<\/h2>\n                                                                        <div class=\"eael-elements-flip-box-content\">\n                                        <p><span data-sheets-value=\"{&quot;1&quot;:2,&quot;2&quot;:&quot;Eu gosto de escolher a variedade e o n\u00edvel de torra dos meus gr\u00e3os uma vez que gosto de explorar novos caf\u00e9s. Costumo tomar o meu caf\u00e9 disfrutando dos seus distintos sabores e aspetos sensoriais. &quot;}\" data-sheets-userformat=\"{&quot;2&quot;:14593,&quot;3&quot;:{&quot;1&quot;:0,&quot;3&quot;:1},&quot;11&quot;:4,&quot;14&quot;:{&quot;1&quot;:2,&quot;2&quot;:0},&quot;15&quot;:&quot;Calibri&quot;,&quot;16&quot;:12}\">Eu gosto de escolher a variedade e o n\u00edvel de torra dos meus gr\u00e3os uma vez que gosto de explorar novos caf\u00e9s. Costumo tomar o meu caf\u00e9 disfrutando dos seus distintos sabores e aspetos sensoriais. <\/span><\/p>                                    <\/div>\n\n                                                                    <\/div>\n                            <\/div>\n                        <\/div>\n                                    <\/div>\n            <\/a>\n        <\/div>\n\n        <script>\n            jQuery(document).ready(function( $ ) {\n                $(\".eael-flip-box-click\").off('click').on( 'click', function( event ) {\n                    $(this).toggleClass( '--active' );\n                });\n            });\n        <\/script>\n\n\t\t\t\t<\/div>\n\t\t\t\t<\/div>\n\t\t\t\t\t<\/div>\n\t\t<\/div>\n\t\t\t\t\t<\/div>\n\t\t<\/section>\n\t\t\t\t<\/div>\n\t\t","protected":false},"excerpt":{"rendered":"<p>Descubra o caf\u00e9 para si Com tantas op\u00e7\u00f5es torna-se dif\u00edcil encontrar a ch\u00e1vena de caf\u00e9 perfeita. Deixe-nos, ent\u00e3o, ajud\u00e1-lo a encontrar o melhor caf\u00e9 para si. Antes de come\u00e7ar, adira ao Coffee Lounge para guardar o seu perfil de sabor de caf\u00e9 e receber sugest\u00f5es de caf\u00e9 personalizadas. Adira ao Coffee Lounge Considera-se um consumidor [&hellip;]<\/p>\n","protected":false},"author":1,"featured_media":234086,"parent":0,"menu_order":0,"comment_status":"closed","ping_status":"closed","template":"elementor_header_footer","meta":{"_acf_changed":false,"footnotes":""},"class_list":["post-231253","page","type-page","status-publish","has-post-thumbnail","hentry"],"acf":[],"yoast_head":"<!-- This site is optimized with the Yoast SEO Premium plugin v24.5 (Yoast SEO v24.5) - https:\/\/yoast.com\/wordpress\/plugins\/seo\/ -->\n<title>Quiz | De&#039;Longhi<\/title>\n<meta name=\"description\" content=\"om tantas op\u00e7\u00f5es torna-se dif\u00edcil encontrar a ch\u00e1vena de caf\u00e9 perfeita. Deixe-nos, ent\u00e3o, ajud\u00e1-lo a encontrar o melhor caf\u00e9 para si.\" \/>\n<meta name=\"robots\" content=\"index, follow, max-snippet:-1, max-image-preview:large, max-video-preview:-1\" \/>\n<meta name=\"twitter:card\" content=\"summary_large_image\" \/>\n<meta name=\"twitter:title\" content=\"Quiz | De&#039;Longhi\" \/>\n<meta name=\"twitter:description\" content=\"om tantas op\u00e7\u00f5es torna-se dif\u00edcil encontrar a ch\u00e1vena de caf\u00e9 perfeita. Deixe-nos, ent\u00e3o, ajud\u00e1-lo a encontrar o melhor caf\u00e9 para si.\" \/>\n<meta name=\"twitter:image\" content=\"https:\/\/coffeelounge.delonghi.com\/wp-content\/uploads\/2020\/10\/INTRO-1.1-velina.jpg\" \/>\n<script type=\"application\/ld+json\" class=\"yoast-schema-graph\">{\"@context\":\"https:\/\/schema.org\",\"@graph\":[{\"@type\":\"WebPage\",\"@id\":\"https:\/\/coffeelounge.delonghi.com\/pt-pt\/quiz\/\",\"url\":\"https:\/\/coffeelounge.delonghi.com\/pt-pt\/quiz\/\",\"name\":\"Quiz | De&#039;Longhi\",\"isPartOf\":{\"@id\":\"https:\/\/coffeelounge.delonghi.com\/pt-pt\/#website\"},\"primaryImageOfPage\":{\"@id\":\"https:\/\/coffeelounge.delonghi.com\/pt-pt\/quiz\/#primaryimage\"},\"image\":{\"@id\":\"https:\/\/coffeelounge.delonghi.com\/pt-pt\/quiz\/#primaryimage\"},\"thumbnailUrl\":\"https:\/\/coffeelounge.delonghi.com\/wp-content\/uploads\/2020\/10\/INTRO-1.1-velina.jpg\",\"datePublished\":\"2020-07-23T15:49:03+00:00\",\"dateModified\":\"2024-02-07T16:00:06+00:00\",\"description\":\"om tantas op\u00e7\u00f5es torna-se dif\u00edcil encontrar a ch\u00e1vena de caf\u00e9 perfeita. Deixe-nos, ent\u00e3o, ajud\u00e1-lo a encontrar o melhor caf\u00e9 para si.\",\"breadcrumb\":{\"@id\":\"https:\/\/coffeelounge.delonghi.com\/pt-pt\/quiz\/#breadcrumb\"},\"inLanguage\":\"pt-PT\",\"potentialAction\":[{\"@type\":\"ReadAction\",\"target\":[\"https:\/\/coffeelounge.delonghi.com\/pt-pt\/quiz\/\"]}]},{\"@type\":\"ImageObject\",\"inLanguage\":\"pt-PT\",\"@id\":\"https:\/\/coffeelounge.delonghi.com\/pt-pt\/quiz\/#primaryimage\",\"url\":\"https:\/\/coffeelounge.delonghi.com\/wp-content\/uploads\/2020\/10\/INTRO-1.1-velina.jpg\",\"contentUrl\":\"https:\/\/coffeelounge.delonghi.com\/wp-content\/uploads\/2020\/10\/INTRO-1.1-velina.jpg\",\"width\":1440,\"height\":900},{\"@type\":\"BreadcrumbList\",\"@id\":\"https:\/\/coffeelounge.delonghi.com\/pt-pt\/quiz\/#breadcrumb\",\"itemListElement\":[{\"@type\":\"ListItem\",\"position\":1,\"name\":\"Home\",\"item\":\"https:\/\/coffeelounge.delonghi.com\/pt-pt\/\"},{\"@type\":\"ListItem\",\"position\":2,\"name\":\"Quiz\"}]},{\"@type\":\"WebSite\",\"@id\":\"https:\/\/coffeelounge.delonghi.com\/pt-pt\/#website\",\"url\":\"https:\/\/coffeelounge.delonghi.com\/pt-pt\/\",\"name\":\"De&#039;Longhi\",\"description\":\"Coffee Lounge\",\"publisher\":{\"@id\":\"https:\/\/coffeelounge.delonghi.com\/pt-pt\/#organization\"},\"potentialAction\":[{\"@type\":\"SearchAction\",\"target\":{\"@type\":\"EntryPoint\",\"urlTemplate\":\"https:\/\/coffeelounge.delonghi.com\/pt-pt\/?s={search_term_string}\"},\"query-input\":{\"@type\":\"PropertyValueSpecification\",\"valueRequired\":true,\"valueName\":\"search_term_string\"}}],\"inLanguage\":\"pt-PT\"},{\"@type\":\"Organization\",\"@id\":\"https:\/\/coffeelounge.delonghi.com\/pt-pt\/#organization\",\"name\":\"De'Longhi Coffee Lounge\",\"url\":\"https:\/\/coffeelounge.delonghi.com\/pt-pt\/\",\"logo\":{\"@type\":\"ImageObject\",\"inLanguage\":\"pt-PT\",\"@id\":\"https:\/\/coffeelounge.delonghi.com\/pt-pt\/#\/schema\/logo\/image\/\",\"url\":\"https:\/\/coffeelounge.delonghi.com\/wp-content\/uploads\/2020\/05\/delonghi-coffee-lounge-logo-nederland.png\",\"contentUrl\":\"https:\/\/coffeelounge.delonghi.com\/wp-content\/uploads\/2020\/05\/delonghi-coffee-lounge-logo-nederland.png\",\"width\":2337,\"height\":724,\"caption\":\"De'Longhi Coffee Lounge\"},\"image\":{\"@id\":\"https:\/\/coffeelounge.delonghi.com\/pt-pt\/#\/schema\/logo\/image\/\"}}]}<\/script>\n<!-- \/ Yoast SEO Premium plugin. -->","yoast_head_json":{"title":"Quiz | De&#039;Longhi","description":"om tantas op\u00e7\u00f5es torna-se dif\u00edcil encontrar a ch\u00e1vena de caf\u00e9 perfeita. Deixe-nos, ent\u00e3o, ajud\u00e1-lo a encontrar o melhor caf\u00e9 para si.","robots":{"index":"index","follow":"follow","max-snippet":"max-snippet:-1","max-image-preview":"max-image-preview:large","max-video-preview":"max-video-preview:-1"},"twitter_card":"summary_large_image","twitter_title":"Quiz | De&#039;Longhi","twitter_description":"om tantas op\u00e7\u00f5es torna-se dif\u00edcil encontrar a ch\u00e1vena de caf\u00e9 perfeita. Deixe-nos, ent\u00e3o, ajud\u00e1-lo a encontrar o melhor caf\u00e9 para si.","twitter_image":"https:\/\/coffeelounge.delonghi.com\/wp-content\/uploads\/2020\/10\/INTRO-1.1-velina.jpg","schema":{"@context":"https:\/\/schema.org","@graph":[{"@type":"WebPage","@id":"https:\/\/coffeelounge.delonghi.com\/pt-pt\/quiz\/","url":"https:\/\/coffeelounge.delonghi.com\/pt-pt\/quiz\/","name":"Quiz | De&#039;Longhi","isPartOf":{"@id":"https:\/\/coffeelounge.delonghi.com\/pt-pt\/#website"},"primaryImageOfPage":{"@id":"https:\/\/coffeelounge.delonghi.com\/pt-pt\/quiz\/#primaryimage"},"image":{"@id":"https:\/\/coffeelounge.delonghi.com\/pt-pt\/quiz\/#primaryimage"},"thumbnailUrl":"https:\/\/coffeelounge.delonghi.com\/wp-content\/uploads\/2020\/10\/INTRO-1.1-velina.jpg","datePublished":"2020-07-23T15:49:03+00:00","dateModified":"2024-02-07T16:00:06+00:00","description":"om tantas op\u00e7\u00f5es torna-se dif\u00edcil encontrar a ch\u00e1vena de caf\u00e9 perfeita. Deixe-nos, ent\u00e3o, ajud\u00e1-lo a encontrar o melhor caf\u00e9 para si.","breadcrumb":{"@id":"https:\/\/coffeelounge.delonghi.com\/pt-pt\/quiz\/#breadcrumb"},"inLanguage":"pt-PT","potentialAction":[{"@type":"ReadAction","target":["https:\/\/coffeelounge.delonghi.com\/pt-pt\/quiz\/"]}]},{"@type":"ImageObject","inLanguage":"pt-PT","@id":"https:\/\/coffeelounge.delonghi.com\/pt-pt\/quiz\/#primaryimage","url":"https:\/\/coffeelounge.delonghi.com\/wp-content\/uploads\/2020\/10\/INTRO-1.1-velina.jpg","contentUrl":"https:\/\/coffeelounge.delonghi.com\/wp-content\/uploads\/2020\/10\/INTRO-1.1-velina.jpg","width":1440,"height":900},{"@type":"BreadcrumbList","@id":"https:\/\/coffeelounge.delonghi.com\/pt-pt\/quiz\/#breadcrumb","itemListElement":[{"@type":"ListItem","position":1,"name":"Home","item":"https:\/\/coffeelounge.delonghi.com\/pt-pt\/"},{"@type":"ListItem","position":2,"name":"Quiz"}]},{"@type":"WebSite","@id":"https:\/\/coffeelounge.delonghi.com\/pt-pt\/#website","url":"https:\/\/coffeelounge.delonghi.com\/pt-pt\/","name":"De&#039;Longhi","description":"Coffee Lounge","publisher":{"@id":"https:\/\/coffeelounge.delonghi.com\/pt-pt\/#organization"},"potentialAction":[{"@type":"SearchAction","target":{"@type":"EntryPoint","urlTemplate":"https:\/\/coffeelounge.delonghi.com\/pt-pt\/?s={search_term_string}"},"query-input":{"@type":"PropertyValueSpecification","valueRequired":true,"valueName":"search_term_string"}}],"inLanguage":"pt-PT"},{"@type":"Organization","@id":"https:\/\/coffeelounge.delonghi.com\/pt-pt\/#organization","name":"De'Longhi Coffee Lounge","url":"https:\/\/coffeelounge.delonghi.com\/pt-pt\/","logo":{"@type":"ImageObject","inLanguage":"pt-PT","@id":"https:\/\/coffeelounge.delonghi.com\/pt-pt\/#\/schema\/logo\/image\/","url":"https:\/\/coffeelounge.delonghi.com\/wp-content\/uploads\/2020\/05\/delonghi-coffee-lounge-logo-nederland.png","contentUrl":"https:\/\/coffeelounge.delonghi.com\/wp-content\/uploads\/2020\/05\/delonghi-coffee-lounge-logo-nederland.png","width":2337,"height":724,"caption":"De'Longhi Coffee Lounge"},"image":{"@id":"https:\/\/coffeelounge.delonghi.com\/pt-pt\/#\/schema\/logo\/image\/"}}]}},"_links":{"self":[{"href":"https:\/\/coffeelounge.delonghi.com\/pt-pt\/wp-json\/wp\/v2\/pages\/231253","targetHints":{"allow":["GET"]}}],"collection":[{"href":"https:\/\/coffeelounge.delonghi.com\/pt-pt\/wp-json\/wp\/v2\/pages"}],"about":[{"href":"https:\/\/coffeelounge.delonghi.com\/pt-pt\/wp-json\/wp\/v2\/types\/page"}],"author":[{"embeddable":true,"href":"https:\/\/coffeelounge.delonghi.com\/pt-pt\/wp-json\/wp\/v2\/users\/1"}],"replies":[{"embeddable":true,"href":"https:\/\/coffeelounge.delonghi.com\/pt-pt\/wp-json\/wp\/v2\/comments?post=231253"}],"version-history":[{"count":3,"href":"https:\/\/coffeelounge.delonghi.com\/pt-pt\/wp-json\/wp\/v2\/pages\/231253\/revisions"}],"predecessor-version":[{"id":413266,"href":"https:\/\/coffeelounge.delonghi.com\/pt-pt\/wp-json\/wp\/v2\/pages\/231253\/revisions\/413266"}],"wp:featuredmedia":[{"embeddable":true,"href":"https:\/\/coffeelounge.delonghi.com\/pt-pt\/wp-json\/wp\/v2\/media\/234086"}],"wp:attachment":[{"href":"https:\/\/coffeelounge.delonghi.com\/pt-pt\/wp-json\/wp\/v2\/media?parent=231253"}],"curies":[{"name":"wp","href":"https:\/\/api.w.org\/{rel}","templated":true}]}}