{"id":230579,"date":"2020-11-09T20:16:08","date_gmt":"2020-11-09T20:16:08","guid":{"rendered":"https:\/\/coffeelounge.delonghi.com\/cookies-policy\/"},"modified":"2022-09-09T09:02:33","modified_gmt":"2022-09-09T09:02:33","slug":"politica-cookies","status":"publish","type":"page","link":"https:\/\/coffeelounge.delonghi.com\/pt-pt\/politica-cookies\/","title":{"rendered":"Cookies policy"},"content":{"rendered":"\t\t<div data-elementor-type=\"wp-page\" data-elementor-id=\"230579\" class=\"elementor elementor-230579 elementor-15687\" data-elementor-post-type=\"page\">\n\t\t\t\t\t\t<section class=\"elementor-section elementor-top-section elementor-element elementor-element-793b158 elementor-section-boxed elementor-section-height-default elementor-section-height-default\" data-id=\"793b158\" data-element_type=\"section\">\n\t\t\t\t\t\t<div class=\"elementor-container elementor-column-gap-default\">\n\t\t\t\t\t<div class=\"elementor-column elementor-col-100 elementor-top-column elementor-element elementor-element-19cb65f\" data-id=\"19cb65f\" data-element_type=\"column\">\n\t\t\t<div class=\"elementor-widget-wrap elementor-element-populated\">\n\t\t\t\t\t\t<div class=\"elementor-element elementor-element-b679cf3 elementor-widget elementor-widget-ucaddon_learn_intro_title\" data-id=\"b679cf3\" data-element_type=\"widget\" data-widget_type=\"ucaddon_learn_intro_title.default\">\n\t\t\t\t<div class=\"elementor-widget-container\">\n\t\t\t\t\t\n<!-- start Learn Intro Title -->\n<style>\/* widget: Learn Intro Title *\/\n\n.learn_intro{\n  color:black;\n  font-family: \"Futura PT Book\", Sans-serif;\n  padding:0px;\n  margin-top: 0px;\n  margin-left: 164px;    \n  text-align: left;\n  position: relative;\n}\n\n.learn_intro_title{\n  font-size: 48px;\n  font-weight: normal;\n  font-stretch: normal;\n  font-style: normal;\n  line-height: 1.13;\n  letter-spacing: normal;\n  color: #131518;\n}\n\n.learn_intro_intro{\n  font-size: 18px;\n  font-weight: normal;\n  font-stretch: normal;\n  font-style: normal;\n  line-height: 1.33;\n  letter-spacing: normal;\n  color: #131518;\n  max-width:546px;\n}\n.learn_intro_title::before {\n  display: block;\n  content: ' ';\n  position: absolute;\n  width: 88px;\n  height: 2px;\n  background-color: #d07544;\n  top: 41px;\n  \/*top: 80px;*\/\n  left: 69px;\n  left: -96px;\n}\n.centered {\n  text-align: center !important;\n  margin-left:0;\n}\n\n.centered .learn_intro_title{\n  \n}\n.centered .learn_intro_title::before {\n  display: none;\n}\n\n.centered .learn_intro_intro{\n  max-width: 700px;\n  margin:auto;\n  margin-top: 16px;\n}\n\n@media  screen and (max-width: 1280px) {\n  .learn_intro{\n    margin-left: 20%;\n  }\n  .centered {\n    margin-left:0 !important;\n  }\n}\n\n@media only screen and (max-device-width: 480px) {\n  .learn_intro{\n    margin-left: 10%;\n  }\n  .centered {\n    margin-left:0 !important;\n  }  \n  .titolo_login .learn_intro_title {\n    margin-left: 0px;\n  }\n  .learn_intro_title {  \n    font-size: 32px;\n  }\n}\n\n<\/style>\n\n  <div class=\"learn_intro\">\n\n    <h2 class=\"learn_intro_title\">\n    <\/h2>\n        <div class=\"learn_intro_intro\"><h1 style=\"font-size: 48px;\">Pol\u00edtica Cookies<\/h1>\n    <\/div>\n      \n    \n  <\/div>\n\n\n<!-- end Learn Intro Title -->\t\t\t\t<\/div>\n\t\t\t\t<\/div>\n\t\t\t\t<div class=\"elementor-element elementor-element-4601fc9 testo_privacy elementor-widget elementor-widget-text-editor\" data-id=\"4601fc9\" data-element_type=\"widget\" data-widget_type=\"text-editor.default\">\n\t\t\t\t<div class=\"elementor-widget-container\">\n\t\t\t\t\t\t\t\t\t<p>O Site do Grupo De&#8217;Longhi (doravante &#8220;Site&#8221;) utiliza cookies para lhe fornecer um acesso personalizado ao Site e para melhorar a sua experi\u00eancia. Ao utilizar o Site, e aceitar esta pol\u00edtica, concorda com o uso de cookies de acordo com os termos desta pol\u00edtica.<\/p>\n<p><strong>Sobre os cookies<\/strong><\/p>\n<p>Os cookies consistem em arquivos de texto, muitas vezes incluindo identificadores \u00fanicos, que s\u00e3o enviados pelo servidor web para os navegadores web, e que podem, ent\u00e3o, ser enviados de volta para o servidor de cada vez que o navegador solicita uma p\u00e1gina do servidor.<\/p>\n<p>Os cookies que podem ser utilizados por servidores web para identifica\u00e7\u00e3o e controle de usu\u00e1rios enquanto eles navegam diferentes p\u00e1ginas de um Site e para identificar os usu\u00e1rios que retornam a um Site. Os cookies facilitam a sua navega\u00e7\u00e3o e proporcionam conex\u00f5es seguras.<\/p>\n<p>Os cookies podem ser tanto cookies &#8220;persistentes&#8221; como cookies de &#8220;sess\u00e3o&#8221;. Um cookie persistente consiste num arquivo de texto enviado por um servidor web para um browser web, que s\u00e3o armazenados pelo navegador e permanecem v\u00e1lidos at\u00e9 uma data de validade definida (a n\u00e3o ser que sejam exclu\u00eddos pelo usu\u00e1rio antes do prazo de validade). Um cookie de sess\u00e3o, por outro lado, expira no final da sess\u00e3o do usu\u00e1rio, quando o navegador \u00e9 fechado.<\/p>\n<p><strong>Cookies neste Site<\/strong><\/p>\n<p>O Grupo De&#8217;Longhi utiliza cookies de sess\u00e3o e persistentes no Site.<\/p>\n<p><strong>Como usamos os cookies<\/strong><\/p>\n<p>Os cookies n\u00e3o cont\u00eam qualquer informa\u00e7\u00e3o que o identifique, mas as informa\u00e7\u00f5es pessoais que armazenamos sobre si podem estar ligadas, por n\u00f3s, com as informa\u00e7\u00f5es armazenadas no, e obtidas a partir de cookies.<\/p>\n<p>O Grupo De&#8217;Longhi pode utilizar as informa\u00e7\u00f5es que obt\u00e9m a partir do seu uso do nosso Site, recolhidas pelos cookies, para os seguintes fins:<\/p>\n<p>(1) para reconhecer o seu computador quando visita o Site;<\/p>\n<p>(2) para o detetar enquanto navega no Site, e para permitir o uso do carrinho de compras no caso de entrar no Site para comprar produtos do Grupo De&#8217;Longhi (quando dispon\u00edvel);<\/p>\n<p>(3) para melhorar a usabilidade do Site;<\/p>\n<p>(4) para analisar o uso do Site;<\/p>\n<p>(5) para administrar o Site.<\/p>\n<p><strong>Cookies de terceiros<\/strong><\/p>\n<p>Quando usa o Site, tamb\u00e9m lhe podem ser enviados cookies de terceiros.<\/p>\n<p>O Site pode conter cookies enviados por terceiros. O Grupo De&#8217;Longhi n\u00e3o pode ser responsabilizado pelos cookies fornecidos por terceiros.<\/p>\n<p>Al\u00e9m disso, o Grupo De&#8217;Longhi usa o Google Analytics para analisar o uso do Google Analytics gera dados estat\u00edsticos e outras informa\u00e7\u00f5es sobre a forma como o Site est\u00e1 a ser usado por meio de cookies, que s\u00e3o armazenados nos computadores dos usu\u00e1rios.<\/p>\n<p>O Google ir\u00e1 armazenar essas informa\u00e7\u00f5es. A Pol\u00edtica de privacidade do Google est\u00e1 dispon\u00edvel em: http:\/\/www.google.com\/privacypolicy.html&nbsp;<\/p>\n<p><strong>Bloquear cookies<\/strong><\/p><p>A maioria dos navegadores permite recusar-se a aceitar cookies. Por exemplo:<\/p>\n<p>(1) no Internet Explorer clique em &#8220;Ferramentas&#8221;, &#8220;Op\u00e7\u00f5es da Internet&#8221;, &#8220;Privacidade&#8221;, e selecione &#8220;Bloquear todos os cookies&#8221; fazendo deslizar o seletor;<\/p>\n<p>(2) no Firefox clique em &#8220;Ferramentas&#8221;, &#8220;Op\u00e7\u00f5es&#8221;, e desmarcando &#8220;Aceitar cookies de Sites&#8221; na caixa &#8220;Privacidade&#8221;.<\/p>\n<p>Bloquear todos os cookies, no entanto, produzir\u00e1 um impacto negativo sobre a usabilidade do Site: se bloquear os cookies, voc\u00ea n\u00e3o ser\u00e1 capaz de usar todos os recursos do Site.<\/p>\n<p><strong>Apagar Cookies<\/strong><\/p>\n<p>Tamb\u00e9m pode apagar os cookies j\u00e1 armazenados no seu computador:<br>(1) no Internet Explorer, deve excluir manualmente os arquivos de cookies (pode encontrar instru\u00e7\u00f5es para o fazer em&amp;nbsp;<\/p>\n<p>(2) no Firefox, pode apagar os cookies garantindo primeiro que os cookies s\u00e3o para apagar quando &#8220;Limpar dados pessoais&#8221; (essa configura\u00e7\u00e3o pode ser alterada clicando em &#8220;Ferramentas&#8221;, &#8220;Op\u00e7\u00f5es&#8221; e &#8220;Configura\u00e7\u00f5es&#8221; no separador &#8220;Private Data) e depois clicando em&#8221; Limpar dados pessoais &#8220;no menu&#8221; Tools &#8220;.<\/p>\n<p>Obviamente, fazer isso pode ter um impacto negativo sobre a usabilidade do Site.<\/p>\t\t\t\t\t\t\t\t<\/div>\n\t\t\t\t<\/div>\n\t\t\t\t\t<\/div>\n\t\t<\/div>\n\t\t\t\t\t<\/div>\n\t\t<\/section>\n\t\t\t\t<\/div>\n\t\t","protected":false},"excerpt":{"rendered":"<p>Pol\u00edtica Cookies O Site do Grupo De&#8217;Longhi (doravante &#8220;Site&#8221;) utiliza cookies para lhe fornecer um acesso personalizado ao Site e para melhorar a sua experi\u00eancia. Ao utilizar o Site, e aceitar esta pol\u00edtica, concorda com o uso de cookies de acordo com os termos desta pol\u00edtica. Sobre os cookies Os cookies consistem em arquivos de [&hellip;]<\/p>\n","protected":false},"author":76,"featured_media":0,"parent":0,"menu_order":0,"comment_status":"closed","ping_status":"closed","template":"","meta":{"_acf_changed":false,"footnotes":""},"class_list":["post-230579","page","type-page","status-publish","hentry"],"acf":[],"yoast_head":"<!-- This site is optimized with the Yoast SEO Premium plugin v24.5 (Yoast SEO v24.5) - https:\/\/yoast.com\/wordpress\/plugins\/seo\/ -->\n<title>Cookies policy | De&#039;Longhi<\/title>\n<meta name=\"robots\" content=\"index, follow, max-snippet:-1, max-image-preview:large, max-video-preview:-1\" \/>\n<meta name=\"twitter:card\" content=\"summary_large_image\" \/>\n<meta name=\"twitter:title\" content=\"Cookies policy | De&#039;Longhi\" \/>\n<meta name=\"twitter:description\" content=\"Pol\u00edtica Cookies O Site do Grupo De&#8217;Longhi (doravante &#8220;Site&#8221;) utiliza cookies para lhe fornecer um acesso personalizado ao Site e para melhorar a sua experi\u00eancia. Ao utilizar o Site, e aceitar esta pol\u00edtica, concorda com o uso de cookies de acordo com os termos desta pol\u00edtica. Sobre os cookies Os cookies consistem em arquivos de [&hellip;]\" \/>\n<script type=\"application\/ld+json\" class=\"yoast-schema-graph\">{\"@context\":\"https:\/\/schema.org\",\"@graph\":[{\"@type\":\"WebPage\",\"@id\":\"https:\/\/coffeelounge.delonghi.com\/pt-pt\/politica-cookies\/\",\"url\":\"https:\/\/coffeelounge.delonghi.com\/pt-pt\/politica-cookies\/\",\"name\":\"Cookies policy | De&#039;Longhi\",\"isPartOf\":{\"@id\":\"https:\/\/coffeelounge.delonghi.com\/pt-pt\/#website\"},\"datePublished\":\"2020-11-09T20:16:08+00:00\",\"dateModified\":\"2022-09-09T09:02:33+00:00\",\"breadcrumb\":{\"@id\":\"https:\/\/coffeelounge.delonghi.com\/pt-pt\/politica-cookies\/#breadcrumb\"},\"inLanguage\":\"pt-PT\",\"potentialAction\":[{\"@type\":\"ReadAction\",\"target\":[\"https:\/\/coffeelounge.delonghi.com\/pt-pt\/politica-cookies\/\"]}]},{\"@type\":\"BreadcrumbList\",\"@id\":\"https:\/\/coffeelounge.delonghi.com\/pt-pt\/politica-cookies\/#breadcrumb\",\"itemListElement\":[{\"@type\":\"ListItem\",\"position\":1,\"name\":\"Home\",\"item\":\"https:\/\/coffeelounge.delonghi.com\/pt-pt\/\"},{\"@type\":\"ListItem\",\"position\":2,\"name\":\"Cookies policy\"}]},{\"@type\":\"WebSite\",\"@id\":\"https:\/\/coffeelounge.delonghi.com\/pt-pt\/#website\",\"url\":\"https:\/\/coffeelounge.delonghi.com\/pt-pt\/\",\"name\":\"De&#039;Longhi\",\"description\":\"Coffee Lounge\",\"publisher\":{\"@id\":\"https:\/\/coffeelounge.delonghi.com\/pt-pt\/#organization\"},\"potentialAction\":[{\"@type\":\"SearchAction\",\"target\":{\"@type\":\"EntryPoint\",\"urlTemplate\":\"https:\/\/coffeelounge.delonghi.com\/pt-pt\/?s={search_term_string}\"},\"query-input\":{\"@type\":\"PropertyValueSpecification\",\"valueRequired\":true,\"valueName\":\"search_term_string\"}}],\"inLanguage\":\"pt-PT\"},{\"@type\":\"Organization\",\"@id\":\"https:\/\/coffeelounge.delonghi.com\/pt-pt\/#organization\",\"name\":\"De'Longhi Coffee Lounge\",\"url\":\"https:\/\/coffeelounge.delonghi.com\/pt-pt\/\",\"logo\":{\"@type\":\"ImageObject\",\"inLanguage\":\"pt-PT\",\"@id\":\"https:\/\/coffeelounge.delonghi.com\/pt-pt\/#\/schema\/logo\/image\/\",\"url\":\"https:\/\/coffeelounge.delonghi.com\/wp-content\/uploads\/2020\/05\/delonghi-coffee-lounge-logo-nederland.png\",\"contentUrl\":\"https:\/\/coffeelounge.delonghi.com\/wp-content\/uploads\/2020\/05\/delonghi-coffee-lounge-logo-nederland.png\",\"width\":2337,\"height\":724,\"caption\":\"De'Longhi Coffee Lounge\"},\"image\":{\"@id\":\"https:\/\/coffeelounge.delonghi.com\/pt-pt\/#\/schema\/logo\/image\/\"}}]}<\/script>\n<!-- \/ Yoast SEO Premium plugin. -->","yoast_head_json":{"title":"Cookies policy | De&#039;Longhi","robots":{"index":"index","follow":"follow","max-snippet":"max-snippet:-1","max-image-preview":"max-image-preview:large","max-video-preview":"max-video-preview:-1"},"twitter_card":"summary_large_image","twitter_title":"Cookies policy | De&#039;Longhi","twitter_description":"Pol\u00edtica Cookies O Site do Grupo De&#8217;Longhi (doravante &#8220;Site&#8221;) utiliza cookies para lhe fornecer um acesso personalizado ao Site e para melhorar a sua experi\u00eancia. Ao utilizar o Site, e aceitar esta pol\u00edtica, concorda com o uso de cookies de acordo com os termos desta pol\u00edtica. Sobre os cookies Os cookies consistem em arquivos de [&hellip;]","schema":{"@context":"https:\/\/schema.org","@graph":[{"@type":"WebPage","@id":"https:\/\/coffeelounge.delonghi.com\/pt-pt\/politica-cookies\/","url":"https:\/\/coffeelounge.delonghi.com\/pt-pt\/politica-cookies\/","name":"Cookies policy | De&#039;Longhi","isPartOf":{"@id":"https:\/\/coffeelounge.delonghi.com\/pt-pt\/#website"},"datePublished":"2020-11-09T20:16:08+00:00","dateModified":"2022-09-09T09:02:33+00:00","breadcrumb":{"@id":"https:\/\/coffeelounge.delonghi.com\/pt-pt\/politica-cookies\/#breadcrumb"},"inLanguage":"pt-PT","potentialAction":[{"@type":"ReadAction","target":["https:\/\/coffeelounge.delonghi.com\/pt-pt\/politica-cookies\/"]}]},{"@type":"BreadcrumbList","@id":"https:\/\/coffeelounge.delonghi.com\/pt-pt\/politica-cookies\/#breadcrumb","itemListElement":[{"@type":"ListItem","position":1,"name":"Home","item":"https:\/\/coffeelounge.delonghi.com\/pt-pt\/"},{"@type":"ListItem","position":2,"name":"Cookies policy"}]},{"@type":"WebSite","@id":"https:\/\/coffeelounge.delonghi.com\/pt-pt\/#website","url":"https:\/\/coffeelounge.delonghi.com\/pt-pt\/","name":"De&#039;Longhi","description":"Coffee Lounge","publisher":{"@id":"https:\/\/coffeelounge.delonghi.com\/pt-pt\/#organization"},"potentialAction":[{"@type":"SearchAction","target":{"@type":"EntryPoint","urlTemplate":"https:\/\/coffeelounge.delonghi.com\/pt-pt\/?s={search_term_string}"},"query-input":{"@type":"PropertyValueSpecification","valueRequired":true,"valueName":"search_term_string"}}],"inLanguage":"pt-PT"},{"@type":"Organization","@id":"https:\/\/coffeelounge.delonghi.com\/pt-pt\/#organization","name":"De'Longhi Coffee Lounge","url":"https:\/\/coffeelounge.delonghi.com\/pt-pt\/","logo":{"@type":"ImageObject","inLanguage":"pt-PT","@id":"https:\/\/coffeelounge.delonghi.com\/pt-pt\/#\/schema\/logo\/image\/","url":"https:\/\/coffeelounge.delonghi.com\/wp-content\/uploads\/2020\/05\/delonghi-coffee-lounge-logo-nederland.png","contentUrl":"https:\/\/coffeelounge.delonghi.com\/wp-content\/uploads\/2020\/05\/delonghi-coffee-lounge-logo-nederland.png","width":2337,"height":724,"caption":"De'Longhi Coffee Lounge"},"image":{"@id":"https:\/\/coffeelounge.delonghi.com\/pt-pt\/#\/schema\/logo\/image\/"}}]}},"_links":{"self":[{"href":"https:\/\/coffeelounge.delonghi.com\/pt-pt\/wp-json\/wp\/v2\/pages\/230579","targetHints":{"allow":["GET"]}}],"collection":[{"href":"https:\/\/coffeelounge.delonghi.com\/pt-pt\/wp-json\/wp\/v2\/pages"}],"about":[{"href":"https:\/\/coffeelounge.delonghi.com\/pt-pt\/wp-json\/wp\/v2\/types\/page"}],"author":[{"embeddable":true,"href":"https:\/\/coffeelounge.delonghi.com\/pt-pt\/wp-json\/wp\/v2\/users\/76"}],"replies":[{"embeddable":true,"href":"https:\/\/coffeelounge.delonghi.com\/pt-pt\/wp-json\/wp\/v2\/comments?post=230579"}],"version-history":[{"count":0,"href":"https:\/\/coffeelounge.delonghi.com\/pt-pt\/wp-json\/wp\/v2\/pages\/230579\/revisions"}],"wp:attachment":[{"href":"https:\/\/coffeelounge.delonghi.com\/pt-pt\/wp-json\/wp\/v2\/media?parent=230579"}],"curies":[{"name":"wp","href":"https:\/\/api.w.org\/{rel}","templated":true}]}}