{"id":144481,"date":"2022-03-11T11:45:17","date_gmt":"2022-03-11T11:45:17","guid":{"rendered":"https:\/\/coffeelounge.delonghi.com\/?post_type=product&#038;p=144481"},"modified":"2024-03-04T08:42:36","modified_gmt":"2024-03-04T08:42:36","slug":"bluemondaycoffee-good-mood-blend","status":"publish","type":"product","link":"https:\/\/coffeelounge.delonghi.com\/nl-nl\/product\/bluemondaycoffee-good-mood-blend\/","title":{"rendered":"Good Mood Blend"},"content":{"rendered":"<p>Good Mood is een blend van Arabica bonen uit Brazili\u00eb &amp; Ethiopi\u00eb. Deze medium gebrande koffie heeft een zachte ronde body. We proeven voornamelijk karamel en chocolade vanuit Brazili\u00eb. In combinatie met de friszoetigheid uit Ethiopi\u00eb, een mooie beleving voor je smaakpapillen. \u200e<\/p>\n<p>Een dagelijkse allrounder, geschikt voor espresso en filterbereidingen.<\/p>\n","protected":false},"excerpt":{"rendered":"<p>Good Mood is een blend van Arabica bonen uit Brazili\u00eb &amp; Ethiopi\u00eb. Deze medium gebrande koffie heeft een zachte ronde body. We proeven voornamelijk karamel en chocolade vanuit Brazili\u00eb. In combinatie met de friszoetigheid uit Ethiopi\u00eb, een mooie beleving voor je smaakpapillen. \u200e Een dagelijkse allrounder, geschikt voor espresso en filterbereidingen.<\/p>\n","protected":false},"featured_media":415231,"comment_status":"closed","ping_status":"closed","template":"","meta":{"_acf_changed":false},"product_cat":[634,633],"product_tag":[],"class_list":{"0":"post-144481","1":"product","2":"type-product","3":"status-publish","4":"has-post-thumbnail","6":"product_cat-blends-nl-nl","7":"product_cat-alle-koffiesoorten-nl-nl","9":"first","10":"instock","11":"taxable","12":"shipping-taxable","13":"purchasable","14":"product-type-variable"},"acf":[],"yoast_head":"<!-- This site is optimized with the Yoast SEO Premium plugin v24.5 (Yoast SEO v24.5) - https:\/\/yoast.com\/wordpress\/plugins\/seo\/ -->\n<title>Good Mood Blend | De&#039;Longhi Coffee Lounge<\/title>\n<meta name=\"description\" content=\"De koffieboon Good Mood Blend van Blue Monday Coffee heeft een zachte, ronde body en is een dagelijkse allrounder.\" \/>\n<meta name=\"robots\" content=\"index, follow, max-snippet:-1, max-image-preview:large, max-video-preview:-1\" \/>\n<meta name=\"twitter:card\" content=\"summary_large_image\" \/>\n<meta name=\"twitter:title\" content=\"Good Mood Blend | De&#039;Longhi Coffee Lounge\" \/>\n<meta name=\"twitter:description\" content=\"De koffieboon Good Mood Blend van Blue Monday Coffee heeft een zachte, ronde body en is een dagelijkse allrounder.\" \/>\n<meta name=\"twitter:image\" content=\"https:\/\/coffeelounge.delonghi.com\/wp-content\/uploads\/2022\/03\/blue-monday-good-mood-koffiebonen-1.png\" \/>\n<script type=\"application\/ld+json\" class=\"yoast-schema-graph\">{\"@context\":\"https:\/\/schema.org\",\"@graph\":[{\"@type\":\"WebPage\",\"@id\":\"https:\/\/coffeelounge.delonghi.com\/nl-nl\/product\/bluemondaycoffee-good-mood-blend\/\",\"url\":\"https:\/\/coffeelounge.delonghi.com\/nl-nl\/product\/bluemondaycoffee-good-mood-blend\/\",\"name\":\"Good Mood Blend | De&#039;Longhi Coffee Lounge\",\"isPartOf\":{\"@id\":\"https:\/\/coffeelounge.delonghi.com\/nl-nl\/#website\"},\"primaryImageOfPage\":{\"@id\":\"https:\/\/coffeelounge.delonghi.com\/nl-nl\/product\/bluemondaycoffee-good-mood-blend\/#primaryimage\"},\"image\":{\"@id\":\"https:\/\/coffeelounge.delonghi.com\/nl-nl\/product\/bluemondaycoffee-good-mood-blend\/#primaryimage\"},\"thumbnailUrl\":\"https:\/\/coffeelounge.delonghi.com\/wp-content\/uploads\/2022\/03\/blue-monday-good-mood-koffiebonen-1.png\",\"datePublished\":\"2022-03-11T11:45:17+00:00\",\"dateModified\":\"2024-03-04T08:42:36+00:00\",\"description\":\"De koffieboon Good Mood Blend van Blue Monday Coffee heeft een zachte, ronde body en is een dagelijkse allrounder.\",\"breadcrumb\":{\"@id\":\"https:\/\/coffeelounge.delonghi.com\/nl-nl\/product\/bluemondaycoffee-good-mood-blend\/#breadcrumb\"},\"inLanguage\":\"nl-nl\",\"potentialAction\":[{\"@type\":\"ReadAction\",\"target\":[\"https:\/\/coffeelounge.delonghi.com\/nl-nl\/product\/bluemondaycoffee-good-mood-blend\/\"]}]},{\"@type\":\"ImageObject\",\"inLanguage\":\"nl-nl\",\"@id\":\"https:\/\/coffeelounge.delonghi.com\/nl-nl\/product\/bluemondaycoffee-good-mood-blend\/#primaryimage\",\"url\":\"https:\/\/coffeelounge.delonghi.com\/wp-content\/uploads\/2022\/03\/blue-monday-good-mood-koffiebonen-1.png\",\"contentUrl\":\"https:\/\/coffeelounge.delonghi.com\/wp-content\/uploads\/2022\/03\/blue-monday-good-mood-koffiebonen-1.png\",\"width\":454,\"height\":482},{\"@type\":\"BreadcrumbList\",\"@id\":\"https:\/\/coffeelounge.delonghi.com\/nl-nl\/product\/bluemondaycoffee-good-mood-blend\/#breadcrumb\",\"itemListElement\":[{\"@type\":\"ListItem\",\"position\":1,\"name\":\"Home\",\"item\":\"https:\/\/coffeelounge.delonghi.com\/nl-nl\/\"},{\"@type\":\"ListItem\",\"position\":2,\"name\":\"Boutique\",\"item\":\"https:\/\/coffeelounge.delonghi.com\/fr\/?page_id=36\"},{\"@type\":\"ListItem\",\"position\":3,\"name\":\"Good Mood Blend\"}]},{\"@type\":\"WebSite\",\"@id\":\"https:\/\/coffeelounge.delonghi.com\/nl-nl\/#website\",\"url\":\"https:\/\/coffeelounge.delonghi.com\/nl-nl\/\",\"name\":\"De&#039;Longhi Coffee Lounge\",\"description\":\"Coffee Lounge\",\"publisher\":{\"@id\":\"https:\/\/coffeelounge.delonghi.com\/nl-nl\/#organization\"},\"potentialAction\":[{\"@type\":\"SearchAction\",\"target\":{\"@type\":\"EntryPoint\",\"urlTemplate\":\"https:\/\/coffeelounge.delonghi.com\/nl-nl\/?s={search_term_string}\"},\"query-input\":{\"@type\":\"PropertyValueSpecification\",\"valueRequired\":true,\"valueName\":\"search_term_string\"}}],\"inLanguage\":\"nl-nl\"},{\"@type\":\"Organization\",\"@id\":\"https:\/\/coffeelounge.delonghi.com\/nl-nl\/#organization\",\"name\":\"De'Longhi Coffee Lounge\",\"url\":\"https:\/\/coffeelounge.delonghi.com\/nl-nl\/\",\"logo\":{\"@type\":\"ImageObject\",\"inLanguage\":\"nl-nl\",\"@id\":\"https:\/\/coffeelounge.delonghi.com\/nl-nl\/#\/schema\/logo\/image\/\",\"url\":\"https:\/\/coffeelounge.delonghi.com\/wp-content\/uploads\/2020\/05\/delonghi-coffee-lounge-logo-nederland.png\",\"contentUrl\":\"https:\/\/coffeelounge.delonghi.com\/wp-content\/uploads\/2020\/05\/delonghi-coffee-lounge-logo-nederland.png\",\"width\":2337,\"height\":724,\"caption\":\"De'Longhi Coffee Lounge\"},\"image\":{\"@id\":\"https:\/\/coffeelounge.delonghi.com\/nl-nl\/#\/schema\/logo\/image\/\"}}]}<\/script>\n<!-- \/ Yoast SEO Premium plugin. -->","yoast_head_json":{"title":"Good Mood Blend | De&#039;Longhi Coffee Lounge","description":"De koffieboon Good Mood Blend van Blue Monday Coffee heeft een zachte, ronde body en is een dagelijkse allrounder.","robots":{"index":"index","follow":"follow","max-snippet":"max-snippet:-1","max-image-preview":"max-image-preview:large","max-video-preview":"max-video-preview:-1"},"twitter_card":"summary_large_image","twitter_title":"Good Mood Blend | De&#039;Longhi Coffee Lounge","twitter_description":"De koffieboon Good Mood Blend van Blue Monday Coffee heeft een zachte, ronde body en is een dagelijkse allrounder.","twitter_image":"https:\/\/coffeelounge.delonghi.com\/wp-content\/uploads\/2022\/03\/blue-monday-good-mood-koffiebonen-1.png","schema":{"@context":"https:\/\/schema.org","@graph":[{"@type":"WebPage","@id":"https:\/\/coffeelounge.delonghi.com\/nl-nl\/product\/bluemondaycoffee-good-mood-blend\/","url":"https:\/\/coffeelounge.delonghi.com\/nl-nl\/product\/bluemondaycoffee-good-mood-blend\/","name":"Good Mood Blend | De&#039;Longhi Coffee Lounge","isPartOf":{"@id":"https:\/\/coffeelounge.delonghi.com\/nl-nl\/#website"},"primaryImageOfPage":{"@id":"https:\/\/coffeelounge.delonghi.com\/nl-nl\/product\/bluemondaycoffee-good-mood-blend\/#primaryimage"},"image":{"@id":"https:\/\/coffeelounge.delonghi.com\/nl-nl\/product\/bluemondaycoffee-good-mood-blend\/#primaryimage"},"thumbnailUrl":"https:\/\/coffeelounge.delonghi.com\/wp-content\/uploads\/2022\/03\/blue-monday-good-mood-koffiebonen-1.png","datePublished":"2022-03-11T11:45:17+00:00","dateModified":"2024-03-04T08:42:36+00:00","description":"De koffieboon Good Mood Blend van Blue Monday Coffee heeft een zachte, ronde body en is een dagelijkse allrounder.","breadcrumb":{"@id":"https:\/\/coffeelounge.delonghi.com\/nl-nl\/product\/bluemondaycoffee-good-mood-blend\/#breadcrumb"},"inLanguage":"nl-nl","potentialAction":[{"@type":"ReadAction","target":["https:\/\/coffeelounge.delonghi.com\/nl-nl\/product\/bluemondaycoffee-good-mood-blend\/"]}]},{"@type":"ImageObject","inLanguage":"nl-nl","@id":"https:\/\/coffeelounge.delonghi.com\/nl-nl\/product\/bluemondaycoffee-good-mood-blend\/#primaryimage","url":"https:\/\/coffeelounge.delonghi.com\/wp-content\/uploads\/2022\/03\/blue-monday-good-mood-koffiebonen-1.png","contentUrl":"https:\/\/coffeelounge.delonghi.com\/wp-content\/uploads\/2022\/03\/blue-monday-good-mood-koffiebonen-1.png","width":454,"height":482},{"@type":"BreadcrumbList","@id":"https:\/\/coffeelounge.delonghi.com\/nl-nl\/product\/bluemondaycoffee-good-mood-blend\/#breadcrumb","itemListElement":[{"@type":"ListItem","position":1,"name":"Home","item":"https:\/\/coffeelounge.delonghi.com\/nl-nl\/"},{"@type":"ListItem","position":2,"name":"Boutique","item":"https:\/\/coffeelounge.delonghi.com\/fr\/?page_id=36"},{"@type":"ListItem","position":3,"name":"Good Mood Blend"}]},{"@type":"WebSite","@id":"https:\/\/coffeelounge.delonghi.com\/nl-nl\/#website","url":"https:\/\/coffeelounge.delonghi.com\/nl-nl\/","name":"De&#039;Longhi Coffee Lounge","description":"Coffee Lounge","publisher":{"@id":"https:\/\/coffeelounge.delonghi.com\/nl-nl\/#organization"},"potentialAction":[{"@type":"SearchAction","target":{"@type":"EntryPoint","urlTemplate":"https:\/\/coffeelounge.delonghi.com\/nl-nl\/?s={search_term_string}"},"query-input":{"@type":"PropertyValueSpecification","valueRequired":true,"valueName":"search_term_string"}}],"inLanguage":"nl-nl"},{"@type":"Organization","@id":"https:\/\/coffeelounge.delonghi.com\/nl-nl\/#organization","name":"De'Longhi Coffee Lounge","url":"https:\/\/coffeelounge.delonghi.com\/nl-nl\/","logo":{"@type":"ImageObject","inLanguage":"nl-nl","@id":"https:\/\/coffeelounge.delonghi.com\/nl-nl\/#\/schema\/logo\/image\/","url":"https:\/\/coffeelounge.delonghi.com\/wp-content\/uploads\/2020\/05\/delonghi-coffee-lounge-logo-nederland.png","contentUrl":"https:\/\/coffeelounge.delonghi.com\/wp-content\/uploads\/2020\/05\/delonghi-coffee-lounge-logo-nederland.png","width":2337,"height":724,"caption":"De'Longhi Coffee Lounge"},"image":{"@id":"https:\/\/coffeelounge.delonghi.com\/nl-nl\/#\/schema\/logo\/image\/"}}]}},"_links":{"self":[{"href":"https:\/\/coffeelounge.delonghi.com\/nl-nl\/wp-json\/wp\/v2\/product\/144481","targetHints":{"allow":["GET"]}}],"collection":[{"href":"https:\/\/coffeelounge.delonghi.com\/nl-nl\/wp-json\/wp\/v2\/product"}],"about":[{"href":"https:\/\/coffeelounge.delonghi.com\/nl-nl\/wp-json\/wp\/v2\/types\/product"}],"replies":[{"embeddable":true,"href":"https:\/\/coffeelounge.delonghi.com\/nl-nl\/wp-json\/wp\/v2\/comments?post=144481"}],"version-history":[{"count":3,"href":"https:\/\/coffeelounge.delonghi.com\/nl-nl\/wp-json\/wp\/v2\/product\/144481\/revisions"}],"predecessor-version":[{"id":422057,"href":"https:\/\/coffeelounge.delonghi.com\/nl-nl\/wp-json\/wp\/v2\/product\/144481\/revisions\/422057"}],"wp:featuredmedia":[{"embeddable":true,"href":"https:\/\/coffeelounge.delonghi.com\/nl-nl\/wp-json\/wp\/v2\/media\/415231"}],"wp:attachment":[{"href":"https:\/\/coffeelounge.delonghi.com\/nl-nl\/wp-json\/wp\/v2\/media?parent=144481"}],"wp:term":[{"taxonomy":"product_cat","embeddable":true,"href":"https:\/\/coffeelounge.delonghi.com\/nl-nl\/wp-json\/wp\/v2\/product_cat?post=144481"},{"taxonomy":"product_tag","embeddable":true,"href":"https:\/\/coffeelounge.delonghi.com\/nl-nl\/wp-json\/wp\/v2\/product_tag?post=144481"}],"curies":[{"name":"wp","href":"https:\/\/api.w.org\/{rel}","templated":true}]}}