{"id":383259,"date":"2023-04-27T13:48:17","date_gmt":"2023-04-27T13:48:17","guid":{"rendered":"https:\/\/coffeelounge.delonghi.com\/?post_type=product&#038;p=383259"},"modified":"2024-03-04T13:39:08","modified_gmt":"2024-03-04T13:39:08","slug":"deca-colombia-sugarcane","status":"publish","type":"product","link":"https:\/\/coffeelounge.delonghi.com\/nl-be\/product\/deca-colombia-sugarcane\/","title":{"rendered":"Deca Colombia Sugarcane"},"content":{"rendered":"<p>Deze prachtige deca komt uit het departement Caldas in Colombia. Dat ligt midden in de koffieregio: de koffie-as of &#8220;eje cafetero&#8221;. De grond is er rijk, het klimaat is er ideaal en de bergflanken bieden voldoende hoogte. Om de hoogste kwaliteit te garanderen werken meer dan 3600 producenten zij aan zij samen met agronomen onder de paraplu van \u00e9\u00e9n co\u00f6peratie. Binnen die vereniging gaat veel aandacht uit naar het sociale en ecologische aspect van de koffieproductie: het verbinden en verzoenen van de mens met de natuur.<br \/>\nOm de bonen te decafe\u00efneren wordt de suikerrietmethode gebruikt. De bonen worden eerst gestoomd om hun pori\u00ebn te openen. Daarna worden ze gespoeld met een oplossing van suikerriet en azijn. Zo binden de cafe\u00efne moleculen in de bonen zich aan de omringende vloeistof. Zo wordt de cafe\u00efne verwijderd. Ten slotte laat men de bonen drogen tot hun vochtgehalte ongeveer 10-12% bedraagt.<br \/>\nVerwacht een stevige koffie met tonen van chocolade en karamel en een dik, romig mondgevoel.<\/p>\n","protected":false},"excerpt":{"rendered":"<p>Deze prachtige deca komt uit het departement Caldas in Colombia. Dat ligt midden in de koffieregio: de koffie-as of &#8220;eje cafetero&#8221;. De grond is er rijk, het klimaat is er ideaal en de bergflanken bieden voldoende hoogte. Om de hoogste kwaliteit te garanderen werken meer dan 3600 producenten zij aan zij samen met agronomen onder [&hellip;]<\/p>\n","protected":false},"featured_media":416789,"comment_status":"closed","ping_status":"closed","template":"","meta":{"_acf_changed":false},"product_cat":[446,448],"product_tag":[],"class_list":{"0":"post-383259","1":"product","2":"type-product","3":"status-publish","4":"has-post-thumbnail","6":"product_cat-alle-koffiesoorten","7":"product_cat-single-origin-nl-be","9":"first","10":"instock","11":"taxable","12":"shipping-taxable","13":"purchasable","14":"product-type-variable"},"acf":[],"yoast_head":"<!-- This site is optimized with the Yoast SEO Premium plugin v24.5 (Yoast SEO v24.5) - https:\/\/yoast.com\/wordpress\/plugins\/seo\/ -->\n<title>Deca Colombia Sugarcane | De&#039;Longhi<\/title>\n<meta name=\"description\" content=\"Verwacht een stevige koffie met tonen van chocolade en karamel en een dik, romig mondgevoel. Wij zijn alvast fan!\" \/>\n<meta name=\"robots\" content=\"index, follow, max-snippet:-1, max-image-preview:large, max-video-preview:-1\" \/>\n<meta name=\"twitter:card\" content=\"summary_large_image\" \/>\n<meta name=\"twitter:title\" content=\"Deca Colombia Sugarcane | De&#039;Longhi\" \/>\n<meta name=\"twitter:description\" content=\"Verwacht een stevige koffie met tonen van chocolade en karamel en een dik, romig mondgevoel. Wij zijn alvast fan!\" \/>\n<meta name=\"twitter:image\" content=\"https:\/\/coffeelounge.delonghi.com\/wp-content\/uploads\/2023\/04\/deca_colombia_sugarcane.png\" \/>\n<script type=\"application\/ld+json\" class=\"yoast-schema-graph\">{\"@context\":\"https:\/\/schema.org\",\"@graph\":[{\"@type\":\"WebPage\",\"@id\":\"https:\/\/coffeelounge.delonghi.com\/nl-be\/product\/deca-colombia-sugarcane\/\",\"url\":\"https:\/\/coffeelounge.delonghi.com\/nl-be\/product\/deca-colombia-sugarcane\/\",\"name\":\"Deca Colombia Sugarcane | De&#039;Longhi\",\"isPartOf\":{\"@id\":\"https:\/\/coffeelounge.delonghi.com\/nl-be\/#website\"},\"primaryImageOfPage\":{\"@id\":\"https:\/\/coffeelounge.delonghi.com\/nl-be\/product\/deca-colombia-sugarcane\/#primaryimage\"},\"image\":{\"@id\":\"https:\/\/coffeelounge.delonghi.com\/nl-be\/product\/deca-colombia-sugarcane\/#primaryimage\"},\"thumbnailUrl\":\"https:\/\/coffeelounge.delonghi.com\/wp-content\/uploads\/2023\/04\/deca_colombia_sugarcane.png\",\"datePublished\":\"2023-04-27T13:48:17+00:00\",\"dateModified\":\"2024-03-04T13:39:08+00:00\",\"description\":\"Verwacht een stevige koffie met tonen van chocolade en karamel en een dik, romig mondgevoel. Wij zijn alvast fan!\",\"breadcrumb\":{\"@id\":\"https:\/\/coffeelounge.delonghi.com\/nl-be\/product\/deca-colombia-sugarcane\/#breadcrumb\"},\"inLanguage\":\"nl-be\",\"potentialAction\":[{\"@type\":\"ReadAction\",\"target\":[\"https:\/\/coffeelounge.delonghi.com\/nl-be\/product\/deca-colombia-sugarcane\/\"]}]},{\"@type\":\"ImageObject\",\"inLanguage\":\"nl-be\",\"@id\":\"https:\/\/coffeelounge.delonghi.com\/nl-be\/product\/deca-colombia-sugarcane\/#primaryimage\",\"url\":\"https:\/\/coffeelounge.delonghi.com\/wp-content\/uploads\/2023\/04\/deca_colombia_sugarcane.png\",\"contentUrl\":\"https:\/\/coffeelounge.delonghi.com\/wp-content\/uploads\/2023\/04\/deca_colombia_sugarcane.png\",\"width\":452,\"height\":452},{\"@type\":\"BreadcrumbList\",\"@id\":\"https:\/\/coffeelounge.delonghi.com\/nl-be\/product\/deca-colombia-sugarcane\/#breadcrumb\",\"itemListElement\":[{\"@type\":\"ListItem\",\"position\":1,\"name\":\"Home\",\"item\":\"https:\/\/coffeelounge.delonghi.com\/nl-be\/\"},{\"@type\":\"ListItem\",\"position\":2,\"name\":\"Boutique\",\"item\":\"https:\/\/coffeelounge.delonghi.com\/fr\/?page_id=36\"},{\"@type\":\"ListItem\",\"position\":3,\"name\":\"Deca Colombia Sugarcane\"}]},{\"@type\":\"WebSite\",\"@id\":\"https:\/\/coffeelounge.delonghi.com\/nl-be\/#website\",\"url\":\"https:\/\/coffeelounge.delonghi.com\/nl-be\/\",\"name\":\"De&#039;Longhi\",\"description\":\"Coffee Lounge\",\"publisher\":{\"@id\":\"https:\/\/coffeelounge.delonghi.com\/nl-be\/#organization\"},\"potentialAction\":[{\"@type\":\"SearchAction\",\"target\":{\"@type\":\"EntryPoint\",\"urlTemplate\":\"https:\/\/coffeelounge.delonghi.com\/nl-be\/?s={search_term_string}\"},\"query-input\":{\"@type\":\"PropertyValueSpecification\",\"valueRequired\":true,\"valueName\":\"search_term_string\"}}],\"inLanguage\":\"nl-be\"},{\"@type\":\"Organization\",\"@id\":\"https:\/\/coffeelounge.delonghi.com\/nl-be\/#organization\",\"name\":\"De'Longhi Coffee Lounge\",\"url\":\"https:\/\/coffeelounge.delonghi.com\/nl-be\/\",\"logo\":{\"@type\":\"ImageObject\",\"inLanguage\":\"nl-be\",\"@id\":\"https:\/\/coffeelounge.delonghi.com\/nl-be\/#\/schema\/logo\/image\/\",\"url\":\"https:\/\/coffeelounge.delonghi.com\/wp-content\/uploads\/2020\/05\/delonghi-coffee-lounge-logo-nederland.png\",\"contentUrl\":\"https:\/\/coffeelounge.delonghi.com\/wp-content\/uploads\/2020\/05\/delonghi-coffee-lounge-logo-nederland.png\",\"width\":2337,\"height\":724,\"caption\":\"De'Longhi Coffee Lounge\"},\"image\":{\"@id\":\"https:\/\/coffeelounge.delonghi.com\/nl-be\/#\/schema\/logo\/image\/\"}}]}<\/script>\n<!-- \/ Yoast SEO Premium plugin. -->","yoast_head_json":{"title":"Deca Colombia Sugarcane | De&#039;Longhi","description":"Verwacht een stevige koffie met tonen van chocolade en karamel en een dik, romig mondgevoel. Wij zijn alvast fan!","robots":{"index":"index","follow":"follow","max-snippet":"max-snippet:-1","max-image-preview":"max-image-preview:large","max-video-preview":"max-video-preview:-1"},"twitter_card":"summary_large_image","twitter_title":"Deca Colombia Sugarcane | De&#039;Longhi","twitter_description":"Verwacht een stevige koffie met tonen van chocolade en karamel en een dik, romig mondgevoel. Wij zijn alvast fan!","twitter_image":"https:\/\/coffeelounge.delonghi.com\/wp-content\/uploads\/2023\/04\/deca_colombia_sugarcane.png","schema":{"@context":"https:\/\/schema.org","@graph":[{"@type":"WebPage","@id":"https:\/\/coffeelounge.delonghi.com\/nl-be\/product\/deca-colombia-sugarcane\/","url":"https:\/\/coffeelounge.delonghi.com\/nl-be\/product\/deca-colombia-sugarcane\/","name":"Deca Colombia Sugarcane | De&#039;Longhi","isPartOf":{"@id":"https:\/\/coffeelounge.delonghi.com\/nl-be\/#website"},"primaryImageOfPage":{"@id":"https:\/\/coffeelounge.delonghi.com\/nl-be\/product\/deca-colombia-sugarcane\/#primaryimage"},"image":{"@id":"https:\/\/coffeelounge.delonghi.com\/nl-be\/product\/deca-colombia-sugarcane\/#primaryimage"},"thumbnailUrl":"https:\/\/coffeelounge.delonghi.com\/wp-content\/uploads\/2023\/04\/deca_colombia_sugarcane.png","datePublished":"2023-04-27T13:48:17+00:00","dateModified":"2024-03-04T13:39:08+00:00","description":"Verwacht een stevige koffie met tonen van chocolade en karamel en een dik, romig mondgevoel. Wij zijn alvast fan!","breadcrumb":{"@id":"https:\/\/coffeelounge.delonghi.com\/nl-be\/product\/deca-colombia-sugarcane\/#breadcrumb"},"inLanguage":"nl-be","potentialAction":[{"@type":"ReadAction","target":["https:\/\/coffeelounge.delonghi.com\/nl-be\/product\/deca-colombia-sugarcane\/"]}]},{"@type":"ImageObject","inLanguage":"nl-be","@id":"https:\/\/coffeelounge.delonghi.com\/nl-be\/product\/deca-colombia-sugarcane\/#primaryimage","url":"https:\/\/coffeelounge.delonghi.com\/wp-content\/uploads\/2023\/04\/deca_colombia_sugarcane.png","contentUrl":"https:\/\/coffeelounge.delonghi.com\/wp-content\/uploads\/2023\/04\/deca_colombia_sugarcane.png","width":452,"height":452},{"@type":"BreadcrumbList","@id":"https:\/\/coffeelounge.delonghi.com\/nl-be\/product\/deca-colombia-sugarcane\/#breadcrumb","itemListElement":[{"@type":"ListItem","position":1,"name":"Home","item":"https:\/\/coffeelounge.delonghi.com\/nl-be\/"},{"@type":"ListItem","position":2,"name":"Boutique","item":"https:\/\/coffeelounge.delonghi.com\/fr\/?page_id=36"},{"@type":"ListItem","position":3,"name":"Deca Colombia Sugarcane"}]},{"@type":"WebSite","@id":"https:\/\/coffeelounge.delonghi.com\/nl-be\/#website","url":"https:\/\/coffeelounge.delonghi.com\/nl-be\/","name":"De&#039;Longhi","description":"Coffee Lounge","publisher":{"@id":"https:\/\/coffeelounge.delonghi.com\/nl-be\/#organization"},"potentialAction":[{"@type":"SearchAction","target":{"@type":"EntryPoint","urlTemplate":"https:\/\/coffeelounge.delonghi.com\/nl-be\/?s={search_term_string}"},"query-input":{"@type":"PropertyValueSpecification","valueRequired":true,"valueName":"search_term_string"}}],"inLanguage":"nl-be"},{"@type":"Organization","@id":"https:\/\/coffeelounge.delonghi.com\/nl-be\/#organization","name":"De'Longhi Coffee Lounge","url":"https:\/\/coffeelounge.delonghi.com\/nl-be\/","logo":{"@type":"ImageObject","inLanguage":"nl-be","@id":"https:\/\/coffeelounge.delonghi.com\/nl-be\/#\/schema\/logo\/image\/","url":"https:\/\/coffeelounge.delonghi.com\/wp-content\/uploads\/2020\/05\/delonghi-coffee-lounge-logo-nederland.png","contentUrl":"https:\/\/coffeelounge.delonghi.com\/wp-content\/uploads\/2020\/05\/delonghi-coffee-lounge-logo-nederland.png","width":2337,"height":724,"caption":"De'Longhi Coffee Lounge"},"image":{"@id":"https:\/\/coffeelounge.delonghi.com\/nl-be\/#\/schema\/logo\/image\/"}}]}},"_links":{"self":[{"href":"https:\/\/coffeelounge.delonghi.com\/nl-be\/wp-json\/wp\/v2\/product\/383259","targetHints":{"allow":["GET"]}}],"collection":[{"href":"https:\/\/coffeelounge.delonghi.com\/nl-be\/wp-json\/wp\/v2\/product"}],"about":[{"href":"https:\/\/coffeelounge.delonghi.com\/nl-be\/wp-json\/wp\/v2\/types\/product"}],"replies":[{"embeddable":true,"href":"https:\/\/coffeelounge.delonghi.com\/nl-be\/wp-json\/wp\/v2\/comments?post=383259"}],"version-history":[{"count":2,"href":"https:\/\/coffeelounge.delonghi.com\/nl-be\/wp-json\/wp\/v2\/product\/383259\/revisions"}],"predecessor-version":[{"id":422282,"href":"https:\/\/coffeelounge.delonghi.com\/nl-be\/wp-json\/wp\/v2\/product\/383259\/revisions\/422282"}],"wp:featuredmedia":[{"embeddable":true,"href":"https:\/\/coffeelounge.delonghi.com\/nl-be\/wp-json\/wp\/v2\/media\/416789"}],"wp:attachment":[{"href":"https:\/\/coffeelounge.delonghi.com\/nl-be\/wp-json\/wp\/v2\/media?parent=383259"}],"wp:term":[{"taxonomy":"product_cat","embeddable":true,"href":"https:\/\/coffeelounge.delonghi.com\/nl-be\/wp-json\/wp\/v2\/product_cat?post=383259"},{"taxonomy":"product_tag","embeddable":true,"href":"https:\/\/coffeelounge.delonghi.com\/nl-be\/wp-json\/wp\/v2\/product_tag?post=383259"}],"curies":[{"name":"wp","href":"https:\/\/api.w.org\/{rel}","templated":true}]}}