{"id":166895,"date":"2022-03-29T12:07:32","date_gmt":"2022-03-29T12:07:32","guid":{"rendered":"https:\/\/coffeelounge.delonghi.com\/?post_type=product&#038;p=166895"},"modified":"2024-03-04T13:39:28","modified_gmt":"2024-03-04T13:39:28","slug":"daterra-sunrise","status":"publish","type":"product","link":"https:\/\/coffeelounge.delonghi.com\/nl-be\/product\/daterra-sunrise\/","title":{"rendered":"Daterra Sunrise"},"content":{"rendered":"<p><strong>Daterra Sunrise <\/strong><br \/>\nDe regio Cerrado Koffie wordt in grote rijen verbouwd, zoals wijngaarden. Cerrado heeft \u00e9\u00e9n bloei, \u00e9\u00e9n vruchtvorming en \u00e9\u00e9n gewas. Santos Sunrise kan worden ge\u00efrrigeerd om de mogelijk gebrek aan regen en om de bloei van de koffiebomen.<\/p>\n<p><strong>Plukmethode<\/strong><br \/>\nde pluk van kersen gebeurt met de hand. Droogmethode: in de zon gedroogd Cupprofiel Daterra Sunrise vertoont een diepe nootachtige smaak die mooi is en fris met sterke aroma&#8217;s. Zoete ronding en spannende nasmaak.<\/p>\n<p><strong>Bijzonderheden<\/strong><br \/>\nDe Cerrado is het op \u00e9\u00e9n na grootste ecosysteem van Brazili\u00eb na het Amazone-regenwoud en wordt ook bedreigd met vernietiging. Zoals de Amazon, het is een &#8216;hotspot&#8217; voor biodiversiteit met een verbazingwekkende diversiteit aan soorten, waarvan vele nergens anders op aarde te vinden zijn. Slechts 1,5 procent van de Cerrado is beschermd, wat betekent dat het voortbestaan ervan afhangt van particuliere instandhoudingsinspanningen, zoals in het geval van de duurzame programma&#8217;s.<\/p>\n","protected":false},"excerpt":{"rendered":"<p>Daterra Sunrise De regio Cerrado Koffie wordt in grote rijen verbouwd, zoals wijngaarden. Cerrado heeft \u00e9\u00e9n bloei, \u00e9\u00e9n vruchtvorming en \u00e9\u00e9n gewas. Santos Sunrise kan worden ge\u00efrrigeerd om de mogelijk gebrek aan regen en om de bloei van de koffiebomen. Plukmethode de pluk van kersen gebeurt met de hand. Droogmethode: in de zon gedroogd Cupprofiel [&hellip;]<\/p>\n","protected":false},"featured_media":166899,"comment_status":"closed","ping_status":"closed","template":"","meta":{"_acf_changed":false},"product_cat":[446,448],"product_tag":[],"class_list":{"0":"post-166895","1":"product","2":"type-product","3":"status-publish","4":"has-post-thumbnail","6":"product_cat-alle-koffiesoorten","7":"product_cat-single-origin-nl-be","9":"first","10":"instock","11":"taxable","12":"shipping-taxable","13":"purchasable","14":"product-type-variable"},"acf":[],"yoast_head":"<!-- This site is optimized with the Yoast SEO Premium plugin v24.5 (Yoast SEO v24.5) - https:\/\/yoast.com\/wordpress\/plugins\/seo\/ -->\n<title>Daterra Sunrise | De&#039;Longhi<\/title>\n<meta name=\"description\" content=\"Ontdek de bonen Daterra Sunrise van Mokapi en ga met ons op reis om een wereld van unieke smaakervaringen te ontdekken.\" \/>\n<meta name=\"robots\" content=\"index, follow, max-snippet:-1, max-image-preview:large, max-video-preview:-1\" \/>\n<meta name=\"twitter:card\" content=\"summary_large_image\" \/>\n<meta name=\"twitter:title\" content=\"Daterra Sunrise | De&#039;Longhi\" \/>\n<meta name=\"twitter:description\" content=\"Ontdek de bonen Daterra Sunrise van Mokapi en ga met ons op reis om een wereld van unieke smaakervaringen te ontdekken.\" \/>\n<meta name=\"twitter:image\" content=\"https:\/\/coffeelounge.delonghi.com\/wp-content\/uploads\/2022\/03\/mockup-coffee-datera_1024x1024.webp\" \/>\n<script type=\"application\/ld+json\" class=\"yoast-schema-graph\">{\"@context\":\"https:\/\/schema.org\",\"@graph\":[{\"@type\":\"WebPage\",\"@id\":\"https:\/\/coffeelounge.delonghi.com\/nl-be\/product\/daterra-sunrise\/\",\"url\":\"https:\/\/coffeelounge.delonghi.com\/nl-be\/product\/daterra-sunrise\/\",\"name\":\"Daterra Sunrise | De&#039;Longhi\",\"isPartOf\":{\"@id\":\"https:\/\/coffeelounge.delonghi.com\/nl-be\/#website\"},\"primaryImageOfPage\":{\"@id\":\"https:\/\/coffeelounge.delonghi.com\/nl-be\/product\/daterra-sunrise\/#primaryimage\"},\"image\":{\"@id\":\"https:\/\/coffeelounge.delonghi.com\/nl-be\/product\/daterra-sunrise\/#primaryimage\"},\"thumbnailUrl\":\"https:\/\/coffeelounge.delonghi.com\/wp-content\/uploads\/2022\/03\/mockup-coffee-datera_1024x1024.webp\",\"datePublished\":\"2022-03-29T12:07:32+00:00\",\"dateModified\":\"2024-03-04T13:39:28+00:00\",\"description\":\"Ontdek de bonen Daterra Sunrise van Mokapi en ga met ons op reis om een wereld van unieke smaakervaringen te ontdekken.\",\"breadcrumb\":{\"@id\":\"https:\/\/coffeelounge.delonghi.com\/nl-be\/product\/daterra-sunrise\/#breadcrumb\"},\"inLanguage\":\"nl-be\",\"potentialAction\":[{\"@type\":\"ReadAction\",\"target\":[\"https:\/\/coffeelounge.delonghi.com\/nl-be\/product\/daterra-sunrise\/\"]}]},{\"@type\":\"ImageObject\",\"inLanguage\":\"nl-be\",\"@id\":\"https:\/\/coffeelounge.delonghi.com\/nl-be\/product\/daterra-sunrise\/#primaryimage\",\"url\":\"https:\/\/coffeelounge.delonghi.com\/wp-content\/uploads\/2022\/03\/mockup-coffee-datera_1024x1024.webp\",\"contentUrl\":\"https:\/\/coffeelounge.delonghi.com\/wp-content\/uploads\/2022\/03\/mockup-coffee-datera_1024x1024.webp\",\"width\":717,\"height\":1024,\"caption\":\"Mokapi daterra sunrise\"},{\"@type\":\"BreadcrumbList\",\"@id\":\"https:\/\/coffeelounge.delonghi.com\/nl-be\/product\/daterra-sunrise\/#breadcrumb\",\"itemListElement\":[{\"@type\":\"ListItem\",\"position\":1,\"name\":\"Home\",\"item\":\"https:\/\/coffeelounge.delonghi.com\/nl-be\/\"},{\"@type\":\"ListItem\",\"position\":2,\"name\":\"Boutique\",\"item\":\"https:\/\/coffeelounge.delonghi.com\/fr\/?page_id=36\"},{\"@type\":\"ListItem\",\"position\":3,\"name\":\"Daterra Sunrise\"}]},{\"@type\":\"WebSite\",\"@id\":\"https:\/\/coffeelounge.delonghi.com\/nl-be\/#website\",\"url\":\"https:\/\/coffeelounge.delonghi.com\/nl-be\/\",\"name\":\"De&#039;Longhi\",\"description\":\"Coffee Lounge\",\"publisher\":{\"@id\":\"https:\/\/coffeelounge.delonghi.com\/nl-be\/#organization\"},\"potentialAction\":[{\"@type\":\"SearchAction\",\"target\":{\"@type\":\"EntryPoint\",\"urlTemplate\":\"https:\/\/coffeelounge.delonghi.com\/nl-be\/?s={search_term_string}\"},\"query-input\":{\"@type\":\"PropertyValueSpecification\",\"valueRequired\":true,\"valueName\":\"search_term_string\"}}],\"inLanguage\":\"nl-be\"},{\"@type\":\"Organization\",\"@id\":\"https:\/\/coffeelounge.delonghi.com\/nl-be\/#organization\",\"name\":\"De'Longhi Coffee Lounge\",\"url\":\"https:\/\/coffeelounge.delonghi.com\/nl-be\/\",\"logo\":{\"@type\":\"ImageObject\",\"inLanguage\":\"nl-be\",\"@id\":\"https:\/\/coffeelounge.delonghi.com\/nl-be\/#\/schema\/logo\/image\/\",\"url\":\"https:\/\/coffeelounge.delonghi.com\/wp-content\/uploads\/2020\/05\/delonghi-coffee-lounge-logo-nederland.png\",\"contentUrl\":\"https:\/\/coffeelounge.delonghi.com\/wp-content\/uploads\/2020\/05\/delonghi-coffee-lounge-logo-nederland.png\",\"width\":2337,\"height\":724,\"caption\":\"De'Longhi Coffee Lounge\"},\"image\":{\"@id\":\"https:\/\/coffeelounge.delonghi.com\/nl-be\/#\/schema\/logo\/image\/\"}}]}<\/script>\n<!-- \/ Yoast SEO Premium plugin. -->","yoast_head_json":{"title":"Daterra Sunrise | De&#039;Longhi","description":"Ontdek de bonen Daterra Sunrise van Mokapi en ga met ons op reis om een wereld van unieke smaakervaringen te ontdekken.","robots":{"index":"index","follow":"follow","max-snippet":"max-snippet:-1","max-image-preview":"max-image-preview:large","max-video-preview":"max-video-preview:-1"},"twitter_card":"summary_large_image","twitter_title":"Daterra Sunrise | De&#039;Longhi","twitter_description":"Ontdek de bonen Daterra Sunrise van Mokapi en ga met ons op reis om een wereld van unieke smaakervaringen te ontdekken.","twitter_image":"https:\/\/coffeelounge.delonghi.com\/wp-content\/uploads\/2022\/03\/mockup-coffee-datera_1024x1024.webp","schema":{"@context":"https:\/\/schema.org","@graph":[{"@type":"WebPage","@id":"https:\/\/coffeelounge.delonghi.com\/nl-be\/product\/daterra-sunrise\/","url":"https:\/\/coffeelounge.delonghi.com\/nl-be\/product\/daterra-sunrise\/","name":"Daterra Sunrise | De&#039;Longhi","isPartOf":{"@id":"https:\/\/coffeelounge.delonghi.com\/nl-be\/#website"},"primaryImageOfPage":{"@id":"https:\/\/coffeelounge.delonghi.com\/nl-be\/product\/daterra-sunrise\/#primaryimage"},"image":{"@id":"https:\/\/coffeelounge.delonghi.com\/nl-be\/product\/daterra-sunrise\/#primaryimage"},"thumbnailUrl":"https:\/\/coffeelounge.delonghi.com\/wp-content\/uploads\/2022\/03\/mockup-coffee-datera_1024x1024.webp","datePublished":"2022-03-29T12:07:32+00:00","dateModified":"2024-03-04T13:39:28+00:00","description":"Ontdek de bonen Daterra Sunrise van Mokapi en ga met ons op reis om een wereld van unieke smaakervaringen te ontdekken.","breadcrumb":{"@id":"https:\/\/coffeelounge.delonghi.com\/nl-be\/product\/daterra-sunrise\/#breadcrumb"},"inLanguage":"nl-be","potentialAction":[{"@type":"ReadAction","target":["https:\/\/coffeelounge.delonghi.com\/nl-be\/product\/daterra-sunrise\/"]}]},{"@type":"ImageObject","inLanguage":"nl-be","@id":"https:\/\/coffeelounge.delonghi.com\/nl-be\/product\/daterra-sunrise\/#primaryimage","url":"https:\/\/coffeelounge.delonghi.com\/wp-content\/uploads\/2022\/03\/mockup-coffee-datera_1024x1024.webp","contentUrl":"https:\/\/coffeelounge.delonghi.com\/wp-content\/uploads\/2022\/03\/mockup-coffee-datera_1024x1024.webp","width":717,"height":1024,"caption":"Mokapi daterra sunrise"},{"@type":"BreadcrumbList","@id":"https:\/\/coffeelounge.delonghi.com\/nl-be\/product\/daterra-sunrise\/#breadcrumb","itemListElement":[{"@type":"ListItem","position":1,"name":"Home","item":"https:\/\/coffeelounge.delonghi.com\/nl-be\/"},{"@type":"ListItem","position":2,"name":"Boutique","item":"https:\/\/coffeelounge.delonghi.com\/fr\/?page_id=36"},{"@type":"ListItem","position":3,"name":"Daterra Sunrise"}]},{"@type":"WebSite","@id":"https:\/\/coffeelounge.delonghi.com\/nl-be\/#website","url":"https:\/\/coffeelounge.delonghi.com\/nl-be\/","name":"De&#039;Longhi","description":"Coffee Lounge","publisher":{"@id":"https:\/\/coffeelounge.delonghi.com\/nl-be\/#organization"},"potentialAction":[{"@type":"SearchAction","target":{"@type":"EntryPoint","urlTemplate":"https:\/\/coffeelounge.delonghi.com\/nl-be\/?s={search_term_string}"},"query-input":{"@type":"PropertyValueSpecification","valueRequired":true,"valueName":"search_term_string"}}],"inLanguage":"nl-be"},{"@type":"Organization","@id":"https:\/\/coffeelounge.delonghi.com\/nl-be\/#organization","name":"De'Longhi Coffee Lounge","url":"https:\/\/coffeelounge.delonghi.com\/nl-be\/","logo":{"@type":"ImageObject","inLanguage":"nl-be","@id":"https:\/\/coffeelounge.delonghi.com\/nl-be\/#\/schema\/logo\/image\/","url":"https:\/\/coffeelounge.delonghi.com\/wp-content\/uploads\/2020\/05\/delonghi-coffee-lounge-logo-nederland.png","contentUrl":"https:\/\/coffeelounge.delonghi.com\/wp-content\/uploads\/2020\/05\/delonghi-coffee-lounge-logo-nederland.png","width":2337,"height":724,"caption":"De'Longhi Coffee Lounge"},"image":{"@id":"https:\/\/coffeelounge.delonghi.com\/nl-be\/#\/schema\/logo\/image\/"}}]}},"_links":{"self":[{"href":"https:\/\/coffeelounge.delonghi.com\/nl-be\/wp-json\/wp\/v2\/product\/166895","targetHints":{"allow":["GET"]}}],"collection":[{"href":"https:\/\/coffeelounge.delonghi.com\/nl-be\/wp-json\/wp\/v2\/product"}],"about":[{"href":"https:\/\/coffeelounge.delonghi.com\/nl-be\/wp-json\/wp\/v2\/types\/product"}],"replies":[{"embeddable":true,"href":"https:\/\/coffeelounge.delonghi.com\/nl-be\/wp-json\/wp\/v2\/comments?post=166895"}],"version-history":[{"count":2,"href":"https:\/\/coffeelounge.delonghi.com\/nl-be\/wp-json\/wp\/v2\/product\/166895\/revisions"}],"predecessor-version":[{"id":422284,"href":"https:\/\/coffeelounge.delonghi.com\/nl-be\/wp-json\/wp\/v2\/product\/166895\/revisions\/422284"}],"wp:featuredmedia":[{"embeddable":true,"href":"https:\/\/coffeelounge.delonghi.com\/nl-be\/wp-json\/wp\/v2\/media\/166899"}],"wp:attachment":[{"href":"https:\/\/coffeelounge.delonghi.com\/nl-be\/wp-json\/wp\/v2\/media?parent=166895"}],"wp:term":[{"taxonomy":"product_cat","embeddable":true,"href":"https:\/\/coffeelounge.delonghi.com\/nl-be\/wp-json\/wp\/v2\/product_cat?post=166895"},{"taxonomy":"product_tag","embeddable":true,"href":"https:\/\/coffeelounge.delonghi.com\/nl-be\/wp-json\/wp\/v2\/product_tag?post=166895"}],"curies":[{"name":"wp","href":"https:\/\/api.w.org\/{rel}","templated":true}]}}