{"id":140464,"date":"2022-02-20T13:51:10","date_gmt":"2022-02-20T13:51:10","guid":{"rendered":"https:\/\/coffeelounge.delonghi.com\/?post_type=product&#038;p=140464"},"modified":"2024-03-04T13:41:36","modified_gmt":"2024-03-04T13:41:36","slug":"brasilsunrise","status":"publish","type":"product","link":"https:\/\/coffeelounge.delonghi.com\/nl-be\/product\/brasilsunrise\/","title":{"rendered":"Brasil Sunrise"},"content":{"rendered":"<p>Capricornio Coffees commercialiseert geweldige koffiesoorten van prachtige landgoederen en &#8216;terroirs&#8217; die lid zijn van het Four Seasons Project, met als doel langdurige relaties op te bouwen en meer geld over te maken naar producenten door te geloven dat partnerschappen duurzaam moeten zijn en altijd een win-winsituatie bieden om lang mee te gaan. Het project omvat koffie uit 6 verschillende regio&#8217;s: (1) Norte Pioneiro, (2) Norte Novo in de staat Paran\u00e1, en (3) Sorocabana, (4) Gar\u00e7a en Mar\u00edlia, (5) Circuito das \u00c1guas Paulistas en (6) Alta Mogiana , in de staat S\u00e3o Paulo. In Brazili\u00eb, met een kantoor in Ourinhos, is het bedrijf de enige met een uitgebreid assortiment aan verschillende koffiesoorten uit 6 verschillende productieregio&#8217;s.<\/p>\n","protected":false},"excerpt":{"rendered":"<p>Capricornio Coffees commercialiseert geweldige koffiesoorten van prachtige landgoederen en &#8216;terroirs&#8217; die lid zijn van het Four Seasons Project, met als doel langdurige relaties op te bouwen en meer geld over te maken naar producenten door te geloven dat partnerschappen duurzaam moeten zijn en altijd een win-winsituatie bieden om lang mee te gaan. Het project omvat [&hellip;]<\/p>\n","protected":false},"featured_media":416669,"comment_status":"closed","ping_status":"closed","template":"","meta":{"_acf_changed":false},"product_cat":[446,448],"product_tag":[],"class_list":{"0":"post-140464","1":"product","2":"type-product","3":"status-publish","4":"has-post-thumbnail","6":"product_cat-alle-koffiesoorten","7":"product_cat-single-origin-nl-be","9":"first","10":"instock","11":"taxable","12":"shipping-taxable","13":"purchasable","14":"product-type-variable"},"acf":[],"yoast_head":"<!-- This site is optimized with the Yoast SEO Premium plugin v24.5 (Yoast SEO v24.5) - https:\/\/yoast.com\/wordpress\/plugins\/seo\/ -->\n<title>Brasil Sunrise | De&#039;Longhi<\/title>\n<meta name=\"description\" content=\"Ontdek de bonen Brasil Sunrise van Viva Sara en ga met ons op reis om een wereld van unieke smaakervaringen te ontdekken.\" \/>\n<meta name=\"robots\" content=\"index, follow, max-snippet:-1, max-image-preview:large, max-video-preview:-1\" \/>\n<meta name=\"twitter:card\" content=\"summary_large_image\" \/>\n<meta name=\"twitter:title\" content=\"Brasil Sunrise | De&#039;Longhi\" \/>\n<meta name=\"twitter:description\" content=\"Ontdek de bonen Brasil Sunrise van Viva Sara en ga met ons op reis om een wereld van unieke smaakervaringen te ontdekken.\" \/>\n<meta name=\"twitter:image\" content=\"https:\/\/coffeelounge.delonghi.com\/wp-content\/uploads\/2022\/02\/Brasil_Sunrise.png\" \/>\n<script type=\"application\/ld+json\" class=\"yoast-schema-graph\">{\"@context\":\"https:\/\/schema.org\",\"@graph\":[{\"@type\":\"WebPage\",\"@id\":\"https:\/\/coffeelounge.delonghi.com\/nl-be\/product\/brasilsunrise\/\",\"url\":\"https:\/\/coffeelounge.delonghi.com\/nl-be\/product\/brasilsunrise\/\",\"name\":\"Brasil Sunrise | De&#039;Longhi\",\"isPartOf\":{\"@id\":\"https:\/\/coffeelounge.delonghi.com\/nl-be\/#website\"},\"primaryImageOfPage\":{\"@id\":\"https:\/\/coffeelounge.delonghi.com\/nl-be\/product\/brasilsunrise\/#primaryimage\"},\"image\":{\"@id\":\"https:\/\/coffeelounge.delonghi.com\/nl-be\/product\/brasilsunrise\/#primaryimage\"},\"thumbnailUrl\":\"https:\/\/coffeelounge.delonghi.com\/wp-content\/uploads\/2022\/02\/Brasil_Sunrise.png\",\"datePublished\":\"2022-02-20T13:51:10+00:00\",\"dateModified\":\"2024-03-04T13:41:36+00:00\",\"description\":\"Ontdek de bonen Brasil Sunrise van Viva Sara en ga met ons op reis om een wereld van unieke smaakervaringen te ontdekken.\",\"breadcrumb\":{\"@id\":\"https:\/\/coffeelounge.delonghi.com\/nl-be\/product\/brasilsunrise\/#breadcrumb\"},\"inLanguage\":\"nl-be\",\"potentialAction\":[{\"@type\":\"ReadAction\",\"target\":[\"https:\/\/coffeelounge.delonghi.com\/nl-be\/product\/brasilsunrise\/\"]}]},{\"@type\":\"ImageObject\",\"inLanguage\":\"nl-be\",\"@id\":\"https:\/\/coffeelounge.delonghi.com\/nl-be\/product\/brasilsunrise\/#primaryimage\",\"url\":\"https:\/\/coffeelounge.delonghi.com\/wp-content\/uploads\/2022\/02\/Brasil_Sunrise.png\",\"contentUrl\":\"https:\/\/coffeelounge.delonghi.com\/wp-content\/uploads\/2022\/02\/Brasil_Sunrise.png\",\"width\":612,\"height\":407},{\"@type\":\"BreadcrumbList\",\"@id\":\"https:\/\/coffeelounge.delonghi.com\/nl-be\/product\/brasilsunrise\/#breadcrumb\",\"itemListElement\":[{\"@type\":\"ListItem\",\"position\":1,\"name\":\"Home\",\"item\":\"https:\/\/coffeelounge.delonghi.com\/nl-be\/\"},{\"@type\":\"ListItem\",\"position\":2,\"name\":\"Boutique\",\"item\":\"https:\/\/coffeelounge.delonghi.com\/fr\/?page_id=36\"},{\"@type\":\"ListItem\",\"position\":3,\"name\":\"Brasil Sunrise\"}]},{\"@type\":\"WebSite\",\"@id\":\"https:\/\/coffeelounge.delonghi.com\/nl-be\/#website\",\"url\":\"https:\/\/coffeelounge.delonghi.com\/nl-be\/\",\"name\":\"De&#039;Longhi\",\"description\":\"Coffee Lounge\",\"publisher\":{\"@id\":\"https:\/\/coffeelounge.delonghi.com\/nl-be\/#organization\"},\"potentialAction\":[{\"@type\":\"SearchAction\",\"target\":{\"@type\":\"EntryPoint\",\"urlTemplate\":\"https:\/\/coffeelounge.delonghi.com\/nl-be\/?s={search_term_string}\"},\"query-input\":{\"@type\":\"PropertyValueSpecification\",\"valueRequired\":true,\"valueName\":\"search_term_string\"}}],\"inLanguage\":\"nl-be\"},{\"@type\":\"Organization\",\"@id\":\"https:\/\/coffeelounge.delonghi.com\/nl-be\/#organization\",\"name\":\"De'Longhi Coffee Lounge\",\"url\":\"https:\/\/coffeelounge.delonghi.com\/nl-be\/\",\"logo\":{\"@type\":\"ImageObject\",\"inLanguage\":\"nl-be\",\"@id\":\"https:\/\/coffeelounge.delonghi.com\/nl-be\/#\/schema\/logo\/image\/\",\"url\":\"https:\/\/coffeelounge.delonghi.com\/wp-content\/uploads\/2020\/05\/delonghi-coffee-lounge-logo-nederland.png\",\"contentUrl\":\"https:\/\/coffeelounge.delonghi.com\/wp-content\/uploads\/2020\/05\/delonghi-coffee-lounge-logo-nederland.png\",\"width\":2337,\"height\":724,\"caption\":\"De'Longhi Coffee Lounge\"},\"image\":{\"@id\":\"https:\/\/coffeelounge.delonghi.com\/nl-be\/#\/schema\/logo\/image\/\"}}]}<\/script>\n<!-- \/ Yoast SEO Premium plugin. -->","yoast_head_json":{"title":"Brasil Sunrise | De&#039;Longhi","description":"Ontdek de bonen Brasil Sunrise van Viva Sara en ga met ons op reis om een wereld van unieke smaakervaringen te ontdekken.","robots":{"index":"index","follow":"follow","max-snippet":"max-snippet:-1","max-image-preview":"max-image-preview:large","max-video-preview":"max-video-preview:-1"},"twitter_card":"summary_large_image","twitter_title":"Brasil Sunrise | De&#039;Longhi","twitter_description":"Ontdek de bonen Brasil Sunrise van Viva Sara en ga met ons op reis om een wereld van unieke smaakervaringen te ontdekken.","twitter_image":"https:\/\/coffeelounge.delonghi.com\/wp-content\/uploads\/2022\/02\/Brasil_Sunrise.png","schema":{"@context":"https:\/\/schema.org","@graph":[{"@type":"WebPage","@id":"https:\/\/coffeelounge.delonghi.com\/nl-be\/product\/brasilsunrise\/","url":"https:\/\/coffeelounge.delonghi.com\/nl-be\/product\/brasilsunrise\/","name":"Brasil Sunrise | De&#039;Longhi","isPartOf":{"@id":"https:\/\/coffeelounge.delonghi.com\/nl-be\/#website"},"primaryImageOfPage":{"@id":"https:\/\/coffeelounge.delonghi.com\/nl-be\/product\/brasilsunrise\/#primaryimage"},"image":{"@id":"https:\/\/coffeelounge.delonghi.com\/nl-be\/product\/brasilsunrise\/#primaryimage"},"thumbnailUrl":"https:\/\/coffeelounge.delonghi.com\/wp-content\/uploads\/2022\/02\/Brasil_Sunrise.png","datePublished":"2022-02-20T13:51:10+00:00","dateModified":"2024-03-04T13:41:36+00:00","description":"Ontdek de bonen Brasil Sunrise van Viva Sara en ga met ons op reis om een wereld van unieke smaakervaringen te ontdekken.","breadcrumb":{"@id":"https:\/\/coffeelounge.delonghi.com\/nl-be\/product\/brasilsunrise\/#breadcrumb"},"inLanguage":"nl-be","potentialAction":[{"@type":"ReadAction","target":["https:\/\/coffeelounge.delonghi.com\/nl-be\/product\/brasilsunrise\/"]}]},{"@type":"ImageObject","inLanguage":"nl-be","@id":"https:\/\/coffeelounge.delonghi.com\/nl-be\/product\/brasilsunrise\/#primaryimage","url":"https:\/\/coffeelounge.delonghi.com\/wp-content\/uploads\/2022\/02\/Brasil_Sunrise.png","contentUrl":"https:\/\/coffeelounge.delonghi.com\/wp-content\/uploads\/2022\/02\/Brasil_Sunrise.png","width":612,"height":407},{"@type":"BreadcrumbList","@id":"https:\/\/coffeelounge.delonghi.com\/nl-be\/product\/brasilsunrise\/#breadcrumb","itemListElement":[{"@type":"ListItem","position":1,"name":"Home","item":"https:\/\/coffeelounge.delonghi.com\/nl-be\/"},{"@type":"ListItem","position":2,"name":"Boutique","item":"https:\/\/coffeelounge.delonghi.com\/fr\/?page_id=36"},{"@type":"ListItem","position":3,"name":"Brasil Sunrise"}]},{"@type":"WebSite","@id":"https:\/\/coffeelounge.delonghi.com\/nl-be\/#website","url":"https:\/\/coffeelounge.delonghi.com\/nl-be\/","name":"De&#039;Longhi","description":"Coffee Lounge","publisher":{"@id":"https:\/\/coffeelounge.delonghi.com\/nl-be\/#organization"},"potentialAction":[{"@type":"SearchAction","target":{"@type":"EntryPoint","urlTemplate":"https:\/\/coffeelounge.delonghi.com\/nl-be\/?s={search_term_string}"},"query-input":{"@type":"PropertyValueSpecification","valueRequired":true,"valueName":"search_term_string"}}],"inLanguage":"nl-be"},{"@type":"Organization","@id":"https:\/\/coffeelounge.delonghi.com\/nl-be\/#organization","name":"De'Longhi Coffee Lounge","url":"https:\/\/coffeelounge.delonghi.com\/nl-be\/","logo":{"@type":"ImageObject","inLanguage":"nl-be","@id":"https:\/\/coffeelounge.delonghi.com\/nl-be\/#\/schema\/logo\/image\/","url":"https:\/\/coffeelounge.delonghi.com\/wp-content\/uploads\/2020\/05\/delonghi-coffee-lounge-logo-nederland.png","contentUrl":"https:\/\/coffeelounge.delonghi.com\/wp-content\/uploads\/2020\/05\/delonghi-coffee-lounge-logo-nederland.png","width":2337,"height":724,"caption":"De'Longhi Coffee Lounge"},"image":{"@id":"https:\/\/coffeelounge.delonghi.com\/nl-be\/#\/schema\/logo\/image\/"}}]}},"_links":{"self":[{"href":"https:\/\/coffeelounge.delonghi.com\/nl-be\/wp-json\/wp\/v2\/product\/140464","targetHints":{"allow":["GET"]}}],"collection":[{"href":"https:\/\/coffeelounge.delonghi.com\/nl-be\/wp-json\/wp\/v2\/product"}],"about":[{"href":"https:\/\/coffeelounge.delonghi.com\/nl-be\/wp-json\/wp\/v2\/types\/product"}],"replies":[{"embeddable":true,"href":"https:\/\/coffeelounge.delonghi.com\/nl-be\/wp-json\/wp\/v2\/comments?post=140464"}],"version-history":[{"count":2,"href":"https:\/\/coffeelounge.delonghi.com\/nl-be\/wp-json\/wp\/v2\/product\/140464\/revisions"}],"predecessor-version":[{"id":422296,"href":"https:\/\/coffeelounge.delonghi.com\/nl-be\/wp-json\/wp\/v2\/product\/140464\/revisions\/422296"}],"wp:featuredmedia":[{"embeddable":true,"href":"https:\/\/coffeelounge.delonghi.com\/nl-be\/wp-json\/wp\/v2\/media\/416669"}],"wp:attachment":[{"href":"https:\/\/coffeelounge.delonghi.com\/nl-be\/wp-json\/wp\/v2\/media?parent=140464"}],"wp:term":[{"taxonomy":"product_cat","embeddable":true,"href":"https:\/\/coffeelounge.delonghi.com\/nl-be\/wp-json\/wp\/v2\/product_cat?post=140464"},{"taxonomy":"product_tag","embeddable":true,"href":"https:\/\/coffeelounge.delonghi.com\/nl-be\/wp-json\/wp\/v2\/product_tag?post=140464"}],"curies":[{"name":"wp","href":"https:\/\/api.w.org\/{rel}","templated":true}]}}