{"id":115317,"date":"2022-02-23T16:29:21","date_gmt":"2022-02-23T16:29:21","guid":{"rendered":"https:\/\/coffeelounge.delonghi.com\/?post_type=product&#038;p=115317"},"modified":"2024-03-04T13:41:15","modified_gmt":"2024-03-04T13:41:15","slug":"colombia-tumbaga-decaf-2","status":"publish","type":"product","link":"https:\/\/coffeelounge.delonghi.com\/nl-be\/product\/colombia-tumbaga-decaf-2\/","title":{"rendered":"Colombia &#8211; Tumbaga (DECAF)"},"content":{"rendered":"<p><span class=\"S1PPyQ\">Een smakelijke cafe\u00efnevrije koffie met een natuurlijk extractieproces, het is een uitdaging&#8230;<br \/>\n<\/span>Onze Tumbaga Suikerriet Decaf is zoet en evenwichtig, met tonen van melkchocolade, bruine suiker, karamel en peer.<\/p>\n<p class=\"_04xlpA direction-ltr align-end para-style-body\"><span class=\"S1PPyQ\">Suikerriet cafe\u00efnevrij, ook wel natuurlijk cafe\u00efnevrij genoemd, tilt cafe\u00efnevrije koffie naar een hoger niveau met behulp van een relatief nieuwe en revolutionaire cafe\u00efnevrije techniek. Voor deze cafe\u00efnevrije koffie is het proces zo natuurlijk mogelijk, het maakt gebruik van een natuurlijk voorkomende verbinding, ethylacetaat (EA), afgeleid van suikerriet, om de koffie cafe\u00efnevrij te maken.<\/span><\/p>\n<p class=\"_04xlpA direction-ltr align-end para-style-body\"><span class=\"S1PPyQ\">Het proces is relatief eenvoudig, de koffiebonen worden bevochtigd met water en EA wordt overal gecirculeerd. De EA bindt zich met de cafe\u00efne in de boon en extraheert de cafe\u00efne terwijl de meeste andere smaakstoffen overblijven.<\/span><\/p>\n<p class=\"_04xlpA direction-ltr align-end para-style-body\"><span class=\"S1PPyQ\">Een geweldig kopje, zelfs voor het slapengaan!<\/span><\/p>\n","protected":false},"excerpt":{"rendered":"<p>Een smakelijke cafe\u00efnevrije koffie met een natuurlijk extractieproces, het is een uitdaging&#8230; Onze Tumbaga Suikerriet Decaf is zoet en evenwichtig, met tonen van melkchocolade, bruine suiker, karamel en peer. Suikerriet cafe\u00efnevrij, ook wel natuurlijk cafe\u00efnevrij genoemd, tilt cafe\u00efnevrije koffie naar een hoger niveau met behulp van een relatief nieuwe en revolutionaire cafe\u00efnevrije techniek. Voor deze [&hellip;]<\/p>\n","protected":false},"featured_media":416736,"comment_status":"closed","ping_status":"closed","template":"","meta":{"_acf_changed":false},"product_cat":[446,448,449],"product_tag":[],"class_list":{"0":"post-115317","1":"product","2":"type-product","3":"status-publish","4":"has-post-thumbnail","6":"product_cat-alle-koffiesoorten","7":"product_cat-single-origin-nl-be","8":"product_cat-specialty","10":"first","11":"instock","12":"taxable","13":"shipping-taxable","14":"purchasable","15":"product-type-variable"},"acf":[],"yoast_head":"<!-- This site is optimized with the Yoast SEO Premium plugin v24.5 (Yoast SEO v24.5) - https:\/\/yoast.com\/wordpress\/plugins\/seo\/ -->\n<title>Colombia - Tumbaga (DECAF) | De&#039;Longhi<\/title>\n<meta name=\"description\" content=\"Scroll door onze selectie koffie van enkel de beste branders en ga met ons op reis om een wereld van unieke smaakervaringen te ontdekken.\" \/>\n<meta name=\"robots\" content=\"index, follow, max-snippet:-1, max-image-preview:large, max-video-preview:-1\" \/>\n<meta name=\"twitter:card\" content=\"summary_large_image\" \/>\n<meta name=\"twitter:title\" content=\"Colombia - Tumbaga (DECAF) | De&#039;Longhi\" \/>\n<meta name=\"twitter:description\" content=\"Scroll door onze selectie koffie van enkel de beste branders en ga met ons op reis om een wereld van unieke smaakervaringen te ontdekken.\" \/>\n<meta name=\"twitter:image\" content=\"https:\/\/coffeelounge.delonghi.com\/wp-content\/uploads\/2022\/02\/Colombia\u2013Tumbaga-Decaf.png\" \/>\n<script type=\"application\/ld+json\" class=\"yoast-schema-graph\">{\"@context\":\"https:\/\/schema.org\",\"@graph\":[{\"@type\":\"WebPage\",\"@id\":\"https:\/\/coffeelounge.delonghi.com\/nl-be\/product\/colombia-tumbaga-decaf-2\/\",\"url\":\"https:\/\/coffeelounge.delonghi.com\/nl-be\/product\/colombia-tumbaga-decaf-2\/\",\"name\":\"Colombia - Tumbaga (DECAF) | De&#039;Longhi\",\"isPartOf\":{\"@id\":\"https:\/\/coffeelounge.delonghi.com\/nl-be\/#website\"},\"primaryImageOfPage\":{\"@id\":\"https:\/\/coffeelounge.delonghi.com\/nl-be\/product\/colombia-tumbaga-decaf-2\/#primaryimage\"},\"image\":{\"@id\":\"https:\/\/coffeelounge.delonghi.com\/nl-be\/product\/colombia-tumbaga-decaf-2\/#primaryimage\"},\"thumbnailUrl\":\"https:\/\/coffeelounge.delonghi.com\/wp-content\/uploads\/2022\/02\/Colombia\u2013Tumbaga-Decaf.png\",\"datePublished\":\"2022-02-23T16:29:21+00:00\",\"dateModified\":\"2024-03-04T13:41:15+00:00\",\"description\":\"Scroll door onze selectie koffie van enkel de beste branders en ga met ons op reis om een wereld van unieke smaakervaringen te ontdekken.\",\"breadcrumb\":{\"@id\":\"https:\/\/coffeelounge.delonghi.com\/nl-be\/product\/colombia-tumbaga-decaf-2\/#breadcrumb\"},\"inLanguage\":\"nl-be\",\"potentialAction\":[{\"@type\":\"ReadAction\",\"target\":[\"https:\/\/coffeelounge.delonghi.com\/nl-be\/product\/colombia-tumbaga-decaf-2\/\"]}]},{\"@type\":\"ImageObject\",\"inLanguage\":\"nl-be\",\"@id\":\"https:\/\/coffeelounge.delonghi.com\/nl-be\/product\/colombia-tumbaga-decaf-2\/#primaryimage\",\"url\":\"https:\/\/coffeelounge.delonghi.com\/wp-content\/uploads\/2022\/02\/Colombia\u2013Tumbaga-Decaf.png\",\"contentUrl\":\"https:\/\/coffeelounge.delonghi.com\/wp-content\/uploads\/2022\/02\/Colombia\u2013Tumbaga-Decaf.png\",\"width\":1295,\"height\":1335},{\"@type\":\"BreadcrumbList\",\"@id\":\"https:\/\/coffeelounge.delonghi.com\/nl-be\/product\/colombia-tumbaga-decaf-2\/#breadcrumb\",\"itemListElement\":[{\"@type\":\"ListItem\",\"position\":1,\"name\":\"Home\",\"item\":\"https:\/\/coffeelounge.delonghi.com\/nl-be\/\"},{\"@type\":\"ListItem\",\"position\":2,\"name\":\"Boutique\",\"item\":\"https:\/\/coffeelounge.delonghi.com\/fr\/?page_id=36\"},{\"@type\":\"ListItem\",\"position\":3,\"name\":\"Colombia &#8211; Tumbaga (DECAF)\"}]},{\"@type\":\"WebSite\",\"@id\":\"https:\/\/coffeelounge.delonghi.com\/nl-be\/#website\",\"url\":\"https:\/\/coffeelounge.delonghi.com\/nl-be\/\",\"name\":\"De&#039;Longhi\",\"description\":\"Coffee Lounge\",\"publisher\":{\"@id\":\"https:\/\/coffeelounge.delonghi.com\/nl-be\/#organization\"},\"potentialAction\":[{\"@type\":\"SearchAction\",\"target\":{\"@type\":\"EntryPoint\",\"urlTemplate\":\"https:\/\/coffeelounge.delonghi.com\/nl-be\/?s={search_term_string}\"},\"query-input\":{\"@type\":\"PropertyValueSpecification\",\"valueRequired\":true,\"valueName\":\"search_term_string\"}}],\"inLanguage\":\"nl-be\"},{\"@type\":\"Organization\",\"@id\":\"https:\/\/coffeelounge.delonghi.com\/nl-be\/#organization\",\"name\":\"De'Longhi Coffee Lounge\",\"url\":\"https:\/\/coffeelounge.delonghi.com\/nl-be\/\",\"logo\":{\"@type\":\"ImageObject\",\"inLanguage\":\"nl-be\",\"@id\":\"https:\/\/coffeelounge.delonghi.com\/nl-be\/#\/schema\/logo\/image\/\",\"url\":\"https:\/\/coffeelounge.delonghi.com\/wp-content\/uploads\/2020\/05\/delonghi-coffee-lounge-logo-nederland.png\",\"contentUrl\":\"https:\/\/coffeelounge.delonghi.com\/wp-content\/uploads\/2020\/05\/delonghi-coffee-lounge-logo-nederland.png\",\"width\":2337,\"height\":724,\"caption\":\"De'Longhi Coffee Lounge\"},\"image\":{\"@id\":\"https:\/\/coffeelounge.delonghi.com\/nl-be\/#\/schema\/logo\/image\/\"}}]}<\/script>\n<!-- \/ Yoast SEO Premium plugin. -->","yoast_head_json":{"title":"Colombia - Tumbaga (DECAF) | De&#039;Longhi","description":"Scroll door onze selectie koffie van enkel de beste branders en ga met ons op reis om een wereld van unieke smaakervaringen te ontdekken.","robots":{"index":"index","follow":"follow","max-snippet":"max-snippet:-1","max-image-preview":"max-image-preview:large","max-video-preview":"max-video-preview:-1"},"twitter_card":"summary_large_image","twitter_title":"Colombia - Tumbaga (DECAF) | De&#039;Longhi","twitter_description":"Scroll door onze selectie koffie van enkel de beste branders en ga met ons op reis om een wereld van unieke smaakervaringen te ontdekken.","twitter_image":"https:\/\/coffeelounge.delonghi.com\/wp-content\/uploads\/2022\/02\/Colombia\u2013Tumbaga-Decaf.png","schema":{"@context":"https:\/\/schema.org","@graph":[{"@type":"WebPage","@id":"https:\/\/coffeelounge.delonghi.com\/nl-be\/product\/colombia-tumbaga-decaf-2\/","url":"https:\/\/coffeelounge.delonghi.com\/nl-be\/product\/colombia-tumbaga-decaf-2\/","name":"Colombia - Tumbaga (DECAF) | De&#039;Longhi","isPartOf":{"@id":"https:\/\/coffeelounge.delonghi.com\/nl-be\/#website"},"primaryImageOfPage":{"@id":"https:\/\/coffeelounge.delonghi.com\/nl-be\/product\/colombia-tumbaga-decaf-2\/#primaryimage"},"image":{"@id":"https:\/\/coffeelounge.delonghi.com\/nl-be\/product\/colombia-tumbaga-decaf-2\/#primaryimage"},"thumbnailUrl":"https:\/\/coffeelounge.delonghi.com\/wp-content\/uploads\/2022\/02\/Colombia\u2013Tumbaga-Decaf.png","datePublished":"2022-02-23T16:29:21+00:00","dateModified":"2024-03-04T13:41:15+00:00","description":"Scroll door onze selectie koffie van enkel de beste branders en ga met ons op reis om een wereld van unieke smaakervaringen te ontdekken.","breadcrumb":{"@id":"https:\/\/coffeelounge.delonghi.com\/nl-be\/product\/colombia-tumbaga-decaf-2\/#breadcrumb"},"inLanguage":"nl-be","potentialAction":[{"@type":"ReadAction","target":["https:\/\/coffeelounge.delonghi.com\/nl-be\/product\/colombia-tumbaga-decaf-2\/"]}]},{"@type":"ImageObject","inLanguage":"nl-be","@id":"https:\/\/coffeelounge.delonghi.com\/nl-be\/product\/colombia-tumbaga-decaf-2\/#primaryimage","url":"https:\/\/coffeelounge.delonghi.com\/wp-content\/uploads\/2022\/02\/Colombia\u2013Tumbaga-Decaf.png","contentUrl":"https:\/\/coffeelounge.delonghi.com\/wp-content\/uploads\/2022\/02\/Colombia\u2013Tumbaga-Decaf.png","width":1295,"height":1335},{"@type":"BreadcrumbList","@id":"https:\/\/coffeelounge.delonghi.com\/nl-be\/product\/colombia-tumbaga-decaf-2\/#breadcrumb","itemListElement":[{"@type":"ListItem","position":1,"name":"Home","item":"https:\/\/coffeelounge.delonghi.com\/nl-be\/"},{"@type":"ListItem","position":2,"name":"Boutique","item":"https:\/\/coffeelounge.delonghi.com\/fr\/?page_id=36"},{"@type":"ListItem","position":3,"name":"Colombia &#8211; Tumbaga (DECAF)"}]},{"@type":"WebSite","@id":"https:\/\/coffeelounge.delonghi.com\/nl-be\/#website","url":"https:\/\/coffeelounge.delonghi.com\/nl-be\/","name":"De&#039;Longhi","description":"Coffee Lounge","publisher":{"@id":"https:\/\/coffeelounge.delonghi.com\/nl-be\/#organization"},"potentialAction":[{"@type":"SearchAction","target":{"@type":"EntryPoint","urlTemplate":"https:\/\/coffeelounge.delonghi.com\/nl-be\/?s={search_term_string}"},"query-input":{"@type":"PropertyValueSpecification","valueRequired":true,"valueName":"search_term_string"}}],"inLanguage":"nl-be"},{"@type":"Organization","@id":"https:\/\/coffeelounge.delonghi.com\/nl-be\/#organization","name":"De'Longhi Coffee Lounge","url":"https:\/\/coffeelounge.delonghi.com\/nl-be\/","logo":{"@type":"ImageObject","inLanguage":"nl-be","@id":"https:\/\/coffeelounge.delonghi.com\/nl-be\/#\/schema\/logo\/image\/","url":"https:\/\/coffeelounge.delonghi.com\/wp-content\/uploads\/2020\/05\/delonghi-coffee-lounge-logo-nederland.png","contentUrl":"https:\/\/coffeelounge.delonghi.com\/wp-content\/uploads\/2020\/05\/delonghi-coffee-lounge-logo-nederland.png","width":2337,"height":724,"caption":"De'Longhi Coffee Lounge"},"image":{"@id":"https:\/\/coffeelounge.delonghi.com\/nl-be\/#\/schema\/logo\/image\/"}}]}},"_links":{"self":[{"href":"https:\/\/coffeelounge.delonghi.com\/nl-be\/wp-json\/wp\/v2\/product\/115317","targetHints":{"allow":["GET"]}}],"collection":[{"href":"https:\/\/coffeelounge.delonghi.com\/nl-be\/wp-json\/wp\/v2\/product"}],"about":[{"href":"https:\/\/coffeelounge.delonghi.com\/nl-be\/wp-json\/wp\/v2\/types\/product"}],"replies":[{"embeddable":true,"href":"https:\/\/coffeelounge.delonghi.com\/nl-be\/wp-json\/wp\/v2\/comments?post=115317"}],"version-history":[{"count":6,"href":"https:\/\/coffeelounge.delonghi.com\/nl-be\/wp-json\/wp\/v2\/product\/115317\/revisions"}],"predecessor-version":[{"id":422293,"href":"https:\/\/coffeelounge.delonghi.com\/nl-be\/wp-json\/wp\/v2\/product\/115317\/revisions\/422293"}],"wp:featuredmedia":[{"embeddable":true,"href":"https:\/\/coffeelounge.delonghi.com\/nl-be\/wp-json\/wp\/v2\/media\/416736"}],"wp:attachment":[{"href":"https:\/\/coffeelounge.delonghi.com\/nl-be\/wp-json\/wp\/v2\/media?parent=115317"}],"wp:term":[{"taxonomy":"product_cat","embeddable":true,"href":"https:\/\/coffeelounge.delonghi.com\/nl-be\/wp-json\/wp\/v2\/product_cat?post=115317"},{"taxonomy":"product_tag","embeddable":true,"href":"https:\/\/coffeelounge.delonghi.com\/nl-be\/wp-json\/wp\/v2\/product_tag?post=115317"}],"curies":[{"name":"wp","href":"https:\/\/api.w.org\/{rel}","templated":true}]}}