{"id":84428,"date":"2021-11-16T09:31:59","date_gmt":"2021-11-16T09:31:59","guid":{"rendered":"https:\/\/coffeelounge.delonghi.com\/?post_type=product&#038;p=84428"},"modified":"2024-03-04T07:51:04","modified_gmt":"2024-03-04T07:51:04","slug":"wet-n7-kenya-masai-top-quality-aa","status":"publish","type":"product","link":"https:\/\/coffeelounge.delonghi.com\/it\/product\/wet-n7-kenya-masai-top-quality-aa\/","title":{"rendered":"WET N\u00b07 Kenya Masai Top Quality AA"},"content":{"rendered":"<p>Questo Top Quality del Kenya nasce nella Regione di Kiambu, municipio di Nairobi Area ad un altitudine compresa tra i 1.500 ed i 1.800 mslm. Le ciliege mature sono raccolte a mano e portate al centro di lavorazione. Qui i chicchi vengono spolpati, lavati e fatti asciugare al sole sopra delle strutture di legno sospesi.<br \/>\nTostato con legno di ciliegio questo caff\u00e8 presenta in tazza un aroma complesso con note fruttate, bergamotto e citronella che successivamente si arricchiscono con una evidente vena di rosa damascena. Acidit\u00e0 fine con corposit\u00e0 gradevole e rotonda, il prolungato retrogusto fa emergere la dolcezza di questo caff\u00e8 con sentori di miele, agrumi e spezie con punte di vaniglia e noci.<br \/>\nQuality Score: 86,75 Produttore: Cooperative di piccoli agricoltori. Metodo di lavorazione: Lavato e asciugato al sole. Zona di produzione: Regione di Kiambu, municipio di Nairobi Area. Altitudine di coltivazione: 1.500\/1.800 mslm. Variet\u00e0 botanica: SL 28, SL 34, Ruiru1, Hibrid Baitan. Metodo di raccolto: Picking manuale. Periodo di raccolto: da Ottobre a Dicembre.<br \/>\nModalit\u00e0 di tostatura: a legna. Tipologia di legno usata: ciliegio stagionato. Tipo di tostatura: Media. Temperatura: 189-195 gradi. Ogni singola origine \u00e8 stata tostata separatamente.<\/p>\n<p><strong>CERTIFICAZIONE<\/strong>: Tostato a legna<\/p>\n","protected":false},"excerpt":{"rendered":"<p>Questo Top Quality del Kenya nasce nella Regione di Kiambu, municipio di Nairobi Area ad un altitudine compresa tra i 1.500 ed i 1.800 mslm. Le ciliege mature sono raccolte a mano e portate al centro di lavorazione. Qui i chicchi vengono spolpati, lavati e fatti asciugare al sole sopra delle strutture di legno sospesi. [&hellip;]<\/p>\n","protected":false},"featured_media":415966,"comment_status":"closed","ping_status":"closed","template":"","meta":{"_acf_changed":false},"product_cat":[74,26],"product_tag":[],"class_list":{"0":"post-84428","1":"product","2":"type-product","3":"status-publish","4":"has-post-thumbnail","6":"product_cat-tutti","7":"product_cat-specialita","9":"first","10":"instock","11":"taxable","12":"shipping-taxable","13":"purchasable","14":"product-type-variable"},"acf":[],"yoast_head":"<!-- This site is optimized with the Yoast SEO Premium plugin v24.5 (Yoast SEO v24.5) - https:\/\/yoast.com\/wordpress\/plugins\/seo\/ -->\n<title>WET N\u00b07 Kenya Masai Top Quality AA | De&#039;Longhi<\/title>\n<meta name=\"description\" content=\"Questo Top Quality del Kenya nasce nella Regione di Kiambu, municipio di Nairobi Area ad un altitudine compresa tra i 1.500 ed i 1.800 mslm.\" \/>\n<meta name=\"robots\" content=\"index, follow, max-snippet:-1, max-image-preview:large, max-video-preview:-1\" \/>\n<meta name=\"twitter:card\" content=\"summary_large_image\" \/>\n<meta name=\"twitter:title\" content=\"WET N\u00b07 Kenya Masai Top Quality AA | De&#039;Longhi\" \/>\n<meta name=\"twitter:description\" content=\"Questo Top Quality del Kenya nasce nella Regione di Kiambu, municipio di Nairobi Area ad un altitudine compresa tra i 1.500 ed i 1.800 mslm.\" \/>\n<meta name=\"twitter:image\" content=\"https:\/\/coffeelounge.delonghi.com\/wp-content\/uploads\/2021\/11\/kenya-masai-wetcaffe-roma-arabica-caffe-tostato-a-legna-1.png\" \/>\n<script type=\"application\/ld+json\" class=\"yoast-schema-graph\">{\"@context\":\"https:\/\/schema.org\",\"@graph\":[{\"@type\":\"WebPage\",\"@id\":\"https:\/\/coffeelounge.delonghi.com\/it\/product\/wet-n7-kenya-masai-top-quality-aa\/\",\"url\":\"https:\/\/coffeelounge.delonghi.com\/it\/product\/wet-n7-kenya-masai-top-quality-aa\/\",\"name\":\"WET N\u00b07 Kenya Masai Top Quality AA | De&#039;Longhi\",\"isPartOf\":{\"@id\":\"https:\/\/coffeelounge.delonghi.com\/it\/#website\"},\"primaryImageOfPage\":{\"@id\":\"https:\/\/coffeelounge.delonghi.com\/it\/product\/wet-n7-kenya-masai-top-quality-aa\/#primaryimage\"},\"image\":{\"@id\":\"https:\/\/coffeelounge.delonghi.com\/it\/product\/wet-n7-kenya-masai-top-quality-aa\/#primaryimage\"},\"thumbnailUrl\":\"https:\/\/coffeelounge.delonghi.com\/wp-content\/uploads\/2021\/11\/kenya-masai-wetcaffe-roma-arabica-caffe-tostato-a-legna-1.png\",\"datePublished\":\"2021-11-16T09:31:59+00:00\",\"dateModified\":\"2024-03-04T07:51:04+00:00\",\"description\":\"Questo Top Quality del Kenya nasce nella Regione di Kiambu, municipio di Nairobi Area ad un altitudine compresa tra i 1.500 ed i 1.800 mslm.\",\"breadcrumb\":{\"@id\":\"https:\/\/coffeelounge.delonghi.com\/it\/product\/wet-n7-kenya-masai-top-quality-aa\/#breadcrumb\"},\"inLanguage\":\"it-IT\",\"potentialAction\":[{\"@type\":\"ReadAction\",\"target\":[\"https:\/\/coffeelounge.delonghi.com\/it\/product\/wet-n7-kenya-masai-top-quality-aa\/\"]}]},{\"@type\":\"ImageObject\",\"inLanguage\":\"it-IT\",\"@id\":\"https:\/\/coffeelounge.delonghi.com\/it\/product\/wet-n7-kenya-masai-top-quality-aa\/#primaryimage\",\"url\":\"https:\/\/coffeelounge.delonghi.com\/wp-content\/uploads\/2021\/11\/kenya-masai-wetcaffe-roma-arabica-caffe-tostato-a-legna-1.png\",\"contentUrl\":\"https:\/\/coffeelounge.delonghi.com\/wp-content\/uploads\/2021\/11\/kenya-masai-wetcaffe-roma-arabica-caffe-tostato-a-legna-1.png\",\"width\":779,\"height\":779},{\"@type\":\"BreadcrumbList\",\"@id\":\"https:\/\/coffeelounge.delonghi.com\/it\/product\/wet-n7-kenya-masai-top-quality-aa\/#breadcrumb\",\"itemListElement\":[{\"@type\":\"ListItem\",\"position\":1,\"name\":\"Home\",\"item\":\"https:\/\/coffeelounge.delonghi.com\/it\/\"},{\"@type\":\"ListItem\",\"position\":2,\"name\":\"Boutique\",\"item\":\"https:\/\/coffeelounge.delonghi.com\/fr\/?page_id=36\"},{\"@type\":\"ListItem\",\"position\":3,\"name\":\"WET N\u00b07 Kenya Masai Top Quality AA\"}]},{\"@type\":\"WebSite\",\"@id\":\"https:\/\/coffeelounge.delonghi.com\/it\/#website\",\"url\":\"https:\/\/coffeelounge.delonghi.com\/it\/\",\"name\":\"De&#039;Longhi\",\"description\":\"Coffee Lounge\",\"publisher\":{\"@id\":\"https:\/\/coffeelounge.delonghi.com\/it\/#organization\"},\"potentialAction\":[{\"@type\":\"SearchAction\",\"target\":{\"@type\":\"EntryPoint\",\"urlTemplate\":\"https:\/\/coffeelounge.delonghi.com\/it\/?s={search_term_string}\"},\"query-input\":{\"@type\":\"PropertyValueSpecification\",\"valueRequired\":true,\"valueName\":\"search_term_string\"}}],\"inLanguage\":\"it-IT\"},{\"@type\":\"Organization\",\"@id\":\"https:\/\/coffeelounge.delonghi.com\/it\/#organization\",\"name\":\"De'Longhi Coffee Lounge\",\"url\":\"https:\/\/coffeelounge.delonghi.com\/it\/\",\"logo\":{\"@type\":\"ImageObject\",\"inLanguage\":\"it-IT\",\"@id\":\"https:\/\/coffeelounge.delonghi.com\/it\/#\/schema\/logo\/image\/\",\"url\":\"https:\/\/coffeelounge.delonghi.com\/wp-content\/uploads\/2020\/05\/delonghi-coffee-lounge-logo-nederland.png\",\"contentUrl\":\"https:\/\/coffeelounge.delonghi.com\/wp-content\/uploads\/2020\/05\/delonghi-coffee-lounge-logo-nederland.png\",\"width\":2337,\"height\":724,\"caption\":\"De'Longhi Coffee Lounge\"},\"image\":{\"@id\":\"https:\/\/coffeelounge.delonghi.com\/it\/#\/schema\/logo\/image\/\"}}]}<\/script>\n<!-- \/ Yoast SEO Premium plugin. -->","yoast_head_json":{"title":"WET N\u00b07 Kenya Masai Top Quality AA | De&#039;Longhi","description":"Questo Top Quality del Kenya nasce nella Regione di Kiambu, municipio di Nairobi Area ad un altitudine compresa tra i 1.500 ed i 1.800 mslm.","robots":{"index":"index","follow":"follow","max-snippet":"max-snippet:-1","max-image-preview":"max-image-preview:large","max-video-preview":"max-video-preview:-1"},"twitter_card":"summary_large_image","twitter_title":"WET N\u00b07 Kenya Masai Top Quality AA | De&#039;Longhi","twitter_description":"Questo Top Quality del Kenya nasce nella Regione di Kiambu, municipio di Nairobi Area ad un altitudine compresa tra i 1.500 ed i 1.800 mslm.","twitter_image":"https:\/\/coffeelounge.delonghi.com\/wp-content\/uploads\/2021\/11\/kenya-masai-wetcaffe-roma-arabica-caffe-tostato-a-legna-1.png","schema":{"@context":"https:\/\/schema.org","@graph":[{"@type":"WebPage","@id":"https:\/\/coffeelounge.delonghi.com\/it\/product\/wet-n7-kenya-masai-top-quality-aa\/","url":"https:\/\/coffeelounge.delonghi.com\/it\/product\/wet-n7-kenya-masai-top-quality-aa\/","name":"WET N\u00b07 Kenya Masai Top Quality AA | De&#039;Longhi","isPartOf":{"@id":"https:\/\/coffeelounge.delonghi.com\/it\/#website"},"primaryImageOfPage":{"@id":"https:\/\/coffeelounge.delonghi.com\/it\/product\/wet-n7-kenya-masai-top-quality-aa\/#primaryimage"},"image":{"@id":"https:\/\/coffeelounge.delonghi.com\/it\/product\/wet-n7-kenya-masai-top-quality-aa\/#primaryimage"},"thumbnailUrl":"https:\/\/coffeelounge.delonghi.com\/wp-content\/uploads\/2021\/11\/kenya-masai-wetcaffe-roma-arabica-caffe-tostato-a-legna-1.png","datePublished":"2021-11-16T09:31:59+00:00","dateModified":"2024-03-04T07:51:04+00:00","description":"Questo Top Quality del Kenya nasce nella Regione di Kiambu, municipio di Nairobi Area ad un altitudine compresa tra i 1.500 ed i 1.800 mslm.","breadcrumb":{"@id":"https:\/\/coffeelounge.delonghi.com\/it\/product\/wet-n7-kenya-masai-top-quality-aa\/#breadcrumb"},"inLanguage":"it-IT","potentialAction":[{"@type":"ReadAction","target":["https:\/\/coffeelounge.delonghi.com\/it\/product\/wet-n7-kenya-masai-top-quality-aa\/"]}]},{"@type":"ImageObject","inLanguage":"it-IT","@id":"https:\/\/coffeelounge.delonghi.com\/it\/product\/wet-n7-kenya-masai-top-quality-aa\/#primaryimage","url":"https:\/\/coffeelounge.delonghi.com\/wp-content\/uploads\/2021\/11\/kenya-masai-wetcaffe-roma-arabica-caffe-tostato-a-legna-1.png","contentUrl":"https:\/\/coffeelounge.delonghi.com\/wp-content\/uploads\/2021\/11\/kenya-masai-wetcaffe-roma-arabica-caffe-tostato-a-legna-1.png","width":779,"height":779},{"@type":"BreadcrumbList","@id":"https:\/\/coffeelounge.delonghi.com\/it\/product\/wet-n7-kenya-masai-top-quality-aa\/#breadcrumb","itemListElement":[{"@type":"ListItem","position":1,"name":"Home","item":"https:\/\/coffeelounge.delonghi.com\/it\/"},{"@type":"ListItem","position":2,"name":"Boutique","item":"https:\/\/coffeelounge.delonghi.com\/fr\/?page_id=36"},{"@type":"ListItem","position":3,"name":"WET N\u00b07 Kenya Masai Top Quality AA"}]},{"@type":"WebSite","@id":"https:\/\/coffeelounge.delonghi.com\/it\/#website","url":"https:\/\/coffeelounge.delonghi.com\/it\/","name":"De&#039;Longhi","description":"Coffee Lounge","publisher":{"@id":"https:\/\/coffeelounge.delonghi.com\/it\/#organization"},"potentialAction":[{"@type":"SearchAction","target":{"@type":"EntryPoint","urlTemplate":"https:\/\/coffeelounge.delonghi.com\/it\/?s={search_term_string}"},"query-input":{"@type":"PropertyValueSpecification","valueRequired":true,"valueName":"search_term_string"}}],"inLanguage":"it-IT"},{"@type":"Organization","@id":"https:\/\/coffeelounge.delonghi.com\/it\/#organization","name":"De'Longhi Coffee Lounge","url":"https:\/\/coffeelounge.delonghi.com\/it\/","logo":{"@type":"ImageObject","inLanguage":"it-IT","@id":"https:\/\/coffeelounge.delonghi.com\/it\/#\/schema\/logo\/image\/","url":"https:\/\/coffeelounge.delonghi.com\/wp-content\/uploads\/2020\/05\/delonghi-coffee-lounge-logo-nederland.png","contentUrl":"https:\/\/coffeelounge.delonghi.com\/wp-content\/uploads\/2020\/05\/delonghi-coffee-lounge-logo-nederland.png","width":2337,"height":724,"caption":"De'Longhi Coffee Lounge"},"image":{"@id":"https:\/\/coffeelounge.delonghi.com\/it\/#\/schema\/logo\/image\/"}}]}},"_links":{"self":[{"href":"https:\/\/coffeelounge.delonghi.com\/it\/wp-json\/wp\/v2\/product\/84428","targetHints":{"allow":["GET"]}}],"collection":[{"href":"https:\/\/coffeelounge.delonghi.com\/it\/wp-json\/wp\/v2\/product"}],"about":[{"href":"https:\/\/coffeelounge.delonghi.com\/it\/wp-json\/wp\/v2\/types\/product"}],"replies":[{"embeddable":true,"href":"https:\/\/coffeelounge.delonghi.com\/it\/wp-json\/wp\/v2\/comments?post=84428"}],"version-history":[{"count":2,"href":"https:\/\/coffeelounge.delonghi.com\/it\/wp-json\/wp\/v2\/product\/84428\/revisions"}],"predecessor-version":[{"id":421882,"href":"https:\/\/coffeelounge.delonghi.com\/it\/wp-json\/wp\/v2\/product\/84428\/revisions\/421882"}],"wp:featuredmedia":[{"embeddable":true,"href":"https:\/\/coffeelounge.delonghi.com\/it\/wp-json\/wp\/v2\/media\/415966"}],"wp:attachment":[{"href":"https:\/\/coffeelounge.delonghi.com\/it\/wp-json\/wp\/v2\/media?parent=84428"}],"wp:term":[{"taxonomy":"product_cat","embeddable":true,"href":"https:\/\/coffeelounge.delonghi.com\/it\/wp-json\/wp\/v2\/product_cat?post=84428"},{"taxonomy":"product_tag","embeddable":true,"href":"https:\/\/coffeelounge.delonghi.com\/it\/wp-json\/wp\/v2\/product_tag?post=84428"}],"curies":[{"name":"wp","href":"https:\/\/api.w.org\/{rel}","templated":true}]}}