{"id":84357,"date":"2021-11-16T09:06:33","date_gmt":"2021-11-16T09:06:33","guid":{"rendered":"https:\/\/coffeelounge.delonghi.com\/?post_type=product&#038;p=84357"},"modified":"2024-03-04T07:51:23","modified_gmt":"2024-03-04T07:51:23","slug":"wet-n9-santo-domingo-barahona","status":"publish","type":"product","link":"https:\/\/coffeelounge.delonghi.com\/it\/product\/wet-n9-santo-domingo-barahona\/","title":{"rendered":"WET N\u00b09 Santo Domingo Barahona"},"content":{"rendered":"<p>Il cuore dei Caraibi lo fa vibrare di suadenti e voluttuose note di tabacco, rum e spezie tropicali. Un caff\u00e8 monorigine dal gusto dolce e amabile. Al suo interno ci sono tutti i profumi dei caraibi. Puro Santo Domingo Barahona \u00e8 il miglior caff\u00e8 di altura della Repubblica Dominicana. Grazie al terreno fertile, al clima mite e ai venti moderati di nordest, crescono rigogliose piantagioni di caff\u00e8 lungo i pendii della catena vulcanica. Corpo e crema, bassa acidit\u00e0 e sentori di tabacco da sigaro, questa monorigine ha una sfaccettata gamma di sentori che vanno dal cacao alla vaniglia, dall&#8217;uva alle mele. Questo pregiato caff\u00e8 cresce in piccole piantagioni ombreggiate nel paradiso delle Antille dove la particolare fertilit\u00e0 del terreno e l&#8217;elevata biodiversit\u00e0, oltre a donare un paesaggio denso di colori, creano le condizioni ideali per la coltivazione di un caff\u00e8 dolce e delicato dal retrogusto ricco di sfumature La tostatura con legno di ciliegio ci regala un caff\u00e8 pregiato molto fine, dal gusto delicato e l&#8217;aroma intenso con note di frutti rossi e caramello, fondente e zucchero di canna. L&#8217;acidit\u00e0 \u00e8 marcatamente bassa e la sensazione complessiva \u00e8 dolce.<br \/>\nOrigine: Repubblica Domenicana, Polo Town, Barahona &#8211; Specie botanica: Arabica &#8211; Variet\u00e0: Caturra, Typica &#8211; Lavorazione: Lavato ed essiccato al sole &#8211; Coltivazione: In piccoli appezzamenti all&#8217;ombra &#8211; Altitudine: 1.000\/1.200 mslm &#8211; Raccolta: A mano \u2013<br \/>\nModalit\u00e0 di tostatura: a legna. Tipologia di legno usata: ciliegio stagionato. Tipo di tostatura: Media. Temperatura: 189-195 gradi. Ogni singola origine \u00e8 stata tostata separatamente.<\/p>\n<p><strong>CERTIFICAZIONE<\/strong>: Tostato a legna<\/p>\n","protected":false},"excerpt":{"rendered":"<p>Il cuore dei Caraibi lo fa vibrare di suadenti e voluttuose note di tabacco, rum e spezie tropicali. Un caff\u00e8 monorigine dal gusto dolce e amabile. Al suo interno ci sono tutti i profumi dei caraibi. Puro Santo Domingo Barahona \u00e8 il miglior caff\u00e8 di altura della Repubblica Dominicana. Grazie al terreno fertile, al clima [&hellip;]<\/p>\n","protected":false},"featured_media":84375,"comment_status":"closed","ping_status":"closed","template":"","meta":{"_acf_changed":false},"product_cat":[74,30],"product_tag":[],"class_list":{"0":"post-84357","1":"product","2":"type-product","3":"status-publish","4":"has-post-thumbnail","6":"product_cat-tutti","7":"product_cat-monorigine","9":"first","10":"instock","11":"taxable","12":"shipping-taxable","13":"purchasable","14":"product-type-variable"},"acf":[],"yoast_head":"<!-- This site is optimized with the Yoast SEO Premium plugin v24.5 (Yoast SEO v24.5) - https:\/\/yoast.com\/wordpress\/plugins\/seo\/ -->\n<title>WET N\u00b09 Santo Domingo Barahona | De&#039;Longhi<\/title>\n<meta name=\"description\" content=\"Il cuore dei Caraibi lo fa vibrare di suadenti e voluttuose note di tabacco, rum e spezie tropicali. Un caff\u00e8 monorigine dal gusto\" \/>\n<meta name=\"robots\" content=\"index, follow, max-snippet:-1, max-image-preview:large, max-video-preview:-1\" \/>\n<meta name=\"twitter:card\" content=\"summary_large_image\" \/>\n<meta name=\"twitter:title\" content=\"WET N\u00b09 Santo Domingo Barahona | De&#039;Longhi\" \/>\n<meta name=\"twitter:description\" content=\"Il cuore dei Caraibi lo fa vibrare di suadenti e voluttuose note di tabacco, rum e spezie tropicali. Un caff\u00e8 monorigine dal gusto\" \/>\n<meta name=\"twitter:image\" content=\"https:\/\/coffeelounge.delonghi.com\/wp-content\/uploads\/2021\/11\/santo-domingo-monorogine-wetcaffe-roma-arabica-caffe-tostato-a-legna-a.png\" \/>\n<script type=\"application\/ld+json\" class=\"yoast-schema-graph\">{\"@context\":\"https:\/\/schema.org\",\"@graph\":[{\"@type\":\"WebPage\",\"@id\":\"https:\/\/coffeelounge.delonghi.com\/it\/product\/wet-n9-santo-domingo-barahona\/\",\"url\":\"https:\/\/coffeelounge.delonghi.com\/it\/product\/wet-n9-santo-domingo-barahona\/\",\"name\":\"WET N\u00b09 Santo Domingo Barahona | De&#039;Longhi\",\"isPartOf\":{\"@id\":\"https:\/\/coffeelounge.delonghi.com\/it\/#website\"},\"primaryImageOfPage\":{\"@id\":\"https:\/\/coffeelounge.delonghi.com\/it\/product\/wet-n9-santo-domingo-barahona\/#primaryimage\"},\"image\":{\"@id\":\"https:\/\/coffeelounge.delonghi.com\/it\/product\/wet-n9-santo-domingo-barahona\/#primaryimage\"},\"thumbnailUrl\":\"https:\/\/coffeelounge.delonghi.com\/wp-content\/uploads\/2021\/11\/santo-domingo-monorogine-wetcaffe-roma-arabica-caffe-tostato-a-legna-a.png\",\"datePublished\":\"2021-11-16T09:06:33+00:00\",\"dateModified\":\"2024-03-04T07:51:23+00:00\",\"description\":\"Il cuore dei Caraibi lo fa vibrare di suadenti e voluttuose note di tabacco, rum e spezie tropicali. Un caff\u00e8 monorigine dal gusto\",\"breadcrumb\":{\"@id\":\"https:\/\/coffeelounge.delonghi.com\/it\/product\/wet-n9-santo-domingo-barahona\/#breadcrumb\"},\"inLanguage\":\"it-IT\",\"potentialAction\":[{\"@type\":\"ReadAction\",\"target\":[\"https:\/\/coffeelounge.delonghi.com\/it\/product\/wet-n9-santo-domingo-barahona\/\"]}]},{\"@type\":\"ImageObject\",\"inLanguage\":\"it-IT\",\"@id\":\"https:\/\/coffeelounge.delonghi.com\/it\/product\/wet-n9-santo-domingo-barahona\/#primaryimage\",\"url\":\"https:\/\/coffeelounge.delonghi.com\/wp-content\/uploads\/2021\/11\/santo-domingo-monorogine-wetcaffe-roma-arabica-caffe-tostato-a-legna-a.png\",\"contentUrl\":\"https:\/\/coffeelounge.delonghi.com\/wp-content\/uploads\/2021\/11\/santo-domingo-monorogine-wetcaffe-roma-arabica-caffe-tostato-a-legna-a.png\",\"width\":1417,\"height\":1417,\"caption\":\"WET N\u00b09 Santo Domingo Barahona\"},{\"@type\":\"BreadcrumbList\",\"@id\":\"https:\/\/coffeelounge.delonghi.com\/it\/product\/wet-n9-santo-domingo-barahona\/#breadcrumb\",\"itemListElement\":[{\"@type\":\"ListItem\",\"position\":1,\"name\":\"Home\",\"item\":\"https:\/\/coffeelounge.delonghi.com\/it\/\"},{\"@type\":\"ListItem\",\"position\":2,\"name\":\"Boutique\",\"item\":\"https:\/\/coffeelounge.delonghi.com\/fr\/?page_id=36\"},{\"@type\":\"ListItem\",\"position\":3,\"name\":\"WET N\u00b09 Santo Domingo Barahona\"}]},{\"@type\":\"WebSite\",\"@id\":\"https:\/\/coffeelounge.delonghi.com\/it\/#website\",\"url\":\"https:\/\/coffeelounge.delonghi.com\/it\/\",\"name\":\"De&#039;Longhi\",\"description\":\"Coffee Lounge\",\"publisher\":{\"@id\":\"https:\/\/coffeelounge.delonghi.com\/it\/#organization\"},\"potentialAction\":[{\"@type\":\"SearchAction\",\"target\":{\"@type\":\"EntryPoint\",\"urlTemplate\":\"https:\/\/coffeelounge.delonghi.com\/it\/?s={search_term_string}\"},\"query-input\":{\"@type\":\"PropertyValueSpecification\",\"valueRequired\":true,\"valueName\":\"search_term_string\"}}],\"inLanguage\":\"it-IT\"},{\"@type\":\"Organization\",\"@id\":\"https:\/\/coffeelounge.delonghi.com\/it\/#organization\",\"name\":\"De'Longhi Coffee Lounge\",\"url\":\"https:\/\/coffeelounge.delonghi.com\/it\/\",\"logo\":{\"@type\":\"ImageObject\",\"inLanguage\":\"it-IT\",\"@id\":\"https:\/\/coffeelounge.delonghi.com\/it\/#\/schema\/logo\/image\/\",\"url\":\"https:\/\/coffeelounge.delonghi.com\/wp-content\/uploads\/2020\/05\/delonghi-coffee-lounge-logo-nederland.png\",\"contentUrl\":\"https:\/\/coffeelounge.delonghi.com\/wp-content\/uploads\/2020\/05\/delonghi-coffee-lounge-logo-nederland.png\",\"width\":2337,\"height\":724,\"caption\":\"De'Longhi Coffee Lounge\"},\"image\":{\"@id\":\"https:\/\/coffeelounge.delonghi.com\/it\/#\/schema\/logo\/image\/\"}}]}<\/script>\n<!-- \/ Yoast SEO Premium plugin. -->","yoast_head_json":{"title":"WET N\u00b09 Santo Domingo Barahona | De&#039;Longhi","description":"Il cuore dei Caraibi lo fa vibrare di suadenti e voluttuose note di tabacco, rum e spezie tropicali. Un caff\u00e8 monorigine dal gusto","robots":{"index":"index","follow":"follow","max-snippet":"max-snippet:-1","max-image-preview":"max-image-preview:large","max-video-preview":"max-video-preview:-1"},"twitter_card":"summary_large_image","twitter_title":"WET N\u00b09 Santo Domingo Barahona | De&#039;Longhi","twitter_description":"Il cuore dei Caraibi lo fa vibrare di suadenti e voluttuose note di tabacco, rum e spezie tropicali. Un caff\u00e8 monorigine dal gusto","twitter_image":"https:\/\/coffeelounge.delonghi.com\/wp-content\/uploads\/2021\/11\/santo-domingo-monorogine-wetcaffe-roma-arabica-caffe-tostato-a-legna-a.png","schema":{"@context":"https:\/\/schema.org","@graph":[{"@type":"WebPage","@id":"https:\/\/coffeelounge.delonghi.com\/it\/product\/wet-n9-santo-domingo-barahona\/","url":"https:\/\/coffeelounge.delonghi.com\/it\/product\/wet-n9-santo-domingo-barahona\/","name":"WET N\u00b09 Santo Domingo Barahona | De&#039;Longhi","isPartOf":{"@id":"https:\/\/coffeelounge.delonghi.com\/it\/#website"},"primaryImageOfPage":{"@id":"https:\/\/coffeelounge.delonghi.com\/it\/product\/wet-n9-santo-domingo-barahona\/#primaryimage"},"image":{"@id":"https:\/\/coffeelounge.delonghi.com\/it\/product\/wet-n9-santo-domingo-barahona\/#primaryimage"},"thumbnailUrl":"https:\/\/coffeelounge.delonghi.com\/wp-content\/uploads\/2021\/11\/santo-domingo-monorogine-wetcaffe-roma-arabica-caffe-tostato-a-legna-a.png","datePublished":"2021-11-16T09:06:33+00:00","dateModified":"2024-03-04T07:51:23+00:00","description":"Il cuore dei Caraibi lo fa vibrare di suadenti e voluttuose note di tabacco, rum e spezie tropicali. Un caff\u00e8 monorigine dal gusto","breadcrumb":{"@id":"https:\/\/coffeelounge.delonghi.com\/it\/product\/wet-n9-santo-domingo-barahona\/#breadcrumb"},"inLanguage":"it-IT","potentialAction":[{"@type":"ReadAction","target":["https:\/\/coffeelounge.delonghi.com\/it\/product\/wet-n9-santo-domingo-barahona\/"]}]},{"@type":"ImageObject","inLanguage":"it-IT","@id":"https:\/\/coffeelounge.delonghi.com\/it\/product\/wet-n9-santo-domingo-barahona\/#primaryimage","url":"https:\/\/coffeelounge.delonghi.com\/wp-content\/uploads\/2021\/11\/santo-domingo-monorogine-wetcaffe-roma-arabica-caffe-tostato-a-legna-a.png","contentUrl":"https:\/\/coffeelounge.delonghi.com\/wp-content\/uploads\/2021\/11\/santo-domingo-monorogine-wetcaffe-roma-arabica-caffe-tostato-a-legna-a.png","width":1417,"height":1417,"caption":"WET N\u00b09 Santo Domingo Barahona"},{"@type":"BreadcrumbList","@id":"https:\/\/coffeelounge.delonghi.com\/it\/product\/wet-n9-santo-domingo-barahona\/#breadcrumb","itemListElement":[{"@type":"ListItem","position":1,"name":"Home","item":"https:\/\/coffeelounge.delonghi.com\/it\/"},{"@type":"ListItem","position":2,"name":"Boutique","item":"https:\/\/coffeelounge.delonghi.com\/fr\/?page_id=36"},{"@type":"ListItem","position":3,"name":"WET N\u00b09 Santo Domingo Barahona"}]},{"@type":"WebSite","@id":"https:\/\/coffeelounge.delonghi.com\/it\/#website","url":"https:\/\/coffeelounge.delonghi.com\/it\/","name":"De&#039;Longhi","description":"Coffee Lounge","publisher":{"@id":"https:\/\/coffeelounge.delonghi.com\/it\/#organization"},"potentialAction":[{"@type":"SearchAction","target":{"@type":"EntryPoint","urlTemplate":"https:\/\/coffeelounge.delonghi.com\/it\/?s={search_term_string}"},"query-input":{"@type":"PropertyValueSpecification","valueRequired":true,"valueName":"search_term_string"}}],"inLanguage":"it-IT"},{"@type":"Organization","@id":"https:\/\/coffeelounge.delonghi.com\/it\/#organization","name":"De'Longhi Coffee Lounge","url":"https:\/\/coffeelounge.delonghi.com\/it\/","logo":{"@type":"ImageObject","inLanguage":"it-IT","@id":"https:\/\/coffeelounge.delonghi.com\/it\/#\/schema\/logo\/image\/","url":"https:\/\/coffeelounge.delonghi.com\/wp-content\/uploads\/2020\/05\/delonghi-coffee-lounge-logo-nederland.png","contentUrl":"https:\/\/coffeelounge.delonghi.com\/wp-content\/uploads\/2020\/05\/delonghi-coffee-lounge-logo-nederland.png","width":2337,"height":724,"caption":"De'Longhi Coffee Lounge"},"image":{"@id":"https:\/\/coffeelounge.delonghi.com\/it\/#\/schema\/logo\/image\/"}}]}},"_links":{"self":[{"href":"https:\/\/coffeelounge.delonghi.com\/it\/wp-json\/wp\/v2\/product\/84357","targetHints":{"allow":["GET"]}}],"collection":[{"href":"https:\/\/coffeelounge.delonghi.com\/it\/wp-json\/wp\/v2\/product"}],"about":[{"href":"https:\/\/coffeelounge.delonghi.com\/it\/wp-json\/wp\/v2\/types\/product"}],"replies":[{"embeddable":true,"href":"https:\/\/coffeelounge.delonghi.com\/it\/wp-json\/wp\/v2\/comments?post=84357"}],"version-history":[{"count":4,"href":"https:\/\/coffeelounge.delonghi.com\/it\/wp-json\/wp\/v2\/product\/84357\/revisions"}],"predecessor-version":[{"id":415994,"href":"https:\/\/coffeelounge.delonghi.com\/it\/wp-json\/wp\/v2\/product\/84357\/revisions\/415994"}],"wp:featuredmedia":[{"embeddable":true,"href":"https:\/\/coffeelounge.delonghi.com\/it\/wp-json\/wp\/v2\/media\/84375"}],"wp:attachment":[{"href":"https:\/\/coffeelounge.delonghi.com\/it\/wp-json\/wp\/v2\/media?parent=84357"}],"wp:term":[{"taxonomy":"product_cat","embeddable":true,"href":"https:\/\/coffeelounge.delonghi.com\/it\/wp-json\/wp\/v2\/product_cat?post=84357"},{"taxonomy":"product_tag","embeddable":true,"href":"https:\/\/coffeelounge.delonghi.com\/it\/wp-json\/wp\/v2\/product_tag?post=84357"}],"curies":[{"name":"wp","href":"https:\/\/api.w.org\/{rel}","templated":true}]}}