{"id":84279,"date":"2021-11-16T08:51:05","date_gmt":"2021-11-16T08:51:05","guid":{"rendered":"https:\/\/coffeelounge.delonghi.com\/?post_type=product&#038;p=84279"},"modified":"2024-03-04T07:51:31","modified_gmt":"2024-03-04T07:51:31","slug":"wet-n8-india-malabar-monsonato","status":"publish","type":"product","link":"https:\/\/coffeelounge.delonghi.com\/it\/product\/wet-n8-india-malabar-monsonato\/","title":{"rendered":"WET N\u00b08 India Malabar Monsonato"},"content":{"rendered":"<p>Moonsooned Malabar, o caff\u00e8 monsonato \u00e8 un metodo scoperto quasi per caso. Un tempo, il caff\u00e8 indiano veniva trasportato nel Nord Europa per via navale, con viaggi che duravano mesi. Una volta arrivati, i chicchi presentavano una strana patina gialla, creata dall&#8217;umidit\u00e0 e dalla salsedine. Una volta tostati e macinati per\u00f2, sprigionavano un sapore forte e speziato che conquist\u00f2 subito i palati degli europei.<br \/>\nCome ai tempi che furono il caff\u00e8 monsonato arrivava ai porti di destinazione con sapore speziato e color paglierino, portatore secolare di antica eredit\u00e0. Un soffio salato sferza il palato unito al suo frizzante temperamento, imprimendo nella mente la visione di un&#8217;azzurra distesa.<br \/>\nOggi con i viaggi in nave molto pi\u00f9 veloci, si usa la forza dei monsoni per creare lo stesso effetto: i chicchi vengono posti in grandi capannoni senza muri e lasciati esposti al colore e all&#8217;umidit\u00e0 dei venti monsonici.<br \/>\nLa tostatura con legno di ciliegio ci regala un caff\u00e8 da un gusto antico, saporito e speziato. U&#8217;aroma con sentori di noci legno, con un corpo pieno e una particolare leggera acidit\u00e0. L&#8217;intenso retrogusto e il sapore speziato di questo caff\u00e8 \u00e8 molto apprezzato dagli intenditori.<br \/>\nOrigine: India, Stato di Karnataka. Diverse propriet\u00e0 in chikmagalur &#8211; Specie botanica: Arabica &#8211; Variet\u00e0: Kent, Cauwery, Tafarikela, San Ramon &#8211; Lavorazione: Naturale e monsonato &#8211; Coltivazione: Su terreni lateritici collinosi &#8211; Altitudine: 1.000 &#8211; 1.800 mslm &#8211; Raccolta: A mano, durante il periodo da Giugno a Settembre, il raccolto viene poi sparso in magazzini aperti e pi\u00f9 tardi imballati e impilati per permettere l&#8217;interazione con monsoni e venti.<br \/>\nModalit\u00e0 di tostatura: a legna. Tipologia di legno usata: ciliegio stagionato. Tipo di tostatura: Media. Temperatura: 189-195 gradi. Ogni singola origine \u00e8 stata tostata separatamente.<\/p>\n<p><strong>CERTIFICAZIONE<\/strong>: Tostato a legna<\/p>\n","protected":false},"excerpt":{"rendered":"<p>Moonsooned Malabar, o caff\u00e8 monsonato \u00e8 un metodo scoperto quasi per caso. Un tempo, il caff\u00e8 indiano veniva trasportato nel Nord Europa per via navale, con viaggi che duravano mesi. Una volta arrivati, i chicchi presentavano una strana patina gialla, creata dall&#8217;umidit\u00e0 e dalla salsedine. Una volta tostati e macinati per\u00f2, sprigionavano un sapore forte [&hellip;]<\/p>\n","protected":false},"featured_media":415981,"comment_status":"closed","ping_status":"closed","template":"","meta":{"_acf_changed":false},"product_cat":[74,30],"product_tag":[],"class_list":{"0":"post-84279","1":"product","2":"type-product","3":"status-publish","4":"has-post-thumbnail","6":"product_cat-tutti","7":"product_cat-monorigine","9":"first","10":"instock","11":"taxable","12":"shipping-taxable","13":"purchasable","14":"product-type-variable"},"acf":[],"yoast_head":"<!-- This site is optimized with the Yoast SEO Premium plugin v24.5 (Yoast SEO v24.5) - https:\/\/yoast.com\/wordpress\/plugins\/seo\/ -->\n<title>WET N\u00b08 India Malabar Monsonato | De&#039;Longhi<\/title>\n<meta name=\"description\" content=\"Moonsooned Malabar, o caff\u00e8 monsonato \u00e8 un metodo scoperto quasi per caso. Un tempo, il caff\u00e8 indiano veniva trasportato nel Nord\" \/>\n<meta name=\"robots\" content=\"index, follow, max-snippet:-1, max-image-preview:large, max-video-preview:-1\" \/>\n<meta name=\"twitter:card\" content=\"summary_large_image\" \/>\n<meta name=\"twitter:title\" content=\"WET N\u00b08 India Malabar Monsonato | De&#039;Longhi\" \/>\n<meta name=\"twitter:description\" content=\"Moonsooned Malabar, o caff\u00e8 monsonato \u00e8 un metodo scoperto quasi per caso. Un tempo, il caff\u00e8 indiano veniva trasportato nel Nord\" \/>\n<meta name=\"twitter:image\" content=\"https:\/\/coffeelounge.delonghi.com\/wp-content\/uploads\/2021\/11\/india-monsonato-monorogine-wetcaffe-roma-arabica-caffe-tostato-a-legna-b-1.png\" \/>\n<script type=\"application\/ld+json\" class=\"yoast-schema-graph\">{\"@context\":\"https:\/\/schema.org\",\"@graph\":[{\"@type\":\"WebPage\",\"@id\":\"https:\/\/coffeelounge.delonghi.com\/it\/product\/wet-n8-india-malabar-monsonato\/\",\"url\":\"https:\/\/coffeelounge.delonghi.com\/it\/product\/wet-n8-india-malabar-monsonato\/\",\"name\":\"WET N\u00b08 India Malabar Monsonato | De&#039;Longhi\",\"isPartOf\":{\"@id\":\"https:\/\/coffeelounge.delonghi.com\/it\/#website\"},\"primaryImageOfPage\":{\"@id\":\"https:\/\/coffeelounge.delonghi.com\/it\/product\/wet-n8-india-malabar-monsonato\/#primaryimage\"},\"image\":{\"@id\":\"https:\/\/coffeelounge.delonghi.com\/it\/product\/wet-n8-india-malabar-monsonato\/#primaryimage\"},\"thumbnailUrl\":\"https:\/\/coffeelounge.delonghi.com\/wp-content\/uploads\/2021\/11\/india-monsonato-monorogine-wetcaffe-roma-arabica-caffe-tostato-a-legna-b-1.png\",\"datePublished\":\"2021-11-16T08:51:05+00:00\",\"dateModified\":\"2024-03-04T07:51:31+00:00\",\"description\":\"Moonsooned Malabar, o caff\u00e8 monsonato \u00e8 un metodo scoperto quasi per caso. Un tempo, il caff\u00e8 indiano veniva trasportato nel Nord\",\"breadcrumb\":{\"@id\":\"https:\/\/coffeelounge.delonghi.com\/it\/product\/wet-n8-india-malabar-monsonato\/#breadcrumb\"},\"inLanguage\":\"it-IT\",\"potentialAction\":[{\"@type\":\"ReadAction\",\"target\":[\"https:\/\/coffeelounge.delonghi.com\/it\/product\/wet-n8-india-malabar-monsonato\/\"]}]},{\"@type\":\"ImageObject\",\"inLanguage\":\"it-IT\",\"@id\":\"https:\/\/coffeelounge.delonghi.com\/it\/product\/wet-n8-india-malabar-monsonato\/#primaryimage\",\"url\":\"https:\/\/coffeelounge.delonghi.com\/wp-content\/uploads\/2021\/11\/india-monsonato-monorogine-wetcaffe-roma-arabica-caffe-tostato-a-legna-b-1.png\",\"contentUrl\":\"https:\/\/coffeelounge.delonghi.com\/wp-content\/uploads\/2021\/11\/india-monsonato-monorogine-wetcaffe-roma-arabica-caffe-tostato-a-legna-b-1.png\",\"width\":786,\"height\":786},{\"@type\":\"BreadcrumbList\",\"@id\":\"https:\/\/coffeelounge.delonghi.com\/it\/product\/wet-n8-india-malabar-monsonato\/#breadcrumb\",\"itemListElement\":[{\"@type\":\"ListItem\",\"position\":1,\"name\":\"Home\",\"item\":\"https:\/\/coffeelounge.delonghi.com\/it\/\"},{\"@type\":\"ListItem\",\"position\":2,\"name\":\"Boutique\",\"item\":\"https:\/\/coffeelounge.delonghi.com\/fr\/?page_id=36\"},{\"@type\":\"ListItem\",\"position\":3,\"name\":\"WET N\u00b08 India Malabar Monsonato\"}]},{\"@type\":\"WebSite\",\"@id\":\"https:\/\/coffeelounge.delonghi.com\/it\/#website\",\"url\":\"https:\/\/coffeelounge.delonghi.com\/it\/\",\"name\":\"De&#039;Longhi\",\"description\":\"Coffee Lounge\",\"publisher\":{\"@id\":\"https:\/\/coffeelounge.delonghi.com\/it\/#organization\"},\"potentialAction\":[{\"@type\":\"SearchAction\",\"target\":{\"@type\":\"EntryPoint\",\"urlTemplate\":\"https:\/\/coffeelounge.delonghi.com\/it\/?s={search_term_string}\"},\"query-input\":{\"@type\":\"PropertyValueSpecification\",\"valueRequired\":true,\"valueName\":\"search_term_string\"}}],\"inLanguage\":\"it-IT\"},{\"@type\":\"Organization\",\"@id\":\"https:\/\/coffeelounge.delonghi.com\/it\/#organization\",\"name\":\"De'Longhi Coffee Lounge\",\"url\":\"https:\/\/coffeelounge.delonghi.com\/it\/\",\"logo\":{\"@type\":\"ImageObject\",\"inLanguage\":\"it-IT\",\"@id\":\"https:\/\/coffeelounge.delonghi.com\/it\/#\/schema\/logo\/image\/\",\"url\":\"https:\/\/coffeelounge.delonghi.com\/wp-content\/uploads\/2020\/05\/delonghi-coffee-lounge-logo-nederland.png\",\"contentUrl\":\"https:\/\/coffeelounge.delonghi.com\/wp-content\/uploads\/2020\/05\/delonghi-coffee-lounge-logo-nederland.png\",\"width\":2337,\"height\":724,\"caption\":\"De'Longhi Coffee Lounge\"},\"image\":{\"@id\":\"https:\/\/coffeelounge.delonghi.com\/it\/#\/schema\/logo\/image\/\"}}]}<\/script>\n<!-- \/ Yoast SEO Premium plugin. -->","yoast_head_json":{"title":"WET N\u00b08 India Malabar Monsonato | De&#039;Longhi","description":"Moonsooned Malabar, o caff\u00e8 monsonato \u00e8 un metodo scoperto quasi per caso. Un tempo, il caff\u00e8 indiano veniva trasportato nel Nord","robots":{"index":"index","follow":"follow","max-snippet":"max-snippet:-1","max-image-preview":"max-image-preview:large","max-video-preview":"max-video-preview:-1"},"twitter_card":"summary_large_image","twitter_title":"WET N\u00b08 India Malabar Monsonato | De&#039;Longhi","twitter_description":"Moonsooned Malabar, o caff\u00e8 monsonato \u00e8 un metodo scoperto quasi per caso. Un tempo, il caff\u00e8 indiano veniva trasportato nel Nord","twitter_image":"https:\/\/coffeelounge.delonghi.com\/wp-content\/uploads\/2021\/11\/india-monsonato-monorogine-wetcaffe-roma-arabica-caffe-tostato-a-legna-b-1.png","schema":{"@context":"https:\/\/schema.org","@graph":[{"@type":"WebPage","@id":"https:\/\/coffeelounge.delonghi.com\/it\/product\/wet-n8-india-malabar-monsonato\/","url":"https:\/\/coffeelounge.delonghi.com\/it\/product\/wet-n8-india-malabar-monsonato\/","name":"WET N\u00b08 India Malabar Monsonato | De&#039;Longhi","isPartOf":{"@id":"https:\/\/coffeelounge.delonghi.com\/it\/#website"},"primaryImageOfPage":{"@id":"https:\/\/coffeelounge.delonghi.com\/it\/product\/wet-n8-india-malabar-monsonato\/#primaryimage"},"image":{"@id":"https:\/\/coffeelounge.delonghi.com\/it\/product\/wet-n8-india-malabar-monsonato\/#primaryimage"},"thumbnailUrl":"https:\/\/coffeelounge.delonghi.com\/wp-content\/uploads\/2021\/11\/india-monsonato-monorogine-wetcaffe-roma-arabica-caffe-tostato-a-legna-b-1.png","datePublished":"2021-11-16T08:51:05+00:00","dateModified":"2024-03-04T07:51:31+00:00","description":"Moonsooned Malabar, o caff\u00e8 monsonato \u00e8 un metodo scoperto quasi per caso. Un tempo, il caff\u00e8 indiano veniva trasportato nel Nord","breadcrumb":{"@id":"https:\/\/coffeelounge.delonghi.com\/it\/product\/wet-n8-india-malabar-monsonato\/#breadcrumb"},"inLanguage":"it-IT","potentialAction":[{"@type":"ReadAction","target":["https:\/\/coffeelounge.delonghi.com\/it\/product\/wet-n8-india-malabar-monsonato\/"]}]},{"@type":"ImageObject","inLanguage":"it-IT","@id":"https:\/\/coffeelounge.delonghi.com\/it\/product\/wet-n8-india-malabar-monsonato\/#primaryimage","url":"https:\/\/coffeelounge.delonghi.com\/wp-content\/uploads\/2021\/11\/india-monsonato-monorogine-wetcaffe-roma-arabica-caffe-tostato-a-legna-b-1.png","contentUrl":"https:\/\/coffeelounge.delonghi.com\/wp-content\/uploads\/2021\/11\/india-monsonato-monorogine-wetcaffe-roma-arabica-caffe-tostato-a-legna-b-1.png","width":786,"height":786},{"@type":"BreadcrumbList","@id":"https:\/\/coffeelounge.delonghi.com\/it\/product\/wet-n8-india-malabar-monsonato\/#breadcrumb","itemListElement":[{"@type":"ListItem","position":1,"name":"Home","item":"https:\/\/coffeelounge.delonghi.com\/it\/"},{"@type":"ListItem","position":2,"name":"Boutique","item":"https:\/\/coffeelounge.delonghi.com\/fr\/?page_id=36"},{"@type":"ListItem","position":3,"name":"WET N\u00b08 India Malabar Monsonato"}]},{"@type":"WebSite","@id":"https:\/\/coffeelounge.delonghi.com\/it\/#website","url":"https:\/\/coffeelounge.delonghi.com\/it\/","name":"De&#039;Longhi","description":"Coffee Lounge","publisher":{"@id":"https:\/\/coffeelounge.delonghi.com\/it\/#organization"},"potentialAction":[{"@type":"SearchAction","target":{"@type":"EntryPoint","urlTemplate":"https:\/\/coffeelounge.delonghi.com\/it\/?s={search_term_string}"},"query-input":{"@type":"PropertyValueSpecification","valueRequired":true,"valueName":"search_term_string"}}],"inLanguage":"it-IT"},{"@type":"Organization","@id":"https:\/\/coffeelounge.delonghi.com\/it\/#organization","name":"De'Longhi Coffee Lounge","url":"https:\/\/coffeelounge.delonghi.com\/it\/","logo":{"@type":"ImageObject","inLanguage":"it-IT","@id":"https:\/\/coffeelounge.delonghi.com\/it\/#\/schema\/logo\/image\/","url":"https:\/\/coffeelounge.delonghi.com\/wp-content\/uploads\/2020\/05\/delonghi-coffee-lounge-logo-nederland.png","contentUrl":"https:\/\/coffeelounge.delonghi.com\/wp-content\/uploads\/2020\/05\/delonghi-coffee-lounge-logo-nederland.png","width":2337,"height":724,"caption":"De'Longhi Coffee Lounge"},"image":{"@id":"https:\/\/coffeelounge.delonghi.com\/it\/#\/schema\/logo\/image\/"}}]}},"_links":{"self":[{"href":"https:\/\/coffeelounge.delonghi.com\/it\/wp-json\/wp\/v2\/product\/84279","targetHints":{"allow":["GET"]}}],"collection":[{"href":"https:\/\/coffeelounge.delonghi.com\/it\/wp-json\/wp\/v2\/product"}],"about":[{"href":"https:\/\/coffeelounge.delonghi.com\/it\/wp-json\/wp\/v2\/types\/product"}],"replies":[{"embeddable":true,"href":"https:\/\/coffeelounge.delonghi.com\/it\/wp-json\/wp\/v2\/comments?post=84279"}],"version-history":[{"count":3,"href":"https:\/\/coffeelounge.delonghi.com\/it\/wp-json\/wp\/v2\/product\/84279\/revisions"}],"predecessor-version":[{"id":421887,"href":"https:\/\/coffeelounge.delonghi.com\/it\/wp-json\/wp\/v2\/product\/84279\/revisions\/421887"}],"wp:featuredmedia":[{"embeddable":true,"href":"https:\/\/coffeelounge.delonghi.com\/it\/wp-json\/wp\/v2\/media\/415981"}],"wp:attachment":[{"href":"https:\/\/coffeelounge.delonghi.com\/it\/wp-json\/wp\/v2\/media?parent=84279"}],"wp:term":[{"taxonomy":"product_cat","embeddable":true,"href":"https:\/\/coffeelounge.delonghi.com\/it\/wp-json\/wp\/v2\/product_cat?post=84279"},{"taxonomy":"product_tag","embeddable":true,"href":"https:\/\/coffeelounge.delonghi.com\/it\/wp-json\/wp\/v2\/product_tag?post=84279"}],"curies":[{"name":"wp","href":"https:\/\/api.w.org\/{rel}","templated":true}]}}