{"id":84259,"date":"2021-11-16T08:49:40","date_gmt":"2021-11-16T08:49:40","guid":{"rendered":"https:\/\/coffeelounge.delonghi.com\/?post_type=product&#038;p=84259"},"modified":"2024-03-04T07:51:46","modified_gmt":"2024-03-04T07:51:46","slug":"wet-n6-papua-new-guinea-plantation-sigri-aa","status":"publish","type":"product","link":"https:\/\/coffeelounge.delonghi.com\/it\/product\/wet-n6-papua-new-guinea-plantation-sigri-aa\/","title":{"rendered":"WET N\u00b06 Papua New Guinea Plantation Sigri AA"},"content":{"rendered":"<p>Questo caff\u00e8 arabica proviene dalle piantagioni Sigri, situate nella parte occidentale della Papua Nuova Guinea. Le coltivazioni si sviluppano su montagne dal suolo vulcanico a un\u2019altitudine che oscilla tra i 1.800 e 2.200 mslm, all\u2019ombra della foresta tropicale. La tenuta Sigri, fondata nel 1950, si trova nella valle di Waghi vicino alla itt\u00e0 di Mount Hagen, nelle Highlands occidentali ed \u00e8 la piantagione pi\u00f9 rinomata in Papua Nuova Guinea. Il controllo di qualit\u00e0 inizia nei campi: rigorosamente col metodo di raccolta a mano, si selezionano soltanto le ciliege rosse e completamente mature, solo questo garantisce il giusto equilibrio di zuccheri e acidi all\u2019interno della ciliegia. Segue un processo di fermentazione che dura tre giorni, interrotto ogni 24 ore da un lavaggio, ma, a differenza di altri caff\u00e8 lavati, il processo Sigri presuppone l\u2019immersione in acqua per un ulteriore giorno. Si crea cos\u00ec un sapore unico, con leggera acidit\u00e0 e un gusto selvatico intenso. La tostatura con legno di ciliegio ci regala un caff\u00e8 dolce e molto equilibrato nel quale possiamo scorgere note di frutta secca, aroma di pan di zenzero, spezie e miele. Corpo pieno dal forte carattere e discreta cremosit\u00e0. Un caff\u00e8 dal gusto ricercato ed elegante. Quality Score: 85,50. Produttore: Piantagione Sigri. Metodo di lavorazione: Lavato, selezionato a mano ed essicato al sole. Zona di produzione: Western Higlands nella Provincia di Simbu, Regione di Wahgi. Altitudine di coltivazione: 1.800\/2.200 mslm. Variet\u00e0 botanica: Typica, Bourbon, Arusha. Metodo di raccolto: Picking manuale. Periodo di raccolto: da Maggio a Luglio. Modalit\u00e0 di tostatura: a legna. Tipologia di legno usata: ciliegio stagionato. Tipo di tostatura: Media. Temperatura: 189-195 gradi. Ogni singola origine \u00e8 stata tostata separatamente.<\/p>\n<p><strong>CERTIFICAZIONE<\/strong>: Tostato a legna<\/p>\n","protected":false},"excerpt":{"rendered":"<p>Questo caff\u00e8 arabica proviene dalle piantagioni Sigri, situate nella parte occidentale della Papua Nuova Guinea. Le coltivazioni si sviluppano su montagne dal suolo vulcanico a un\u2019altitudine che oscilla tra i 1.800 e 2.200 mslm, all\u2019ombra della foresta tropicale. La tenuta Sigri, fondata nel 1950, si trova nella valle di Waghi vicino alla itt\u00e0 di Mount [&hellip;]<\/p>\n","protected":false},"featured_media":415996,"comment_status":"closed","ping_status":"closed","template":"","meta":{"_acf_changed":false},"product_cat":[74,26],"product_tag":[],"class_list":{"0":"post-84259","1":"product","2":"type-product","3":"status-publish","4":"has-post-thumbnail","6":"product_cat-tutti","7":"product_cat-specialita","9":"first","10":"instock","11":"taxable","12":"shipping-taxable","13":"purchasable","14":"product-type-variable"},"acf":[],"yoast_head":"<!-- This site is optimized with the Yoast SEO Premium plugin v24.5 (Yoast SEO v24.5) - https:\/\/yoast.com\/wordpress\/plugins\/seo\/ -->\n<title>WET N\u00b06 Papua New Guinea Plantation Sigri AA | De&#039;Longhi<\/title>\n<meta name=\"description\" content=\"Questo caff\u00e8 arabica proviene dalle piantagioni Sigri, situate nella parte occidentale della Papua Nuova Guinea.\" \/>\n<meta name=\"robots\" content=\"index, follow, max-snippet:-1, max-image-preview:large, max-video-preview:-1\" \/>\n<meta name=\"twitter:card\" content=\"summary_large_image\" \/>\n<meta name=\"twitter:title\" content=\"WET N\u00b06 Papua New Guinea Plantation Sigri AA | De&#039;Longhi\" \/>\n<meta name=\"twitter:description\" content=\"Questo caff\u00e8 arabica proviene dalle piantagioni Sigri, situate nella parte occidentale della Papua Nuova Guinea.\" \/>\n<meta name=\"twitter:image\" content=\"https:\/\/coffeelounge.delonghi.com\/wp-content\/uploads\/2021\/11\/papaua-nuova-guinea-specialty-coffee-moka-monorogine-wetcaffe-roma-arabica-caffe-tostato-a-legna-roberto-bernardini-1.png\" \/>\n<script type=\"application\/ld+json\" class=\"yoast-schema-graph\">{\"@context\":\"https:\/\/schema.org\",\"@graph\":[{\"@type\":\"WebPage\",\"@id\":\"https:\/\/coffeelounge.delonghi.com\/it\/product\/wet-n6-papua-new-guinea-plantation-sigri-aa\/\",\"url\":\"https:\/\/coffeelounge.delonghi.com\/it\/product\/wet-n6-papua-new-guinea-plantation-sigri-aa\/\",\"name\":\"WET N\u00b06 Papua New Guinea Plantation Sigri AA | De&#039;Longhi\",\"isPartOf\":{\"@id\":\"https:\/\/coffeelounge.delonghi.com\/it\/#website\"},\"primaryImageOfPage\":{\"@id\":\"https:\/\/coffeelounge.delonghi.com\/it\/product\/wet-n6-papua-new-guinea-plantation-sigri-aa\/#primaryimage\"},\"image\":{\"@id\":\"https:\/\/coffeelounge.delonghi.com\/it\/product\/wet-n6-papua-new-guinea-plantation-sigri-aa\/#primaryimage\"},\"thumbnailUrl\":\"https:\/\/coffeelounge.delonghi.com\/wp-content\/uploads\/2021\/11\/papaua-nuova-guinea-specialty-coffee-moka-monorogine-wetcaffe-roma-arabica-caffe-tostato-a-legna-roberto-bernardini-1.png\",\"datePublished\":\"2021-11-16T08:49:40+00:00\",\"dateModified\":\"2024-03-04T07:51:46+00:00\",\"description\":\"Questo caff\u00e8 arabica proviene dalle piantagioni Sigri, situate nella parte occidentale della Papua Nuova Guinea.\",\"breadcrumb\":{\"@id\":\"https:\/\/coffeelounge.delonghi.com\/it\/product\/wet-n6-papua-new-guinea-plantation-sigri-aa\/#breadcrumb\"},\"inLanguage\":\"it-IT\",\"potentialAction\":[{\"@type\":\"ReadAction\",\"target\":[\"https:\/\/coffeelounge.delonghi.com\/it\/product\/wet-n6-papua-new-guinea-plantation-sigri-aa\/\"]}]},{\"@type\":\"ImageObject\",\"inLanguage\":\"it-IT\",\"@id\":\"https:\/\/coffeelounge.delonghi.com\/it\/product\/wet-n6-papua-new-guinea-plantation-sigri-aa\/#primaryimage\",\"url\":\"https:\/\/coffeelounge.delonghi.com\/wp-content\/uploads\/2021\/11\/papaua-nuova-guinea-specialty-coffee-moka-monorogine-wetcaffe-roma-arabica-caffe-tostato-a-legna-roberto-bernardini-1.png\",\"contentUrl\":\"https:\/\/coffeelounge.delonghi.com\/wp-content\/uploads\/2021\/11\/papaua-nuova-guinea-specialty-coffee-moka-monorogine-wetcaffe-roma-arabica-caffe-tostato-a-legna-roberto-bernardini-1.png\",\"width\":774,\"height\":774},{\"@type\":\"BreadcrumbList\",\"@id\":\"https:\/\/coffeelounge.delonghi.com\/it\/product\/wet-n6-papua-new-guinea-plantation-sigri-aa\/#breadcrumb\",\"itemListElement\":[{\"@type\":\"ListItem\",\"position\":1,\"name\":\"Home\",\"item\":\"https:\/\/coffeelounge.delonghi.com\/it\/\"},{\"@type\":\"ListItem\",\"position\":2,\"name\":\"Boutique\",\"item\":\"https:\/\/coffeelounge.delonghi.com\/fr\/?page_id=36\"},{\"@type\":\"ListItem\",\"position\":3,\"name\":\"WET N\u00b06 Papua New Guinea Plantation Sigri AA\"}]},{\"@type\":\"WebSite\",\"@id\":\"https:\/\/coffeelounge.delonghi.com\/it\/#website\",\"url\":\"https:\/\/coffeelounge.delonghi.com\/it\/\",\"name\":\"De&#039;Longhi\",\"description\":\"Coffee Lounge\",\"publisher\":{\"@id\":\"https:\/\/coffeelounge.delonghi.com\/it\/#organization\"},\"potentialAction\":[{\"@type\":\"SearchAction\",\"target\":{\"@type\":\"EntryPoint\",\"urlTemplate\":\"https:\/\/coffeelounge.delonghi.com\/it\/?s={search_term_string}\"},\"query-input\":{\"@type\":\"PropertyValueSpecification\",\"valueRequired\":true,\"valueName\":\"search_term_string\"}}],\"inLanguage\":\"it-IT\"},{\"@type\":\"Organization\",\"@id\":\"https:\/\/coffeelounge.delonghi.com\/it\/#organization\",\"name\":\"De'Longhi Coffee Lounge\",\"url\":\"https:\/\/coffeelounge.delonghi.com\/it\/\",\"logo\":{\"@type\":\"ImageObject\",\"inLanguage\":\"it-IT\",\"@id\":\"https:\/\/coffeelounge.delonghi.com\/it\/#\/schema\/logo\/image\/\",\"url\":\"https:\/\/coffeelounge.delonghi.com\/wp-content\/uploads\/2020\/05\/delonghi-coffee-lounge-logo-nederland.png\",\"contentUrl\":\"https:\/\/coffeelounge.delonghi.com\/wp-content\/uploads\/2020\/05\/delonghi-coffee-lounge-logo-nederland.png\",\"width\":2337,\"height\":724,\"caption\":\"De'Longhi Coffee Lounge\"},\"image\":{\"@id\":\"https:\/\/coffeelounge.delonghi.com\/it\/#\/schema\/logo\/image\/\"}}]}<\/script>\n<!-- \/ Yoast SEO Premium plugin. -->","yoast_head_json":{"title":"WET N\u00b06 Papua New Guinea Plantation Sigri AA | De&#039;Longhi","description":"Questo caff\u00e8 arabica proviene dalle piantagioni Sigri, situate nella parte occidentale della Papua Nuova Guinea.","robots":{"index":"index","follow":"follow","max-snippet":"max-snippet:-1","max-image-preview":"max-image-preview:large","max-video-preview":"max-video-preview:-1"},"twitter_card":"summary_large_image","twitter_title":"WET N\u00b06 Papua New Guinea Plantation Sigri AA | De&#039;Longhi","twitter_description":"Questo caff\u00e8 arabica proviene dalle piantagioni Sigri, situate nella parte occidentale della Papua Nuova Guinea.","twitter_image":"https:\/\/coffeelounge.delonghi.com\/wp-content\/uploads\/2021\/11\/papaua-nuova-guinea-specialty-coffee-moka-monorogine-wetcaffe-roma-arabica-caffe-tostato-a-legna-roberto-bernardini-1.png","schema":{"@context":"https:\/\/schema.org","@graph":[{"@type":"WebPage","@id":"https:\/\/coffeelounge.delonghi.com\/it\/product\/wet-n6-papua-new-guinea-plantation-sigri-aa\/","url":"https:\/\/coffeelounge.delonghi.com\/it\/product\/wet-n6-papua-new-guinea-plantation-sigri-aa\/","name":"WET N\u00b06 Papua New Guinea Plantation Sigri AA | De&#039;Longhi","isPartOf":{"@id":"https:\/\/coffeelounge.delonghi.com\/it\/#website"},"primaryImageOfPage":{"@id":"https:\/\/coffeelounge.delonghi.com\/it\/product\/wet-n6-papua-new-guinea-plantation-sigri-aa\/#primaryimage"},"image":{"@id":"https:\/\/coffeelounge.delonghi.com\/it\/product\/wet-n6-papua-new-guinea-plantation-sigri-aa\/#primaryimage"},"thumbnailUrl":"https:\/\/coffeelounge.delonghi.com\/wp-content\/uploads\/2021\/11\/papaua-nuova-guinea-specialty-coffee-moka-monorogine-wetcaffe-roma-arabica-caffe-tostato-a-legna-roberto-bernardini-1.png","datePublished":"2021-11-16T08:49:40+00:00","dateModified":"2024-03-04T07:51:46+00:00","description":"Questo caff\u00e8 arabica proviene dalle piantagioni Sigri, situate nella parte occidentale della Papua Nuova Guinea.","breadcrumb":{"@id":"https:\/\/coffeelounge.delonghi.com\/it\/product\/wet-n6-papua-new-guinea-plantation-sigri-aa\/#breadcrumb"},"inLanguage":"it-IT","potentialAction":[{"@type":"ReadAction","target":["https:\/\/coffeelounge.delonghi.com\/it\/product\/wet-n6-papua-new-guinea-plantation-sigri-aa\/"]}]},{"@type":"ImageObject","inLanguage":"it-IT","@id":"https:\/\/coffeelounge.delonghi.com\/it\/product\/wet-n6-papua-new-guinea-plantation-sigri-aa\/#primaryimage","url":"https:\/\/coffeelounge.delonghi.com\/wp-content\/uploads\/2021\/11\/papaua-nuova-guinea-specialty-coffee-moka-monorogine-wetcaffe-roma-arabica-caffe-tostato-a-legna-roberto-bernardini-1.png","contentUrl":"https:\/\/coffeelounge.delonghi.com\/wp-content\/uploads\/2021\/11\/papaua-nuova-guinea-specialty-coffee-moka-monorogine-wetcaffe-roma-arabica-caffe-tostato-a-legna-roberto-bernardini-1.png","width":774,"height":774},{"@type":"BreadcrumbList","@id":"https:\/\/coffeelounge.delonghi.com\/it\/product\/wet-n6-papua-new-guinea-plantation-sigri-aa\/#breadcrumb","itemListElement":[{"@type":"ListItem","position":1,"name":"Home","item":"https:\/\/coffeelounge.delonghi.com\/it\/"},{"@type":"ListItem","position":2,"name":"Boutique","item":"https:\/\/coffeelounge.delonghi.com\/fr\/?page_id=36"},{"@type":"ListItem","position":3,"name":"WET N\u00b06 Papua New Guinea Plantation Sigri AA"}]},{"@type":"WebSite","@id":"https:\/\/coffeelounge.delonghi.com\/it\/#website","url":"https:\/\/coffeelounge.delonghi.com\/it\/","name":"De&#039;Longhi","description":"Coffee Lounge","publisher":{"@id":"https:\/\/coffeelounge.delonghi.com\/it\/#organization"},"potentialAction":[{"@type":"SearchAction","target":{"@type":"EntryPoint","urlTemplate":"https:\/\/coffeelounge.delonghi.com\/it\/?s={search_term_string}"},"query-input":{"@type":"PropertyValueSpecification","valueRequired":true,"valueName":"search_term_string"}}],"inLanguage":"it-IT"},{"@type":"Organization","@id":"https:\/\/coffeelounge.delonghi.com\/it\/#organization","name":"De'Longhi Coffee Lounge","url":"https:\/\/coffeelounge.delonghi.com\/it\/","logo":{"@type":"ImageObject","inLanguage":"it-IT","@id":"https:\/\/coffeelounge.delonghi.com\/it\/#\/schema\/logo\/image\/","url":"https:\/\/coffeelounge.delonghi.com\/wp-content\/uploads\/2020\/05\/delonghi-coffee-lounge-logo-nederland.png","contentUrl":"https:\/\/coffeelounge.delonghi.com\/wp-content\/uploads\/2020\/05\/delonghi-coffee-lounge-logo-nederland.png","width":2337,"height":724,"caption":"De'Longhi Coffee Lounge"},"image":{"@id":"https:\/\/coffeelounge.delonghi.com\/it\/#\/schema\/logo\/image\/"}}]}},"_links":{"self":[{"href":"https:\/\/coffeelounge.delonghi.com\/it\/wp-json\/wp\/v2\/product\/84259","targetHints":{"allow":["GET"]}}],"collection":[{"href":"https:\/\/coffeelounge.delonghi.com\/it\/wp-json\/wp\/v2\/product"}],"about":[{"href":"https:\/\/coffeelounge.delonghi.com\/it\/wp-json\/wp\/v2\/types\/product"}],"replies":[{"embeddable":true,"href":"https:\/\/coffeelounge.delonghi.com\/it\/wp-json\/wp\/v2\/comments?post=84259"}],"version-history":[{"count":2,"href":"https:\/\/coffeelounge.delonghi.com\/it\/wp-json\/wp\/v2\/product\/84259\/revisions"}],"predecessor-version":[{"id":421886,"href":"https:\/\/coffeelounge.delonghi.com\/it\/wp-json\/wp\/v2\/product\/84259\/revisions\/421886"}],"wp:featuredmedia":[{"embeddable":true,"href":"https:\/\/coffeelounge.delonghi.com\/it\/wp-json\/wp\/v2\/media\/415996"}],"wp:attachment":[{"href":"https:\/\/coffeelounge.delonghi.com\/it\/wp-json\/wp\/v2\/media?parent=84259"}],"wp:term":[{"taxonomy":"product_cat","embeddable":true,"href":"https:\/\/coffeelounge.delonghi.com\/it\/wp-json\/wp\/v2\/product_cat?post=84259"},{"taxonomy":"product_tag","embeddable":true,"href":"https:\/\/coffeelounge.delonghi.com\/it\/wp-json\/wp\/v2\/product_tag?post=84259"}],"curies":[{"name":"wp","href":"https:\/\/api.w.org\/{rel}","templated":true}]}}