{"id":83990,"date":"2021-11-15T16:22:18","date_gmt":"2021-11-15T16:22:18","guid":{"rendered":"https:\/\/coffeelounge.delonghi.com\/?post_type=product&#038;p=83990"},"modified":"2024-03-04T07:52:02","modified_gmt":"2024-03-04T07:52:02","slug":"wet-n5-yemen-mocca-matari-organico","status":"publish","type":"product","link":"https:\/\/coffeelounge.delonghi.com\/it\/product\/wet-n5-yemen-mocca-matari-organico\/","title":{"rendered":"WET N\u00b05 Yemen Mocca Matari Organico"},"content":{"rendered":"<p>Selvaggio, complesso, piccante con sovrapposizioni di frutta secca, cardamomo, cannella secca e note di tabacco. Oggi come 500 anni fa, le singole famiglie di agricoltori coltivano i caff\u00e8 su pendii di montagne follemente ripide e terrazzate. Il paesaggio \u00e8 come un gigantesco anfiteatro tramandato nei secoli. Si tratta di un caff\u00e8 che si pu\u00f2 definire coltivato naturalmente in modo organico Le cisterne alimentate dalla pioggia immagazzinano l&#8217;acqua e la gravit\u00e0 manda l&#8217;acqua verso il basso muovendosi attraverso le terrazze. Ogni famiglia di agricoltori ha in media circa un acro di terra e produce solo 250 libbre di caff\u00e8. Il caff\u00e8 \u00e8 tradizionalmente essiccato in modo artigianale. Le ciliegie mature vengono raccolte dall&#8217;albero e per circa 10-21 giorni l&#8217;agricoltore asciuga i frutti al sole, sul tetto di casa. Una volta essiccate, l&#8217;agricoltore pu\u00f2 conservare le ciliegie fino a quando non ha bisogno di soldi e le vende. I contadini conservano il caff\u00e8 per anni come valuta. Oppure lo vendono immediatamente. Un sistema di intermediari compra e vende il caff\u00e8 dalla fattoria, al borgo, al villaggio, alla citt\u00e0. E arriva al mulino di Sana&#8217;a per la decortificazione e la separazione dei chicchi di caff\u00e8 dalle bucce di t\u00e8 Quishr. Entro Aprile i chicchi sono pronti per l&#8217;esportazione. La tostatura con legno di ciliegio ci regala un caff\u00e8 da un gusto intrinsecamente equilibrato e di media tostatura con un corpo ricco e vellutato, un brillante inizio di frutti di bosco e grumi. Questa tazza ha una magnifica acidit\u00e0, un aroma paradisiaco, una sensazione in bocca liscia, dai toni vinosi associati ad un retro gusto di spezie e cioccolato amaro con una leggera punta di sottobosco. Origine: Yemen. Regione Sanaa. Municipio Bani Mattar &#8211; Specie botanica: Arabica &#8211; Variet\u00e0: Ancient Heirloom &#8211; Lavorazione: Naturale con essiccazione sui tetti delle case &#8211; Coltivazione: Su terreni a terrazza &#8211; Altitudine: 1.980 &#8211; 2.130 mslm &#8211; Raccolta: A mano &#8211; Periodo di raccolta: Aprile\/Agosto. Modalit\u00e0 di tostatura: a legna. Tipologia di legno usata: ciliegio stagionato. Tipo di tostatura: Media. Temperatura: 189-195 gradi. Ogni singola origine \u00e8 stata tostata separatamente.<\/p>\n<p><strong>CERTIFICAZIONI<\/strong>: Tostato a legna<\/p>\n","protected":false},"excerpt":{"rendered":"<p>Selvaggio, complesso, piccante con sovrapposizioni di frutta secca, cardamomo, cannella secca e note di tabacco. Oggi come 500 anni fa, le singole famiglie di agricoltori coltivano i caff\u00e8 su pendii di montagne follemente ripide e terrazzate. Il paesaggio \u00e8 come un gigantesco anfiteatro tramandato nei secoli. Si tratta di un caff\u00e8 che si pu\u00f2 definire [&hellip;]<\/p>\n","protected":false},"featured_media":416009,"comment_status":"closed","ping_status":"closed","template":"","meta":{"_acf_changed":false},"product_cat":[74,30],"product_tag":[],"class_list":{"0":"post-83990","1":"product","2":"type-product","3":"status-publish","4":"has-post-thumbnail","6":"product_cat-tutti","7":"product_cat-monorigine","9":"first","10":"instock","11":"taxable","12":"shipping-taxable","13":"purchasable","14":"product-type-variable"},"acf":[],"yoast_head":"<!-- This site is optimized with the Yoast SEO Premium plugin v24.5 (Yoast SEO v24.5) - https:\/\/yoast.com\/wordpress\/plugins\/seo\/ -->\n<title>WET N\u00b05 Yemen Mocca Matari Organico | De&#039;Longhi<\/title>\n<meta name=\"description\" content=\"Selvaggio, complesso, piccante con sovrapposizioni di frutta secca, cardamomo, cannella secca e note di tabacco. Oggi come 500 anni fa,\" \/>\n<meta name=\"robots\" content=\"index, follow, max-snippet:-1, max-image-preview:large, max-video-preview:-1\" \/>\n<meta name=\"twitter:card\" content=\"summary_large_image\" \/>\n<meta name=\"twitter:title\" content=\"WET N\u00b05 Yemen Mocca Matari Organico | De&#039;Longhi\" \/>\n<meta name=\"twitter:description\" content=\"Selvaggio, complesso, piccante con sovrapposizioni di frutta secca, cardamomo, cannella secca e note di tabacco. Oggi come 500 anni fa,\" \/>\n<meta name=\"twitter:image\" content=\"https:\/\/coffeelounge.delonghi.com\/wp-content\/uploads\/2021\/11\/yemen-moka-monorogine-wetcaffe-roma-arabica-caffe-tostato-a-legna-c-roberto-bernardini-1-1.png\" \/>\n<script type=\"application\/ld+json\" class=\"yoast-schema-graph\">{\"@context\":\"https:\/\/schema.org\",\"@graph\":[{\"@type\":\"WebPage\",\"@id\":\"https:\/\/coffeelounge.delonghi.com\/it\/product\/wet-n5-yemen-mocca-matari-organico\/\",\"url\":\"https:\/\/coffeelounge.delonghi.com\/it\/product\/wet-n5-yemen-mocca-matari-organico\/\",\"name\":\"WET N\u00b05 Yemen Mocca Matari Organico | De&#039;Longhi\",\"isPartOf\":{\"@id\":\"https:\/\/coffeelounge.delonghi.com\/it\/#website\"},\"primaryImageOfPage\":{\"@id\":\"https:\/\/coffeelounge.delonghi.com\/it\/product\/wet-n5-yemen-mocca-matari-organico\/#primaryimage\"},\"image\":{\"@id\":\"https:\/\/coffeelounge.delonghi.com\/it\/product\/wet-n5-yemen-mocca-matari-organico\/#primaryimage\"},\"thumbnailUrl\":\"https:\/\/coffeelounge.delonghi.com\/wp-content\/uploads\/2021\/11\/yemen-moka-monorogine-wetcaffe-roma-arabica-caffe-tostato-a-legna-c-roberto-bernardini-1-1.png\",\"datePublished\":\"2021-11-15T16:22:18+00:00\",\"dateModified\":\"2024-03-04T07:52:02+00:00\",\"description\":\"Selvaggio, complesso, piccante con sovrapposizioni di frutta secca, cardamomo, cannella secca e note di tabacco. Oggi come 500 anni fa,\",\"breadcrumb\":{\"@id\":\"https:\/\/coffeelounge.delonghi.com\/it\/product\/wet-n5-yemen-mocca-matari-organico\/#breadcrumb\"},\"inLanguage\":\"it-IT\",\"potentialAction\":[{\"@type\":\"ReadAction\",\"target\":[\"https:\/\/coffeelounge.delonghi.com\/it\/product\/wet-n5-yemen-mocca-matari-organico\/\"]}]},{\"@type\":\"ImageObject\",\"inLanguage\":\"it-IT\",\"@id\":\"https:\/\/coffeelounge.delonghi.com\/it\/product\/wet-n5-yemen-mocca-matari-organico\/#primaryimage\",\"url\":\"https:\/\/coffeelounge.delonghi.com\/wp-content\/uploads\/2021\/11\/yemen-moka-monorogine-wetcaffe-roma-arabica-caffe-tostato-a-legna-c-roberto-bernardini-1-1.png\",\"contentUrl\":\"https:\/\/coffeelounge.delonghi.com\/wp-content\/uploads\/2021\/11\/yemen-moka-monorogine-wetcaffe-roma-arabica-caffe-tostato-a-legna-c-roberto-bernardini-1-1.png\",\"width\":758,\"height\":758},{\"@type\":\"BreadcrumbList\",\"@id\":\"https:\/\/coffeelounge.delonghi.com\/it\/product\/wet-n5-yemen-mocca-matari-organico\/#breadcrumb\",\"itemListElement\":[{\"@type\":\"ListItem\",\"position\":1,\"name\":\"Home\",\"item\":\"https:\/\/coffeelounge.delonghi.com\/it\/\"},{\"@type\":\"ListItem\",\"position\":2,\"name\":\"Boutique\",\"item\":\"https:\/\/coffeelounge.delonghi.com\/fr\/?page_id=36\"},{\"@type\":\"ListItem\",\"position\":3,\"name\":\"WET N\u00b05 Yemen Mocca Matari Organico\"}]},{\"@type\":\"WebSite\",\"@id\":\"https:\/\/coffeelounge.delonghi.com\/it\/#website\",\"url\":\"https:\/\/coffeelounge.delonghi.com\/it\/\",\"name\":\"De&#039;Longhi\",\"description\":\"Coffee Lounge\",\"publisher\":{\"@id\":\"https:\/\/coffeelounge.delonghi.com\/it\/#organization\"},\"potentialAction\":[{\"@type\":\"SearchAction\",\"target\":{\"@type\":\"EntryPoint\",\"urlTemplate\":\"https:\/\/coffeelounge.delonghi.com\/it\/?s={search_term_string}\"},\"query-input\":{\"@type\":\"PropertyValueSpecification\",\"valueRequired\":true,\"valueName\":\"search_term_string\"}}],\"inLanguage\":\"it-IT\"},{\"@type\":\"Organization\",\"@id\":\"https:\/\/coffeelounge.delonghi.com\/it\/#organization\",\"name\":\"De'Longhi Coffee Lounge\",\"url\":\"https:\/\/coffeelounge.delonghi.com\/it\/\",\"logo\":{\"@type\":\"ImageObject\",\"inLanguage\":\"it-IT\",\"@id\":\"https:\/\/coffeelounge.delonghi.com\/it\/#\/schema\/logo\/image\/\",\"url\":\"https:\/\/coffeelounge.delonghi.com\/wp-content\/uploads\/2020\/05\/delonghi-coffee-lounge-logo-nederland.png\",\"contentUrl\":\"https:\/\/coffeelounge.delonghi.com\/wp-content\/uploads\/2020\/05\/delonghi-coffee-lounge-logo-nederland.png\",\"width\":2337,\"height\":724,\"caption\":\"De'Longhi Coffee Lounge\"},\"image\":{\"@id\":\"https:\/\/coffeelounge.delonghi.com\/it\/#\/schema\/logo\/image\/\"}}]}<\/script>\n<!-- \/ Yoast SEO Premium plugin. -->","yoast_head_json":{"title":"WET N\u00b05 Yemen Mocca Matari Organico | De&#039;Longhi","description":"Selvaggio, complesso, piccante con sovrapposizioni di frutta secca, cardamomo, cannella secca e note di tabacco. Oggi come 500 anni fa,","robots":{"index":"index","follow":"follow","max-snippet":"max-snippet:-1","max-image-preview":"max-image-preview:large","max-video-preview":"max-video-preview:-1"},"twitter_card":"summary_large_image","twitter_title":"WET N\u00b05 Yemen Mocca Matari Organico | De&#039;Longhi","twitter_description":"Selvaggio, complesso, piccante con sovrapposizioni di frutta secca, cardamomo, cannella secca e note di tabacco. Oggi come 500 anni fa,","twitter_image":"https:\/\/coffeelounge.delonghi.com\/wp-content\/uploads\/2021\/11\/yemen-moka-monorogine-wetcaffe-roma-arabica-caffe-tostato-a-legna-c-roberto-bernardini-1-1.png","schema":{"@context":"https:\/\/schema.org","@graph":[{"@type":"WebPage","@id":"https:\/\/coffeelounge.delonghi.com\/it\/product\/wet-n5-yemen-mocca-matari-organico\/","url":"https:\/\/coffeelounge.delonghi.com\/it\/product\/wet-n5-yemen-mocca-matari-organico\/","name":"WET N\u00b05 Yemen Mocca Matari Organico | De&#039;Longhi","isPartOf":{"@id":"https:\/\/coffeelounge.delonghi.com\/it\/#website"},"primaryImageOfPage":{"@id":"https:\/\/coffeelounge.delonghi.com\/it\/product\/wet-n5-yemen-mocca-matari-organico\/#primaryimage"},"image":{"@id":"https:\/\/coffeelounge.delonghi.com\/it\/product\/wet-n5-yemen-mocca-matari-organico\/#primaryimage"},"thumbnailUrl":"https:\/\/coffeelounge.delonghi.com\/wp-content\/uploads\/2021\/11\/yemen-moka-monorogine-wetcaffe-roma-arabica-caffe-tostato-a-legna-c-roberto-bernardini-1-1.png","datePublished":"2021-11-15T16:22:18+00:00","dateModified":"2024-03-04T07:52:02+00:00","description":"Selvaggio, complesso, piccante con sovrapposizioni di frutta secca, cardamomo, cannella secca e note di tabacco. Oggi come 500 anni fa,","breadcrumb":{"@id":"https:\/\/coffeelounge.delonghi.com\/it\/product\/wet-n5-yemen-mocca-matari-organico\/#breadcrumb"},"inLanguage":"it-IT","potentialAction":[{"@type":"ReadAction","target":["https:\/\/coffeelounge.delonghi.com\/it\/product\/wet-n5-yemen-mocca-matari-organico\/"]}]},{"@type":"ImageObject","inLanguage":"it-IT","@id":"https:\/\/coffeelounge.delonghi.com\/it\/product\/wet-n5-yemen-mocca-matari-organico\/#primaryimage","url":"https:\/\/coffeelounge.delonghi.com\/wp-content\/uploads\/2021\/11\/yemen-moka-monorogine-wetcaffe-roma-arabica-caffe-tostato-a-legna-c-roberto-bernardini-1-1.png","contentUrl":"https:\/\/coffeelounge.delonghi.com\/wp-content\/uploads\/2021\/11\/yemen-moka-monorogine-wetcaffe-roma-arabica-caffe-tostato-a-legna-c-roberto-bernardini-1-1.png","width":758,"height":758},{"@type":"BreadcrumbList","@id":"https:\/\/coffeelounge.delonghi.com\/it\/product\/wet-n5-yemen-mocca-matari-organico\/#breadcrumb","itemListElement":[{"@type":"ListItem","position":1,"name":"Home","item":"https:\/\/coffeelounge.delonghi.com\/it\/"},{"@type":"ListItem","position":2,"name":"Boutique","item":"https:\/\/coffeelounge.delonghi.com\/fr\/?page_id=36"},{"@type":"ListItem","position":3,"name":"WET N\u00b05 Yemen Mocca Matari Organico"}]},{"@type":"WebSite","@id":"https:\/\/coffeelounge.delonghi.com\/it\/#website","url":"https:\/\/coffeelounge.delonghi.com\/it\/","name":"De&#039;Longhi","description":"Coffee Lounge","publisher":{"@id":"https:\/\/coffeelounge.delonghi.com\/it\/#organization"},"potentialAction":[{"@type":"SearchAction","target":{"@type":"EntryPoint","urlTemplate":"https:\/\/coffeelounge.delonghi.com\/it\/?s={search_term_string}"},"query-input":{"@type":"PropertyValueSpecification","valueRequired":true,"valueName":"search_term_string"}}],"inLanguage":"it-IT"},{"@type":"Organization","@id":"https:\/\/coffeelounge.delonghi.com\/it\/#organization","name":"De'Longhi Coffee Lounge","url":"https:\/\/coffeelounge.delonghi.com\/it\/","logo":{"@type":"ImageObject","inLanguage":"it-IT","@id":"https:\/\/coffeelounge.delonghi.com\/it\/#\/schema\/logo\/image\/","url":"https:\/\/coffeelounge.delonghi.com\/wp-content\/uploads\/2020\/05\/delonghi-coffee-lounge-logo-nederland.png","contentUrl":"https:\/\/coffeelounge.delonghi.com\/wp-content\/uploads\/2020\/05\/delonghi-coffee-lounge-logo-nederland.png","width":2337,"height":724,"caption":"De'Longhi Coffee Lounge"},"image":{"@id":"https:\/\/coffeelounge.delonghi.com\/it\/#\/schema\/logo\/image\/"}}]}},"_links":{"self":[{"href":"https:\/\/coffeelounge.delonghi.com\/it\/wp-json\/wp\/v2\/product\/83990","targetHints":{"allow":["GET"]}}],"collection":[{"href":"https:\/\/coffeelounge.delonghi.com\/it\/wp-json\/wp\/v2\/product"}],"about":[{"href":"https:\/\/coffeelounge.delonghi.com\/it\/wp-json\/wp\/v2\/types\/product"}],"replies":[{"embeddable":true,"href":"https:\/\/coffeelounge.delonghi.com\/it\/wp-json\/wp\/v2\/comments?post=83990"}],"version-history":[{"count":2,"href":"https:\/\/coffeelounge.delonghi.com\/it\/wp-json\/wp\/v2\/product\/83990\/revisions"}],"predecessor-version":[{"id":421888,"href":"https:\/\/coffeelounge.delonghi.com\/it\/wp-json\/wp\/v2\/product\/83990\/revisions\/421888"}],"wp:featuredmedia":[{"embeddable":true,"href":"https:\/\/coffeelounge.delonghi.com\/it\/wp-json\/wp\/v2\/media\/416009"}],"wp:attachment":[{"href":"https:\/\/coffeelounge.delonghi.com\/it\/wp-json\/wp\/v2\/media?parent=83990"}],"wp:term":[{"taxonomy":"product_cat","embeddable":true,"href":"https:\/\/coffeelounge.delonghi.com\/it\/wp-json\/wp\/v2\/product_cat?post=83990"},{"taxonomy":"product_tag","embeddable":true,"href":"https:\/\/coffeelounge.delonghi.com\/it\/wp-json\/wp\/v2\/product_tag?post=83990"}],"curies":[{"name":"wp","href":"https:\/\/api.w.org\/{rel}","templated":true}]}}