{"id":83961,"date":"2021-11-15T16:11:22","date_gmt":"2021-11-15T16:11:22","guid":{"rendered":"https:\/\/coffeelounge.delonghi.com\/?post_type=product&#038;p=83961"},"modified":"2024-03-04T07:52:13","modified_gmt":"2024-03-04T07:52:13","slug":"wet-n4-puerto-rico-yauco-selecto","status":"publish","type":"product","link":"https:\/\/coffeelounge.delonghi.com\/it\/product\/wet-n4-puerto-rico-yauco-selecto\/","title":{"rendered":"WET N\u00b04 Puerto Rico Yauco Selecto"},"content":{"rendered":"<div class=\"freebirdFormviewerViewItemsItemItemHeader\">\n<div class=\"freebirdFormviewerViewItemsItemItemTitleDescContainer\">\n<div class=\"freebirdFormviewerViewItemsItemItemTitleContainer\">\n<div class=\"freebirdFormviewerViewItemsItemItemTitle exportItemTitle freebirdCustomFont\" role=\"heading\" aria-level=\"3\" aria-describedby=\"i.desc.1823715619 c4579\">\n<div class=\"freebirdFormviewerViewItemsItemItemHeader\">\n<div class=\"freebirdFormviewerViewItemsItemItemTitleDescContainer\">\n<div class=\"freebirdFormviewerViewItemsItemItemTitleContainer\">\n<div class=\"freebirdFormviewerViewItemsItemItemTitle exportItemTitle freebirdCustomFont\" role=\"heading\" aria-level=\"3\" aria-describedby=\"i.desc.1099401558 c4959\">Uno dei pi\u00f9 pregiati caff\u00e8 al mondo. La coltivazione avviene ad un altitudine di 1.200 metri s.l.m, nella regione montagnosa di Yauco nella parte centro occidentale dell&#8217;isola di Puerto Rico, isola delle grandi Antille bagnata dall&#8217;oceano Atlantico e dal mar Caraibico. Questo caff\u00e8 prende il nome dalle montagne di Yauco.<\/div>\n<div role=\"heading\" aria-level=\"3\" aria-describedby=\"i.desc.1099401558 c4959\"><\/div>\n<div role=\"heading\" aria-level=\"3\" aria-describedby=\"i.desc.1099401558 c4959\">terreni argillosi procurano un prezioso nutrimento alle piantine, mentre gli alisei, che soffiano costantemente dal mare dei Caraibi, mantengono ideale la temperatura sulle pendici delle montagne. Al momento della raccolta si selezionano solo le bacche mature, i chicchi vengono sottoposti a lavaggio per 48 ore.<\/div>\n<div role=\"heading\" aria-level=\"3\" aria-describedby=\"i.desc.1099401558 c4959\"><\/div>\n<div role=\"heading\" aria-level=\"3\" aria-describedby=\"i.desc.1099401558 c4959\">La tostatura con legno di ciliegio ci regala un caff\u00e8 equilibrato e delicato, evidenziando una corposit\u00e0 notevolmente accentuata e vellutata con un retrogusto lievemente speziato. Aroma seduttivo, con gusto pieno e dolce, corpo molto leggero, acidit\u00e0 e dolcezza spiccate, note fiorite e fruttate con accenni di cioccolato, caff\u00e8 equilibrato e delicato da gustare nei momenti pi\u00f9 rilassanti della giornata.<\/div>\n<div role=\"heading\" aria-level=\"3\" aria-describedby=\"i.desc.1099401558 c4959\"><\/div>\n<div role=\"heading\" aria-level=\"3\" aria-describedby=\"i.desc.1099401558 c4959\">Curioso che la produzione di questo caff\u00e8 sull&#8217;isola \u00e8 stata iniziata da immigranti dalla Corsica, che si stabilirono sull&#8217;isola caraibica intorno al 1850. Questo caff\u00e8 \u00e8 tutt&#8217;oggi quello servito negli appartamenti papali di Citt\u00e0 del Vaticano.<\/div>\n<div role=\"heading\" aria-level=\"3\" aria-describedby=\"i.desc.1099401558 c4959\"><\/div>\n<div role=\"heading\" aria-level=\"3\" aria-describedby=\"i.desc.1099401558 c4959\">Origine: Puerto Rico &#8211; Zona di produzione: Yauco Specie botanica: Arabica &#8211; Variet\u00e0: Bourbon &#8211; Lavorazione: Lavato in umido &#8211; Coltivazione: Su terreni a terrazza &#8211; Altitudine: 1.200 &#8211; 1.400 mslm &#8211; Raccolta: A mano &#8211; Periodo di raccolta: Agosto\/Febbraio. Modalit\u00e0 di tostatura: a legna.<\/div>\n<div role=\"heading\" aria-level=\"3\" aria-describedby=\"i.desc.1099401558 c4959\"><\/div>\n<div role=\"heading\" aria-level=\"3\" aria-describedby=\"i.desc.1099401558 c4959\">Tipologia di legno usata: ciliegio stagionato. Tipo di tostatura: Media. Temperatura: 189-195 gradi. Ogni singola origine \u00e8 stata tostata separatamente.<\/div>\n<\/div>\n<div role=\"heading\" aria-level=\"3\" aria-describedby=\"i.desc.1099401558 c4959\"><strong>CERTIFICAZIONE<\/strong>: Tostato a Legna<\/div>\n<div role=\"heading\" aria-level=\"3\" aria-describedby=\"i.desc.1099401558 c4959\"><\/div>\n<\/div>\n<\/div>\n<\/div>\n<\/div>\n<\/div>\n<\/div>\n","protected":false},"excerpt":{"rendered":"<p>Uno dei pi\u00f9 pregiati caff\u00e8 al mondo. La coltivazione avviene ad un altitudine di 1.200 metri s.l.m, nella regione montagnosa di Yauco nella parte centro occidentale dell&#8217;isola di Puerto Rico, isola delle grandi Antille bagnata dall&#8217;oceano Atlantico e dal mar Caraibico. Questo caff\u00e8 prende il nome dalle montagne di Yauco. terreni argillosi procurano un prezioso [&hellip;]<\/p>\n","protected":false},"featured_media":416023,"comment_status":"closed","ping_status":"closed","template":"","meta":{"_acf_changed":false},"product_cat":[74,30],"product_tag":[],"class_list":{"0":"post-83961","1":"product","2":"type-product","3":"status-publish","4":"has-post-thumbnail","6":"product_cat-tutti","7":"product_cat-monorigine","9":"first","10":"instock","11":"taxable","12":"shipping-taxable","13":"purchasable","14":"product-type-variable"},"acf":[],"yoast_head":"<!-- This site is optimized with the Yoast SEO Premium plugin v24.5 (Yoast SEO v24.5) - https:\/\/yoast.com\/wordpress\/plugins\/seo\/ -->\n<title>WET N\u00b04 Puerto Rico Yauco Selecto | De&#039;Longhi<\/title>\n<meta name=\"description\" content=\"Uno dei pi\u00f9 pregiati caff\u00e8 al mondo. La coltivazione avviene ad un altitudine di 1.200 metri s.l.m, nella regione montagnosa di Yauco\" \/>\n<meta name=\"robots\" content=\"index, follow, max-snippet:-1, max-image-preview:large, max-video-preview:-1\" \/>\n<meta name=\"twitter:card\" content=\"summary_large_image\" \/>\n<meta name=\"twitter:title\" content=\"WET N\u00b04 Puerto Rico Yauco Selecto | De&#039;Longhi\" \/>\n<meta name=\"twitter:description\" content=\"Uno dei pi\u00f9 pregiati caff\u00e8 al mondo. La coltivazione avviene ad un altitudine di 1.200 metri s.l.m, nella regione montagnosa di Yauco\" \/>\n<meta name=\"twitter:image\" content=\"https:\/\/coffeelounge.delonghi.com\/wp-content\/uploads\/2021\/11\/Puerto-rico-monorogine-wetcaffe-roma-arabica-caffe-tostato-a-legna-c-roberto-bernardini-1.png\" \/>\n<script type=\"application\/ld+json\" class=\"yoast-schema-graph\">{\"@context\":\"https:\/\/schema.org\",\"@graph\":[{\"@type\":\"WebPage\",\"@id\":\"https:\/\/coffeelounge.delonghi.com\/it\/product\/wet-n4-puerto-rico-yauco-selecto\/\",\"url\":\"https:\/\/coffeelounge.delonghi.com\/it\/product\/wet-n4-puerto-rico-yauco-selecto\/\",\"name\":\"WET N\u00b04 Puerto Rico Yauco Selecto | De&#039;Longhi\",\"isPartOf\":{\"@id\":\"https:\/\/coffeelounge.delonghi.com\/it\/#website\"},\"primaryImageOfPage\":{\"@id\":\"https:\/\/coffeelounge.delonghi.com\/it\/product\/wet-n4-puerto-rico-yauco-selecto\/#primaryimage\"},\"image\":{\"@id\":\"https:\/\/coffeelounge.delonghi.com\/it\/product\/wet-n4-puerto-rico-yauco-selecto\/#primaryimage\"},\"thumbnailUrl\":\"https:\/\/coffeelounge.delonghi.com\/wp-content\/uploads\/2021\/11\/Puerto-rico-monorogine-wetcaffe-roma-arabica-caffe-tostato-a-legna-c-roberto-bernardini-1.png\",\"datePublished\":\"2021-11-15T16:11:22+00:00\",\"dateModified\":\"2024-03-04T07:52:13+00:00\",\"description\":\"Uno dei pi\u00f9 pregiati caff\u00e8 al mondo. La coltivazione avviene ad un altitudine di 1.200 metri s.l.m, nella regione montagnosa di Yauco\",\"breadcrumb\":{\"@id\":\"https:\/\/coffeelounge.delonghi.com\/it\/product\/wet-n4-puerto-rico-yauco-selecto\/#breadcrumb\"},\"inLanguage\":\"it-IT\",\"potentialAction\":[{\"@type\":\"ReadAction\",\"target\":[\"https:\/\/coffeelounge.delonghi.com\/it\/product\/wet-n4-puerto-rico-yauco-selecto\/\"]}]},{\"@type\":\"ImageObject\",\"inLanguage\":\"it-IT\",\"@id\":\"https:\/\/coffeelounge.delonghi.com\/it\/product\/wet-n4-puerto-rico-yauco-selecto\/#primaryimage\",\"url\":\"https:\/\/coffeelounge.delonghi.com\/wp-content\/uploads\/2021\/11\/Puerto-rico-monorogine-wetcaffe-roma-arabica-caffe-tostato-a-legna-c-roberto-bernardini-1.png\",\"contentUrl\":\"https:\/\/coffeelounge.delonghi.com\/wp-content\/uploads\/2021\/11\/Puerto-rico-monorogine-wetcaffe-roma-arabica-caffe-tostato-a-legna-c-roberto-bernardini-1.png\",\"width\":767,\"height\":767},{\"@type\":\"BreadcrumbList\",\"@id\":\"https:\/\/coffeelounge.delonghi.com\/it\/product\/wet-n4-puerto-rico-yauco-selecto\/#breadcrumb\",\"itemListElement\":[{\"@type\":\"ListItem\",\"position\":1,\"name\":\"Home\",\"item\":\"https:\/\/coffeelounge.delonghi.com\/it\/\"},{\"@type\":\"ListItem\",\"position\":2,\"name\":\"Boutique\",\"item\":\"https:\/\/coffeelounge.delonghi.com\/fr\/?page_id=36\"},{\"@type\":\"ListItem\",\"position\":3,\"name\":\"WET N\u00b04 Puerto Rico Yauco Selecto\"}]},{\"@type\":\"WebSite\",\"@id\":\"https:\/\/coffeelounge.delonghi.com\/it\/#website\",\"url\":\"https:\/\/coffeelounge.delonghi.com\/it\/\",\"name\":\"De&#039;Longhi\",\"description\":\"Coffee Lounge\",\"publisher\":{\"@id\":\"https:\/\/coffeelounge.delonghi.com\/it\/#organization\"},\"potentialAction\":[{\"@type\":\"SearchAction\",\"target\":{\"@type\":\"EntryPoint\",\"urlTemplate\":\"https:\/\/coffeelounge.delonghi.com\/it\/?s={search_term_string}\"},\"query-input\":{\"@type\":\"PropertyValueSpecification\",\"valueRequired\":true,\"valueName\":\"search_term_string\"}}],\"inLanguage\":\"it-IT\"},{\"@type\":\"Organization\",\"@id\":\"https:\/\/coffeelounge.delonghi.com\/it\/#organization\",\"name\":\"De'Longhi Coffee Lounge\",\"url\":\"https:\/\/coffeelounge.delonghi.com\/it\/\",\"logo\":{\"@type\":\"ImageObject\",\"inLanguage\":\"it-IT\",\"@id\":\"https:\/\/coffeelounge.delonghi.com\/it\/#\/schema\/logo\/image\/\",\"url\":\"https:\/\/coffeelounge.delonghi.com\/wp-content\/uploads\/2020\/05\/delonghi-coffee-lounge-logo-nederland.png\",\"contentUrl\":\"https:\/\/coffeelounge.delonghi.com\/wp-content\/uploads\/2020\/05\/delonghi-coffee-lounge-logo-nederland.png\",\"width\":2337,\"height\":724,\"caption\":\"De'Longhi Coffee Lounge\"},\"image\":{\"@id\":\"https:\/\/coffeelounge.delonghi.com\/it\/#\/schema\/logo\/image\/\"}}]}<\/script>\n<!-- \/ Yoast SEO Premium plugin. -->","yoast_head_json":{"title":"WET N\u00b04 Puerto Rico Yauco Selecto | De&#039;Longhi","description":"Uno dei pi\u00f9 pregiati caff\u00e8 al mondo. La coltivazione avviene ad un altitudine di 1.200 metri s.l.m, nella regione montagnosa di Yauco","robots":{"index":"index","follow":"follow","max-snippet":"max-snippet:-1","max-image-preview":"max-image-preview:large","max-video-preview":"max-video-preview:-1"},"twitter_card":"summary_large_image","twitter_title":"WET N\u00b04 Puerto Rico Yauco Selecto | De&#039;Longhi","twitter_description":"Uno dei pi\u00f9 pregiati caff\u00e8 al mondo. La coltivazione avviene ad un altitudine di 1.200 metri s.l.m, nella regione montagnosa di Yauco","twitter_image":"https:\/\/coffeelounge.delonghi.com\/wp-content\/uploads\/2021\/11\/Puerto-rico-monorogine-wetcaffe-roma-arabica-caffe-tostato-a-legna-c-roberto-bernardini-1.png","schema":{"@context":"https:\/\/schema.org","@graph":[{"@type":"WebPage","@id":"https:\/\/coffeelounge.delonghi.com\/it\/product\/wet-n4-puerto-rico-yauco-selecto\/","url":"https:\/\/coffeelounge.delonghi.com\/it\/product\/wet-n4-puerto-rico-yauco-selecto\/","name":"WET N\u00b04 Puerto Rico Yauco Selecto | De&#039;Longhi","isPartOf":{"@id":"https:\/\/coffeelounge.delonghi.com\/it\/#website"},"primaryImageOfPage":{"@id":"https:\/\/coffeelounge.delonghi.com\/it\/product\/wet-n4-puerto-rico-yauco-selecto\/#primaryimage"},"image":{"@id":"https:\/\/coffeelounge.delonghi.com\/it\/product\/wet-n4-puerto-rico-yauco-selecto\/#primaryimage"},"thumbnailUrl":"https:\/\/coffeelounge.delonghi.com\/wp-content\/uploads\/2021\/11\/Puerto-rico-monorogine-wetcaffe-roma-arabica-caffe-tostato-a-legna-c-roberto-bernardini-1.png","datePublished":"2021-11-15T16:11:22+00:00","dateModified":"2024-03-04T07:52:13+00:00","description":"Uno dei pi\u00f9 pregiati caff\u00e8 al mondo. La coltivazione avviene ad un altitudine di 1.200 metri s.l.m, nella regione montagnosa di Yauco","breadcrumb":{"@id":"https:\/\/coffeelounge.delonghi.com\/it\/product\/wet-n4-puerto-rico-yauco-selecto\/#breadcrumb"},"inLanguage":"it-IT","potentialAction":[{"@type":"ReadAction","target":["https:\/\/coffeelounge.delonghi.com\/it\/product\/wet-n4-puerto-rico-yauco-selecto\/"]}]},{"@type":"ImageObject","inLanguage":"it-IT","@id":"https:\/\/coffeelounge.delonghi.com\/it\/product\/wet-n4-puerto-rico-yauco-selecto\/#primaryimage","url":"https:\/\/coffeelounge.delonghi.com\/wp-content\/uploads\/2021\/11\/Puerto-rico-monorogine-wetcaffe-roma-arabica-caffe-tostato-a-legna-c-roberto-bernardini-1.png","contentUrl":"https:\/\/coffeelounge.delonghi.com\/wp-content\/uploads\/2021\/11\/Puerto-rico-monorogine-wetcaffe-roma-arabica-caffe-tostato-a-legna-c-roberto-bernardini-1.png","width":767,"height":767},{"@type":"BreadcrumbList","@id":"https:\/\/coffeelounge.delonghi.com\/it\/product\/wet-n4-puerto-rico-yauco-selecto\/#breadcrumb","itemListElement":[{"@type":"ListItem","position":1,"name":"Home","item":"https:\/\/coffeelounge.delonghi.com\/it\/"},{"@type":"ListItem","position":2,"name":"Boutique","item":"https:\/\/coffeelounge.delonghi.com\/fr\/?page_id=36"},{"@type":"ListItem","position":3,"name":"WET N\u00b04 Puerto Rico Yauco Selecto"}]},{"@type":"WebSite","@id":"https:\/\/coffeelounge.delonghi.com\/it\/#website","url":"https:\/\/coffeelounge.delonghi.com\/it\/","name":"De&#039;Longhi","description":"Coffee Lounge","publisher":{"@id":"https:\/\/coffeelounge.delonghi.com\/it\/#organization"},"potentialAction":[{"@type":"SearchAction","target":{"@type":"EntryPoint","urlTemplate":"https:\/\/coffeelounge.delonghi.com\/it\/?s={search_term_string}"},"query-input":{"@type":"PropertyValueSpecification","valueRequired":true,"valueName":"search_term_string"}}],"inLanguage":"it-IT"},{"@type":"Organization","@id":"https:\/\/coffeelounge.delonghi.com\/it\/#organization","name":"De'Longhi Coffee Lounge","url":"https:\/\/coffeelounge.delonghi.com\/it\/","logo":{"@type":"ImageObject","inLanguage":"it-IT","@id":"https:\/\/coffeelounge.delonghi.com\/it\/#\/schema\/logo\/image\/","url":"https:\/\/coffeelounge.delonghi.com\/wp-content\/uploads\/2020\/05\/delonghi-coffee-lounge-logo-nederland.png","contentUrl":"https:\/\/coffeelounge.delonghi.com\/wp-content\/uploads\/2020\/05\/delonghi-coffee-lounge-logo-nederland.png","width":2337,"height":724,"caption":"De'Longhi Coffee Lounge"},"image":{"@id":"https:\/\/coffeelounge.delonghi.com\/it\/#\/schema\/logo\/image\/"}}]}},"_links":{"self":[{"href":"https:\/\/coffeelounge.delonghi.com\/it\/wp-json\/wp\/v2\/product\/83961","targetHints":{"allow":["GET"]}}],"collection":[{"href":"https:\/\/coffeelounge.delonghi.com\/it\/wp-json\/wp\/v2\/product"}],"about":[{"href":"https:\/\/coffeelounge.delonghi.com\/it\/wp-json\/wp\/v2\/types\/product"}],"replies":[{"embeddable":true,"href":"https:\/\/coffeelounge.delonghi.com\/it\/wp-json\/wp\/v2\/comments?post=83961"}],"version-history":[{"count":2,"href":"https:\/\/coffeelounge.delonghi.com\/it\/wp-json\/wp\/v2\/product\/83961\/revisions"}],"predecessor-version":[{"id":421889,"href":"https:\/\/coffeelounge.delonghi.com\/it\/wp-json\/wp\/v2\/product\/83961\/revisions\/421889"}],"wp:featuredmedia":[{"embeddable":true,"href":"https:\/\/coffeelounge.delonghi.com\/it\/wp-json\/wp\/v2\/media\/416023"}],"wp:attachment":[{"href":"https:\/\/coffeelounge.delonghi.com\/it\/wp-json\/wp\/v2\/media?parent=83961"}],"wp:term":[{"taxonomy":"product_cat","embeddable":true,"href":"https:\/\/coffeelounge.delonghi.com\/it\/wp-json\/wp\/v2\/product_cat?post=83961"},{"taxonomy":"product_tag","embeddable":true,"href":"https:\/\/coffeelounge.delonghi.com\/it\/wp-json\/wp\/v2\/product_tag?post=83961"}],"curies":[{"name":"wp","href":"https:\/\/api.w.org\/{rel}","templated":true}]}}