{"id":83957,"date":"2021-11-15T16:09:35","date_gmt":"2021-11-15T16:09:35","guid":{"rendered":"https:\/\/coffeelounge.delonghi.com\/?post_type=product&#038;p=83957"},"modified":"2024-03-04T07:52:24","modified_gmt":"2024-03-04T07:52:24","slug":"wet-n3-blend-gourmet-100-robusta","status":"publish","type":"product","link":"https:\/\/coffeelounge.delonghi.com\/it\/product\/wet-n3-blend-gourmet-100-robusta\/","title":{"rendered":"WET N\u00b03 Blend Gourmet 100% Robusta"},"content":{"rendered":"<div class=\"freebirdFormviewerViewItemsItemItemHeader\">\n<div class=\"freebirdFormviewerViewItemsItemItemTitleDescContainer\">\n<div class=\"freebirdFormviewerViewItemsItemItemTitleContainer\">\n<div class=\"freebirdFormviewerViewItemsItemItemTitle exportItemTitle freebirdCustomFont\" role=\"heading\" aria-level=\"3\" aria-describedby=\"i.desc.1823715619 c4579\">\u00c8 una miscela con un carattere forte, dalla personalit\u00e0 e dal gusto inconfondibile, un aroma intenso ed avvolgente, tipico del vero espresso italiano. Le note decise delle delicate robuste indiane, indonesiane e vietnamite si esaltano con la robusta africana dell&#8217;Uganda in un trionfo di sapori. Caff\u00e8 dal corpo ricco, cremoso e persistente con la percentuale di caffeina pi\u00f9 alta tra tutte le miscele. Tostato con legno di ciliegio questo caff\u00e8 regala una leggera sfumatura di cioccolato fondente, nocciole tostate, spezie, con un tocco di mela acida. In tazza \u00e8 corposo e denso, acidit\u00e0 moderata con note speziate ed erbacee. Al palato rilascia gradevoli sentori di spezie esotiche, legno di sandalo e peperoncino. Quando si ha bisogno di carica, abbinato con distillato o un cioccolato amaro, ottimo con il latte.<\/div>\n<div role=\"heading\" aria-level=\"3\" aria-describedby=\"i.desc.1823715619 c4579\"><\/div>\n<\/div>\n<\/div>\n<div role=\"heading\" aria-level=\"3\" aria-describedby=\"i.desc.1823715619 c4579\">100% ROBUSTA<\/div>\n<div role=\"heading\" aria-level=\"3\" aria-describedby=\"i.desc.1823715619 c4579\"><\/div>\n<div role=\"heading\" aria-level=\"3\" aria-describedby=\"i.desc.1823715619 c4579\">40% India Kaapi Royale. Metodo di lavorazione: Washed. Zona di produzione: Region Bajawa (Flores Island). Altitudine di coltivazione: 1.300\/1.800 mslm. Variet\u00e0 botanica: Typica. Metodo di raccolto: Picking manuale. Periodo di raccolto: da Gennaio ad Aprile.<\/div>\n<div role=\"heading\" aria-level=\"3\" aria-describedby=\"i.desc.1823715619 c4579\"><\/div>\n<div role=\"heading\" aria-level=\"3\" aria-describedby=\"i.desc.1823715619 c4579\">30% Uganda: Metodo di lavorazione: Naturale, la coltivazione avviene all&#8217;ombra di banani e altri alberi da frutto, per questo conosciuto come Africa Garden. Zona di produzione: Mendo\/Masaka (Buganda). Altitudine di coltivazione: 1.200 mslm. Variet\u00e0 botanica: Typica. Metodo di raccolto: Picking manuale. Periodo di raccolto: da Novembre a Febbraio.<\/div>\n<div role=\"heading\" aria-level=\"3\" aria-describedby=\"i.desc.1823715619 c4579\"><\/div>\n<div role=\"heading\" aria-level=\"3\" aria-describedby=\"i.desc.1823715619 c4579\">20% Indonesia Robusta: Produttore: Gruppo di piccoli agricoltori Metodo di lavorazione: Lavato. Zona di produzione: East Java, nella zona del complesso vulcanico Tengger. Altitudine di coltivazione: 600\/800 mslm. Variet\u00e0 botanica: Canephoram Large Bean, WIB (West Indische Bereiding). Metodo di raccolto: Picking manuale Periodo di raccolto: da Maggio ad Agosto.<\/div>\n<div role=\"heading\" aria-level=\"3\" aria-describedby=\"i.desc.1823715619 c4579\"><\/div>\n<div role=\"heading\" aria-level=\"3\" aria-describedby=\"i.desc.1823715619 c4579\">10% Vietnam: Metodo di lavorazione: Naturale spazzolato. Zona di produzione: Dak Lak. Altitudine di coltivazione: 600 mslm. Variet\u00e0 botanica: Typica. Metodo di raccolto: Picking manuale. Periodo di raccolto: da Settembre a Marzo.<\/div>\n<div role=\"heading\" aria-level=\"3\" aria-describedby=\"i.desc.1823715619 c4579\"><\/div>\n<\/div>\n<div role=\"heading\" aria-level=\"3\" aria-describedby=\"i.desc.1823715619 c4579\">\n<div class=\"freebirdFormviewerViewNumberedItemContainer\" role=\"listitem\">\n<div class=\"freebirdFormviewerViewItemsItemItem freebirdFormviewerViewItemsTextTextItem\" data-required=\"true\" data-item-id=\"1390236341\">\n<div class=\"freebirdFormviewerViewItemsTextTextItemContainer\">\n<div class=\"freebirdFormviewerViewItemsTextLongText freebirdFormviewerViewItemsTextDisabledText freebirdThemedInput\">Modalit\u00e0 di tostatura: a legna. Tipologia di legno usata: ciliegio stagionato. Tipo di tostatura: Media. Temperatura: 189-195 gradi. Ogni singola origine \u00e8 stata tostata separatamente.<\/div>\n<\/div>\n<\/div>\n<\/div>\n<div class=\"freebirdFormviewerViewNumberedItemContainer\" role=\"listitem\">\n<div class=\"freebirdFormviewerViewItemsItemItem freebirdFormviewerViewItemsTextTextItem\" data-required=\"true\" data-item-id=\"1044919182\">\n<div class=\"freebirdFormviewerViewItemsItemItemHeader\">\n<div class=\"freebirdFormviewerViewItemsItemItemTitleDescContainer\">\n<div class=\"freebirdFormviewerViewItemsItemItemTitle exportItemTitle freebirdCustomFont\" role=\"heading\" aria-level=\"3\" aria-describedby=\"i.desc.1044919182 c9692\">CERTIFICAZIONE: <strong>Tostato a legna<\/strong><\/div>\n<div role=\"heading\" aria-level=\"3\" aria-describedby=\"i.desc.1044919182 c9692\">Parametro consigliato per la macchina da caff\u00e8 espresso: <strong>macinatura Fine<\/strong><\/div>\n<\/div>\n<\/div>\n<\/div>\n<\/div>\n<\/div>\n","protected":false},"excerpt":{"rendered":"<p>\u00c8 una miscela con un carattere forte, dalla personalit\u00e0 e dal gusto inconfondibile, un aroma intenso ed avvolgente, tipico del vero espresso italiano. Le note decise delle delicate robuste indiane, indonesiane e vietnamite si esaltano con la robusta africana dell&#8217;Uganda in un trionfo di sapori. Caff\u00e8 dal corpo ricco, cremoso e persistente con la percentuale [&hellip;]<\/p>\n","protected":false},"featured_media":416035,"comment_status":"closed","ping_status":"closed","template":"","meta":{"_acf_changed":false},"product_cat":[74,29],"product_tag":[],"class_list":{"0":"post-83957","1":"product","2":"type-product","3":"status-publish","4":"has-post-thumbnail","6":"product_cat-tutti","7":"product_cat-miscela","9":"first","10":"instock","11":"taxable","12":"shipping-taxable","13":"purchasable","14":"product-type-variable"},"acf":[],"yoast_head":"<!-- This site is optimized with the Yoast SEO Premium plugin v24.5 (Yoast SEO v24.5) - https:\/\/yoast.com\/wordpress\/plugins\/seo\/ -->\n<title>WET N\u00b03 Blend Gourmet 100% Robusta | De&#039;Longhi<\/title>\n<meta name=\"description\" content=\"\u00c8 una miscela con un carattere forte, dalla personalit\u00e0 e dal gusto inconfondibile, un aroma intenso ed avvolgente,\" \/>\n<meta name=\"robots\" content=\"index, follow, max-snippet:-1, max-image-preview:large, max-video-preview:-1\" \/>\n<meta name=\"twitter:card\" content=\"summary_large_image\" \/>\n<meta name=\"twitter:title\" content=\"WET N\u00b03 Blend Gourmet 100% Robusta | De&#039;Longhi\" \/>\n<meta name=\"twitter:description\" content=\"\u00c8 una miscela con un carattere forte, dalla personalit\u00e0 e dal gusto inconfondibile, un aroma intenso ed avvolgente,\" \/>\n<meta name=\"twitter:image\" content=\"https:\/\/coffeelounge.delonghi.com\/wp-content\/uploads\/2021\/11\/miscela-robusta-gourmet-wetcaffe-roma-caffe-tostato-a-legna-b-roberto-bernardini-1.png\" \/>\n<script type=\"application\/ld+json\" class=\"yoast-schema-graph\">{\"@context\":\"https:\/\/schema.org\",\"@graph\":[{\"@type\":\"WebPage\",\"@id\":\"https:\/\/coffeelounge.delonghi.com\/it\/product\/wet-n3-blend-gourmet-100-robusta\/\",\"url\":\"https:\/\/coffeelounge.delonghi.com\/it\/product\/wet-n3-blend-gourmet-100-robusta\/\",\"name\":\"WET N\u00b03 Blend Gourmet 100% Robusta | De&#039;Longhi\",\"isPartOf\":{\"@id\":\"https:\/\/coffeelounge.delonghi.com\/it\/#website\"},\"primaryImageOfPage\":{\"@id\":\"https:\/\/coffeelounge.delonghi.com\/it\/product\/wet-n3-blend-gourmet-100-robusta\/#primaryimage\"},\"image\":{\"@id\":\"https:\/\/coffeelounge.delonghi.com\/it\/product\/wet-n3-blend-gourmet-100-robusta\/#primaryimage\"},\"thumbnailUrl\":\"https:\/\/coffeelounge.delonghi.com\/wp-content\/uploads\/2021\/11\/miscela-robusta-gourmet-wetcaffe-roma-caffe-tostato-a-legna-b-roberto-bernardini-1.png\",\"datePublished\":\"2021-11-15T16:09:35+00:00\",\"dateModified\":\"2024-03-04T07:52:24+00:00\",\"description\":\"\u00c8 una miscela con un carattere forte, dalla personalit\u00e0 e dal gusto inconfondibile, un aroma intenso ed avvolgente,\",\"breadcrumb\":{\"@id\":\"https:\/\/coffeelounge.delonghi.com\/it\/product\/wet-n3-blend-gourmet-100-robusta\/#breadcrumb\"},\"inLanguage\":\"it-IT\",\"potentialAction\":[{\"@type\":\"ReadAction\",\"target\":[\"https:\/\/coffeelounge.delonghi.com\/it\/product\/wet-n3-blend-gourmet-100-robusta\/\"]}]},{\"@type\":\"ImageObject\",\"inLanguage\":\"it-IT\",\"@id\":\"https:\/\/coffeelounge.delonghi.com\/it\/product\/wet-n3-blend-gourmet-100-robusta\/#primaryimage\",\"url\":\"https:\/\/coffeelounge.delonghi.com\/wp-content\/uploads\/2021\/11\/miscela-robusta-gourmet-wetcaffe-roma-caffe-tostato-a-legna-b-roberto-bernardini-1.png\",\"contentUrl\":\"https:\/\/coffeelounge.delonghi.com\/wp-content\/uploads\/2021\/11\/miscela-robusta-gourmet-wetcaffe-roma-caffe-tostato-a-legna-b-roberto-bernardini-1.png\",\"width\":775,\"height\":775},{\"@type\":\"BreadcrumbList\",\"@id\":\"https:\/\/coffeelounge.delonghi.com\/it\/product\/wet-n3-blend-gourmet-100-robusta\/#breadcrumb\",\"itemListElement\":[{\"@type\":\"ListItem\",\"position\":1,\"name\":\"Home\",\"item\":\"https:\/\/coffeelounge.delonghi.com\/it\/\"},{\"@type\":\"ListItem\",\"position\":2,\"name\":\"Boutique\",\"item\":\"https:\/\/coffeelounge.delonghi.com\/fr\/?page_id=36\"},{\"@type\":\"ListItem\",\"position\":3,\"name\":\"WET N\u00b03 Blend Gourmet 100% Robusta\"}]},{\"@type\":\"WebSite\",\"@id\":\"https:\/\/coffeelounge.delonghi.com\/it\/#website\",\"url\":\"https:\/\/coffeelounge.delonghi.com\/it\/\",\"name\":\"De&#039;Longhi\",\"description\":\"Coffee Lounge\",\"publisher\":{\"@id\":\"https:\/\/coffeelounge.delonghi.com\/it\/#organization\"},\"potentialAction\":[{\"@type\":\"SearchAction\",\"target\":{\"@type\":\"EntryPoint\",\"urlTemplate\":\"https:\/\/coffeelounge.delonghi.com\/it\/?s={search_term_string}\"},\"query-input\":{\"@type\":\"PropertyValueSpecification\",\"valueRequired\":true,\"valueName\":\"search_term_string\"}}],\"inLanguage\":\"it-IT\"},{\"@type\":\"Organization\",\"@id\":\"https:\/\/coffeelounge.delonghi.com\/it\/#organization\",\"name\":\"De'Longhi Coffee Lounge\",\"url\":\"https:\/\/coffeelounge.delonghi.com\/it\/\",\"logo\":{\"@type\":\"ImageObject\",\"inLanguage\":\"it-IT\",\"@id\":\"https:\/\/coffeelounge.delonghi.com\/it\/#\/schema\/logo\/image\/\",\"url\":\"https:\/\/coffeelounge.delonghi.com\/wp-content\/uploads\/2020\/05\/delonghi-coffee-lounge-logo-nederland.png\",\"contentUrl\":\"https:\/\/coffeelounge.delonghi.com\/wp-content\/uploads\/2020\/05\/delonghi-coffee-lounge-logo-nederland.png\",\"width\":2337,\"height\":724,\"caption\":\"De'Longhi Coffee Lounge\"},\"image\":{\"@id\":\"https:\/\/coffeelounge.delonghi.com\/it\/#\/schema\/logo\/image\/\"}}]}<\/script>\n<!-- \/ Yoast SEO Premium plugin. -->","yoast_head_json":{"title":"WET N\u00b03 Blend Gourmet 100% Robusta | De&#039;Longhi","description":"\u00c8 una miscela con un carattere forte, dalla personalit\u00e0 e dal gusto inconfondibile, un aroma intenso ed avvolgente,","robots":{"index":"index","follow":"follow","max-snippet":"max-snippet:-1","max-image-preview":"max-image-preview:large","max-video-preview":"max-video-preview:-1"},"twitter_card":"summary_large_image","twitter_title":"WET N\u00b03 Blend Gourmet 100% Robusta | De&#039;Longhi","twitter_description":"\u00c8 una miscela con un carattere forte, dalla personalit\u00e0 e dal gusto inconfondibile, un aroma intenso ed avvolgente,","twitter_image":"https:\/\/coffeelounge.delonghi.com\/wp-content\/uploads\/2021\/11\/miscela-robusta-gourmet-wetcaffe-roma-caffe-tostato-a-legna-b-roberto-bernardini-1.png","schema":{"@context":"https:\/\/schema.org","@graph":[{"@type":"WebPage","@id":"https:\/\/coffeelounge.delonghi.com\/it\/product\/wet-n3-blend-gourmet-100-robusta\/","url":"https:\/\/coffeelounge.delonghi.com\/it\/product\/wet-n3-blend-gourmet-100-robusta\/","name":"WET N\u00b03 Blend Gourmet 100% Robusta | De&#039;Longhi","isPartOf":{"@id":"https:\/\/coffeelounge.delonghi.com\/it\/#website"},"primaryImageOfPage":{"@id":"https:\/\/coffeelounge.delonghi.com\/it\/product\/wet-n3-blend-gourmet-100-robusta\/#primaryimage"},"image":{"@id":"https:\/\/coffeelounge.delonghi.com\/it\/product\/wet-n3-blend-gourmet-100-robusta\/#primaryimage"},"thumbnailUrl":"https:\/\/coffeelounge.delonghi.com\/wp-content\/uploads\/2021\/11\/miscela-robusta-gourmet-wetcaffe-roma-caffe-tostato-a-legna-b-roberto-bernardini-1.png","datePublished":"2021-11-15T16:09:35+00:00","dateModified":"2024-03-04T07:52:24+00:00","description":"\u00c8 una miscela con un carattere forte, dalla personalit\u00e0 e dal gusto inconfondibile, un aroma intenso ed avvolgente,","breadcrumb":{"@id":"https:\/\/coffeelounge.delonghi.com\/it\/product\/wet-n3-blend-gourmet-100-robusta\/#breadcrumb"},"inLanguage":"it-IT","potentialAction":[{"@type":"ReadAction","target":["https:\/\/coffeelounge.delonghi.com\/it\/product\/wet-n3-blend-gourmet-100-robusta\/"]}]},{"@type":"ImageObject","inLanguage":"it-IT","@id":"https:\/\/coffeelounge.delonghi.com\/it\/product\/wet-n3-blend-gourmet-100-robusta\/#primaryimage","url":"https:\/\/coffeelounge.delonghi.com\/wp-content\/uploads\/2021\/11\/miscela-robusta-gourmet-wetcaffe-roma-caffe-tostato-a-legna-b-roberto-bernardini-1.png","contentUrl":"https:\/\/coffeelounge.delonghi.com\/wp-content\/uploads\/2021\/11\/miscela-robusta-gourmet-wetcaffe-roma-caffe-tostato-a-legna-b-roberto-bernardini-1.png","width":775,"height":775},{"@type":"BreadcrumbList","@id":"https:\/\/coffeelounge.delonghi.com\/it\/product\/wet-n3-blend-gourmet-100-robusta\/#breadcrumb","itemListElement":[{"@type":"ListItem","position":1,"name":"Home","item":"https:\/\/coffeelounge.delonghi.com\/it\/"},{"@type":"ListItem","position":2,"name":"Boutique","item":"https:\/\/coffeelounge.delonghi.com\/fr\/?page_id=36"},{"@type":"ListItem","position":3,"name":"WET N\u00b03 Blend Gourmet 100% Robusta"}]},{"@type":"WebSite","@id":"https:\/\/coffeelounge.delonghi.com\/it\/#website","url":"https:\/\/coffeelounge.delonghi.com\/it\/","name":"De&#039;Longhi","description":"Coffee Lounge","publisher":{"@id":"https:\/\/coffeelounge.delonghi.com\/it\/#organization"},"potentialAction":[{"@type":"SearchAction","target":{"@type":"EntryPoint","urlTemplate":"https:\/\/coffeelounge.delonghi.com\/it\/?s={search_term_string}"},"query-input":{"@type":"PropertyValueSpecification","valueRequired":true,"valueName":"search_term_string"}}],"inLanguage":"it-IT"},{"@type":"Organization","@id":"https:\/\/coffeelounge.delonghi.com\/it\/#organization","name":"De'Longhi Coffee Lounge","url":"https:\/\/coffeelounge.delonghi.com\/it\/","logo":{"@type":"ImageObject","inLanguage":"it-IT","@id":"https:\/\/coffeelounge.delonghi.com\/it\/#\/schema\/logo\/image\/","url":"https:\/\/coffeelounge.delonghi.com\/wp-content\/uploads\/2020\/05\/delonghi-coffee-lounge-logo-nederland.png","contentUrl":"https:\/\/coffeelounge.delonghi.com\/wp-content\/uploads\/2020\/05\/delonghi-coffee-lounge-logo-nederland.png","width":2337,"height":724,"caption":"De'Longhi Coffee Lounge"},"image":{"@id":"https:\/\/coffeelounge.delonghi.com\/it\/#\/schema\/logo\/image\/"}}]}},"_links":{"self":[{"href":"https:\/\/coffeelounge.delonghi.com\/it\/wp-json\/wp\/v2\/product\/83957","targetHints":{"allow":["GET"]}}],"collection":[{"href":"https:\/\/coffeelounge.delonghi.com\/it\/wp-json\/wp\/v2\/product"}],"about":[{"href":"https:\/\/coffeelounge.delonghi.com\/it\/wp-json\/wp\/v2\/types\/product"}],"replies":[{"embeddable":true,"href":"https:\/\/coffeelounge.delonghi.com\/it\/wp-json\/wp\/v2\/comments?post=83957"}],"version-history":[{"count":2,"href":"https:\/\/coffeelounge.delonghi.com\/it\/wp-json\/wp\/v2\/product\/83957\/revisions"}],"predecessor-version":[{"id":421890,"href":"https:\/\/coffeelounge.delonghi.com\/it\/wp-json\/wp\/v2\/product\/83957\/revisions\/421890"}],"wp:featuredmedia":[{"embeddable":true,"href":"https:\/\/coffeelounge.delonghi.com\/it\/wp-json\/wp\/v2\/media\/416035"}],"wp:attachment":[{"href":"https:\/\/coffeelounge.delonghi.com\/it\/wp-json\/wp\/v2\/media?parent=83957"}],"wp:term":[{"taxonomy":"product_cat","embeddable":true,"href":"https:\/\/coffeelounge.delonghi.com\/it\/wp-json\/wp\/v2\/product_cat?post=83957"},{"taxonomy":"product_tag","embeddable":true,"href":"https:\/\/coffeelounge.delonghi.com\/it\/wp-json\/wp\/v2\/product_tag?post=83957"}],"curies":[{"name":"wp","href":"https:\/\/api.w.org\/{rel}","templated":true}]}}