{"id":83942,"date":"2021-11-15T16:03:43","date_gmt":"2021-11-15T16:03:43","guid":{"rendered":"https:\/\/coffeelounge.delonghi.com\/?post_type=product&#038;p=83942"},"modified":"2024-03-04T07:52:37","modified_gmt":"2024-03-04T07:52:37","slug":"wet-n2-blend-gourmet-50-arabica-50-robusta","status":"publish","type":"product","link":"https:\/\/coffeelounge.delonghi.com\/it\/product\/wet-n2-blend-gourmet-50-arabica-50-robusta\/","title":{"rendered":"WET N\u00b02 Blend Gourmet 50% Arabica 50% Robusta"},"content":{"rendered":"<div class=\"freebirdFormviewerViewItemsItemItemHeader\">\n<div class=\"freebirdFormviewerViewItemsItemItemTitleDescContainer\">\n<div class=\"freebirdFormviewerViewItemsItemItemTitleContainer\">\n<div class=\"freebirdFormviewerViewItemsItemItemTitle exportItemTitle freebirdCustomFont\" role=\"heading\" aria-level=\"3\" aria-describedby=\"i.desc.1823715619 c4579\">Miscela Gourmet pensata per soddisfare anche i palati pi\u00f9 esigenti. Caratterizzata da un aromaticit\u00e0 unica, esotica, perfettamente bilanciata in dolcezza e acidit\u00e0, che riempie piacevolmente il palato con lieve sentori di agrumi. Vene di cioccolato nero, fiori e miele, mandorle e nocciole inserite in un contesto fruttato, tipico del caff\u00e8 raccolto fresco ed appena tostato a legna con legno di ciliegio essiccato da almeno un anno, esprimono con semplicit\u00e0 un gusto pieno e complesso, un sapore avvolgente intenso e corposo. \u00c8 una miscela morbida e rotonda dall&#8217;aroma avvolgente ed equilibrato. Una carezza vellutata che seduce il palato.<\/div>\n<div role=\"heading\" aria-level=\"3\" aria-describedby=\"i.desc.1823715619 c4579\"><\/div>\n<div class=\"freebirdFormviewerViewItemsItemItemTitle exportItemTitle freebirdCustomFont\" role=\"heading\" aria-level=\"3\" aria-describedby=\"i.desc.1823715619 c4579\">50% ARABICA<\/div>\n<div role=\"heading\" aria-level=\"3\" aria-describedby=\"i.desc.1823715619 c4579\"><\/div>\n<div class=\"freebirdFormviewerViewItemsItemItemTitle exportItemTitle freebirdCustomFont\" role=\"heading\" aria-level=\"3\" aria-describedby=\"i.desc.1823715619 c4579\">20% Brasile: Fazenda Dona Francisca. Metodo di lavorazione: Naturale. Zona di produzione: Sul de Minas. Altitudine di coltivazione: 700\/1.000 mslm. Variet\u00e0 botanica: Mundo Novo, Catuai, Acaia. Metodo di raccolto: Picking manuale. Periodo di raccolto: da Maggio a Novembre.<\/div>\n<div role=\"heading\" aria-level=\"3\" aria-describedby=\"i.desc.1823715619 c4579\"><\/div>\n<div class=\"freebirdFormviewerViewItemsItemItemTitle exportItemTitle freebirdCustomFont\" role=\"heading\" aria-level=\"3\" aria-describedby=\"i.desc.1823715619 c4579\">10% Honduras: Produttore: Gruppo di piccoli agricoltori Metodo di lavorazione: Lavato. Zona di produzione: Altopiano di Comayaga. Altitudine di coltivazione: 1.500\/1.800 mslm Variet\u00e0 botanica: Catuai, Bourbon. Metodo di raccolto: Picking manuale Periodo di raccolto: da Ottobre a Dicembre.<\/div>\n<div role=\"heading\" aria-level=\"3\" aria-describedby=\"i.desc.1823715619 c4579\"><\/div>\n<div class=\"freebirdFormviewerViewItemsItemItemTitle exportItemTitle freebirdCustomFont\" role=\"heading\" aria-level=\"3\" aria-describedby=\"i.desc.1823715619 c4579\">10% Ethiopia: Djimmah. Metodo di lavorazione: Naturale. Zona di produzione: Regione di Kaffa. Altitudine di coltivazione: 2.200 mslm. Variet\u00e0 botanica: Heirloom. Metodo di raccolto: Picking manuale. Periodo di raccolto: da Ottobre ad Aprile.<\/div>\n<div role=\"heading\" aria-level=\"3\" aria-describedby=\"i.desc.1823715619 c4579\"><\/div>\n<div class=\"freebirdFormviewerViewItemsItemItemTitle exportItemTitle freebirdCustomFont\" role=\"heading\" aria-level=\"3\" aria-describedby=\"i.desc.1823715619 c4579\">10% Indonesia: Flores Raja Komod. Metodo di lavorazione: Washed. Zona di produzione: Bayawa. Altitudine di coltivazione: 1.300\/1.800 mslm. Variet\u00e0 botanica: Typica. Metodo di raccolto: Picking manuale. Periodo di raccolto: da Settembre a Maggio.<\/div>\n<div role=\"heading\" aria-level=\"3\" aria-describedby=\"i.desc.1823715619 c4579\"><\/div>\n<div class=\"freebirdFormviewerViewItemsItemItemTitle exportItemTitle freebirdCustomFont\" role=\"heading\" aria-level=\"3\" aria-describedby=\"i.desc.1823715619 c4579\">50% ROBUSTA<\/div>\n<div role=\"heading\" aria-level=\"3\" aria-describedby=\"i.desc.1823715619 c4579\"><\/div>\n<div class=\"freebirdFormviewerViewItemsItemItemTitle exportItemTitle freebirdCustomFont\" role=\"heading\" aria-level=\"3\" aria-describedby=\"i.desc.1823715619 c4579\">20% Indonesia Robusta: Produttore: Gruppo di piccoli agricoltori Metodo di lavorazione: Lavato. Zona di produzione: East Java, nella zona del complesso vulcanico Tengger. Altitudine di coltivazione: 600\/800 mslm. Variet\u00e0 botanica: Canephoram Large Bean, WIB (West Indische Bereiding). Metodo di raccolto: Picking manuale Periodo di raccolto: da Maggio ad Agosto.<\/div>\n<div role=\"heading\" aria-level=\"3\" aria-describedby=\"i.desc.1823715619 c4579\"><\/div>\n<div class=\"freebirdFormviewerViewItemsItemItemTitle exportItemTitle freebirdCustomFont\" role=\"heading\" aria-level=\"3\" aria-describedby=\"i.desc.1823715619 c4579\">20% India Kaapi Royale. Metodo di lavorazione: Washed. Zona di produzione: Region Bajawa (Flores Island). Altitudine di coltivazione: 1.300\/1.800 mslm. Variet\u00e0 botanica: Typica. Metodo di raccolto: Picking manuale. Periodo di raccolto: da Gennaio ad Aprile.<\/div>\n<div role=\"heading\" aria-level=\"3\" aria-describedby=\"i.desc.1823715619 c4579\"><\/div>\n<div class=\"freebirdFormviewerViewItemsItemItemTitle exportItemTitle freebirdCustomFont\" role=\"heading\" aria-level=\"3\" aria-describedby=\"i.desc.1823715619 c4579\">10% Uganda: Metodo di lavorazione: Naturale, la coltivazione avviene all&#8217;ombra di banani e altri alberi da frutto, per questo conosciuto come Africa Garden. Zona di produzione: Mendo\/Masaka (Buganda). Altitudine di coltivazione: 1.200 mslm. Variet\u00e0 botanica: Typica. Metodo di raccolto: Picking manuale. Periodo di raccolto: da Novembre a Febbraio.<\/div>\n<div role=\"heading\" aria-level=\"3\" aria-describedby=\"i.desc.1823715619 c4579\"><\/div>\n<div class=\"freebirdFormviewerViewItemsItemItemTitle exportItemTitle freebirdCustomFont\" role=\"heading\" aria-level=\"3\" aria-describedby=\"i.desc.1823715619 c4579\">Modalit\u00e0 di tostatura: a legna. Tipologia di legno usata: ciliegio stagionato. Tipo di tostatura: Media. Temperatura: 189-195 gradi. Ogni singola origine \u00e8 stata tostata separatamente.<\/div>\n<div role=\"heading\" aria-level=\"3\" aria-describedby=\"i.desc.1823715619 c4579\"><\/div>\n<\/div>\n<div role=\"heading\" aria-level=\"3\" aria-describedby=\"i.desc.1823715619 c4579\">CERTIFICAZIONE: TOSTATO A LEGNA<\/div>\n<\/div>\n<\/div>\n","protected":false},"excerpt":{"rendered":"<p>Miscela Gourmet pensata per soddisfare anche i palati pi\u00f9 esigenti. Caratterizzata da un aromaticit\u00e0 unica, esotica, perfettamente bilanciata in dolcezza e acidit\u00e0, che riempie piacevolmente il palato con lieve sentori di agrumi. Vene di cioccolato nero, fiori e miele, mandorle e nocciole inserite in un contesto fruttato, tipico del caff\u00e8 raccolto fresco ed appena tostato [&hellip;]<\/p>\n","protected":false},"featured_media":416047,"comment_status":"closed","ping_status":"closed","template":"","meta":{"_acf_changed":false},"product_cat":[74,29],"product_tag":[],"class_list":{"0":"post-83942","1":"product","2":"type-product","3":"status-publish","4":"has-post-thumbnail","6":"product_cat-tutti","7":"product_cat-miscela","9":"first","10":"instock","11":"taxable","12":"shipping-taxable","13":"purchasable","14":"product-type-variable"},"acf":[],"yoast_head":"<!-- This site is optimized with the Yoast SEO Premium plugin v24.5 (Yoast SEO v24.5) - https:\/\/yoast.com\/wordpress\/plugins\/seo\/ -->\n<title>WET N\u00b02 Blend Gourmet 50% Arabica 50% Robusta | De&#039;Longhi<\/title>\n<meta name=\"description\" content=\"Miscela Gourmet pensata per soddisfare anche i palati pi\u00f9 esigenti. Caratterizzata da un aromaticit\u00e0 unica, esotica,\" \/>\n<meta name=\"robots\" content=\"index, follow, max-snippet:-1, max-image-preview:large, max-video-preview:-1\" \/>\n<meta name=\"twitter:card\" content=\"summary_large_image\" \/>\n<meta name=\"twitter:title\" content=\"WET N\u00b02 Blend Gourmet 50% Arabica 50% Robusta | De&#039;Longhi\" \/>\n<meta name=\"twitter:description\" content=\"Miscela Gourmet pensata per soddisfare anche i palati pi\u00f9 esigenti. Caratterizzata da un aromaticit\u00e0 unica, esotica,\" \/>\n<meta name=\"twitter:image\" content=\"https:\/\/coffeelounge.delonghi.com\/wp-content\/uploads\/2021\/11\/miscela-arabica-wetcaffe-roma-caffe-tostato-a-legna-3-roberto-bernardini-1.png\" \/>\n<script type=\"application\/ld+json\" class=\"yoast-schema-graph\">{\"@context\":\"https:\/\/schema.org\",\"@graph\":[{\"@type\":\"WebPage\",\"@id\":\"https:\/\/coffeelounge.delonghi.com\/it\/product\/wet-n2-blend-gourmet-50-arabica-50-robusta\/\",\"url\":\"https:\/\/coffeelounge.delonghi.com\/it\/product\/wet-n2-blend-gourmet-50-arabica-50-robusta\/\",\"name\":\"WET N\u00b02 Blend Gourmet 50% Arabica 50% Robusta | De&#039;Longhi\",\"isPartOf\":{\"@id\":\"https:\/\/coffeelounge.delonghi.com\/it\/#website\"},\"primaryImageOfPage\":{\"@id\":\"https:\/\/coffeelounge.delonghi.com\/it\/product\/wet-n2-blend-gourmet-50-arabica-50-robusta\/#primaryimage\"},\"image\":{\"@id\":\"https:\/\/coffeelounge.delonghi.com\/it\/product\/wet-n2-blend-gourmet-50-arabica-50-robusta\/#primaryimage\"},\"thumbnailUrl\":\"https:\/\/coffeelounge.delonghi.com\/wp-content\/uploads\/2021\/11\/miscela-arabica-wetcaffe-roma-caffe-tostato-a-legna-3-roberto-bernardini-1.png\",\"datePublished\":\"2021-11-15T16:03:43+00:00\",\"dateModified\":\"2024-03-04T07:52:37+00:00\",\"description\":\"Miscela Gourmet pensata per soddisfare anche i palati pi\u00f9 esigenti. Caratterizzata da un aromaticit\u00e0 unica, esotica,\",\"breadcrumb\":{\"@id\":\"https:\/\/coffeelounge.delonghi.com\/it\/product\/wet-n2-blend-gourmet-50-arabica-50-robusta\/#breadcrumb\"},\"inLanguage\":\"it-IT\",\"potentialAction\":[{\"@type\":\"ReadAction\",\"target\":[\"https:\/\/coffeelounge.delonghi.com\/it\/product\/wet-n2-blend-gourmet-50-arabica-50-robusta\/\"]}]},{\"@type\":\"ImageObject\",\"inLanguage\":\"it-IT\",\"@id\":\"https:\/\/coffeelounge.delonghi.com\/it\/product\/wet-n2-blend-gourmet-50-arabica-50-robusta\/#primaryimage\",\"url\":\"https:\/\/coffeelounge.delonghi.com\/wp-content\/uploads\/2021\/11\/miscela-arabica-wetcaffe-roma-caffe-tostato-a-legna-3-roberto-bernardini-1.png\",\"contentUrl\":\"https:\/\/coffeelounge.delonghi.com\/wp-content\/uploads\/2021\/11\/miscela-arabica-wetcaffe-roma-caffe-tostato-a-legna-3-roberto-bernardini-1.png\",\"width\":772,\"height\":772},{\"@type\":\"BreadcrumbList\",\"@id\":\"https:\/\/coffeelounge.delonghi.com\/it\/product\/wet-n2-blend-gourmet-50-arabica-50-robusta\/#breadcrumb\",\"itemListElement\":[{\"@type\":\"ListItem\",\"position\":1,\"name\":\"Home\",\"item\":\"https:\/\/coffeelounge.delonghi.com\/it\/\"},{\"@type\":\"ListItem\",\"position\":2,\"name\":\"Boutique\",\"item\":\"https:\/\/coffeelounge.delonghi.com\/fr\/?page_id=36\"},{\"@type\":\"ListItem\",\"position\":3,\"name\":\"WET N\u00b02 Blend Gourmet 50% Arabica 50% Robusta\"}]},{\"@type\":\"WebSite\",\"@id\":\"https:\/\/coffeelounge.delonghi.com\/it\/#website\",\"url\":\"https:\/\/coffeelounge.delonghi.com\/it\/\",\"name\":\"De&#039;Longhi\",\"description\":\"Coffee Lounge\",\"publisher\":{\"@id\":\"https:\/\/coffeelounge.delonghi.com\/it\/#organization\"},\"potentialAction\":[{\"@type\":\"SearchAction\",\"target\":{\"@type\":\"EntryPoint\",\"urlTemplate\":\"https:\/\/coffeelounge.delonghi.com\/it\/?s={search_term_string}\"},\"query-input\":{\"@type\":\"PropertyValueSpecification\",\"valueRequired\":true,\"valueName\":\"search_term_string\"}}],\"inLanguage\":\"it-IT\"},{\"@type\":\"Organization\",\"@id\":\"https:\/\/coffeelounge.delonghi.com\/it\/#organization\",\"name\":\"De'Longhi Coffee Lounge\",\"url\":\"https:\/\/coffeelounge.delonghi.com\/it\/\",\"logo\":{\"@type\":\"ImageObject\",\"inLanguage\":\"it-IT\",\"@id\":\"https:\/\/coffeelounge.delonghi.com\/it\/#\/schema\/logo\/image\/\",\"url\":\"https:\/\/coffeelounge.delonghi.com\/wp-content\/uploads\/2020\/05\/delonghi-coffee-lounge-logo-nederland.png\",\"contentUrl\":\"https:\/\/coffeelounge.delonghi.com\/wp-content\/uploads\/2020\/05\/delonghi-coffee-lounge-logo-nederland.png\",\"width\":2337,\"height\":724,\"caption\":\"De'Longhi Coffee Lounge\"},\"image\":{\"@id\":\"https:\/\/coffeelounge.delonghi.com\/it\/#\/schema\/logo\/image\/\"}}]}<\/script>\n<!-- \/ Yoast SEO Premium plugin. -->","yoast_head_json":{"title":"WET N\u00b02 Blend Gourmet 50% Arabica 50% Robusta | De&#039;Longhi","description":"Miscela Gourmet pensata per soddisfare anche i palati pi\u00f9 esigenti. Caratterizzata da un aromaticit\u00e0 unica, esotica,","robots":{"index":"index","follow":"follow","max-snippet":"max-snippet:-1","max-image-preview":"max-image-preview:large","max-video-preview":"max-video-preview:-1"},"twitter_card":"summary_large_image","twitter_title":"WET N\u00b02 Blend Gourmet 50% Arabica 50% Robusta | De&#039;Longhi","twitter_description":"Miscela Gourmet pensata per soddisfare anche i palati pi\u00f9 esigenti. Caratterizzata da un aromaticit\u00e0 unica, esotica,","twitter_image":"https:\/\/coffeelounge.delonghi.com\/wp-content\/uploads\/2021\/11\/miscela-arabica-wetcaffe-roma-caffe-tostato-a-legna-3-roberto-bernardini-1.png","schema":{"@context":"https:\/\/schema.org","@graph":[{"@type":"WebPage","@id":"https:\/\/coffeelounge.delonghi.com\/it\/product\/wet-n2-blend-gourmet-50-arabica-50-robusta\/","url":"https:\/\/coffeelounge.delonghi.com\/it\/product\/wet-n2-blend-gourmet-50-arabica-50-robusta\/","name":"WET N\u00b02 Blend Gourmet 50% Arabica 50% Robusta | De&#039;Longhi","isPartOf":{"@id":"https:\/\/coffeelounge.delonghi.com\/it\/#website"},"primaryImageOfPage":{"@id":"https:\/\/coffeelounge.delonghi.com\/it\/product\/wet-n2-blend-gourmet-50-arabica-50-robusta\/#primaryimage"},"image":{"@id":"https:\/\/coffeelounge.delonghi.com\/it\/product\/wet-n2-blend-gourmet-50-arabica-50-robusta\/#primaryimage"},"thumbnailUrl":"https:\/\/coffeelounge.delonghi.com\/wp-content\/uploads\/2021\/11\/miscela-arabica-wetcaffe-roma-caffe-tostato-a-legna-3-roberto-bernardini-1.png","datePublished":"2021-11-15T16:03:43+00:00","dateModified":"2024-03-04T07:52:37+00:00","description":"Miscela Gourmet pensata per soddisfare anche i palati pi\u00f9 esigenti. Caratterizzata da un aromaticit\u00e0 unica, esotica,","breadcrumb":{"@id":"https:\/\/coffeelounge.delonghi.com\/it\/product\/wet-n2-blend-gourmet-50-arabica-50-robusta\/#breadcrumb"},"inLanguage":"it-IT","potentialAction":[{"@type":"ReadAction","target":["https:\/\/coffeelounge.delonghi.com\/it\/product\/wet-n2-blend-gourmet-50-arabica-50-robusta\/"]}]},{"@type":"ImageObject","inLanguage":"it-IT","@id":"https:\/\/coffeelounge.delonghi.com\/it\/product\/wet-n2-blend-gourmet-50-arabica-50-robusta\/#primaryimage","url":"https:\/\/coffeelounge.delonghi.com\/wp-content\/uploads\/2021\/11\/miscela-arabica-wetcaffe-roma-caffe-tostato-a-legna-3-roberto-bernardini-1.png","contentUrl":"https:\/\/coffeelounge.delonghi.com\/wp-content\/uploads\/2021\/11\/miscela-arabica-wetcaffe-roma-caffe-tostato-a-legna-3-roberto-bernardini-1.png","width":772,"height":772},{"@type":"BreadcrumbList","@id":"https:\/\/coffeelounge.delonghi.com\/it\/product\/wet-n2-blend-gourmet-50-arabica-50-robusta\/#breadcrumb","itemListElement":[{"@type":"ListItem","position":1,"name":"Home","item":"https:\/\/coffeelounge.delonghi.com\/it\/"},{"@type":"ListItem","position":2,"name":"Boutique","item":"https:\/\/coffeelounge.delonghi.com\/fr\/?page_id=36"},{"@type":"ListItem","position":3,"name":"WET N\u00b02 Blend Gourmet 50% Arabica 50% Robusta"}]},{"@type":"WebSite","@id":"https:\/\/coffeelounge.delonghi.com\/it\/#website","url":"https:\/\/coffeelounge.delonghi.com\/it\/","name":"De&#039;Longhi","description":"Coffee Lounge","publisher":{"@id":"https:\/\/coffeelounge.delonghi.com\/it\/#organization"},"potentialAction":[{"@type":"SearchAction","target":{"@type":"EntryPoint","urlTemplate":"https:\/\/coffeelounge.delonghi.com\/it\/?s={search_term_string}"},"query-input":{"@type":"PropertyValueSpecification","valueRequired":true,"valueName":"search_term_string"}}],"inLanguage":"it-IT"},{"@type":"Organization","@id":"https:\/\/coffeelounge.delonghi.com\/it\/#organization","name":"De'Longhi Coffee Lounge","url":"https:\/\/coffeelounge.delonghi.com\/it\/","logo":{"@type":"ImageObject","inLanguage":"it-IT","@id":"https:\/\/coffeelounge.delonghi.com\/it\/#\/schema\/logo\/image\/","url":"https:\/\/coffeelounge.delonghi.com\/wp-content\/uploads\/2020\/05\/delonghi-coffee-lounge-logo-nederland.png","contentUrl":"https:\/\/coffeelounge.delonghi.com\/wp-content\/uploads\/2020\/05\/delonghi-coffee-lounge-logo-nederland.png","width":2337,"height":724,"caption":"De'Longhi Coffee Lounge"},"image":{"@id":"https:\/\/coffeelounge.delonghi.com\/it\/#\/schema\/logo\/image\/"}}]}},"_links":{"self":[{"href":"https:\/\/coffeelounge.delonghi.com\/it\/wp-json\/wp\/v2\/product\/83942","targetHints":{"allow":["GET"]}}],"collection":[{"href":"https:\/\/coffeelounge.delonghi.com\/it\/wp-json\/wp\/v2\/product"}],"about":[{"href":"https:\/\/coffeelounge.delonghi.com\/it\/wp-json\/wp\/v2\/types\/product"}],"replies":[{"embeddable":true,"href":"https:\/\/coffeelounge.delonghi.com\/it\/wp-json\/wp\/v2\/comments?post=83942"}],"version-history":[{"count":2,"href":"https:\/\/coffeelounge.delonghi.com\/it\/wp-json\/wp\/v2\/product\/83942\/revisions"}],"predecessor-version":[{"id":421891,"href":"https:\/\/coffeelounge.delonghi.com\/it\/wp-json\/wp\/v2\/product\/83942\/revisions\/421891"}],"wp:featuredmedia":[{"embeddable":true,"href":"https:\/\/coffeelounge.delonghi.com\/it\/wp-json\/wp\/v2\/media\/416047"}],"wp:attachment":[{"href":"https:\/\/coffeelounge.delonghi.com\/it\/wp-json\/wp\/v2\/media?parent=83942"}],"wp:term":[{"taxonomy":"product_cat","embeddable":true,"href":"https:\/\/coffeelounge.delonghi.com\/it\/wp-json\/wp\/v2\/product_cat?post=83942"},{"taxonomy":"product_tag","embeddable":true,"href":"https:\/\/coffeelounge.delonghi.com\/it\/wp-json\/wp\/v2\/product_tag?post=83942"}],"curies":[{"name":"wp","href":"https:\/\/api.w.org\/{rel}","templated":true}]}}