{"id":63989,"date":"2021-09-07T15:37:18","date_gmt":"2021-09-07T15:37:18","guid":{"rendered":"https:\/\/coffeelounge.delonghi.com\/?post_type=product&#038;p=63989"},"modified":"2024-03-04T07:56:32","modified_gmt":"2024-03-04T07:56:32","slug":"signature-dulce","status":"publish","type":"product","link":"https:\/\/coffeelounge.delonghi.com\/it\/product\/signature-dulce\/","title":{"rendered":"Signature Dulce"},"content":{"rendered":"<p>I caff\u00e8 Signature appartengono ai 15 profili sensoriali stati scelti dai responsabili di Capricornio Coffees. L\u2019idea \u00e8 quella di creare profili sensoriali ripetibili di anno in anno,<br \/>\noffrendo non solo qualit\u00e0 ma anche continuit\u00e0.<br \/>\nColtivati nella Fazenda Bananal, Fazenda Terra S\u00ectio Teixeira<br \/>\nMetodo di raccolta: raccolta selettiva manuale;<br \/>\nMetodo di processo: naturale;<br \/>\nMetodo di essicazione: naturale al sole su patio.<br \/>\n100% Arabica Brazil Alta Mogiana, Sorocabana, Norte Pioneiro, variet\u00e0 Catua\u00ec IPR<br \/>\nCaff\u00e8 socialmente responsabile, punteggio 84+, specialty coffee singola origine<br \/>\nAromadi frutti di bosco, fragola, nota vinosa, caramello e prugna disidratata, leggeri cacao e liquirizia. Corpo medio e vellutato. Gusto con media acidit\u00e0, amaro contenuto, dolcezza medio-alta<\/p>\n<p><strong>Certificazioni<\/strong>: Caff\u00e8 Socialmente Responsabile<\/p>\n<p><strong>Parametro consigliato per la macchina da caff\u00e8 espresso:<\/strong> macinatura fine<\/p>\n","protected":false},"excerpt":{"rendered":"<p>I caff\u00e8 Signature appartengono ai 15 profili sensoriali stati scelti dai responsabili di Capricornio Coffees. L\u2019idea \u00e8 quella di creare profili sensoriali ripetibili di anno in anno, offrendo non solo qualit\u00e0 ma anche continuit\u00e0. Coltivati nella Fazenda Bananal, Fazenda Terra S\u00ectio Teixeira Metodo di raccolta: raccolta selettiva manuale; Metodo di processo: naturale; Metodo di essicazione: [&hellip;]<\/p>\n","protected":false},"featured_media":417160,"comment_status":"closed","ping_status":"closed","template":"","meta":{"_acf_changed":false},"product_cat":[74,26],"product_tag":[],"class_list":{"0":"post-63989","1":"product","2":"type-product","3":"status-publish","4":"has-post-thumbnail","6":"product_cat-tutti","7":"product_cat-specialita","9":"first","10":"instock","11":"taxable","12":"shipping-taxable","13":"purchasable","14":"product-type-variable"},"acf":[],"yoast_head":"<!-- This site is optimized with the Yoast SEO Premium plugin v24.5 (Yoast SEO v24.5) - https:\/\/yoast.com\/wordpress\/plugins\/seo\/ -->\n<title>Signature Dulce | De&#039;Longhi<\/title>\n<meta name=\"description\" content=\"caff\u00e8 Signature appartengono ai 15 profili sensoriali stati scelti dai responsabili di Capricornio Coffees.\" \/>\n<meta name=\"robots\" content=\"index, follow, max-snippet:-1, max-image-preview:large, max-video-preview:-1\" \/>\n<meta name=\"twitter:card\" content=\"summary_large_image\" \/>\n<meta name=\"twitter:title\" content=\"Signature Dulce | De&#039;Longhi\" \/>\n<meta name=\"twitter:description\" content=\"caff\u00e8 Signature appartengono ai 15 profili sensoriali stati scelti dai responsabili di Capricornio Coffees.\" \/>\n<meta name=\"twitter:image\" content=\"https:\/\/coffeelounge.delonghi.com\/wp-content\/uploads\/2021\/09\/SIGNATUREDULCE_ANNA.png\" \/>\n<script type=\"application\/ld+json\" class=\"yoast-schema-graph\">{\"@context\":\"https:\/\/schema.org\",\"@graph\":[{\"@type\":\"WebPage\",\"@id\":\"https:\/\/coffeelounge.delonghi.com\/it\/product\/signature-dulce\/\",\"url\":\"https:\/\/coffeelounge.delonghi.com\/it\/product\/signature-dulce\/\",\"name\":\"Signature Dulce | De&#039;Longhi\",\"isPartOf\":{\"@id\":\"https:\/\/coffeelounge.delonghi.com\/it\/#website\"},\"primaryImageOfPage\":{\"@id\":\"https:\/\/coffeelounge.delonghi.com\/it\/product\/signature-dulce\/#primaryimage\"},\"image\":{\"@id\":\"https:\/\/coffeelounge.delonghi.com\/it\/product\/signature-dulce\/#primaryimage\"},\"thumbnailUrl\":\"https:\/\/coffeelounge.delonghi.com\/wp-content\/uploads\/2021\/09\/SIGNATUREDULCE_ANNA.png\",\"datePublished\":\"2021-09-07T15:37:18+00:00\",\"dateModified\":\"2024-03-04T07:56:32+00:00\",\"description\":\"caff\u00e8 Signature appartengono ai 15 profili sensoriali stati scelti dai responsabili di Capricornio Coffees.\",\"breadcrumb\":{\"@id\":\"https:\/\/coffeelounge.delonghi.com\/it\/product\/signature-dulce\/#breadcrumb\"},\"inLanguage\":\"it-IT\",\"potentialAction\":[{\"@type\":\"ReadAction\",\"target\":[\"https:\/\/coffeelounge.delonghi.com\/it\/product\/signature-dulce\/\"]}]},{\"@type\":\"ImageObject\",\"inLanguage\":\"it-IT\",\"@id\":\"https:\/\/coffeelounge.delonghi.com\/it\/product\/signature-dulce\/#primaryimage\",\"url\":\"https:\/\/coffeelounge.delonghi.com\/wp-content\/uploads\/2021\/09\/SIGNATUREDULCE_ANNA.png\",\"contentUrl\":\"https:\/\/coffeelounge.delonghi.com\/wp-content\/uploads\/2021\/09\/SIGNATUREDULCE_ANNA.png\",\"width\":4501,\"height\":4500},{\"@type\":\"BreadcrumbList\",\"@id\":\"https:\/\/coffeelounge.delonghi.com\/it\/product\/signature-dulce\/#breadcrumb\",\"itemListElement\":[{\"@type\":\"ListItem\",\"position\":1,\"name\":\"Home\",\"item\":\"https:\/\/coffeelounge.delonghi.com\/it\/\"},{\"@type\":\"ListItem\",\"position\":2,\"name\":\"Boutique\",\"item\":\"https:\/\/coffeelounge.delonghi.com\/fr\/?page_id=36\"},{\"@type\":\"ListItem\",\"position\":3,\"name\":\"Signature Dulce\"}]},{\"@type\":\"WebSite\",\"@id\":\"https:\/\/coffeelounge.delonghi.com\/it\/#website\",\"url\":\"https:\/\/coffeelounge.delonghi.com\/it\/\",\"name\":\"De&#039;Longhi\",\"description\":\"Coffee Lounge\",\"publisher\":{\"@id\":\"https:\/\/coffeelounge.delonghi.com\/it\/#organization\"},\"potentialAction\":[{\"@type\":\"SearchAction\",\"target\":{\"@type\":\"EntryPoint\",\"urlTemplate\":\"https:\/\/coffeelounge.delonghi.com\/it\/?s={search_term_string}\"},\"query-input\":{\"@type\":\"PropertyValueSpecification\",\"valueRequired\":true,\"valueName\":\"search_term_string\"}}],\"inLanguage\":\"it-IT\"},{\"@type\":\"Organization\",\"@id\":\"https:\/\/coffeelounge.delonghi.com\/it\/#organization\",\"name\":\"De'Longhi Coffee Lounge\",\"url\":\"https:\/\/coffeelounge.delonghi.com\/it\/\",\"logo\":{\"@type\":\"ImageObject\",\"inLanguage\":\"it-IT\",\"@id\":\"https:\/\/coffeelounge.delonghi.com\/it\/#\/schema\/logo\/image\/\",\"url\":\"https:\/\/coffeelounge.delonghi.com\/wp-content\/uploads\/2020\/05\/delonghi-coffee-lounge-logo-nederland.png\",\"contentUrl\":\"https:\/\/coffeelounge.delonghi.com\/wp-content\/uploads\/2020\/05\/delonghi-coffee-lounge-logo-nederland.png\",\"width\":2337,\"height\":724,\"caption\":\"De'Longhi Coffee Lounge\"},\"image\":{\"@id\":\"https:\/\/coffeelounge.delonghi.com\/it\/#\/schema\/logo\/image\/\"}}]}<\/script>\n<!-- \/ Yoast SEO Premium plugin. -->","yoast_head_json":{"title":"Signature Dulce | De&#039;Longhi","description":"caff\u00e8 Signature appartengono ai 15 profili sensoriali stati scelti dai responsabili di Capricornio Coffees.","robots":{"index":"index","follow":"follow","max-snippet":"max-snippet:-1","max-image-preview":"max-image-preview:large","max-video-preview":"max-video-preview:-1"},"twitter_card":"summary_large_image","twitter_title":"Signature Dulce | De&#039;Longhi","twitter_description":"caff\u00e8 Signature appartengono ai 15 profili sensoriali stati scelti dai responsabili di Capricornio Coffees.","twitter_image":"https:\/\/coffeelounge.delonghi.com\/wp-content\/uploads\/2021\/09\/SIGNATUREDULCE_ANNA.png","schema":{"@context":"https:\/\/schema.org","@graph":[{"@type":"WebPage","@id":"https:\/\/coffeelounge.delonghi.com\/it\/product\/signature-dulce\/","url":"https:\/\/coffeelounge.delonghi.com\/it\/product\/signature-dulce\/","name":"Signature Dulce | De&#039;Longhi","isPartOf":{"@id":"https:\/\/coffeelounge.delonghi.com\/it\/#website"},"primaryImageOfPage":{"@id":"https:\/\/coffeelounge.delonghi.com\/it\/product\/signature-dulce\/#primaryimage"},"image":{"@id":"https:\/\/coffeelounge.delonghi.com\/it\/product\/signature-dulce\/#primaryimage"},"thumbnailUrl":"https:\/\/coffeelounge.delonghi.com\/wp-content\/uploads\/2021\/09\/SIGNATUREDULCE_ANNA.png","datePublished":"2021-09-07T15:37:18+00:00","dateModified":"2024-03-04T07:56:32+00:00","description":"caff\u00e8 Signature appartengono ai 15 profili sensoriali stati scelti dai responsabili di Capricornio Coffees.","breadcrumb":{"@id":"https:\/\/coffeelounge.delonghi.com\/it\/product\/signature-dulce\/#breadcrumb"},"inLanguage":"it-IT","potentialAction":[{"@type":"ReadAction","target":["https:\/\/coffeelounge.delonghi.com\/it\/product\/signature-dulce\/"]}]},{"@type":"ImageObject","inLanguage":"it-IT","@id":"https:\/\/coffeelounge.delonghi.com\/it\/product\/signature-dulce\/#primaryimage","url":"https:\/\/coffeelounge.delonghi.com\/wp-content\/uploads\/2021\/09\/SIGNATUREDULCE_ANNA.png","contentUrl":"https:\/\/coffeelounge.delonghi.com\/wp-content\/uploads\/2021\/09\/SIGNATUREDULCE_ANNA.png","width":4501,"height":4500},{"@type":"BreadcrumbList","@id":"https:\/\/coffeelounge.delonghi.com\/it\/product\/signature-dulce\/#breadcrumb","itemListElement":[{"@type":"ListItem","position":1,"name":"Home","item":"https:\/\/coffeelounge.delonghi.com\/it\/"},{"@type":"ListItem","position":2,"name":"Boutique","item":"https:\/\/coffeelounge.delonghi.com\/fr\/?page_id=36"},{"@type":"ListItem","position":3,"name":"Signature Dulce"}]},{"@type":"WebSite","@id":"https:\/\/coffeelounge.delonghi.com\/it\/#website","url":"https:\/\/coffeelounge.delonghi.com\/it\/","name":"De&#039;Longhi","description":"Coffee Lounge","publisher":{"@id":"https:\/\/coffeelounge.delonghi.com\/it\/#organization"},"potentialAction":[{"@type":"SearchAction","target":{"@type":"EntryPoint","urlTemplate":"https:\/\/coffeelounge.delonghi.com\/it\/?s={search_term_string}"},"query-input":{"@type":"PropertyValueSpecification","valueRequired":true,"valueName":"search_term_string"}}],"inLanguage":"it-IT"},{"@type":"Organization","@id":"https:\/\/coffeelounge.delonghi.com\/it\/#organization","name":"De'Longhi Coffee Lounge","url":"https:\/\/coffeelounge.delonghi.com\/it\/","logo":{"@type":"ImageObject","inLanguage":"it-IT","@id":"https:\/\/coffeelounge.delonghi.com\/it\/#\/schema\/logo\/image\/","url":"https:\/\/coffeelounge.delonghi.com\/wp-content\/uploads\/2020\/05\/delonghi-coffee-lounge-logo-nederland.png","contentUrl":"https:\/\/coffeelounge.delonghi.com\/wp-content\/uploads\/2020\/05\/delonghi-coffee-lounge-logo-nederland.png","width":2337,"height":724,"caption":"De'Longhi Coffee Lounge"},"image":{"@id":"https:\/\/coffeelounge.delonghi.com\/it\/#\/schema\/logo\/image\/"}}]}},"_links":{"self":[{"href":"https:\/\/coffeelounge.delonghi.com\/it\/wp-json\/wp\/v2\/product\/63989","targetHints":{"allow":["GET"]}}],"collection":[{"href":"https:\/\/coffeelounge.delonghi.com\/it\/wp-json\/wp\/v2\/product"}],"about":[{"href":"https:\/\/coffeelounge.delonghi.com\/it\/wp-json\/wp\/v2\/types\/product"}],"replies":[{"embeddable":true,"href":"https:\/\/coffeelounge.delonghi.com\/it\/wp-json\/wp\/v2\/comments?post=63989"}],"version-history":[{"count":2,"href":"https:\/\/coffeelounge.delonghi.com\/it\/wp-json\/wp\/v2\/product\/63989\/revisions"}],"predecessor-version":[{"id":421902,"href":"https:\/\/coffeelounge.delonghi.com\/it\/wp-json\/wp\/v2\/product\/63989\/revisions\/421902"}],"wp:featuredmedia":[{"embeddable":true,"href":"https:\/\/coffeelounge.delonghi.com\/it\/wp-json\/wp\/v2\/media\/417160"}],"wp:attachment":[{"href":"https:\/\/coffeelounge.delonghi.com\/it\/wp-json\/wp\/v2\/media?parent=63989"}],"wp:term":[{"taxonomy":"product_cat","embeddable":true,"href":"https:\/\/coffeelounge.delonghi.com\/it\/wp-json\/wp\/v2\/product_cat?post=63989"},{"taxonomy":"product_tag","embeddable":true,"href":"https:\/\/coffeelounge.delonghi.com\/it\/wp-json\/wp\/v2\/product_tag?post=63989"}],"curies":[{"name":"wp","href":"https:\/\/api.w.org\/{rel}","templated":true}]}}