{"id":48021,"date":"2021-06-28T16:59:40","date_gmt":"2021-06-28T16:59:40","guid":{"rendered":"https:\/\/coffeelounge.delonghi.com\/?post_type=product&#038;p=48021"},"modified":"2024-03-04T07:58:02","modified_gmt":"2024-03-04T07:58:02","slug":"giubileo-dec-mondicaffe","status":"publish","type":"product","link":"https:\/\/coffeelounge.delonghi.com\/it\/product\/giubileo-dec-mondicaffe\/","title":{"rendered":"GIUBILEO DEC. &#8211; Mondicaff\u00e8"},"content":{"rendered":"<p>Caffeine non exceeding 0,10 % 80 % arabica \u2013 20 % robusta<br \/>\nQuantit\u00e0: 375 g. in grani<br \/>\nIl processo per decaffeinare ad acqua esclude l\u2019uso di solventi chimici, questo consente di conservare le qualit\u00e0 organolettiche del caff\u00e8. Nel processo il caff\u00e8 crudo \u00e8 sottoposti a bagni di vapore, lavaggio in acqua, filtraggio su strati di carbone e quindi essiccato al forno.<\/p>\n<p><strong>Metodo di decaffeinizzazione:<\/strong> acqua<\/p>\n","protected":false},"excerpt":{"rendered":"<p>Caffeine non exceeding 0,10 % 80 % arabica \u2013 20 % robusta Quantit\u00e0: 375 g. in grani Il processo per decaffeinare ad acqua esclude l\u2019uso di solventi chimici, questo consente di conservare le qualit\u00e0 organolettiche del caff\u00e8. Nel processo il caff\u00e8 crudo \u00e8 sottoposti a bagni di vapore, lavaggio in acqua, filtraggio su strati di [&hellip;]<\/p>\n","protected":false},"featured_media":417265,"comment_status":"closed","ping_status":"closed","template":"","meta":{"_acf_changed":false},"product_cat":[74,29,73],"product_tag":[],"class_list":{"0":"post-48021","1":"product","2":"type-product","3":"status-publish","4":"has-post-thumbnail","6":"product_cat-tutti","7":"product_cat-miscela","8":"product_cat-decaffeinato","10":"first","11":"instock","12":"taxable","13":"shipping-taxable","14":"purchasable","15":"product-type-variable"},"acf":[],"yoast_head":"<!-- This site is optimized with the Yoast SEO Premium plugin v24.5 (Yoast SEO v24.5) - https:\/\/yoast.com\/wordpress\/plugins\/seo\/ -->\n<title>GIUBILEO DEC. - Mondicaff\u00e8 | De&#039;Longhi<\/title>\n<meta name=\"description\" content=\"Scopri la qualit\u00e0 e l&#039;aroma della miscela di caff\u00e8 Giubileo Dec, prodotta con passione da Mondicaff\u00e8. Acquista ora sul nostro sito!\" \/>\n<meta name=\"robots\" content=\"index, follow, max-snippet:-1, max-image-preview:large, max-video-preview:-1\" \/>\n<meta name=\"twitter:card\" content=\"summary_large_image\" \/>\n<meta name=\"twitter:title\" content=\"GIUBILEO DEC. - Mondicaff\u00e8 | De&#039;Longhi\" \/>\n<meta name=\"twitter:description\" content=\"Scopri la qualit\u00e0 e l&#039;aroma della miscela di caff\u00e8 Giubileo Dec, prodotta con passione da Mondicaff\u00e8. Acquista ora sul nostro sito!\" \/>\n<meta name=\"twitter:image\" content=\"https:\/\/coffeelounge.delonghi.com\/wp-content\/uploads\/2021\/06\/GIUBILEO_PHRANCO-Mondicaffe.png\" \/>\n<script type=\"application\/ld+json\" class=\"yoast-schema-graph\">{\"@context\":\"https:\/\/schema.org\",\"@graph\":[{\"@type\":\"WebPage\",\"@id\":\"https:\/\/coffeelounge.delonghi.com\/it\/product\/giubileo-dec-mondicaffe\/\",\"url\":\"https:\/\/coffeelounge.delonghi.com\/it\/product\/giubileo-dec-mondicaffe\/\",\"name\":\"GIUBILEO DEC. - Mondicaff\u00e8 | De&#039;Longhi\",\"isPartOf\":{\"@id\":\"https:\/\/coffeelounge.delonghi.com\/it\/#website\"},\"primaryImageOfPage\":{\"@id\":\"https:\/\/coffeelounge.delonghi.com\/it\/product\/giubileo-dec-mondicaffe\/#primaryimage\"},\"image\":{\"@id\":\"https:\/\/coffeelounge.delonghi.com\/it\/product\/giubileo-dec-mondicaffe\/#primaryimage\"},\"thumbnailUrl\":\"https:\/\/coffeelounge.delonghi.com\/wp-content\/uploads\/2021\/06\/GIUBILEO_PHRANCO-Mondicaffe.png\",\"datePublished\":\"2021-06-28T16:59:40+00:00\",\"dateModified\":\"2024-03-04T07:58:02+00:00\",\"description\":\"Scopri la qualit\u00e0 e l'aroma della miscela di caff\u00e8 Giubileo Dec, prodotta con passione da Mondicaff\u00e8. Acquista ora sul nostro sito!\",\"breadcrumb\":{\"@id\":\"https:\/\/coffeelounge.delonghi.com\/it\/product\/giubileo-dec-mondicaffe\/#breadcrumb\"},\"inLanguage\":\"it-IT\",\"potentialAction\":[{\"@type\":\"ReadAction\",\"target\":[\"https:\/\/coffeelounge.delonghi.com\/it\/product\/giubileo-dec-mondicaffe\/\"]}]},{\"@type\":\"ImageObject\",\"inLanguage\":\"it-IT\",\"@id\":\"https:\/\/coffeelounge.delonghi.com\/it\/product\/giubileo-dec-mondicaffe\/#primaryimage\",\"url\":\"https:\/\/coffeelounge.delonghi.com\/wp-content\/uploads\/2021\/06\/GIUBILEO_PHRANCO-Mondicaffe.png\",\"contentUrl\":\"https:\/\/coffeelounge.delonghi.com\/wp-content\/uploads\/2021\/06\/GIUBILEO_PHRANCO-Mondicaffe.png\",\"width\":800,\"height\":800},{\"@type\":\"BreadcrumbList\",\"@id\":\"https:\/\/coffeelounge.delonghi.com\/it\/product\/giubileo-dec-mondicaffe\/#breadcrumb\",\"itemListElement\":[{\"@type\":\"ListItem\",\"position\":1,\"name\":\"Home\",\"item\":\"https:\/\/coffeelounge.delonghi.com\/it\/\"},{\"@type\":\"ListItem\",\"position\":2,\"name\":\"Boutique\",\"item\":\"https:\/\/coffeelounge.delonghi.com\/fr\/?page_id=36\"},{\"@type\":\"ListItem\",\"position\":3,\"name\":\"GIUBILEO DEC. &#8211; Mondicaff\u00e8\"}]},{\"@type\":\"WebSite\",\"@id\":\"https:\/\/coffeelounge.delonghi.com\/it\/#website\",\"url\":\"https:\/\/coffeelounge.delonghi.com\/it\/\",\"name\":\"De&#039;Longhi\",\"description\":\"Coffee Lounge\",\"publisher\":{\"@id\":\"https:\/\/coffeelounge.delonghi.com\/it\/#organization\"},\"potentialAction\":[{\"@type\":\"SearchAction\",\"target\":{\"@type\":\"EntryPoint\",\"urlTemplate\":\"https:\/\/coffeelounge.delonghi.com\/it\/?s={search_term_string}\"},\"query-input\":{\"@type\":\"PropertyValueSpecification\",\"valueRequired\":true,\"valueName\":\"search_term_string\"}}],\"inLanguage\":\"it-IT\"},{\"@type\":\"Organization\",\"@id\":\"https:\/\/coffeelounge.delonghi.com\/it\/#organization\",\"name\":\"De'Longhi Coffee Lounge\",\"url\":\"https:\/\/coffeelounge.delonghi.com\/it\/\",\"logo\":{\"@type\":\"ImageObject\",\"inLanguage\":\"it-IT\",\"@id\":\"https:\/\/coffeelounge.delonghi.com\/it\/#\/schema\/logo\/image\/\",\"url\":\"https:\/\/coffeelounge.delonghi.com\/wp-content\/uploads\/2020\/05\/delonghi-coffee-lounge-logo-nederland.png\",\"contentUrl\":\"https:\/\/coffeelounge.delonghi.com\/wp-content\/uploads\/2020\/05\/delonghi-coffee-lounge-logo-nederland.png\",\"width\":2337,\"height\":724,\"caption\":\"De'Longhi Coffee Lounge\"},\"image\":{\"@id\":\"https:\/\/coffeelounge.delonghi.com\/it\/#\/schema\/logo\/image\/\"}}]}<\/script>\n<!-- \/ Yoast SEO Premium plugin. -->","yoast_head_json":{"title":"GIUBILEO DEC. - Mondicaff\u00e8 | De&#039;Longhi","description":"Scopri la qualit\u00e0 e l'aroma della miscela di caff\u00e8 Giubileo Dec, prodotta con passione da Mondicaff\u00e8. Acquista ora sul nostro sito!","robots":{"index":"index","follow":"follow","max-snippet":"max-snippet:-1","max-image-preview":"max-image-preview:large","max-video-preview":"max-video-preview:-1"},"twitter_card":"summary_large_image","twitter_title":"GIUBILEO DEC. - Mondicaff\u00e8 | De&#039;Longhi","twitter_description":"Scopri la qualit\u00e0 e l'aroma della miscela di caff\u00e8 Giubileo Dec, prodotta con passione da Mondicaff\u00e8. Acquista ora sul nostro sito!","twitter_image":"https:\/\/coffeelounge.delonghi.com\/wp-content\/uploads\/2021\/06\/GIUBILEO_PHRANCO-Mondicaffe.png","schema":{"@context":"https:\/\/schema.org","@graph":[{"@type":"WebPage","@id":"https:\/\/coffeelounge.delonghi.com\/it\/product\/giubileo-dec-mondicaffe\/","url":"https:\/\/coffeelounge.delonghi.com\/it\/product\/giubileo-dec-mondicaffe\/","name":"GIUBILEO DEC. - Mondicaff\u00e8 | De&#039;Longhi","isPartOf":{"@id":"https:\/\/coffeelounge.delonghi.com\/it\/#website"},"primaryImageOfPage":{"@id":"https:\/\/coffeelounge.delonghi.com\/it\/product\/giubileo-dec-mondicaffe\/#primaryimage"},"image":{"@id":"https:\/\/coffeelounge.delonghi.com\/it\/product\/giubileo-dec-mondicaffe\/#primaryimage"},"thumbnailUrl":"https:\/\/coffeelounge.delonghi.com\/wp-content\/uploads\/2021\/06\/GIUBILEO_PHRANCO-Mondicaffe.png","datePublished":"2021-06-28T16:59:40+00:00","dateModified":"2024-03-04T07:58:02+00:00","description":"Scopri la qualit\u00e0 e l'aroma della miscela di caff\u00e8 Giubileo Dec, prodotta con passione da Mondicaff\u00e8. Acquista ora sul nostro sito!","breadcrumb":{"@id":"https:\/\/coffeelounge.delonghi.com\/it\/product\/giubileo-dec-mondicaffe\/#breadcrumb"},"inLanguage":"it-IT","potentialAction":[{"@type":"ReadAction","target":["https:\/\/coffeelounge.delonghi.com\/it\/product\/giubileo-dec-mondicaffe\/"]}]},{"@type":"ImageObject","inLanguage":"it-IT","@id":"https:\/\/coffeelounge.delonghi.com\/it\/product\/giubileo-dec-mondicaffe\/#primaryimage","url":"https:\/\/coffeelounge.delonghi.com\/wp-content\/uploads\/2021\/06\/GIUBILEO_PHRANCO-Mondicaffe.png","contentUrl":"https:\/\/coffeelounge.delonghi.com\/wp-content\/uploads\/2021\/06\/GIUBILEO_PHRANCO-Mondicaffe.png","width":800,"height":800},{"@type":"BreadcrumbList","@id":"https:\/\/coffeelounge.delonghi.com\/it\/product\/giubileo-dec-mondicaffe\/#breadcrumb","itemListElement":[{"@type":"ListItem","position":1,"name":"Home","item":"https:\/\/coffeelounge.delonghi.com\/it\/"},{"@type":"ListItem","position":2,"name":"Boutique","item":"https:\/\/coffeelounge.delonghi.com\/fr\/?page_id=36"},{"@type":"ListItem","position":3,"name":"GIUBILEO DEC. &#8211; Mondicaff\u00e8"}]},{"@type":"WebSite","@id":"https:\/\/coffeelounge.delonghi.com\/it\/#website","url":"https:\/\/coffeelounge.delonghi.com\/it\/","name":"De&#039;Longhi","description":"Coffee Lounge","publisher":{"@id":"https:\/\/coffeelounge.delonghi.com\/it\/#organization"},"potentialAction":[{"@type":"SearchAction","target":{"@type":"EntryPoint","urlTemplate":"https:\/\/coffeelounge.delonghi.com\/it\/?s={search_term_string}"},"query-input":{"@type":"PropertyValueSpecification","valueRequired":true,"valueName":"search_term_string"}}],"inLanguage":"it-IT"},{"@type":"Organization","@id":"https:\/\/coffeelounge.delonghi.com\/it\/#organization","name":"De'Longhi Coffee Lounge","url":"https:\/\/coffeelounge.delonghi.com\/it\/","logo":{"@type":"ImageObject","inLanguage":"it-IT","@id":"https:\/\/coffeelounge.delonghi.com\/it\/#\/schema\/logo\/image\/","url":"https:\/\/coffeelounge.delonghi.com\/wp-content\/uploads\/2020\/05\/delonghi-coffee-lounge-logo-nederland.png","contentUrl":"https:\/\/coffeelounge.delonghi.com\/wp-content\/uploads\/2020\/05\/delonghi-coffee-lounge-logo-nederland.png","width":2337,"height":724,"caption":"De'Longhi Coffee Lounge"},"image":{"@id":"https:\/\/coffeelounge.delonghi.com\/it\/#\/schema\/logo\/image\/"}}]}},"_links":{"self":[{"href":"https:\/\/coffeelounge.delonghi.com\/it\/wp-json\/wp\/v2\/product\/48021","targetHints":{"allow":["GET"]}}],"collection":[{"href":"https:\/\/coffeelounge.delonghi.com\/it\/wp-json\/wp\/v2\/product"}],"about":[{"href":"https:\/\/coffeelounge.delonghi.com\/it\/wp-json\/wp\/v2\/types\/product"}],"replies":[{"embeddable":true,"href":"https:\/\/coffeelounge.delonghi.com\/it\/wp-json\/wp\/v2\/comments?post=48021"}],"version-history":[{"count":2,"href":"https:\/\/coffeelounge.delonghi.com\/it\/wp-json\/wp\/v2\/product\/48021\/revisions"}],"predecessor-version":[{"id":421909,"href":"https:\/\/coffeelounge.delonghi.com\/it\/wp-json\/wp\/v2\/product\/48021\/revisions\/421909"}],"wp:featuredmedia":[{"embeddable":true,"href":"https:\/\/coffeelounge.delonghi.com\/it\/wp-json\/wp\/v2\/media\/417265"}],"wp:attachment":[{"href":"https:\/\/coffeelounge.delonghi.com\/it\/wp-json\/wp\/v2\/media?parent=48021"}],"wp:term":[{"taxonomy":"product_cat","embeddable":true,"href":"https:\/\/coffeelounge.delonghi.com\/it\/wp-json\/wp\/v2\/product_cat?post=48021"},{"taxonomy":"product_tag","embeddable":true,"href":"https:\/\/coffeelounge.delonghi.com\/it\/wp-json\/wp\/v2\/product_tag?post=48021"}],"curies":[{"name":"wp","href":"https:\/\/api.w.org\/{rel}","templated":true}]}}