{"id":43332,"date":"2021-06-17T07:57:22","date_gmt":"2021-06-17T07:57:22","guid":{"rendered":"https:\/\/coffeelounge.delonghi.com\/?post_type=product&#038;p=43332"},"modified":"2024-03-04T08:00:11","modified_gmt":"2024-03-04T08:00:11","slug":"100-arabica-centro-sud-america-tostatura-classica","status":"publish","type":"product","link":"https:\/\/coffeelounge.delonghi.com\/it\/product\/100-arabica-centro-sud-america-tostatura-classica\/","title":{"rendered":"100% Arabica Centro Sud America &#8220;tostatura classica&#8221;"},"content":{"rendered":"<p>Un blend di arabica centro-sud americani lavati, miscelati con arabica brasiliani altamente selezionati con tostatura medio chiara. Corpo di tutto rispetto nonostante la prevalenza di lavati, si presenta in tazza con crematura fine e lucida di colore nocciola.<br \/>\nNote di dolcezza, amaro appena accennato e una fresca e vivace acidit\u00e0 ben presente e mai fastidiosa.<br \/>\nIl suo aroma riporta sentori floreali e fruttati, cacao, cereali e un leggero sentore di nocciola e spezie.<\/p>\n","protected":false},"excerpt":{"rendered":"<p>Un blend di arabica centro-sud americani lavati, miscelati con arabica brasiliani altamente selezionati con tostatura medio chiara. Corpo di tutto rispetto nonostante la prevalenza di lavati, si presenta in tazza con crematura fine e lucida di colore nocciola. Note di dolcezza, amaro appena accennato e una fresca e vivace acidit\u00e0 ben presente e mai fastidiosa. [&hellip;]<\/p>\n","protected":false},"featured_media":417408,"comment_status":"closed","ping_status":"closed","template":"","meta":{"_acf_changed":false},"product_cat":[74,29],"product_tag":[],"class_list":{"0":"post-43332","1":"product","2":"type-product","3":"status-publish","4":"has-post-thumbnail","6":"product_cat-tutti","7":"product_cat-miscela","9":"first","10":"instock","11":"taxable","12":"shipping-taxable","13":"purchasable","14":"product-type-variable"},"acf":[],"yoast_head":"<!-- This site is optimized with the Yoast SEO Premium plugin v24.5 (Yoast SEO v24.5) - https:\/\/yoast.com\/wordpress\/plugins\/seo\/ -->\n<title>100% Arabica Centro Sud America &quot;tostatura classica&quot; | De&#039;Longhi<\/title>\n<meta name=\"description\" content=\"Scopri la qualit\u00e0 e l&#039;aroma del caff\u00e8 100% Arabica Centro Sud America Tostatura Classica, prodotta da Caff\u00e8 Delizia. Acquista ora sul nostro sito!\" \/>\n<meta name=\"robots\" content=\"index, follow, max-snippet:-1, max-image-preview:large, max-video-preview:-1\" \/>\n<meta name=\"twitter:card\" content=\"summary_large_image\" \/>\n<meta name=\"twitter:title\" content=\"100% Arabica Centro Sud America &quot;tostatura classica&quot; | De&#039;Longhi\" \/>\n<meta name=\"twitter:description\" content=\"Scopri la qualit\u00e0 e l&#039;aroma del caff\u00e8 100% Arabica Centro Sud America Tostatura Classica, prodotta da Caff\u00e8 Delizia. Acquista ora sul nostro sito!\" \/>\n<meta name=\"twitter:image\" content=\"https:\/\/coffeelounge.delonghi.com\/wp-content\/uploads\/2021\/06\/pack-5-mixcsudclassico-Chiara-Turturiello-1.png\" \/>\n<script type=\"application\/ld+json\" class=\"yoast-schema-graph\">{\"@context\":\"https:\/\/schema.org\",\"@graph\":[{\"@type\":\"WebPage\",\"@id\":\"https:\/\/coffeelounge.delonghi.com\/it\/product\/100-arabica-centro-sud-america-tostatura-classica\/\",\"url\":\"https:\/\/coffeelounge.delonghi.com\/it\/product\/100-arabica-centro-sud-america-tostatura-classica\/\",\"name\":\"100% Arabica Centro Sud America \\\"tostatura classica\\\" | De&#039;Longhi\",\"isPartOf\":{\"@id\":\"https:\/\/coffeelounge.delonghi.com\/it\/#website\"},\"primaryImageOfPage\":{\"@id\":\"https:\/\/coffeelounge.delonghi.com\/it\/product\/100-arabica-centro-sud-america-tostatura-classica\/#primaryimage\"},\"image\":{\"@id\":\"https:\/\/coffeelounge.delonghi.com\/it\/product\/100-arabica-centro-sud-america-tostatura-classica\/#primaryimage\"},\"thumbnailUrl\":\"https:\/\/coffeelounge.delonghi.com\/wp-content\/uploads\/2021\/06\/pack-5-mixcsudclassico-Chiara-Turturiello-1.png\",\"datePublished\":\"2021-06-17T07:57:22+00:00\",\"dateModified\":\"2024-03-04T08:00:11+00:00\",\"description\":\"Scopri la qualit\u00e0 e l'aroma del caff\u00e8 100% Arabica Centro Sud America Tostatura Classica, prodotta da Caff\u00e8 Delizia. Acquista ora sul nostro sito!\",\"breadcrumb\":{\"@id\":\"https:\/\/coffeelounge.delonghi.com\/it\/product\/100-arabica-centro-sud-america-tostatura-classica\/#breadcrumb\"},\"inLanguage\":\"it-IT\",\"potentialAction\":[{\"@type\":\"ReadAction\",\"target\":[\"https:\/\/coffeelounge.delonghi.com\/it\/product\/100-arabica-centro-sud-america-tostatura-classica\/\"]}]},{\"@type\":\"ImageObject\",\"inLanguage\":\"it-IT\",\"@id\":\"https:\/\/coffeelounge.delonghi.com\/it\/product\/100-arabica-centro-sud-america-tostatura-classica\/#primaryimage\",\"url\":\"https:\/\/coffeelounge.delonghi.com\/wp-content\/uploads\/2021\/06\/pack-5-mixcsudclassico-Chiara-Turturiello-1.png\",\"contentUrl\":\"https:\/\/coffeelounge.delonghi.com\/wp-content\/uploads\/2021\/06\/pack-5-mixcsudclassico-Chiara-Turturiello-1.png\",\"width\":499,\"height\":499},{\"@type\":\"BreadcrumbList\",\"@id\":\"https:\/\/coffeelounge.delonghi.com\/it\/product\/100-arabica-centro-sud-america-tostatura-classica\/#breadcrumb\",\"itemListElement\":[{\"@type\":\"ListItem\",\"position\":1,\"name\":\"Home\",\"item\":\"https:\/\/coffeelounge.delonghi.com\/it\/\"},{\"@type\":\"ListItem\",\"position\":2,\"name\":\"Boutique\",\"item\":\"https:\/\/coffeelounge.delonghi.com\/fr\/?page_id=36\"},{\"@type\":\"ListItem\",\"position\":3,\"name\":\"100% Arabica Centro Sud America &#8220;tostatura classica&#8221;\"}]},{\"@type\":\"WebSite\",\"@id\":\"https:\/\/coffeelounge.delonghi.com\/it\/#website\",\"url\":\"https:\/\/coffeelounge.delonghi.com\/it\/\",\"name\":\"De&#039;Longhi\",\"description\":\"Coffee Lounge\",\"publisher\":{\"@id\":\"https:\/\/coffeelounge.delonghi.com\/it\/#organization\"},\"potentialAction\":[{\"@type\":\"SearchAction\",\"target\":{\"@type\":\"EntryPoint\",\"urlTemplate\":\"https:\/\/coffeelounge.delonghi.com\/it\/?s={search_term_string}\"},\"query-input\":{\"@type\":\"PropertyValueSpecification\",\"valueRequired\":true,\"valueName\":\"search_term_string\"}}],\"inLanguage\":\"it-IT\"},{\"@type\":\"Organization\",\"@id\":\"https:\/\/coffeelounge.delonghi.com\/it\/#organization\",\"name\":\"De'Longhi Coffee Lounge\",\"url\":\"https:\/\/coffeelounge.delonghi.com\/it\/\",\"logo\":{\"@type\":\"ImageObject\",\"inLanguage\":\"it-IT\",\"@id\":\"https:\/\/coffeelounge.delonghi.com\/it\/#\/schema\/logo\/image\/\",\"url\":\"https:\/\/coffeelounge.delonghi.com\/wp-content\/uploads\/2020\/05\/delonghi-coffee-lounge-logo-nederland.png\",\"contentUrl\":\"https:\/\/coffeelounge.delonghi.com\/wp-content\/uploads\/2020\/05\/delonghi-coffee-lounge-logo-nederland.png\",\"width\":2337,\"height\":724,\"caption\":\"De'Longhi Coffee Lounge\"},\"image\":{\"@id\":\"https:\/\/coffeelounge.delonghi.com\/it\/#\/schema\/logo\/image\/\"}}]}<\/script>\n<!-- \/ Yoast SEO Premium plugin. -->","yoast_head_json":{"title":"100% Arabica Centro Sud America \"tostatura classica\" | De&#039;Longhi","description":"Scopri la qualit\u00e0 e l'aroma del caff\u00e8 100% Arabica Centro Sud America Tostatura Classica, prodotta da Caff\u00e8 Delizia. Acquista ora sul nostro sito!","robots":{"index":"index","follow":"follow","max-snippet":"max-snippet:-1","max-image-preview":"max-image-preview:large","max-video-preview":"max-video-preview:-1"},"twitter_card":"summary_large_image","twitter_title":"100% Arabica Centro Sud America \"tostatura classica\" | De&#039;Longhi","twitter_description":"Scopri la qualit\u00e0 e l'aroma del caff\u00e8 100% Arabica Centro Sud America Tostatura Classica, prodotta da Caff\u00e8 Delizia. Acquista ora sul nostro sito!","twitter_image":"https:\/\/coffeelounge.delonghi.com\/wp-content\/uploads\/2021\/06\/pack-5-mixcsudclassico-Chiara-Turturiello-1.png","schema":{"@context":"https:\/\/schema.org","@graph":[{"@type":"WebPage","@id":"https:\/\/coffeelounge.delonghi.com\/it\/product\/100-arabica-centro-sud-america-tostatura-classica\/","url":"https:\/\/coffeelounge.delonghi.com\/it\/product\/100-arabica-centro-sud-america-tostatura-classica\/","name":"100% Arabica Centro Sud America \"tostatura classica\" | De&#039;Longhi","isPartOf":{"@id":"https:\/\/coffeelounge.delonghi.com\/it\/#website"},"primaryImageOfPage":{"@id":"https:\/\/coffeelounge.delonghi.com\/it\/product\/100-arabica-centro-sud-america-tostatura-classica\/#primaryimage"},"image":{"@id":"https:\/\/coffeelounge.delonghi.com\/it\/product\/100-arabica-centro-sud-america-tostatura-classica\/#primaryimage"},"thumbnailUrl":"https:\/\/coffeelounge.delonghi.com\/wp-content\/uploads\/2021\/06\/pack-5-mixcsudclassico-Chiara-Turturiello-1.png","datePublished":"2021-06-17T07:57:22+00:00","dateModified":"2024-03-04T08:00:11+00:00","description":"Scopri la qualit\u00e0 e l'aroma del caff\u00e8 100% Arabica Centro Sud America Tostatura Classica, prodotta da Caff\u00e8 Delizia. Acquista ora sul nostro sito!","breadcrumb":{"@id":"https:\/\/coffeelounge.delonghi.com\/it\/product\/100-arabica-centro-sud-america-tostatura-classica\/#breadcrumb"},"inLanguage":"it-IT","potentialAction":[{"@type":"ReadAction","target":["https:\/\/coffeelounge.delonghi.com\/it\/product\/100-arabica-centro-sud-america-tostatura-classica\/"]}]},{"@type":"ImageObject","inLanguage":"it-IT","@id":"https:\/\/coffeelounge.delonghi.com\/it\/product\/100-arabica-centro-sud-america-tostatura-classica\/#primaryimage","url":"https:\/\/coffeelounge.delonghi.com\/wp-content\/uploads\/2021\/06\/pack-5-mixcsudclassico-Chiara-Turturiello-1.png","contentUrl":"https:\/\/coffeelounge.delonghi.com\/wp-content\/uploads\/2021\/06\/pack-5-mixcsudclassico-Chiara-Turturiello-1.png","width":499,"height":499},{"@type":"BreadcrumbList","@id":"https:\/\/coffeelounge.delonghi.com\/it\/product\/100-arabica-centro-sud-america-tostatura-classica\/#breadcrumb","itemListElement":[{"@type":"ListItem","position":1,"name":"Home","item":"https:\/\/coffeelounge.delonghi.com\/it\/"},{"@type":"ListItem","position":2,"name":"Boutique","item":"https:\/\/coffeelounge.delonghi.com\/fr\/?page_id=36"},{"@type":"ListItem","position":3,"name":"100% Arabica Centro Sud America &#8220;tostatura classica&#8221;"}]},{"@type":"WebSite","@id":"https:\/\/coffeelounge.delonghi.com\/it\/#website","url":"https:\/\/coffeelounge.delonghi.com\/it\/","name":"De&#039;Longhi","description":"Coffee Lounge","publisher":{"@id":"https:\/\/coffeelounge.delonghi.com\/it\/#organization"},"potentialAction":[{"@type":"SearchAction","target":{"@type":"EntryPoint","urlTemplate":"https:\/\/coffeelounge.delonghi.com\/it\/?s={search_term_string}"},"query-input":{"@type":"PropertyValueSpecification","valueRequired":true,"valueName":"search_term_string"}}],"inLanguage":"it-IT"},{"@type":"Organization","@id":"https:\/\/coffeelounge.delonghi.com\/it\/#organization","name":"De'Longhi Coffee Lounge","url":"https:\/\/coffeelounge.delonghi.com\/it\/","logo":{"@type":"ImageObject","inLanguage":"it-IT","@id":"https:\/\/coffeelounge.delonghi.com\/it\/#\/schema\/logo\/image\/","url":"https:\/\/coffeelounge.delonghi.com\/wp-content\/uploads\/2020\/05\/delonghi-coffee-lounge-logo-nederland.png","contentUrl":"https:\/\/coffeelounge.delonghi.com\/wp-content\/uploads\/2020\/05\/delonghi-coffee-lounge-logo-nederland.png","width":2337,"height":724,"caption":"De'Longhi Coffee Lounge"},"image":{"@id":"https:\/\/coffeelounge.delonghi.com\/it\/#\/schema\/logo\/image\/"}}]}},"_links":{"self":[{"href":"https:\/\/coffeelounge.delonghi.com\/it\/wp-json\/wp\/v2\/product\/43332","targetHints":{"allow":["GET"]}}],"collection":[{"href":"https:\/\/coffeelounge.delonghi.com\/it\/wp-json\/wp\/v2\/product"}],"about":[{"href":"https:\/\/coffeelounge.delonghi.com\/it\/wp-json\/wp\/v2\/types\/product"}],"replies":[{"embeddable":true,"href":"https:\/\/coffeelounge.delonghi.com\/it\/wp-json\/wp\/v2\/comments?post=43332"}],"version-history":[{"count":2,"href":"https:\/\/coffeelounge.delonghi.com\/it\/wp-json\/wp\/v2\/product\/43332\/revisions"}],"predecessor-version":[{"id":421921,"href":"https:\/\/coffeelounge.delonghi.com\/it\/wp-json\/wp\/v2\/product\/43332\/revisions\/421921"}],"wp:featuredmedia":[{"embeddable":true,"href":"https:\/\/coffeelounge.delonghi.com\/it\/wp-json\/wp\/v2\/media\/417408"}],"wp:attachment":[{"href":"https:\/\/coffeelounge.delonghi.com\/it\/wp-json\/wp\/v2\/media?parent=43332"}],"wp:term":[{"taxonomy":"product_cat","embeddable":true,"href":"https:\/\/coffeelounge.delonghi.com\/it\/wp-json\/wp\/v2\/product_cat?post=43332"},{"taxonomy":"product_tag","embeddable":true,"href":"https:\/\/coffeelounge.delonghi.com\/it\/wp-json\/wp\/v2\/product_tag?post=43332"}],"curies":[{"name":"wp","href":"https:\/\/api.w.org\/{rel}","templated":true}]}}