{"id":394748,"date":"2023-06-16T14:04:57","date_gmt":"2023-06-16T14:04:57","guid":{"rendered":"https:\/\/coffeelounge.delonghi.com\/?post_type=product&#038;p=394748"},"modified":"2024-03-04T07:41:38","modified_gmt":"2024-03-04T07:41:38","slug":"brasile-cold-soul","status":"publish","type":"product","link":"https:\/\/coffeelounge.delonghi.com\/it\/product\/brasile-cold-soul\/","title":{"rendered":"Brasile Cold Soul"},"content":{"rendered":"<p>ll caff\u00e8 \u00e8 stato introdotto per la prima volta in Brasile a Belem do Para, attraverso la Guyana francese, all\u2019inizio del XVIII secolo. Ora la sua produzione avviene in 17 paesi ma la maggior parte \u00e8 concentrata negli stati di Minas Gerais, San Paolo, Espirito Santo e Paran\u00e0, il pi\u00f9 grande produttore di caff\u00e8 al mondo. Il caff\u00e8 arriv\u00f2 qui nel 1892 e negli anni \u201950, all\u2019apice della sua produzione, contava la quantit\u00e0 di caff\u00e8 che oggi arriva da Minas Gerais, la principale area caffeicola del paese.<br \/>\nFazenda California si trova a Jacarezinho nella punta nord-orientale dello stato di Paran\u00e0. Qui la coltivazione e la lavorazione della frutta del caff\u00e8 viene portata avanti dal titolare Luiz Roberto Saldanha Rodrigues. I processi naturali Cold Soul sono stati sviluppati da Luiz per conferire al caff\u00e8 coltivato a bassa quota caratteristiche uniche e insolite mai sperimentate prima da questa regione. L\u2019estrema brillantezza, le spiccate caratteristiche del frutto e la complessit\u00e0 di questo caff\u00e8 sono dovute al suo particolare processo, in cui le drupe vengono messe a bagno per una notte in acqua fredda nella prima fase del processo di fermentazione. L\u2019idea \u00e8 che l\u2019acqua fredda dia una condizione di \u201cfermentazione controllata\u201d, conferendo al caff\u00e8 una tazza pi\u00f9 pulita e dolce rispetto a un metodo naturale convenzionale. Il processo finisce poi con una lenta essiccazione su letti africani per 25-30 giorni, completando la complessit\u00e0 del processo.<\/p>\n","protected":false},"excerpt":{"rendered":"<p>l caff\u00e8 \u00e8 stato introdotto per la prima volta in Brasile a Belem do Para, attraverso la Guyana francese, all\u2019inizio del XVIII secolo. Ora la sua produzione avviene in 17 paesi ma la maggior parte \u00e8 concentrata negli stati di Minas Gerais, San Paolo, Espirito Santo e Paran\u00e0, il pi\u00f9 grande produttore di caff\u00e8 al mondo. Il caff\u00e8 arriv\u00f2 qui nel 1892 e negli anni \u201950, all\u2019apice della sua produzione, contava la quantit\u00e0 di caff\u00e8 che oggi arriva da Minas Gerais, la principale area caffeicola del paese.<br \/>\nFazenda California si trova a Jacarezinho nella punta nord-orientale dello stato di Paran\u00e0. Qui la coltivazione e la lavorazione della frutta del caff\u00e8 viene portata avanti dal titolare Luiz Roberto Saldanha Rodrigues. I processi naturali Cold Soul sono stati sviluppati da Luiz per conferire al caff\u00e8 coltivato a bassa quota caratteristiche uniche e insolite mai sperimentate prima da questa regione. L\u2019estrema brillantezza, le spiccate caratteristiche del frutto e la complessit\u00e0 di questo caff\u00e8 sono dovute al suo particolare processo, in cui le drupe vengono messe a bagno per una notte in acqua fredda nella prima fase del processo di fermentazione. L\u2019idea \u00e8 che l\u2019acqua fredda dia una condizione di \u201cfermentazione controllata\u201d, conferendo al caff\u00e8 una tazza pi\u00f9 pulita e dolce rispetto a un metodo naturale convenzionale. Il processo finisce poi con una lenta essiccazione su letti africani per 25-30 giorni, completando la complessit\u00e0 del processo.<\/p>\n","protected":false},"featured_media":415428,"comment_status":"closed","ping_status":"closed","template":"","meta":{"_acf_changed":false},"product_cat":[74,29,30],"product_tag":[],"class_list":{"0":"post-394748","1":"product","2":"type-product","3":"status-publish","4":"has-post-thumbnail","6":"product_cat-tutti","7":"product_cat-miscela","8":"product_cat-monorigine","10":"first","11":"instock","12":"taxable","13":"shipping-taxable","14":"purchasable","15":"product-type-variable"},"acf":[],"yoast_head":"<!-- This site is optimized with the Yoast SEO Premium plugin v24.5 (Yoast SEO v24.5) - https:\/\/yoast.com\/wordpress\/plugins\/seo\/ -->\n<title>Brasile Cold Soul | De&#039;Longhi<\/title>\n<meta name=\"description\" content=\"L\u2019estrema brillantezza, le spiccate caratteristiche del frutto e la complessit\u00e0 di questo caff\u00e8 sono dovute al suo particolare processo.\" \/>\n<meta name=\"robots\" content=\"index, follow, max-snippet:-1, max-image-preview:large, max-video-preview:-1\" \/>\n<meta name=\"twitter:card\" content=\"summary_large_image\" \/>\n<meta name=\"twitter:title\" content=\"Brasile Cold Soul | De&#039;Longhi\" \/>\n<meta name=\"twitter:description\" content=\"L\u2019estrema brillantezza, le spiccate caratteristiche del frutto e la complessit\u00e0 di questo caff\u00e8 sono dovute al suo particolare processo.\" \/>\n<meta name=\"twitter:image\" content=\"https:\/\/coffeelounge.delonghi.com\/wp-content\/uploads\/2023\/06\/Doypack-Brazil-Bloom-Coffee-School.png\" \/>\n<script type=\"application\/ld+json\" class=\"yoast-schema-graph\">{\"@context\":\"https:\/\/schema.org\",\"@graph\":[{\"@type\":\"WebPage\",\"@id\":\"https:\/\/coffeelounge.delonghi.com\/it\/product\/brasile-cold-soul\/\",\"url\":\"https:\/\/coffeelounge.delonghi.com\/it\/product\/brasile-cold-soul\/\",\"name\":\"Brasile Cold Soul | De&#039;Longhi\",\"isPartOf\":{\"@id\":\"https:\/\/coffeelounge.delonghi.com\/it\/#website\"},\"primaryImageOfPage\":{\"@id\":\"https:\/\/coffeelounge.delonghi.com\/it\/product\/brasile-cold-soul\/#primaryimage\"},\"image\":{\"@id\":\"https:\/\/coffeelounge.delonghi.com\/it\/product\/brasile-cold-soul\/#primaryimage\"},\"thumbnailUrl\":\"https:\/\/coffeelounge.delonghi.com\/wp-content\/uploads\/2023\/06\/Doypack-Brazil-Bloom-Coffee-School.png\",\"datePublished\":\"2023-06-16T14:04:57+00:00\",\"dateModified\":\"2024-03-04T07:41:38+00:00\",\"description\":\"L\u2019estrema brillantezza, le spiccate caratteristiche del frutto e la complessit\u00e0 di questo caff\u00e8 sono dovute al suo particolare processo.\",\"breadcrumb\":{\"@id\":\"https:\/\/coffeelounge.delonghi.com\/it\/product\/brasile-cold-soul\/#breadcrumb\"},\"inLanguage\":\"it-IT\",\"potentialAction\":[{\"@type\":\"ReadAction\",\"target\":[\"https:\/\/coffeelounge.delonghi.com\/it\/product\/brasile-cold-soul\/\"]}]},{\"@type\":\"ImageObject\",\"inLanguage\":\"it-IT\",\"@id\":\"https:\/\/coffeelounge.delonghi.com\/it\/product\/brasile-cold-soul\/#primaryimage\",\"url\":\"https:\/\/coffeelounge.delonghi.com\/wp-content\/uploads\/2023\/06\/Doypack-Brazil-Bloom-Coffee-School.png\",\"contentUrl\":\"https:\/\/coffeelounge.delonghi.com\/wp-content\/uploads\/2023\/06\/Doypack-Brazil-Bloom-Coffee-School.png\",\"width\":500,\"height\":500},{\"@type\":\"BreadcrumbList\",\"@id\":\"https:\/\/coffeelounge.delonghi.com\/it\/product\/brasile-cold-soul\/#breadcrumb\",\"itemListElement\":[{\"@type\":\"ListItem\",\"position\":1,\"name\":\"Home\",\"item\":\"https:\/\/coffeelounge.delonghi.com\/it\/\"},{\"@type\":\"ListItem\",\"position\":2,\"name\":\"Boutique\",\"item\":\"https:\/\/coffeelounge.delonghi.com\/fr\/?page_id=36\"},{\"@type\":\"ListItem\",\"position\":3,\"name\":\"Brasile Cold Soul\"}]},{\"@type\":\"WebSite\",\"@id\":\"https:\/\/coffeelounge.delonghi.com\/it\/#website\",\"url\":\"https:\/\/coffeelounge.delonghi.com\/it\/\",\"name\":\"De&#039;Longhi\",\"description\":\"Coffee Lounge\",\"publisher\":{\"@id\":\"https:\/\/coffeelounge.delonghi.com\/it\/#organization\"},\"potentialAction\":[{\"@type\":\"SearchAction\",\"target\":{\"@type\":\"EntryPoint\",\"urlTemplate\":\"https:\/\/coffeelounge.delonghi.com\/it\/?s={search_term_string}\"},\"query-input\":{\"@type\":\"PropertyValueSpecification\",\"valueRequired\":true,\"valueName\":\"search_term_string\"}}],\"inLanguage\":\"it-IT\"},{\"@type\":\"Organization\",\"@id\":\"https:\/\/coffeelounge.delonghi.com\/it\/#organization\",\"name\":\"De'Longhi Coffee Lounge\",\"url\":\"https:\/\/coffeelounge.delonghi.com\/it\/\",\"logo\":{\"@type\":\"ImageObject\",\"inLanguage\":\"it-IT\",\"@id\":\"https:\/\/coffeelounge.delonghi.com\/it\/#\/schema\/logo\/image\/\",\"url\":\"https:\/\/coffeelounge.delonghi.com\/wp-content\/uploads\/2020\/05\/delonghi-coffee-lounge-logo-nederland.png\",\"contentUrl\":\"https:\/\/coffeelounge.delonghi.com\/wp-content\/uploads\/2020\/05\/delonghi-coffee-lounge-logo-nederland.png\",\"width\":2337,\"height\":724,\"caption\":\"De'Longhi Coffee Lounge\"},\"image\":{\"@id\":\"https:\/\/coffeelounge.delonghi.com\/it\/#\/schema\/logo\/image\/\"}}]}<\/script>\n<!-- \/ Yoast SEO Premium plugin. -->","yoast_head_json":{"title":"Brasile Cold Soul | De&#039;Longhi","description":"L\u2019estrema brillantezza, le spiccate caratteristiche del frutto e la complessit\u00e0 di questo caff\u00e8 sono dovute al suo particolare processo.","robots":{"index":"index","follow":"follow","max-snippet":"max-snippet:-1","max-image-preview":"max-image-preview:large","max-video-preview":"max-video-preview:-1"},"twitter_card":"summary_large_image","twitter_title":"Brasile Cold Soul | De&#039;Longhi","twitter_description":"L\u2019estrema brillantezza, le spiccate caratteristiche del frutto e la complessit\u00e0 di questo caff\u00e8 sono dovute al suo particolare processo.","twitter_image":"https:\/\/coffeelounge.delonghi.com\/wp-content\/uploads\/2023\/06\/Doypack-Brazil-Bloom-Coffee-School.png","schema":{"@context":"https:\/\/schema.org","@graph":[{"@type":"WebPage","@id":"https:\/\/coffeelounge.delonghi.com\/it\/product\/brasile-cold-soul\/","url":"https:\/\/coffeelounge.delonghi.com\/it\/product\/brasile-cold-soul\/","name":"Brasile Cold Soul | De&#039;Longhi","isPartOf":{"@id":"https:\/\/coffeelounge.delonghi.com\/it\/#website"},"primaryImageOfPage":{"@id":"https:\/\/coffeelounge.delonghi.com\/it\/product\/brasile-cold-soul\/#primaryimage"},"image":{"@id":"https:\/\/coffeelounge.delonghi.com\/it\/product\/brasile-cold-soul\/#primaryimage"},"thumbnailUrl":"https:\/\/coffeelounge.delonghi.com\/wp-content\/uploads\/2023\/06\/Doypack-Brazil-Bloom-Coffee-School.png","datePublished":"2023-06-16T14:04:57+00:00","dateModified":"2024-03-04T07:41:38+00:00","description":"L\u2019estrema brillantezza, le spiccate caratteristiche del frutto e la complessit\u00e0 di questo caff\u00e8 sono dovute al suo particolare processo.","breadcrumb":{"@id":"https:\/\/coffeelounge.delonghi.com\/it\/product\/brasile-cold-soul\/#breadcrumb"},"inLanguage":"it-IT","potentialAction":[{"@type":"ReadAction","target":["https:\/\/coffeelounge.delonghi.com\/it\/product\/brasile-cold-soul\/"]}]},{"@type":"ImageObject","inLanguage":"it-IT","@id":"https:\/\/coffeelounge.delonghi.com\/it\/product\/brasile-cold-soul\/#primaryimage","url":"https:\/\/coffeelounge.delonghi.com\/wp-content\/uploads\/2023\/06\/Doypack-Brazil-Bloom-Coffee-School.png","contentUrl":"https:\/\/coffeelounge.delonghi.com\/wp-content\/uploads\/2023\/06\/Doypack-Brazil-Bloom-Coffee-School.png","width":500,"height":500},{"@type":"BreadcrumbList","@id":"https:\/\/coffeelounge.delonghi.com\/it\/product\/brasile-cold-soul\/#breadcrumb","itemListElement":[{"@type":"ListItem","position":1,"name":"Home","item":"https:\/\/coffeelounge.delonghi.com\/it\/"},{"@type":"ListItem","position":2,"name":"Boutique","item":"https:\/\/coffeelounge.delonghi.com\/fr\/?page_id=36"},{"@type":"ListItem","position":3,"name":"Brasile Cold Soul"}]},{"@type":"WebSite","@id":"https:\/\/coffeelounge.delonghi.com\/it\/#website","url":"https:\/\/coffeelounge.delonghi.com\/it\/","name":"De&#039;Longhi","description":"Coffee Lounge","publisher":{"@id":"https:\/\/coffeelounge.delonghi.com\/it\/#organization"},"potentialAction":[{"@type":"SearchAction","target":{"@type":"EntryPoint","urlTemplate":"https:\/\/coffeelounge.delonghi.com\/it\/?s={search_term_string}"},"query-input":{"@type":"PropertyValueSpecification","valueRequired":true,"valueName":"search_term_string"}}],"inLanguage":"it-IT"},{"@type":"Organization","@id":"https:\/\/coffeelounge.delonghi.com\/it\/#organization","name":"De'Longhi Coffee Lounge","url":"https:\/\/coffeelounge.delonghi.com\/it\/","logo":{"@type":"ImageObject","inLanguage":"it-IT","@id":"https:\/\/coffeelounge.delonghi.com\/it\/#\/schema\/logo\/image\/","url":"https:\/\/coffeelounge.delonghi.com\/wp-content\/uploads\/2020\/05\/delonghi-coffee-lounge-logo-nederland.png","contentUrl":"https:\/\/coffeelounge.delonghi.com\/wp-content\/uploads\/2020\/05\/delonghi-coffee-lounge-logo-nederland.png","width":2337,"height":724,"caption":"De'Longhi Coffee Lounge"},"image":{"@id":"https:\/\/coffeelounge.delonghi.com\/it\/#\/schema\/logo\/image\/"}}]}},"_links":{"self":[{"href":"https:\/\/coffeelounge.delonghi.com\/it\/wp-json\/wp\/v2\/product\/394748","targetHints":{"allow":["GET"]}}],"collection":[{"href":"https:\/\/coffeelounge.delonghi.com\/it\/wp-json\/wp\/v2\/product"}],"about":[{"href":"https:\/\/coffeelounge.delonghi.com\/it\/wp-json\/wp\/v2\/types\/product"}],"replies":[{"embeddable":true,"href":"https:\/\/coffeelounge.delonghi.com\/it\/wp-json\/wp\/v2\/comments?post=394748"}],"version-history":[{"count":4,"href":"https:\/\/coffeelounge.delonghi.com\/it\/wp-json\/wp\/v2\/product\/394748\/revisions"}],"predecessor-version":[{"id":421852,"href":"https:\/\/coffeelounge.delonghi.com\/it\/wp-json\/wp\/v2\/product\/394748\/revisions\/421852"}],"wp:featuredmedia":[{"embeddable":true,"href":"https:\/\/coffeelounge.delonghi.com\/it\/wp-json\/wp\/v2\/media\/415428"}],"wp:attachment":[{"href":"https:\/\/coffeelounge.delonghi.com\/it\/wp-json\/wp\/v2\/media?parent=394748"}],"wp:term":[{"taxonomy":"product_cat","embeddable":true,"href":"https:\/\/coffeelounge.delonghi.com\/it\/wp-json\/wp\/v2\/product_cat?post=394748"},{"taxonomy":"product_tag","embeddable":true,"href":"https:\/\/coffeelounge.delonghi.com\/it\/wp-json\/wp\/v2\/product_tag?post=394748"}],"curies":[{"name":"wp","href":"https:\/\/api.w.org\/{rel}","templated":true}]}}