{"id":394642,"date":"2023-06-15T10:38:46","date_gmt":"2023-06-15T10:38:46","guid":{"rendered":"https:\/\/coffeelounge.delonghi.com\/?post_type=product&#038;p=394642"},"modified":"2024-03-04T07:42:15","modified_gmt":"2024-03-04T07:42:15","slug":"ethiopia-yemasira","status":"publish","type":"product","link":"https:\/\/coffeelounge.delonghi.com\/it\/product\/ethiopia-yemasira\/","title":{"rendered":"Ethiopia Yemasira"},"content":{"rendered":"<p>L\u2019Etiopia \u00e8 il paese a cui con molta probabilit\u00e0 dobbiamo la diffusione delle prime piante di caff\u00e8 Arabica in tutto il mondo. Una delle leggende pi\u00f9 popolari sull\u2019origine del caff\u00e8 narra infatti la storia di una pastore etiope chiamato Kaldi, il quale portando al pascolo le sue capre, si rese conto che queste, dopo aver masticato alcune bacche rosse, si rinvigorivano improvvisamente. Le prov\u00f2 su di s\u00e9 e, trovandole molto stimolanti, rifer\u00ec questa scoperta ai monaci della zona, i quali, dopo un\u2019iniziale resistenza, ne ricavarono un infuso capace di tenerli svegli durante le lunghe notti di preghiera.<\/p>\n<p>Grazie a condizioni climatiche molto favorevoli, la coltivazione di caff\u00e8 si svilupp\u00f2 rapidamente tra gli altopiani del paese e il suo commercio, seguendo le rotte del mercato di spezie, dal Corno d\u2019Africa attravers\u00f2 la penisola dell\u2019Arabia fino a raggiungere, attraverso l\u2019importante centro di Costantinopoli, i paesi europei.<\/p>\n<p>Oggi l\u2019Etiopia \u00e8 il primo produttore africano e il quinto a livello mondiale. La produzione si concentra per lo pi\u00f9 nelle mani di piccoli coltivatori in appezzamenti di terra di dimensioni inferiori all\u2019ettaro. Una volta raccolto il caff\u00e8 viene trasferito nel centro di Addis Abeba e da qui smistato al porto di Djibuti da dove parte per raggiungere le diverse destinazioni.<\/p>\n","protected":false},"excerpt":{"rendered":"<p>L\u2019Etiopia \u00e8 il paese a cui con molta probabilit\u00e0 dobbiamo la diffusione delle prime piante di caff\u00e8 Arabica in tutto il mondo. Una delle leggende pi\u00f9 popolari sull\u2019origine del caff\u00e8 narra infatti la storia di una pastore etiope chiamato Kaldi, il quale portando al pascolo le sue capre, si rese conto che queste, dopo aver masticato alcune bacche rosse, si rinvigorivano improvvisamente. Le prov\u00f2 su di s\u00e9 e, trovandole molto stimolanti, rifer\u00ec questa scoperta ai monaci della zona, i quali, dopo un\u2019iniziale resistenza, ne ricavarono un infuso capace di tenerli svegli durante le lunghe notti di preghiera.<\/p>\n<p>Grazie a condizioni climatiche molto favorevoli, la coltivazione di caff\u00e8 si svilupp\u00f2 rapidamente tra gli altopiani del paese e il suo commercio, seguendo le rotte del mercato di spezie,dall Corno d\u2019Africa attravers\u00f2 la penisola dell\u2019Arabia fino a raggiungere, attraverso l\u2019importante centro di Costantinopoli, i paesi europei.<\/p>\n<p>Oggi l\u2019Etiopia \u00e8 il primo produttore africano e il quinto a livello mondiale. La produzione si concentra per lo pi\u00f9 nelle mani di piccoli coltivatori in appezzamenti di terra di dimensioni inferiori all\u2019ettaro . Una volta raccolto il caff\u00e8 viene trasferito nel centro di Addis Abeba e da qui smistato al porto di Djibuti da dove parte per raggiungere le diverse destinazioni.<\/p>\n","protected":false},"featured_media":415454,"comment_status":"closed","ping_status":"closed","template":"","meta":{"_acf_changed":false},"product_cat":[74,30],"product_tag":[],"class_list":{"0":"post-394642","1":"product","2":"type-product","3":"status-publish","4":"has-post-thumbnail","6":"product_cat-tutti","7":"product_cat-monorigine","9":"first","10":"instock","11":"taxable","12":"shipping-taxable","13":"purchasable","14":"product-type-variable"},"acf":[],"yoast_head":"<!-- This site is optimized with the Yoast SEO Premium plugin v24.5 (Yoast SEO v24.5) - https:\/\/yoast.com\/wordpress\/plugins\/seo\/ -->\n<title>Ethiopia Yemasira | De&#039;Longhi<\/title>\n<meta name=\"description\" content=\"Una volta raccolto il caff\u00e8 viene trasferito nel centro di Addis Abeba e da qui smistato al porto di Djibuti da dove parte per raggiungere le diverse destinazioni.\" \/>\n<meta name=\"robots\" content=\"index, follow, max-snippet:-1, max-image-preview:large, max-video-preview:-1\" \/>\n<meta name=\"twitter:card\" content=\"summary_large_image\" \/>\n<meta name=\"twitter:title\" content=\"Ethiopia Yemasira | De&#039;Longhi\" \/>\n<meta name=\"twitter:description\" content=\"Una volta raccolto il caff\u00e8 viene trasferito nel centro di Addis Abeba e da qui smistato al porto di Djibuti da dove parte per raggiungere le diverse destinazioni.\" \/>\n<meta name=\"twitter:image\" content=\"https:\/\/coffeelounge.delonghi.com\/wp-content\/uploads\/2023\/06\/Doypack-Ethiopia-Bloom-Coffee-School.png\" \/>\n<script type=\"application\/ld+json\" class=\"yoast-schema-graph\">{\"@context\":\"https:\/\/schema.org\",\"@graph\":[{\"@type\":\"WebPage\",\"@id\":\"https:\/\/coffeelounge.delonghi.com\/it\/product\/ethiopia-yemasira\/\",\"url\":\"https:\/\/coffeelounge.delonghi.com\/it\/product\/ethiopia-yemasira\/\",\"name\":\"Ethiopia Yemasira | De&#039;Longhi\",\"isPartOf\":{\"@id\":\"https:\/\/coffeelounge.delonghi.com\/it\/#website\"},\"primaryImageOfPage\":{\"@id\":\"https:\/\/coffeelounge.delonghi.com\/it\/product\/ethiopia-yemasira\/#primaryimage\"},\"image\":{\"@id\":\"https:\/\/coffeelounge.delonghi.com\/it\/product\/ethiopia-yemasira\/#primaryimage\"},\"thumbnailUrl\":\"https:\/\/coffeelounge.delonghi.com\/wp-content\/uploads\/2023\/06\/Doypack-Ethiopia-Bloom-Coffee-School.png\",\"datePublished\":\"2023-06-15T10:38:46+00:00\",\"dateModified\":\"2024-03-04T07:42:15+00:00\",\"description\":\"Una volta raccolto il caff\u00e8 viene trasferito nel centro di Addis Abeba e da qui smistato al porto di Djibuti da dove parte per raggiungere le diverse destinazioni.\",\"breadcrumb\":{\"@id\":\"https:\/\/coffeelounge.delonghi.com\/it\/product\/ethiopia-yemasira\/#breadcrumb\"},\"inLanguage\":\"it-IT\",\"potentialAction\":[{\"@type\":\"ReadAction\",\"target\":[\"https:\/\/coffeelounge.delonghi.com\/it\/product\/ethiopia-yemasira\/\"]}]},{\"@type\":\"ImageObject\",\"inLanguage\":\"it-IT\",\"@id\":\"https:\/\/coffeelounge.delonghi.com\/it\/product\/ethiopia-yemasira\/#primaryimage\",\"url\":\"https:\/\/coffeelounge.delonghi.com\/wp-content\/uploads\/2023\/06\/Doypack-Ethiopia-Bloom-Coffee-School.png\",\"contentUrl\":\"https:\/\/coffeelounge.delonghi.com\/wp-content\/uploads\/2023\/06\/Doypack-Ethiopia-Bloom-Coffee-School.png\",\"width\":500,\"height\":500},{\"@type\":\"BreadcrumbList\",\"@id\":\"https:\/\/coffeelounge.delonghi.com\/it\/product\/ethiopia-yemasira\/#breadcrumb\",\"itemListElement\":[{\"@type\":\"ListItem\",\"position\":1,\"name\":\"Home\",\"item\":\"https:\/\/coffeelounge.delonghi.com\/it\/\"},{\"@type\":\"ListItem\",\"position\":2,\"name\":\"Boutique\",\"item\":\"https:\/\/coffeelounge.delonghi.com\/fr\/?page_id=36\"},{\"@type\":\"ListItem\",\"position\":3,\"name\":\"Ethiopia Yemasira\"}]},{\"@type\":\"WebSite\",\"@id\":\"https:\/\/coffeelounge.delonghi.com\/it\/#website\",\"url\":\"https:\/\/coffeelounge.delonghi.com\/it\/\",\"name\":\"De&#039;Longhi\",\"description\":\"Coffee Lounge\",\"publisher\":{\"@id\":\"https:\/\/coffeelounge.delonghi.com\/it\/#organization\"},\"potentialAction\":[{\"@type\":\"SearchAction\",\"target\":{\"@type\":\"EntryPoint\",\"urlTemplate\":\"https:\/\/coffeelounge.delonghi.com\/it\/?s={search_term_string}\"},\"query-input\":{\"@type\":\"PropertyValueSpecification\",\"valueRequired\":true,\"valueName\":\"search_term_string\"}}],\"inLanguage\":\"it-IT\"},{\"@type\":\"Organization\",\"@id\":\"https:\/\/coffeelounge.delonghi.com\/it\/#organization\",\"name\":\"De'Longhi Coffee Lounge\",\"url\":\"https:\/\/coffeelounge.delonghi.com\/it\/\",\"logo\":{\"@type\":\"ImageObject\",\"inLanguage\":\"it-IT\",\"@id\":\"https:\/\/coffeelounge.delonghi.com\/it\/#\/schema\/logo\/image\/\",\"url\":\"https:\/\/coffeelounge.delonghi.com\/wp-content\/uploads\/2020\/05\/delonghi-coffee-lounge-logo-nederland.png\",\"contentUrl\":\"https:\/\/coffeelounge.delonghi.com\/wp-content\/uploads\/2020\/05\/delonghi-coffee-lounge-logo-nederland.png\",\"width\":2337,\"height\":724,\"caption\":\"De'Longhi Coffee Lounge\"},\"image\":{\"@id\":\"https:\/\/coffeelounge.delonghi.com\/it\/#\/schema\/logo\/image\/\"}}]}<\/script>\n<!-- \/ Yoast SEO Premium plugin. -->","yoast_head_json":{"title":"Ethiopia Yemasira | De&#039;Longhi","description":"Una volta raccolto il caff\u00e8 viene trasferito nel centro di Addis Abeba e da qui smistato al porto di Djibuti da dove parte per raggiungere le diverse destinazioni.","robots":{"index":"index","follow":"follow","max-snippet":"max-snippet:-1","max-image-preview":"max-image-preview:large","max-video-preview":"max-video-preview:-1"},"twitter_card":"summary_large_image","twitter_title":"Ethiopia Yemasira | De&#039;Longhi","twitter_description":"Una volta raccolto il caff\u00e8 viene trasferito nel centro di Addis Abeba e da qui smistato al porto di Djibuti da dove parte per raggiungere le diverse destinazioni.","twitter_image":"https:\/\/coffeelounge.delonghi.com\/wp-content\/uploads\/2023\/06\/Doypack-Ethiopia-Bloom-Coffee-School.png","schema":{"@context":"https:\/\/schema.org","@graph":[{"@type":"WebPage","@id":"https:\/\/coffeelounge.delonghi.com\/it\/product\/ethiopia-yemasira\/","url":"https:\/\/coffeelounge.delonghi.com\/it\/product\/ethiopia-yemasira\/","name":"Ethiopia Yemasira | De&#039;Longhi","isPartOf":{"@id":"https:\/\/coffeelounge.delonghi.com\/it\/#website"},"primaryImageOfPage":{"@id":"https:\/\/coffeelounge.delonghi.com\/it\/product\/ethiopia-yemasira\/#primaryimage"},"image":{"@id":"https:\/\/coffeelounge.delonghi.com\/it\/product\/ethiopia-yemasira\/#primaryimage"},"thumbnailUrl":"https:\/\/coffeelounge.delonghi.com\/wp-content\/uploads\/2023\/06\/Doypack-Ethiopia-Bloom-Coffee-School.png","datePublished":"2023-06-15T10:38:46+00:00","dateModified":"2024-03-04T07:42:15+00:00","description":"Una volta raccolto il caff\u00e8 viene trasferito nel centro di Addis Abeba e da qui smistato al porto di Djibuti da dove parte per raggiungere le diverse destinazioni.","breadcrumb":{"@id":"https:\/\/coffeelounge.delonghi.com\/it\/product\/ethiopia-yemasira\/#breadcrumb"},"inLanguage":"it-IT","potentialAction":[{"@type":"ReadAction","target":["https:\/\/coffeelounge.delonghi.com\/it\/product\/ethiopia-yemasira\/"]}]},{"@type":"ImageObject","inLanguage":"it-IT","@id":"https:\/\/coffeelounge.delonghi.com\/it\/product\/ethiopia-yemasira\/#primaryimage","url":"https:\/\/coffeelounge.delonghi.com\/wp-content\/uploads\/2023\/06\/Doypack-Ethiopia-Bloom-Coffee-School.png","contentUrl":"https:\/\/coffeelounge.delonghi.com\/wp-content\/uploads\/2023\/06\/Doypack-Ethiopia-Bloom-Coffee-School.png","width":500,"height":500},{"@type":"BreadcrumbList","@id":"https:\/\/coffeelounge.delonghi.com\/it\/product\/ethiopia-yemasira\/#breadcrumb","itemListElement":[{"@type":"ListItem","position":1,"name":"Home","item":"https:\/\/coffeelounge.delonghi.com\/it\/"},{"@type":"ListItem","position":2,"name":"Boutique","item":"https:\/\/coffeelounge.delonghi.com\/fr\/?page_id=36"},{"@type":"ListItem","position":3,"name":"Ethiopia Yemasira"}]},{"@type":"WebSite","@id":"https:\/\/coffeelounge.delonghi.com\/it\/#website","url":"https:\/\/coffeelounge.delonghi.com\/it\/","name":"De&#039;Longhi","description":"Coffee Lounge","publisher":{"@id":"https:\/\/coffeelounge.delonghi.com\/it\/#organization"},"potentialAction":[{"@type":"SearchAction","target":{"@type":"EntryPoint","urlTemplate":"https:\/\/coffeelounge.delonghi.com\/it\/?s={search_term_string}"},"query-input":{"@type":"PropertyValueSpecification","valueRequired":true,"valueName":"search_term_string"}}],"inLanguage":"it-IT"},{"@type":"Organization","@id":"https:\/\/coffeelounge.delonghi.com\/it\/#organization","name":"De'Longhi Coffee Lounge","url":"https:\/\/coffeelounge.delonghi.com\/it\/","logo":{"@type":"ImageObject","inLanguage":"it-IT","@id":"https:\/\/coffeelounge.delonghi.com\/it\/#\/schema\/logo\/image\/","url":"https:\/\/coffeelounge.delonghi.com\/wp-content\/uploads\/2020\/05\/delonghi-coffee-lounge-logo-nederland.png","contentUrl":"https:\/\/coffeelounge.delonghi.com\/wp-content\/uploads\/2020\/05\/delonghi-coffee-lounge-logo-nederland.png","width":2337,"height":724,"caption":"De'Longhi Coffee Lounge"},"image":{"@id":"https:\/\/coffeelounge.delonghi.com\/it\/#\/schema\/logo\/image\/"}}]}},"_links":{"self":[{"href":"https:\/\/coffeelounge.delonghi.com\/it\/wp-json\/wp\/v2\/product\/394642","targetHints":{"allow":["GET"]}}],"collection":[{"href":"https:\/\/coffeelounge.delonghi.com\/it\/wp-json\/wp\/v2\/product"}],"about":[{"href":"https:\/\/coffeelounge.delonghi.com\/it\/wp-json\/wp\/v2\/types\/product"}],"replies":[{"embeddable":true,"href":"https:\/\/coffeelounge.delonghi.com\/it\/wp-json\/wp\/v2\/comments?post=394642"}],"version-history":[{"count":5,"href":"https:\/\/coffeelounge.delonghi.com\/it\/wp-json\/wp\/v2\/product\/394642\/revisions"}],"predecessor-version":[{"id":421855,"href":"https:\/\/coffeelounge.delonghi.com\/it\/wp-json\/wp\/v2\/product\/394642\/revisions\/421855"}],"wp:featuredmedia":[{"embeddable":true,"href":"https:\/\/coffeelounge.delonghi.com\/it\/wp-json\/wp\/v2\/media\/415454"}],"wp:attachment":[{"href":"https:\/\/coffeelounge.delonghi.com\/it\/wp-json\/wp\/v2\/media?parent=394642"}],"wp:term":[{"taxonomy":"product_cat","embeddable":true,"href":"https:\/\/coffeelounge.delonghi.com\/it\/wp-json\/wp\/v2\/product_cat?post=394642"},{"taxonomy":"product_tag","embeddable":true,"href":"https:\/\/coffeelounge.delonghi.com\/it\/wp-json\/wp\/v2\/product_tag?post=394642"}],"curies":[{"name":"wp","href":"https:\/\/api.w.org\/{rel}","templated":true}]}}