{"id":393916,"date":"2023-06-09T10:49:00","date_gmt":"2023-06-09T10:49:00","guid":{"rendered":"https:\/\/coffeelounge.delonghi.com\/?post_type=product&#038;p=393916"},"modified":"2024-03-04T07:42:42","modified_gmt":"2024-03-04T07:42:42","slug":"decaarabica","status":"publish","type":"product","link":"https:\/\/coffeelounge.delonghi.com\/it\/product\/decaarabica\/","title":{"rendered":"Deca Arabica 100%"},"content":{"rendered":"<p>Miscela straordinaria, costituita da una perfetta combinazione di caff\u00e8 arabica, i cui chicchi vengono selezionati uno ad uno. Questo fantastico caff\u00e8 \u00e8 capace di resistere agli effetti della decaffeinizzazione, mantenendo una fragranza intensa e una corposit\u00e0 decisa.<br \/>\nLa tostatura \u00e8 eseguita a regola d\u2019arte al fine di ottenere sempre un prodotto di alta qualit\u00e0 e dall\u2019equilibrio dei sapori unico.<br \/>\nIl suo gusto delicato, in cui si riscoprono note aromatiche di cioccolato al latte, mandorla e nocciola e una vena di malto e cereali tostati nel retrogusto, consente, a chiunque e in qualunque momento della giornata, di concedersi il piacere del vero caff\u00e8, anche senza caffeina.<\/p>\n","protected":false},"excerpt":{"rendered":"<p>Miscela straordinaria, costituita da una perfetta combinazione di caff\u00e8 arabica, i cui chicchi vengono selezionati uno ad uno. Questo fantastico caff\u00e8 \u00e8 capace di resistere agli effetti della decaffeinizzazione, mantenendo una fragranza intensa e una corposit\u00e0 decisa.<br \/>\nLa tostatura \u00e8 eseguita a regola d\u2019arte al fine di ottenere sempre un prodotto di alta qualit\u00e0 e dall\u2019equilibrio dei sapori unico.<br \/>\nIl suo gusto delicato, in cui si riscoprono note aromatiche di cioccolato al latte, mandorla e nocciola e una vena di malto e cereali tostati nel retrogusto, consente, a chiunque e in qualunque momento della giornata, di concedersi il piacere del vero caff\u00e8, anche senza caffeina.<\/p>\n","protected":false},"featured_media":415467,"comment_status":"closed","ping_status":"closed","template":"","meta":{"_acf_changed":false},"product_cat":[74,73],"product_tag":[],"class_list":{"0":"post-393916","1":"product","2":"type-product","3":"status-publish","4":"has-post-thumbnail","6":"product_cat-tutti","7":"product_cat-decaffeinato","9":"first","10":"instock","11":"taxable","12":"shipping-taxable","13":"purchasable","14":"product-type-variable"},"acf":[],"yoast_head":"<!-- This site is optimized with the Yoast SEO Premium plugin v24.5 (Yoast SEO v24.5) - https:\/\/yoast.com\/wordpress\/plugins\/seo\/ -->\n<title>Deca Arabica 100% | De&#039;Longhi<\/title>\n<meta name=\"description\" content=\"Miscela straordinaria, costituita da una perfetta combinazione di caff\u00e8 arabica, i cui chicchi vengono selezionati uno ad uno.\" \/>\n<meta name=\"robots\" content=\"index, follow, max-snippet:-1, max-image-preview:large, max-video-preview:-1\" \/>\n<meta name=\"twitter:card\" content=\"summary_large_image\" \/>\n<meta name=\"twitter:title\" content=\"Deca Arabica 100% | De&#039;Longhi\" \/>\n<meta name=\"twitter:description\" content=\"Miscela straordinaria, costituita da una perfetta combinazione di caff\u00e8 arabica, i cui chicchi vengono selezionati uno ad uno.\" \/>\n<meta name=\"twitter:image\" content=\"https:\/\/coffeelounge.delonghi.com\/wp-content\/uploads\/2023\/06\/Deca-Torrefazione-Alessano-1.png\" \/>\n<script type=\"application\/ld+json\" class=\"yoast-schema-graph\">{\"@context\":\"https:\/\/schema.org\",\"@graph\":[{\"@type\":\"WebPage\",\"@id\":\"https:\/\/coffeelounge.delonghi.com\/it\/product\/decaarabica\/\",\"url\":\"https:\/\/coffeelounge.delonghi.com\/it\/product\/decaarabica\/\",\"name\":\"Deca Arabica 100% | De&#039;Longhi\",\"isPartOf\":{\"@id\":\"https:\/\/coffeelounge.delonghi.com\/it\/#website\"},\"primaryImageOfPage\":{\"@id\":\"https:\/\/coffeelounge.delonghi.com\/it\/product\/decaarabica\/#primaryimage\"},\"image\":{\"@id\":\"https:\/\/coffeelounge.delonghi.com\/it\/product\/decaarabica\/#primaryimage\"},\"thumbnailUrl\":\"https:\/\/coffeelounge.delonghi.com\/wp-content\/uploads\/2023\/06\/Deca-Torrefazione-Alessano-1.png\",\"datePublished\":\"2023-06-09T10:49:00+00:00\",\"dateModified\":\"2024-03-04T07:42:42+00:00\",\"description\":\"Miscela straordinaria, costituita da una perfetta combinazione di caff\u00e8 arabica, i cui chicchi vengono selezionati uno ad uno.\",\"breadcrumb\":{\"@id\":\"https:\/\/coffeelounge.delonghi.com\/it\/product\/decaarabica\/#breadcrumb\"},\"inLanguage\":\"it-IT\",\"potentialAction\":[{\"@type\":\"ReadAction\",\"target\":[\"https:\/\/coffeelounge.delonghi.com\/it\/product\/decaarabica\/\"]}]},{\"@type\":\"ImageObject\",\"inLanguage\":\"it-IT\",\"@id\":\"https:\/\/coffeelounge.delonghi.com\/it\/product\/decaarabica\/#primaryimage\",\"url\":\"https:\/\/coffeelounge.delonghi.com\/wp-content\/uploads\/2023\/06\/Deca-Torrefazione-Alessano-1.png\",\"contentUrl\":\"https:\/\/coffeelounge.delonghi.com\/wp-content\/uploads\/2023\/06\/Deca-Torrefazione-Alessano-1.png\",\"width\":800,\"height\":800},{\"@type\":\"BreadcrumbList\",\"@id\":\"https:\/\/coffeelounge.delonghi.com\/it\/product\/decaarabica\/#breadcrumb\",\"itemListElement\":[{\"@type\":\"ListItem\",\"position\":1,\"name\":\"Home\",\"item\":\"https:\/\/coffeelounge.delonghi.com\/it\/\"},{\"@type\":\"ListItem\",\"position\":2,\"name\":\"Boutique\",\"item\":\"https:\/\/coffeelounge.delonghi.com\/fr\/?page_id=36\"},{\"@type\":\"ListItem\",\"position\":3,\"name\":\"Deca Arabica 100%\"}]},{\"@type\":\"WebSite\",\"@id\":\"https:\/\/coffeelounge.delonghi.com\/it\/#website\",\"url\":\"https:\/\/coffeelounge.delonghi.com\/it\/\",\"name\":\"De&#039;Longhi\",\"description\":\"Coffee Lounge\",\"publisher\":{\"@id\":\"https:\/\/coffeelounge.delonghi.com\/it\/#organization\"},\"potentialAction\":[{\"@type\":\"SearchAction\",\"target\":{\"@type\":\"EntryPoint\",\"urlTemplate\":\"https:\/\/coffeelounge.delonghi.com\/it\/?s={search_term_string}\"},\"query-input\":{\"@type\":\"PropertyValueSpecification\",\"valueRequired\":true,\"valueName\":\"search_term_string\"}}],\"inLanguage\":\"it-IT\"},{\"@type\":\"Organization\",\"@id\":\"https:\/\/coffeelounge.delonghi.com\/it\/#organization\",\"name\":\"De'Longhi Coffee Lounge\",\"url\":\"https:\/\/coffeelounge.delonghi.com\/it\/\",\"logo\":{\"@type\":\"ImageObject\",\"inLanguage\":\"it-IT\",\"@id\":\"https:\/\/coffeelounge.delonghi.com\/it\/#\/schema\/logo\/image\/\",\"url\":\"https:\/\/coffeelounge.delonghi.com\/wp-content\/uploads\/2020\/05\/delonghi-coffee-lounge-logo-nederland.png\",\"contentUrl\":\"https:\/\/coffeelounge.delonghi.com\/wp-content\/uploads\/2020\/05\/delonghi-coffee-lounge-logo-nederland.png\",\"width\":2337,\"height\":724,\"caption\":\"De'Longhi Coffee Lounge\"},\"image\":{\"@id\":\"https:\/\/coffeelounge.delonghi.com\/it\/#\/schema\/logo\/image\/\"}}]}<\/script>\n<!-- \/ Yoast SEO Premium plugin. -->","yoast_head_json":{"title":"Deca Arabica 100% | De&#039;Longhi","description":"Miscela straordinaria, costituita da una perfetta combinazione di caff\u00e8 arabica, i cui chicchi vengono selezionati uno ad uno.","robots":{"index":"index","follow":"follow","max-snippet":"max-snippet:-1","max-image-preview":"max-image-preview:large","max-video-preview":"max-video-preview:-1"},"twitter_card":"summary_large_image","twitter_title":"Deca Arabica 100% | De&#039;Longhi","twitter_description":"Miscela straordinaria, costituita da una perfetta combinazione di caff\u00e8 arabica, i cui chicchi vengono selezionati uno ad uno.","twitter_image":"https:\/\/coffeelounge.delonghi.com\/wp-content\/uploads\/2023\/06\/Deca-Torrefazione-Alessano-1.png","schema":{"@context":"https:\/\/schema.org","@graph":[{"@type":"WebPage","@id":"https:\/\/coffeelounge.delonghi.com\/it\/product\/decaarabica\/","url":"https:\/\/coffeelounge.delonghi.com\/it\/product\/decaarabica\/","name":"Deca Arabica 100% | De&#039;Longhi","isPartOf":{"@id":"https:\/\/coffeelounge.delonghi.com\/it\/#website"},"primaryImageOfPage":{"@id":"https:\/\/coffeelounge.delonghi.com\/it\/product\/decaarabica\/#primaryimage"},"image":{"@id":"https:\/\/coffeelounge.delonghi.com\/it\/product\/decaarabica\/#primaryimage"},"thumbnailUrl":"https:\/\/coffeelounge.delonghi.com\/wp-content\/uploads\/2023\/06\/Deca-Torrefazione-Alessano-1.png","datePublished":"2023-06-09T10:49:00+00:00","dateModified":"2024-03-04T07:42:42+00:00","description":"Miscela straordinaria, costituita da una perfetta combinazione di caff\u00e8 arabica, i cui chicchi vengono selezionati uno ad uno.","breadcrumb":{"@id":"https:\/\/coffeelounge.delonghi.com\/it\/product\/decaarabica\/#breadcrumb"},"inLanguage":"it-IT","potentialAction":[{"@type":"ReadAction","target":["https:\/\/coffeelounge.delonghi.com\/it\/product\/decaarabica\/"]}]},{"@type":"ImageObject","inLanguage":"it-IT","@id":"https:\/\/coffeelounge.delonghi.com\/it\/product\/decaarabica\/#primaryimage","url":"https:\/\/coffeelounge.delonghi.com\/wp-content\/uploads\/2023\/06\/Deca-Torrefazione-Alessano-1.png","contentUrl":"https:\/\/coffeelounge.delonghi.com\/wp-content\/uploads\/2023\/06\/Deca-Torrefazione-Alessano-1.png","width":800,"height":800},{"@type":"BreadcrumbList","@id":"https:\/\/coffeelounge.delonghi.com\/it\/product\/decaarabica\/#breadcrumb","itemListElement":[{"@type":"ListItem","position":1,"name":"Home","item":"https:\/\/coffeelounge.delonghi.com\/it\/"},{"@type":"ListItem","position":2,"name":"Boutique","item":"https:\/\/coffeelounge.delonghi.com\/fr\/?page_id=36"},{"@type":"ListItem","position":3,"name":"Deca Arabica 100%"}]},{"@type":"WebSite","@id":"https:\/\/coffeelounge.delonghi.com\/it\/#website","url":"https:\/\/coffeelounge.delonghi.com\/it\/","name":"De&#039;Longhi","description":"Coffee Lounge","publisher":{"@id":"https:\/\/coffeelounge.delonghi.com\/it\/#organization"},"potentialAction":[{"@type":"SearchAction","target":{"@type":"EntryPoint","urlTemplate":"https:\/\/coffeelounge.delonghi.com\/it\/?s={search_term_string}"},"query-input":{"@type":"PropertyValueSpecification","valueRequired":true,"valueName":"search_term_string"}}],"inLanguage":"it-IT"},{"@type":"Organization","@id":"https:\/\/coffeelounge.delonghi.com\/it\/#organization","name":"De'Longhi Coffee Lounge","url":"https:\/\/coffeelounge.delonghi.com\/it\/","logo":{"@type":"ImageObject","inLanguage":"it-IT","@id":"https:\/\/coffeelounge.delonghi.com\/it\/#\/schema\/logo\/image\/","url":"https:\/\/coffeelounge.delonghi.com\/wp-content\/uploads\/2020\/05\/delonghi-coffee-lounge-logo-nederland.png","contentUrl":"https:\/\/coffeelounge.delonghi.com\/wp-content\/uploads\/2020\/05\/delonghi-coffee-lounge-logo-nederland.png","width":2337,"height":724,"caption":"De'Longhi Coffee Lounge"},"image":{"@id":"https:\/\/coffeelounge.delonghi.com\/it\/#\/schema\/logo\/image\/"}}]}},"_links":{"self":[{"href":"https:\/\/coffeelounge.delonghi.com\/it\/wp-json\/wp\/v2\/product\/393916","targetHints":{"allow":["GET"]}}],"collection":[{"href":"https:\/\/coffeelounge.delonghi.com\/it\/wp-json\/wp\/v2\/product"}],"about":[{"href":"https:\/\/coffeelounge.delonghi.com\/it\/wp-json\/wp\/v2\/types\/product"}],"replies":[{"embeddable":true,"href":"https:\/\/coffeelounge.delonghi.com\/it\/wp-json\/wp\/v2\/comments?post=393916"}],"version-history":[{"count":4,"href":"https:\/\/coffeelounge.delonghi.com\/it\/wp-json\/wp\/v2\/product\/393916\/revisions"}],"predecessor-version":[{"id":415479,"href":"https:\/\/coffeelounge.delonghi.com\/it\/wp-json\/wp\/v2\/product\/393916\/revisions\/415479"}],"wp:featuredmedia":[{"embeddable":true,"href":"https:\/\/coffeelounge.delonghi.com\/it\/wp-json\/wp\/v2\/media\/415467"}],"wp:attachment":[{"href":"https:\/\/coffeelounge.delonghi.com\/it\/wp-json\/wp\/v2\/media?parent=393916"}],"wp:term":[{"taxonomy":"product_cat","embeddable":true,"href":"https:\/\/coffeelounge.delonghi.com\/it\/wp-json\/wp\/v2\/product_cat?post=393916"},{"taxonomy":"product_tag","embeddable":true,"href":"https:\/\/coffeelounge.delonghi.com\/it\/wp-json\/wp\/v2\/product_tag?post=393916"}],"curies":[{"name":"wp","href":"https:\/\/api.w.org\/{rel}","templated":true}]}}