{"id":363136,"date":"2023-02-14T14:29:10","date_gmt":"2023-02-14T14:29:10","guid":{"rendered":"https:\/\/coffeelounge.delonghi.com\/?post_type=product&#038;p=363136"},"modified":"2024-03-04T07:44:27","modified_gmt":"2024-03-04T07:44:27","slug":"monorigine-peru-arabica-biologica","status":"publish","type":"product","link":"https:\/\/coffeelounge.delonghi.com\/it\/product\/monorigine-peru-arabica-biologica\/","title":{"rendered":"MONORIGINE PERU&#8217; ARABICA BIOLOGICA"},"content":{"rendered":"<p>Caff\u00e8 gourmet di alta qualit\u00e0 100% ARABICA da agricoltura biologica, proveniente da piccoli appezzamenti di montagna del Per\u00f9, coltivati esclusivamente con metodo biologico senza concimi chimici e fitofarmaci. \u00c8 una miscela dal gusto dolce, aromatico e a basso tenore naturale di caffeina. Il suo profumo intensamente strutturato ci accompagna in un magico viaggio tra essenze floreali e sapori di frutta tropicale. Buona corposit\u00e0 e spiccata acidit\u00e0.<\/p>\n","protected":false},"excerpt":{"rendered":"<p>Caff\u00e8 gourmet di alta qualit\u00e0 100% ARABICA da agricoltura biologica, proveniente da piccoli appezzamenti di montagna del Per\u00f9, coltivati esclusivamente con metodo biologico senza concimi chimici e fitofarmaci. \u00c8 una miscela dal gusto dolce, aromatico e a basso tenore naturale di caffeina. Il suo profumo intensamente strutturato ci accompagna in un magico viaggio tra essenze [&hellip;]<\/p>\n","protected":false},"featured_media":415599,"comment_status":"closed","ping_status":"closed","template":"","meta":{"_acf_changed":false},"product_cat":[74,30],"product_tag":[],"class_list":{"0":"post-363136","1":"product","2":"type-product","3":"status-publish","4":"has-post-thumbnail","6":"product_cat-tutti","7":"product_cat-monorigine","9":"first","10":"instock","11":"taxable","12":"shipping-taxable","13":"purchasable","14":"product-type-variable"},"acf":[],"yoast_head":"<!-- This site is optimized with the Yoast SEO Premium plugin v24.5 (Yoast SEO v24.5) - https:\/\/yoast.com\/wordpress\/plugins\/seo\/ -->\n<title>MONORIGINE PERU&#039; ARABICA BIOLOGICA | De&#039;Longhi<\/title>\n<meta name=\"description\" content=\"Caff\u00e8 gourmet di alta qualit\u00e0 100% ARABICA da agricoltura biologica, proveniente da piccoli appezzamenti di montagna del Per\u00f9.\" \/>\n<meta name=\"robots\" content=\"index, follow, max-snippet:-1, max-image-preview:large, max-video-preview:-1\" \/>\n<meta name=\"twitter:card\" content=\"summary_large_image\" \/>\n<meta name=\"twitter:title\" content=\"MONORIGINE PERU&#039; ARABICA BIOLOGICA | De&#039;Longhi\" \/>\n<meta name=\"twitter:description\" content=\"Caff\u00e8 gourmet di alta qualit\u00e0 100% ARABICA da agricoltura biologica, proveniente da piccoli appezzamenti di montagna del Per\u00f9.\" \/>\n<meta name=\"twitter:image\" content=\"https:\/\/coffeelounge.delonghi.com\/wp-content\/uploads\/2023\/02\/MONORIGINE_PERU_ARABICA_BIOLOGICA-Flavio-Gioia-Caffe-Gioia-250g.png\" \/>\n<script type=\"application\/ld+json\" class=\"yoast-schema-graph\">{\"@context\":\"https:\/\/schema.org\",\"@graph\":[{\"@type\":\"WebPage\",\"@id\":\"https:\/\/coffeelounge.delonghi.com\/it\/product\/monorigine-peru-arabica-biologica\/\",\"url\":\"https:\/\/coffeelounge.delonghi.com\/it\/product\/monorigine-peru-arabica-biologica\/\",\"name\":\"MONORIGINE PERU' ARABICA BIOLOGICA | De&#039;Longhi\",\"isPartOf\":{\"@id\":\"https:\/\/coffeelounge.delonghi.com\/it\/#website\"},\"primaryImageOfPage\":{\"@id\":\"https:\/\/coffeelounge.delonghi.com\/it\/product\/monorigine-peru-arabica-biologica\/#primaryimage\"},\"image\":{\"@id\":\"https:\/\/coffeelounge.delonghi.com\/it\/product\/monorigine-peru-arabica-biologica\/#primaryimage\"},\"thumbnailUrl\":\"https:\/\/coffeelounge.delonghi.com\/wp-content\/uploads\/2023\/02\/MONORIGINE_PERU_ARABICA_BIOLOGICA-Flavio-Gioia-Caffe-Gioia-250g.png\",\"datePublished\":\"2023-02-14T14:29:10+00:00\",\"dateModified\":\"2024-03-04T07:44:27+00:00\",\"description\":\"Caff\u00e8 gourmet di alta qualit\u00e0 100% ARABICA da agricoltura biologica, proveniente da piccoli appezzamenti di montagna del Per\u00f9.\",\"breadcrumb\":{\"@id\":\"https:\/\/coffeelounge.delonghi.com\/it\/product\/monorigine-peru-arabica-biologica\/#breadcrumb\"},\"inLanguage\":\"it-IT\",\"potentialAction\":[{\"@type\":\"ReadAction\",\"target\":[\"https:\/\/coffeelounge.delonghi.com\/it\/product\/monorigine-peru-arabica-biologica\/\"]}]},{\"@type\":\"ImageObject\",\"inLanguage\":\"it-IT\",\"@id\":\"https:\/\/coffeelounge.delonghi.com\/it\/product\/monorigine-peru-arabica-biologica\/#primaryimage\",\"url\":\"https:\/\/coffeelounge.delonghi.com\/wp-content\/uploads\/2023\/02\/MONORIGINE_PERU_ARABICA_BIOLOGICA-Flavio-Gioia-Caffe-Gioia-250g.png\",\"contentUrl\":\"https:\/\/coffeelounge.delonghi.com\/wp-content\/uploads\/2023\/02\/MONORIGINE_PERU_ARABICA_BIOLOGICA-Flavio-Gioia-Caffe-Gioia-250g.png\",\"width\":800,\"height\":800},{\"@type\":\"BreadcrumbList\",\"@id\":\"https:\/\/coffeelounge.delonghi.com\/it\/product\/monorigine-peru-arabica-biologica\/#breadcrumb\",\"itemListElement\":[{\"@type\":\"ListItem\",\"position\":1,\"name\":\"Home\",\"item\":\"https:\/\/coffeelounge.delonghi.com\/it\/\"},{\"@type\":\"ListItem\",\"position\":2,\"name\":\"Boutique\",\"item\":\"https:\/\/coffeelounge.delonghi.com\/fr\/?page_id=36\"},{\"@type\":\"ListItem\",\"position\":3,\"name\":\"MONORIGINE PERU&#8217; ARABICA BIOLOGICA\"}]},{\"@type\":\"WebSite\",\"@id\":\"https:\/\/coffeelounge.delonghi.com\/it\/#website\",\"url\":\"https:\/\/coffeelounge.delonghi.com\/it\/\",\"name\":\"De&#039;Longhi\",\"description\":\"Coffee Lounge\",\"publisher\":{\"@id\":\"https:\/\/coffeelounge.delonghi.com\/it\/#organization\"},\"potentialAction\":[{\"@type\":\"SearchAction\",\"target\":{\"@type\":\"EntryPoint\",\"urlTemplate\":\"https:\/\/coffeelounge.delonghi.com\/it\/?s={search_term_string}\"},\"query-input\":{\"@type\":\"PropertyValueSpecification\",\"valueRequired\":true,\"valueName\":\"search_term_string\"}}],\"inLanguage\":\"it-IT\"},{\"@type\":\"Organization\",\"@id\":\"https:\/\/coffeelounge.delonghi.com\/it\/#organization\",\"name\":\"De'Longhi Coffee Lounge\",\"url\":\"https:\/\/coffeelounge.delonghi.com\/it\/\",\"logo\":{\"@type\":\"ImageObject\",\"inLanguage\":\"it-IT\",\"@id\":\"https:\/\/coffeelounge.delonghi.com\/it\/#\/schema\/logo\/image\/\",\"url\":\"https:\/\/coffeelounge.delonghi.com\/wp-content\/uploads\/2020\/05\/delonghi-coffee-lounge-logo-nederland.png\",\"contentUrl\":\"https:\/\/coffeelounge.delonghi.com\/wp-content\/uploads\/2020\/05\/delonghi-coffee-lounge-logo-nederland.png\",\"width\":2337,\"height\":724,\"caption\":\"De'Longhi Coffee Lounge\"},\"image\":{\"@id\":\"https:\/\/coffeelounge.delonghi.com\/it\/#\/schema\/logo\/image\/\"}}]}<\/script>\n<!-- \/ Yoast SEO Premium plugin. -->","yoast_head_json":{"title":"MONORIGINE PERU' ARABICA BIOLOGICA | De&#039;Longhi","description":"Caff\u00e8 gourmet di alta qualit\u00e0 100% ARABICA da agricoltura biologica, proveniente da piccoli appezzamenti di montagna del Per\u00f9.","robots":{"index":"index","follow":"follow","max-snippet":"max-snippet:-1","max-image-preview":"max-image-preview:large","max-video-preview":"max-video-preview:-1"},"twitter_card":"summary_large_image","twitter_title":"MONORIGINE PERU' ARABICA BIOLOGICA | De&#039;Longhi","twitter_description":"Caff\u00e8 gourmet di alta qualit\u00e0 100% ARABICA da agricoltura biologica, proveniente da piccoli appezzamenti di montagna del Per\u00f9.","twitter_image":"https:\/\/coffeelounge.delonghi.com\/wp-content\/uploads\/2023\/02\/MONORIGINE_PERU_ARABICA_BIOLOGICA-Flavio-Gioia-Caffe-Gioia-250g.png","schema":{"@context":"https:\/\/schema.org","@graph":[{"@type":"WebPage","@id":"https:\/\/coffeelounge.delonghi.com\/it\/product\/monorigine-peru-arabica-biologica\/","url":"https:\/\/coffeelounge.delonghi.com\/it\/product\/monorigine-peru-arabica-biologica\/","name":"MONORIGINE PERU' ARABICA BIOLOGICA | De&#039;Longhi","isPartOf":{"@id":"https:\/\/coffeelounge.delonghi.com\/it\/#website"},"primaryImageOfPage":{"@id":"https:\/\/coffeelounge.delonghi.com\/it\/product\/monorigine-peru-arabica-biologica\/#primaryimage"},"image":{"@id":"https:\/\/coffeelounge.delonghi.com\/it\/product\/monorigine-peru-arabica-biologica\/#primaryimage"},"thumbnailUrl":"https:\/\/coffeelounge.delonghi.com\/wp-content\/uploads\/2023\/02\/MONORIGINE_PERU_ARABICA_BIOLOGICA-Flavio-Gioia-Caffe-Gioia-250g.png","datePublished":"2023-02-14T14:29:10+00:00","dateModified":"2024-03-04T07:44:27+00:00","description":"Caff\u00e8 gourmet di alta qualit\u00e0 100% ARABICA da agricoltura biologica, proveniente da piccoli appezzamenti di montagna del Per\u00f9.","breadcrumb":{"@id":"https:\/\/coffeelounge.delonghi.com\/it\/product\/monorigine-peru-arabica-biologica\/#breadcrumb"},"inLanguage":"it-IT","potentialAction":[{"@type":"ReadAction","target":["https:\/\/coffeelounge.delonghi.com\/it\/product\/monorigine-peru-arabica-biologica\/"]}]},{"@type":"ImageObject","inLanguage":"it-IT","@id":"https:\/\/coffeelounge.delonghi.com\/it\/product\/monorigine-peru-arabica-biologica\/#primaryimage","url":"https:\/\/coffeelounge.delonghi.com\/wp-content\/uploads\/2023\/02\/MONORIGINE_PERU_ARABICA_BIOLOGICA-Flavio-Gioia-Caffe-Gioia-250g.png","contentUrl":"https:\/\/coffeelounge.delonghi.com\/wp-content\/uploads\/2023\/02\/MONORIGINE_PERU_ARABICA_BIOLOGICA-Flavio-Gioia-Caffe-Gioia-250g.png","width":800,"height":800},{"@type":"BreadcrumbList","@id":"https:\/\/coffeelounge.delonghi.com\/it\/product\/monorigine-peru-arabica-biologica\/#breadcrumb","itemListElement":[{"@type":"ListItem","position":1,"name":"Home","item":"https:\/\/coffeelounge.delonghi.com\/it\/"},{"@type":"ListItem","position":2,"name":"Boutique","item":"https:\/\/coffeelounge.delonghi.com\/fr\/?page_id=36"},{"@type":"ListItem","position":3,"name":"MONORIGINE PERU&#8217; ARABICA BIOLOGICA"}]},{"@type":"WebSite","@id":"https:\/\/coffeelounge.delonghi.com\/it\/#website","url":"https:\/\/coffeelounge.delonghi.com\/it\/","name":"De&#039;Longhi","description":"Coffee Lounge","publisher":{"@id":"https:\/\/coffeelounge.delonghi.com\/it\/#organization"},"potentialAction":[{"@type":"SearchAction","target":{"@type":"EntryPoint","urlTemplate":"https:\/\/coffeelounge.delonghi.com\/it\/?s={search_term_string}"},"query-input":{"@type":"PropertyValueSpecification","valueRequired":true,"valueName":"search_term_string"}}],"inLanguage":"it-IT"},{"@type":"Organization","@id":"https:\/\/coffeelounge.delonghi.com\/it\/#organization","name":"De'Longhi Coffee Lounge","url":"https:\/\/coffeelounge.delonghi.com\/it\/","logo":{"@type":"ImageObject","inLanguage":"it-IT","@id":"https:\/\/coffeelounge.delonghi.com\/it\/#\/schema\/logo\/image\/","url":"https:\/\/coffeelounge.delonghi.com\/wp-content\/uploads\/2020\/05\/delonghi-coffee-lounge-logo-nederland.png","contentUrl":"https:\/\/coffeelounge.delonghi.com\/wp-content\/uploads\/2020\/05\/delonghi-coffee-lounge-logo-nederland.png","width":2337,"height":724,"caption":"De'Longhi Coffee Lounge"},"image":{"@id":"https:\/\/coffeelounge.delonghi.com\/it\/#\/schema\/logo\/image\/"}}]}},"_links":{"self":[{"href":"https:\/\/coffeelounge.delonghi.com\/it\/wp-json\/wp\/v2\/product\/363136","targetHints":{"allow":["GET"]}}],"collection":[{"href":"https:\/\/coffeelounge.delonghi.com\/it\/wp-json\/wp\/v2\/product"}],"about":[{"href":"https:\/\/coffeelounge.delonghi.com\/it\/wp-json\/wp\/v2\/types\/product"}],"replies":[{"embeddable":true,"href":"https:\/\/coffeelounge.delonghi.com\/it\/wp-json\/wp\/v2\/comments?post=363136"}],"version-history":[{"count":2,"href":"https:\/\/coffeelounge.delonghi.com\/it\/wp-json\/wp\/v2\/product\/363136\/revisions"}],"predecessor-version":[{"id":421858,"href":"https:\/\/coffeelounge.delonghi.com\/it\/wp-json\/wp\/v2\/product\/363136\/revisions\/421858"}],"wp:featuredmedia":[{"embeddable":true,"href":"https:\/\/coffeelounge.delonghi.com\/it\/wp-json\/wp\/v2\/media\/415599"}],"wp:attachment":[{"href":"https:\/\/coffeelounge.delonghi.com\/it\/wp-json\/wp\/v2\/media?parent=363136"}],"wp:term":[{"taxonomy":"product_cat","embeddable":true,"href":"https:\/\/coffeelounge.delonghi.com\/it\/wp-json\/wp\/v2\/product_cat?post=363136"},{"taxonomy":"product_tag","embeddable":true,"href":"https:\/\/coffeelounge.delonghi.com\/it\/wp-json\/wp\/v2\/product_tag?post=363136"}],"curies":[{"name":"wp","href":"https:\/\/api.w.org\/{rel}","templated":true}]}}