{"id":362317,"date":"2023-02-10T11:44:35","date_gmt":"2023-02-10T11:44:35","guid":{"rendered":"https:\/\/coffeelounge.delonghi.com\/?post_type=product&#038;p=362317"},"modified":"2024-03-04T07:44:45","modified_gmt":"2024-03-04T07:44:45","slug":"specialty-coffee-sumatra-mandheling-queen-ketiara","status":"publish","type":"product","link":"https:\/\/coffeelounge.delonghi.com\/it\/product\/specialty-coffee-sumatra-mandheling-queen-ketiara\/","title":{"rendered":"SPECIALTY COFFEE SUMATRA MANDHELING QUEEN KETIARA"},"content":{"rendered":"<p>Il metodo di lavorazione tradizionale per l&#8217;isola di Sumatra \u00e8 il cosiddetto &#8220;wet hulled&#8221;, nella lingua locale Giling Basah. Questo processo consiste in una prima fermentazione delle drupe di 12-18 ore, una spolpatura e un primo essicamento di 5-6 ore. Il pergamino viene quindi rimosso quando l&#8217;umidit\u00e0 \u00e8 ancora tra il 30% e il 40% e le drupe vengono quindi essiccate senza il pergamino fino a raggiungere il 13% di umidit\u00e0 finale. Questo processo consente di ottenere il tipico colore verde-bluastro del caff\u00e8 verde e un profilo della tazza con corpo intenso e un&#8217;acidit\u00e0 moderata.<\/p>\n<p>Ketiara \u00e8 una cooperativa guidata da donne fondata nel 2009 da 32 soci fondatori. Oggi conta quasi 2000 piccoli agricoltori e Ibu Ramah \u00e8 il presidente. Quindi non si tratta solo di commercio di caff\u00e8, ma anche di promozione di valore e passione per celebrare le donne nel business del caff\u00e8.<\/p>\n<p>Rapporto caff\u00e8\/acqua consigliato:<br \/>\nESPRESSO: 15gr per doppio espresso<br \/>\nMOKA: 15gr per moka da 3<br \/>\nFILTRO: 18gr per 300 ml (2 tazze)<\/p>\n","protected":false},"excerpt":{"rendered":"<p>Il metodo di lavorazione tradizionale per l&#8217;isola di Sumatra \u00e8 il cosiddetto &#8220;wet hulled&#8221;, nella lingua locale Giling Basah. Questo processo consiste in una prima fermentazione delle drupe di 12-18 ore, una spolpatura e un primo essicamento di 5-6 ore. Il pergamino viene quindi rimosso quando l&#8217;umidit\u00e0 \u00e8 ancora tra il 30% e il 40% [&hellip;]<\/p>\n","protected":false},"featured_media":415572,"comment_status":"closed","ping_status":"closed","template":"","meta":{"_acf_changed":false},"product_cat":[74,26],"product_tag":[],"class_list":{"0":"post-362317","1":"product","2":"type-product","3":"status-publish","4":"has-post-thumbnail","6":"product_cat-tutti","7":"product_cat-specialita","9":"first","10":"instock","11":"taxable","12":"shipping-taxable","13":"purchasable","14":"product-type-variable"},"acf":[],"yoast_head":"<!-- This site is optimized with the Yoast SEO Premium plugin v24.5 (Yoast SEO v24.5) - https:\/\/yoast.com\/wordpress\/plugins\/seo\/ -->\n<title>SPECIALTY COFFEE SUMATRA MANDHELING QUEEN KETIARA | De&#039;Longhi<\/title>\n<meta name=\"description\" content=\"Il metodo di lavorazione tradizionale per l&#039;isola di Sumatra \u00e8 il cosiddetto &quot;wet hulled&quot;, nella lingua locale Giling Basah.\" \/>\n<meta name=\"robots\" content=\"index, follow, max-snippet:-1, max-image-preview:large, max-video-preview:-1\" \/>\n<meta name=\"twitter:card\" content=\"summary_large_image\" \/>\n<meta name=\"twitter:title\" content=\"SPECIALTY COFFEE SUMATRA MANDHELING QUEEN KETIARA | De&#039;Longhi\" \/>\n<meta name=\"twitter:description\" content=\"Il metodo di lavorazione tradizionale per l&#039;isola di Sumatra \u00e8 il cosiddetto &quot;wet hulled&quot;, nella lingua locale Giling Basah.\" \/>\n<meta name=\"twitter:image\" content=\"https:\/\/coffeelounge.delonghi.com\/wp-content\/uploads\/2023\/02\/sumatra-Flavio-Gioia-Caffe-Gioia-1.png\" \/>\n<script type=\"application\/ld+json\" class=\"yoast-schema-graph\">{\"@context\":\"https:\/\/schema.org\",\"@graph\":[{\"@type\":\"WebPage\",\"@id\":\"https:\/\/coffeelounge.delonghi.com\/it\/product\/specialty-coffee-sumatra-mandheling-queen-ketiara\/\",\"url\":\"https:\/\/coffeelounge.delonghi.com\/it\/product\/specialty-coffee-sumatra-mandheling-queen-ketiara\/\",\"name\":\"SPECIALTY COFFEE SUMATRA MANDHELING QUEEN KETIARA | De&#039;Longhi\",\"isPartOf\":{\"@id\":\"https:\/\/coffeelounge.delonghi.com\/it\/#website\"},\"primaryImageOfPage\":{\"@id\":\"https:\/\/coffeelounge.delonghi.com\/it\/product\/specialty-coffee-sumatra-mandheling-queen-ketiara\/#primaryimage\"},\"image\":{\"@id\":\"https:\/\/coffeelounge.delonghi.com\/it\/product\/specialty-coffee-sumatra-mandheling-queen-ketiara\/#primaryimage\"},\"thumbnailUrl\":\"https:\/\/coffeelounge.delonghi.com\/wp-content\/uploads\/2023\/02\/sumatra-Flavio-Gioia-Caffe-Gioia-1.png\",\"datePublished\":\"2023-02-10T11:44:35+00:00\",\"dateModified\":\"2024-03-04T07:44:45+00:00\",\"description\":\"Il metodo di lavorazione tradizionale per l'isola di Sumatra \u00e8 il cosiddetto \\\"wet hulled\\\", nella lingua locale Giling Basah.\",\"breadcrumb\":{\"@id\":\"https:\/\/coffeelounge.delonghi.com\/it\/product\/specialty-coffee-sumatra-mandheling-queen-ketiara\/#breadcrumb\"},\"inLanguage\":\"it-IT\",\"potentialAction\":[{\"@type\":\"ReadAction\",\"target\":[\"https:\/\/coffeelounge.delonghi.com\/it\/product\/specialty-coffee-sumatra-mandheling-queen-ketiara\/\"]}]},{\"@type\":\"ImageObject\",\"inLanguage\":\"it-IT\",\"@id\":\"https:\/\/coffeelounge.delonghi.com\/it\/product\/specialty-coffee-sumatra-mandheling-queen-ketiara\/#primaryimage\",\"url\":\"https:\/\/coffeelounge.delonghi.com\/wp-content\/uploads\/2023\/02\/sumatra-Flavio-Gioia-Caffe-Gioia-1.png\",\"contentUrl\":\"https:\/\/coffeelounge.delonghi.com\/wp-content\/uploads\/2023\/02\/sumatra-Flavio-Gioia-Caffe-Gioia-1.png\",\"width\":500,\"height\":500},{\"@type\":\"BreadcrumbList\",\"@id\":\"https:\/\/coffeelounge.delonghi.com\/it\/product\/specialty-coffee-sumatra-mandheling-queen-ketiara\/#breadcrumb\",\"itemListElement\":[{\"@type\":\"ListItem\",\"position\":1,\"name\":\"Home\",\"item\":\"https:\/\/coffeelounge.delonghi.com\/it\/\"},{\"@type\":\"ListItem\",\"position\":2,\"name\":\"Boutique\",\"item\":\"https:\/\/coffeelounge.delonghi.com\/fr\/?page_id=36\"},{\"@type\":\"ListItem\",\"position\":3,\"name\":\"SPECIALTY COFFEE SUMATRA MANDHELING QUEEN KETIARA\"}]},{\"@type\":\"WebSite\",\"@id\":\"https:\/\/coffeelounge.delonghi.com\/it\/#website\",\"url\":\"https:\/\/coffeelounge.delonghi.com\/it\/\",\"name\":\"De&#039;Longhi\",\"description\":\"Coffee Lounge\",\"publisher\":{\"@id\":\"https:\/\/coffeelounge.delonghi.com\/it\/#organization\"},\"potentialAction\":[{\"@type\":\"SearchAction\",\"target\":{\"@type\":\"EntryPoint\",\"urlTemplate\":\"https:\/\/coffeelounge.delonghi.com\/it\/?s={search_term_string}\"},\"query-input\":{\"@type\":\"PropertyValueSpecification\",\"valueRequired\":true,\"valueName\":\"search_term_string\"}}],\"inLanguage\":\"it-IT\"},{\"@type\":\"Organization\",\"@id\":\"https:\/\/coffeelounge.delonghi.com\/it\/#organization\",\"name\":\"De'Longhi Coffee Lounge\",\"url\":\"https:\/\/coffeelounge.delonghi.com\/it\/\",\"logo\":{\"@type\":\"ImageObject\",\"inLanguage\":\"it-IT\",\"@id\":\"https:\/\/coffeelounge.delonghi.com\/it\/#\/schema\/logo\/image\/\",\"url\":\"https:\/\/coffeelounge.delonghi.com\/wp-content\/uploads\/2020\/05\/delonghi-coffee-lounge-logo-nederland.png\",\"contentUrl\":\"https:\/\/coffeelounge.delonghi.com\/wp-content\/uploads\/2020\/05\/delonghi-coffee-lounge-logo-nederland.png\",\"width\":2337,\"height\":724,\"caption\":\"De'Longhi Coffee Lounge\"},\"image\":{\"@id\":\"https:\/\/coffeelounge.delonghi.com\/it\/#\/schema\/logo\/image\/\"}}]}<\/script>\n<!-- \/ Yoast SEO Premium plugin. -->","yoast_head_json":{"title":"SPECIALTY COFFEE SUMATRA MANDHELING QUEEN KETIARA | De&#039;Longhi","description":"Il metodo di lavorazione tradizionale per l'isola di Sumatra \u00e8 il cosiddetto \"wet hulled\", nella lingua locale Giling Basah.","robots":{"index":"index","follow":"follow","max-snippet":"max-snippet:-1","max-image-preview":"max-image-preview:large","max-video-preview":"max-video-preview:-1"},"twitter_card":"summary_large_image","twitter_title":"SPECIALTY COFFEE SUMATRA MANDHELING QUEEN KETIARA | De&#039;Longhi","twitter_description":"Il metodo di lavorazione tradizionale per l'isola di Sumatra \u00e8 il cosiddetto \"wet hulled\", nella lingua locale Giling Basah.","twitter_image":"https:\/\/coffeelounge.delonghi.com\/wp-content\/uploads\/2023\/02\/sumatra-Flavio-Gioia-Caffe-Gioia-1.png","schema":{"@context":"https:\/\/schema.org","@graph":[{"@type":"WebPage","@id":"https:\/\/coffeelounge.delonghi.com\/it\/product\/specialty-coffee-sumatra-mandheling-queen-ketiara\/","url":"https:\/\/coffeelounge.delonghi.com\/it\/product\/specialty-coffee-sumatra-mandheling-queen-ketiara\/","name":"SPECIALTY COFFEE SUMATRA MANDHELING QUEEN KETIARA | De&#039;Longhi","isPartOf":{"@id":"https:\/\/coffeelounge.delonghi.com\/it\/#website"},"primaryImageOfPage":{"@id":"https:\/\/coffeelounge.delonghi.com\/it\/product\/specialty-coffee-sumatra-mandheling-queen-ketiara\/#primaryimage"},"image":{"@id":"https:\/\/coffeelounge.delonghi.com\/it\/product\/specialty-coffee-sumatra-mandheling-queen-ketiara\/#primaryimage"},"thumbnailUrl":"https:\/\/coffeelounge.delonghi.com\/wp-content\/uploads\/2023\/02\/sumatra-Flavio-Gioia-Caffe-Gioia-1.png","datePublished":"2023-02-10T11:44:35+00:00","dateModified":"2024-03-04T07:44:45+00:00","description":"Il metodo di lavorazione tradizionale per l'isola di Sumatra \u00e8 il cosiddetto \"wet hulled\", nella lingua locale Giling Basah.","breadcrumb":{"@id":"https:\/\/coffeelounge.delonghi.com\/it\/product\/specialty-coffee-sumatra-mandheling-queen-ketiara\/#breadcrumb"},"inLanguage":"it-IT","potentialAction":[{"@type":"ReadAction","target":["https:\/\/coffeelounge.delonghi.com\/it\/product\/specialty-coffee-sumatra-mandheling-queen-ketiara\/"]}]},{"@type":"ImageObject","inLanguage":"it-IT","@id":"https:\/\/coffeelounge.delonghi.com\/it\/product\/specialty-coffee-sumatra-mandheling-queen-ketiara\/#primaryimage","url":"https:\/\/coffeelounge.delonghi.com\/wp-content\/uploads\/2023\/02\/sumatra-Flavio-Gioia-Caffe-Gioia-1.png","contentUrl":"https:\/\/coffeelounge.delonghi.com\/wp-content\/uploads\/2023\/02\/sumatra-Flavio-Gioia-Caffe-Gioia-1.png","width":500,"height":500},{"@type":"BreadcrumbList","@id":"https:\/\/coffeelounge.delonghi.com\/it\/product\/specialty-coffee-sumatra-mandheling-queen-ketiara\/#breadcrumb","itemListElement":[{"@type":"ListItem","position":1,"name":"Home","item":"https:\/\/coffeelounge.delonghi.com\/it\/"},{"@type":"ListItem","position":2,"name":"Boutique","item":"https:\/\/coffeelounge.delonghi.com\/fr\/?page_id=36"},{"@type":"ListItem","position":3,"name":"SPECIALTY COFFEE SUMATRA MANDHELING QUEEN KETIARA"}]},{"@type":"WebSite","@id":"https:\/\/coffeelounge.delonghi.com\/it\/#website","url":"https:\/\/coffeelounge.delonghi.com\/it\/","name":"De&#039;Longhi","description":"Coffee Lounge","publisher":{"@id":"https:\/\/coffeelounge.delonghi.com\/it\/#organization"},"potentialAction":[{"@type":"SearchAction","target":{"@type":"EntryPoint","urlTemplate":"https:\/\/coffeelounge.delonghi.com\/it\/?s={search_term_string}"},"query-input":{"@type":"PropertyValueSpecification","valueRequired":true,"valueName":"search_term_string"}}],"inLanguage":"it-IT"},{"@type":"Organization","@id":"https:\/\/coffeelounge.delonghi.com\/it\/#organization","name":"De'Longhi Coffee Lounge","url":"https:\/\/coffeelounge.delonghi.com\/it\/","logo":{"@type":"ImageObject","inLanguage":"it-IT","@id":"https:\/\/coffeelounge.delonghi.com\/it\/#\/schema\/logo\/image\/","url":"https:\/\/coffeelounge.delonghi.com\/wp-content\/uploads\/2020\/05\/delonghi-coffee-lounge-logo-nederland.png","contentUrl":"https:\/\/coffeelounge.delonghi.com\/wp-content\/uploads\/2020\/05\/delonghi-coffee-lounge-logo-nederland.png","width":2337,"height":724,"caption":"De'Longhi Coffee Lounge"},"image":{"@id":"https:\/\/coffeelounge.delonghi.com\/it\/#\/schema\/logo\/image\/"}}]}},"_links":{"self":[{"href":"https:\/\/coffeelounge.delonghi.com\/it\/wp-json\/wp\/v2\/product\/362317","targetHints":{"allow":["GET"]}}],"collection":[{"href":"https:\/\/coffeelounge.delonghi.com\/it\/wp-json\/wp\/v2\/product"}],"about":[{"href":"https:\/\/coffeelounge.delonghi.com\/it\/wp-json\/wp\/v2\/types\/product"}],"replies":[{"embeddable":true,"href":"https:\/\/coffeelounge.delonghi.com\/it\/wp-json\/wp\/v2\/comments?post=362317"}],"version-history":[{"count":2,"href":"https:\/\/coffeelounge.delonghi.com\/it\/wp-json\/wp\/v2\/product\/362317\/revisions"}],"predecessor-version":[{"id":421860,"href":"https:\/\/coffeelounge.delonghi.com\/it\/wp-json\/wp\/v2\/product\/362317\/revisions\/421860"}],"wp:featuredmedia":[{"embeddable":true,"href":"https:\/\/coffeelounge.delonghi.com\/it\/wp-json\/wp\/v2\/media\/415572"}],"wp:attachment":[{"href":"https:\/\/coffeelounge.delonghi.com\/it\/wp-json\/wp\/v2\/media?parent=362317"}],"wp:term":[{"taxonomy":"product_cat","embeddable":true,"href":"https:\/\/coffeelounge.delonghi.com\/it\/wp-json\/wp\/v2\/product_cat?post=362317"},{"taxonomy":"product_tag","embeddable":true,"href":"https:\/\/coffeelounge.delonghi.com\/it\/wp-json\/wp\/v2\/product_tag?post=362317"}],"curies":[{"name":"wp","href":"https:\/\/api.w.org\/{rel}","templated":true}]}}