{"id":361940,"date":"2023-02-09T15:05:10","date_gmt":"2023-02-09T15:05:10","guid":{"rendered":"https:\/\/coffeelounge.delonghi.com\/?post_type=product&#038;p=361940"},"modified":"2024-03-04T07:45:44","modified_gmt":"2024-03-04T07:45:44","slug":"specialty-coffee-rwanda-twongere-womens-mill","status":"publish","type":"product","link":"https:\/\/coffeelounge.delonghi.com\/it\/product\/specialty-coffee-rwanda-twongere-womens-mill\/","title":{"rendered":"SPECIALTY COFFEE RWANDA TWONGERE WOMEN&#8217;S MILL"},"content":{"rendered":"<p>Il Rwanda \u00e8 stato il primo paese al mondo ad avere un governo femminile e oggi sono proprio le donne a guidare l&#8217;economia locale. Le cooperative del caff\u00e8 sono state fondate sin dall&#8217;inizio da donne e ancora oggi sono gestite da loro. Stiamo parlando della cooperativa Twongere Kawa Coko fondata da 11 coltivatrici di caff\u00e8 nel 2009 e guidata dalla presidentessa Therese Nyrangwabije. E&#8217; una delle cinque origini della geografia del caff\u00e8 dei Grandi Laghi. La diversit\u00e0 del suo paesaggio, il suo lago &#8220;esplosivo&#8221; e i suoi terreni fertili e montagnosi, situati ad alta quota, insieme a processi e metodi ancestrali, sono le caratteristiche che definiscono i caff\u00e8 di origine ruandese. Rapporto caff\u00e8\/acqua consigliato: ESPRESSO: 17gr per doppio espresso MOKA: 16gr moka da 3 tazze FILTRO: 20gr per 300 ml (2 tazze)<\/p>\n","protected":false},"excerpt":{"rendered":"<p>Il Rwanda \u00e8 stato il primo paese al mondo ad avere un governo femminile e oggi sono proprio le donne a guidare l&#8217;economia locale. Le cooperative del caff\u00e8 sono state fondate sin dall&#8217;inizio da donne e ancora oggi sono gestite da loro. Stiamo parlando della cooperativa Twongere Kawa Coko fondata da 11 coltivatrici di caff\u00e8 [&hellip;]<\/p>\n","protected":false},"featured_media":415770,"comment_status":"closed","ping_status":"closed","template":"","meta":{"_acf_changed":false},"product_cat":[74,26],"product_tag":[],"class_list":{"0":"post-361940","1":"product","2":"type-product","3":"status-publish","4":"has-post-thumbnail","6":"product_cat-tutti","7":"product_cat-specialita","9":"first","10":"instock","11":"taxable","12":"shipping-taxable","13":"purchasable","14":"product-type-variable","15":"has-default-attributes"},"acf":[],"yoast_head":"<!-- This site is optimized with the Yoast SEO Premium plugin v24.5 (Yoast SEO v24.5) - https:\/\/yoast.com\/wordpress\/plugins\/seo\/ -->\n<title>SPECIALTY COFFEE RWANDA TWONGERE WOMEN&#039;S MILL | De&#039;Longhi<\/title>\n<meta name=\"description\" content=\"Il Rwanda \u00e8 stato il primo paese al mondo ad avere un governo femminile e oggi sono proprio le donne a guidare l&#039;economia locale.\" \/>\n<meta name=\"robots\" content=\"index, follow, max-snippet:-1, max-image-preview:large, max-video-preview:-1\" \/>\n<meta name=\"twitter:card\" content=\"summary_large_image\" \/>\n<meta name=\"twitter:title\" content=\"SPECIALTY COFFEE RWANDA TWONGERE WOMEN&#039;S MILL | De&#039;Longhi\" \/>\n<meta name=\"twitter:description\" content=\"Il Rwanda \u00e8 stato il primo paese al mondo ad avere un governo femminile e oggi sono proprio le donne a guidare l&#039;economia locale.\" \/>\n<meta name=\"twitter:image\" content=\"https:\/\/coffeelounge.delonghi.com\/wp-content\/uploads\/2023\/02\/ruwanda-Flavio-Gioia-Caffe-Gioia-1.png\" \/>\n<script type=\"application\/ld+json\" class=\"yoast-schema-graph\">{\"@context\":\"https:\/\/schema.org\",\"@graph\":[{\"@type\":\"WebPage\",\"@id\":\"https:\/\/coffeelounge.delonghi.com\/it\/product\/specialty-coffee-rwanda-twongere-womens-mill\/\",\"url\":\"https:\/\/coffeelounge.delonghi.com\/it\/product\/specialty-coffee-rwanda-twongere-womens-mill\/\",\"name\":\"SPECIALTY COFFEE RWANDA TWONGERE WOMEN'S MILL | De&#039;Longhi\",\"isPartOf\":{\"@id\":\"https:\/\/coffeelounge.delonghi.com\/it\/#website\"},\"primaryImageOfPage\":{\"@id\":\"https:\/\/coffeelounge.delonghi.com\/it\/product\/specialty-coffee-rwanda-twongere-womens-mill\/#primaryimage\"},\"image\":{\"@id\":\"https:\/\/coffeelounge.delonghi.com\/it\/product\/specialty-coffee-rwanda-twongere-womens-mill\/#primaryimage\"},\"thumbnailUrl\":\"https:\/\/coffeelounge.delonghi.com\/wp-content\/uploads\/2023\/02\/ruwanda-Flavio-Gioia-Caffe-Gioia-1.png\",\"datePublished\":\"2023-02-09T15:05:10+00:00\",\"dateModified\":\"2024-03-04T07:45:44+00:00\",\"description\":\"Il Rwanda \u00e8 stato il primo paese al mondo ad avere un governo femminile e oggi sono proprio le donne a guidare l'economia locale.\",\"breadcrumb\":{\"@id\":\"https:\/\/coffeelounge.delonghi.com\/it\/product\/specialty-coffee-rwanda-twongere-womens-mill\/#breadcrumb\"},\"inLanguage\":\"it-IT\",\"potentialAction\":[{\"@type\":\"ReadAction\",\"target\":[\"https:\/\/coffeelounge.delonghi.com\/it\/product\/specialty-coffee-rwanda-twongere-womens-mill\/\"]}]},{\"@type\":\"ImageObject\",\"inLanguage\":\"it-IT\",\"@id\":\"https:\/\/coffeelounge.delonghi.com\/it\/product\/specialty-coffee-rwanda-twongere-womens-mill\/#primaryimage\",\"url\":\"https:\/\/coffeelounge.delonghi.com\/wp-content\/uploads\/2023\/02\/ruwanda-Flavio-Gioia-Caffe-Gioia-1.png\",\"contentUrl\":\"https:\/\/coffeelounge.delonghi.com\/wp-content\/uploads\/2023\/02\/ruwanda-Flavio-Gioia-Caffe-Gioia-1.png\",\"width\":500,\"height\":500},{\"@type\":\"BreadcrumbList\",\"@id\":\"https:\/\/coffeelounge.delonghi.com\/it\/product\/specialty-coffee-rwanda-twongere-womens-mill\/#breadcrumb\",\"itemListElement\":[{\"@type\":\"ListItem\",\"position\":1,\"name\":\"Home\",\"item\":\"https:\/\/coffeelounge.delonghi.com\/it\/\"},{\"@type\":\"ListItem\",\"position\":2,\"name\":\"Boutique\",\"item\":\"https:\/\/coffeelounge.delonghi.com\/fr\/?page_id=36\"},{\"@type\":\"ListItem\",\"position\":3,\"name\":\"SPECIALTY COFFEE RWANDA TWONGERE WOMEN&#8217;S MILL\"}]},{\"@type\":\"WebSite\",\"@id\":\"https:\/\/coffeelounge.delonghi.com\/it\/#website\",\"url\":\"https:\/\/coffeelounge.delonghi.com\/it\/\",\"name\":\"De&#039;Longhi\",\"description\":\"Coffee Lounge\",\"publisher\":{\"@id\":\"https:\/\/coffeelounge.delonghi.com\/it\/#organization\"},\"potentialAction\":[{\"@type\":\"SearchAction\",\"target\":{\"@type\":\"EntryPoint\",\"urlTemplate\":\"https:\/\/coffeelounge.delonghi.com\/it\/?s={search_term_string}\"},\"query-input\":{\"@type\":\"PropertyValueSpecification\",\"valueRequired\":true,\"valueName\":\"search_term_string\"}}],\"inLanguage\":\"it-IT\"},{\"@type\":\"Organization\",\"@id\":\"https:\/\/coffeelounge.delonghi.com\/it\/#organization\",\"name\":\"De'Longhi Coffee Lounge\",\"url\":\"https:\/\/coffeelounge.delonghi.com\/it\/\",\"logo\":{\"@type\":\"ImageObject\",\"inLanguage\":\"it-IT\",\"@id\":\"https:\/\/coffeelounge.delonghi.com\/it\/#\/schema\/logo\/image\/\",\"url\":\"https:\/\/coffeelounge.delonghi.com\/wp-content\/uploads\/2020\/05\/delonghi-coffee-lounge-logo-nederland.png\",\"contentUrl\":\"https:\/\/coffeelounge.delonghi.com\/wp-content\/uploads\/2020\/05\/delonghi-coffee-lounge-logo-nederland.png\",\"width\":2337,\"height\":724,\"caption\":\"De'Longhi Coffee Lounge\"},\"image\":{\"@id\":\"https:\/\/coffeelounge.delonghi.com\/it\/#\/schema\/logo\/image\/\"}}]}<\/script>\n<!-- \/ Yoast SEO Premium plugin. -->","yoast_head_json":{"title":"SPECIALTY COFFEE RWANDA TWONGERE WOMEN'S MILL | De&#039;Longhi","description":"Il Rwanda \u00e8 stato il primo paese al mondo ad avere un governo femminile e oggi sono proprio le donne a guidare l'economia locale.","robots":{"index":"index","follow":"follow","max-snippet":"max-snippet:-1","max-image-preview":"max-image-preview:large","max-video-preview":"max-video-preview:-1"},"twitter_card":"summary_large_image","twitter_title":"SPECIALTY COFFEE RWANDA TWONGERE WOMEN'S MILL | De&#039;Longhi","twitter_description":"Il Rwanda \u00e8 stato il primo paese al mondo ad avere un governo femminile e oggi sono proprio le donne a guidare l'economia locale.","twitter_image":"https:\/\/coffeelounge.delonghi.com\/wp-content\/uploads\/2023\/02\/ruwanda-Flavio-Gioia-Caffe-Gioia-1.png","schema":{"@context":"https:\/\/schema.org","@graph":[{"@type":"WebPage","@id":"https:\/\/coffeelounge.delonghi.com\/it\/product\/specialty-coffee-rwanda-twongere-womens-mill\/","url":"https:\/\/coffeelounge.delonghi.com\/it\/product\/specialty-coffee-rwanda-twongere-womens-mill\/","name":"SPECIALTY COFFEE RWANDA TWONGERE WOMEN'S MILL | De&#039;Longhi","isPartOf":{"@id":"https:\/\/coffeelounge.delonghi.com\/it\/#website"},"primaryImageOfPage":{"@id":"https:\/\/coffeelounge.delonghi.com\/it\/product\/specialty-coffee-rwanda-twongere-womens-mill\/#primaryimage"},"image":{"@id":"https:\/\/coffeelounge.delonghi.com\/it\/product\/specialty-coffee-rwanda-twongere-womens-mill\/#primaryimage"},"thumbnailUrl":"https:\/\/coffeelounge.delonghi.com\/wp-content\/uploads\/2023\/02\/ruwanda-Flavio-Gioia-Caffe-Gioia-1.png","datePublished":"2023-02-09T15:05:10+00:00","dateModified":"2024-03-04T07:45:44+00:00","description":"Il Rwanda \u00e8 stato il primo paese al mondo ad avere un governo femminile e oggi sono proprio le donne a guidare l'economia locale.","breadcrumb":{"@id":"https:\/\/coffeelounge.delonghi.com\/it\/product\/specialty-coffee-rwanda-twongere-womens-mill\/#breadcrumb"},"inLanguage":"it-IT","potentialAction":[{"@type":"ReadAction","target":["https:\/\/coffeelounge.delonghi.com\/it\/product\/specialty-coffee-rwanda-twongere-womens-mill\/"]}]},{"@type":"ImageObject","inLanguage":"it-IT","@id":"https:\/\/coffeelounge.delonghi.com\/it\/product\/specialty-coffee-rwanda-twongere-womens-mill\/#primaryimage","url":"https:\/\/coffeelounge.delonghi.com\/wp-content\/uploads\/2023\/02\/ruwanda-Flavio-Gioia-Caffe-Gioia-1.png","contentUrl":"https:\/\/coffeelounge.delonghi.com\/wp-content\/uploads\/2023\/02\/ruwanda-Flavio-Gioia-Caffe-Gioia-1.png","width":500,"height":500},{"@type":"BreadcrumbList","@id":"https:\/\/coffeelounge.delonghi.com\/it\/product\/specialty-coffee-rwanda-twongere-womens-mill\/#breadcrumb","itemListElement":[{"@type":"ListItem","position":1,"name":"Home","item":"https:\/\/coffeelounge.delonghi.com\/it\/"},{"@type":"ListItem","position":2,"name":"Boutique","item":"https:\/\/coffeelounge.delonghi.com\/fr\/?page_id=36"},{"@type":"ListItem","position":3,"name":"SPECIALTY COFFEE RWANDA TWONGERE WOMEN&#8217;S MILL"}]},{"@type":"WebSite","@id":"https:\/\/coffeelounge.delonghi.com\/it\/#website","url":"https:\/\/coffeelounge.delonghi.com\/it\/","name":"De&#039;Longhi","description":"Coffee Lounge","publisher":{"@id":"https:\/\/coffeelounge.delonghi.com\/it\/#organization"},"potentialAction":[{"@type":"SearchAction","target":{"@type":"EntryPoint","urlTemplate":"https:\/\/coffeelounge.delonghi.com\/it\/?s={search_term_string}"},"query-input":{"@type":"PropertyValueSpecification","valueRequired":true,"valueName":"search_term_string"}}],"inLanguage":"it-IT"},{"@type":"Organization","@id":"https:\/\/coffeelounge.delonghi.com\/it\/#organization","name":"De'Longhi Coffee Lounge","url":"https:\/\/coffeelounge.delonghi.com\/it\/","logo":{"@type":"ImageObject","inLanguage":"it-IT","@id":"https:\/\/coffeelounge.delonghi.com\/it\/#\/schema\/logo\/image\/","url":"https:\/\/coffeelounge.delonghi.com\/wp-content\/uploads\/2020\/05\/delonghi-coffee-lounge-logo-nederland.png","contentUrl":"https:\/\/coffeelounge.delonghi.com\/wp-content\/uploads\/2020\/05\/delonghi-coffee-lounge-logo-nederland.png","width":2337,"height":724,"caption":"De'Longhi Coffee Lounge"},"image":{"@id":"https:\/\/coffeelounge.delonghi.com\/it\/#\/schema\/logo\/image\/"}}]}},"_links":{"self":[{"href":"https:\/\/coffeelounge.delonghi.com\/it\/wp-json\/wp\/v2\/product\/361940","targetHints":{"allow":["GET"]}}],"collection":[{"href":"https:\/\/coffeelounge.delonghi.com\/it\/wp-json\/wp\/v2\/product"}],"about":[{"href":"https:\/\/coffeelounge.delonghi.com\/it\/wp-json\/wp\/v2\/types\/product"}],"replies":[{"embeddable":true,"href":"https:\/\/coffeelounge.delonghi.com\/it\/wp-json\/wp\/v2\/comments?post=361940"}],"version-history":[{"count":2,"href":"https:\/\/coffeelounge.delonghi.com\/it\/wp-json\/wp\/v2\/product\/361940\/revisions"}],"predecessor-version":[{"id":421861,"href":"https:\/\/coffeelounge.delonghi.com\/it\/wp-json\/wp\/v2\/product\/361940\/revisions\/421861"}],"wp:featuredmedia":[{"embeddable":true,"href":"https:\/\/coffeelounge.delonghi.com\/it\/wp-json\/wp\/v2\/media\/415770"}],"wp:attachment":[{"href":"https:\/\/coffeelounge.delonghi.com\/it\/wp-json\/wp\/v2\/media?parent=361940"}],"wp:term":[{"taxonomy":"product_cat","embeddable":true,"href":"https:\/\/coffeelounge.delonghi.com\/it\/wp-json\/wp\/v2\/product_cat?post=361940"},{"taxonomy":"product_tag","embeddable":true,"href":"https:\/\/coffeelounge.delonghi.com\/it\/wp-json\/wp\/v2\/product_tag?post=361940"}],"curies":[{"name":"wp","href":"https:\/\/api.w.org\/{rel}","templated":true}]}}