{"id":33305,"date":"2021-05-22T12:59:33","date_gmt":"2021-05-22T12:59:33","guid":{"rendered":"https:\/\/coffeelounge.delonghi.com\/?post_type=product&#038;p=33305"},"modified":"2024-03-04T08:02:33","modified_gmt":"2024-03-04T08:02:33","slug":"ethiopia-edido-aricha-yirgacheffe-grade-1-tst","status":"publish","type":"product","link":"https:\/\/coffeelounge.delonghi.com\/it\/product\/ethiopia-edido-aricha-yirgacheffe-grade-1-tst\/","title":{"rendered":"Ethiopia &#8211; Edido Aricha Yirgacheffe Grade 1"},"content":{"rendered":"<p>Caff\u00e8 a bassissimo contenuto di caffeina, da bere in quantit\u00e0, a qualsiasi ora del giorno, anche alternato a un ottimo t\u00e8, come fossero il cane e i gatti di casa mia.<\/p>\n<p>Al naso troneggia il gelsomino, accompagnato da effluvi di cioccolato al latte durante la macinatura. Lo versi in tazza e (marchigiani usi a correggere il caff\u00e8 col Mistr\u00e0, udite udite!) spunta al naso netta una sferzata di anice. In bocca finalmente: tanta, tanta, tanta frutta tropicale, mango e pesca e molto altro.<\/p>\n<p>Ma non tutta insieme, e neanche una dopo l&#8217;altra: una alla volta, individuali e distinguibili, ma come in una giostra, man mano che le sorsate si succedono e la temperatura gradualmente si abbassa, fino a chiudere su note di melone.<\/p>\n<p>Aricha \u00e8 il nome della stazione di lavorazione del caff\u00e8 a cui afferiscono migliaia di contadini, che possiedono in media mezzo ettaro di piantagione ognuno. Qui il caff\u00e8 \u00e8 nato, e le piantagioni di questa regione, lo Yirgacheffe (o Yirga Chefe, come preferiscono i locali), sono ricche di cultivar di coffea arabica varie, potenti, e antichissime, molte ancora da identificare, al punto che si adotta per esse il termine di Heirloom Ethiopian Varieties, come dire un mix di cultivar della pi\u00f9 pura eredit\u00e0 e tradizione agricola etiope. Diavolo di un caff\u00e8. I chicchi non sono dei pi\u00f9 grandi, e a prima vista, da crudo, diresti beh, ne ho visti di pi\u00f9 belli. Poi cominci a farci i conti, a tostarne un po&#8217; per prenderci le misure, e scopri che hai a che fare con uno dei caff\u00e8 pi\u00f9 densi che ti sia mai capitato di tostare: un chicco piccolo di questi pesa quanto due grossi della maggior parte dei arabica. Figuratevi tostare un tizio cos\u00ec tenace! Hai voglia a impostare un profilo aggressivo, devi darci dentro a pi\u00f9 non posso per condurlo, in ogni caso, ed evitando il rischio di lessarlo prendendolo troppo con le buone, a un livello di tostatura pur sempre molto chiaro, ma letteralmente spettacolare. La nota guida che abbiamo trovato in questo caff\u00e8 \u00e8 un profumo di gelsomino da preservare e valorizzare senza annegarlo.<\/p>\n<p><strong>Certificazione<\/strong>: Grade 1<\/p>\n<p><strong>Parametro consigliato per la macchina da caff\u00e8 espresso:<\/strong> macinatura fine<\/p>\n","protected":false},"excerpt":{"rendered":"<p>Caff\u00e8 a bassissimo contenuto di caffeina, da bere in quantit\u00e0, a qualsiasi ora del giorno, anche alternato a un ottimo t\u00e8, come fossero il cane e i gatti di casa mia. Al naso troneggia il gelsomino, accompagnato da effluvi di cioccolato al latte durante la macinatura. Lo versi in tazza e (marchigiani usi a correggere [&hellip;]<\/p>\n","protected":false},"featured_media":417565,"comment_status":"closed","ping_status":"closed","template":"","meta":{"_acf_changed":false},"product_cat":[74,30],"product_tag":[],"class_list":{"0":"post-33305","1":"product","2":"type-product","3":"status-publish","4":"has-post-thumbnail","6":"product_cat-tutti","7":"product_cat-monorigine","9":"first","10":"instock","11":"taxable","12":"shipping-taxable","13":"purchasable","14":"product-type-variable"},"acf":[],"yoast_head":"<!-- This site is optimized with the Yoast SEO Premium plugin v24.5 (Yoast SEO v24.5) - https:\/\/yoast.com\/wordpress\/plugins\/seo\/ -->\n<title>Ethiopia - Edido Aricha Yirgacheffe Grade 1 | De&#039;Longhi<\/title>\n<meta name=\"description\" content=\"Ethiopia - Edido Aricha Yirgacheffe Grade 1 Caff\u00e8 a bassissimo contenuto di caffeina, da bere in quantit\u00e0, a qualsiasi ora del giorno.\" \/>\n<meta name=\"robots\" content=\"index, follow, max-snippet:-1, max-image-preview:large, max-video-preview:-1\" \/>\n<meta name=\"twitter:card\" content=\"summary_large_image\" \/>\n<meta name=\"twitter:title\" content=\"Ethiopia - Edido Aricha Yirgacheffe Grade 1 | De&#039;Longhi\" \/>\n<meta name=\"twitter:description\" content=\"Ethiopia - Edido Aricha Yirgacheffe Grade 1 Caff\u00e8 a bassissimo contenuto di caffeina, da bere in quantit\u00e0, a qualsiasi ora del giorno.\" \/>\n<meta name=\"twitter:image\" content=\"https:\/\/coffeelounge.delonghi.com\/wp-content\/uploads\/2021\/05\/TST-ETHIOPIA-Grande.png\" \/>\n<script type=\"application\/ld+json\" class=\"yoast-schema-graph\">{\"@context\":\"https:\/\/schema.org\",\"@graph\":[{\"@type\":\"WebPage\",\"@id\":\"https:\/\/coffeelounge.delonghi.com\/it\/product\/ethiopia-edido-aricha-yirgacheffe-grade-1-tst\/\",\"url\":\"https:\/\/coffeelounge.delonghi.com\/it\/product\/ethiopia-edido-aricha-yirgacheffe-grade-1-tst\/\",\"name\":\"Ethiopia - Edido Aricha Yirgacheffe Grade 1 | De&#039;Longhi\",\"isPartOf\":{\"@id\":\"https:\/\/coffeelounge.delonghi.com\/it\/#website\"},\"primaryImageOfPage\":{\"@id\":\"https:\/\/coffeelounge.delonghi.com\/it\/product\/ethiopia-edido-aricha-yirgacheffe-grade-1-tst\/#primaryimage\"},\"image\":{\"@id\":\"https:\/\/coffeelounge.delonghi.com\/it\/product\/ethiopia-edido-aricha-yirgacheffe-grade-1-tst\/#primaryimage\"},\"thumbnailUrl\":\"https:\/\/coffeelounge.delonghi.com\/wp-content\/uploads\/2021\/05\/TST-ETHIOPIA-Grande.png\",\"datePublished\":\"2021-05-22T12:59:33+00:00\",\"dateModified\":\"2024-03-04T08:02:33+00:00\",\"description\":\"Ethiopia - Edido Aricha Yirgacheffe Grade 1 Caff\u00e8 a bassissimo contenuto di caffeina, da bere in quantit\u00e0, a qualsiasi ora del giorno.\",\"breadcrumb\":{\"@id\":\"https:\/\/coffeelounge.delonghi.com\/it\/product\/ethiopia-edido-aricha-yirgacheffe-grade-1-tst\/#breadcrumb\"},\"inLanguage\":\"it-IT\",\"potentialAction\":[{\"@type\":\"ReadAction\",\"target\":[\"https:\/\/coffeelounge.delonghi.com\/it\/product\/ethiopia-edido-aricha-yirgacheffe-grade-1-tst\/\"]}]},{\"@type\":\"ImageObject\",\"inLanguage\":\"it-IT\",\"@id\":\"https:\/\/coffeelounge.delonghi.com\/it\/product\/ethiopia-edido-aricha-yirgacheffe-grade-1-tst\/#primaryimage\",\"url\":\"https:\/\/coffeelounge.delonghi.com\/wp-content\/uploads\/2021\/05\/TST-ETHIOPIA-Grande.png\",\"contentUrl\":\"https:\/\/coffeelounge.delonghi.com\/wp-content\/uploads\/2021\/05\/TST-ETHIOPIA-Grande.png\",\"width\":450,\"height\":450},{\"@type\":\"BreadcrumbList\",\"@id\":\"https:\/\/coffeelounge.delonghi.com\/it\/product\/ethiopia-edido-aricha-yirgacheffe-grade-1-tst\/#breadcrumb\",\"itemListElement\":[{\"@type\":\"ListItem\",\"position\":1,\"name\":\"Home\",\"item\":\"https:\/\/coffeelounge.delonghi.com\/it\/\"},{\"@type\":\"ListItem\",\"position\":2,\"name\":\"Boutique\",\"item\":\"https:\/\/coffeelounge.delonghi.com\/fr\/?page_id=36\"},{\"@type\":\"ListItem\",\"position\":3,\"name\":\"Ethiopia &#8211; Edido Aricha Yirgacheffe Grade 1\"}]},{\"@type\":\"WebSite\",\"@id\":\"https:\/\/coffeelounge.delonghi.com\/it\/#website\",\"url\":\"https:\/\/coffeelounge.delonghi.com\/it\/\",\"name\":\"De&#039;Longhi\",\"description\":\"Coffee Lounge\",\"publisher\":{\"@id\":\"https:\/\/coffeelounge.delonghi.com\/it\/#organization\"},\"potentialAction\":[{\"@type\":\"SearchAction\",\"target\":{\"@type\":\"EntryPoint\",\"urlTemplate\":\"https:\/\/coffeelounge.delonghi.com\/it\/?s={search_term_string}\"},\"query-input\":{\"@type\":\"PropertyValueSpecification\",\"valueRequired\":true,\"valueName\":\"search_term_string\"}}],\"inLanguage\":\"it-IT\"},{\"@type\":\"Organization\",\"@id\":\"https:\/\/coffeelounge.delonghi.com\/it\/#organization\",\"name\":\"De'Longhi Coffee Lounge\",\"url\":\"https:\/\/coffeelounge.delonghi.com\/it\/\",\"logo\":{\"@type\":\"ImageObject\",\"inLanguage\":\"it-IT\",\"@id\":\"https:\/\/coffeelounge.delonghi.com\/it\/#\/schema\/logo\/image\/\",\"url\":\"https:\/\/coffeelounge.delonghi.com\/wp-content\/uploads\/2020\/05\/delonghi-coffee-lounge-logo-nederland.png\",\"contentUrl\":\"https:\/\/coffeelounge.delonghi.com\/wp-content\/uploads\/2020\/05\/delonghi-coffee-lounge-logo-nederland.png\",\"width\":2337,\"height\":724,\"caption\":\"De'Longhi Coffee Lounge\"},\"image\":{\"@id\":\"https:\/\/coffeelounge.delonghi.com\/it\/#\/schema\/logo\/image\/\"}}]}<\/script>\n<!-- \/ Yoast SEO Premium plugin. -->","yoast_head_json":{"title":"Ethiopia - Edido Aricha Yirgacheffe Grade 1 | De&#039;Longhi","description":"Ethiopia - Edido Aricha Yirgacheffe Grade 1 Caff\u00e8 a bassissimo contenuto di caffeina, da bere in quantit\u00e0, a qualsiasi ora del giorno.","robots":{"index":"index","follow":"follow","max-snippet":"max-snippet:-1","max-image-preview":"max-image-preview:large","max-video-preview":"max-video-preview:-1"},"twitter_card":"summary_large_image","twitter_title":"Ethiopia - Edido Aricha Yirgacheffe Grade 1 | De&#039;Longhi","twitter_description":"Ethiopia - Edido Aricha Yirgacheffe Grade 1 Caff\u00e8 a bassissimo contenuto di caffeina, da bere in quantit\u00e0, a qualsiasi ora del giorno.","twitter_image":"https:\/\/coffeelounge.delonghi.com\/wp-content\/uploads\/2021\/05\/TST-ETHIOPIA-Grande.png","schema":{"@context":"https:\/\/schema.org","@graph":[{"@type":"WebPage","@id":"https:\/\/coffeelounge.delonghi.com\/it\/product\/ethiopia-edido-aricha-yirgacheffe-grade-1-tst\/","url":"https:\/\/coffeelounge.delonghi.com\/it\/product\/ethiopia-edido-aricha-yirgacheffe-grade-1-tst\/","name":"Ethiopia - Edido Aricha Yirgacheffe Grade 1 | De&#039;Longhi","isPartOf":{"@id":"https:\/\/coffeelounge.delonghi.com\/it\/#website"},"primaryImageOfPage":{"@id":"https:\/\/coffeelounge.delonghi.com\/it\/product\/ethiopia-edido-aricha-yirgacheffe-grade-1-tst\/#primaryimage"},"image":{"@id":"https:\/\/coffeelounge.delonghi.com\/it\/product\/ethiopia-edido-aricha-yirgacheffe-grade-1-tst\/#primaryimage"},"thumbnailUrl":"https:\/\/coffeelounge.delonghi.com\/wp-content\/uploads\/2021\/05\/TST-ETHIOPIA-Grande.png","datePublished":"2021-05-22T12:59:33+00:00","dateModified":"2024-03-04T08:02:33+00:00","description":"Ethiopia - Edido Aricha Yirgacheffe Grade 1 Caff\u00e8 a bassissimo contenuto di caffeina, da bere in quantit\u00e0, a qualsiasi ora del giorno.","breadcrumb":{"@id":"https:\/\/coffeelounge.delonghi.com\/it\/product\/ethiopia-edido-aricha-yirgacheffe-grade-1-tst\/#breadcrumb"},"inLanguage":"it-IT","potentialAction":[{"@type":"ReadAction","target":["https:\/\/coffeelounge.delonghi.com\/it\/product\/ethiopia-edido-aricha-yirgacheffe-grade-1-tst\/"]}]},{"@type":"ImageObject","inLanguage":"it-IT","@id":"https:\/\/coffeelounge.delonghi.com\/it\/product\/ethiopia-edido-aricha-yirgacheffe-grade-1-tst\/#primaryimage","url":"https:\/\/coffeelounge.delonghi.com\/wp-content\/uploads\/2021\/05\/TST-ETHIOPIA-Grande.png","contentUrl":"https:\/\/coffeelounge.delonghi.com\/wp-content\/uploads\/2021\/05\/TST-ETHIOPIA-Grande.png","width":450,"height":450},{"@type":"BreadcrumbList","@id":"https:\/\/coffeelounge.delonghi.com\/it\/product\/ethiopia-edido-aricha-yirgacheffe-grade-1-tst\/#breadcrumb","itemListElement":[{"@type":"ListItem","position":1,"name":"Home","item":"https:\/\/coffeelounge.delonghi.com\/it\/"},{"@type":"ListItem","position":2,"name":"Boutique","item":"https:\/\/coffeelounge.delonghi.com\/fr\/?page_id=36"},{"@type":"ListItem","position":3,"name":"Ethiopia &#8211; Edido Aricha Yirgacheffe Grade 1"}]},{"@type":"WebSite","@id":"https:\/\/coffeelounge.delonghi.com\/it\/#website","url":"https:\/\/coffeelounge.delonghi.com\/it\/","name":"De&#039;Longhi","description":"Coffee Lounge","publisher":{"@id":"https:\/\/coffeelounge.delonghi.com\/it\/#organization"},"potentialAction":[{"@type":"SearchAction","target":{"@type":"EntryPoint","urlTemplate":"https:\/\/coffeelounge.delonghi.com\/it\/?s={search_term_string}"},"query-input":{"@type":"PropertyValueSpecification","valueRequired":true,"valueName":"search_term_string"}}],"inLanguage":"it-IT"},{"@type":"Organization","@id":"https:\/\/coffeelounge.delonghi.com\/it\/#organization","name":"De'Longhi Coffee Lounge","url":"https:\/\/coffeelounge.delonghi.com\/it\/","logo":{"@type":"ImageObject","inLanguage":"it-IT","@id":"https:\/\/coffeelounge.delonghi.com\/it\/#\/schema\/logo\/image\/","url":"https:\/\/coffeelounge.delonghi.com\/wp-content\/uploads\/2020\/05\/delonghi-coffee-lounge-logo-nederland.png","contentUrl":"https:\/\/coffeelounge.delonghi.com\/wp-content\/uploads\/2020\/05\/delonghi-coffee-lounge-logo-nederland.png","width":2337,"height":724,"caption":"De'Longhi Coffee Lounge"},"image":{"@id":"https:\/\/coffeelounge.delonghi.com\/it\/#\/schema\/logo\/image\/"}}]}},"_links":{"self":[{"href":"https:\/\/coffeelounge.delonghi.com\/it\/wp-json\/wp\/v2\/product\/33305","targetHints":{"allow":["GET"]}}],"collection":[{"href":"https:\/\/coffeelounge.delonghi.com\/it\/wp-json\/wp\/v2\/product"}],"about":[{"href":"https:\/\/coffeelounge.delonghi.com\/it\/wp-json\/wp\/v2\/types\/product"}],"replies":[{"embeddable":true,"href":"https:\/\/coffeelounge.delonghi.com\/it\/wp-json\/wp\/v2\/comments?post=33305"}],"version-history":[{"count":2,"href":"https:\/\/coffeelounge.delonghi.com\/it\/wp-json\/wp\/v2\/product\/33305\/revisions"}],"predecessor-version":[{"id":421931,"href":"https:\/\/coffeelounge.delonghi.com\/it\/wp-json\/wp\/v2\/product\/33305\/revisions\/421931"}],"wp:featuredmedia":[{"embeddable":true,"href":"https:\/\/coffeelounge.delonghi.com\/it\/wp-json\/wp\/v2\/media\/417565"}],"wp:attachment":[{"href":"https:\/\/coffeelounge.delonghi.com\/it\/wp-json\/wp\/v2\/media?parent=33305"}],"wp:term":[{"taxonomy":"product_cat","embeddable":true,"href":"https:\/\/coffeelounge.delonghi.com\/it\/wp-json\/wp\/v2\/product_cat?post=33305"},{"taxonomy":"product_tag","embeddable":true,"href":"https:\/\/coffeelounge.delonghi.com\/it\/wp-json\/wp\/v2\/product_tag?post=33305"}],"curies":[{"name":"wp","href":"https:\/\/api.w.org\/{rel}","templated":true}]}}