{"id":33255,"date":"2021-05-22T12:50:20","date_gmt":"2021-05-22T12:50:20","guid":{"rendered":"https:\/\/coffeelounge.delonghi.com\/?post_type=product&#038;p=33255"},"modified":"2024-03-04T08:04:39","modified_gmt":"2024-03-04T08:04:39","slug":"dr-congo-kivu-kalungu-birambo-organic-tst","status":"publish","type":"product","link":"https:\/\/coffeelounge.delonghi.com\/it\/product\/dr-congo-kivu-kalungu-birambo-organic-tst\/","title":{"rendered":"DR Congo &#8211; Kivu Kalungu-Birambo Organic"},"content":{"rendered":"<p>Se non lo sapete ve lo dico ora: ogni caff\u00e8, se \u00e8 buono, \u00e8 buono da fare sia espresso che filtro, con qualsiasi metodo, purch\u00e9 sia fatto bene.<\/p>\n<p>Quindi provatelo come vi pare, ma prima di provarlo, se non vi \u00e8 ancora capitato nella vita, cercate una cioccolata fondente buonissima, la pi\u00f9 buona che riuscite a scovare, e mangiatela con due granelli due di sale, anche meno. Poi fatevi questo caff\u00e8, con quelle sensazioni in mente.<\/p>\n<p>Sar\u00e0 la nota dominante di questo meraviglioso e profondissimo caff\u00e8, a cui si affiancheranno, e non mancherete di notarlo, le note di mille frutti rossi che si accavalleranno pian piano l&#8217;uno sull&#8217;altro man mano che il caff\u00e8 da caldo diventer\u00e0 in tazza prima tiepido e poi magari perfino freddo, cambiando ma danzando sempre attorno a quella cioccolata salata che ne costituisce la colonna portante. Le ciliege di caff\u00e8 sono di varie cultivar, tutte preziose, a partire da quella Blue Mountain divenuta famosa in Jamaica, ma che &#8211; come tutte le cultivar, o quasi &#8211; \u00e8 nata qui, nel cuore dell&#8217;Africa.<\/p>\n<p>Questo Kalungu-Birambo viene conferito dai contadini alla stazione di lavaggio di Kalehe, sulle rive del lago. Si tratta di un caff\u00e8 fully washed, lavato: tolta meccanicamente la polpa delle ciliege (si chiama cascara) nello stesso giorno in cui vengono raccolte e consegnte, l&#8217;osso viene fatto fermentare a secco per 12 ore.<\/p>\n<p>Nelle successive 12 ore la fermentazione prosegue nell&#8217;acqua in cui i chicchi di caff\u00e8 vengono immersi, per essere poi avviati come un fiume verde attraverso i canali di lavaggio, dove restano in ammollo per altre 12 ore. A questo punto il caff\u00e8, depurato di ogni residuo di polpa e mucillagine, viene lasciato essiccare su letti di rete sospesi per 14-20 giorni.<\/p>\n<p><strong>Certificazione<\/strong>: USDA Organic<\/p>\n","protected":false},"excerpt":{"rendered":"<p>Se non lo sapete ve lo dico ora: ogni caff\u00e8, se \u00e8 buono, \u00e8 buono da fare sia espresso che filtro, con qualsiasi metodo, purch\u00e9 sia fatto bene. Quindi provatelo come vi pare, ma prima di provarlo, se non vi \u00e8 ancora capitato nella vita, cercate una cioccolata fondente buonissima, la pi\u00f9 buona che riuscite [&hellip;]<\/p>\n","protected":false},"featured_media":417578,"comment_status":"closed","ping_status":"closed","template":"","meta":{"_acf_changed":false},"product_cat":[74,30],"product_tag":[],"class_list":{"0":"post-33255","1":"product","2":"type-product","3":"status-publish","4":"has-post-thumbnail","6":"product_cat-tutti","7":"product_cat-monorigine","9":"first","10":"instock","11":"taxable","12":"shipping-taxable","13":"purchasable","14":"product-type-variable"},"acf":[],"yoast_head":"<!-- This site is optimized with the Yoast SEO Premium plugin v24.5 (Yoast SEO v24.5) - https:\/\/yoast.com\/wordpress\/plugins\/seo\/ -->\n<title>DR Congo - Kivu Kalungu-Birambo Organic | De&#039;Longhi<\/title>\n<meta name=\"description\" content=\"Ogni caff\u00e8, se \u00e8 buono, \u00e8 buono da fare sia espresso che filtro, con qualsiasi metodo, purch\u00e9 sia fatto bene.\" \/>\n<meta name=\"robots\" content=\"index, follow, max-snippet:-1, max-image-preview:large, max-video-preview:-1\" \/>\n<meta name=\"twitter:card\" content=\"summary_large_image\" \/>\n<meta name=\"twitter:title\" content=\"DR Congo - Kivu Kalungu-Birambo Organic | De&#039;Longhi\" \/>\n<meta name=\"twitter:description\" content=\"Ogni caff\u00e8, se \u00e8 buono, \u00e8 buono da fare sia espresso che filtro, con qualsiasi metodo, purch\u00e9 sia fatto bene.\" \/>\n<meta name=\"twitter:image\" content=\"https:\/\/coffeelounge.delonghi.com\/wp-content\/uploads\/2021\/05\/TST-DR-CONGO-Piccolo.png\" \/>\n<script type=\"application\/ld+json\" class=\"yoast-schema-graph\">{\"@context\":\"https:\/\/schema.org\",\"@graph\":[{\"@type\":\"WebPage\",\"@id\":\"https:\/\/coffeelounge.delonghi.com\/it\/product\/dr-congo-kivu-kalungu-birambo-organic-tst\/\",\"url\":\"https:\/\/coffeelounge.delonghi.com\/it\/product\/dr-congo-kivu-kalungu-birambo-organic-tst\/\",\"name\":\"DR Congo - Kivu Kalungu-Birambo Organic | De&#039;Longhi\",\"isPartOf\":{\"@id\":\"https:\/\/coffeelounge.delonghi.com\/it\/#website\"},\"primaryImageOfPage\":{\"@id\":\"https:\/\/coffeelounge.delonghi.com\/it\/product\/dr-congo-kivu-kalungu-birambo-organic-tst\/#primaryimage\"},\"image\":{\"@id\":\"https:\/\/coffeelounge.delonghi.com\/it\/product\/dr-congo-kivu-kalungu-birambo-organic-tst\/#primaryimage\"},\"thumbnailUrl\":\"https:\/\/coffeelounge.delonghi.com\/wp-content\/uploads\/2021\/05\/TST-DR-CONGO-Piccolo.png\",\"datePublished\":\"2021-05-22T12:50:20+00:00\",\"dateModified\":\"2024-03-04T08:04:39+00:00\",\"description\":\"Ogni caff\u00e8, se \u00e8 buono, \u00e8 buono da fare sia espresso che filtro, con qualsiasi metodo, purch\u00e9 sia fatto bene.\",\"breadcrumb\":{\"@id\":\"https:\/\/coffeelounge.delonghi.com\/it\/product\/dr-congo-kivu-kalungu-birambo-organic-tst\/#breadcrumb\"},\"inLanguage\":\"it-IT\",\"potentialAction\":[{\"@type\":\"ReadAction\",\"target\":[\"https:\/\/coffeelounge.delonghi.com\/it\/product\/dr-congo-kivu-kalungu-birambo-organic-tst\/\"]}]},{\"@type\":\"ImageObject\",\"inLanguage\":\"it-IT\",\"@id\":\"https:\/\/coffeelounge.delonghi.com\/it\/product\/dr-congo-kivu-kalungu-birambo-organic-tst\/#primaryimage\",\"url\":\"https:\/\/coffeelounge.delonghi.com\/wp-content\/uploads\/2021\/05\/TST-DR-CONGO-Piccolo.png\",\"contentUrl\":\"https:\/\/coffeelounge.delonghi.com\/wp-content\/uploads\/2021\/05\/TST-DR-CONGO-Piccolo.png\",\"width\":450,\"height\":450},{\"@type\":\"BreadcrumbList\",\"@id\":\"https:\/\/coffeelounge.delonghi.com\/it\/product\/dr-congo-kivu-kalungu-birambo-organic-tst\/#breadcrumb\",\"itemListElement\":[{\"@type\":\"ListItem\",\"position\":1,\"name\":\"Home\",\"item\":\"https:\/\/coffeelounge.delonghi.com\/it\/\"},{\"@type\":\"ListItem\",\"position\":2,\"name\":\"Boutique\",\"item\":\"https:\/\/coffeelounge.delonghi.com\/fr\/?page_id=36\"},{\"@type\":\"ListItem\",\"position\":3,\"name\":\"DR Congo &#8211; Kivu Kalungu-Birambo Organic\"}]},{\"@type\":\"WebSite\",\"@id\":\"https:\/\/coffeelounge.delonghi.com\/it\/#website\",\"url\":\"https:\/\/coffeelounge.delonghi.com\/it\/\",\"name\":\"De&#039;Longhi\",\"description\":\"Coffee Lounge\",\"publisher\":{\"@id\":\"https:\/\/coffeelounge.delonghi.com\/it\/#organization\"},\"potentialAction\":[{\"@type\":\"SearchAction\",\"target\":{\"@type\":\"EntryPoint\",\"urlTemplate\":\"https:\/\/coffeelounge.delonghi.com\/it\/?s={search_term_string}\"},\"query-input\":{\"@type\":\"PropertyValueSpecification\",\"valueRequired\":true,\"valueName\":\"search_term_string\"}}],\"inLanguage\":\"it-IT\"},{\"@type\":\"Organization\",\"@id\":\"https:\/\/coffeelounge.delonghi.com\/it\/#organization\",\"name\":\"De'Longhi Coffee Lounge\",\"url\":\"https:\/\/coffeelounge.delonghi.com\/it\/\",\"logo\":{\"@type\":\"ImageObject\",\"inLanguage\":\"it-IT\",\"@id\":\"https:\/\/coffeelounge.delonghi.com\/it\/#\/schema\/logo\/image\/\",\"url\":\"https:\/\/coffeelounge.delonghi.com\/wp-content\/uploads\/2020\/05\/delonghi-coffee-lounge-logo-nederland.png\",\"contentUrl\":\"https:\/\/coffeelounge.delonghi.com\/wp-content\/uploads\/2020\/05\/delonghi-coffee-lounge-logo-nederland.png\",\"width\":2337,\"height\":724,\"caption\":\"De'Longhi Coffee Lounge\"},\"image\":{\"@id\":\"https:\/\/coffeelounge.delonghi.com\/it\/#\/schema\/logo\/image\/\"}}]}<\/script>\n<!-- \/ Yoast SEO Premium plugin. -->","yoast_head_json":{"title":"DR Congo - Kivu Kalungu-Birambo Organic | De&#039;Longhi","description":"Ogni caff\u00e8, se \u00e8 buono, \u00e8 buono da fare sia espresso che filtro, con qualsiasi metodo, purch\u00e9 sia fatto bene.","robots":{"index":"index","follow":"follow","max-snippet":"max-snippet:-1","max-image-preview":"max-image-preview:large","max-video-preview":"max-video-preview:-1"},"twitter_card":"summary_large_image","twitter_title":"DR Congo - Kivu Kalungu-Birambo Organic | De&#039;Longhi","twitter_description":"Ogni caff\u00e8, se \u00e8 buono, \u00e8 buono da fare sia espresso che filtro, con qualsiasi metodo, purch\u00e9 sia fatto bene.","twitter_image":"https:\/\/coffeelounge.delonghi.com\/wp-content\/uploads\/2021\/05\/TST-DR-CONGO-Piccolo.png","schema":{"@context":"https:\/\/schema.org","@graph":[{"@type":"WebPage","@id":"https:\/\/coffeelounge.delonghi.com\/it\/product\/dr-congo-kivu-kalungu-birambo-organic-tst\/","url":"https:\/\/coffeelounge.delonghi.com\/it\/product\/dr-congo-kivu-kalungu-birambo-organic-tst\/","name":"DR Congo - Kivu Kalungu-Birambo Organic | De&#039;Longhi","isPartOf":{"@id":"https:\/\/coffeelounge.delonghi.com\/it\/#website"},"primaryImageOfPage":{"@id":"https:\/\/coffeelounge.delonghi.com\/it\/product\/dr-congo-kivu-kalungu-birambo-organic-tst\/#primaryimage"},"image":{"@id":"https:\/\/coffeelounge.delonghi.com\/it\/product\/dr-congo-kivu-kalungu-birambo-organic-tst\/#primaryimage"},"thumbnailUrl":"https:\/\/coffeelounge.delonghi.com\/wp-content\/uploads\/2021\/05\/TST-DR-CONGO-Piccolo.png","datePublished":"2021-05-22T12:50:20+00:00","dateModified":"2024-03-04T08:04:39+00:00","description":"Ogni caff\u00e8, se \u00e8 buono, \u00e8 buono da fare sia espresso che filtro, con qualsiasi metodo, purch\u00e9 sia fatto bene.","breadcrumb":{"@id":"https:\/\/coffeelounge.delonghi.com\/it\/product\/dr-congo-kivu-kalungu-birambo-organic-tst\/#breadcrumb"},"inLanguage":"it-IT","potentialAction":[{"@type":"ReadAction","target":["https:\/\/coffeelounge.delonghi.com\/it\/product\/dr-congo-kivu-kalungu-birambo-organic-tst\/"]}]},{"@type":"ImageObject","inLanguage":"it-IT","@id":"https:\/\/coffeelounge.delonghi.com\/it\/product\/dr-congo-kivu-kalungu-birambo-organic-tst\/#primaryimage","url":"https:\/\/coffeelounge.delonghi.com\/wp-content\/uploads\/2021\/05\/TST-DR-CONGO-Piccolo.png","contentUrl":"https:\/\/coffeelounge.delonghi.com\/wp-content\/uploads\/2021\/05\/TST-DR-CONGO-Piccolo.png","width":450,"height":450},{"@type":"BreadcrumbList","@id":"https:\/\/coffeelounge.delonghi.com\/it\/product\/dr-congo-kivu-kalungu-birambo-organic-tst\/#breadcrumb","itemListElement":[{"@type":"ListItem","position":1,"name":"Home","item":"https:\/\/coffeelounge.delonghi.com\/it\/"},{"@type":"ListItem","position":2,"name":"Boutique","item":"https:\/\/coffeelounge.delonghi.com\/fr\/?page_id=36"},{"@type":"ListItem","position":3,"name":"DR Congo &#8211; Kivu Kalungu-Birambo Organic"}]},{"@type":"WebSite","@id":"https:\/\/coffeelounge.delonghi.com\/it\/#website","url":"https:\/\/coffeelounge.delonghi.com\/it\/","name":"De&#039;Longhi","description":"Coffee Lounge","publisher":{"@id":"https:\/\/coffeelounge.delonghi.com\/it\/#organization"},"potentialAction":[{"@type":"SearchAction","target":{"@type":"EntryPoint","urlTemplate":"https:\/\/coffeelounge.delonghi.com\/it\/?s={search_term_string}"},"query-input":{"@type":"PropertyValueSpecification","valueRequired":true,"valueName":"search_term_string"}}],"inLanguage":"it-IT"},{"@type":"Organization","@id":"https:\/\/coffeelounge.delonghi.com\/it\/#organization","name":"De'Longhi Coffee Lounge","url":"https:\/\/coffeelounge.delonghi.com\/it\/","logo":{"@type":"ImageObject","inLanguage":"it-IT","@id":"https:\/\/coffeelounge.delonghi.com\/it\/#\/schema\/logo\/image\/","url":"https:\/\/coffeelounge.delonghi.com\/wp-content\/uploads\/2020\/05\/delonghi-coffee-lounge-logo-nederland.png","contentUrl":"https:\/\/coffeelounge.delonghi.com\/wp-content\/uploads\/2020\/05\/delonghi-coffee-lounge-logo-nederland.png","width":2337,"height":724,"caption":"De'Longhi Coffee Lounge"},"image":{"@id":"https:\/\/coffeelounge.delonghi.com\/it\/#\/schema\/logo\/image\/"}}]}},"_links":{"self":[{"href":"https:\/\/coffeelounge.delonghi.com\/it\/wp-json\/wp\/v2\/product\/33255","targetHints":{"allow":["GET"]}}],"collection":[{"href":"https:\/\/coffeelounge.delonghi.com\/it\/wp-json\/wp\/v2\/product"}],"about":[{"href":"https:\/\/coffeelounge.delonghi.com\/it\/wp-json\/wp\/v2\/types\/product"}],"replies":[{"embeddable":true,"href":"https:\/\/coffeelounge.delonghi.com\/it\/wp-json\/wp\/v2\/comments?post=33255"}],"version-history":[{"count":2,"href":"https:\/\/coffeelounge.delonghi.com\/it\/wp-json\/wp\/v2\/product\/33255\/revisions"}],"predecessor-version":[{"id":421940,"href":"https:\/\/coffeelounge.delonghi.com\/it\/wp-json\/wp\/v2\/product\/33255\/revisions\/421940"}],"wp:featuredmedia":[{"embeddable":true,"href":"https:\/\/coffeelounge.delonghi.com\/it\/wp-json\/wp\/v2\/media\/417578"}],"wp:attachment":[{"href":"https:\/\/coffeelounge.delonghi.com\/it\/wp-json\/wp\/v2\/media?parent=33255"}],"wp:term":[{"taxonomy":"product_cat","embeddable":true,"href":"https:\/\/coffeelounge.delonghi.com\/it\/wp-json\/wp\/v2\/product_cat?post=33255"},{"taxonomy":"product_tag","embeddable":true,"href":"https:\/\/coffeelounge.delonghi.com\/it\/wp-json\/wp\/v2\/product_tag?post=33255"}],"curies":[{"name":"wp","href":"https:\/\/api.w.org\/{rel}","templated":true}]}}