{"id":33202,"date":"2021-05-22T12:34:13","date_gmt":"2021-05-22T12:34:13","guid":{"rendered":"https:\/\/coffeelounge.delonghi.com\/?post_type=product&#038;p=33202"},"modified":"2024-03-04T08:03:31","modified_gmt":"2024-03-04T08:03:31","slug":"colombia-huila-finca-el-mirador-washed-tsm","status":"publish","type":"product","link":"https:\/\/coffeelounge.delonghi.com\/it\/product\/colombia-huila-finca-el-mirador-washed-tsm\/","title":{"rendered":"Colombia (Huila) &#8211; Finca El Mirador Washed"},"content":{"rendered":"<p><span style=\"vertical-align: inherit;\"><span style=\"vertical-align: inherit;\">Di questo caff\u00e8 \u00e8 dolce perfino la sua acidit\u00e0, e adesso vi spiego perch\u00e9: questo caff\u00e8 all&#8217;origine \u00e8 particolarmente ricco di acido malico (o acido di mela, guarda caso), che ha un sentore di mela verde molto acerba.<\/span><\/span><\/p>\n<p><span style=\"vertical-align: inherit;\"><span style=\"vertical-align: inherit;\">Senonch\u00e9, grazie all&#8217;abilit\u00e0 con cui viene condotta la fermentazione del raccolto (si tratta di un caff\u00e8 Washed, lavato), \u00e8 uno dei rari caff\u00e8 in cui si \u00e8 compiuta al meglio la fermentazione malo-lattica: l&#8217;acido malico si trasforma in acido lattico, e la acerba asprezza della mela immatura lascia spazio a una sensazione rotonda e cremosa.<\/span><\/span><\/p>\n<p><span style=\"vertical-align: inherit;\"><span style=\"vertical-align: inherit;\">Ma dolce \u00e8 anche il cioccolato che si presenta al primo sorso, per lasciare spazio pian piano all&#8217;uva passata, e per poi ancora pi\u00f9 avanti, nel finale, tornare accompagna da una fresca nota fruttata di ananas e lime, che restano una compagnia impagliata a lungo, a tazza ormai vuota.<\/span><\/span><\/p>\n<p><span style=\"vertical-align: inherit;\"><span style=\"vertical-align: inherit;\">Questo microlotto \u00e8 ricavato da un blend equilibrato di tre delle cultivar che indicano l&#8217;identit\u00e0 del caff\u00e8 colombiano: Castillo, Caturra e (per l&#8217;appunto) Colombia.<\/span><\/span><\/p>\n<p><span style=\"vertical-align: inherit;\"><span style=\"vertical-align: inherit;\">Alla classica rotondit\u00e0 del tradizionale Caturra, i pi\u00f9 innovativi Castillo e Colombia apportano quell&#8217;acidit\u00e0 fruttata di cui troppi caff\u00e8 colombiani oggi mancano ancora.<\/span><\/span><\/p>\n<p><span style=\"vertical-align: inherit;\"><span style=\"vertical-align: inherit;\">Un&#8217;acidit\u00e0 straordinariamente utilizzata e governata da Elkin Guzman in questo microlotto sottoposto a lavorazione Washed, al fine di forzare la fermentazione pi\u00f9 difficile, quella malolattica che quando \u00e8 ben riuscita, come in questo caso, conferisce al caff\u00e8 una rotondit\u00e0 burrosa unica.<\/span><\/span><\/p>\n<p><strong><span style=\"vertical-align: inherit;\"><span style=\"vertical-align: inherit;\">Certificazione<\/span><\/span><\/strong><span style=\"vertical-align: inherit;\"><span style=\"vertical-align: inherit;\"> : Serie Innovazione<\/span><\/span><\/p>\n","protected":false},"excerpt":{"rendered":"<p>Di questo caff\u00e8 \u00e8 dolce perfino la sua acidit\u00e0, e adesso vi spiego perch\u00e9: questo caff\u00e8 all&#8217;origine \u00e8 particolarmente ricco di acido malico (o acido di mela, guarda caso), che ha un sentore di mela verde molto acerba. Senonch\u00e9, grazie all&#8217;abilit\u00e0 con cui viene condotta la fermentazione del raccolto (si tratta di un caff\u00e8 Washed, [&hellip;]<\/p>\n","protected":false},"featured_media":417591,"comment_status":"closed","ping_status":"closed","template":"","meta":{"_acf_changed":false},"product_cat":[74,26],"product_tag":[],"class_list":{"0":"post-33202","1":"product","2":"type-product","3":"status-publish","4":"has-post-thumbnail","6":"product_cat-tutti","7":"product_cat-specialita","9":"first","10":"instock","11":"taxable","12":"shipping-taxable","13":"purchasable","14":"product-type-variable"},"acf":[],"yoast_head":"<!-- This site is optimized with the Yoast SEO Premium plugin v24.5 (Yoast SEO v24.5) - https:\/\/yoast.com\/wordpress\/plugins\/seo\/ -->\n<title>Colombia (Huila) - Finca El Mirador Washed | De&#039;Longhi<\/title>\n<meta name=\"description\" content=\"Scopri la qualit\u00e0 e l&#039;aroma della miscela di caff\u00e8\u00a0Colombia Huila El Mirador, prodotta con passione da The Smoking Tiger. Acquista ora sul nostro sito!\" \/>\n<meta name=\"robots\" content=\"index, follow, max-snippet:-1, max-image-preview:large, max-video-preview:-1\" \/>\n<meta name=\"twitter:card\" content=\"summary_large_image\" \/>\n<meta name=\"twitter:title\" content=\"Colombia (Huila) - Finca El Mirador Washed | De&#039;Longhi\" \/>\n<meta name=\"twitter:description\" content=\"Scopri la qualit\u00e0 e l&#039;aroma della miscela di caff\u00e8\u00a0Colombia Huila El Mirador, prodotta con passione da The Smoking Tiger. Acquista ora sul nostro sito!\" \/>\n<meta name=\"twitter:image\" content=\"https:\/\/coffeelounge.delonghi.com\/wp-content\/uploads\/2021\/05\/TST-COLOMBIA-Grande.png\" \/>\n<script type=\"application\/ld+json\" class=\"yoast-schema-graph\">{\"@context\":\"https:\/\/schema.org\",\"@graph\":[{\"@type\":\"WebPage\",\"@id\":\"https:\/\/coffeelounge.delonghi.com\/it\/product\/colombia-huila-finca-el-mirador-washed-tsm\/\",\"url\":\"https:\/\/coffeelounge.delonghi.com\/it\/product\/colombia-huila-finca-el-mirador-washed-tsm\/\",\"name\":\"Colombia (Huila) - Finca El Mirador Washed | De&#039;Longhi\",\"isPartOf\":{\"@id\":\"https:\/\/coffeelounge.delonghi.com\/it\/#website\"},\"primaryImageOfPage\":{\"@id\":\"https:\/\/coffeelounge.delonghi.com\/it\/product\/colombia-huila-finca-el-mirador-washed-tsm\/#primaryimage\"},\"image\":{\"@id\":\"https:\/\/coffeelounge.delonghi.com\/it\/product\/colombia-huila-finca-el-mirador-washed-tsm\/#primaryimage\"},\"thumbnailUrl\":\"https:\/\/coffeelounge.delonghi.com\/wp-content\/uploads\/2021\/05\/TST-COLOMBIA-Grande.png\",\"datePublished\":\"2021-05-22T12:34:13+00:00\",\"dateModified\":\"2024-03-04T08:03:31+00:00\",\"description\":\"Scopri la qualit\u00e0 e l'aroma della miscela di caff\u00e8\u00a0Colombia Huila El Mirador, prodotta con passione da The Smoking Tiger. Acquista ora sul nostro sito!\",\"breadcrumb\":{\"@id\":\"https:\/\/coffeelounge.delonghi.com\/it\/product\/colombia-huila-finca-el-mirador-washed-tsm\/#breadcrumb\"},\"inLanguage\":\"it-IT\",\"potentialAction\":[{\"@type\":\"ReadAction\",\"target\":[\"https:\/\/coffeelounge.delonghi.com\/it\/product\/colombia-huila-finca-el-mirador-washed-tsm\/\"]}]},{\"@type\":\"ImageObject\",\"inLanguage\":\"it-IT\",\"@id\":\"https:\/\/coffeelounge.delonghi.com\/it\/product\/colombia-huila-finca-el-mirador-washed-tsm\/#primaryimage\",\"url\":\"https:\/\/coffeelounge.delonghi.com\/wp-content\/uploads\/2021\/05\/TST-COLOMBIA-Grande.png\",\"contentUrl\":\"https:\/\/coffeelounge.delonghi.com\/wp-content\/uploads\/2021\/05\/TST-COLOMBIA-Grande.png\",\"width\":450,\"height\":450},{\"@type\":\"BreadcrumbList\",\"@id\":\"https:\/\/coffeelounge.delonghi.com\/it\/product\/colombia-huila-finca-el-mirador-washed-tsm\/#breadcrumb\",\"itemListElement\":[{\"@type\":\"ListItem\",\"position\":1,\"name\":\"Home\",\"item\":\"https:\/\/coffeelounge.delonghi.com\/it\/\"},{\"@type\":\"ListItem\",\"position\":2,\"name\":\"Boutique\",\"item\":\"https:\/\/coffeelounge.delonghi.com\/fr\/?page_id=36\"},{\"@type\":\"ListItem\",\"position\":3,\"name\":\"Colombia (Huila) &#8211; Finca El Mirador Washed\"}]},{\"@type\":\"WebSite\",\"@id\":\"https:\/\/coffeelounge.delonghi.com\/it\/#website\",\"url\":\"https:\/\/coffeelounge.delonghi.com\/it\/\",\"name\":\"De&#039;Longhi\",\"description\":\"Coffee Lounge\",\"publisher\":{\"@id\":\"https:\/\/coffeelounge.delonghi.com\/it\/#organization\"},\"potentialAction\":[{\"@type\":\"SearchAction\",\"target\":{\"@type\":\"EntryPoint\",\"urlTemplate\":\"https:\/\/coffeelounge.delonghi.com\/it\/?s={search_term_string}\"},\"query-input\":{\"@type\":\"PropertyValueSpecification\",\"valueRequired\":true,\"valueName\":\"search_term_string\"}}],\"inLanguage\":\"it-IT\"},{\"@type\":\"Organization\",\"@id\":\"https:\/\/coffeelounge.delonghi.com\/it\/#organization\",\"name\":\"De'Longhi Coffee Lounge\",\"url\":\"https:\/\/coffeelounge.delonghi.com\/it\/\",\"logo\":{\"@type\":\"ImageObject\",\"inLanguage\":\"it-IT\",\"@id\":\"https:\/\/coffeelounge.delonghi.com\/it\/#\/schema\/logo\/image\/\",\"url\":\"https:\/\/coffeelounge.delonghi.com\/wp-content\/uploads\/2020\/05\/delonghi-coffee-lounge-logo-nederland.png\",\"contentUrl\":\"https:\/\/coffeelounge.delonghi.com\/wp-content\/uploads\/2020\/05\/delonghi-coffee-lounge-logo-nederland.png\",\"width\":2337,\"height\":724,\"caption\":\"De'Longhi Coffee Lounge\"},\"image\":{\"@id\":\"https:\/\/coffeelounge.delonghi.com\/it\/#\/schema\/logo\/image\/\"}}]}<\/script>\n<!-- \/ Yoast SEO Premium plugin. -->","yoast_head_json":{"title":"Colombia (Huila) - Finca El Mirador Washed | De&#039;Longhi","description":"Scopri la qualit\u00e0 e l'aroma della miscela di caff\u00e8\u00a0Colombia Huila El Mirador, prodotta con passione da The Smoking Tiger. Acquista ora sul nostro sito!","robots":{"index":"index","follow":"follow","max-snippet":"max-snippet:-1","max-image-preview":"max-image-preview:large","max-video-preview":"max-video-preview:-1"},"twitter_card":"summary_large_image","twitter_title":"Colombia (Huila) - Finca El Mirador Washed | De&#039;Longhi","twitter_description":"Scopri la qualit\u00e0 e l'aroma della miscela di caff\u00e8\u00a0Colombia Huila El Mirador, prodotta con passione da The Smoking Tiger. Acquista ora sul nostro sito!","twitter_image":"https:\/\/coffeelounge.delonghi.com\/wp-content\/uploads\/2021\/05\/TST-COLOMBIA-Grande.png","schema":{"@context":"https:\/\/schema.org","@graph":[{"@type":"WebPage","@id":"https:\/\/coffeelounge.delonghi.com\/it\/product\/colombia-huila-finca-el-mirador-washed-tsm\/","url":"https:\/\/coffeelounge.delonghi.com\/it\/product\/colombia-huila-finca-el-mirador-washed-tsm\/","name":"Colombia (Huila) - Finca El Mirador Washed | De&#039;Longhi","isPartOf":{"@id":"https:\/\/coffeelounge.delonghi.com\/it\/#website"},"primaryImageOfPage":{"@id":"https:\/\/coffeelounge.delonghi.com\/it\/product\/colombia-huila-finca-el-mirador-washed-tsm\/#primaryimage"},"image":{"@id":"https:\/\/coffeelounge.delonghi.com\/it\/product\/colombia-huila-finca-el-mirador-washed-tsm\/#primaryimage"},"thumbnailUrl":"https:\/\/coffeelounge.delonghi.com\/wp-content\/uploads\/2021\/05\/TST-COLOMBIA-Grande.png","datePublished":"2021-05-22T12:34:13+00:00","dateModified":"2024-03-04T08:03:31+00:00","description":"Scopri la qualit\u00e0 e l'aroma della miscela di caff\u00e8\u00a0Colombia Huila El Mirador, prodotta con passione da The Smoking Tiger. Acquista ora sul nostro sito!","breadcrumb":{"@id":"https:\/\/coffeelounge.delonghi.com\/it\/product\/colombia-huila-finca-el-mirador-washed-tsm\/#breadcrumb"},"inLanguage":"it-IT","potentialAction":[{"@type":"ReadAction","target":["https:\/\/coffeelounge.delonghi.com\/it\/product\/colombia-huila-finca-el-mirador-washed-tsm\/"]}]},{"@type":"ImageObject","inLanguage":"it-IT","@id":"https:\/\/coffeelounge.delonghi.com\/it\/product\/colombia-huila-finca-el-mirador-washed-tsm\/#primaryimage","url":"https:\/\/coffeelounge.delonghi.com\/wp-content\/uploads\/2021\/05\/TST-COLOMBIA-Grande.png","contentUrl":"https:\/\/coffeelounge.delonghi.com\/wp-content\/uploads\/2021\/05\/TST-COLOMBIA-Grande.png","width":450,"height":450},{"@type":"BreadcrumbList","@id":"https:\/\/coffeelounge.delonghi.com\/it\/product\/colombia-huila-finca-el-mirador-washed-tsm\/#breadcrumb","itemListElement":[{"@type":"ListItem","position":1,"name":"Home","item":"https:\/\/coffeelounge.delonghi.com\/it\/"},{"@type":"ListItem","position":2,"name":"Boutique","item":"https:\/\/coffeelounge.delonghi.com\/fr\/?page_id=36"},{"@type":"ListItem","position":3,"name":"Colombia (Huila) &#8211; Finca El Mirador Washed"}]},{"@type":"WebSite","@id":"https:\/\/coffeelounge.delonghi.com\/it\/#website","url":"https:\/\/coffeelounge.delonghi.com\/it\/","name":"De&#039;Longhi","description":"Coffee Lounge","publisher":{"@id":"https:\/\/coffeelounge.delonghi.com\/it\/#organization"},"potentialAction":[{"@type":"SearchAction","target":{"@type":"EntryPoint","urlTemplate":"https:\/\/coffeelounge.delonghi.com\/it\/?s={search_term_string}"},"query-input":{"@type":"PropertyValueSpecification","valueRequired":true,"valueName":"search_term_string"}}],"inLanguage":"it-IT"},{"@type":"Organization","@id":"https:\/\/coffeelounge.delonghi.com\/it\/#organization","name":"De'Longhi Coffee Lounge","url":"https:\/\/coffeelounge.delonghi.com\/it\/","logo":{"@type":"ImageObject","inLanguage":"it-IT","@id":"https:\/\/coffeelounge.delonghi.com\/it\/#\/schema\/logo\/image\/","url":"https:\/\/coffeelounge.delonghi.com\/wp-content\/uploads\/2020\/05\/delonghi-coffee-lounge-logo-nederland.png","contentUrl":"https:\/\/coffeelounge.delonghi.com\/wp-content\/uploads\/2020\/05\/delonghi-coffee-lounge-logo-nederland.png","width":2337,"height":724,"caption":"De'Longhi Coffee Lounge"},"image":{"@id":"https:\/\/coffeelounge.delonghi.com\/it\/#\/schema\/logo\/image\/"}}]}},"_links":{"self":[{"href":"https:\/\/coffeelounge.delonghi.com\/it\/wp-json\/wp\/v2\/product\/33202","targetHints":{"allow":["GET"]}}],"collection":[{"href":"https:\/\/coffeelounge.delonghi.com\/it\/wp-json\/wp\/v2\/product"}],"about":[{"href":"https:\/\/coffeelounge.delonghi.com\/it\/wp-json\/wp\/v2\/types\/product"}],"replies":[{"embeddable":true,"href":"https:\/\/coffeelounge.delonghi.com\/it\/wp-json\/wp\/v2\/comments?post=33202"}],"version-history":[{"count":2,"href":"https:\/\/coffeelounge.delonghi.com\/it\/wp-json\/wp\/v2\/product\/33202\/revisions"}],"predecessor-version":[{"id":421932,"href":"https:\/\/coffeelounge.delonghi.com\/it\/wp-json\/wp\/v2\/product\/33202\/revisions\/421932"}],"wp:featuredmedia":[{"embeddable":true,"href":"https:\/\/coffeelounge.delonghi.com\/it\/wp-json\/wp\/v2\/media\/417591"}],"wp:attachment":[{"href":"https:\/\/coffeelounge.delonghi.com\/it\/wp-json\/wp\/v2\/media?parent=33202"}],"wp:term":[{"taxonomy":"product_cat","embeddable":true,"href":"https:\/\/coffeelounge.delonghi.com\/it\/wp-json\/wp\/v2\/product_cat?post=33202"},{"taxonomy":"product_tag","embeddable":true,"href":"https:\/\/coffeelounge.delonghi.com\/it\/wp-json\/wp\/v2\/product_tag?post=33202"}],"curies":[{"name":"wp","href":"https:\/\/api.w.org\/{rel}","templated":true}]}}