{"id":29400,"date":"2021-05-16T20:40:27","date_gmt":"2021-05-16T20:40:27","guid":{"rendered":"https:\/\/coffeelounge.delonghi.com\/?post_type=product&#038;p=29400"},"modified":"2024-03-04T08:06:45","modified_gmt":"2024-03-04T08:06:45","slug":"miscela-buon-espresso-decaffeinato-caffe-tre-ceri","status":"publish","type":"product","link":"https:\/\/coffeelounge.delonghi.com\/it\/product\/miscela-buon-espresso-decaffeinato-caffe-tre-ceri\/","title":{"rendered":"MISCELA BUON ESPRESSO DECAFFEINATO"},"content":{"rendered":"<p>La MISCELA BUON ESPRESSO DECAFFEINATO \u00e8 senza dubbio uno dei migliori blend decaffeinato che si possano trovare in commercio.<\/p>\n<p>Nata per essere apprezzata in cialde e capsule \u00e8 stata, nel corso del tempo sempre migliorata per ottenere un risultato eccellente nelle estrazioni in espresso.<\/p>\n<p>Negli anni ha trovato ampio consenso in quei consumatori che dal caff\u00e8 decaffeinato desiderano un caff\u00e8 identico al suo omonimo non decaffeinato: un giusto equilibrio, gusto molto dolce con un&#8217;acidit\u00e0 non di particolare rilievo, gusto amaro di poca rilevanza fragranza intensa e un aroma con sentori molto delicati.<\/p>\n<p>La cremosit\u00e0 non \u00e8 la sua arma vincente, ma questo \u00e8 dovuto dal fatto che si tratta pur sempre di decaffeinato; di color nocciola chiaro, piacevolmente vellutata la crema di questo blend gi\u00e0 ci comunica la delicatezza e l&#8217;eleganza della MISCELA BUON ESPRESSO DECAFFEINATO.<\/p>\n<p>Il blend \u00e8 composto da un&#8217;importante percentuale di origine brasiliana, ingrediente migliore per amalgamare tutte le altre componenti della miscela.<\/p>\n<p>Il Colombia, altra mono-origine utilizzata, la rende particolarmente densa con un gusto leggermente acidulo, molto dolce e poco amaro. Infine le origini dell&#8217;India conferiscono note speziate, un gusto poco acidulo e discretamente dolce.<\/p>\n<p>Il processo di decaffeinizzazione oltre a togliere l&#8217;acido caffeico (alcaloide caffeina) priva i chicchi di caff\u00e8 anche delle cere che sono spesso le origini di alcune intolleranze e patologie.<\/p>\n<p>Per ogni origine il nostro torrefattore ha, con studio ed esperienza, scritto una ricetta di tostatura ad hoc che segue passo a passo, tostando separatamente i caff\u00e8 verdi per poi miscelarli successivamente e dar vita alla pregiata miscela decaffeinato.<\/p>\n<p>Cos\u00ec facendo ogni singola mono-origine viene esaltata per la sua qualit\u00e0 intrinseca e dona alla miscela il valore aggiunto per cui viene tanto apprezzata e stimata.<\/p>\n<p>La MISCELA BUON ESPRESSO DECAFFEINATO \u00e8 confezionata in confezioni da g.500 in grani, tali da garantirne un&#8217;ottima conservazione e mantenere inalterato il gusto e l&#8217;aroma della miscela.<\/p>\n<p><strong>Metodo di decaffeinizzazione: <\/strong>Diclorometano<\/p>\n","protected":false},"excerpt":{"rendered":"<p>La MISCELA BUON ESPRESSO DECAFFEINATO \u00e8 senza dubbio uno dei migliori blend decaffeinato che si possano trovare in commercio. Nata per essere apprezzata in cialde e capsule \u00e8 stata, nel corso del tempo sempre migliorata per ottenere un risultato eccellente nelle estrazioni in espresso. Negli anni ha trovato ampio consenso in quei consumatori che dal [&hellip;]<\/p>\n","protected":false},"featured_media":417825,"comment_status":"closed","ping_status":"closed","template":"","meta":{"_acf_changed":false},"product_cat":[74,73],"product_tag":[],"class_list":{"0":"post-29400","1":"product","2":"type-product","3":"status-publish","4":"has-post-thumbnail","6":"product_cat-tutti","7":"product_cat-decaffeinato","9":"first","10":"instock","11":"taxable","12":"shipping-taxable","13":"purchasable","14":"product-type-variable"},"acf":[],"yoast_head":"<!-- This site is optimized with the Yoast SEO Premium plugin v24.5 (Yoast SEO v24.5) - https:\/\/yoast.com\/wordpress\/plugins\/seo\/ -->\n<title>MISCELA BUON ESPRESSO DECAFFEINATO | De&#039;Longhi<\/title>\n<meta name=\"description\" content=\"La MISCELA BUON ESPRESSO DECAFFEINATO \u00e8 senza dubbio uno dei migliori blend decaffeinato che si possano trovare in commercio.\" \/>\n<meta name=\"robots\" content=\"index, follow, max-snippet:-1, max-image-preview:large, max-video-preview:-1\" \/>\n<meta name=\"twitter:card\" content=\"summary_large_image\" \/>\n<meta name=\"twitter:title\" content=\"MISCELA BUON ESPRESSO DECAFFEINATO | De&#039;Longhi\" \/>\n<meta name=\"twitter:description\" content=\"La MISCELA BUON ESPRESSO DECAFFEINATO \u00e8 senza dubbio uno dei migliori blend decaffeinato che si possano trovare in commercio.\" \/>\n<meta name=\"twitter:image\" content=\"https:\/\/coffeelounge.delonghi.com\/wp-content\/uploads\/2021\/05\/MiscelaBuonEspressoDecaffeinato_Tre-Ceri-Pack1.png\" \/>\n<script type=\"application\/ld+json\" class=\"yoast-schema-graph\">{\"@context\":\"https:\/\/schema.org\",\"@graph\":[{\"@type\":\"WebPage\",\"@id\":\"https:\/\/coffeelounge.delonghi.com\/it\/product\/miscela-buon-espresso-decaffeinato-caffe-tre-ceri\/\",\"url\":\"https:\/\/coffeelounge.delonghi.com\/it\/product\/miscela-buon-espresso-decaffeinato-caffe-tre-ceri\/\",\"name\":\"MISCELA BUON ESPRESSO DECAFFEINATO | De&#039;Longhi\",\"isPartOf\":{\"@id\":\"https:\/\/coffeelounge.delonghi.com\/it\/#website\"},\"primaryImageOfPage\":{\"@id\":\"https:\/\/coffeelounge.delonghi.com\/it\/product\/miscela-buon-espresso-decaffeinato-caffe-tre-ceri\/#primaryimage\"},\"image\":{\"@id\":\"https:\/\/coffeelounge.delonghi.com\/it\/product\/miscela-buon-espresso-decaffeinato-caffe-tre-ceri\/#primaryimage\"},\"thumbnailUrl\":\"https:\/\/coffeelounge.delonghi.com\/wp-content\/uploads\/2021\/05\/MiscelaBuonEspressoDecaffeinato_Tre-Ceri-Pack1.png\",\"datePublished\":\"2021-05-16T20:40:27+00:00\",\"dateModified\":\"2024-03-04T08:06:45+00:00\",\"description\":\"La MISCELA BUON ESPRESSO DECAFFEINATO \u00e8 senza dubbio uno dei migliori blend decaffeinato che si possano trovare in commercio.\",\"breadcrumb\":{\"@id\":\"https:\/\/coffeelounge.delonghi.com\/it\/product\/miscela-buon-espresso-decaffeinato-caffe-tre-ceri\/#breadcrumb\"},\"inLanguage\":\"it-IT\",\"potentialAction\":[{\"@type\":\"ReadAction\",\"target\":[\"https:\/\/coffeelounge.delonghi.com\/it\/product\/miscela-buon-espresso-decaffeinato-caffe-tre-ceri\/\"]}]},{\"@type\":\"ImageObject\",\"inLanguage\":\"it-IT\",\"@id\":\"https:\/\/coffeelounge.delonghi.com\/it\/product\/miscela-buon-espresso-decaffeinato-caffe-tre-ceri\/#primaryimage\",\"url\":\"https:\/\/coffeelounge.delonghi.com\/wp-content\/uploads\/2021\/05\/MiscelaBuonEspressoDecaffeinato_Tre-Ceri-Pack1.png\",\"contentUrl\":\"https:\/\/coffeelounge.delonghi.com\/wp-content\/uploads\/2021\/05\/MiscelaBuonEspressoDecaffeinato_Tre-Ceri-Pack1.png\",\"width\":450,\"height\":450},{\"@type\":\"BreadcrumbList\",\"@id\":\"https:\/\/coffeelounge.delonghi.com\/it\/product\/miscela-buon-espresso-decaffeinato-caffe-tre-ceri\/#breadcrumb\",\"itemListElement\":[{\"@type\":\"ListItem\",\"position\":1,\"name\":\"Home\",\"item\":\"https:\/\/coffeelounge.delonghi.com\/it\/\"},{\"@type\":\"ListItem\",\"position\":2,\"name\":\"Boutique\",\"item\":\"https:\/\/coffeelounge.delonghi.com\/fr\/?page_id=36\"},{\"@type\":\"ListItem\",\"position\":3,\"name\":\"MISCELA BUON ESPRESSO DECAFFEINATO\"}]},{\"@type\":\"WebSite\",\"@id\":\"https:\/\/coffeelounge.delonghi.com\/it\/#website\",\"url\":\"https:\/\/coffeelounge.delonghi.com\/it\/\",\"name\":\"De&#039;Longhi\",\"description\":\"Coffee Lounge\",\"publisher\":{\"@id\":\"https:\/\/coffeelounge.delonghi.com\/it\/#organization\"},\"potentialAction\":[{\"@type\":\"SearchAction\",\"target\":{\"@type\":\"EntryPoint\",\"urlTemplate\":\"https:\/\/coffeelounge.delonghi.com\/it\/?s={search_term_string}\"},\"query-input\":{\"@type\":\"PropertyValueSpecification\",\"valueRequired\":true,\"valueName\":\"search_term_string\"}}],\"inLanguage\":\"it-IT\"},{\"@type\":\"Organization\",\"@id\":\"https:\/\/coffeelounge.delonghi.com\/it\/#organization\",\"name\":\"De'Longhi Coffee Lounge\",\"url\":\"https:\/\/coffeelounge.delonghi.com\/it\/\",\"logo\":{\"@type\":\"ImageObject\",\"inLanguage\":\"it-IT\",\"@id\":\"https:\/\/coffeelounge.delonghi.com\/it\/#\/schema\/logo\/image\/\",\"url\":\"https:\/\/coffeelounge.delonghi.com\/wp-content\/uploads\/2020\/05\/delonghi-coffee-lounge-logo-nederland.png\",\"contentUrl\":\"https:\/\/coffeelounge.delonghi.com\/wp-content\/uploads\/2020\/05\/delonghi-coffee-lounge-logo-nederland.png\",\"width\":2337,\"height\":724,\"caption\":\"De'Longhi Coffee Lounge\"},\"image\":{\"@id\":\"https:\/\/coffeelounge.delonghi.com\/it\/#\/schema\/logo\/image\/\"}}]}<\/script>\n<!-- \/ Yoast SEO Premium plugin. -->","yoast_head_json":{"title":"MISCELA BUON ESPRESSO DECAFFEINATO | De&#039;Longhi","description":"La MISCELA BUON ESPRESSO DECAFFEINATO \u00e8 senza dubbio uno dei migliori blend decaffeinato che si possano trovare in commercio.","robots":{"index":"index","follow":"follow","max-snippet":"max-snippet:-1","max-image-preview":"max-image-preview:large","max-video-preview":"max-video-preview:-1"},"twitter_card":"summary_large_image","twitter_title":"MISCELA BUON ESPRESSO DECAFFEINATO | De&#039;Longhi","twitter_description":"La MISCELA BUON ESPRESSO DECAFFEINATO \u00e8 senza dubbio uno dei migliori blend decaffeinato che si possano trovare in commercio.","twitter_image":"https:\/\/coffeelounge.delonghi.com\/wp-content\/uploads\/2021\/05\/MiscelaBuonEspressoDecaffeinato_Tre-Ceri-Pack1.png","schema":{"@context":"https:\/\/schema.org","@graph":[{"@type":"WebPage","@id":"https:\/\/coffeelounge.delonghi.com\/it\/product\/miscela-buon-espresso-decaffeinato-caffe-tre-ceri\/","url":"https:\/\/coffeelounge.delonghi.com\/it\/product\/miscela-buon-espresso-decaffeinato-caffe-tre-ceri\/","name":"MISCELA BUON ESPRESSO DECAFFEINATO | De&#039;Longhi","isPartOf":{"@id":"https:\/\/coffeelounge.delonghi.com\/it\/#website"},"primaryImageOfPage":{"@id":"https:\/\/coffeelounge.delonghi.com\/it\/product\/miscela-buon-espresso-decaffeinato-caffe-tre-ceri\/#primaryimage"},"image":{"@id":"https:\/\/coffeelounge.delonghi.com\/it\/product\/miscela-buon-espresso-decaffeinato-caffe-tre-ceri\/#primaryimage"},"thumbnailUrl":"https:\/\/coffeelounge.delonghi.com\/wp-content\/uploads\/2021\/05\/MiscelaBuonEspressoDecaffeinato_Tre-Ceri-Pack1.png","datePublished":"2021-05-16T20:40:27+00:00","dateModified":"2024-03-04T08:06:45+00:00","description":"La MISCELA BUON ESPRESSO DECAFFEINATO \u00e8 senza dubbio uno dei migliori blend decaffeinato che si possano trovare in commercio.","breadcrumb":{"@id":"https:\/\/coffeelounge.delonghi.com\/it\/product\/miscela-buon-espresso-decaffeinato-caffe-tre-ceri\/#breadcrumb"},"inLanguage":"it-IT","potentialAction":[{"@type":"ReadAction","target":["https:\/\/coffeelounge.delonghi.com\/it\/product\/miscela-buon-espresso-decaffeinato-caffe-tre-ceri\/"]}]},{"@type":"ImageObject","inLanguage":"it-IT","@id":"https:\/\/coffeelounge.delonghi.com\/it\/product\/miscela-buon-espresso-decaffeinato-caffe-tre-ceri\/#primaryimage","url":"https:\/\/coffeelounge.delonghi.com\/wp-content\/uploads\/2021\/05\/MiscelaBuonEspressoDecaffeinato_Tre-Ceri-Pack1.png","contentUrl":"https:\/\/coffeelounge.delonghi.com\/wp-content\/uploads\/2021\/05\/MiscelaBuonEspressoDecaffeinato_Tre-Ceri-Pack1.png","width":450,"height":450},{"@type":"BreadcrumbList","@id":"https:\/\/coffeelounge.delonghi.com\/it\/product\/miscela-buon-espresso-decaffeinato-caffe-tre-ceri\/#breadcrumb","itemListElement":[{"@type":"ListItem","position":1,"name":"Home","item":"https:\/\/coffeelounge.delonghi.com\/it\/"},{"@type":"ListItem","position":2,"name":"Boutique","item":"https:\/\/coffeelounge.delonghi.com\/fr\/?page_id=36"},{"@type":"ListItem","position":3,"name":"MISCELA BUON ESPRESSO DECAFFEINATO"}]},{"@type":"WebSite","@id":"https:\/\/coffeelounge.delonghi.com\/it\/#website","url":"https:\/\/coffeelounge.delonghi.com\/it\/","name":"De&#039;Longhi","description":"Coffee Lounge","publisher":{"@id":"https:\/\/coffeelounge.delonghi.com\/it\/#organization"},"potentialAction":[{"@type":"SearchAction","target":{"@type":"EntryPoint","urlTemplate":"https:\/\/coffeelounge.delonghi.com\/it\/?s={search_term_string}"},"query-input":{"@type":"PropertyValueSpecification","valueRequired":true,"valueName":"search_term_string"}}],"inLanguage":"it-IT"},{"@type":"Organization","@id":"https:\/\/coffeelounge.delonghi.com\/it\/#organization","name":"De'Longhi Coffee Lounge","url":"https:\/\/coffeelounge.delonghi.com\/it\/","logo":{"@type":"ImageObject","inLanguage":"it-IT","@id":"https:\/\/coffeelounge.delonghi.com\/it\/#\/schema\/logo\/image\/","url":"https:\/\/coffeelounge.delonghi.com\/wp-content\/uploads\/2020\/05\/delonghi-coffee-lounge-logo-nederland.png","contentUrl":"https:\/\/coffeelounge.delonghi.com\/wp-content\/uploads\/2020\/05\/delonghi-coffee-lounge-logo-nederland.png","width":2337,"height":724,"caption":"De'Longhi Coffee Lounge"},"image":{"@id":"https:\/\/coffeelounge.delonghi.com\/it\/#\/schema\/logo\/image\/"}}]}},"_links":{"self":[{"href":"https:\/\/coffeelounge.delonghi.com\/it\/wp-json\/wp\/v2\/product\/29400","targetHints":{"allow":["GET"]}}],"collection":[{"href":"https:\/\/coffeelounge.delonghi.com\/it\/wp-json\/wp\/v2\/product"}],"about":[{"href":"https:\/\/coffeelounge.delonghi.com\/it\/wp-json\/wp\/v2\/types\/product"}],"replies":[{"embeddable":true,"href":"https:\/\/coffeelounge.delonghi.com\/it\/wp-json\/wp\/v2\/comments?post=29400"}],"version-history":[{"count":2,"href":"https:\/\/coffeelounge.delonghi.com\/it\/wp-json\/wp\/v2\/product\/29400\/revisions"}],"predecessor-version":[{"id":421947,"href":"https:\/\/coffeelounge.delonghi.com\/it\/wp-json\/wp\/v2\/product\/29400\/revisions\/421947"}],"wp:featuredmedia":[{"embeddable":true,"href":"https:\/\/coffeelounge.delonghi.com\/it\/wp-json\/wp\/v2\/media\/417825"}],"wp:attachment":[{"href":"https:\/\/coffeelounge.delonghi.com\/it\/wp-json\/wp\/v2\/media?parent=29400"}],"wp:term":[{"taxonomy":"product_cat","embeddable":true,"href":"https:\/\/coffeelounge.delonghi.com\/it\/wp-json\/wp\/v2\/product_cat?post=29400"},{"taxonomy":"product_tag","embeddable":true,"href":"https:\/\/coffeelounge.delonghi.com\/it\/wp-json\/wp\/v2\/product_tag?post=29400"}],"curies":[{"name":"wp","href":"https:\/\/api.w.org\/{rel}","templated":true}]}}