{"id":29390,"date":"2021-05-16T20:33:35","date_gmt":"2021-05-16T20:33:35","guid":{"rendered":"https:\/\/coffeelounge.delonghi.com\/?post_type=product&#038;p=29390"},"modified":"2024-03-04T08:06:52","modified_gmt":"2024-03-04T08:06:52","slug":"miscela-special-caffe-tre-ceri","status":"publish","type":"product","link":"https:\/\/coffeelounge.delonghi.com\/it\/product\/miscela-special-caffe-tre-ceri\/","title":{"rendered":"MISCELA SPECIAL"},"content":{"rendered":"<p>La MISCELA SPECIAL pu\u00f2 essere definita la miglior miscela per l&#8217;utilizzo con macchine superautomatiche.<\/p>\n<p>Questo perch\u00e9 la Torrefazione Tre Ceri dopo prove e studi fatti sulle materie prime \u00e8 riuscita a trovare la giusta ricetta per far s\u00ec che l&#8217;estrazione garantisca una resa eccellente.<\/p>\n<p>Questo blend \u00e8 molto apprezzato da chiunque possiede una macchina automatica casalinga e non solo: viene anche utilizzata nel settore Ho.Re.Ca. per l&#8217;espresso, trovando apprezzamento nella ristorazione per il giusto rapporto qualit\u00e0 prezzo. Ideale per chi desidera un caff\u00e8 molto ben strutturato che ha come caratteristica principale una crema a tramatura fitta color nocciola intenso.<\/p>\n<p>La miscela \u00e8 composta da un importante percentuale di caff\u00e8 brasiliano utilizzato, oltre che per amalgamare al meglio le altre componenti, per dare un gusto dolce, poco acidulo e una giusta corposit\u00e0 alla tazza. Le altre origini appartengono alla specie botanica canephora, meglio conosciuta come robusta, utilizzate in questa miscela per conferirle una grande cremosit\u00e0 accompagnata ad un gusto equilibrato tendente all&#8217;amaro. La fragranza \u00e8 di pan tostato e gli aromi sono riconducibili alla terra con note di cacao fondente. Miscela composta da una buona percentuale di caff\u00e8 robusta che donano al blend un medio-alto tenore di caffeina.<\/p>\n<p>Nell&#8217;estrazione con espresso la taratura della temperatura dell&#8217;acqua \u00e8 un parametro molto importante per questa miscela, in quanto avendo come componenti sia robusta che arabici, l&#8217;esaltazione ottimale della miscela si ottiene con una percolazione che lavori i caff\u00e8 robusta in maniera ideale e non rovini la fragranza e gli aromi dei caff\u00e8 arabici.<\/p>\n<p>Per ogni origine il nostro torrefattore ha, con studio ed esperienza, scritto una ricetta di tostatura ad hoc che segue passo a passo, tostando separatamente i caff\u00e8 verdi per poi miscelarli successivamente e dar vita alla pregiata MISCELA SPECIAL.<\/p>\n<p>Cos\u00ec facendo ogni singola mono-origine viene esaltata per la sua qualit\u00e0 intrinseca e dona alla miscela il valore aggiunto per cui viene tanto apprezzata e stimata. La MISCELA SPECIAL \u00e8 confezionata in confezioni da 1 Kg in grani, tali da garantirne un&#8217;ottima conservazione e mantenere inalterato il gusto e l&#8217;aroma della miscela.<\/p>\n<p><strong>Parametro consigliato per la macchina da caff\u00e8 espresso:<\/strong> macinatura fine<\/p>\n","protected":false},"excerpt":{"rendered":"<p>La MISCELA SPECIAL pu\u00f2 essere definita la miglior miscela per l&#8217;utilizzo con macchine superautomatiche. Questo perch\u00e9 la Torrefazione Tre Ceri dopo prove e studi fatti sulle materie prime \u00e8 riuscita a trovare la giusta ricetta per far s\u00ec che l&#8217;estrazione garantisca una resa eccellente. Questo blend \u00e8 molto apprezzato da chiunque possiede una macchina automatica [&hellip;]<\/p>\n","protected":false},"featured_media":417839,"comment_status":"closed","ping_status":"closed","template":"","meta":{"_acf_changed":false},"product_cat":[74,29],"product_tag":[],"class_list":{"0":"post-29390","1":"product","2":"type-product","3":"status-publish","4":"has-post-thumbnail","6":"product_cat-tutti","7":"product_cat-miscela","9":"first","10":"instock","11":"taxable","12":"shipping-taxable","13":"purchasable","14":"product-type-variable"},"acf":[],"yoast_head":"<!-- This site is optimized with the Yoast SEO Premium plugin v24.5 (Yoast SEO v24.5) - https:\/\/yoast.com\/wordpress\/plugins\/seo\/ -->\n<title>MISCELA SPECIAL | De&#039;Longhi<\/title>\n<meta name=\"description\" content=\"La MISCELA SPECIAL pu\u00f2 essere definita la miglior miscela per l&#039;utilizzo con macchine superautomatiche.\" \/>\n<meta name=\"robots\" content=\"index, follow, max-snippet:-1, max-image-preview:large, max-video-preview:-1\" \/>\n<meta name=\"twitter:card\" content=\"summary_large_image\" \/>\n<meta name=\"twitter:title\" content=\"MISCELA SPECIAL | De&#039;Longhi\" \/>\n<meta name=\"twitter:description\" content=\"La MISCELA SPECIAL pu\u00f2 essere definita la miglior miscela per l&#039;utilizzo con macchine superautomatiche.\" \/>\n<meta name=\"twitter:image\" content=\"https:\/\/coffeelounge.delonghi.com\/wp-content\/uploads\/2021\/05\/MiscelaSpecial_Tre-Ceri-Pack5.png\" \/>\n<script type=\"application\/ld+json\" class=\"yoast-schema-graph\">{\"@context\":\"https:\/\/schema.org\",\"@graph\":[{\"@type\":\"WebPage\",\"@id\":\"https:\/\/coffeelounge.delonghi.com\/it\/product\/miscela-special-caffe-tre-ceri\/\",\"url\":\"https:\/\/coffeelounge.delonghi.com\/it\/product\/miscela-special-caffe-tre-ceri\/\",\"name\":\"MISCELA SPECIAL | De&#039;Longhi\",\"isPartOf\":{\"@id\":\"https:\/\/coffeelounge.delonghi.com\/it\/#website\"},\"primaryImageOfPage\":{\"@id\":\"https:\/\/coffeelounge.delonghi.com\/it\/product\/miscela-special-caffe-tre-ceri\/#primaryimage\"},\"image\":{\"@id\":\"https:\/\/coffeelounge.delonghi.com\/it\/product\/miscela-special-caffe-tre-ceri\/#primaryimage\"},\"thumbnailUrl\":\"https:\/\/coffeelounge.delonghi.com\/wp-content\/uploads\/2021\/05\/MiscelaSpecial_Tre-Ceri-Pack5.png\",\"datePublished\":\"2021-05-16T20:33:35+00:00\",\"dateModified\":\"2024-03-04T08:06:52+00:00\",\"description\":\"La MISCELA SPECIAL pu\u00f2 essere definita la miglior miscela per l'utilizzo con macchine superautomatiche.\",\"breadcrumb\":{\"@id\":\"https:\/\/coffeelounge.delonghi.com\/it\/product\/miscela-special-caffe-tre-ceri\/#breadcrumb\"},\"inLanguage\":\"it-IT\",\"potentialAction\":[{\"@type\":\"ReadAction\",\"target\":[\"https:\/\/coffeelounge.delonghi.com\/it\/product\/miscela-special-caffe-tre-ceri\/\"]}]},{\"@type\":\"ImageObject\",\"inLanguage\":\"it-IT\",\"@id\":\"https:\/\/coffeelounge.delonghi.com\/it\/product\/miscela-special-caffe-tre-ceri\/#primaryimage\",\"url\":\"https:\/\/coffeelounge.delonghi.com\/wp-content\/uploads\/2021\/05\/MiscelaSpecial_Tre-Ceri-Pack5.png\",\"contentUrl\":\"https:\/\/coffeelounge.delonghi.com\/wp-content\/uploads\/2021\/05\/MiscelaSpecial_Tre-Ceri-Pack5.png\",\"width\":450,\"height\":450},{\"@type\":\"BreadcrumbList\",\"@id\":\"https:\/\/coffeelounge.delonghi.com\/it\/product\/miscela-special-caffe-tre-ceri\/#breadcrumb\",\"itemListElement\":[{\"@type\":\"ListItem\",\"position\":1,\"name\":\"Home\",\"item\":\"https:\/\/coffeelounge.delonghi.com\/it\/\"},{\"@type\":\"ListItem\",\"position\":2,\"name\":\"Boutique\",\"item\":\"https:\/\/coffeelounge.delonghi.com\/fr\/?page_id=36\"},{\"@type\":\"ListItem\",\"position\":3,\"name\":\"MISCELA SPECIAL\"}]},{\"@type\":\"WebSite\",\"@id\":\"https:\/\/coffeelounge.delonghi.com\/it\/#website\",\"url\":\"https:\/\/coffeelounge.delonghi.com\/it\/\",\"name\":\"De&#039;Longhi\",\"description\":\"Coffee Lounge\",\"publisher\":{\"@id\":\"https:\/\/coffeelounge.delonghi.com\/it\/#organization\"},\"potentialAction\":[{\"@type\":\"SearchAction\",\"target\":{\"@type\":\"EntryPoint\",\"urlTemplate\":\"https:\/\/coffeelounge.delonghi.com\/it\/?s={search_term_string}\"},\"query-input\":{\"@type\":\"PropertyValueSpecification\",\"valueRequired\":true,\"valueName\":\"search_term_string\"}}],\"inLanguage\":\"it-IT\"},{\"@type\":\"Organization\",\"@id\":\"https:\/\/coffeelounge.delonghi.com\/it\/#organization\",\"name\":\"De'Longhi Coffee Lounge\",\"url\":\"https:\/\/coffeelounge.delonghi.com\/it\/\",\"logo\":{\"@type\":\"ImageObject\",\"inLanguage\":\"it-IT\",\"@id\":\"https:\/\/coffeelounge.delonghi.com\/it\/#\/schema\/logo\/image\/\",\"url\":\"https:\/\/coffeelounge.delonghi.com\/wp-content\/uploads\/2020\/05\/delonghi-coffee-lounge-logo-nederland.png\",\"contentUrl\":\"https:\/\/coffeelounge.delonghi.com\/wp-content\/uploads\/2020\/05\/delonghi-coffee-lounge-logo-nederland.png\",\"width\":2337,\"height\":724,\"caption\":\"De'Longhi Coffee Lounge\"},\"image\":{\"@id\":\"https:\/\/coffeelounge.delonghi.com\/it\/#\/schema\/logo\/image\/\"}}]}<\/script>\n<!-- \/ Yoast SEO Premium plugin. -->","yoast_head_json":{"title":"MISCELA SPECIAL | De&#039;Longhi","description":"La MISCELA SPECIAL pu\u00f2 essere definita la miglior miscela per l'utilizzo con macchine superautomatiche.","robots":{"index":"index","follow":"follow","max-snippet":"max-snippet:-1","max-image-preview":"max-image-preview:large","max-video-preview":"max-video-preview:-1"},"twitter_card":"summary_large_image","twitter_title":"MISCELA SPECIAL | De&#039;Longhi","twitter_description":"La MISCELA SPECIAL pu\u00f2 essere definita la miglior miscela per l'utilizzo con macchine superautomatiche.","twitter_image":"https:\/\/coffeelounge.delonghi.com\/wp-content\/uploads\/2021\/05\/MiscelaSpecial_Tre-Ceri-Pack5.png","schema":{"@context":"https:\/\/schema.org","@graph":[{"@type":"WebPage","@id":"https:\/\/coffeelounge.delonghi.com\/it\/product\/miscela-special-caffe-tre-ceri\/","url":"https:\/\/coffeelounge.delonghi.com\/it\/product\/miscela-special-caffe-tre-ceri\/","name":"MISCELA SPECIAL | De&#039;Longhi","isPartOf":{"@id":"https:\/\/coffeelounge.delonghi.com\/it\/#website"},"primaryImageOfPage":{"@id":"https:\/\/coffeelounge.delonghi.com\/it\/product\/miscela-special-caffe-tre-ceri\/#primaryimage"},"image":{"@id":"https:\/\/coffeelounge.delonghi.com\/it\/product\/miscela-special-caffe-tre-ceri\/#primaryimage"},"thumbnailUrl":"https:\/\/coffeelounge.delonghi.com\/wp-content\/uploads\/2021\/05\/MiscelaSpecial_Tre-Ceri-Pack5.png","datePublished":"2021-05-16T20:33:35+00:00","dateModified":"2024-03-04T08:06:52+00:00","description":"La MISCELA SPECIAL pu\u00f2 essere definita la miglior miscela per l'utilizzo con macchine superautomatiche.","breadcrumb":{"@id":"https:\/\/coffeelounge.delonghi.com\/it\/product\/miscela-special-caffe-tre-ceri\/#breadcrumb"},"inLanguage":"it-IT","potentialAction":[{"@type":"ReadAction","target":["https:\/\/coffeelounge.delonghi.com\/it\/product\/miscela-special-caffe-tre-ceri\/"]}]},{"@type":"ImageObject","inLanguage":"it-IT","@id":"https:\/\/coffeelounge.delonghi.com\/it\/product\/miscela-special-caffe-tre-ceri\/#primaryimage","url":"https:\/\/coffeelounge.delonghi.com\/wp-content\/uploads\/2021\/05\/MiscelaSpecial_Tre-Ceri-Pack5.png","contentUrl":"https:\/\/coffeelounge.delonghi.com\/wp-content\/uploads\/2021\/05\/MiscelaSpecial_Tre-Ceri-Pack5.png","width":450,"height":450},{"@type":"BreadcrumbList","@id":"https:\/\/coffeelounge.delonghi.com\/it\/product\/miscela-special-caffe-tre-ceri\/#breadcrumb","itemListElement":[{"@type":"ListItem","position":1,"name":"Home","item":"https:\/\/coffeelounge.delonghi.com\/it\/"},{"@type":"ListItem","position":2,"name":"Boutique","item":"https:\/\/coffeelounge.delonghi.com\/fr\/?page_id=36"},{"@type":"ListItem","position":3,"name":"MISCELA SPECIAL"}]},{"@type":"WebSite","@id":"https:\/\/coffeelounge.delonghi.com\/it\/#website","url":"https:\/\/coffeelounge.delonghi.com\/it\/","name":"De&#039;Longhi","description":"Coffee Lounge","publisher":{"@id":"https:\/\/coffeelounge.delonghi.com\/it\/#organization"},"potentialAction":[{"@type":"SearchAction","target":{"@type":"EntryPoint","urlTemplate":"https:\/\/coffeelounge.delonghi.com\/it\/?s={search_term_string}"},"query-input":{"@type":"PropertyValueSpecification","valueRequired":true,"valueName":"search_term_string"}}],"inLanguage":"it-IT"},{"@type":"Organization","@id":"https:\/\/coffeelounge.delonghi.com\/it\/#organization","name":"De'Longhi Coffee Lounge","url":"https:\/\/coffeelounge.delonghi.com\/it\/","logo":{"@type":"ImageObject","inLanguage":"it-IT","@id":"https:\/\/coffeelounge.delonghi.com\/it\/#\/schema\/logo\/image\/","url":"https:\/\/coffeelounge.delonghi.com\/wp-content\/uploads\/2020\/05\/delonghi-coffee-lounge-logo-nederland.png","contentUrl":"https:\/\/coffeelounge.delonghi.com\/wp-content\/uploads\/2020\/05\/delonghi-coffee-lounge-logo-nederland.png","width":2337,"height":724,"caption":"De'Longhi Coffee Lounge"},"image":{"@id":"https:\/\/coffeelounge.delonghi.com\/it\/#\/schema\/logo\/image\/"}}]}},"_links":{"self":[{"href":"https:\/\/coffeelounge.delonghi.com\/it\/wp-json\/wp\/v2\/product\/29390","targetHints":{"allow":["GET"]}}],"collection":[{"href":"https:\/\/coffeelounge.delonghi.com\/it\/wp-json\/wp\/v2\/product"}],"about":[{"href":"https:\/\/coffeelounge.delonghi.com\/it\/wp-json\/wp\/v2\/types\/product"}],"replies":[{"embeddable":true,"href":"https:\/\/coffeelounge.delonghi.com\/it\/wp-json\/wp\/v2\/comments?post=29390"}],"version-history":[{"count":2,"href":"https:\/\/coffeelounge.delonghi.com\/it\/wp-json\/wp\/v2\/product\/29390\/revisions"}],"predecessor-version":[{"id":421948,"href":"https:\/\/coffeelounge.delonghi.com\/it\/wp-json\/wp\/v2\/product\/29390\/revisions\/421948"}],"wp:featuredmedia":[{"embeddable":true,"href":"https:\/\/coffeelounge.delonghi.com\/it\/wp-json\/wp\/v2\/media\/417839"}],"wp:attachment":[{"href":"https:\/\/coffeelounge.delonghi.com\/it\/wp-json\/wp\/v2\/media?parent=29390"}],"wp:term":[{"taxonomy":"product_cat","embeddable":true,"href":"https:\/\/coffeelounge.delonghi.com\/it\/wp-json\/wp\/v2\/product_cat?post=29390"},{"taxonomy":"product_tag","embeddable":true,"href":"https:\/\/coffeelounge.delonghi.com\/it\/wp-json\/wp\/v2\/product_tag?post=29390"}],"curies":[{"name":"wp","href":"https:\/\/api.w.org\/{rel}","templated":true}]}}