{"id":29380,"date":"2021-05-16T20:26:42","date_gmt":"2021-05-16T20:26:42","guid":{"rendered":"https:\/\/coffeelounge.delonghi.com\/?post_type=product&#038;p=29380"},"modified":"2024-03-04T08:06:59","modified_gmt":"2024-03-04T08:06:59","slug":"miscela-bar-caffe-tre-ceri","status":"publish","type":"product","link":"https:\/\/coffeelounge.delonghi.com\/it\/product\/miscela-bar-caffe-tre-ceri\/","title":{"rendered":"MISCELA BAR di Caff\u00e8 Tre Ceri"},"content":{"rendered":"<p>La MISCELA BAR pu\u00f2 essere definita la miscela inaffondabile in quanto soddisfa la pi\u00f9 vasta percentuale di consumatori di caff\u00e8.<\/p>\n<p>Questo blend nato come alternativa alla miscela Crema Bar, nel corso degli anni ha trovato ampio consenso in quei consumatori che dal caff\u00e8 desiderano un giusto bilanciamento delle note aromatiche e gustative ed un impatto visivo della crema in superficie durevole.<\/p>\n<p>La MISCELA BAR \u00e8 la miscela utilizzata prevalentemente per l&#8217;espresso, ideale per chi desidera un caff\u00e8 molto ben strutturato che ha come caratteristica principale una crema di tramatura fitta color nocciola intenso con striatura scure.<\/p>\n<p>Il blend \u00e8 composto da un&#8217;importante percentuale di origine brasiliana, ingrediente migliore per amalgamare tutte le altre componenti della miscela. Il Colombia, altra mono-origine utilizzata, la rende particolarmente densa con un gusto leggermente acidulo, poco amaro e discretamente dolce.<\/p>\n<p>Infine le origini dell&#8217;India conferiscono note speziate, un gusto poco acidulo e discretamente dolce. Composta prevalentemente da caff\u00e8 la cui origine botanica \u00e8 riconducibile alla specie arabica, si caratterizza per un medio tenore di caffeina.<\/p>\n<p>Nell&#8217;estrazione con espresso la taratura della temperatura dell&#8217;acqua \u00e8 un parametro molto importante per questa miscela, in quanto avendo come componenti sia robusta che arabici, l&#8217;esaltazione ottimale della miscela si ottiene con una percolazione che lavori i caff\u00e8 robusta in maniera ideale e non rovini la fragranza e gli aromi dei caff\u00e8 arabici.<\/p>\n<p>Per ogni origine il nostro torrefattore ha, con studio ed esperienza, scritto una ricetta di tostatura ad hoc che segue passo a passo, tostando separatamente i caff\u00e8 verdi per poi miscelarli successivamente e dar vita alla pregiata MISCELA BAR.<\/p>\n<p>Cos\u00ec facendo ogni singola mono-origine viene esaltata per la sua qualit\u00e0 intrinseca e dona alla miscela il valore aggiunto per cui viene tanto apprezzata e stimata.<\/p>\n<p>La MISCELA BAR \u00e8 confezionata in confezioni da 1 Kg in grani, tali da garantirne un&#8217;ottima conservazione e mantenere inalterato il gusto e l&#8217;aroma del caff\u00e8.<\/p>\n","protected":false},"excerpt":{"rendered":"<p>La MISCELA BAR pu\u00f2 essere definita la miscela inaffondabile in quanto soddisfa la pi\u00f9 vasta percentuale di consumatori di caff\u00e8. Questo blend nato come alternativa alla miscela Crema Bar, nel corso degli anni ha trovato ampio consenso in quei consumatori che dal caff\u00e8 desiderano un giusto bilanciamento delle note aromatiche e gustative ed un impatto [&hellip;]<\/p>\n","protected":false},"featured_media":417852,"comment_status":"closed","ping_status":"closed","template":"","meta":{"_acf_changed":false},"product_cat":[74,29],"product_tag":[],"class_list":{"0":"post-29380","1":"product","2":"type-product","3":"status-publish","4":"has-post-thumbnail","6":"product_cat-tutti","7":"product_cat-miscela","9":"first","10":"instock","11":"taxable","12":"shipping-taxable","13":"purchasable","14":"product-type-variable"},"acf":[],"yoast_head":"<!-- This site is optimized with the Yoast SEO Premium plugin v24.5 (Yoast SEO v24.5) - https:\/\/yoast.com\/wordpress\/plugins\/seo\/ -->\n<title>MISCELA BAR di Caff\u00e8 Tre Ceri | De&#039;Longhi<\/title>\n<meta name=\"description\" content=\"La MISCELA BAR pu\u00f2 essere definita la miscela inaffondabile in quanto soddisfa la pi\u00f9 vasta percentuale di consumatori di caff\u00e8.\" \/>\n<meta name=\"robots\" content=\"index, follow, max-snippet:-1, max-image-preview:large, max-video-preview:-1\" \/>\n<meta name=\"twitter:card\" content=\"summary_large_image\" \/>\n<meta name=\"twitter:title\" content=\"MISCELA BAR di Caff\u00e8 Tre Ceri | De&#039;Longhi\" \/>\n<meta name=\"twitter:description\" content=\"La MISCELA BAR pu\u00f2 essere definita la miscela inaffondabile in quanto soddisfa la pi\u00f9 vasta percentuale di consumatori di caff\u00e8.\" \/>\n<meta name=\"twitter:image\" content=\"https:\/\/coffeelounge.delonghi.com\/wp-content\/uploads\/2021\/05\/MiscelaBar_Tre-Ceri-Pack2.png\" \/>\n<script type=\"application\/ld+json\" class=\"yoast-schema-graph\">{\"@context\":\"https:\/\/schema.org\",\"@graph\":[{\"@type\":\"WebPage\",\"@id\":\"https:\/\/coffeelounge.delonghi.com\/it\/product\/miscela-bar-caffe-tre-ceri\/\",\"url\":\"https:\/\/coffeelounge.delonghi.com\/it\/product\/miscela-bar-caffe-tre-ceri\/\",\"name\":\"MISCELA BAR di Caff\u00e8 Tre Ceri | De&#039;Longhi\",\"isPartOf\":{\"@id\":\"https:\/\/coffeelounge.delonghi.com\/it\/#website\"},\"primaryImageOfPage\":{\"@id\":\"https:\/\/coffeelounge.delonghi.com\/it\/product\/miscela-bar-caffe-tre-ceri\/#primaryimage\"},\"image\":{\"@id\":\"https:\/\/coffeelounge.delonghi.com\/it\/product\/miscela-bar-caffe-tre-ceri\/#primaryimage\"},\"thumbnailUrl\":\"https:\/\/coffeelounge.delonghi.com\/wp-content\/uploads\/2021\/05\/MiscelaBar_Tre-Ceri-Pack2.png\",\"datePublished\":\"2021-05-16T20:26:42+00:00\",\"dateModified\":\"2024-03-04T08:06:59+00:00\",\"description\":\"La MISCELA BAR pu\u00f2 essere definita la miscela inaffondabile in quanto soddisfa la pi\u00f9 vasta percentuale di consumatori di caff\u00e8.\",\"breadcrumb\":{\"@id\":\"https:\/\/coffeelounge.delonghi.com\/it\/product\/miscela-bar-caffe-tre-ceri\/#breadcrumb\"},\"inLanguage\":\"it-IT\",\"potentialAction\":[{\"@type\":\"ReadAction\",\"target\":[\"https:\/\/coffeelounge.delonghi.com\/it\/product\/miscela-bar-caffe-tre-ceri\/\"]}]},{\"@type\":\"ImageObject\",\"inLanguage\":\"it-IT\",\"@id\":\"https:\/\/coffeelounge.delonghi.com\/it\/product\/miscela-bar-caffe-tre-ceri\/#primaryimage\",\"url\":\"https:\/\/coffeelounge.delonghi.com\/wp-content\/uploads\/2021\/05\/MiscelaBar_Tre-Ceri-Pack2.png\",\"contentUrl\":\"https:\/\/coffeelounge.delonghi.com\/wp-content\/uploads\/2021\/05\/MiscelaBar_Tre-Ceri-Pack2.png\",\"width\":450,\"height\":450},{\"@type\":\"BreadcrumbList\",\"@id\":\"https:\/\/coffeelounge.delonghi.com\/it\/product\/miscela-bar-caffe-tre-ceri\/#breadcrumb\",\"itemListElement\":[{\"@type\":\"ListItem\",\"position\":1,\"name\":\"Home\",\"item\":\"https:\/\/coffeelounge.delonghi.com\/it\/\"},{\"@type\":\"ListItem\",\"position\":2,\"name\":\"Boutique\",\"item\":\"https:\/\/coffeelounge.delonghi.com\/fr\/?page_id=36\"},{\"@type\":\"ListItem\",\"position\":3,\"name\":\"MISCELA BAR di Caff\u00e8 Tre Ceri\"}]},{\"@type\":\"WebSite\",\"@id\":\"https:\/\/coffeelounge.delonghi.com\/it\/#website\",\"url\":\"https:\/\/coffeelounge.delonghi.com\/it\/\",\"name\":\"De&#039;Longhi\",\"description\":\"Coffee Lounge\",\"publisher\":{\"@id\":\"https:\/\/coffeelounge.delonghi.com\/it\/#organization\"},\"potentialAction\":[{\"@type\":\"SearchAction\",\"target\":{\"@type\":\"EntryPoint\",\"urlTemplate\":\"https:\/\/coffeelounge.delonghi.com\/it\/?s={search_term_string}\"},\"query-input\":{\"@type\":\"PropertyValueSpecification\",\"valueRequired\":true,\"valueName\":\"search_term_string\"}}],\"inLanguage\":\"it-IT\"},{\"@type\":\"Organization\",\"@id\":\"https:\/\/coffeelounge.delonghi.com\/it\/#organization\",\"name\":\"De'Longhi Coffee Lounge\",\"url\":\"https:\/\/coffeelounge.delonghi.com\/it\/\",\"logo\":{\"@type\":\"ImageObject\",\"inLanguage\":\"it-IT\",\"@id\":\"https:\/\/coffeelounge.delonghi.com\/it\/#\/schema\/logo\/image\/\",\"url\":\"https:\/\/coffeelounge.delonghi.com\/wp-content\/uploads\/2020\/05\/delonghi-coffee-lounge-logo-nederland.png\",\"contentUrl\":\"https:\/\/coffeelounge.delonghi.com\/wp-content\/uploads\/2020\/05\/delonghi-coffee-lounge-logo-nederland.png\",\"width\":2337,\"height\":724,\"caption\":\"De'Longhi Coffee Lounge\"},\"image\":{\"@id\":\"https:\/\/coffeelounge.delonghi.com\/it\/#\/schema\/logo\/image\/\"}}]}<\/script>\n<!-- \/ Yoast SEO Premium plugin. -->","yoast_head_json":{"title":"MISCELA BAR di Caff\u00e8 Tre Ceri | De&#039;Longhi","description":"La MISCELA BAR pu\u00f2 essere definita la miscela inaffondabile in quanto soddisfa la pi\u00f9 vasta percentuale di consumatori di caff\u00e8.","robots":{"index":"index","follow":"follow","max-snippet":"max-snippet:-1","max-image-preview":"max-image-preview:large","max-video-preview":"max-video-preview:-1"},"twitter_card":"summary_large_image","twitter_title":"MISCELA BAR di Caff\u00e8 Tre Ceri | De&#039;Longhi","twitter_description":"La MISCELA BAR pu\u00f2 essere definita la miscela inaffondabile in quanto soddisfa la pi\u00f9 vasta percentuale di consumatori di caff\u00e8.","twitter_image":"https:\/\/coffeelounge.delonghi.com\/wp-content\/uploads\/2021\/05\/MiscelaBar_Tre-Ceri-Pack2.png","schema":{"@context":"https:\/\/schema.org","@graph":[{"@type":"WebPage","@id":"https:\/\/coffeelounge.delonghi.com\/it\/product\/miscela-bar-caffe-tre-ceri\/","url":"https:\/\/coffeelounge.delonghi.com\/it\/product\/miscela-bar-caffe-tre-ceri\/","name":"MISCELA BAR di Caff\u00e8 Tre Ceri | De&#039;Longhi","isPartOf":{"@id":"https:\/\/coffeelounge.delonghi.com\/it\/#website"},"primaryImageOfPage":{"@id":"https:\/\/coffeelounge.delonghi.com\/it\/product\/miscela-bar-caffe-tre-ceri\/#primaryimage"},"image":{"@id":"https:\/\/coffeelounge.delonghi.com\/it\/product\/miscela-bar-caffe-tre-ceri\/#primaryimage"},"thumbnailUrl":"https:\/\/coffeelounge.delonghi.com\/wp-content\/uploads\/2021\/05\/MiscelaBar_Tre-Ceri-Pack2.png","datePublished":"2021-05-16T20:26:42+00:00","dateModified":"2024-03-04T08:06:59+00:00","description":"La MISCELA BAR pu\u00f2 essere definita la miscela inaffondabile in quanto soddisfa la pi\u00f9 vasta percentuale di consumatori di caff\u00e8.","breadcrumb":{"@id":"https:\/\/coffeelounge.delonghi.com\/it\/product\/miscela-bar-caffe-tre-ceri\/#breadcrumb"},"inLanguage":"it-IT","potentialAction":[{"@type":"ReadAction","target":["https:\/\/coffeelounge.delonghi.com\/it\/product\/miscela-bar-caffe-tre-ceri\/"]}]},{"@type":"ImageObject","inLanguage":"it-IT","@id":"https:\/\/coffeelounge.delonghi.com\/it\/product\/miscela-bar-caffe-tre-ceri\/#primaryimage","url":"https:\/\/coffeelounge.delonghi.com\/wp-content\/uploads\/2021\/05\/MiscelaBar_Tre-Ceri-Pack2.png","contentUrl":"https:\/\/coffeelounge.delonghi.com\/wp-content\/uploads\/2021\/05\/MiscelaBar_Tre-Ceri-Pack2.png","width":450,"height":450},{"@type":"BreadcrumbList","@id":"https:\/\/coffeelounge.delonghi.com\/it\/product\/miscela-bar-caffe-tre-ceri\/#breadcrumb","itemListElement":[{"@type":"ListItem","position":1,"name":"Home","item":"https:\/\/coffeelounge.delonghi.com\/it\/"},{"@type":"ListItem","position":2,"name":"Boutique","item":"https:\/\/coffeelounge.delonghi.com\/fr\/?page_id=36"},{"@type":"ListItem","position":3,"name":"MISCELA BAR di Caff\u00e8 Tre Ceri"}]},{"@type":"WebSite","@id":"https:\/\/coffeelounge.delonghi.com\/it\/#website","url":"https:\/\/coffeelounge.delonghi.com\/it\/","name":"De&#039;Longhi","description":"Coffee Lounge","publisher":{"@id":"https:\/\/coffeelounge.delonghi.com\/it\/#organization"},"potentialAction":[{"@type":"SearchAction","target":{"@type":"EntryPoint","urlTemplate":"https:\/\/coffeelounge.delonghi.com\/it\/?s={search_term_string}"},"query-input":{"@type":"PropertyValueSpecification","valueRequired":true,"valueName":"search_term_string"}}],"inLanguage":"it-IT"},{"@type":"Organization","@id":"https:\/\/coffeelounge.delonghi.com\/it\/#organization","name":"De'Longhi Coffee Lounge","url":"https:\/\/coffeelounge.delonghi.com\/it\/","logo":{"@type":"ImageObject","inLanguage":"it-IT","@id":"https:\/\/coffeelounge.delonghi.com\/it\/#\/schema\/logo\/image\/","url":"https:\/\/coffeelounge.delonghi.com\/wp-content\/uploads\/2020\/05\/delonghi-coffee-lounge-logo-nederland.png","contentUrl":"https:\/\/coffeelounge.delonghi.com\/wp-content\/uploads\/2020\/05\/delonghi-coffee-lounge-logo-nederland.png","width":2337,"height":724,"caption":"De'Longhi Coffee Lounge"},"image":{"@id":"https:\/\/coffeelounge.delonghi.com\/it\/#\/schema\/logo\/image\/"}}]}},"_links":{"self":[{"href":"https:\/\/coffeelounge.delonghi.com\/it\/wp-json\/wp\/v2\/product\/29380","targetHints":{"allow":["GET"]}}],"collection":[{"href":"https:\/\/coffeelounge.delonghi.com\/it\/wp-json\/wp\/v2\/product"}],"about":[{"href":"https:\/\/coffeelounge.delonghi.com\/it\/wp-json\/wp\/v2\/types\/product"}],"replies":[{"embeddable":true,"href":"https:\/\/coffeelounge.delonghi.com\/it\/wp-json\/wp\/v2\/comments?post=29380"}],"version-history":[{"count":2,"href":"https:\/\/coffeelounge.delonghi.com\/it\/wp-json\/wp\/v2\/product\/29380\/revisions"}],"predecessor-version":[{"id":421949,"href":"https:\/\/coffeelounge.delonghi.com\/it\/wp-json\/wp\/v2\/product\/29380\/revisions\/421949"}],"wp:featuredmedia":[{"embeddable":true,"href":"https:\/\/coffeelounge.delonghi.com\/it\/wp-json\/wp\/v2\/media\/417852"}],"wp:attachment":[{"href":"https:\/\/coffeelounge.delonghi.com\/it\/wp-json\/wp\/v2\/media?parent=29380"}],"wp:term":[{"taxonomy":"product_cat","embeddable":true,"href":"https:\/\/coffeelounge.delonghi.com\/it\/wp-json\/wp\/v2\/product_cat?post=29380"},{"taxonomy":"product_tag","embeddable":true,"href":"https:\/\/coffeelounge.delonghi.com\/it\/wp-json\/wp\/v2\/product_tag?post=29380"}],"curies":[{"name":"wp","href":"https:\/\/api.w.org\/{rel}","templated":true}]}}