{"id":29369,"date":"2021-05-16T20:15:29","date_gmt":"2021-05-16T20:15:29","guid":{"rendered":"https:\/\/coffeelounge.delonghi.com\/?post_type=product&#038;p=29369"},"modified":"2024-03-04T08:07:07","modified_gmt":"2024-03-04T08:07:07","slug":"miscela-crema-bar-caffe-tre-ceri","status":"publish","type":"product","link":"https:\/\/coffeelounge.delonghi.com\/it\/product\/miscela-crema-bar-caffe-tre-ceri\/","title":{"rendered":"MISCELA CREMA BAR"},"content":{"rendered":"<p>La miscela CREMA BAR \u00e8 la miscela ammiraglia della Torrefazione Tre Ceri. E&#8217; la miscela sulla quale tutti gli sforzi di ricerca e sviluppo si concretizzano.<\/p>\n<p>Nata per essere un&#8217;eccellenza assoluta nel settore Ho.Re.Ca. \u00e8 da sempre apprezzata per la sua piacevolezza ed eleganza.<\/p>\n<p>E&#8217; composta dalle migliori selezioni arabiche coltivate in Brasile, Colombia, Guatemala ed Etiopia e dai pi\u00f9 pregiati robusta indiani.<\/p>\n<p>Ogni singola mono-origine di caff\u00e8 verde che confluisce in questa miscela \u00e8 scelta tra le migliori presenti sul mercato ed \u00e8 testata ad ogni acquisto al fine di mantenere costante ed inalterata la qualit\u00e0 del blend.<\/p>\n<p>Per ogni origine il nostro torrefattore ha, con studio ed esperienza, scritto una ricetta di tostatura ad hoc che segue passo a passo, tostando separatamente i caff\u00e8 verdi per poi miscelarli successivamente e dar vita alla pregiata miscela CREMA BAR.<\/p>\n<p>Cos\u00ec facendo ogni singola mono-origine viene esaltata per la sua qualit\u00e0 intrinseca e dona alla miscela il valore aggiunto per cui viene tanto apprezzata e stimata.<\/p>\n<p>La miscela CREMA BAR si distingue per la sua avvolgente cremosit\u00e0 e per un\u2019eccellente armonia tra corposit\u00e0 ed intensit\u00e0 propria delle migliori selezioni di caff\u00e8 Arabici Centro Americani. Al palato risulta piacevolmente vellutata.<\/p>\n<p>Il gusto inconfondibile \u00e8 dolce e delicato con una spiccata acidit\u00e0 che si fonde tra note floreali e speziate. Il retrogusto \u00e8 persistente di cioccolato amaro e mandorle tostate. Il risultato in tazza \u00e8 quello di un caff\u00e8 da intenditori, ideale per chi ama assaporare ogni giorno una miscela pregiata.<\/p>\n<p>Composta quasi esclusivamente da caff\u00e8 la cui origine botanica \u00e8 riconducibile alla specie arabica, si caratterizza per questo per un basso tenore di caffeina, peculiarit\u00e0 che contrappone la qualit\u00e0 arabica alla robusta.<\/p>\n<p>La miscela CREMA BAR \u00e8 confezionata in confezioni da 1 Kg in grani, tali da garantirne un&#8217;ottima conservazione e mantenere inalterato il gusto e l&#8217;aroma della miscela.<\/p>\n","protected":false},"excerpt":{"rendered":"<p>La miscela CREMA BAR \u00e8 la miscela ammiraglia della Torrefazione Tre Ceri. E&#8217; la miscela sulla quale tutti gli sforzi di ricerca e sviluppo si concretizzano. Nata per essere un&#8217;eccellenza assoluta nel settore Ho.Re.Ca. \u00e8 da sempre apprezzata per la sua piacevolezza ed eleganza. E&#8217; composta dalle migliori selezioni arabiche coltivate in Brasile, Colombia, Guatemala [&hellip;]<\/p>\n","protected":false},"featured_media":417865,"comment_status":"closed","ping_status":"closed","template":"","meta":{"_acf_changed":false},"product_cat":[74,29],"product_tag":[],"class_list":{"0":"post-29369","1":"product","2":"type-product","3":"status-publish","4":"has-post-thumbnail","6":"product_cat-tutti","7":"product_cat-miscela","9":"first","10":"instock","11":"taxable","12":"shipping-taxable","13":"purchasable","14":"product-type-variable"},"acf":[],"yoast_head":"<!-- This site is optimized with the Yoast SEO Premium plugin v24.5 (Yoast SEO v24.5) - https:\/\/yoast.com\/wordpress\/plugins\/seo\/ -->\n<title>MISCELA CREMA BAR | De&#039;Longhi<\/title>\n<meta name=\"description\" content=\"La miscela CREMA BAR \u00e8 la miscela ammiraglia della Torrefazione Tre Ceri. Nata per essere un&#039;eccellenza assoluta nel settore Ho.Re.Ca.\" \/>\n<meta name=\"robots\" content=\"index, follow, max-snippet:-1, max-image-preview:large, max-video-preview:-1\" \/>\n<meta name=\"twitter:card\" content=\"summary_large_image\" \/>\n<meta name=\"twitter:title\" content=\"MISCELA CREMA BAR | De&#039;Longhi\" \/>\n<meta name=\"twitter:description\" content=\"La miscela CREMA BAR \u00e8 la miscela ammiraglia della Torrefazione Tre Ceri. Nata per essere un&#039;eccellenza assoluta nel settore Ho.Re.Ca.\" \/>\n<meta name=\"twitter:image\" content=\"https:\/\/coffeelounge.delonghi.com\/wp-content\/uploads\/2021\/05\/MiscelaCremaBar_Tre-Ceri-Pack4.png\" \/>\n<script type=\"application\/ld+json\" class=\"yoast-schema-graph\">{\"@context\":\"https:\/\/schema.org\",\"@graph\":[{\"@type\":\"WebPage\",\"@id\":\"https:\/\/coffeelounge.delonghi.com\/it\/product\/miscela-crema-bar-caffe-tre-ceri\/\",\"url\":\"https:\/\/coffeelounge.delonghi.com\/it\/product\/miscela-crema-bar-caffe-tre-ceri\/\",\"name\":\"MISCELA CREMA BAR | De&#039;Longhi\",\"isPartOf\":{\"@id\":\"https:\/\/coffeelounge.delonghi.com\/it\/#website\"},\"primaryImageOfPage\":{\"@id\":\"https:\/\/coffeelounge.delonghi.com\/it\/product\/miscela-crema-bar-caffe-tre-ceri\/#primaryimage\"},\"image\":{\"@id\":\"https:\/\/coffeelounge.delonghi.com\/it\/product\/miscela-crema-bar-caffe-tre-ceri\/#primaryimage\"},\"thumbnailUrl\":\"https:\/\/coffeelounge.delonghi.com\/wp-content\/uploads\/2021\/05\/MiscelaCremaBar_Tre-Ceri-Pack4.png\",\"datePublished\":\"2021-05-16T20:15:29+00:00\",\"dateModified\":\"2024-03-04T08:07:07+00:00\",\"description\":\"La miscela CREMA BAR \u00e8 la miscela ammiraglia della Torrefazione Tre Ceri. Nata per essere un'eccellenza assoluta nel settore Ho.Re.Ca.\",\"breadcrumb\":{\"@id\":\"https:\/\/coffeelounge.delonghi.com\/it\/product\/miscela-crema-bar-caffe-tre-ceri\/#breadcrumb\"},\"inLanguage\":\"it-IT\",\"potentialAction\":[{\"@type\":\"ReadAction\",\"target\":[\"https:\/\/coffeelounge.delonghi.com\/it\/product\/miscela-crema-bar-caffe-tre-ceri\/\"]}]},{\"@type\":\"ImageObject\",\"inLanguage\":\"it-IT\",\"@id\":\"https:\/\/coffeelounge.delonghi.com\/it\/product\/miscela-crema-bar-caffe-tre-ceri\/#primaryimage\",\"url\":\"https:\/\/coffeelounge.delonghi.com\/wp-content\/uploads\/2021\/05\/MiscelaCremaBar_Tre-Ceri-Pack4.png\",\"contentUrl\":\"https:\/\/coffeelounge.delonghi.com\/wp-content\/uploads\/2021\/05\/MiscelaCremaBar_Tre-Ceri-Pack4.png\",\"width\":450,\"height\":450},{\"@type\":\"BreadcrumbList\",\"@id\":\"https:\/\/coffeelounge.delonghi.com\/it\/product\/miscela-crema-bar-caffe-tre-ceri\/#breadcrumb\",\"itemListElement\":[{\"@type\":\"ListItem\",\"position\":1,\"name\":\"Home\",\"item\":\"https:\/\/coffeelounge.delonghi.com\/it\/\"},{\"@type\":\"ListItem\",\"position\":2,\"name\":\"Boutique\",\"item\":\"https:\/\/coffeelounge.delonghi.com\/fr\/?page_id=36\"},{\"@type\":\"ListItem\",\"position\":3,\"name\":\"MISCELA CREMA BAR\"}]},{\"@type\":\"WebSite\",\"@id\":\"https:\/\/coffeelounge.delonghi.com\/it\/#website\",\"url\":\"https:\/\/coffeelounge.delonghi.com\/it\/\",\"name\":\"De&#039;Longhi\",\"description\":\"Coffee Lounge\",\"publisher\":{\"@id\":\"https:\/\/coffeelounge.delonghi.com\/it\/#organization\"},\"potentialAction\":[{\"@type\":\"SearchAction\",\"target\":{\"@type\":\"EntryPoint\",\"urlTemplate\":\"https:\/\/coffeelounge.delonghi.com\/it\/?s={search_term_string}\"},\"query-input\":{\"@type\":\"PropertyValueSpecification\",\"valueRequired\":true,\"valueName\":\"search_term_string\"}}],\"inLanguage\":\"it-IT\"},{\"@type\":\"Organization\",\"@id\":\"https:\/\/coffeelounge.delonghi.com\/it\/#organization\",\"name\":\"De'Longhi Coffee Lounge\",\"url\":\"https:\/\/coffeelounge.delonghi.com\/it\/\",\"logo\":{\"@type\":\"ImageObject\",\"inLanguage\":\"it-IT\",\"@id\":\"https:\/\/coffeelounge.delonghi.com\/it\/#\/schema\/logo\/image\/\",\"url\":\"https:\/\/coffeelounge.delonghi.com\/wp-content\/uploads\/2020\/05\/delonghi-coffee-lounge-logo-nederland.png\",\"contentUrl\":\"https:\/\/coffeelounge.delonghi.com\/wp-content\/uploads\/2020\/05\/delonghi-coffee-lounge-logo-nederland.png\",\"width\":2337,\"height\":724,\"caption\":\"De'Longhi Coffee Lounge\"},\"image\":{\"@id\":\"https:\/\/coffeelounge.delonghi.com\/it\/#\/schema\/logo\/image\/\"}}]}<\/script>\n<!-- \/ Yoast SEO Premium plugin. -->","yoast_head_json":{"title":"MISCELA CREMA BAR | De&#039;Longhi","description":"La miscela CREMA BAR \u00e8 la miscela ammiraglia della Torrefazione Tre Ceri. Nata per essere un'eccellenza assoluta nel settore Ho.Re.Ca.","robots":{"index":"index","follow":"follow","max-snippet":"max-snippet:-1","max-image-preview":"max-image-preview:large","max-video-preview":"max-video-preview:-1"},"twitter_card":"summary_large_image","twitter_title":"MISCELA CREMA BAR | De&#039;Longhi","twitter_description":"La miscela CREMA BAR \u00e8 la miscela ammiraglia della Torrefazione Tre Ceri. Nata per essere un'eccellenza assoluta nel settore Ho.Re.Ca.","twitter_image":"https:\/\/coffeelounge.delonghi.com\/wp-content\/uploads\/2021\/05\/MiscelaCremaBar_Tre-Ceri-Pack4.png","schema":{"@context":"https:\/\/schema.org","@graph":[{"@type":"WebPage","@id":"https:\/\/coffeelounge.delonghi.com\/it\/product\/miscela-crema-bar-caffe-tre-ceri\/","url":"https:\/\/coffeelounge.delonghi.com\/it\/product\/miscela-crema-bar-caffe-tre-ceri\/","name":"MISCELA CREMA BAR | De&#039;Longhi","isPartOf":{"@id":"https:\/\/coffeelounge.delonghi.com\/it\/#website"},"primaryImageOfPage":{"@id":"https:\/\/coffeelounge.delonghi.com\/it\/product\/miscela-crema-bar-caffe-tre-ceri\/#primaryimage"},"image":{"@id":"https:\/\/coffeelounge.delonghi.com\/it\/product\/miscela-crema-bar-caffe-tre-ceri\/#primaryimage"},"thumbnailUrl":"https:\/\/coffeelounge.delonghi.com\/wp-content\/uploads\/2021\/05\/MiscelaCremaBar_Tre-Ceri-Pack4.png","datePublished":"2021-05-16T20:15:29+00:00","dateModified":"2024-03-04T08:07:07+00:00","description":"La miscela CREMA BAR \u00e8 la miscela ammiraglia della Torrefazione Tre Ceri. Nata per essere un'eccellenza assoluta nel settore Ho.Re.Ca.","breadcrumb":{"@id":"https:\/\/coffeelounge.delonghi.com\/it\/product\/miscela-crema-bar-caffe-tre-ceri\/#breadcrumb"},"inLanguage":"it-IT","potentialAction":[{"@type":"ReadAction","target":["https:\/\/coffeelounge.delonghi.com\/it\/product\/miscela-crema-bar-caffe-tre-ceri\/"]}]},{"@type":"ImageObject","inLanguage":"it-IT","@id":"https:\/\/coffeelounge.delonghi.com\/it\/product\/miscela-crema-bar-caffe-tre-ceri\/#primaryimage","url":"https:\/\/coffeelounge.delonghi.com\/wp-content\/uploads\/2021\/05\/MiscelaCremaBar_Tre-Ceri-Pack4.png","contentUrl":"https:\/\/coffeelounge.delonghi.com\/wp-content\/uploads\/2021\/05\/MiscelaCremaBar_Tre-Ceri-Pack4.png","width":450,"height":450},{"@type":"BreadcrumbList","@id":"https:\/\/coffeelounge.delonghi.com\/it\/product\/miscela-crema-bar-caffe-tre-ceri\/#breadcrumb","itemListElement":[{"@type":"ListItem","position":1,"name":"Home","item":"https:\/\/coffeelounge.delonghi.com\/it\/"},{"@type":"ListItem","position":2,"name":"Boutique","item":"https:\/\/coffeelounge.delonghi.com\/fr\/?page_id=36"},{"@type":"ListItem","position":3,"name":"MISCELA CREMA BAR"}]},{"@type":"WebSite","@id":"https:\/\/coffeelounge.delonghi.com\/it\/#website","url":"https:\/\/coffeelounge.delonghi.com\/it\/","name":"De&#039;Longhi","description":"Coffee Lounge","publisher":{"@id":"https:\/\/coffeelounge.delonghi.com\/it\/#organization"},"potentialAction":[{"@type":"SearchAction","target":{"@type":"EntryPoint","urlTemplate":"https:\/\/coffeelounge.delonghi.com\/it\/?s={search_term_string}"},"query-input":{"@type":"PropertyValueSpecification","valueRequired":true,"valueName":"search_term_string"}}],"inLanguage":"it-IT"},{"@type":"Organization","@id":"https:\/\/coffeelounge.delonghi.com\/it\/#organization","name":"De'Longhi Coffee Lounge","url":"https:\/\/coffeelounge.delonghi.com\/it\/","logo":{"@type":"ImageObject","inLanguage":"it-IT","@id":"https:\/\/coffeelounge.delonghi.com\/it\/#\/schema\/logo\/image\/","url":"https:\/\/coffeelounge.delonghi.com\/wp-content\/uploads\/2020\/05\/delonghi-coffee-lounge-logo-nederland.png","contentUrl":"https:\/\/coffeelounge.delonghi.com\/wp-content\/uploads\/2020\/05\/delonghi-coffee-lounge-logo-nederland.png","width":2337,"height":724,"caption":"De'Longhi Coffee Lounge"},"image":{"@id":"https:\/\/coffeelounge.delonghi.com\/it\/#\/schema\/logo\/image\/"}}]}},"_links":{"self":[{"href":"https:\/\/coffeelounge.delonghi.com\/it\/wp-json\/wp\/v2\/product\/29369","targetHints":{"allow":["GET"]}}],"collection":[{"href":"https:\/\/coffeelounge.delonghi.com\/it\/wp-json\/wp\/v2\/product"}],"about":[{"href":"https:\/\/coffeelounge.delonghi.com\/it\/wp-json\/wp\/v2\/types\/product"}],"replies":[{"embeddable":true,"href":"https:\/\/coffeelounge.delonghi.com\/it\/wp-json\/wp\/v2\/comments?post=29369"}],"version-history":[{"count":2,"href":"https:\/\/coffeelounge.delonghi.com\/it\/wp-json\/wp\/v2\/product\/29369\/revisions"}],"predecessor-version":[{"id":421950,"href":"https:\/\/coffeelounge.delonghi.com\/it\/wp-json\/wp\/v2\/product\/29369\/revisions\/421950"}],"wp:featuredmedia":[{"embeddable":true,"href":"https:\/\/coffeelounge.delonghi.com\/it\/wp-json\/wp\/v2\/media\/417865"}],"wp:attachment":[{"href":"https:\/\/coffeelounge.delonghi.com\/it\/wp-json\/wp\/v2\/media?parent=29369"}],"wp:term":[{"taxonomy":"product_cat","embeddable":true,"href":"https:\/\/coffeelounge.delonghi.com\/it\/wp-json\/wp\/v2\/product_cat?post=29369"},{"taxonomy":"product_tag","embeddable":true,"href":"https:\/\/coffeelounge.delonghi.com\/it\/wp-json\/wp\/v2\/product_tag?post=29369"}],"curies":[{"name":"wp","href":"https:\/\/api.w.org\/{rel}","templated":true}]}}