{"id":29336,"date":"2021-05-16T19:38:40","date_gmt":"2021-05-16T19:38:40","guid":{"rendered":"https:\/\/coffeelounge.delonghi.com\/?post_type=product&#038;p=29336"},"modified":"2024-03-04T08:08:28","modified_gmt":"2024-03-04T08:08:28","slug":"peru-di-caffe-bontadi","status":"publish","type":"product","link":"https:\/\/coffeelounge.delonghi.com\/it\/product\/peru-di-caffe-bontadi\/","title":{"rendered":"PERU&#8217; di Caff\u00e8 Bontadi"},"content":{"rendered":"<p>Miscela di alta gamma composta da caff\u00e8 arabica selezionati in prevalenza di origine Per\u00f9 e una piccola percentuale di robusta indiana.<\/p>\n<p>Tostatura lenta e artigianale separata per ogni singola origine cos\u00ec da valorizzare al massimo le caratteristiche dei vari caff\u00e8. Il caff\u00e8 del Per\u00f9 \u00e8 sicuramente uno dei migliori al mondo; le caratteristiche microclimatiche, l\u2019altitudine, cos\u00ec come la presenza di terreni ricchi di minerali garantiscono alle piantagioni le condizioni ottimali per crescere e svilupparsi nella maniera ottimale.<\/p>\n<p>Il nostro viaggio alla ricerca del prodotto migliore ci ha portato nella regione di Cajamarca nel nord del Peru, al confine con l\u2019Ecuador. La provincia di Cajamarca a lungo spina dorsale dell&#8217;economia di questo paese, grazie alla sua vasta ricchezza mineraria, nel corso degli anni ha visto depredata la terra, i fiumi e le foreste circostanti.<\/p>\n<p>La coltivazione di caff\u00e8 di alta qualit\u00e0 in maniera equa e solidale, \u00e8 diventata in questo modo una chiave della rinascita economica e ambientale della regione. Il \u201cPer\u00f9 Place San Ignacio Premium\u201d viene coltivato ad un\u2019altitudine di 1500\/2200 metri sopra il livello del mare. L\u2019elevata escursione termica tra giorno e notte e la presenza di suolo vulcanico ricco di preziosi elementi naturali sono le caratteristiche perfette per la crescita e lo sviluppo delle variet\u00e0 arabiche composte da: Caturra, Catimor, Pache e Costa Rica.<\/p>\n<p>Il periodo di raccolta si estende dal mese di Aprile fino ad Ottobre. Le migliori drupe raccolte e selezionate in maniera manuale attraverso il processo denominato picking subiscono il processo di lavorazione wet (umido). Il chicco viene separato dal suo pergamino e passa alla fase di lavaggio e fermentazione, successivamente verr\u00e0 esposto su lunghi teli e lasciato asciugare al sole.<\/p>\n<p>Il risultato in tazza alla vista si presenta con un corpo cremoso, merito anche della piccola presenza di robusta indiana che dona spessore ma non va ad intaccare il gusto delle arabiche selezionate presenti. Al gusto ritroviamo note dolci e floreali e una fine acidit\u00e0 legata alla frutta matura mai invadente. Un miscela di altissima qualit\u00e0 dal gusto fresco e fragrante.<\/p>\n<p><strong>Parametro consigliato per la macchina da caff\u00e8 espresso:<\/strong> macinatura fine<\/p>\n","protected":false},"excerpt":{"rendered":"<p>Miscela di alta gamma composta da caff\u00e8 arabica selezionati in prevalenza di origine Per\u00f9 e una piccola percentuale di robusta indiana. Tostatura lenta e artigianale separata per ogni singola origine cos\u00ec da valorizzare al massimo le caratteristiche dei vari caff\u00e8. Il caff\u00e8 del Per\u00f9 \u00e8 sicuramente uno dei migliori al mondo; le caratteristiche microclimatiche, l\u2019altitudine, [&hellip;]<\/p>\n","protected":false},"featured_media":417904,"comment_status":"closed","ping_status":"closed","template":"","meta":{"_acf_changed":false},"product_cat":[74,29],"product_tag":[],"class_list":{"0":"post-29336","1":"product","2":"type-product","3":"status-publish","4":"has-post-thumbnail","6":"product_cat-tutti","7":"product_cat-miscela","9":"first","10":"instock","11":"taxable","12":"shipping-taxable","13":"purchasable","14":"product-type-variable"},"acf":[],"yoast_head":"<!-- This site is optimized with the Yoast SEO Premium plugin v24.5 (Yoast SEO v24.5) - https:\/\/yoast.com\/wordpress\/plugins\/seo\/ -->\n<title>PERU&#039; di Caff\u00e8 Bontadi | De&#039;Longhi<\/title>\n<meta name=\"description\" content=\"Miscela di alta gamma composta da caff\u00e8 arabica selezionati in prevalenza di origine Per\u00f9 e una piccola percentuale di robusta indiana.\" \/>\n<meta name=\"robots\" content=\"index, follow, max-snippet:-1, max-image-preview:large, max-video-preview:-1\" \/>\n<meta name=\"twitter:card\" content=\"summary_large_image\" \/>\n<meta name=\"twitter:title\" content=\"PERU&#039; di Caff\u00e8 Bontadi | De&#039;Longhi\" \/>\n<meta name=\"twitter:description\" content=\"Miscela di alta gamma composta da caff\u00e8 arabica selezionati in prevalenza di origine Per\u00f9 e una piccola percentuale di robusta indiana.\" \/>\n<meta name=\"twitter:image\" content=\"https:\/\/coffeelounge.delonghi.com\/wp-content\/uploads\/2021\/05\/Peru_Bontadi-Pack-3.png\" \/>\n<script type=\"application\/ld+json\" class=\"yoast-schema-graph\">{\"@context\":\"https:\/\/schema.org\",\"@graph\":[{\"@type\":\"WebPage\",\"@id\":\"https:\/\/coffeelounge.delonghi.com\/it\/product\/peru-di-caffe-bontadi\/\",\"url\":\"https:\/\/coffeelounge.delonghi.com\/it\/product\/peru-di-caffe-bontadi\/\",\"name\":\"PERU' di Caff\u00e8 Bontadi | De&#039;Longhi\",\"isPartOf\":{\"@id\":\"https:\/\/coffeelounge.delonghi.com\/it\/#website\"},\"primaryImageOfPage\":{\"@id\":\"https:\/\/coffeelounge.delonghi.com\/it\/product\/peru-di-caffe-bontadi\/#primaryimage\"},\"image\":{\"@id\":\"https:\/\/coffeelounge.delonghi.com\/it\/product\/peru-di-caffe-bontadi\/#primaryimage\"},\"thumbnailUrl\":\"https:\/\/coffeelounge.delonghi.com\/wp-content\/uploads\/2021\/05\/Peru_Bontadi-Pack-3.png\",\"datePublished\":\"2021-05-16T19:38:40+00:00\",\"dateModified\":\"2024-03-04T08:08:28+00:00\",\"description\":\"Miscela di alta gamma composta da caff\u00e8 arabica selezionati in prevalenza di origine Per\u00f9 e una piccola percentuale di robusta indiana.\",\"breadcrumb\":{\"@id\":\"https:\/\/coffeelounge.delonghi.com\/it\/product\/peru-di-caffe-bontadi\/#breadcrumb\"},\"inLanguage\":\"it-IT\",\"potentialAction\":[{\"@type\":\"ReadAction\",\"target\":[\"https:\/\/coffeelounge.delonghi.com\/it\/product\/peru-di-caffe-bontadi\/\"]}]},{\"@type\":\"ImageObject\",\"inLanguage\":\"it-IT\",\"@id\":\"https:\/\/coffeelounge.delonghi.com\/it\/product\/peru-di-caffe-bontadi\/#primaryimage\",\"url\":\"https:\/\/coffeelounge.delonghi.com\/wp-content\/uploads\/2021\/05\/Peru_Bontadi-Pack-3.png\",\"contentUrl\":\"https:\/\/coffeelounge.delonghi.com\/wp-content\/uploads\/2021\/05\/Peru_Bontadi-Pack-3.png\",\"width\":450,\"height\":450},{\"@type\":\"BreadcrumbList\",\"@id\":\"https:\/\/coffeelounge.delonghi.com\/it\/product\/peru-di-caffe-bontadi\/#breadcrumb\",\"itemListElement\":[{\"@type\":\"ListItem\",\"position\":1,\"name\":\"Home\",\"item\":\"https:\/\/coffeelounge.delonghi.com\/it\/\"},{\"@type\":\"ListItem\",\"position\":2,\"name\":\"Boutique\",\"item\":\"https:\/\/coffeelounge.delonghi.com\/fr\/?page_id=36\"},{\"@type\":\"ListItem\",\"position\":3,\"name\":\"PERU&#8217; di Caff\u00e8 Bontadi\"}]},{\"@type\":\"WebSite\",\"@id\":\"https:\/\/coffeelounge.delonghi.com\/it\/#website\",\"url\":\"https:\/\/coffeelounge.delonghi.com\/it\/\",\"name\":\"De&#039;Longhi\",\"description\":\"Coffee Lounge\",\"publisher\":{\"@id\":\"https:\/\/coffeelounge.delonghi.com\/it\/#organization\"},\"potentialAction\":[{\"@type\":\"SearchAction\",\"target\":{\"@type\":\"EntryPoint\",\"urlTemplate\":\"https:\/\/coffeelounge.delonghi.com\/it\/?s={search_term_string}\"},\"query-input\":{\"@type\":\"PropertyValueSpecification\",\"valueRequired\":true,\"valueName\":\"search_term_string\"}}],\"inLanguage\":\"it-IT\"},{\"@type\":\"Organization\",\"@id\":\"https:\/\/coffeelounge.delonghi.com\/it\/#organization\",\"name\":\"De'Longhi Coffee Lounge\",\"url\":\"https:\/\/coffeelounge.delonghi.com\/it\/\",\"logo\":{\"@type\":\"ImageObject\",\"inLanguage\":\"it-IT\",\"@id\":\"https:\/\/coffeelounge.delonghi.com\/it\/#\/schema\/logo\/image\/\",\"url\":\"https:\/\/coffeelounge.delonghi.com\/wp-content\/uploads\/2020\/05\/delonghi-coffee-lounge-logo-nederland.png\",\"contentUrl\":\"https:\/\/coffeelounge.delonghi.com\/wp-content\/uploads\/2020\/05\/delonghi-coffee-lounge-logo-nederland.png\",\"width\":2337,\"height\":724,\"caption\":\"De'Longhi Coffee Lounge\"},\"image\":{\"@id\":\"https:\/\/coffeelounge.delonghi.com\/it\/#\/schema\/logo\/image\/\"}}]}<\/script>\n<!-- \/ Yoast SEO Premium plugin. -->","yoast_head_json":{"title":"PERU' di Caff\u00e8 Bontadi | De&#039;Longhi","description":"Miscela di alta gamma composta da caff\u00e8 arabica selezionati in prevalenza di origine Per\u00f9 e una piccola percentuale di robusta indiana.","robots":{"index":"index","follow":"follow","max-snippet":"max-snippet:-1","max-image-preview":"max-image-preview:large","max-video-preview":"max-video-preview:-1"},"twitter_card":"summary_large_image","twitter_title":"PERU' di Caff\u00e8 Bontadi | De&#039;Longhi","twitter_description":"Miscela di alta gamma composta da caff\u00e8 arabica selezionati in prevalenza di origine Per\u00f9 e una piccola percentuale di robusta indiana.","twitter_image":"https:\/\/coffeelounge.delonghi.com\/wp-content\/uploads\/2021\/05\/Peru_Bontadi-Pack-3.png","schema":{"@context":"https:\/\/schema.org","@graph":[{"@type":"WebPage","@id":"https:\/\/coffeelounge.delonghi.com\/it\/product\/peru-di-caffe-bontadi\/","url":"https:\/\/coffeelounge.delonghi.com\/it\/product\/peru-di-caffe-bontadi\/","name":"PERU' di Caff\u00e8 Bontadi | De&#039;Longhi","isPartOf":{"@id":"https:\/\/coffeelounge.delonghi.com\/it\/#website"},"primaryImageOfPage":{"@id":"https:\/\/coffeelounge.delonghi.com\/it\/product\/peru-di-caffe-bontadi\/#primaryimage"},"image":{"@id":"https:\/\/coffeelounge.delonghi.com\/it\/product\/peru-di-caffe-bontadi\/#primaryimage"},"thumbnailUrl":"https:\/\/coffeelounge.delonghi.com\/wp-content\/uploads\/2021\/05\/Peru_Bontadi-Pack-3.png","datePublished":"2021-05-16T19:38:40+00:00","dateModified":"2024-03-04T08:08:28+00:00","description":"Miscela di alta gamma composta da caff\u00e8 arabica selezionati in prevalenza di origine Per\u00f9 e una piccola percentuale di robusta indiana.","breadcrumb":{"@id":"https:\/\/coffeelounge.delonghi.com\/it\/product\/peru-di-caffe-bontadi\/#breadcrumb"},"inLanguage":"it-IT","potentialAction":[{"@type":"ReadAction","target":["https:\/\/coffeelounge.delonghi.com\/it\/product\/peru-di-caffe-bontadi\/"]}]},{"@type":"ImageObject","inLanguage":"it-IT","@id":"https:\/\/coffeelounge.delonghi.com\/it\/product\/peru-di-caffe-bontadi\/#primaryimage","url":"https:\/\/coffeelounge.delonghi.com\/wp-content\/uploads\/2021\/05\/Peru_Bontadi-Pack-3.png","contentUrl":"https:\/\/coffeelounge.delonghi.com\/wp-content\/uploads\/2021\/05\/Peru_Bontadi-Pack-3.png","width":450,"height":450},{"@type":"BreadcrumbList","@id":"https:\/\/coffeelounge.delonghi.com\/it\/product\/peru-di-caffe-bontadi\/#breadcrumb","itemListElement":[{"@type":"ListItem","position":1,"name":"Home","item":"https:\/\/coffeelounge.delonghi.com\/it\/"},{"@type":"ListItem","position":2,"name":"Boutique","item":"https:\/\/coffeelounge.delonghi.com\/fr\/?page_id=36"},{"@type":"ListItem","position":3,"name":"PERU&#8217; di Caff\u00e8 Bontadi"}]},{"@type":"WebSite","@id":"https:\/\/coffeelounge.delonghi.com\/it\/#website","url":"https:\/\/coffeelounge.delonghi.com\/it\/","name":"De&#039;Longhi","description":"Coffee Lounge","publisher":{"@id":"https:\/\/coffeelounge.delonghi.com\/it\/#organization"},"potentialAction":[{"@type":"SearchAction","target":{"@type":"EntryPoint","urlTemplate":"https:\/\/coffeelounge.delonghi.com\/it\/?s={search_term_string}"},"query-input":{"@type":"PropertyValueSpecification","valueRequired":true,"valueName":"search_term_string"}}],"inLanguage":"it-IT"},{"@type":"Organization","@id":"https:\/\/coffeelounge.delonghi.com\/it\/#organization","name":"De'Longhi Coffee Lounge","url":"https:\/\/coffeelounge.delonghi.com\/it\/","logo":{"@type":"ImageObject","inLanguage":"it-IT","@id":"https:\/\/coffeelounge.delonghi.com\/it\/#\/schema\/logo\/image\/","url":"https:\/\/coffeelounge.delonghi.com\/wp-content\/uploads\/2020\/05\/delonghi-coffee-lounge-logo-nederland.png","contentUrl":"https:\/\/coffeelounge.delonghi.com\/wp-content\/uploads\/2020\/05\/delonghi-coffee-lounge-logo-nederland.png","width":2337,"height":724,"caption":"De'Longhi Coffee Lounge"},"image":{"@id":"https:\/\/coffeelounge.delonghi.com\/it\/#\/schema\/logo\/image\/"}}]}},"_links":{"self":[{"href":"https:\/\/coffeelounge.delonghi.com\/it\/wp-json\/wp\/v2\/product\/29336","targetHints":{"allow":["GET"]}}],"collection":[{"href":"https:\/\/coffeelounge.delonghi.com\/it\/wp-json\/wp\/v2\/product"}],"about":[{"href":"https:\/\/coffeelounge.delonghi.com\/it\/wp-json\/wp\/v2\/types\/product"}],"replies":[{"embeddable":true,"href":"https:\/\/coffeelounge.delonghi.com\/it\/wp-json\/wp\/v2\/comments?post=29336"}],"version-history":[{"count":3,"href":"https:\/\/coffeelounge.delonghi.com\/it\/wp-json\/wp\/v2\/product\/29336\/revisions"}],"predecessor-version":[{"id":421953,"href":"https:\/\/coffeelounge.delonghi.com\/it\/wp-json\/wp\/v2\/product\/29336\/revisions\/421953"}],"wp:featuredmedia":[{"embeddable":true,"href":"https:\/\/coffeelounge.delonghi.com\/it\/wp-json\/wp\/v2\/media\/417904"}],"wp:attachment":[{"href":"https:\/\/coffeelounge.delonghi.com\/it\/wp-json\/wp\/v2\/media?parent=29336"}],"wp:term":[{"taxonomy":"product_cat","embeddable":true,"href":"https:\/\/coffeelounge.delonghi.com\/it\/wp-json\/wp\/v2\/product_cat?post=29336"},{"taxonomy":"product_tag","embeddable":true,"href":"https:\/\/coffeelounge.delonghi.com\/it\/wp-json\/wp\/v2\/product_tag?post=29336"}],"curies":[{"name":"wp","href":"https:\/\/api.w.org\/{rel}","templated":true}]}}