{"id":29326,"date":"2021-05-16T19:29:19","date_gmt":"2021-05-16T19:29:19","guid":{"rendered":"https:\/\/coffeelounge.delonghi.com\/?post_type=product&#038;p=29326"},"modified":"2024-03-04T08:08:37","modified_gmt":"2024-03-04T08:08:37","slug":"papua-caffe-bontadi","status":"publish","type":"product","link":"https:\/\/coffeelounge.delonghi.com\/it\/product\/papua-caffe-bontadi\/","title":{"rendered":"PAPUA di Caff\u00e8 Bontadi"},"content":{"rendered":"<p>Miscela di alta gamma composta da caff\u00e8 arabica selezionati in prevalenza dalle piantagioni Sigri in Papua Nuova Guinea e una piccola percentuale di robusta indiana.<\/p>\n<p>Tostatura lenta e artigianale separata per ogni singola origine cos\u00ec da valorizzare al massimo le caratteristiche dei vari caff\u00e8. La produzione di caff\u00e8 Sigri nella regione montuosa dell\u2019isola fu avviata nel 1950.<\/p>\n<p>La Valle Waghi, dove \u00e8 collocata la piantagione di questo caff\u00e8 si trova a circa 1600 metri sul livello del mare e gode di un clima freddo e di una abbondante stagione delle piogge che creano un clima ideale per la crescita delle qualit\u00e0 Typica e Arusha.<\/p>\n<p>L\u2019estensione di questo terreno di circa 1200 ettari ha guadagnato nel tempo la reputazione di produrre la migliore qualit\u00e0 del paese. La piantagione Sigri vede impegnate circa 6000 persone garantendo agli agricoltori cure mediche gratuite, le spese scolastiche pagate e possiede una scuola elementare per i figli dei lavoratori.<\/p>\n<p>Un grande sforzo avviene anche per proteggere l\u2019ambiente grazie all\u2019impiego di una politica di sostenibilit\u00e0 agricola a lungo termine preservando le variet\u00e0 di alberi che creano ombra alle piantagioni e che sono casa di numerose specie di uccelli tra cui la \u201cparadisea di Raggi\u201d simbolo della piantagione e raffigurato sui sacchi di caff\u00e8 Sigri. Il pi\u00f9 importante periodo di raccolta va da Aprile a Settembre.<\/p>\n<p>Il controllo di qualit\u00e0 inizia nei campi, le bacche di caff\u00e8 mature sono raccolte accuratamente a mano e vengono controllate per accertarsi dell\u2019 uniformit\u00e0; infatti devono essere rosse, tutte raccolte prima dello spolpamento nello stesso giorno della raccolta e infine lavorate con il tradizionale metodo lavato. Il caff\u00e8 viene fermentato per tre giorni e tolto dal lavaggio ogni 24 ore.<\/p>\n<p>Il procedimento Sigri prevede una totale immersione in acqua per un altro giorno, grazie al quale si ottiene una qualit\u00e0 superiore di caff\u00e8; una lenta asciugatura al sole ne accresce la qualit\u00e0.<\/p>\n<p>In tazza il corpo medio e la fine acidit\u00e0, caratteristiche di questo straordinario caff\u00e8, sposano le qualit\u00e0 presenti nelle altre arabiche selezionate, bilanciando il gusto e donando alla miscela un corpo pieno e intenso con un retrogusto dolce e piacevole.<\/p>\n<p>&nbsp;<\/p>\n","protected":false},"excerpt":{"rendered":"<p>Miscela di alta gamma composta da caff\u00e8 arabica selezionati in prevalenza dalle piantagioni Sigri in Papua Nuova Guinea e una piccola percentuale di robusta indiana. Tostatura lenta e artigianale separata per ogni singola origine cos\u00ec da valorizzare al massimo le caratteristiche dei vari caff\u00e8. La produzione di caff\u00e8 Sigri nella regione montuosa dell\u2019isola fu avviata [&hellip;]<\/p>\n","protected":false},"featured_media":417941,"comment_status":"closed","ping_status":"closed","template":"","meta":{"_acf_changed":false},"product_cat":[74,29],"product_tag":[],"class_list":{"0":"post-29326","1":"product","2":"type-product","3":"status-publish","4":"has-post-thumbnail","6":"product_cat-tutti","7":"product_cat-miscela","9":"first","10":"instock","11":"taxable","12":"shipping-taxable","13":"purchasable","14":"product-type-variable"},"acf":[],"yoast_head":"<!-- This site is optimized with the Yoast SEO Premium plugin v24.5 (Yoast SEO v24.5) - https:\/\/yoast.com\/wordpress\/plugins\/seo\/ -->\n<title>PAPUA di Caff\u00e8 Bontadi | De&#039;Longhi<\/title>\n<meta name=\"description\" content=\"Scopri la qualit\u00e0 e l&#039;aroma della miscela di caff\u00e8\u00a0Papua, prodotta e confezionata con passione da Caff\u00e8 Bontadi. Acquista ora sul nostro sito!\" \/>\n<meta name=\"robots\" content=\"index, follow, max-snippet:-1, max-image-preview:large, max-video-preview:-1\" \/>\n<meta name=\"twitter:card\" content=\"summary_large_image\" \/>\n<meta name=\"twitter:title\" content=\"PAPUA di Caff\u00e8 Bontadi | De&#039;Longhi\" \/>\n<meta name=\"twitter:description\" content=\"Scopri la qualit\u00e0 e l&#039;aroma della miscela di caff\u00e8\u00a0Papua, prodotta e confezionata con passione da Caff\u00e8 Bontadi. Acquista ora sul nostro sito!\" \/>\n<meta name=\"twitter:image\" content=\"https:\/\/coffeelounge.delonghi.com\/wp-content\/uploads\/2021\/05\/Papua_Bontadi-Pack-2.png\" \/>\n<script type=\"application\/ld+json\" class=\"yoast-schema-graph\">{\"@context\":\"https:\/\/schema.org\",\"@graph\":[{\"@type\":\"WebPage\",\"@id\":\"https:\/\/coffeelounge.delonghi.com\/it\/product\/papua-caffe-bontadi\/\",\"url\":\"https:\/\/coffeelounge.delonghi.com\/it\/product\/papua-caffe-bontadi\/\",\"name\":\"PAPUA di Caff\u00e8 Bontadi | De&#039;Longhi\",\"isPartOf\":{\"@id\":\"https:\/\/coffeelounge.delonghi.com\/it\/#website\"},\"primaryImageOfPage\":{\"@id\":\"https:\/\/coffeelounge.delonghi.com\/it\/product\/papua-caffe-bontadi\/#primaryimage\"},\"image\":{\"@id\":\"https:\/\/coffeelounge.delonghi.com\/it\/product\/papua-caffe-bontadi\/#primaryimage\"},\"thumbnailUrl\":\"https:\/\/coffeelounge.delonghi.com\/wp-content\/uploads\/2021\/05\/Papua_Bontadi-Pack-2.png\",\"datePublished\":\"2021-05-16T19:29:19+00:00\",\"dateModified\":\"2024-03-04T08:08:37+00:00\",\"description\":\"Scopri la qualit\u00e0 e l'aroma della miscela di caff\u00e8\u00a0Papua, prodotta e confezionata con passione da Caff\u00e8 Bontadi. Acquista ora sul nostro sito!\",\"breadcrumb\":{\"@id\":\"https:\/\/coffeelounge.delonghi.com\/it\/product\/papua-caffe-bontadi\/#breadcrumb\"},\"inLanguage\":\"it-IT\",\"potentialAction\":[{\"@type\":\"ReadAction\",\"target\":[\"https:\/\/coffeelounge.delonghi.com\/it\/product\/papua-caffe-bontadi\/\"]}]},{\"@type\":\"ImageObject\",\"inLanguage\":\"it-IT\",\"@id\":\"https:\/\/coffeelounge.delonghi.com\/it\/product\/papua-caffe-bontadi\/#primaryimage\",\"url\":\"https:\/\/coffeelounge.delonghi.com\/wp-content\/uploads\/2021\/05\/Papua_Bontadi-Pack-2.png\",\"contentUrl\":\"https:\/\/coffeelounge.delonghi.com\/wp-content\/uploads\/2021\/05\/Papua_Bontadi-Pack-2.png\",\"width\":450,\"height\":450},{\"@type\":\"BreadcrumbList\",\"@id\":\"https:\/\/coffeelounge.delonghi.com\/it\/product\/papua-caffe-bontadi\/#breadcrumb\",\"itemListElement\":[{\"@type\":\"ListItem\",\"position\":1,\"name\":\"Home\",\"item\":\"https:\/\/coffeelounge.delonghi.com\/it\/\"},{\"@type\":\"ListItem\",\"position\":2,\"name\":\"Boutique\",\"item\":\"https:\/\/coffeelounge.delonghi.com\/fr\/?page_id=36\"},{\"@type\":\"ListItem\",\"position\":3,\"name\":\"PAPUA di Caff\u00e8 Bontadi\"}]},{\"@type\":\"WebSite\",\"@id\":\"https:\/\/coffeelounge.delonghi.com\/it\/#website\",\"url\":\"https:\/\/coffeelounge.delonghi.com\/it\/\",\"name\":\"De&#039;Longhi\",\"description\":\"Coffee Lounge\",\"publisher\":{\"@id\":\"https:\/\/coffeelounge.delonghi.com\/it\/#organization\"},\"potentialAction\":[{\"@type\":\"SearchAction\",\"target\":{\"@type\":\"EntryPoint\",\"urlTemplate\":\"https:\/\/coffeelounge.delonghi.com\/it\/?s={search_term_string}\"},\"query-input\":{\"@type\":\"PropertyValueSpecification\",\"valueRequired\":true,\"valueName\":\"search_term_string\"}}],\"inLanguage\":\"it-IT\"},{\"@type\":\"Organization\",\"@id\":\"https:\/\/coffeelounge.delonghi.com\/it\/#organization\",\"name\":\"De'Longhi Coffee Lounge\",\"url\":\"https:\/\/coffeelounge.delonghi.com\/it\/\",\"logo\":{\"@type\":\"ImageObject\",\"inLanguage\":\"it-IT\",\"@id\":\"https:\/\/coffeelounge.delonghi.com\/it\/#\/schema\/logo\/image\/\",\"url\":\"https:\/\/coffeelounge.delonghi.com\/wp-content\/uploads\/2020\/05\/delonghi-coffee-lounge-logo-nederland.png\",\"contentUrl\":\"https:\/\/coffeelounge.delonghi.com\/wp-content\/uploads\/2020\/05\/delonghi-coffee-lounge-logo-nederland.png\",\"width\":2337,\"height\":724,\"caption\":\"De'Longhi Coffee Lounge\"},\"image\":{\"@id\":\"https:\/\/coffeelounge.delonghi.com\/it\/#\/schema\/logo\/image\/\"}}]}<\/script>\n<!-- \/ Yoast SEO Premium plugin. -->","yoast_head_json":{"title":"PAPUA di Caff\u00e8 Bontadi | De&#039;Longhi","description":"Scopri la qualit\u00e0 e l'aroma della miscela di caff\u00e8\u00a0Papua, prodotta e confezionata con passione da Caff\u00e8 Bontadi. Acquista ora sul nostro sito!","robots":{"index":"index","follow":"follow","max-snippet":"max-snippet:-1","max-image-preview":"max-image-preview:large","max-video-preview":"max-video-preview:-1"},"twitter_card":"summary_large_image","twitter_title":"PAPUA di Caff\u00e8 Bontadi | De&#039;Longhi","twitter_description":"Scopri la qualit\u00e0 e l'aroma della miscela di caff\u00e8\u00a0Papua, prodotta e confezionata con passione da Caff\u00e8 Bontadi. Acquista ora sul nostro sito!","twitter_image":"https:\/\/coffeelounge.delonghi.com\/wp-content\/uploads\/2021\/05\/Papua_Bontadi-Pack-2.png","schema":{"@context":"https:\/\/schema.org","@graph":[{"@type":"WebPage","@id":"https:\/\/coffeelounge.delonghi.com\/it\/product\/papua-caffe-bontadi\/","url":"https:\/\/coffeelounge.delonghi.com\/it\/product\/papua-caffe-bontadi\/","name":"PAPUA di Caff\u00e8 Bontadi | De&#039;Longhi","isPartOf":{"@id":"https:\/\/coffeelounge.delonghi.com\/it\/#website"},"primaryImageOfPage":{"@id":"https:\/\/coffeelounge.delonghi.com\/it\/product\/papua-caffe-bontadi\/#primaryimage"},"image":{"@id":"https:\/\/coffeelounge.delonghi.com\/it\/product\/papua-caffe-bontadi\/#primaryimage"},"thumbnailUrl":"https:\/\/coffeelounge.delonghi.com\/wp-content\/uploads\/2021\/05\/Papua_Bontadi-Pack-2.png","datePublished":"2021-05-16T19:29:19+00:00","dateModified":"2024-03-04T08:08:37+00:00","description":"Scopri la qualit\u00e0 e l'aroma della miscela di caff\u00e8\u00a0Papua, prodotta e confezionata con passione da Caff\u00e8 Bontadi. Acquista ora sul nostro sito!","breadcrumb":{"@id":"https:\/\/coffeelounge.delonghi.com\/it\/product\/papua-caffe-bontadi\/#breadcrumb"},"inLanguage":"it-IT","potentialAction":[{"@type":"ReadAction","target":["https:\/\/coffeelounge.delonghi.com\/it\/product\/papua-caffe-bontadi\/"]}]},{"@type":"ImageObject","inLanguage":"it-IT","@id":"https:\/\/coffeelounge.delonghi.com\/it\/product\/papua-caffe-bontadi\/#primaryimage","url":"https:\/\/coffeelounge.delonghi.com\/wp-content\/uploads\/2021\/05\/Papua_Bontadi-Pack-2.png","contentUrl":"https:\/\/coffeelounge.delonghi.com\/wp-content\/uploads\/2021\/05\/Papua_Bontadi-Pack-2.png","width":450,"height":450},{"@type":"BreadcrumbList","@id":"https:\/\/coffeelounge.delonghi.com\/it\/product\/papua-caffe-bontadi\/#breadcrumb","itemListElement":[{"@type":"ListItem","position":1,"name":"Home","item":"https:\/\/coffeelounge.delonghi.com\/it\/"},{"@type":"ListItem","position":2,"name":"Boutique","item":"https:\/\/coffeelounge.delonghi.com\/fr\/?page_id=36"},{"@type":"ListItem","position":3,"name":"PAPUA di Caff\u00e8 Bontadi"}]},{"@type":"WebSite","@id":"https:\/\/coffeelounge.delonghi.com\/it\/#website","url":"https:\/\/coffeelounge.delonghi.com\/it\/","name":"De&#039;Longhi","description":"Coffee Lounge","publisher":{"@id":"https:\/\/coffeelounge.delonghi.com\/it\/#organization"},"potentialAction":[{"@type":"SearchAction","target":{"@type":"EntryPoint","urlTemplate":"https:\/\/coffeelounge.delonghi.com\/it\/?s={search_term_string}"},"query-input":{"@type":"PropertyValueSpecification","valueRequired":true,"valueName":"search_term_string"}}],"inLanguage":"it-IT"},{"@type":"Organization","@id":"https:\/\/coffeelounge.delonghi.com\/it\/#organization","name":"De'Longhi Coffee Lounge","url":"https:\/\/coffeelounge.delonghi.com\/it\/","logo":{"@type":"ImageObject","inLanguage":"it-IT","@id":"https:\/\/coffeelounge.delonghi.com\/it\/#\/schema\/logo\/image\/","url":"https:\/\/coffeelounge.delonghi.com\/wp-content\/uploads\/2020\/05\/delonghi-coffee-lounge-logo-nederland.png","contentUrl":"https:\/\/coffeelounge.delonghi.com\/wp-content\/uploads\/2020\/05\/delonghi-coffee-lounge-logo-nederland.png","width":2337,"height":724,"caption":"De'Longhi Coffee Lounge"},"image":{"@id":"https:\/\/coffeelounge.delonghi.com\/it\/#\/schema\/logo\/image\/"}}]}},"_links":{"self":[{"href":"https:\/\/coffeelounge.delonghi.com\/it\/wp-json\/wp\/v2\/product\/29326","targetHints":{"allow":["GET"]}}],"collection":[{"href":"https:\/\/coffeelounge.delonghi.com\/it\/wp-json\/wp\/v2\/product"}],"about":[{"href":"https:\/\/coffeelounge.delonghi.com\/it\/wp-json\/wp\/v2\/types\/product"}],"replies":[{"embeddable":true,"href":"https:\/\/coffeelounge.delonghi.com\/it\/wp-json\/wp\/v2\/comments?post=29326"}],"version-history":[{"count":2,"href":"https:\/\/coffeelounge.delonghi.com\/it\/wp-json\/wp\/v2\/product\/29326\/revisions"}],"predecessor-version":[{"id":421954,"href":"https:\/\/coffeelounge.delonghi.com\/it\/wp-json\/wp\/v2\/product\/29326\/revisions\/421954"}],"wp:featuredmedia":[{"embeddable":true,"href":"https:\/\/coffeelounge.delonghi.com\/it\/wp-json\/wp\/v2\/media\/417941"}],"wp:attachment":[{"href":"https:\/\/coffeelounge.delonghi.com\/it\/wp-json\/wp\/v2\/media?parent=29326"}],"wp:term":[{"taxonomy":"product_cat","embeddable":true,"href":"https:\/\/coffeelounge.delonghi.com\/it\/wp-json\/wp\/v2\/product_cat?post=29326"},{"taxonomy":"product_tag","embeddable":true,"href":"https:\/\/coffeelounge.delonghi.com\/it\/wp-json\/wp\/v2\/product_tag?post=29326"}],"curies":[{"name":"wp","href":"https:\/\/api.w.org\/{rel}","templated":true}]}}