{"id":29317,"date":"2021-05-16T19:28:55","date_gmt":"2021-05-16T19:28:55","guid":{"rendered":"https:\/\/coffeelounge.delonghi.com\/?post_type=product&#038;p=29317"},"modified":"2024-03-04T08:08:48","modified_gmt":"2024-03-04T08:08:48","slug":"100-arabica-biologico-caffe-bontadi","status":"publish","type":"product","link":"https:\/\/coffeelounge.delonghi.com\/it\/product\/100-arabica-biologico-caffe-bontadi\/","title":{"rendered":"100% ARABICA BIOLOGICO di Caff\u00e8 Bontadi"},"content":{"rendered":"<p>Miscela di alta gamma composta da caff\u00e8 di specie 100% arabica selezionate da solo 2 provenienze geografiche Messico e Nicaragua. Tostatura lenta e artigianale separata per ogni singola origine cos\u00ec da valorizzare al massimo le caratteristiche dei vari caff\u00e8.<\/p>\n<p>Questa miscela \u00e8 presente nella nostra gamma da circa un decennio con una linea dedicata; per noi l\u2019utilizzo di caff\u00e8 biologici \u00e8 un bene sia per la natura, solidale per i coltivatori e salutare per il consumatore finale. In ogni caso, resta molto importante per noi che il gusto e la qualit\u00e0 siano quelli giusti.<\/p>\n<p>I caff\u00e8 biologici utilizzati provengono dalle migliori piantagioni garantendo attraverso l\u2019attenta selezione dei produttori che tutti i chicchi utilizzati siano stati coltivati e raccolti secondo attenti criteri quali: l\u2019assenza di colture miste non certificate e di manipolazione genetica, l\u2019astensione dall&#8217;uso di pesticidi e fertilizzanti chimici e per ultimo il riutilizzo di scarti vegetali per la concimazione dei terreni.<\/p>\n<p>Nelle piantagioni di Messico e Nicaragua da noi scelte i caff\u00e8 di variet\u00e0 Catimor e Catuai crescono e fruttificano ad altitudini comprese tra i 900-1200 metri sul livello del mare e vengono rigorosamente raccolti e selezionati a mano nel periodo compreso tra novembre e febbraio.<\/p>\n<p>Successivamente sono lavorati attraverso il metodo lavato con una fermentazione controllata e fatti asciugare in maniera naturale al sole su patii. La presenza di sole 2 origini all\u2019interno di questa miscela garantisce una perfetta omogeneit\u00e0 dei chicchi; pochi ingredienti di altissima qualit\u00e0 in una ricetta che rende perfettamente percepibile ogni singola nota.<\/p>\n<p>Il gusto dolce e leggero dei caff\u00e8 del Nicaragua si sposa alla perfezione con la fragranza e la fine acidit\u00e0 non citrica nel Messico donando alla tazza profumi e sapori straordinari e perfettamente bilanciati. La corposit\u00e0 nonostante si tratti di una miscela composta da solo arabiche \u00e8 comunque buona e presente grazie ad una attenta tostatura perfettamente bilanciata.<\/p>\n<p><strong>Certificazioni<\/strong>: BIOLOGICO IT BIO 006 A797<\/p>\n","protected":false},"excerpt":{"rendered":"<p>Miscela di alta gamma composta da caff\u00e8 di specie 100% arabica selezionate da solo 2 provenienze geografiche Messico e Nicaragua. Tostatura lenta e artigianale separata per ogni singola origine cos\u00ec da valorizzare al massimo le caratteristiche dei vari caff\u00e8. Questa miscela \u00e8 presente nella nostra gamma da circa un decennio con una linea dedicata; per [&hellip;]<\/p>\n","protected":false},"featured_media":417955,"comment_status":"closed","ping_status":"closed","template":"","meta":{"_acf_changed":false},"product_cat":[74,29],"product_tag":[],"class_list":{"0":"post-29317","1":"product","2":"type-product","3":"status-publish","4":"has-post-thumbnail","6":"product_cat-tutti","7":"product_cat-miscela","9":"first","10":"instock","11":"taxable","12":"shipping-taxable","13":"purchasable","14":"product-type-variable"},"acf":[],"yoast_head":"<!-- This site is optimized with the Yoast SEO Premium plugin v24.5 (Yoast SEO v24.5) - https:\/\/yoast.com\/wordpress\/plugins\/seo\/ -->\n<title>100% ARABICA BIOLOGICO di Caff\u00e8 Bontadi | De&#039;Longhi<\/title>\n<meta name=\"description\" content=\"Miscela di alta gamma composta da caff\u00e8 di specie 100% arabica selezionate da solo 2 provenienze geografiche Messico e Nicaragua.\" \/>\n<meta name=\"robots\" content=\"index, follow, max-snippet:-1, max-image-preview:large, max-video-preview:-1\" \/>\n<meta name=\"twitter:card\" content=\"summary_large_image\" \/>\n<meta name=\"twitter:title\" content=\"100% ARABICA BIOLOGICO di Caff\u00e8 Bontadi | De&#039;Longhi\" \/>\n<meta name=\"twitter:description\" content=\"Miscela di alta gamma composta da caff\u00e8 di specie 100% arabica selezionate da solo 2 provenienze geografiche Messico e Nicaragua.\" \/>\n<meta name=\"twitter:image\" content=\"https:\/\/coffeelounge.delonghi.com\/wp-content\/uploads\/2021\/05\/Bontadi-Pack-1.png\" \/>\n<script type=\"application\/ld+json\" class=\"yoast-schema-graph\">{\"@context\":\"https:\/\/schema.org\",\"@graph\":[{\"@type\":\"WebPage\",\"@id\":\"https:\/\/coffeelounge.delonghi.com\/it\/product\/100-arabica-biologico-caffe-bontadi\/\",\"url\":\"https:\/\/coffeelounge.delonghi.com\/it\/product\/100-arabica-biologico-caffe-bontadi\/\",\"name\":\"100% ARABICA BIOLOGICO di Caff\u00e8 Bontadi | De&#039;Longhi\",\"isPartOf\":{\"@id\":\"https:\/\/coffeelounge.delonghi.com\/it\/#website\"},\"primaryImageOfPage\":{\"@id\":\"https:\/\/coffeelounge.delonghi.com\/it\/product\/100-arabica-biologico-caffe-bontadi\/#primaryimage\"},\"image\":{\"@id\":\"https:\/\/coffeelounge.delonghi.com\/it\/product\/100-arabica-biologico-caffe-bontadi\/#primaryimage\"},\"thumbnailUrl\":\"https:\/\/coffeelounge.delonghi.com\/wp-content\/uploads\/2021\/05\/Bontadi-Pack-1.png\",\"datePublished\":\"2021-05-16T19:28:55+00:00\",\"dateModified\":\"2024-03-04T08:08:48+00:00\",\"description\":\"Miscela di alta gamma composta da caff\u00e8 di specie 100% arabica selezionate da solo 2 provenienze geografiche Messico e Nicaragua.\",\"breadcrumb\":{\"@id\":\"https:\/\/coffeelounge.delonghi.com\/it\/product\/100-arabica-biologico-caffe-bontadi\/#breadcrumb\"},\"inLanguage\":\"it-IT\",\"potentialAction\":[{\"@type\":\"ReadAction\",\"target\":[\"https:\/\/coffeelounge.delonghi.com\/it\/product\/100-arabica-biologico-caffe-bontadi\/\"]}]},{\"@type\":\"ImageObject\",\"inLanguage\":\"it-IT\",\"@id\":\"https:\/\/coffeelounge.delonghi.com\/it\/product\/100-arabica-biologico-caffe-bontadi\/#primaryimage\",\"url\":\"https:\/\/coffeelounge.delonghi.com\/wp-content\/uploads\/2021\/05\/Bontadi-Pack-1.png\",\"contentUrl\":\"https:\/\/coffeelounge.delonghi.com\/wp-content\/uploads\/2021\/05\/Bontadi-Pack-1.png\",\"width\":450,\"height\":450},{\"@type\":\"BreadcrumbList\",\"@id\":\"https:\/\/coffeelounge.delonghi.com\/it\/product\/100-arabica-biologico-caffe-bontadi\/#breadcrumb\",\"itemListElement\":[{\"@type\":\"ListItem\",\"position\":1,\"name\":\"Home\",\"item\":\"https:\/\/coffeelounge.delonghi.com\/it\/\"},{\"@type\":\"ListItem\",\"position\":2,\"name\":\"Boutique\",\"item\":\"https:\/\/coffeelounge.delonghi.com\/fr\/?page_id=36\"},{\"@type\":\"ListItem\",\"position\":3,\"name\":\"100% ARABICA BIOLOGICO di Caff\u00e8 Bontadi\"}]},{\"@type\":\"WebSite\",\"@id\":\"https:\/\/coffeelounge.delonghi.com\/it\/#website\",\"url\":\"https:\/\/coffeelounge.delonghi.com\/it\/\",\"name\":\"De&#039;Longhi\",\"description\":\"Coffee Lounge\",\"publisher\":{\"@id\":\"https:\/\/coffeelounge.delonghi.com\/it\/#organization\"},\"potentialAction\":[{\"@type\":\"SearchAction\",\"target\":{\"@type\":\"EntryPoint\",\"urlTemplate\":\"https:\/\/coffeelounge.delonghi.com\/it\/?s={search_term_string}\"},\"query-input\":{\"@type\":\"PropertyValueSpecification\",\"valueRequired\":true,\"valueName\":\"search_term_string\"}}],\"inLanguage\":\"it-IT\"},{\"@type\":\"Organization\",\"@id\":\"https:\/\/coffeelounge.delonghi.com\/it\/#organization\",\"name\":\"De'Longhi Coffee Lounge\",\"url\":\"https:\/\/coffeelounge.delonghi.com\/it\/\",\"logo\":{\"@type\":\"ImageObject\",\"inLanguage\":\"it-IT\",\"@id\":\"https:\/\/coffeelounge.delonghi.com\/it\/#\/schema\/logo\/image\/\",\"url\":\"https:\/\/coffeelounge.delonghi.com\/wp-content\/uploads\/2020\/05\/delonghi-coffee-lounge-logo-nederland.png\",\"contentUrl\":\"https:\/\/coffeelounge.delonghi.com\/wp-content\/uploads\/2020\/05\/delonghi-coffee-lounge-logo-nederland.png\",\"width\":2337,\"height\":724,\"caption\":\"De'Longhi Coffee Lounge\"},\"image\":{\"@id\":\"https:\/\/coffeelounge.delonghi.com\/it\/#\/schema\/logo\/image\/\"}}]}<\/script>\n<!-- \/ Yoast SEO Premium plugin. -->","yoast_head_json":{"title":"100% ARABICA BIOLOGICO di Caff\u00e8 Bontadi | De&#039;Longhi","description":"Miscela di alta gamma composta da caff\u00e8 di specie 100% arabica selezionate da solo 2 provenienze geografiche Messico e Nicaragua.","robots":{"index":"index","follow":"follow","max-snippet":"max-snippet:-1","max-image-preview":"max-image-preview:large","max-video-preview":"max-video-preview:-1"},"twitter_card":"summary_large_image","twitter_title":"100% ARABICA BIOLOGICO di Caff\u00e8 Bontadi | De&#039;Longhi","twitter_description":"Miscela di alta gamma composta da caff\u00e8 di specie 100% arabica selezionate da solo 2 provenienze geografiche Messico e Nicaragua.","twitter_image":"https:\/\/coffeelounge.delonghi.com\/wp-content\/uploads\/2021\/05\/Bontadi-Pack-1.png","schema":{"@context":"https:\/\/schema.org","@graph":[{"@type":"WebPage","@id":"https:\/\/coffeelounge.delonghi.com\/it\/product\/100-arabica-biologico-caffe-bontadi\/","url":"https:\/\/coffeelounge.delonghi.com\/it\/product\/100-arabica-biologico-caffe-bontadi\/","name":"100% ARABICA BIOLOGICO di Caff\u00e8 Bontadi | De&#039;Longhi","isPartOf":{"@id":"https:\/\/coffeelounge.delonghi.com\/it\/#website"},"primaryImageOfPage":{"@id":"https:\/\/coffeelounge.delonghi.com\/it\/product\/100-arabica-biologico-caffe-bontadi\/#primaryimage"},"image":{"@id":"https:\/\/coffeelounge.delonghi.com\/it\/product\/100-arabica-biologico-caffe-bontadi\/#primaryimage"},"thumbnailUrl":"https:\/\/coffeelounge.delonghi.com\/wp-content\/uploads\/2021\/05\/Bontadi-Pack-1.png","datePublished":"2021-05-16T19:28:55+00:00","dateModified":"2024-03-04T08:08:48+00:00","description":"Miscela di alta gamma composta da caff\u00e8 di specie 100% arabica selezionate da solo 2 provenienze geografiche Messico e Nicaragua.","breadcrumb":{"@id":"https:\/\/coffeelounge.delonghi.com\/it\/product\/100-arabica-biologico-caffe-bontadi\/#breadcrumb"},"inLanguage":"it-IT","potentialAction":[{"@type":"ReadAction","target":["https:\/\/coffeelounge.delonghi.com\/it\/product\/100-arabica-biologico-caffe-bontadi\/"]}]},{"@type":"ImageObject","inLanguage":"it-IT","@id":"https:\/\/coffeelounge.delonghi.com\/it\/product\/100-arabica-biologico-caffe-bontadi\/#primaryimage","url":"https:\/\/coffeelounge.delonghi.com\/wp-content\/uploads\/2021\/05\/Bontadi-Pack-1.png","contentUrl":"https:\/\/coffeelounge.delonghi.com\/wp-content\/uploads\/2021\/05\/Bontadi-Pack-1.png","width":450,"height":450},{"@type":"BreadcrumbList","@id":"https:\/\/coffeelounge.delonghi.com\/it\/product\/100-arabica-biologico-caffe-bontadi\/#breadcrumb","itemListElement":[{"@type":"ListItem","position":1,"name":"Home","item":"https:\/\/coffeelounge.delonghi.com\/it\/"},{"@type":"ListItem","position":2,"name":"Boutique","item":"https:\/\/coffeelounge.delonghi.com\/fr\/?page_id=36"},{"@type":"ListItem","position":3,"name":"100% ARABICA BIOLOGICO di Caff\u00e8 Bontadi"}]},{"@type":"WebSite","@id":"https:\/\/coffeelounge.delonghi.com\/it\/#website","url":"https:\/\/coffeelounge.delonghi.com\/it\/","name":"De&#039;Longhi","description":"Coffee Lounge","publisher":{"@id":"https:\/\/coffeelounge.delonghi.com\/it\/#organization"},"potentialAction":[{"@type":"SearchAction","target":{"@type":"EntryPoint","urlTemplate":"https:\/\/coffeelounge.delonghi.com\/it\/?s={search_term_string}"},"query-input":{"@type":"PropertyValueSpecification","valueRequired":true,"valueName":"search_term_string"}}],"inLanguage":"it-IT"},{"@type":"Organization","@id":"https:\/\/coffeelounge.delonghi.com\/it\/#organization","name":"De'Longhi Coffee Lounge","url":"https:\/\/coffeelounge.delonghi.com\/it\/","logo":{"@type":"ImageObject","inLanguage":"it-IT","@id":"https:\/\/coffeelounge.delonghi.com\/it\/#\/schema\/logo\/image\/","url":"https:\/\/coffeelounge.delonghi.com\/wp-content\/uploads\/2020\/05\/delonghi-coffee-lounge-logo-nederland.png","contentUrl":"https:\/\/coffeelounge.delonghi.com\/wp-content\/uploads\/2020\/05\/delonghi-coffee-lounge-logo-nederland.png","width":2337,"height":724,"caption":"De'Longhi Coffee Lounge"},"image":{"@id":"https:\/\/coffeelounge.delonghi.com\/it\/#\/schema\/logo\/image\/"}}]}},"_links":{"self":[{"href":"https:\/\/coffeelounge.delonghi.com\/it\/wp-json\/wp\/v2\/product\/29317","targetHints":{"allow":["GET"]}}],"collection":[{"href":"https:\/\/coffeelounge.delonghi.com\/it\/wp-json\/wp\/v2\/product"}],"about":[{"href":"https:\/\/coffeelounge.delonghi.com\/it\/wp-json\/wp\/v2\/types\/product"}],"replies":[{"embeddable":true,"href":"https:\/\/coffeelounge.delonghi.com\/it\/wp-json\/wp\/v2\/comments?post=29317"}],"version-history":[{"count":2,"href":"https:\/\/coffeelounge.delonghi.com\/it\/wp-json\/wp\/v2\/product\/29317\/revisions"}],"predecessor-version":[{"id":421955,"href":"https:\/\/coffeelounge.delonghi.com\/it\/wp-json\/wp\/v2\/product\/29317\/revisions\/421955"}],"wp:featuredmedia":[{"embeddable":true,"href":"https:\/\/coffeelounge.delonghi.com\/it\/wp-json\/wp\/v2\/media\/417955"}],"wp:attachment":[{"href":"https:\/\/coffeelounge.delonghi.com\/it\/wp-json\/wp\/v2\/media?parent=29317"}],"wp:term":[{"taxonomy":"product_cat","embeddable":true,"href":"https:\/\/coffeelounge.delonghi.com\/it\/wp-json\/wp\/v2\/product_cat?post=29317"},{"taxonomy":"product_tag","embeddable":true,"href":"https:\/\/coffeelounge.delonghi.com\/it\/wp-json\/wp\/v2\/product_tag?post=29317"}],"curies":[{"name":"wp","href":"https:\/\/api.w.org\/{rel}","templated":true}]}}