{"id":29064,"date":"2021-05-11T21:42:12","date_gmt":"2021-05-11T21:42:12","guid":{"rendered":"https:\/\/coffeelounge.delonghi.com\/?post_type=product&#038;p=29064"},"modified":"2024-03-04T08:09:07","modified_gmt":"2024-03-04T08:09:07","slug":"harenna-di-trinci-caffe","status":"publish","type":"product","link":"https:\/\/coffeelounge.delonghi.com\/it\/product\/harenna-di-trinci-caffe\/","title":{"rendered":"Harenna di Trinci caff\u00e8"},"content":{"rendered":"<p>L\u2019Etiopia \u00e8 il paese di origine del caff\u00e8 e, dunque, l\u2019unico al mondo in cui si trovano piante allo stato selvatico. La foresta di Harenna, una delle pi\u00f9 grandi dell\u2019Etiopia, si trova tra le montagne del magnifico Parco nazionale del Bale, 350 chilometri a sud della capitale Addis Abeba.<\/p>\n<p>Qui, intorno ai 1800 metri di altitudine, cresce spontaneamente all\u2019ombra di alberi ad alto fusto, un caff\u00e8 arabica con straordinarie potenzialit\u00e0 qualitative ancora poco conosciute e valorizzate. I contadini di questa zona vivono grazie alla vendita del caff\u00e8, che costituisce la principale fonte di reddito.<\/p>\n<p>La raccolta \u00e8 manuale. Non sono previste n\u00e9 la spolatura n\u00e9 la lavatura dei chicchi, fasi cruciali per i caff\u00e8 dei Presidi latino-americani. Si tratta infatti di un caff\u00e8 &#8220;naturale&#8221; che, dopo la raccolta, prevede esclusivamente l\u2019essiccazione al sole delle ciliegie su reti sospese (lettini). Il caff\u00e8 \u00e8 ricavato da piante di Coffea Arabica della variet\u00e0 Typica.<\/p>\n<p>La tostatura medio\/chiara conferisce al caff\u00e8 una buona acidit\u00e0 e un corpo deciso, con poca amarezza. Caff\u00e8 con alta intensit\u00e0 aromatica, sentori di fiori e agrumi. Acidit\u00e0 buona, retrogusto di vaniglia. Lascia il palato con una sensazione di morbidezza.<\/p>\n<p><strong>Certificazioni<\/strong>: Presidio internazionale Slow Food<\/p>\n<p><strong>Parametro consigliato per la macchina da caff\u00e8 espresso:<\/strong> macinatura media.<\/p>\n","protected":false},"excerpt":{"rendered":"<p>L\u2019Etiopia \u00e8 il paese di origine del caff\u00e8 e, dunque, l\u2019unico al mondo in cui si trovano piante allo stato selvatico. La foresta di Harenna, una delle pi\u00f9 grandi dell\u2019Etiopia, si trova tra le montagne del magnifico Parco nazionale del Bale, 350 chilometri a sud della capitale Addis Abeba. Qui, intorno ai 1800 metri di [&hellip;]<\/p>\n","protected":false},"featured_media":417994,"comment_status":"closed","ping_status":"closed","template":"","meta":{"_acf_changed":false},"product_cat":[74,30],"product_tag":[],"class_list":{"0":"post-29064","1":"product","2":"type-product","3":"status-publish","4":"has-post-thumbnail","6":"product_cat-tutti","7":"product_cat-monorigine","9":"first","10":"instock","11":"taxable","12":"shipping-taxable","13":"purchasable","14":"product-type-variable"},"acf":[],"yoast_head":"<!-- This site is optimized with the Yoast SEO Premium plugin v24.5 (Yoast SEO v24.5) - https:\/\/yoast.com\/wordpress\/plugins\/seo\/ -->\n<title>Harenna di Trinci caff\u00e8 | De&#039;Longhi<\/title>\n<meta name=\"description\" content=\"L\u2019Etiopia \u00e8 il paese di origine del caff\u00e8 e, dunque, l\u2019unico al mondo in cui si trovano piante allo stato selvatico.\" \/>\n<meta name=\"robots\" content=\"index, follow, max-snippet:-1, max-image-preview:large, max-video-preview:-1\" \/>\n<meta name=\"twitter:card\" content=\"summary_large_image\" \/>\n<meta name=\"twitter:title\" content=\"Harenna di Trinci caff\u00e8 | De&#039;Longhi\" \/>\n<meta name=\"twitter:description\" content=\"L\u2019Etiopia \u00e8 il paese di origine del caff\u00e8 e, dunque, l\u2019unico al mondo in cui si trovano piante allo stato selvatico.\" \/>\n<meta name=\"twitter:image\" content=\"https:\/\/coffeelounge.delonghi.com\/wp-content\/uploads\/2021\/05\/Huehuetenango_Trinci-Pack3.png\" \/>\n<script type=\"application\/ld+json\" class=\"yoast-schema-graph\">{\"@context\":\"https:\/\/schema.org\",\"@graph\":[{\"@type\":\"WebPage\",\"@id\":\"https:\/\/coffeelounge.delonghi.com\/it\/product\/harenna-di-trinci-caffe\/\",\"url\":\"https:\/\/coffeelounge.delonghi.com\/it\/product\/harenna-di-trinci-caffe\/\",\"name\":\"Harenna di Trinci caff\u00e8 | De&#039;Longhi\",\"isPartOf\":{\"@id\":\"https:\/\/coffeelounge.delonghi.com\/it\/#website\"},\"primaryImageOfPage\":{\"@id\":\"https:\/\/coffeelounge.delonghi.com\/it\/product\/harenna-di-trinci-caffe\/#primaryimage\"},\"image\":{\"@id\":\"https:\/\/coffeelounge.delonghi.com\/it\/product\/harenna-di-trinci-caffe\/#primaryimage\"},\"thumbnailUrl\":\"https:\/\/coffeelounge.delonghi.com\/wp-content\/uploads\/2021\/05\/Huehuetenango_Trinci-Pack3.png\",\"datePublished\":\"2021-05-11T21:42:12+00:00\",\"dateModified\":\"2024-03-04T08:09:07+00:00\",\"description\":\"L\u2019Etiopia \u00e8 il paese di origine del caff\u00e8 e, dunque, l\u2019unico al mondo in cui si trovano piante allo stato selvatico.\",\"breadcrumb\":{\"@id\":\"https:\/\/coffeelounge.delonghi.com\/it\/product\/harenna-di-trinci-caffe\/#breadcrumb\"},\"inLanguage\":\"it-IT\",\"potentialAction\":[{\"@type\":\"ReadAction\",\"target\":[\"https:\/\/coffeelounge.delonghi.com\/it\/product\/harenna-di-trinci-caffe\/\"]}]},{\"@type\":\"ImageObject\",\"inLanguage\":\"it-IT\",\"@id\":\"https:\/\/coffeelounge.delonghi.com\/it\/product\/harenna-di-trinci-caffe\/#primaryimage\",\"url\":\"https:\/\/coffeelounge.delonghi.com\/wp-content\/uploads\/2021\/05\/Huehuetenango_Trinci-Pack3.png\",\"contentUrl\":\"https:\/\/coffeelounge.delonghi.com\/wp-content\/uploads\/2021\/05\/Huehuetenango_Trinci-Pack3.png\",\"width\":450,\"height\":450},{\"@type\":\"BreadcrumbList\",\"@id\":\"https:\/\/coffeelounge.delonghi.com\/it\/product\/harenna-di-trinci-caffe\/#breadcrumb\",\"itemListElement\":[{\"@type\":\"ListItem\",\"position\":1,\"name\":\"Home\",\"item\":\"https:\/\/coffeelounge.delonghi.com\/it\/\"},{\"@type\":\"ListItem\",\"position\":2,\"name\":\"Boutique\",\"item\":\"https:\/\/coffeelounge.delonghi.com\/fr\/?page_id=36\"},{\"@type\":\"ListItem\",\"position\":3,\"name\":\"Harenna di Trinci caff\u00e8\"}]},{\"@type\":\"WebSite\",\"@id\":\"https:\/\/coffeelounge.delonghi.com\/it\/#website\",\"url\":\"https:\/\/coffeelounge.delonghi.com\/it\/\",\"name\":\"De&#039;Longhi\",\"description\":\"Coffee Lounge\",\"publisher\":{\"@id\":\"https:\/\/coffeelounge.delonghi.com\/it\/#organization\"},\"potentialAction\":[{\"@type\":\"SearchAction\",\"target\":{\"@type\":\"EntryPoint\",\"urlTemplate\":\"https:\/\/coffeelounge.delonghi.com\/it\/?s={search_term_string}\"},\"query-input\":{\"@type\":\"PropertyValueSpecification\",\"valueRequired\":true,\"valueName\":\"search_term_string\"}}],\"inLanguage\":\"it-IT\"},{\"@type\":\"Organization\",\"@id\":\"https:\/\/coffeelounge.delonghi.com\/it\/#organization\",\"name\":\"De'Longhi Coffee Lounge\",\"url\":\"https:\/\/coffeelounge.delonghi.com\/it\/\",\"logo\":{\"@type\":\"ImageObject\",\"inLanguage\":\"it-IT\",\"@id\":\"https:\/\/coffeelounge.delonghi.com\/it\/#\/schema\/logo\/image\/\",\"url\":\"https:\/\/coffeelounge.delonghi.com\/wp-content\/uploads\/2020\/05\/delonghi-coffee-lounge-logo-nederland.png\",\"contentUrl\":\"https:\/\/coffeelounge.delonghi.com\/wp-content\/uploads\/2020\/05\/delonghi-coffee-lounge-logo-nederland.png\",\"width\":2337,\"height\":724,\"caption\":\"De'Longhi Coffee Lounge\"},\"image\":{\"@id\":\"https:\/\/coffeelounge.delonghi.com\/it\/#\/schema\/logo\/image\/\"}}]}<\/script>\n<!-- \/ Yoast SEO Premium plugin. -->","yoast_head_json":{"title":"Harenna di Trinci caff\u00e8 | De&#039;Longhi","description":"L\u2019Etiopia \u00e8 il paese di origine del caff\u00e8 e, dunque, l\u2019unico al mondo in cui si trovano piante allo stato selvatico.","robots":{"index":"index","follow":"follow","max-snippet":"max-snippet:-1","max-image-preview":"max-image-preview:large","max-video-preview":"max-video-preview:-1"},"twitter_card":"summary_large_image","twitter_title":"Harenna di Trinci caff\u00e8 | De&#039;Longhi","twitter_description":"L\u2019Etiopia \u00e8 il paese di origine del caff\u00e8 e, dunque, l\u2019unico al mondo in cui si trovano piante allo stato selvatico.","twitter_image":"https:\/\/coffeelounge.delonghi.com\/wp-content\/uploads\/2021\/05\/Huehuetenango_Trinci-Pack3.png","schema":{"@context":"https:\/\/schema.org","@graph":[{"@type":"WebPage","@id":"https:\/\/coffeelounge.delonghi.com\/it\/product\/harenna-di-trinci-caffe\/","url":"https:\/\/coffeelounge.delonghi.com\/it\/product\/harenna-di-trinci-caffe\/","name":"Harenna di Trinci caff\u00e8 | De&#039;Longhi","isPartOf":{"@id":"https:\/\/coffeelounge.delonghi.com\/it\/#website"},"primaryImageOfPage":{"@id":"https:\/\/coffeelounge.delonghi.com\/it\/product\/harenna-di-trinci-caffe\/#primaryimage"},"image":{"@id":"https:\/\/coffeelounge.delonghi.com\/it\/product\/harenna-di-trinci-caffe\/#primaryimage"},"thumbnailUrl":"https:\/\/coffeelounge.delonghi.com\/wp-content\/uploads\/2021\/05\/Huehuetenango_Trinci-Pack3.png","datePublished":"2021-05-11T21:42:12+00:00","dateModified":"2024-03-04T08:09:07+00:00","description":"L\u2019Etiopia \u00e8 il paese di origine del caff\u00e8 e, dunque, l\u2019unico al mondo in cui si trovano piante allo stato selvatico.","breadcrumb":{"@id":"https:\/\/coffeelounge.delonghi.com\/it\/product\/harenna-di-trinci-caffe\/#breadcrumb"},"inLanguage":"it-IT","potentialAction":[{"@type":"ReadAction","target":["https:\/\/coffeelounge.delonghi.com\/it\/product\/harenna-di-trinci-caffe\/"]}]},{"@type":"ImageObject","inLanguage":"it-IT","@id":"https:\/\/coffeelounge.delonghi.com\/it\/product\/harenna-di-trinci-caffe\/#primaryimage","url":"https:\/\/coffeelounge.delonghi.com\/wp-content\/uploads\/2021\/05\/Huehuetenango_Trinci-Pack3.png","contentUrl":"https:\/\/coffeelounge.delonghi.com\/wp-content\/uploads\/2021\/05\/Huehuetenango_Trinci-Pack3.png","width":450,"height":450},{"@type":"BreadcrumbList","@id":"https:\/\/coffeelounge.delonghi.com\/it\/product\/harenna-di-trinci-caffe\/#breadcrumb","itemListElement":[{"@type":"ListItem","position":1,"name":"Home","item":"https:\/\/coffeelounge.delonghi.com\/it\/"},{"@type":"ListItem","position":2,"name":"Boutique","item":"https:\/\/coffeelounge.delonghi.com\/fr\/?page_id=36"},{"@type":"ListItem","position":3,"name":"Harenna di Trinci caff\u00e8"}]},{"@type":"WebSite","@id":"https:\/\/coffeelounge.delonghi.com\/it\/#website","url":"https:\/\/coffeelounge.delonghi.com\/it\/","name":"De&#039;Longhi","description":"Coffee Lounge","publisher":{"@id":"https:\/\/coffeelounge.delonghi.com\/it\/#organization"},"potentialAction":[{"@type":"SearchAction","target":{"@type":"EntryPoint","urlTemplate":"https:\/\/coffeelounge.delonghi.com\/it\/?s={search_term_string}"},"query-input":{"@type":"PropertyValueSpecification","valueRequired":true,"valueName":"search_term_string"}}],"inLanguage":"it-IT"},{"@type":"Organization","@id":"https:\/\/coffeelounge.delonghi.com\/it\/#organization","name":"De'Longhi Coffee Lounge","url":"https:\/\/coffeelounge.delonghi.com\/it\/","logo":{"@type":"ImageObject","inLanguage":"it-IT","@id":"https:\/\/coffeelounge.delonghi.com\/it\/#\/schema\/logo\/image\/","url":"https:\/\/coffeelounge.delonghi.com\/wp-content\/uploads\/2020\/05\/delonghi-coffee-lounge-logo-nederland.png","contentUrl":"https:\/\/coffeelounge.delonghi.com\/wp-content\/uploads\/2020\/05\/delonghi-coffee-lounge-logo-nederland.png","width":2337,"height":724,"caption":"De'Longhi Coffee Lounge"},"image":{"@id":"https:\/\/coffeelounge.delonghi.com\/it\/#\/schema\/logo\/image\/"}}]}},"_links":{"self":[{"href":"https:\/\/coffeelounge.delonghi.com\/it\/wp-json\/wp\/v2\/product\/29064","targetHints":{"allow":["GET"]}}],"collection":[{"href":"https:\/\/coffeelounge.delonghi.com\/it\/wp-json\/wp\/v2\/product"}],"about":[{"href":"https:\/\/coffeelounge.delonghi.com\/it\/wp-json\/wp\/v2\/types\/product"}],"replies":[{"embeddable":true,"href":"https:\/\/coffeelounge.delonghi.com\/it\/wp-json\/wp\/v2\/comments?post=29064"}],"version-history":[{"count":2,"href":"https:\/\/coffeelounge.delonghi.com\/it\/wp-json\/wp\/v2\/product\/29064\/revisions"}],"predecessor-version":[{"id":421957,"href":"https:\/\/coffeelounge.delonghi.com\/it\/wp-json\/wp\/v2\/product\/29064\/revisions\/421957"}],"wp:featuredmedia":[{"embeddable":true,"href":"https:\/\/coffeelounge.delonghi.com\/it\/wp-json\/wp\/v2\/media\/417994"}],"wp:attachment":[{"href":"https:\/\/coffeelounge.delonghi.com\/it\/wp-json\/wp\/v2\/media?parent=29064"}],"wp:term":[{"taxonomy":"product_cat","embeddable":true,"href":"https:\/\/coffeelounge.delonghi.com\/it\/wp-json\/wp\/v2\/product_cat?post=29064"},{"taxonomy":"product_tag","embeddable":true,"href":"https:\/\/coffeelounge.delonghi.com\/it\/wp-json\/wp\/v2\/product_tag?post=29064"}],"curies":[{"name":"wp","href":"https:\/\/api.w.org\/{rel}","templated":true}]}}