{"id":29058,"date":"2021-05-11T21:36:44","date_gmt":"2021-05-11T21:36:44","guid":{"rendered":"https:\/\/coffeelounge.delonghi.com\/?post_type=product&#038;p=29058"},"modified":"2024-03-04T08:10:30","modified_gmt":"2024-03-04T08:10:30","slug":"huehuetenango-trinci-caffe","status":"publish","type":"product","link":"https:\/\/coffeelounge.delonghi.com\/it\/product\/huehuetenango-trinci-caffe\/","title":{"rendered":"Huehuetenango"},"content":{"rendered":"<p>Huehuetenango, situato ai piedi dei Cuchumatanes, la pi\u00f9 alta catena montuosa non vulcanica del Centro America, \u00e8 una delle aree pi\u00f9 vocate del paese per la caficoltura. Le correnti d\u2019aria calda provenienti dall\u2019istmo di Tehuatepec, infatti, incontrando l\u2019aria fredda che soffia sulle montagne dei Cuchumatanes, consentono di coltivare caff\u00e8 fino a 1900 metri. Ed \u00e8 proprio alle altitudini maggiori che si ottiene il prodotto migliore.<\/p>\n<p>A Huehuetenango il caff\u00e8 \u00e8 praticamente una monocoltura e l\u2019economia della regione dipende dalla sua esportazione.<\/p>\n<p>Il caff\u00e8 \u00e8 uno S.H.B. (Strictly Hard Bean) tra i migliori al mondo ed \u00e8 ricavato da piante di Coffea arabica (delle variet\u00e0 Typica, Bourbon e Caturra) coltivate all\u2019ombra di alberi ad alto fusto. La raccolta \u00e8 manuale: le ciliegie sono staccate una a una e riposte in ceste di vimini legate ai fianchi. I chicchi sono estratti dalle bacche artigianalmente, attraverso un delicato processo di fermentazione che inizia entro quattro ore dalla raccolta e dura 24-36 ore. Dopo la spolpatura, i grani seccano al sole per almeno tre giorni, continuamente rivoltati con un rastrello.<\/p>\n<p>La tostatura medio\/chiara conferisce al caff\u00e8 una buona acidit\u00e0 e un corpo leggero, con poca amarezza. Aroma seducente ed intrigante con sentori di fiori e di miele accompagnati da una piacevole nota di caramello.<\/p>\n<p><strong>Certificazioni<\/strong>: Presidio internazionale Slow Food<\/p>\n","protected":false},"excerpt":{"rendered":"<p>Huehuetenango, situato ai piedi dei Cuchumatanes, la pi\u00f9 alta catena montuosa non vulcanica del Centro America, \u00e8 una delle aree pi\u00f9 vocate del paese per la caficoltura. Le correnti d\u2019aria calda provenienti dall\u2019istmo di Tehuatepec, infatti, incontrando l\u2019aria fredda che soffia sulle montagne dei Cuchumatanes, consentono di coltivare caff\u00e8 fino a 1900 metri. Ed \u00e8 [&hellip;]<\/p>\n","protected":false},"featured_media":417994,"comment_status":"closed","ping_status":"closed","template":"","meta":{"_acf_changed":false},"product_cat":[74,30],"product_tag":[],"class_list":{"0":"post-29058","1":"product","2":"type-product","3":"status-publish","4":"has-post-thumbnail","6":"product_cat-tutti","7":"product_cat-monorigine","9":"first","10":"instock","11":"taxable","12":"shipping-taxable","13":"purchasable","14":"product-type-variable"},"acf":[],"yoast_head":"<!-- This site is optimized with the Yoast SEO Premium plugin v24.5 (Yoast SEO v24.5) - https:\/\/yoast.com\/wordpress\/plugins\/seo\/ -->\n<title>Huehuetenango | De&#039;Longhi<\/title>\n<meta name=\"description\" content=\"Situato ai piedi dei Cuchumatanes, la pi\u00f9 alta catena montuosa non vulcanica del Centro America, \u00e8 una delle aree pi\u00f9 vocate del paese per la caficoltura\" \/>\n<meta name=\"robots\" content=\"index, follow, max-snippet:-1, max-image-preview:large, max-video-preview:-1\" \/>\n<meta name=\"twitter:card\" content=\"summary_large_image\" \/>\n<meta name=\"twitter:title\" content=\"Huehuetenango | De&#039;Longhi\" \/>\n<meta name=\"twitter:description\" content=\"Situato ai piedi dei Cuchumatanes, la pi\u00f9 alta catena montuosa non vulcanica del Centro America, \u00e8 una delle aree pi\u00f9 vocate del paese per la caficoltura\" \/>\n<meta name=\"twitter:image\" content=\"https:\/\/coffeelounge.delonghi.com\/wp-content\/uploads\/2021\/05\/Huehuetenango_Trinci-Pack3.png\" \/>\n<script type=\"application\/ld+json\" class=\"yoast-schema-graph\">{\"@context\":\"https:\/\/schema.org\",\"@graph\":[{\"@type\":\"WebPage\",\"@id\":\"https:\/\/coffeelounge.delonghi.com\/it\/product\/huehuetenango-trinci-caffe\/\",\"url\":\"https:\/\/coffeelounge.delonghi.com\/it\/product\/huehuetenango-trinci-caffe\/\",\"name\":\"Huehuetenango | De&#039;Longhi\",\"isPartOf\":{\"@id\":\"https:\/\/coffeelounge.delonghi.com\/it\/#website\"},\"primaryImageOfPage\":{\"@id\":\"https:\/\/coffeelounge.delonghi.com\/it\/product\/huehuetenango-trinci-caffe\/#primaryimage\"},\"image\":{\"@id\":\"https:\/\/coffeelounge.delonghi.com\/it\/product\/huehuetenango-trinci-caffe\/#primaryimage\"},\"thumbnailUrl\":\"https:\/\/coffeelounge.delonghi.com\/wp-content\/uploads\/2021\/05\/Huehuetenango_Trinci-Pack3.png\",\"datePublished\":\"2021-05-11T21:36:44+00:00\",\"dateModified\":\"2024-03-04T08:10:30+00:00\",\"description\":\"Situato ai piedi dei Cuchumatanes, la pi\u00f9 alta catena montuosa non vulcanica del Centro America, \u00e8 una delle aree pi\u00f9 vocate del paese per la caficoltura\",\"breadcrumb\":{\"@id\":\"https:\/\/coffeelounge.delonghi.com\/it\/product\/huehuetenango-trinci-caffe\/#breadcrumb\"},\"inLanguage\":\"it-IT\",\"potentialAction\":[{\"@type\":\"ReadAction\",\"target\":[\"https:\/\/coffeelounge.delonghi.com\/it\/product\/huehuetenango-trinci-caffe\/\"]}]},{\"@type\":\"ImageObject\",\"inLanguage\":\"it-IT\",\"@id\":\"https:\/\/coffeelounge.delonghi.com\/it\/product\/huehuetenango-trinci-caffe\/#primaryimage\",\"url\":\"https:\/\/coffeelounge.delonghi.com\/wp-content\/uploads\/2021\/05\/Huehuetenango_Trinci-Pack3.png\",\"contentUrl\":\"https:\/\/coffeelounge.delonghi.com\/wp-content\/uploads\/2021\/05\/Huehuetenango_Trinci-Pack3.png\",\"width\":450,\"height\":450},{\"@type\":\"BreadcrumbList\",\"@id\":\"https:\/\/coffeelounge.delonghi.com\/it\/product\/huehuetenango-trinci-caffe\/#breadcrumb\",\"itemListElement\":[{\"@type\":\"ListItem\",\"position\":1,\"name\":\"Home\",\"item\":\"https:\/\/coffeelounge.delonghi.com\/it\/\"},{\"@type\":\"ListItem\",\"position\":2,\"name\":\"Boutique\",\"item\":\"https:\/\/coffeelounge.delonghi.com\/fr\/?page_id=36\"},{\"@type\":\"ListItem\",\"position\":3,\"name\":\"Huehuetenango\"}]},{\"@type\":\"WebSite\",\"@id\":\"https:\/\/coffeelounge.delonghi.com\/it\/#website\",\"url\":\"https:\/\/coffeelounge.delonghi.com\/it\/\",\"name\":\"De&#039;Longhi\",\"description\":\"Coffee Lounge\",\"publisher\":{\"@id\":\"https:\/\/coffeelounge.delonghi.com\/it\/#organization\"},\"potentialAction\":[{\"@type\":\"SearchAction\",\"target\":{\"@type\":\"EntryPoint\",\"urlTemplate\":\"https:\/\/coffeelounge.delonghi.com\/it\/?s={search_term_string}\"},\"query-input\":{\"@type\":\"PropertyValueSpecification\",\"valueRequired\":true,\"valueName\":\"search_term_string\"}}],\"inLanguage\":\"it-IT\"},{\"@type\":\"Organization\",\"@id\":\"https:\/\/coffeelounge.delonghi.com\/it\/#organization\",\"name\":\"De'Longhi Coffee Lounge\",\"url\":\"https:\/\/coffeelounge.delonghi.com\/it\/\",\"logo\":{\"@type\":\"ImageObject\",\"inLanguage\":\"it-IT\",\"@id\":\"https:\/\/coffeelounge.delonghi.com\/it\/#\/schema\/logo\/image\/\",\"url\":\"https:\/\/coffeelounge.delonghi.com\/wp-content\/uploads\/2020\/05\/delonghi-coffee-lounge-logo-nederland.png\",\"contentUrl\":\"https:\/\/coffeelounge.delonghi.com\/wp-content\/uploads\/2020\/05\/delonghi-coffee-lounge-logo-nederland.png\",\"width\":2337,\"height\":724,\"caption\":\"De'Longhi Coffee Lounge\"},\"image\":{\"@id\":\"https:\/\/coffeelounge.delonghi.com\/it\/#\/schema\/logo\/image\/\"}}]}<\/script>\n<!-- \/ Yoast SEO Premium plugin. -->","yoast_head_json":{"title":"Huehuetenango | De&#039;Longhi","description":"Situato ai piedi dei Cuchumatanes, la pi\u00f9 alta catena montuosa non vulcanica del Centro America, \u00e8 una delle aree pi\u00f9 vocate del paese per la caficoltura","robots":{"index":"index","follow":"follow","max-snippet":"max-snippet:-1","max-image-preview":"max-image-preview:large","max-video-preview":"max-video-preview:-1"},"twitter_card":"summary_large_image","twitter_title":"Huehuetenango | De&#039;Longhi","twitter_description":"Situato ai piedi dei Cuchumatanes, la pi\u00f9 alta catena montuosa non vulcanica del Centro America, \u00e8 una delle aree pi\u00f9 vocate del paese per la caficoltura","twitter_image":"https:\/\/coffeelounge.delonghi.com\/wp-content\/uploads\/2021\/05\/Huehuetenango_Trinci-Pack3.png","schema":{"@context":"https:\/\/schema.org","@graph":[{"@type":"WebPage","@id":"https:\/\/coffeelounge.delonghi.com\/it\/product\/huehuetenango-trinci-caffe\/","url":"https:\/\/coffeelounge.delonghi.com\/it\/product\/huehuetenango-trinci-caffe\/","name":"Huehuetenango | De&#039;Longhi","isPartOf":{"@id":"https:\/\/coffeelounge.delonghi.com\/it\/#website"},"primaryImageOfPage":{"@id":"https:\/\/coffeelounge.delonghi.com\/it\/product\/huehuetenango-trinci-caffe\/#primaryimage"},"image":{"@id":"https:\/\/coffeelounge.delonghi.com\/it\/product\/huehuetenango-trinci-caffe\/#primaryimage"},"thumbnailUrl":"https:\/\/coffeelounge.delonghi.com\/wp-content\/uploads\/2021\/05\/Huehuetenango_Trinci-Pack3.png","datePublished":"2021-05-11T21:36:44+00:00","dateModified":"2024-03-04T08:10:30+00:00","description":"Situato ai piedi dei Cuchumatanes, la pi\u00f9 alta catena montuosa non vulcanica del Centro America, \u00e8 una delle aree pi\u00f9 vocate del paese per la caficoltura","breadcrumb":{"@id":"https:\/\/coffeelounge.delonghi.com\/it\/product\/huehuetenango-trinci-caffe\/#breadcrumb"},"inLanguage":"it-IT","potentialAction":[{"@type":"ReadAction","target":["https:\/\/coffeelounge.delonghi.com\/it\/product\/huehuetenango-trinci-caffe\/"]}]},{"@type":"ImageObject","inLanguage":"it-IT","@id":"https:\/\/coffeelounge.delonghi.com\/it\/product\/huehuetenango-trinci-caffe\/#primaryimage","url":"https:\/\/coffeelounge.delonghi.com\/wp-content\/uploads\/2021\/05\/Huehuetenango_Trinci-Pack3.png","contentUrl":"https:\/\/coffeelounge.delonghi.com\/wp-content\/uploads\/2021\/05\/Huehuetenango_Trinci-Pack3.png","width":450,"height":450},{"@type":"BreadcrumbList","@id":"https:\/\/coffeelounge.delonghi.com\/it\/product\/huehuetenango-trinci-caffe\/#breadcrumb","itemListElement":[{"@type":"ListItem","position":1,"name":"Home","item":"https:\/\/coffeelounge.delonghi.com\/it\/"},{"@type":"ListItem","position":2,"name":"Boutique","item":"https:\/\/coffeelounge.delonghi.com\/fr\/?page_id=36"},{"@type":"ListItem","position":3,"name":"Huehuetenango"}]},{"@type":"WebSite","@id":"https:\/\/coffeelounge.delonghi.com\/it\/#website","url":"https:\/\/coffeelounge.delonghi.com\/it\/","name":"De&#039;Longhi","description":"Coffee Lounge","publisher":{"@id":"https:\/\/coffeelounge.delonghi.com\/it\/#organization"},"potentialAction":[{"@type":"SearchAction","target":{"@type":"EntryPoint","urlTemplate":"https:\/\/coffeelounge.delonghi.com\/it\/?s={search_term_string}"},"query-input":{"@type":"PropertyValueSpecification","valueRequired":true,"valueName":"search_term_string"}}],"inLanguage":"it-IT"},{"@type":"Organization","@id":"https:\/\/coffeelounge.delonghi.com\/it\/#organization","name":"De'Longhi Coffee Lounge","url":"https:\/\/coffeelounge.delonghi.com\/it\/","logo":{"@type":"ImageObject","inLanguage":"it-IT","@id":"https:\/\/coffeelounge.delonghi.com\/it\/#\/schema\/logo\/image\/","url":"https:\/\/coffeelounge.delonghi.com\/wp-content\/uploads\/2020\/05\/delonghi-coffee-lounge-logo-nederland.png","contentUrl":"https:\/\/coffeelounge.delonghi.com\/wp-content\/uploads\/2020\/05\/delonghi-coffee-lounge-logo-nederland.png","width":2337,"height":724,"caption":"De'Longhi Coffee Lounge"},"image":{"@id":"https:\/\/coffeelounge.delonghi.com\/it\/#\/schema\/logo\/image\/"}}]}},"_links":{"self":[{"href":"https:\/\/coffeelounge.delonghi.com\/it\/wp-json\/wp\/v2\/product\/29058","targetHints":{"allow":["GET"]}}],"collection":[{"href":"https:\/\/coffeelounge.delonghi.com\/it\/wp-json\/wp\/v2\/product"}],"about":[{"href":"https:\/\/coffeelounge.delonghi.com\/it\/wp-json\/wp\/v2\/types\/product"}],"replies":[{"embeddable":true,"href":"https:\/\/coffeelounge.delonghi.com\/it\/wp-json\/wp\/v2\/comments?post=29058"}],"version-history":[{"count":1,"href":"https:\/\/coffeelounge.delonghi.com\/it\/wp-json\/wp\/v2\/product\/29058\/revisions"}],"predecessor-version":[{"id":418019,"href":"https:\/\/coffeelounge.delonghi.com\/it\/wp-json\/wp\/v2\/product\/29058\/revisions\/418019"}],"wp:featuredmedia":[{"embeddable":true,"href":"https:\/\/coffeelounge.delonghi.com\/it\/wp-json\/wp\/v2\/media\/417994"}],"wp:attachment":[{"href":"https:\/\/coffeelounge.delonghi.com\/it\/wp-json\/wp\/v2\/media?parent=29058"}],"wp:term":[{"taxonomy":"product_cat","embeddable":true,"href":"https:\/\/coffeelounge.delonghi.com\/it\/wp-json\/wp\/v2\/product_cat?post=29058"},{"taxonomy":"product_tag","embeddable":true,"href":"https:\/\/coffeelounge.delonghi.com\/it\/wp-json\/wp\/v2\/product_tag?post=29058"}],"curies":[{"name":"wp","href":"https:\/\/api.w.org\/{rel}","templated":true}]}}