{"id":29024,"date":"2021-05-11T21:17:53","date_gmt":"2021-05-11T21:17:53","guid":{"rendered":"https:\/\/coffeelounge.delonghi.com\/?post_type=product&#038;p=29024"},"modified":"2024-03-04T08:09:17","modified_gmt":"2024-03-04T08:09:17","slug":"sul-de-minas-trinci-caffe","status":"publish","type":"product","link":"https:\/\/coffeelounge.delonghi.com\/it\/product\/sul-de-minas-trinci-caffe\/","title":{"rendered":"Sul de Minas"},"content":{"rendered":"<p>Il Sul de Minas (anche noto come Sud di Minas) \u00e8 una mesoregione del Brasile. Ha una altitudine media di 950 metri e una temperatura annuale mite di circa 22\u00b0 C. La specie \u00e8 Arabica e le variet\u00e0 principali sono Catuai, Mundo Novo, Icatu, Obata e Catuai Rubi. Il periodo della raccolta va da Maggio a Settembre. Subito dopo la raccolta i frutti vengono spolpati: vengono immessi in macchine che lacerano la buccia e liberano il seme. Segue una fase di fermentazione, nella quale i chicchi sono immersi nell&#8217;acqua. Una volta essiccati, i chicchi sono decorticati da una macchina eliminando cos\u00ec il pergamino che ricopre la membrana esteriore del chicco. Questo infine viene asciugato per un breve tempo al sole o artificialmente. Questo procedimento, durante il quale sono possibili continue selezioni a ogni passaggio, consente quindi di ottenere un caff\u00e8 di altissima qualit\u00e0, che viene chiamato &#8220;caff\u00e8 in pergamino&#8221;. Il crivello \u00e8 quasi totalmente superiore a 16 e l\u2019aspetto \u00e8 bello e omogeneo.La tostatura medio\/chiara conferisce al caff\u00e8 una discreta acidit\u00e0 e un buon corpo, con poca amarezza. Il colore del chicco \u00e8 tonaca frate e in tazzina ha una crema tra chiara e dorata. Il caff\u00e8 ha una notevole struttura e corposit\u00e0. Gli aromi di mandorle e torroncino si disperdono in un retrogusto con sentori di cacao e noccioline tostate.<\/p>\n<p>&nbsp;<\/p>\n","protected":false},"excerpt":{"rendered":"<p>Il Sul de Minas (anche noto come Sud di Minas) \u00e8 una mesoregione del Brasile. Ha una altitudine media di 950 metri e una temperatura annuale mite di circa 22\u00b0 C. La specie \u00e8 Arabica e le variet\u00e0 principali sono Catuai, Mundo Novo, Icatu, Obata e Catuai Rubi. Il periodo della raccolta va da Maggio [&hellip;]<\/p>\n","protected":false},"featured_media":418021,"comment_status":"closed","ping_status":"closed","template":"","meta":{"_acf_changed":false},"product_cat":[74,30],"product_tag":[],"class_list":{"0":"post-29024","1":"product","2":"type-product","3":"status-publish","4":"has-post-thumbnail","6":"product_cat-tutti","7":"product_cat-monorigine","9":"first","10":"instock","11":"taxable","12":"shipping-taxable","13":"purchasable","14":"product-type-variable"},"acf":[],"yoast_head":"<!-- This site is optimized with the Yoast SEO Premium plugin v24.5 (Yoast SEO v24.5) - https:\/\/yoast.com\/wordpress\/plugins\/seo\/ -->\n<title>Sul de Minas | De&#039;Longhi<\/title>\n<meta name=\"description\" content=\"Il Sul de Minas (anche noto come Sud di Minas) \u00e8 una mesoregione del Brasile.\" \/>\n<meta name=\"robots\" content=\"index, follow, max-snippet:-1, max-image-preview:large, max-video-preview:-1\" \/>\n<meta name=\"twitter:card\" content=\"summary_large_image\" \/>\n<meta name=\"twitter:title\" content=\"Sul de Minas | De&#039;Longhi\" \/>\n<meta name=\"twitter:description\" content=\"Il Sul de Minas (anche noto come Sud di Minas) \u00e8 una mesoregione del Brasile.\" \/>\n<meta name=\"twitter:image\" content=\"https:\/\/coffeelounge.delonghi.com\/wp-content\/uploads\/2021\/05\/Sul_de_Minas_Trinci-Pack5.png\" \/>\n<script type=\"application\/ld+json\" class=\"yoast-schema-graph\">{\"@context\":\"https:\/\/schema.org\",\"@graph\":[{\"@type\":\"WebPage\",\"@id\":\"https:\/\/coffeelounge.delonghi.com\/it\/product\/sul-de-minas-trinci-caffe\/\",\"url\":\"https:\/\/coffeelounge.delonghi.com\/it\/product\/sul-de-minas-trinci-caffe\/\",\"name\":\"Sul de Minas | De&#039;Longhi\",\"isPartOf\":{\"@id\":\"https:\/\/coffeelounge.delonghi.com\/it\/#website\"},\"primaryImageOfPage\":{\"@id\":\"https:\/\/coffeelounge.delonghi.com\/it\/product\/sul-de-minas-trinci-caffe\/#primaryimage\"},\"image\":{\"@id\":\"https:\/\/coffeelounge.delonghi.com\/it\/product\/sul-de-minas-trinci-caffe\/#primaryimage\"},\"thumbnailUrl\":\"https:\/\/coffeelounge.delonghi.com\/wp-content\/uploads\/2021\/05\/Sul_de_Minas_Trinci-Pack5.png\",\"datePublished\":\"2021-05-11T21:17:53+00:00\",\"dateModified\":\"2024-03-04T08:09:17+00:00\",\"description\":\"Il Sul de Minas (anche noto come Sud di Minas) \u00e8 una mesoregione del Brasile.\",\"breadcrumb\":{\"@id\":\"https:\/\/coffeelounge.delonghi.com\/it\/product\/sul-de-minas-trinci-caffe\/#breadcrumb\"},\"inLanguage\":\"it-IT\",\"potentialAction\":[{\"@type\":\"ReadAction\",\"target\":[\"https:\/\/coffeelounge.delonghi.com\/it\/product\/sul-de-minas-trinci-caffe\/\"]}]},{\"@type\":\"ImageObject\",\"inLanguage\":\"it-IT\",\"@id\":\"https:\/\/coffeelounge.delonghi.com\/it\/product\/sul-de-minas-trinci-caffe\/#primaryimage\",\"url\":\"https:\/\/coffeelounge.delonghi.com\/wp-content\/uploads\/2021\/05\/Sul_de_Minas_Trinci-Pack5.png\",\"contentUrl\":\"https:\/\/coffeelounge.delonghi.com\/wp-content\/uploads\/2021\/05\/Sul_de_Minas_Trinci-Pack5.png\",\"width\":450,\"height\":450},{\"@type\":\"BreadcrumbList\",\"@id\":\"https:\/\/coffeelounge.delonghi.com\/it\/product\/sul-de-minas-trinci-caffe\/#breadcrumb\",\"itemListElement\":[{\"@type\":\"ListItem\",\"position\":1,\"name\":\"Home\",\"item\":\"https:\/\/coffeelounge.delonghi.com\/it\/\"},{\"@type\":\"ListItem\",\"position\":2,\"name\":\"Boutique\",\"item\":\"https:\/\/coffeelounge.delonghi.com\/fr\/?page_id=36\"},{\"@type\":\"ListItem\",\"position\":3,\"name\":\"Sul de Minas\"}]},{\"@type\":\"WebSite\",\"@id\":\"https:\/\/coffeelounge.delonghi.com\/it\/#website\",\"url\":\"https:\/\/coffeelounge.delonghi.com\/it\/\",\"name\":\"De&#039;Longhi\",\"description\":\"Coffee Lounge\",\"publisher\":{\"@id\":\"https:\/\/coffeelounge.delonghi.com\/it\/#organization\"},\"potentialAction\":[{\"@type\":\"SearchAction\",\"target\":{\"@type\":\"EntryPoint\",\"urlTemplate\":\"https:\/\/coffeelounge.delonghi.com\/it\/?s={search_term_string}\"},\"query-input\":{\"@type\":\"PropertyValueSpecification\",\"valueRequired\":true,\"valueName\":\"search_term_string\"}}],\"inLanguage\":\"it-IT\"},{\"@type\":\"Organization\",\"@id\":\"https:\/\/coffeelounge.delonghi.com\/it\/#organization\",\"name\":\"De'Longhi Coffee Lounge\",\"url\":\"https:\/\/coffeelounge.delonghi.com\/it\/\",\"logo\":{\"@type\":\"ImageObject\",\"inLanguage\":\"it-IT\",\"@id\":\"https:\/\/coffeelounge.delonghi.com\/it\/#\/schema\/logo\/image\/\",\"url\":\"https:\/\/coffeelounge.delonghi.com\/wp-content\/uploads\/2020\/05\/delonghi-coffee-lounge-logo-nederland.png\",\"contentUrl\":\"https:\/\/coffeelounge.delonghi.com\/wp-content\/uploads\/2020\/05\/delonghi-coffee-lounge-logo-nederland.png\",\"width\":2337,\"height\":724,\"caption\":\"De'Longhi Coffee Lounge\"},\"image\":{\"@id\":\"https:\/\/coffeelounge.delonghi.com\/it\/#\/schema\/logo\/image\/\"}}]}<\/script>\n<!-- \/ Yoast SEO Premium plugin. -->","yoast_head_json":{"title":"Sul de Minas | De&#039;Longhi","description":"Il Sul de Minas (anche noto come Sud di Minas) \u00e8 una mesoregione del Brasile.","robots":{"index":"index","follow":"follow","max-snippet":"max-snippet:-1","max-image-preview":"max-image-preview:large","max-video-preview":"max-video-preview:-1"},"twitter_card":"summary_large_image","twitter_title":"Sul de Minas | De&#039;Longhi","twitter_description":"Il Sul de Minas (anche noto come Sud di Minas) \u00e8 una mesoregione del Brasile.","twitter_image":"https:\/\/coffeelounge.delonghi.com\/wp-content\/uploads\/2021\/05\/Sul_de_Minas_Trinci-Pack5.png","schema":{"@context":"https:\/\/schema.org","@graph":[{"@type":"WebPage","@id":"https:\/\/coffeelounge.delonghi.com\/it\/product\/sul-de-minas-trinci-caffe\/","url":"https:\/\/coffeelounge.delonghi.com\/it\/product\/sul-de-minas-trinci-caffe\/","name":"Sul de Minas | De&#039;Longhi","isPartOf":{"@id":"https:\/\/coffeelounge.delonghi.com\/it\/#website"},"primaryImageOfPage":{"@id":"https:\/\/coffeelounge.delonghi.com\/it\/product\/sul-de-minas-trinci-caffe\/#primaryimage"},"image":{"@id":"https:\/\/coffeelounge.delonghi.com\/it\/product\/sul-de-minas-trinci-caffe\/#primaryimage"},"thumbnailUrl":"https:\/\/coffeelounge.delonghi.com\/wp-content\/uploads\/2021\/05\/Sul_de_Minas_Trinci-Pack5.png","datePublished":"2021-05-11T21:17:53+00:00","dateModified":"2024-03-04T08:09:17+00:00","description":"Il Sul de Minas (anche noto come Sud di Minas) \u00e8 una mesoregione del Brasile.","breadcrumb":{"@id":"https:\/\/coffeelounge.delonghi.com\/it\/product\/sul-de-minas-trinci-caffe\/#breadcrumb"},"inLanguage":"it-IT","potentialAction":[{"@type":"ReadAction","target":["https:\/\/coffeelounge.delonghi.com\/it\/product\/sul-de-minas-trinci-caffe\/"]}]},{"@type":"ImageObject","inLanguage":"it-IT","@id":"https:\/\/coffeelounge.delonghi.com\/it\/product\/sul-de-minas-trinci-caffe\/#primaryimage","url":"https:\/\/coffeelounge.delonghi.com\/wp-content\/uploads\/2021\/05\/Sul_de_Minas_Trinci-Pack5.png","contentUrl":"https:\/\/coffeelounge.delonghi.com\/wp-content\/uploads\/2021\/05\/Sul_de_Minas_Trinci-Pack5.png","width":450,"height":450},{"@type":"BreadcrumbList","@id":"https:\/\/coffeelounge.delonghi.com\/it\/product\/sul-de-minas-trinci-caffe\/#breadcrumb","itemListElement":[{"@type":"ListItem","position":1,"name":"Home","item":"https:\/\/coffeelounge.delonghi.com\/it\/"},{"@type":"ListItem","position":2,"name":"Boutique","item":"https:\/\/coffeelounge.delonghi.com\/fr\/?page_id=36"},{"@type":"ListItem","position":3,"name":"Sul de Minas"}]},{"@type":"WebSite","@id":"https:\/\/coffeelounge.delonghi.com\/it\/#website","url":"https:\/\/coffeelounge.delonghi.com\/it\/","name":"De&#039;Longhi","description":"Coffee Lounge","publisher":{"@id":"https:\/\/coffeelounge.delonghi.com\/it\/#organization"},"potentialAction":[{"@type":"SearchAction","target":{"@type":"EntryPoint","urlTemplate":"https:\/\/coffeelounge.delonghi.com\/it\/?s={search_term_string}"},"query-input":{"@type":"PropertyValueSpecification","valueRequired":true,"valueName":"search_term_string"}}],"inLanguage":"it-IT"},{"@type":"Organization","@id":"https:\/\/coffeelounge.delonghi.com\/it\/#organization","name":"De'Longhi Coffee Lounge","url":"https:\/\/coffeelounge.delonghi.com\/it\/","logo":{"@type":"ImageObject","inLanguage":"it-IT","@id":"https:\/\/coffeelounge.delonghi.com\/it\/#\/schema\/logo\/image\/","url":"https:\/\/coffeelounge.delonghi.com\/wp-content\/uploads\/2020\/05\/delonghi-coffee-lounge-logo-nederland.png","contentUrl":"https:\/\/coffeelounge.delonghi.com\/wp-content\/uploads\/2020\/05\/delonghi-coffee-lounge-logo-nederland.png","width":2337,"height":724,"caption":"De'Longhi Coffee Lounge"},"image":{"@id":"https:\/\/coffeelounge.delonghi.com\/it\/#\/schema\/logo\/image\/"}}]}},"_links":{"self":[{"href":"https:\/\/coffeelounge.delonghi.com\/it\/wp-json\/wp\/v2\/product\/29024","targetHints":{"allow":["GET"]}}],"collection":[{"href":"https:\/\/coffeelounge.delonghi.com\/it\/wp-json\/wp\/v2\/product"}],"about":[{"href":"https:\/\/coffeelounge.delonghi.com\/it\/wp-json\/wp\/v2\/types\/product"}],"replies":[{"embeddable":true,"href":"https:\/\/coffeelounge.delonghi.com\/it\/wp-json\/wp\/v2\/comments?post=29024"}],"version-history":[{"count":2,"href":"https:\/\/coffeelounge.delonghi.com\/it\/wp-json\/wp\/v2\/product\/29024\/revisions"}],"predecessor-version":[{"id":421958,"href":"https:\/\/coffeelounge.delonghi.com\/it\/wp-json\/wp\/v2\/product\/29024\/revisions\/421958"}],"wp:featuredmedia":[{"embeddable":true,"href":"https:\/\/coffeelounge.delonghi.com\/it\/wp-json\/wp\/v2\/media\/418021"}],"wp:attachment":[{"href":"https:\/\/coffeelounge.delonghi.com\/it\/wp-json\/wp\/v2\/media?parent=29024"}],"wp:term":[{"taxonomy":"product_cat","embeddable":true,"href":"https:\/\/coffeelounge.delonghi.com\/it\/wp-json\/wp\/v2\/product_cat?post=29024"},{"taxonomy":"product_tag","embeddable":true,"href":"https:\/\/coffeelounge.delonghi.com\/it\/wp-json\/wp\/v2\/product_tag?post=29024"}],"curies":[{"name":"wp","href":"https:\/\/api.w.org\/{rel}","templated":true}]}}