{"id":28746,"date":"2021-05-11T07:36:30","date_gmt":"2021-05-11T07:36:30","guid":{"rendered":"https:\/\/coffeelounge.delonghi.com\/?post_type=product&#038;p=28746"},"modified":"2024-03-04T08:15:34","modified_gmt":"2024-03-04T08:15:34","slug":"brazil-yellow-bourbon-caffe-caroli","status":"publish","type":"product","link":"https:\/\/coffeelounge.delonghi.com\/it\/product\/brazil-yellow-bourbon-caffe-caroli\/","title":{"rendered":"Brazil Yellow Bourbon"},"content":{"rendered":"<p>Dall&#8217;alta Mogiana, un caff\u00e8 che racchiude corposit\u00e0 e dolcezza eccezionali. L&#8217;aromaticit\u00e0 della frutta e del caramello, al retrogusto di cacao. Una tazzina di caff\u00e8 corposa e pulita.<\/p>\n","protected":false},"excerpt":{"rendered":"<p>Dall&#8217;alta Mogiana, un caff\u00e8 che racchiude corposit\u00e0 e dolcezza eccezionali. L&#8217;aromaticit\u00e0 della frutta e del caramello, al retrogusto di cacao. Una tazzina di caff\u00e8 corposa e pulita.<\/p>\n","protected":false},"featured_media":418232,"comment_status":"closed","ping_status":"closed","template":"","meta":{"_acf_changed":false},"product_cat":[74,30],"product_tag":[],"class_list":{"0":"post-28746","1":"product","2":"type-product","3":"status-publish","4":"has-post-thumbnail","6":"product_cat-tutti","7":"product_cat-monorigine","9":"first","10":"instock","11":"taxable","12":"shipping-taxable","13":"purchasable","14":"product-type-variable"},"acf":[],"yoast_head":"<!-- This site is optimized with the Yoast SEO Premium plugin v24.5 (Yoast SEO v24.5) - https:\/\/yoast.com\/wordpress\/plugins\/seo\/ -->\n<title>Brazil Yellow Bourbon | De&#039;Longhi<\/title>\n<meta name=\"description\" content=\"Brazil Yellow Bourbon. Dall&#039;alta Mogiana, un caff\u00e8 che racchiude corposit\u00e0 e dolcezza eccezionali. Una tazzina di caff\u00e8 corposa e pulita.\" \/>\n<meta name=\"robots\" content=\"index, follow, max-snippet:-1, max-image-preview:large, max-video-preview:-1\" \/>\n<meta name=\"twitter:card\" content=\"summary_large_image\" \/>\n<meta name=\"twitter:title\" content=\"Brazil Yellow Bourbon | De&#039;Longhi\" \/>\n<meta name=\"twitter:description\" content=\"Brazil Yellow Bourbon. Dall&#039;alta Mogiana, un caff\u00e8 che racchiude corposit\u00e0 e dolcezza eccezionali. Una tazzina di caff\u00e8 corposa e pulita.\" \/>\n<meta name=\"twitter:image\" content=\"https:\/\/coffeelounge.delonghi.com\/wp-content\/uploads\/2021\/05\/Brazil-Caroli.png\" \/>\n<script type=\"application\/ld+json\" class=\"yoast-schema-graph\">{\"@context\":\"https:\/\/schema.org\",\"@graph\":[{\"@type\":\"WebPage\",\"@id\":\"https:\/\/coffeelounge.delonghi.com\/it\/product\/brazil-yellow-bourbon-caffe-caroli\/\",\"url\":\"https:\/\/coffeelounge.delonghi.com\/it\/product\/brazil-yellow-bourbon-caffe-caroli\/\",\"name\":\"Brazil Yellow Bourbon | De&#039;Longhi\",\"isPartOf\":{\"@id\":\"https:\/\/coffeelounge.delonghi.com\/it\/#website\"},\"primaryImageOfPage\":{\"@id\":\"https:\/\/coffeelounge.delonghi.com\/it\/product\/brazil-yellow-bourbon-caffe-caroli\/#primaryimage\"},\"image\":{\"@id\":\"https:\/\/coffeelounge.delonghi.com\/it\/product\/brazil-yellow-bourbon-caffe-caroli\/#primaryimage\"},\"thumbnailUrl\":\"https:\/\/coffeelounge.delonghi.com\/wp-content\/uploads\/2021\/05\/Brazil-Caroli.png\",\"datePublished\":\"2021-05-11T07:36:30+00:00\",\"dateModified\":\"2024-03-04T08:15:34+00:00\",\"description\":\"Brazil Yellow Bourbon. Dall'alta Mogiana, un caff\u00e8 che racchiude corposit\u00e0 e dolcezza eccezionali. Una tazzina di caff\u00e8 corposa e pulita.\",\"breadcrumb\":{\"@id\":\"https:\/\/coffeelounge.delonghi.com\/it\/product\/brazil-yellow-bourbon-caffe-caroli\/#breadcrumb\"},\"inLanguage\":\"it-IT\",\"potentialAction\":[{\"@type\":\"ReadAction\",\"target\":[\"https:\/\/coffeelounge.delonghi.com\/it\/product\/brazil-yellow-bourbon-caffe-caroli\/\"]}]},{\"@type\":\"ImageObject\",\"inLanguage\":\"it-IT\",\"@id\":\"https:\/\/coffeelounge.delonghi.com\/it\/product\/brazil-yellow-bourbon-caffe-caroli\/#primaryimage\",\"url\":\"https:\/\/coffeelounge.delonghi.com\/wp-content\/uploads\/2021\/05\/Brazil-Caroli.png\",\"contentUrl\":\"https:\/\/coffeelounge.delonghi.com\/wp-content\/uploads\/2021\/05\/Brazil-Caroli.png\",\"width\":450,\"height\":450},{\"@type\":\"BreadcrumbList\",\"@id\":\"https:\/\/coffeelounge.delonghi.com\/it\/product\/brazil-yellow-bourbon-caffe-caroli\/#breadcrumb\",\"itemListElement\":[{\"@type\":\"ListItem\",\"position\":1,\"name\":\"Home\",\"item\":\"https:\/\/coffeelounge.delonghi.com\/it\/\"},{\"@type\":\"ListItem\",\"position\":2,\"name\":\"Boutique\",\"item\":\"https:\/\/coffeelounge.delonghi.com\/fr\/?page_id=36\"},{\"@type\":\"ListItem\",\"position\":3,\"name\":\"Brazil Yellow Bourbon\"}]},{\"@type\":\"WebSite\",\"@id\":\"https:\/\/coffeelounge.delonghi.com\/it\/#website\",\"url\":\"https:\/\/coffeelounge.delonghi.com\/it\/\",\"name\":\"De&#039;Longhi\",\"description\":\"Coffee Lounge\",\"publisher\":{\"@id\":\"https:\/\/coffeelounge.delonghi.com\/it\/#organization\"},\"potentialAction\":[{\"@type\":\"SearchAction\",\"target\":{\"@type\":\"EntryPoint\",\"urlTemplate\":\"https:\/\/coffeelounge.delonghi.com\/it\/?s={search_term_string}\"},\"query-input\":{\"@type\":\"PropertyValueSpecification\",\"valueRequired\":true,\"valueName\":\"search_term_string\"}}],\"inLanguage\":\"it-IT\"},{\"@type\":\"Organization\",\"@id\":\"https:\/\/coffeelounge.delonghi.com\/it\/#organization\",\"name\":\"De'Longhi Coffee Lounge\",\"url\":\"https:\/\/coffeelounge.delonghi.com\/it\/\",\"logo\":{\"@type\":\"ImageObject\",\"inLanguage\":\"it-IT\",\"@id\":\"https:\/\/coffeelounge.delonghi.com\/it\/#\/schema\/logo\/image\/\",\"url\":\"https:\/\/coffeelounge.delonghi.com\/wp-content\/uploads\/2020\/05\/delonghi-coffee-lounge-logo-nederland.png\",\"contentUrl\":\"https:\/\/coffeelounge.delonghi.com\/wp-content\/uploads\/2020\/05\/delonghi-coffee-lounge-logo-nederland.png\",\"width\":2337,\"height\":724,\"caption\":\"De'Longhi Coffee Lounge\"},\"image\":{\"@id\":\"https:\/\/coffeelounge.delonghi.com\/it\/#\/schema\/logo\/image\/\"}}]}<\/script>\n<!-- \/ Yoast SEO Premium plugin. -->","yoast_head_json":{"title":"Brazil Yellow Bourbon | De&#039;Longhi","description":"Brazil Yellow Bourbon. Dall'alta Mogiana, un caff\u00e8 che racchiude corposit\u00e0 e dolcezza eccezionali. Una tazzina di caff\u00e8 corposa e pulita.","robots":{"index":"index","follow":"follow","max-snippet":"max-snippet:-1","max-image-preview":"max-image-preview:large","max-video-preview":"max-video-preview:-1"},"twitter_card":"summary_large_image","twitter_title":"Brazil Yellow Bourbon | De&#039;Longhi","twitter_description":"Brazil Yellow Bourbon. Dall'alta Mogiana, un caff\u00e8 che racchiude corposit\u00e0 e dolcezza eccezionali. Una tazzina di caff\u00e8 corposa e pulita.","twitter_image":"https:\/\/coffeelounge.delonghi.com\/wp-content\/uploads\/2021\/05\/Brazil-Caroli.png","schema":{"@context":"https:\/\/schema.org","@graph":[{"@type":"WebPage","@id":"https:\/\/coffeelounge.delonghi.com\/it\/product\/brazil-yellow-bourbon-caffe-caroli\/","url":"https:\/\/coffeelounge.delonghi.com\/it\/product\/brazil-yellow-bourbon-caffe-caroli\/","name":"Brazil Yellow Bourbon | De&#039;Longhi","isPartOf":{"@id":"https:\/\/coffeelounge.delonghi.com\/it\/#website"},"primaryImageOfPage":{"@id":"https:\/\/coffeelounge.delonghi.com\/it\/product\/brazil-yellow-bourbon-caffe-caroli\/#primaryimage"},"image":{"@id":"https:\/\/coffeelounge.delonghi.com\/it\/product\/brazil-yellow-bourbon-caffe-caroli\/#primaryimage"},"thumbnailUrl":"https:\/\/coffeelounge.delonghi.com\/wp-content\/uploads\/2021\/05\/Brazil-Caroli.png","datePublished":"2021-05-11T07:36:30+00:00","dateModified":"2024-03-04T08:15:34+00:00","description":"Brazil Yellow Bourbon. Dall'alta Mogiana, un caff\u00e8 che racchiude corposit\u00e0 e dolcezza eccezionali. Una tazzina di caff\u00e8 corposa e pulita.","breadcrumb":{"@id":"https:\/\/coffeelounge.delonghi.com\/it\/product\/brazil-yellow-bourbon-caffe-caroli\/#breadcrumb"},"inLanguage":"it-IT","potentialAction":[{"@type":"ReadAction","target":["https:\/\/coffeelounge.delonghi.com\/it\/product\/brazil-yellow-bourbon-caffe-caroli\/"]}]},{"@type":"ImageObject","inLanguage":"it-IT","@id":"https:\/\/coffeelounge.delonghi.com\/it\/product\/brazil-yellow-bourbon-caffe-caroli\/#primaryimage","url":"https:\/\/coffeelounge.delonghi.com\/wp-content\/uploads\/2021\/05\/Brazil-Caroli.png","contentUrl":"https:\/\/coffeelounge.delonghi.com\/wp-content\/uploads\/2021\/05\/Brazil-Caroli.png","width":450,"height":450},{"@type":"BreadcrumbList","@id":"https:\/\/coffeelounge.delonghi.com\/it\/product\/brazil-yellow-bourbon-caffe-caroli\/#breadcrumb","itemListElement":[{"@type":"ListItem","position":1,"name":"Home","item":"https:\/\/coffeelounge.delonghi.com\/it\/"},{"@type":"ListItem","position":2,"name":"Boutique","item":"https:\/\/coffeelounge.delonghi.com\/fr\/?page_id=36"},{"@type":"ListItem","position":3,"name":"Brazil Yellow Bourbon"}]},{"@type":"WebSite","@id":"https:\/\/coffeelounge.delonghi.com\/it\/#website","url":"https:\/\/coffeelounge.delonghi.com\/it\/","name":"De&#039;Longhi","description":"Coffee Lounge","publisher":{"@id":"https:\/\/coffeelounge.delonghi.com\/it\/#organization"},"potentialAction":[{"@type":"SearchAction","target":{"@type":"EntryPoint","urlTemplate":"https:\/\/coffeelounge.delonghi.com\/it\/?s={search_term_string}"},"query-input":{"@type":"PropertyValueSpecification","valueRequired":true,"valueName":"search_term_string"}}],"inLanguage":"it-IT"},{"@type":"Organization","@id":"https:\/\/coffeelounge.delonghi.com\/it\/#organization","name":"De'Longhi Coffee Lounge","url":"https:\/\/coffeelounge.delonghi.com\/it\/","logo":{"@type":"ImageObject","inLanguage":"it-IT","@id":"https:\/\/coffeelounge.delonghi.com\/it\/#\/schema\/logo\/image\/","url":"https:\/\/coffeelounge.delonghi.com\/wp-content\/uploads\/2020\/05\/delonghi-coffee-lounge-logo-nederland.png","contentUrl":"https:\/\/coffeelounge.delonghi.com\/wp-content\/uploads\/2020\/05\/delonghi-coffee-lounge-logo-nederland.png","width":2337,"height":724,"caption":"De'Longhi Coffee Lounge"},"image":{"@id":"https:\/\/coffeelounge.delonghi.com\/it\/#\/schema\/logo\/image\/"}}]}},"_links":{"self":[{"href":"https:\/\/coffeelounge.delonghi.com\/it\/wp-json\/wp\/v2\/product\/28746","targetHints":{"allow":["GET"]}}],"collection":[{"href":"https:\/\/coffeelounge.delonghi.com\/it\/wp-json\/wp\/v2\/product"}],"about":[{"href":"https:\/\/coffeelounge.delonghi.com\/it\/wp-json\/wp\/v2\/types\/product"}],"replies":[{"embeddable":true,"href":"https:\/\/coffeelounge.delonghi.com\/it\/wp-json\/wp\/v2\/comments?post=28746"}],"version-history":[{"count":2,"href":"https:\/\/coffeelounge.delonghi.com\/it\/wp-json\/wp\/v2\/product\/28746\/revisions"}],"predecessor-version":[{"id":421965,"href":"https:\/\/coffeelounge.delonghi.com\/it\/wp-json\/wp\/v2\/product\/28746\/revisions\/421965"}],"wp:featuredmedia":[{"embeddable":true,"href":"https:\/\/coffeelounge.delonghi.com\/it\/wp-json\/wp\/v2\/media\/418232"}],"wp:attachment":[{"href":"https:\/\/coffeelounge.delonghi.com\/it\/wp-json\/wp\/v2\/media?parent=28746"}],"wp:term":[{"taxonomy":"product_cat","embeddable":true,"href":"https:\/\/coffeelounge.delonghi.com\/it\/wp-json\/wp\/v2\/product_cat?post=28746"},{"taxonomy":"product_tag","embeddable":true,"href":"https:\/\/coffeelounge.delonghi.com\/it\/wp-json\/wp\/v2\/product_tag?post=28746"}],"curies":[{"name":"wp","href":"https:\/\/api.w.org\/{rel}","templated":true}]}}