{"id":26967,"date":"2021-05-09T12:17:20","date_gmt":"2021-05-09T12:17:20","guid":{"rendered":"https:\/\/coffeelounge.delonghi.com\/?post_type=product&#038;p=26967"},"modified":"2024-03-04T08:21:48","modified_gmt":"2024-03-04T08:21:48","slug":"miscela-rossa-caffe-campetelli","status":"publish","type":"product","link":"https:\/\/coffeelounge.delonghi.com\/it\/product\/miscela-rossa-caffe-campetelli\/","title":{"rendered":"MISCELA ROSSA"},"content":{"rendered":"<p>Tutta la tradizione italiana \u00e8 racchiusa nella Miscela Rossa, composta da pregiati Arabica Centro Americani accompagnati da una nutrita percentuale di Robusta lavati selezionati, tra cui l\u2019Indiano Kaapi Royale, ben dotati di caffeina e corposit\u00e0. L\u2019espresso si presenta ricco di persistente crema color nocciola, corposo, vellutato e dolce. La succulenta rotondit\u00e0 evidenzia sapori di pan tostato e confettura, con un retrogusto garbatamente speziato.<\/p>\n<p>Abbinamenti:<\/p>\n<p>Sposa bene dolci esuberanti e ricchi come tartellette con mousse di cioccolato o frittelle all\u2019anice con salsa al cacao, crostata alla ricotta e marmellata di visciole.<\/p>\n","protected":false},"excerpt":{"rendered":"<p>Tutta la tradizione italiana \u00e8 racchiusa nella Miscela Rossa, composta da pregiati Arabica Centro Americani accompagnati da una nutrita percentuale di Robusta lavati selezionati, tra cui l\u2019Indiano Kaapi Royale, ben dotati di caffeina e corposit\u00e0. L\u2019espresso si presenta ricco di persistente crema color nocciola, corposo, vellutato e dolce. La succulenta rotondit\u00e0 evidenzia sapori di pan [&hellip;]<\/p>\n","protected":false},"featured_media":418154,"comment_status":"closed","ping_status":"closed","template":"","meta":{"_acf_changed":false},"product_cat":[74,29],"product_tag":[],"class_list":{"0":"post-26967","1":"product","2":"type-product","3":"status-publish","4":"has-post-thumbnail","6":"product_cat-tutti","7":"product_cat-miscela","9":"first","10":"instock","11":"taxable","12":"shipping-taxable","13":"purchasable","14":"product-type-variable"},"acf":[],"yoast_head":"<!-- This site is optimized with the Yoast SEO Premium plugin v24.5 (Yoast SEO v24.5) - https:\/\/yoast.com\/wordpress\/plugins\/seo\/ -->\n<title>MISCELA ROSSA | De&#039;Longhi<\/title>\n<meta name=\"description\" content=\"Scopri la qualit\u00e0 e l&#039;aroma della miscela di caff\u00e8 Miscela Rossa, prodotta con passione da Caff\u00e8 Campetelli. Acquista ora sul nostro sito!\" \/>\n<meta name=\"robots\" content=\"index, follow, max-snippet:-1, max-image-preview:large, max-video-preview:-1\" \/>\n<meta name=\"twitter:card\" content=\"summary_large_image\" \/>\n<meta name=\"twitter:title\" content=\"MISCELA ROSSA | De&#039;Longhi\" \/>\n<meta name=\"twitter:description\" content=\"Scopri la qualit\u00e0 e l&#039;aroma della miscela di caff\u00e8 Miscela Rossa, prodotta con passione da Caff\u00e8 Campetelli. Acquista ora sul nostro sito!\" \/>\n<meta name=\"twitter:image\" content=\"https:\/\/coffeelounge.delonghi.com\/wp-content\/uploads\/2021\/05\/MiscelaRossa_Campetelli-Pack2.png\" \/>\n<script type=\"application\/ld+json\" class=\"yoast-schema-graph\">{\"@context\":\"https:\/\/schema.org\",\"@graph\":[{\"@type\":\"WebPage\",\"@id\":\"https:\/\/coffeelounge.delonghi.com\/it\/product\/miscela-rossa-caffe-campetelli\/\",\"url\":\"https:\/\/coffeelounge.delonghi.com\/it\/product\/miscela-rossa-caffe-campetelli\/\",\"name\":\"MISCELA ROSSA | De&#039;Longhi\",\"isPartOf\":{\"@id\":\"https:\/\/coffeelounge.delonghi.com\/it\/#website\"},\"primaryImageOfPage\":{\"@id\":\"https:\/\/coffeelounge.delonghi.com\/it\/product\/miscela-rossa-caffe-campetelli\/#primaryimage\"},\"image\":{\"@id\":\"https:\/\/coffeelounge.delonghi.com\/it\/product\/miscela-rossa-caffe-campetelli\/#primaryimage\"},\"thumbnailUrl\":\"https:\/\/coffeelounge.delonghi.com\/wp-content\/uploads\/2021\/05\/MiscelaRossa_Campetelli-Pack2.png\",\"datePublished\":\"2021-05-09T12:17:20+00:00\",\"dateModified\":\"2024-03-04T08:21:48+00:00\",\"description\":\"Scopri la qualit\u00e0 e l'aroma della miscela di caff\u00e8 Miscela Rossa, prodotta con passione da Caff\u00e8 Campetelli. Acquista ora sul nostro sito!\",\"breadcrumb\":{\"@id\":\"https:\/\/coffeelounge.delonghi.com\/it\/product\/miscela-rossa-caffe-campetelli\/#breadcrumb\"},\"inLanguage\":\"it-IT\",\"potentialAction\":[{\"@type\":\"ReadAction\",\"target\":[\"https:\/\/coffeelounge.delonghi.com\/it\/product\/miscela-rossa-caffe-campetelli\/\"]}]},{\"@type\":\"ImageObject\",\"inLanguage\":\"it-IT\",\"@id\":\"https:\/\/coffeelounge.delonghi.com\/it\/product\/miscela-rossa-caffe-campetelli\/#primaryimage\",\"url\":\"https:\/\/coffeelounge.delonghi.com\/wp-content\/uploads\/2021\/05\/MiscelaRossa_Campetelli-Pack2.png\",\"contentUrl\":\"https:\/\/coffeelounge.delonghi.com\/wp-content\/uploads\/2021\/05\/MiscelaRossa_Campetelli-Pack2.png\",\"width\":450,\"height\":450},{\"@type\":\"BreadcrumbList\",\"@id\":\"https:\/\/coffeelounge.delonghi.com\/it\/product\/miscela-rossa-caffe-campetelli\/#breadcrumb\",\"itemListElement\":[{\"@type\":\"ListItem\",\"position\":1,\"name\":\"Home\",\"item\":\"https:\/\/coffeelounge.delonghi.com\/it\/\"},{\"@type\":\"ListItem\",\"position\":2,\"name\":\"Boutique\",\"item\":\"https:\/\/coffeelounge.delonghi.com\/fr\/?page_id=36\"},{\"@type\":\"ListItem\",\"position\":3,\"name\":\"MISCELA ROSSA\"}]},{\"@type\":\"WebSite\",\"@id\":\"https:\/\/coffeelounge.delonghi.com\/it\/#website\",\"url\":\"https:\/\/coffeelounge.delonghi.com\/it\/\",\"name\":\"De&#039;Longhi\",\"description\":\"Coffee Lounge\",\"publisher\":{\"@id\":\"https:\/\/coffeelounge.delonghi.com\/it\/#organization\"},\"potentialAction\":[{\"@type\":\"SearchAction\",\"target\":{\"@type\":\"EntryPoint\",\"urlTemplate\":\"https:\/\/coffeelounge.delonghi.com\/it\/?s={search_term_string}\"},\"query-input\":{\"@type\":\"PropertyValueSpecification\",\"valueRequired\":true,\"valueName\":\"search_term_string\"}}],\"inLanguage\":\"it-IT\"},{\"@type\":\"Organization\",\"@id\":\"https:\/\/coffeelounge.delonghi.com\/it\/#organization\",\"name\":\"De'Longhi Coffee Lounge\",\"url\":\"https:\/\/coffeelounge.delonghi.com\/it\/\",\"logo\":{\"@type\":\"ImageObject\",\"inLanguage\":\"it-IT\",\"@id\":\"https:\/\/coffeelounge.delonghi.com\/it\/#\/schema\/logo\/image\/\",\"url\":\"https:\/\/coffeelounge.delonghi.com\/wp-content\/uploads\/2020\/05\/delonghi-coffee-lounge-logo-nederland.png\",\"contentUrl\":\"https:\/\/coffeelounge.delonghi.com\/wp-content\/uploads\/2020\/05\/delonghi-coffee-lounge-logo-nederland.png\",\"width\":2337,\"height\":724,\"caption\":\"De'Longhi Coffee Lounge\"},\"image\":{\"@id\":\"https:\/\/coffeelounge.delonghi.com\/it\/#\/schema\/logo\/image\/\"}}]}<\/script>\n<!-- \/ Yoast SEO Premium plugin. -->","yoast_head_json":{"title":"MISCELA ROSSA | De&#039;Longhi","description":"Scopri la qualit\u00e0 e l'aroma della miscela di caff\u00e8 Miscela Rossa, prodotta con passione da Caff\u00e8 Campetelli. Acquista ora sul nostro sito!","robots":{"index":"index","follow":"follow","max-snippet":"max-snippet:-1","max-image-preview":"max-image-preview:large","max-video-preview":"max-video-preview:-1"},"twitter_card":"summary_large_image","twitter_title":"MISCELA ROSSA | De&#039;Longhi","twitter_description":"Scopri la qualit\u00e0 e l'aroma della miscela di caff\u00e8 Miscela Rossa, prodotta con passione da Caff\u00e8 Campetelli. Acquista ora sul nostro sito!","twitter_image":"https:\/\/coffeelounge.delonghi.com\/wp-content\/uploads\/2021\/05\/MiscelaRossa_Campetelli-Pack2.png","schema":{"@context":"https:\/\/schema.org","@graph":[{"@type":"WebPage","@id":"https:\/\/coffeelounge.delonghi.com\/it\/product\/miscela-rossa-caffe-campetelli\/","url":"https:\/\/coffeelounge.delonghi.com\/it\/product\/miscela-rossa-caffe-campetelli\/","name":"MISCELA ROSSA | De&#039;Longhi","isPartOf":{"@id":"https:\/\/coffeelounge.delonghi.com\/it\/#website"},"primaryImageOfPage":{"@id":"https:\/\/coffeelounge.delonghi.com\/it\/product\/miscela-rossa-caffe-campetelli\/#primaryimage"},"image":{"@id":"https:\/\/coffeelounge.delonghi.com\/it\/product\/miscela-rossa-caffe-campetelli\/#primaryimage"},"thumbnailUrl":"https:\/\/coffeelounge.delonghi.com\/wp-content\/uploads\/2021\/05\/MiscelaRossa_Campetelli-Pack2.png","datePublished":"2021-05-09T12:17:20+00:00","dateModified":"2024-03-04T08:21:48+00:00","description":"Scopri la qualit\u00e0 e l'aroma della miscela di caff\u00e8 Miscela Rossa, prodotta con passione da Caff\u00e8 Campetelli. Acquista ora sul nostro sito!","breadcrumb":{"@id":"https:\/\/coffeelounge.delonghi.com\/it\/product\/miscela-rossa-caffe-campetelli\/#breadcrumb"},"inLanguage":"it-IT","potentialAction":[{"@type":"ReadAction","target":["https:\/\/coffeelounge.delonghi.com\/it\/product\/miscela-rossa-caffe-campetelli\/"]}]},{"@type":"ImageObject","inLanguage":"it-IT","@id":"https:\/\/coffeelounge.delonghi.com\/it\/product\/miscela-rossa-caffe-campetelli\/#primaryimage","url":"https:\/\/coffeelounge.delonghi.com\/wp-content\/uploads\/2021\/05\/MiscelaRossa_Campetelli-Pack2.png","contentUrl":"https:\/\/coffeelounge.delonghi.com\/wp-content\/uploads\/2021\/05\/MiscelaRossa_Campetelli-Pack2.png","width":450,"height":450},{"@type":"BreadcrumbList","@id":"https:\/\/coffeelounge.delonghi.com\/it\/product\/miscela-rossa-caffe-campetelli\/#breadcrumb","itemListElement":[{"@type":"ListItem","position":1,"name":"Home","item":"https:\/\/coffeelounge.delonghi.com\/it\/"},{"@type":"ListItem","position":2,"name":"Boutique","item":"https:\/\/coffeelounge.delonghi.com\/fr\/?page_id=36"},{"@type":"ListItem","position":3,"name":"MISCELA ROSSA"}]},{"@type":"WebSite","@id":"https:\/\/coffeelounge.delonghi.com\/it\/#website","url":"https:\/\/coffeelounge.delonghi.com\/it\/","name":"De&#039;Longhi","description":"Coffee Lounge","publisher":{"@id":"https:\/\/coffeelounge.delonghi.com\/it\/#organization"},"potentialAction":[{"@type":"SearchAction","target":{"@type":"EntryPoint","urlTemplate":"https:\/\/coffeelounge.delonghi.com\/it\/?s={search_term_string}"},"query-input":{"@type":"PropertyValueSpecification","valueRequired":true,"valueName":"search_term_string"}}],"inLanguage":"it-IT"},{"@type":"Organization","@id":"https:\/\/coffeelounge.delonghi.com\/it\/#organization","name":"De'Longhi Coffee Lounge","url":"https:\/\/coffeelounge.delonghi.com\/it\/","logo":{"@type":"ImageObject","inLanguage":"it-IT","@id":"https:\/\/coffeelounge.delonghi.com\/it\/#\/schema\/logo\/image\/","url":"https:\/\/coffeelounge.delonghi.com\/wp-content\/uploads\/2020\/05\/delonghi-coffee-lounge-logo-nederland.png","contentUrl":"https:\/\/coffeelounge.delonghi.com\/wp-content\/uploads\/2020\/05\/delonghi-coffee-lounge-logo-nederland.png","width":2337,"height":724,"caption":"De'Longhi Coffee Lounge"},"image":{"@id":"https:\/\/coffeelounge.delonghi.com\/it\/#\/schema\/logo\/image\/"}}]}},"_links":{"self":[{"href":"https:\/\/coffeelounge.delonghi.com\/it\/wp-json\/wp\/v2\/product\/26967","targetHints":{"allow":["GET"]}}],"collection":[{"href":"https:\/\/coffeelounge.delonghi.com\/it\/wp-json\/wp\/v2\/product"}],"about":[{"href":"https:\/\/coffeelounge.delonghi.com\/it\/wp-json\/wp\/v2\/types\/product"}],"replies":[{"embeddable":true,"href":"https:\/\/coffeelounge.delonghi.com\/it\/wp-json\/wp\/v2\/comments?post=26967"}],"version-history":[{"count":2,"href":"https:\/\/coffeelounge.delonghi.com\/it\/wp-json\/wp\/v2\/product\/26967\/revisions"}],"predecessor-version":[{"id":421979,"href":"https:\/\/coffeelounge.delonghi.com\/it\/wp-json\/wp\/v2\/product\/26967\/revisions\/421979"}],"wp:featuredmedia":[{"embeddable":true,"href":"https:\/\/coffeelounge.delonghi.com\/it\/wp-json\/wp\/v2\/media\/418154"}],"wp:attachment":[{"href":"https:\/\/coffeelounge.delonghi.com\/it\/wp-json\/wp\/v2\/media?parent=26967"}],"wp:term":[{"taxonomy":"product_cat","embeddable":true,"href":"https:\/\/coffeelounge.delonghi.com\/it\/wp-json\/wp\/v2\/product_cat?post=26967"},{"taxonomy":"product_tag","embeddable":true,"href":"https:\/\/coffeelounge.delonghi.com\/it\/wp-json\/wp\/v2\/product_tag?post=26967"}],"curies":[{"name":"wp","href":"https:\/\/api.w.org\/{rel}","templated":true}]}}