{"id":26811,"date":"2021-05-09T11:02:46","date_gmt":"2021-05-09T11:02:46","guid":{"rendered":"https:\/\/coffeelounge.delonghi.com\/?post_type=product&#038;p=26811"},"modified":"2024-03-04T08:25:36","modified_gmt":"2024-03-04T08:25:36","slug":"caffe-alberto-pappagallo-rosso","status":"publish","type":"product","link":"https:\/\/coffeelounge.delonghi.com\/it\/product\/caffe-alberto-pappagallo-rosso\/","title":{"rendered":"Caff\u00e8 Alberto Pappagallo Rosso"},"content":{"rendered":"<p>\u00c8 la nostra miscela pluripremiata. Abbiamo aggiunto una piccola percentuale di Caff\u00e8 Robusta di altissima qualit\u00e0 per regalarvi un gusto pi\u00f9 intenso.<br \/>\nLa dolcezza di questa miscela \u00e8 data dai gusti del cioccolato e delle noci che ci gratificano e coccolano dopo un buon pranzetto o appena svegli alla mattina.<\/p>\n","protected":false},"excerpt":{"rendered":"<p>\u00c8 la nostra miscela pluripremiata. Abbiamo aggiunto una piccola percentuale di Caff\u00e8 Robusta di altissima qualit\u00e0 per regalarvi un gusto pi\u00f9 intenso. La dolcezza di questa miscela \u00e8 data dai gusti del cioccolato e delle noci che ci gratificano e coccolano dopo un buon pranzetto o appena svegli alla mattina.<\/p>\n","protected":false},"featured_media":418492,"comment_status":"closed","ping_status":"closed","template":"","meta":{"_acf_changed":false},"product_cat":[74,29],"product_tag":[],"class_list":{"0":"post-26811","1":"product","2":"type-product","3":"status-publish","4":"has-post-thumbnail","6":"product_cat-tutti","7":"product_cat-miscela","9":"first","10":"instock","11":"taxable","12":"shipping-taxable","13":"purchasable","14":"product-type-variable"},"acf":[],"yoast_head":"<!-- This site is optimized with the Yoast SEO Premium plugin v24.5 (Yoast SEO v24.5) - https:\/\/yoast.com\/wordpress\/plugins\/seo\/ -->\n<title>Caff\u00e8 Alberto Pappagallo Rosso | De&#039;Longhi<\/title>\n<meta name=\"description\" content=\"Caff\u00e8 Alberto Pappagallo Rosso. \u00c8 la nostra miscela pluripremiata. Abbiamo aggiunto una piccola percentuale di Caff\u00e8 Robusta di altissima qualit\u00e0.\" \/>\n<meta name=\"robots\" content=\"index, follow, max-snippet:-1, max-image-preview:large, max-video-preview:-1\" \/>\n<meta name=\"twitter:card\" content=\"summary_large_image\" \/>\n<meta name=\"twitter:title\" content=\"Caff\u00e8 Alberto Pappagallo Rosso | De&#039;Longhi\" \/>\n<meta name=\"twitter:description\" content=\"Caff\u00e8 Alberto Pappagallo Rosso. \u00c8 la nostra miscela pluripremiata. Abbiamo aggiunto una piccola percentuale di Caff\u00e8 Robusta di altissima qualit\u00e0.\" \/>\n<meta name=\"twitter:image\" content=\"https:\/\/coffeelounge.delonghi.com\/wp-content\/uploads\/2021\/05\/Pappagallo-Rosso-Corrado-Alberto-1-1.png\" \/>\n<script type=\"application\/ld+json\" class=\"yoast-schema-graph\">{\"@context\":\"https:\/\/schema.org\",\"@graph\":[{\"@type\":\"WebPage\",\"@id\":\"https:\/\/coffeelounge.delonghi.com\/it\/product\/caffe-alberto-pappagallo-rosso\/\",\"url\":\"https:\/\/coffeelounge.delonghi.com\/it\/product\/caffe-alberto-pappagallo-rosso\/\",\"name\":\"Caff\u00e8 Alberto Pappagallo Rosso | De&#039;Longhi\",\"isPartOf\":{\"@id\":\"https:\/\/coffeelounge.delonghi.com\/it\/#website\"},\"primaryImageOfPage\":{\"@id\":\"https:\/\/coffeelounge.delonghi.com\/it\/product\/caffe-alberto-pappagallo-rosso\/#primaryimage\"},\"image\":{\"@id\":\"https:\/\/coffeelounge.delonghi.com\/it\/product\/caffe-alberto-pappagallo-rosso\/#primaryimage\"},\"thumbnailUrl\":\"https:\/\/coffeelounge.delonghi.com\/wp-content\/uploads\/2021\/05\/Pappagallo-Rosso-Corrado-Alberto-1-1.png\",\"datePublished\":\"2021-05-09T11:02:46+00:00\",\"dateModified\":\"2024-03-04T08:25:36+00:00\",\"description\":\"Caff\u00e8 Alberto Pappagallo Rosso. \u00c8 la nostra miscela pluripremiata. Abbiamo aggiunto una piccola percentuale di Caff\u00e8 Robusta di altissima qualit\u00e0.\",\"breadcrumb\":{\"@id\":\"https:\/\/coffeelounge.delonghi.com\/it\/product\/caffe-alberto-pappagallo-rosso\/#breadcrumb\"},\"inLanguage\":\"it-IT\",\"potentialAction\":[{\"@type\":\"ReadAction\",\"target\":[\"https:\/\/coffeelounge.delonghi.com\/it\/product\/caffe-alberto-pappagallo-rosso\/\"]}]},{\"@type\":\"ImageObject\",\"inLanguage\":\"it-IT\",\"@id\":\"https:\/\/coffeelounge.delonghi.com\/it\/product\/caffe-alberto-pappagallo-rosso\/#primaryimage\",\"url\":\"https:\/\/coffeelounge.delonghi.com\/wp-content\/uploads\/2021\/05\/Pappagallo-Rosso-Corrado-Alberto-1-1.png\",\"contentUrl\":\"https:\/\/coffeelounge.delonghi.com\/wp-content\/uploads\/2021\/05\/Pappagallo-Rosso-Corrado-Alberto-1-1.png\",\"width\":578,\"height\":431},{\"@type\":\"BreadcrumbList\",\"@id\":\"https:\/\/coffeelounge.delonghi.com\/it\/product\/caffe-alberto-pappagallo-rosso\/#breadcrumb\",\"itemListElement\":[{\"@type\":\"ListItem\",\"position\":1,\"name\":\"Home\",\"item\":\"https:\/\/coffeelounge.delonghi.com\/it\/\"},{\"@type\":\"ListItem\",\"position\":2,\"name\":\"Boutique\",\"item\":\"https:\/\/coffeelounge.delonghi.com\/fr\/?page_id=36\"},{\"@type\":\"ListItem\",\"position\":3,\"name\":\"Caff\u00e8 Alberto Pappagallo Rosso\"}]},{\"@type\":\"WebSite\",\"@id\":\"https:\/\/coffeelounge.delonghi.com\/it\/#website\",\"url\":\"https:\/\/coffeelounge.delonghi.com\/it\/\",\"name\":\"De&#039;Longhi\",\"description\":\"Coffee Lounge\",\"publisher\":{\"@id\":\"https:\/\/coffeelounge.delonghi.com\/it\/#organization\"},\"potentialAction\":[{\"@type\":\"SearchAction\",\"target\":{\"@type\":\"EntryPoint\",\"urlTemplate\":\"https:\/\/coffeelounge.delonghi.com\/it\/?s={search_term_string}\"},\"query-input\":{\"@type\":\"PropertyValueSpecification\",\"valueRequired\":true,\"valueName\":\"search_term_string\"}}],\"inLanguage\":\"it-IT\"},{\"@type\":\"Organization\",\"@id\":\"https:\/\/coffeelounge.delonghi.com\/it\/#organization\",\"name\":\"De'Longhi Coffee Lounge\",\"url\":\"https:\/\/coffeelounge.delonghi.com\/it\/\",\"logo\":{\"@type\":\"ImageObject\",\"inLanguage\":\"it-IT\",\"@id\":\"https:\/\/coffeelounge.delonghi.com\/it\/#\/schema\/logo\/image\/\",\"url\":\"https:\/\/coffeelounge.delonghi.com\/wp-content\/uploads\/2020\/05\/delonghi-coffee-lounge-logo-nederland.png\",\"contentUrl\":\"https:\/\/coffeelounge.delonghi.com\/wp-content\/uploads\/2020\/05\/delonghi-coffee-lounge-logo-nederland.png\",\"width\":2337,\"height\":724,\"caption\":\"De'Longhi Coffee Lounge\"},\"image\":{\"@id\":\"https:\/\/coffeelounge.delonghi.com\/it\/#\/schema\/logo\/image\/\"}}]}<\/script>\n<!-- \/ Yoast SEO Premium plugin. -->","yoast_head_json":{"title":"Caff\u00e8 Alberto Pappagallo Rosso | De&#039;Longhi","description":"Caff\u00e8 Alberto Pappagallo Rosso. \u00c8 la nostra miscela pluripremiata. Abbiamo aggiunto una piccola percentuale di Caff\u00e8 Robusta di altissima qualit\u00e0.","robots":{"index":"index","follow":"follow","max-snippet":"max-snippet:-1","max-image-preview":"max-image-preview:large","max-video-preview":"max-video-preview:-1"},"twitter_card":"summary_large_image","twitter_title":"Caff\u00e8 Alberto Pappagallo Rosso | De&#039;Longhi","twitter_description":"Caff\u00e8 Alberto Pappagallo Rosso. \u00c8 la nostra miscela pluripremiata. Abbiamo aggiunto una piccola percentuale di Caff\u00e8 Robusta di altissima qualit\u00e0.","twitter_image":"https:\/\/coffeelounge.delonghi.com\/wp-content\/uploads\/2021\/05\/Pappagallo-Rosso-Corrado-Alberto-1-1.png","schema":{"@context":"https:\/\/schema.org","@graph":[{"@type":"WebPage","@id":"https:\/\/coffeelounge.delonghi.com\/it\/product\/caffe-alberto-pappagallo-rosso\/","url":"https:\/\/coffeelounge.delonghi.com\/it\/product\/caffe-alberto-pappagallo-rosso\/","name":"Caff\u00e8 Alberto Pappagallo Rosso | De&#039;Longhi","isPartOf":{"@id":"https:\/\/coffeelounge.delonghi.com\/it\/#website"},"primaryImageOfPage":{"@id":"https:\/\/coffeelounge.delonghi.com\/it\/product\/caffe-alberto-pappagallo-rosso\/#primaryimage"},"image":{"@id":"https:\/\/coffeelounge.delonghi.com\/it\/product\/caffe-alberto-pappagallo-rosso\/#primaryimage"},"thumbnailUrl":"https:\/\/coffeelounge.delonghi.com\/wp-content\/uploads\/2021\/05\/Pappagallo-Rosso-Corrado-Alberto-1-1.png","datePublished":"2021-05-09T11:02:46+00:00","dateModified":"2024-03-04T08:25:36+00:00","description":"Caff\u00e8 Alberto Pappagallo Rosso. \u00c8 la nostra miscela pluripremiata. Abbiamo aggiunto una piccola percentuale di Caff\u00e8 Robusta di altissima qualit\u00e0.","breadcrumb":{"@id":"https:\/\/coffeelounge.delonghi.com\/it\/product\/caffe-alberto-pappagallo-rosso\/#breadcrumb"},"inLanguage":"it-IT","potentialAction":[{"@type":"ReadAction","target":["https:\/\/coffeelounge.delonghi.com\/it\/product\/caffe-alberto-pappagallo-rosso\/"]}]},{"@type":"ImageObject","inLanguage":"it-IT","@id":"https:\/\/coffeelounge.delonghi.com\/it\/product\/caffe-alberto-pappagallo-rosso\/#primaryimage","url":"https:\/\/coffeelounge.delonghi.com\/wp-content\/uploads\/2021\/05\/Pappagallo-Rosso-Corrado-Alberto-1-1.png","contentUrl":"https:\/\/coffeelounge.delonghi.com\/wp-content\/uploads\/2021\/05\/Pappagallo-Rosso-Corrado-Alberto-1-1.png","width":578,"height":431},{"@type":"BreadcrumbList","@id":"https:\/\/coffeelounge.delonghi.com\/it\/product\/caffe-alberto-pappagallo-rosso\/#breadcrumb","itemListElement":[{"@type":"ListItem","position":1,"name":"Home","item":"https:\/\/coffeelounge.delonghi.com\/it\/"},{"@type":"ListItem","position":2,"name":"Boutique","item":"https:\/\/coffeelounge.delonghi.com\/fr\/?page_id=36"},{"@type":"ListItem","position":3,"name":"Caff\u00e8 Alberto Pappagallo Rosso"}]},{"@type":"WebSite","@id":"https:\/\/coffeelounge.delonghi.com\/it\/#website","url":"https:\/\/coffeelounge.delonghi.com\/it\/","name":"De&#039;Longhi","description":"Coffee Lounge","publisher":{"@id":"https:\/\/coffeelounge.delonghi.com\/it\/#organization"},"potentialAction":[{"@type":"SearchAction","target":{"@type":"EntryPoint","urlTemplate":"https:\/\/coffeelounge.delonghi.com\/it\/?s={search_term_string}"},"query-input":{"@type":"PropertyValueSpecification","valueRequired":true,"valueName":"search_term_string"}}],"inLanguage":"it-IT"},{"@type":"Organization","@id":"https:\/\/coffeelounge.delonghi.com\/it\/#organization","name":"De'Longhi Coffee Lounge","url":"https:\/\/coffeelounge.delonghi.com\/it\/","logo":{"@type":"ImageObject","inLanguage":"it-IT","@id":"https:\/\/coffeelounge.delonghi.com\/it\/#\/schema\/logo\/image\/","url":"https:\/\/coffeelounge.delonghi.com\/wp-content\/uploads\/2020\/05\/delonghi-coffee-lounge-logo-nederland.png","contentUrl":"https:\/\/coffeelounge.delonghi.com\/wp-content\/uploads\/2020\/05\/delonghi-coffee-lounge-logo-nederland.png","width":2337,"height":724,"caption":"De'Longhi Coffee Lounge"},"image":{"@id":"https:\/\/coffeelounge.delonghi.com\/it\/#\/schema\/logo\/image\/"}}]}},"_links":{"self":[{"href":"https:\/\/coffeelounge.delonghi.com\/it\/wp-json\/wp\/v2\/product\/26811","targetHints":{"allow":["GET"]}}],"collection":[{"href":"https:\/\/coffeelounge.delonghi.com\/it\/wp-json\/wp\/v2\/product"}],"about":[{"href":"https:\/\/coffeelounge.delonghi.com\/it\/wp-json\/wp\/v2\/types\/product"}],"replies":[{"embeddable":true,"href":"https:\/\/coffeelounge.delonghi.com\/it\/wp-json\/wp\/v2\/comments?post=26811"}],"version-history":[{"count":2,"href":"https:\/\/coffeelounge.delonghi.com\/it\/wp-json\/wp\/v2\/product\/26811\/revisions"}],"predecessor-version":[{"id":421992,"href":"https:\/\/coffeelounge.delonghi.com\/it\/wp-json\/wp\/v2\/product\/26811\/revisions\/421992"}],"wp:featuredmedia":[{"embeddable":true,"href":"https:\/\/coffeelounge.delonghi.com\/it\/wp-json\/wp\/v2\/media\/418492"}],"wp:attachment":[{"href":"https:\/\/coffeelounge.delonghi.com\/it\/wp-json\/wp\/v2\/media?parent=26811"}],"wp:term":[{"taxonomy":"product_cat","embeddable":true,"href":"https:\/\/coffeelounge.delonghi.com\/it\/wp-json\/wp\/v2\/product_cat?post=26811"},{"taxonomy":"product_tag","embeddable":true,"href":"https:\/\/coffeelounge.delonghi.com\/it\/wp-json\/wp\/v2\/product_tag?post=26811"}],"curies":[{"name":"wp","href":"https:\/\/api.w.org\/{rel}","templated":true}]}}