{"id":258481,"date":"2022-09-04T21:00:18","date_gmt":"2022-09-04T21:00:18","guid":{"rendered":"https:\/\/coffeelounge.delonghi.com\/?post_type=product&#038;p=258481"},"modified":"2024-03-04T07:45:56","modified_gmt":"2024-03-04T07:45:56","slug":"san-giusto-caffe-vietnam-monorigine-in-grani","status":"publish","type":"product","link":"https:\/\/coffeelounge.delonghi.com\/it\/product\/san-giusto-caffe-vietnam-monorigine-in-grani\/","title":{"rendered":"san giusto caff\u00e8 &#8211; Vietnam Monorigine in grani"},"content":{"rendered":"<p>Speziato, cremoso ed intenso.<br \/>\nLa tostatura medio-chiara esalta i gusti di cioccolato al latte.<br \/>\nSelezionato, tostato e confezionato a mano a Trieste, la citt\u00e0 del caff\u00e8.<br \/>\nConfezione di caff\u00e8 tostato in grani dotata di zip &#8220;apri e chiudi&#8221; e valvola salva-aroma.<br \/>\nIl Vietnam \u00e8 il secondo produttore ed esportatore al mondo di caff\u00e8 in assoluto, dopo il Brasile<\/p>\n<p><strong>Certificazione<\/strong>: Wet Polished screen 18 &#8211; special preparation<\/p>\n","protected":false},"excerpt":{"rendered":"<p>Speziato, cremoso ed intenso. La tostatura medio-chiara esalta i gusti di cioccolato al latte. Selezionato, tostato e confezionato a mano a Trieste, la citt\u00e0 del caff\u00e8. Confezione di caff\u00e8 tostato in grani dotata di zip &#8220;apri e chiudi&#8221; e valvola salva-aroma. Il Vietnam \u00e8 il secondo produttore ed esportatore al mondo di caff\u00e8 in assoluto, [&hellip;]<\/p>\n","protected":false},"featured_media":415757,"comment_status":"closed","ping_status":"closed","template":"","meta":{"_acf_changed":false},"product_cat":[74,30],"product_tag":[],"class_list":{"0":"post-258481","1":"product","2":"type-product","3":"status-publish","4":"has-post-thumbnail","6":"product_cat-tutti","7":"product_cat-monorigine","9":"first","10":"instock","11":"taxable","12":"shipping-taxable","13":"purchasable","14":"product-type-variable"},"acf":[],"yoast_head":"<!-- This site is optimized with the Yoast SEO Premium plugin v24.5 (Yoast SEO v24.5) - https:\/\/yoast.com\/wordpress\/plugins\/seo\/ -->\n<title>san giusto caff\u00e8 - Vietnam Monorigine in grani | De&#039;Longhi<\/title>\n<meta name=\"robots\" content=\"index, follow, max-snippet:-1, max-image-preview:large, max-video-preview:-1\" \/>\n<meta name=\"twitter:card\" content=\"summary_large_image\" \/>\n<meta name=\"twitter:title\" content=\"san giusto caff\u00e8 - Vietnam Monorigine in grani | De&#039;Longhi\" \/>\n<meta name=\"twitter:description\" content=\"Speziato, cremoso ed intenso. La tostatura medio-chiara esalta i gusti di cioccolato al latte. Selezionato, tostato e confezionato a mano a Trieste, la citt\u00e0 del caff\u00e8. Confezione di caff\u00e8 tostato in grani dotata di zip &#8220;apri e chiudi&#8221; e valvola salva-aroma. Il Vietnam \u00e8 il secondo produttore ed esportatore al mondo di caff\u00e8 in assoluto, [&hellip;]\" \/>\n<meta name=\"twitter:image\" content=\"https:\/\/coffeelounge.delonghi.com\/wp-content\/uploads\/2022\/09\/Caffe-Robusta-Vietnam-in-grani-Torrefazione-Caffe-San-Giusto.png\" \/>\n<script type=\"application\/ld+json\" class=\"yoast-schema-graph\">{\"@context\":\"https:\/\/schema.org\",\"@graph\":[{\"@type\":\"WebPage\",\"@id\":\"https:\/\/coffeelounge.delonghi.com\/it\/product\/san-giusto-caffe-vietnam-monorigine-in-grani\/\",\"url\":\"https:\/\/coffeelounge.delonghi.com\/it\/product\/san-giusto-caffe-vietnam-monorigine-in-grani\/\",\"name\":\"san giusto caff\u00e8 - Vietnam Monorigine in grani | De&#039;Longhi\",\"isPartOf\":{\"@id\":\"https:\/\/coffeelounge.delonghi.com\/it\/#website\"},\"primaryImageOfPage\":{\"@id\":\"https:\/\/coffeelounge.delonghi.com\/it\/product\/san-giusto-caffe-vietnam-monorigine-in-grani\/#primaryimage\"},\"image\":{\"@id\":\"https:\/\/coffeelounge.delonghi.com\/it\/product\/san-giusto-caffe-vietnam-monorigine-in-grani\/#primaryimage\"},\"thumbnailUrl\":\"https:\/\/coffeelounge.delonghi.com\/wp-content\/uploads\/2022\/09\/Caffe-Robusta-Vietnam-in-grani-Torrefazione-Caffe-San-Giusto.png\",\"datePublished\":\"2022-09-04T21:00:18+00:00\",\"dateModified\":\"2024-03-04T07:45:56+00:00\",\"breadcrumb\":{\"@id\":\"https:\/\/coffeelounge.delonghi.com\/it\/product\/san-giusto-caffe-vietnam-monorigine-in-grani\/#breadcrumb\"},\"inLanguage\":\"it-IT\",\"potentialAction\":[{\"@type\":\"ReadAction\",\"target\":[\"https:\/\/coffeelounge.delonghi.com\/it\/product\/san-giusto-caffe-vietnam-monorigine-in-grani\/\"]}]},{\"@type\":\"ImageObject\",\"inLanguage\":\"it-IT\",\"@id\":\"https:\/\/coffeelounge.delonghi.com\/it\/product\/san-giusto-caffe-vietnam-monorigine-in-grani\/#primaryimage\",\"url\":\"https:\/\/coffeelounge.delonghi.com\/wp-content\/uploads\/2022\/09\/Caffe-Robusta-Vietnam-in-grani-Torrefazione-Caffe-San-Giusto.png\",\"contentUrl\":\"https:\/\/coffeelounge.delonghi.com\/wp-content\/uploads\/2022\/09\/Caffe-Robusta-Vietnam-in-grani-Torrefazione-Caffe-San-Giusto.png\",\"width\":500,\"height\":500},{\"@type\":\"BreadcrumbList\",\"@id\":\"https:\/\/coffeelounge.delonghi.com\/it\/product\/san-giusto-caffe-vietnam-monorigine-in-grani\/#breadcrumb\",\"itemListElement\":[{\"@type\":\"ListItem\",\"position\":1,\"name\":\"Home\",\"item\":\"https:\/\/coffeelounge.delonghi.com\/it\/\"},{\"@type\":\"ListItem\",\"position\":2,\"name\":\"Boutique\",\"item\":\"https:\/\/coffeelounge.delonghi.com\/fr\/?page_id=36\"},{\"@type\":\"ListItem\",\"position\":3,\"name\":\"san giusto caff\u00e8 &#8211; Vietnam Monorigine in grani\"}]},{\"@type\":\"WebSite\",\"@id\":\"https:\/\/coffeelounge.delonghi.com\/it\/#website\",\"url\":\"https:\/\/coffeelounge.delonghi.com\/it\/\",\"name\":\"De&#039;Longhi\",\"description\":\"Coffee Lounge\",\"publisher\":{\"@id\":\"https:\/\/coffeelounge.delonghi.com\/it\/#organization\"},\"potentialAction\":[{\"@type\":\"SearchAction\",\"target\":{\"@type\":\"EntryPoint\",\"urlTemplate\":\"https:\/\/coffeelounge.delonghi.com\/it\/?s={search_term_string}\"},\"query-input\":{\"@type\":\"PropertyValueSpecification\",\"valueRequired\":true,\"valueName\":\"search_term_string\"}}],\"inLanguage\":\"it-IT\"},{\"@type\":\"Organization\",\"@id\":\"https:\/\/coffeelounge.delonghi.com\/it\/#organization\",\"name\":\"De'Longhi Coffee Lounge\",\"url\":\"https:\/\/coffeelounge.delonghi.com\/it\/\",\"logo\":{\"@type\":\"ImageObject\",\"inLanguage\":\"it-IT\",\"@id\":\"https:\/\/coffeelounge.delonghi.com\/it\/#\/schema\/logo\/image\/\",\"url\":\"https:\/\/coffeelounge.delonghi.com\/wp-content\/uploads\/2020\/05\/delonghi-coffee-lounge-logo-nederland.png\",\"contentUrl\":\"https:\/\/coffeelounge.delonghi.com\/wp-content\/uploads\/2020\/05\/delonghi-coffee-lounge-logo-nederland.png\",\"width\":2337,\"height\":724,\"caption\":\"De'Longhi Coffee Lounge\"},\"image\":{\"@id\":\"https:\/\/coffeelounge.delonghi.com\/it\/#\/schema\/logo\/image\/\"}}]}<\/script>\n<!-- \/ Yoast SEO Premium plugin. -->","yoast_head_json":{"title":"san giusto caff\u00e8 - Vietnam Monorigine in grani | De&#039;Longhi","robots":{"index":"index","follow":"follow","max-snippet":"max-snippet:-1","max-image-preview":"max-image-preview:large","max-video-preview":"max-video-preview:-1"},"twitter_card":"summary_large_image","twitter_title":"san giusto caff\u00e8 - Vietnam Monorigine in grani | De&#039;Longhi","twitter_description":"Speziato, cremoso ed intenso. La tostatura medio-chiara esalta i gusti di cioccolato al latte. Selezionato, tostato e confezionato a mano a Trieste, la citt\u00e0 del caff\u00e8. Confezione di caff\u00e8 tostato in grani dotata di zip &#8220;apri e chiudi&#8221; e valvola salva-aroma. Il Vietnam \u00e8 il secondo produttore ed esportatore al mondo di caff\u00e8 in assoluto, [&hellip;]","twitter_image":"https:\/\/coffeelounge.delonghi.com\/wp-content\/uploads\/2022\/09\/Caffe-Robusta-Vietnam-in-grani-Torrefazione-Caffe-San-Giusto.png","schema":{"@context":"https:\/\/schema.org","@graph":[{"@type":"WebPage","@id":"https:\/\/coffeelounge.delonghi.com\/it\/product\/san-giusto-caffe-vietnam-monorigine-in-grani\/","url":"https:\/\/coffeelounge.delonghi.com\/it\/product\/san-giusto-caffe-vietnam-monorigine-in-grani\/","name":"san giusto caff\u00e8 - Vietnam Monorigine in grani | De&#039;Longhi","isPartOf":{"@id":"https:\/\/coffeelounge.delonghi.com\/it\/#website"},"primaryImageOfPage":{"@id":"https:\/\/coffeelounge.delonghi.com\/it\/product\/san-giusto-caffe-vietnam-monorigine-in-grani\/#primaryimage"},"image":{"@id":"https:\/\/coffeelounge.delonghi.com\/it\/product\/san-giusto-caffe-vietnam-monorigine-in-grani\/#primaryimage"},"thumbnailUrl":"https:\/\/coffeelounge.delonghi.com\/wp-content\/uploads\/2022\/09\/Caffe-Robusta-Vietnam-in-grani-Torrefazione-Caffe-San-Giusto.png","datePublished":"2022-09-04T21:00:18+00:00","dateModified":"2024-03-04T07:45:56+00:00","breadcrumb":{"@id":"https:\/\/coffeelounge.delonghi.com\/it\/product\/san-giusto-caffe-vietnam-monorigine-in-grani\/#breadcrumb"},"inLanguage":"it-IT","potentialAction":[{"@type":"ReadAction","target":["https:\/\/coffeelounge.delonghi.com\/it\/product\/san-giusto-caffe-vietnam-monorigine-in-grani\/"]}]},{"@type":"ImageObject","inLanguage":"it-IT","@id":"https:\/\/coffeelounge.delonghi.com\/it\/product\/san-giusto-caffe-vietnam-monorigine-in-grani\/#primaryimage","url":"https:\/\/coffeelounge.delonghi.com\/wp-content\/uploads\/2022\/09\/Caffe-Robusta-Vietnam-in-grani-Torrefazione-Caffe-San-Giusto.png","contentUrl":"https:\/\/coffeelounge.delonghi.com\/wp-content\/uploads\/2022\/09\/Caffe-Robusta-Vietnam-in-grani-Torrefazione-Caffe-San-Giusto.png","width":500,"height":500},{"@type":"BreadcrumbList","@id":"https:\/\/coffeelounge.delonghi.com\/it\/product\/san-giusto-caffe-vietnam-monorigine-in-grani\/#breadcrumb","itemListElement":[{"@type":"ListItem","position":1,"name":"Home","item":"https:\/\/coffeelounge.delonghi.com\/it\/"},{"@type":"ListItem","position":2,"name":"Boutique","item":"https:\/\/coffeelounge.delonghi.com\/fr\/?page_id=36"},{"@type":"ListItem","position":3,"name":"san giusto caff\u00e8 &#8211; Vietnam Monorigine in grani"}]},{"@type":"WebSite","@id":"https:\/\/coffeelounge.delonghi.com\/it\/#website","url":"https:\/\/coffeelounge.delonghi.com\/it\/","name":"De&#039;Longhi","description":"Coffee Lounge","publisher":{"@id":"https:\/\/coffeelounge.delonghi.com\/it\/#organization"},"potentialAction":[{"@type":"SearchAction","target":{"@type":"EntryPoint","urlTemplate":"https:\/\/coffeelounge.delonghi.com\/it\/?s={search_term_string}"},"query-input":{"@type":"PropertyValueSpecification","valueRequired":true,"valueName":"search_term_string"}}],"inLanguage":"it-IT"},{"@type":"Organization","@id":"https:\/\/coffeelounge.delonghi.com\/it\/#organization","name":"De'Longhi Coffee Lounge","url":"https:\/\/coffeelounge.delonghi.com\/it\/","logo":{"@type":"ImageObject","inLanguage":"it-IT","@id":"https:\/\/coffeelounge.delonghi.com\/it\/#\/schema\/logo\/image\/","url":"https:\/\/coffeelounge.delonghi.com\/wp-content\/uploads\/2020\/05\/delonghi-coffee-lounge-logo-nederland.png","contentUrl":"https:\/\/coffeelounge.delonghi.com\/wp-content\/uploads\/2020\/05\/delonghi-coffee-lounge-logo-nederland.png","width":2337,"height":724,"caption":"De'Longhi Coffee Lounge"},"image":{"@id":"https:\/\/coffeelounge.delonghi.com\/it\/#\/schema\/logo\/image\/"}}]}},"_links":{"self":[{"href":"https:\/\/coffeelounge.delonghi.com\/it\/wp-json\/wp\/v2\/product\/258481","targetHints":{"allow":["GET"]}}],"collection":[{"href":"https:\/\/coffeelounge.delonghi.com\/it\/wp-json\/wp\/v2\/product"}],"about":[{"href":"https:\/\/coffeelounge.delonghi.com\/it\/wp-json\/wp\/v2\/types\/product"}],"replies":[{"embeddable":true,"href":"https:\/\/coffeelounge.delonghi.com\/it\/wp-json\/wp\/v2\/comments?post=258481"}],"version-history":[{"count":2,"href":"https:\/\/coffeelounge.delonghi.com\/it\/wp-json\/wp\/v2\/product\/258481\/revisions"}],"predecessor-version":[{"id":421862,"href":"https:\/\/coffeelounge.delonghi.com\/it\/wp-json\/wp\/v2\/product\/258481\/revisions\/421862"}],"wp:featuredmedia":[{"embeddable":true,"href":"https:\/\/coffeelounge.delonghi.com\/it\/wp-json\/wp\/v2\/media\/415757"}],"wp:attachment":[{"href":"https:\/\/coffeelounge.delonghi.com\/it\/wp-json\/wp\/v2\/media?parent=258481"}],"wp:term":[{"taxonomy":"product_cat","embeddable":true,"href":"https:\/\/coffeelounge.delonghi.com\/it\/wp-json\/wp\/v2\/product_cat?post=258481"},{"taxonomy":"product_tag","embeddable":true,"href":"https:\/\/coffeelounge.delonghi.com\/it\/wp-json\/wp\/v2\/product_tag?post=258481"}],"curies":[{"name":"wp","href":"https:\/\/api.w.org\/{rel}","templated":true}]}}