{"id":25345,"date":"2021-05-03T17:44:52","date_gmt":"2021-05-03T17:44:52","guid":{"rendered":"https:\/\/coffeelounge.delonghi.com\/?post_type=product&#038;p=25345"},"modified":"2024-03-04T08:30:49","modified_gmt":"2024-03-04T08:30:49","slug":"decaffeinato-h2o-coffel","status":"publish","type":"product","link":"https:\/\/coffeelounge.delonghi.com\/it\/product\/decaffeinato-h2o-coffel\/","title":{"rendered":"Decaffeinato H2O"},"content":{"rendered":"<p>Pacchetto da 500 GR<\/p>\n<p>Miscela di caff\u00e8 brasiliani Provenienza: regioni Minas Gerais, Cerrado<\/p>\n<p><strong>Variet\u00e0<\/strong>: ciliegia Catuai, Mundo Novo<\/p>\n<p><strong>Lavorazione<\/strong>: botanica naturale<\/p>\n<p>Il caff\u00e8 viene miscelato da crudo e poi mandato in stabilimento a decaffeinare.<\/p>\n<p><strong>Processo di decaffeinizzazione ad acqua:<\/strong> chiamato metodo Swiss Water 100% naturale<\/p>\n<p><strong>Elementi utilizzati<\/strong>: acqua, temperatura, tempo<\/p>\n<p><strong>Come<\/strong>: per 10 ore il caff\u00e8 crudo resta a contatto con H2O. In questo tempo l\u2019H2O viene costantemente filtrata con carboni attivi che trattengono la caffeina. Nelle 10 ore la temperatura dell\u2019H2O \u00e8 monitorata fino a decaffeinizzazione avvenuta.<\/p>\n<p><strong>Profilo sensoria<\/strong>le: buon corpo<\/p>\n<p><strong>Note<\/strong>: cioccolato noce mandorla<\/p>\n<p><strong>Aftertaste<\/strong>: malto, cereali tostati In grani.<\/p>\n<p>Disponibile in pacchetto da 500 gr.<\/p>\n<p>&nbsp;<\/p>\n","protected":false},"excerpt":{"rendered":"<p>Pacchetto da 500 GR Miscela di caff\u00e8 brasiliani Provenienza: regioni Minas Gerais, Cerrado Variet\u00e0: ciliegia Catuai, Mundo Novo Lavorazione: botanica naturale Il caff\u00e8 viene miscelato da crudo e poi mandato in stabilimento a decaffeinare. Processo di decaffeinizzazione ad acqua: chiamato metodo Swiss Water 100% naturale Elementi utilizzati: acqua, temperatura, tempo Come: per 10 ore il [&hellip;]<\/p>\n","protected":false},"featured_media":418679,"comment_status":"closed","ping_status":"closed","template":"","meta":{"_acf_changed":false},"product_cat":[73],"product_tag":[],"class_list":{"0":"post-25345","1":"product","2":"type-product","3":"status-publish","4":"has-post-thumbnail","6":"product_cat-decaffeinato","8":"first","9":"instock","10":"taxable","11":"shipping-taxable","12":"purchasable","13":"product-type-variable"},"acf":[],"yoast_head":"<!-- This site is optimized with the Yoast SEO Premium plugin v24.5 (Yoast SEO v24.5) - https:\/\/yoast.com\/wordpress\/plugins\/seo\/ -->\n<title>Decaffeinato H2O | De&#039;Longhi<\/title>\n<meta name=\"description\" content=\"Miscela di caff\u00e8 brasiliani Provenienza: regioni Minas Gerais, Cerrado.\" \/>\n<meta name=\"robots\" content=\"index, follow, max-snippet:-1, max-image-preview:large, max-video-preview:-1\" \/>\n<meta name=\"twitter:card\" content=\"summary_large_image\" \/>\n<meta name=\"twitter:title\" content=\"Decaffeinato H2O | De&#039;Longhi\" \/>\n<meta name=\"twitter:description\" content=\"Miscela di caff\u00e8 brasiliani Provenienza: regioni Minas Gerais, Cerrado.\" \/>\n<meta name=\"twitter:image\" content=\"https:\/\/coffeelounge.delonghi.com\/wp-content\/uploads\/2021\/05\/DecaH20_Coffeel-Pack4.png\" \/>\n<script type=\"application\/ld+json\" class=\"yoast-schema-graph\">{\"@context\":\"https:\/\/schema.org\",\"@graph\":[{\"@type\":\"WebPage\",\"@id\":\"https:\/\/coffeelounge.delonghi.com\/it\/product\/decaffeinato-h2o-coffel\/\",\"url\":\"https:\/\/coffeelounge.delonghi.com\/it\/product\/decaffeinato-h2o-coffel\/\",\"name\":\"Decaffeinato H2O | De&#039;Longhi\",\"isPartOf\":{\"@id\":\"https:\/\/coffeelounge.delonghi.com\/it\/#website\"},\"primaryImageOfPage\":{\"@id\":\"https:\/\/coffeelounge.delonghi.com\/it\/product\/decaffeinato-h2o-coffel\/#primaryimage\"},\"image\":{\"@id\":\"https:\/\/coffeelounge.delonghi.com\/it\/product\/decaffeinato-h2o-coffel\/#primaryimage\"},\"thumbnailUrl\":\"https:\/\/coffeelounge.delonghi.com\/wp-content\/uploads\/2021\/05\/DecaH20_Coffeel-Pack4.png\",\"datePublished\":\"2021-05-03T17:44:52+00:00\",\"dateModified\":\"2024-03-04T08:30:49+00:00\",\"description\":\"Miscela di caff\u00e8 brasiliani Provenienza: regioni Minas Gerais, Cerrado.\",\"breadcrumb\":{\"@id\":\"https:\/\/coffeelounge.delonghi.com\/it\/product\/decaffeinato-h2o-coffel\/#breadcrumb\"},\"inLanguage\":\"it-IT\",\"potentialAction\":[{\"@type\":\"ReadAction\",\"target\":[\"https:\/\/coffeelounge.delonghi.com\/it\/product\/decaffeinato-h2o-coffel\/\"]}]},{\"@type\":\"ImageObject\",\"inLanguage\":\"it-IT\",\"@id\":\"https:\/\/coffeelounge.delonghi.com\/it\/product\/decaffeinato-h2o-coffel\/#primaryimage\",\"url\":\"https:\/\/coffeelounge.delonghi.com\/wp-content\/uploads\/2021\/05\/DecaH20_Coffeel-Pack4.png\",\"contentUrl\":\"https:\/\/coffeelounge.delonghi.com\/wp-content\/uploads\/2021\/05\/DecaH20_Coffeel-Pack4.png\",\"width\":450,\"height\":450},{\"@type\":\"BreadcrumbList\",\"@id\":\"https:\/\/coffeelounge.delonghi.com\/it\/product\/decaffeinato-h2o-coffel\/#breadcrumb\",\"itemListElement\":[{\"@type\":\"ListItem\",\"position\":1,\"name\":\"Home\",\"item\":\"https:\/\/coffeelounge.delonghi.com\/it\/\"},{\"@type\":\"ListItem\",\"position\":2,\"name\":\"Boutique\",\"item\":\"https:\/\/coffeelounge.delonghi.com\/fr\/?page_id=36\"},{\"@type\":\"ListItem\",\"position\":3,\"name\":\"Decaffeinato H2O\"}]},{\"@type\":\"WebSite\",\"@id\":\"https:\/\/coffeelounge.delonghi.com\/it\/#website\",\"url\":\"https:\/\/coffeelounge.delonghi.com\/it\/\",\"name\":\"De&#039;Longhi\",\"description\":\"Coffee Lounge\",\"publisher\":{\"@id\":\"https:\/\/coffeelounge.delonghi.com\/it\/#organization\"},\"potentialAction\":[{\"@type\":\"SearchAction\",\"target\":{\"@type\":\"EntryPoint\",\"urlTemplate\":\"https:\/\/coffeelounge.delonghi.com\/it\/?s={search_term_string}\"},\"query-input\":{\"@type\":\"PropertyValueSpecification\",\"valueRequired\":true,\"valueName\":\"search_term_string\"}}],\"inLanguage\":\"it-IT\"},{\"@type\":\"Organization\",\"@id\":\"https:\/\/coffeelounge.delonghi.com\/it\/#organization\",\"name\":\"De'Longhi Coffee Lounge\",\"url\":\"https:\/\/coffeelounge.delonghi.com\/it\/\",\"logo\":{\"@type\":\"ImageObject\",\"inLanguage\":\"it-IT\",\"@id\":\"https:\/\/coffeelounge.delonghi.com\/it\/#\/schema\/logo\/image\/\",\"url\":\"https:\/\/coffeelounge.delonghi.com\/wp-content\/uploads\/2020\/05\/delonghi-coffee-lounge-logo-nederland.png\",\"contentUrl\":\"https:\/\/coffeelounge.delonghi.com\/wp-content\/uploads\/2020\/05\/delonghi-coffee-lounge-logo-nederland.png\",\"width\":2337,\"height\":724,\"caption\":\"De'Longhi Coffee Lounge\"},\"image\":{\"@id\":\"https:\/\/coffeelounge.delonghi.com\/it\/#\/schema\/logo\/image\/\"}}]}<\/script>\n<!-- \/ Yoast SEO Premium plugin. -->","yoast_head_json":{"title":"Decaffeinato H2O | De&#039;Longhi","description":"Miscela di caff\u00e8 brasiliani Provenienza: regioni Minas Gerais, Cerrado.","robots":{"index":"index","follow":"follow","max-snippet":"max-snippet:-1","max-image-preview":"max-image-preview:large","max-video-preview":"max-video-preview:-1"},"twitter_card":"summary_large_image","twitter_title":"Decaffeinato H2O | De&#039;Longhi","twitter_description":"Miscela di caff\u00e8 brasiliani Provenienza: regioni Minas Gerais, Cerrado.","twitter_image":"https:\/\/coffeelounge.delonghi.com\/wp-content\/uploads\/2021\/05\/DecaH20_Coffeel-Pack4.png","schema":{"@context":"https:\/\/schema.org","@graph":[{"@type":"WebPage","@id":"https:\/\/coffeelounge.delonghi.com\/it\/product\/decaffeinato-h2o-coffel\/","url":"https:\/\/coffeelounge.delonghi.com\/it\/product\/decaffeinato-h2o-coffel\/","name":"Decaffeinato H2O | De&#039;Longhi","isPartOf":{"@id":"https:\/\/coffeelounge.delonghi.com\/it\/#website"},"primaryImageOfPage":{"@id":"https:\/\/coffeelounge.delonghi.com\/it\/product\/decaffeinato-h2o-coffel\/#primaryimage"},"image":{"@id":"https:\/\/coffeelounge.delonghi.com\/it\/product\/decaffeinato-h2o-coffel\/#primaryimage"},"thumbnailUrl":"https:\/\/coffeelounge.delonghi.com\/wp-content\/uploads\/2021\/05\/DecaH20_Coffeel-Pack4.png","datePublished":"2021-05-03T17:44:52+00:00","dateModified":"2024-03-04T08:30:49+00:00","description":"Miscela di caff\u00e8 brasiliani Provenienza: regioni Minas Gerais, Cerrado.","breadcrumb":{"@id":"https:\/\/coffeelounge.delonghi.com\/it\/product\/decaffeinato-h2o-coffel\/#breadcrumb"},"inLanguage":"it-IT","potentialAction":[{"@type":"ReadAction","target":["https:\/\/coffeelounge.delonghi.com\/it\/product\/decaffeinato-h2o-coffel\/"]}]},{"@type":"ImageObject","inLanguage":"it-IT","@id":"https:\/\/coffeelounge.delonghi.com\/it\/product\/decaffeinato-h2o-coffel\/#primaryimage","url":"https:\/\/coffeelounge.delonghi.com\/wp-content\/uploads\/2021\/05\/DecaH20_Coffeel-Pack4.png","contentUrl":"https:\/\/coffeelounge.delonghi.com\/wp-content\/uploads\/2021\/05\/DecaH20_Coffeel-Pack4.png","width":450,"height":450},{"@type":"BreadcrumbList","@id":"https:\/\/coffeelounge.delonghi.com\/it\/product\/decaffeinato-h2o-coffel\/#breadcrumb","itemListElement":[{"@type":"ListItem","position":1,"name":"Home","item":"https:\/\/coffeelounge.delonghi.com\/it\/"},{"@type":"ListItem","position":2,"name":"Boutique","item":"https:\/\/coffeelounge.delonghi.com\/fr\/?page_id=36"},{"@type":"ListItem","position":3,"name":"Decaffeinato H2O"}]},{"@type":"WebSite","@id":"https:\/\/coffeelounge.delonghi.com\/it\/#website","url":"https:\/\/coffeelounge.delonghi.com\/it\/","name":"De&#039;Longhi","description":"Coffee Lounge","publisher":{"@id":"https:\/\/coffeelounge.delonghi.com\/it\/#organization"},"potentialAction":[{"@type":"SearchAction","target":{"@type":"EntryPoint","urlTemplate":"https:\/\/coffeelounge.delonghi.com\/it\/?s={search_term_string}"},"query-input":{"@type":"PropertyValueSpecification","valueRequired":true,"valueName":"search_term_string"}}],"inLanguage":"it-IT"},{"@type":"Organization","@id":"https:\/\/coffeelounge.delonghi.com\/it\/#organization","name":"De'Longhi Coffee Lounge","url":"https:\/\/coffeelounge.delonghi.com\/it\/","logo":{"@type":"ImageObject","inLanguage":"it-IT","@id":"https:\/\/coffeelounge.delonghi.com\/it\/#\/schema\/logo\/image\/","url":"https:\/\/coffeelounge.delonghi.com\/wp-content\/uploads\/2020\/05\/delonghi-coffee-lounge-logo-nederland.png","contentUrl":"https:\/\/coffeelounge.delonghi.com\/wp-content\/uploads\/2020\/05\/delonghi-coffee-lounge-logo-nederland.png","width":2337,"height":724,"caption":"De'Longhi Coffee Lounge"},"image":{"@id":"https:\/\/coffeelounge.delonghi.com\/it\/#\/schema\/logo\/image\/"}}]}},"_links":{"self":[{"href":"https:\/\/coffeelounge.delonghi.com\/it\/wp-json\/wp\/v2\/product\/25345","targetHints":{"allow":["GET"]}}],"collection":[{"href":"https:\/\/coffeelounge.delonghi.com\/it\/wp-json\/wp\/v2\/product"}],"about":[{"href":"https:\/\/coffeelounge.delonghi.com\/it\/wp-json\/wp\/v2\/types\/product"}],"replies":[{"embeddable":true,"href":"https:\/\/coffeelounge.delonghi.com\/it\/wp-json\/wp\/v2\/comments?post=25345"}],"version-history":[{"count":2,"href":"https:\/\/coffeelounge.delonghi.com\/it\/wp-json\/wp\/v2\/product\/25345\/revisions"}],"predecessor-version":[{"id":422010,"href":"https:\/\/coffeelounge.delonghi.com\/it\/wp-json\/wp\/v2\/product\/25345\/revisions\/422010"}],"wp:featuredmedia":[{"embeddable":true,"href":"https:\/\/coffeelounge.delonghi.com\/it\/wp-json\/wp\/v2\/media\/418679"}],"wp:attachment":[{"href":"https:\/\/coffeelounge.delonghi.com\/it\/wp-json\/wp\/v2\/media?parent=25345"}],"wp:term":[{"taxonomy":"product_cat","embeddable":true,"href":"https:\/\/coffeelounge.delonghi.com\/it\/wp-json\/wp\/v2\/product_cat?post=25345"},{"taxonomy":"product_tag","embeddable":true,"href":"https:\/\/coffeelounge.delonghi.com\/it\/wp-json\/wp\/v2\/product_tag?post=25345"}],"curies":[{"name":"wp","href":"https:\/\/api.w.org\/{rel}","templated":true}]}}