{"id":25125,"date":"2021-05-02T14:26:36","date_gmt":"2021-05-02T14:26:36","guid":{"rendered":"https:\/\/coffeelounge.delonghi.com\/?post_type=product&#038;p=25125"},"modified":"2024-03-04T08:32:19","modified_gmt":"2024-03-04T08:32:19","slug":"san-jose-classic-finca-san-jose-caffe-lelli","status":"publish","type":"product","link":"https:\/\/coffeelounge.delonghi.com\/it\/product\/san-jose-classic-finca-san-jose-caffe-lelli\/","title":{"rendered":"San Jos\u00e8 Classic &#8211; Finca San Jos\u00e8"},"content":{"rendered":"<p>Il \u201cSan Jos\u00e8 Classic\u201d \u00e8 uno Speciality Coffee della Finca San Jos\u00e8 di Arnold Don Jos\u00e8 Paz, nello Stato di Santa Barbara in Honduras ed \u00e8 un lotto della piantagione situata mediamente a 1490mt slm. Classificato nel 2008 al 18\u00b0 posto nella \u201cHondurian Cup of Excellence\u201d, San Jos\u00e8 Classic \u00e8 un\u2019arabica lavata variet\u00e0 Caturra e Catua\u00ec. Il raccolto avviene manualmente in dicembre fino alla fine di marzo, scegliendo solo le bacche pi\u00f9 mature, e successivamente sottoposto ad un\u2019ulteriore selezione manuale prima di essere messo in vasche d\u2019acqua, per separare i diversi gradi di maturazione. Dopo essere stato spolpato e sbucciato, viene fatto fermentare a umido in vasche per circa 36 ore e, successivamente, lavato. Dopo l\u2019essicazione in patio, i chicchi vengono messi in casse di rovere giallo per un periodo di maturazione. I chicchi subiscono quindi una doppia fermentazione: aerobica ed anaerobica con maturazione in casse di legno. L\u2019aroma \u00e8 delicato ed elegante; con note di cannella, caramello e sentori di frutti dolci tipo susina gialla. Sapore morbido, bilanciato e con una buona corposit\u00e0. Sono presenti note di cioccolato e nocciola tostata, che lasciano spazio ad una discreta e leggera acidit\u00e0 di bacche rosse mature.<\/p>\n<p>Raccolto manuale. Crivello 18+ SHB. Confezioni in sacchi &#8220;grain-pro&#8221;.<\/p>\n<p>Tostatura dolce, ad aria calda, con uscita a 191\u00b0 in 13\u201930\u2019\u2019.<\/p>\n","protected":false},"excerpt":{"rendered":"<p>Il \u201cSan Jos\u00e8 Classic\u201d \u00e8 uno Speciality Coffee della Finca San Jos\u00e8 di Arnold Don Jos\u00e8 Paz, nello Stato di Santa Barbara in Honduras ed \u00e8 un lotto della piantagione situata mediamente a 1490mt slm. Classificato nel 2008 al 18\u00b0 posto nella \u201cHondurian Cup of Excellence\u201d, San Jos\u00e8 Classic \u00e8 un\u2019arabica lavata variet\u00e0 Caturra e [&hellip;]<\/p>\n","protected":false},"featured_media":418731,"comment_status":"closed","ping_status":"closed","template":"","meta":{"_acf_changed":false},"product_cat":[74,26],"product_tag":[],"class_list":{"0":"post-25125","1":"product","2":"type-product","3":"status-publish","4":"has-post-thumbnail","6":"product_cat-tutti","7":"product_cat-specialita","9":"first","10":"instock","11":"taxable","12":"shipping-taxable","13":"purchasable","14":"product-type-variable"},"acf":[],"yoast_head":"<!-- This site is optimized with the Yoast SEO Premium plugin v24.5 (Yoast SEO v24.5) - https:\/\/yoast.com\/wordpress\/plugins\/seo\/ -->\n<title>San Jos\u00e8 Classic - Finca San Jos\u00e8 | De&#039;Longhi<\/title>\n<meta name=\"description\" content=\"Scopri la qualit\u00e0 e l&#039;aroma della miscela di caff\u00e8 Finca San Jos\u00e8 Classic, prodotta con passione da Caff\u00e8 Lelli Srl. Acquista ora sul nostro sito!\" \/>\n<meta name=\"robots\" content=\"index, follow, max-snippet:-1, max-image-preview:large, max-video-preview:-1\" \/>\n<meta name=\"twitter:card\" content=\"summary_large_image\" \/>\n<meta name=\"twitter:title\" content=\"San Jos\u00e8 Classic - Finca San Jos\u00e8 | De&#039;Longhi\" \/>\n<meta name=\"twitter:description\" content=\"Scopri la qualit\u00e0 e l&#039;aroma della miscela di caff\u00e8 Finca San Jos\u00e8 Classic, prodotta con passione da Caff\u00e8 Lelli Srl. Acquista ora sul nostro sito!\" \/>\n<meta name=\"twitter:image\" content=\"https:\/\/coffeelounge.delonghi.com\/wp-content\/uploads\/2021\/05\/San_Jose_Classic_Lelli-Pack6.png\" \/>\n<script type=\"application\/ld+json\" class=\"yoast-schema-graph\">{\"@context\":\"https:\/\/schema.org\",\"@graph\":[{\"@type\":\"WebPage\",\"@id\":\"https:\/\/coffeelounge.delonghi.com\/it\/product\/san-jose-classic-finca-san-jose-caffe-lelli\/\",\"url\":\"https:\/\/coffeelounge.delonghi.com\/it\/product\/san-jose-classic-finca-san-jose-caffe-lelli\/\",\"name\":\"San Jos\u00e8 Classic - Finca San Jos\u00e8 | De&#039;Longhi\",\"isPartOf\":{\"@id\":\"https:\/\/coffeelounge.delonghi.com\/it\/#website\"},\"primaryImageOfPage\":{\"@id\":\"https:\/\/coffeelounge.delonghi.com\/it\/product\/san-jose-classic-finca-san-jose-caffe-lelli\/#primaryimage\"},\"image\":{\"@id\":\"https:\/\/coffeelounge.delonghi.com\/it\/product\/san-jose-classic-finca-san-jose-caffe-lelli\/#primaryimage\"},\"thumbnailUrl\":\"https:\/\/coffeelounge.delonghi.com\/wp-content\/uploads\/2021\/05\/San_Jose_Classic_Lelli-Pack6.png\",\"datePublished\":\"2021-05-02T14:26:36+00:00\",\"dateModified\":\"2024-03-04T08:32:19+00:00\",\"description\":\"Scopri la qualit\u00e0 e l'aroma della miscela di caff\u00e8 Finca San Jos\u00e8 Classic, prodotta con passione da Caff\u00e8 Lelli Srl. Acquista ora sul nostro sito!\",\"breadcrumb\":{\"@id\":\"https:\/\/coffeelounge.delonghi.com\/it\/product\/san-jose-classic-finca-san-jose-caffe-lelli\/#breadcrumb\"},\"inLanguage\":\"it-IT\",\"potentialAction\":[{\"@type\":\"ReadAction\",\"target\":[\"https:\/\/coffeelounge.delonghi.com\/it\/product\/san-jose-classic-finca-san-jose-caffe-lelli\/\"]}]},{\"@type\":\"ImageObject\",\"inLanguage\":\"it-IT\",\"@id\":\"https:\/\/coffeelounge.delonghi.com\/it\/product\/san-jose-classic-finca-san-jose-caffe-lelli\/#primaryimage\",\"url\":\"https:\/\/coffeelounge.delonghi.com\/wp-content\/uploads\/2021\/05\/San_Jose_Classic_Lelli-Pack6.png\",\"contentUrl\":\"https:\/\/coffeelounge.delonghi.com\/wp-content\/uploads\/2021\/05\/San_Jose_Classic_Lelli-Pack6.png\",\"width\":450,\"height\":450},{\"@type\":\"BreadcrumbList\",\"@id\":\"https:\/\/coffeelounge.delonghi.com\/it\/product\/san-jose-classic-finca-san-jose-caffe-lelli\/#breadcrumb\",\"itemListElement\":[{\"@type\":\"ListItem\",\"position\":1,\"name\":\"Home\",\"item\":\"https:\/\/coffeelounge.delonghi.com\/it\/\"},{\"@type\":\"ListItem\",\"position\":2,\"name\":\"Boutique\",\"item\":\"https:\/\/coffeelounge.delonghi.com\/fr\/?page_id=36\"},{\"@type\":\"ListItem\",\"position\":3,\"name\":\"San Jos\u00e8 Classic &#8211; Finca San Jos\u00e8\"}]},{\"@type\":\"WebSite\",\"@id\":\"https:\/\/coffeelounge.delonghi.com\/it\/#website\",\"url\":\"https:\/\/coffeelounge.delonghi.com\/it\/\",\"name\":\"De&#039;Longhi\",\"description\":\"Coffee Lounge\",\"publisher\":{\"@id\":\"https:\/\/coffeelounge.delonghi.com\/it\/#organization\"},\"potentialAction\":[{\"@type\":\"SearchAction\",\"target\":{\"@type\":\"EntryPoint\",\"urlTemplate\":\"https:\/\/coffeelounge.delonghi.com\/it\/?s={search_term_string}\"},\"query-input\":{\"@type\":\"PropertyValueSpecification\",\"valueRequired\":true,\"valueName\":\"search_term_string\"}}],\"inLanguage\":\"it-IT\"},{\"@type\":\"Organization\",\"@id\":\"https:\/\/coffeelounge.delonghi.com\/it\/#organization\",\"name\":\"De'Longhi Coffee Lounge\",\"url\":\"https:\/\/coffeelounge.delonghi.com\/it\/\",\"logo\":{\"@type\":\"ImageObject\",\"inLanguage\":\"it-IT\",\"@id\":\"https:\/\/coffeelounge.delonghi.com\/it\/#\/schema\/logo\/image\/\",\"url\":\"https:\/\/coffeelounge.delonghi.com\/wp-content\/uploads\/2020\/05\/delonghi-coffee-lounge-logo-nederland.png\",\"contentUrl\":\"https:\/\/coffeelounge.delonghi.com\/wp-content\/uploads\/2020\/05\/delonghi-coffee-lounge-logo-nederland.png\",\"width\":2337,\"height\":724,\"caption\":\"De'Longhi Coffee Lounge\"},\"image\":{\"@id\":\"https:\/\/coffeelounge.delonghi.com\/it\/#\/schema\/logo\/image\/\"}}]}<\/script>\n<!-- \/ Yoast SEO Premium plugin. -->","yoast_head_json":{"title":"San Jos\u00e8 Classic - Finca San Jos\u00e8 | De&#039;Longhi","description":"Scopri la qualit\u00e0 e l'aroma della miscela di caff\u00e8 Finca San Jos\u00e8 Classic, prodotta con passione da Caff\u00e8 Lelli Srl. Acquista ora sul nostro sito!","robots":{"index":"index","follow":"follow","max-snippet":"max-snippet:-1","max-image-preview":"max-image-preview:large","max-video-preview":"max-video-preview:-1"},"twitter_card":"summary_large_image","twitter_title":"San Jos\u00e8 Classic - Finca San Jos\u00e8 | De&#039;Longhi","twitter_description":"Scopri la qualit\u00e0 e l'aroma della miscela di caff\u00e8 Finca San Jos\u00e8 Classic, prodotta con passione da Caff\u00e8 Lelli Srl. Acquista ora sul nostro sito!","twitter_image":"https:\/\/coffeelounge.delonghi.com\/wp-content\/uploads\/2021\/05\/San_Jose_Classic_Lelli-Pack6.png","schema":{"@context":"https:\/\/schema.org","@graph":[{"@type":"WebPage","@id":"https:\/\/coffeelounge.delonghi.com\/it\/product\/san-jose-classic-finca-san-jose-caffe-lelli\/","url":"https:\/\/coffeelounge.delonghi.com\/it\/product\/san-jose-classic-finca-san-jose-caffe-lelli\/","name":"San Jos\u00e8 Classic - Finca San Jos\u00e8 | De&#039;Longhi","isPartOf":{"@id":"https:\/\/coffeelounge.delonghi.com\/it\/#website"},"primaryImageOfPage":{"@id":"https:\/\/coffeelounge.delonghi.com\/it\/product\/san-jose-classic-finca-san-jose-caffe-lelli\/#primaryimage"},"image":{"@id":"https:\/\/coffeelounge.delonghi.com\/it\/product\/san-jose-classic-finca-san-jose-caffe-lelli\/#primaryimage"},"thumbnailUrl":"https:\/\/coffeelounge.delonghi.com\/wp-content\/uploads\/2021\/05\/San_Jose_Classic_Lelli-Pack6.png","datePublished":"2021-05-02T14:26:36+00:00","dateModified":"2024-03-04T08:32:19+00:00","description":"Scopri la qualit\u00e0 e l'aroma della miscela di caff\u00e8 Finca San Jos\u00e8 Classic, prodotta con passione da Caff\u00e8 Lelli Srl. Acquista ora sul nostro sito!","breadcrumb":{"@id":"https:\/\/coffeelounge.delonghi.com\/it\/product\/san-jose-classic-finca-san-jose-caffe-lelli\/#breadcrumb"},"inLanguage":"it-IT","potentialAction":[{"@type":"ReadAction","target":["https:\/\/coffeelounge.delonghi.com\/it\/product\/san-jose-classic-finca-san-jose-caffe-lelli\/"]}]},{"@type":"ImageObject","inLanguage":"it-IT","@id":"https:\/\/coffeelounge.delonghi.com\/it\/product\/san-jose-classic-finca-san-jose-caffe-lelli\/#primaryimage","url":"https:\/\/coffeelounge.delonghi.com\/wp-content\/uploads\/2021\/05\/San_Jose_Classic_Lelli-Pack6.png","contentUrl":"https:\/\/coffeelounge.delonghi.com\/wp-content\/uploads\/2021\/05\/San_Jose_Classic_Lelli-Pack6.png","width":450,"height":450},{"@type":"BreadcrumbList","@id":"https:\/\/coffeelounge.delonghi.com\/it\/product\/san-jose-classic-finca-san-jose-caffe-lelli\/#breadcrumb","itemListElement":[{"@type":"ListItem","position":1,"name":"Home","item":"https:\/\/coffeelounge.delonghi.com\/it\/"},{"@type":"ListItem","position":2,"name":"Boutique","item":"https:\/\/coffeelounge.delonghi.com\/fr\/?page_id=36"},{"@type":"ListItem","position":3,"name":"San Jos\u00e8 Classic &#8211; Finca San Jos\u00e8"}]},{"@type":"WebSite","@id":"https:\/\/coffeelounge.delonghi.com\/it\/#website","url":"https:\/\/coffeelounge.delonghi.com\/it\/","name":"De&#039;Longhi","description":"Coffee Lounge","publisher":{"@id":"https:\/\/coffeelounge.delonghi.com\/it\/#organization"},"potentialAction":[{"@type":"SearchAction","target":{"@type":"EntryPoint","urlTemplate":"https:\/\/coffeelounge.delonghi.com\/it\/?s={search_term_string}"},"query-input":{"@type":"PropertyValueSpecification","valueRequired":true,"valueName":"search_term_string"}}],"inLanguage":"it-IT"},{"@type":"Organization","@id":"https:\/\/coffeelounge.delonghi.com\/it\/#organization","name":"De'Longhi Coffee Lounge","url":"https:\/\/coffeelounge.delonghi.com\/it\/","logo":{"@type":"ImageObject","inLanguage":"it-IT","@id":"https:\/\/coffeelounge.delonghi.com\/it\/#\/schema\/logo\/image\/","url":"https:\/\/coffeelounge.delonghi.com\/wp-content\/uploads\/2020\/05\/delonghi-coffee-lounge-logo-nederland.png","contentUrl":"https:\/\/coffeelounge.delonghi.com\/wp-content\/uploads\/2020\/05\/delonghi-coffee-lounge-logo-nederland.png","width":2337,"height":724,"caption":"De'Longhi Coffee Lounge"},"image":{"@id":"https:\/\/coffeelounge.delonghi.com\/it\/#\/schema\/logo\/image\/"}}]}},"_links":{"self":[{"href":"https:\/\/coffeelounge.delonghi.com\/it\/wp-json\/wp\/v2\/product\/25125","targetHints":{"allow":["GET"]}}],"collection":[{"href":"https:\/\/coffeelounge.delonghi.com\/it\/wp-json\/wp\/v2\/product"}],"about":[{"href":"https:\/\/coffeelounge.delonghi.com\/it\/wp-json\/wp\/v2\/types\/product"}],"replies":[{"embeddable":true,"href":"https:\/\/coffeelounge.delonghi.com\/it\/wp-json\/wp\/v2\/comments?post=25125"}],"version-history":[{"count":2,"href":"https:\/\/coffeelounge.delonghi.com\/it\/wp-json\/wp\/v2\/product\/25125\/revisions"}],"predecessor-version":[{"id":422015,"href":"https:\/\/coffeelounge.delonghi.com\/it\/wp-json\/wp\/v2\/product\/25125\/revisions\/422015"}],"wp:featuredmedia":[{"embeddable":true,"href":"https:\/\/coffeelounge.delonghi.com\/it\/wp-json\/wp\/v2\/media\/418731"}],"wp:attachment":[{"href":"https:\/\/coffeelounge.delonghi.com\/it\/wp-json\/wp\/v2\/media?parent=25125"}],"wp:term":[{"taxonomy":"product_cat","embeddable":true,"href":"https:\/\/coffeelounge.delonghi.com\/it\/wp-json\/wp\/v2\/product_cat?post=25125"},{"taxonomy":"product_tag","embeddable":true,"href":"https:\/\/coffeelounge.delonghi.com\/it\/wp-json\/wp\/v2\/product_tag?post=25125"}],"curies":[{"name":"wp","href":"https:\/\/api.w.org\/{rel}","templated":true}]}}