{"id":25116,"date":"2021-05-02T14:19:31","date_gmt":"2021-05-02T14:19:31","guid":{"rendered":"https:\/\/coffeelounge.delonghi.com\/?post_type=product&#038;p=25116"},"modified":"2024-03-04T08:32:29","modified_gmt":"2024-03-04T08:32:29","slug":"plantation-a-bababudan-caffe-lelli","status":"publish","type":"product","link":"https:\/\/coffeelounge.delonghi.com\/it\/product\/plantation-a-bababudan-caffe-lelli\/","title":{"rendered":"Plantation A Bababudan"},"content":{"rendered":"<p>Il caff\u00e8 proveniente dall\u2019India desta sempre pi\u00f9 interesse da parte degli estimatori, grazie alla cura con cui viene coltivato e selezionato. Le piantagioni si concentrano principalmente nelle Bababudan Hills vicino a Chickmagalur nello Stato del Karnataka, zona Sud-Ovest dell\u2019India;i caff\u00e8 provenienti da queste zone, che sono a ragione ritenuti i migliori dell\u2019India, sono stati scelti per la denominazione Plantation: la lettera \u201cA\u201d indica la selezione maggiore. Il Plantation A che proponiamo \u00e8 in assoluto il caff\u00e8 di specie arabica con minor contenuto di acidit\u00e0. Densit\u00e0 cioccolatosa e ricchezza di particolari sensazioni amabilmente aromatiche, che risaltano nel tempo dopo la degustazione, sono le principali caratteristiche di questo caff\u00e8. Il gusto \u00e8 vellutato e l&#8217;aroma \u00e8 lungo e persistente.<\/p>\n<p>Raccolto a mano. Crivello 18+, selezione A.<\/p>\n<p>Tostatura dolce, ad aria calda, con uscita a 191\u00b0 in 13\u201930\u2019\u2019.<\/p>\n","protected":false},"excerpt":{"rendered":"<p>Il caff\u00e8 proveniente dall\u2019India desta sempre pi\u00f9 interesse da parte degli estimatori, grazie alla cura con cui viene coltivato e selezionato. Le piantagioni si concentrano principalmente nelle Bababudan Hills vicino a Chickmagalur nello Stato del Karnataka, zona Sud-Ovest dell\u2019India;i caff\u00e8 provenienti da queste zone, che sono a ragione ritenuti i migliori dell\u2019India, sono stati scelti [&hellip;]<\/p>\n","protected":false},"featured_media":418744,"comment_status":"closed","ping_status":"closed","template":"","meta":{"_acf_changed":false},"product_cat":[74,30],"product_tag":[],"class_list":{"0":"post-25116","1":"product","2":"type-product","3":"status-publish","4":"has-post-thumbnail","6":"product_cat-tutti","7":"product_cat-monorigine","9":"first","10":"instock","11":"taxable","12":"shipping-taxable","13":"purchasable","14":"product-type-variable"},"acf":[],"yoast_head":"<!-- This site is optimized with the Yoast SEO Premium plugin v24.5 (Yoast SEO v24.5) - https:\/\/yoast.com\/wordpress\/plugins\/seo\/ -->\n<title>Plantation A Bababudan | De&#039;Longhi<\/title>\n<meta name=\"description\" content=\"Il caff\u00e8 proveniente dall\u2019India desta sempre pi\u00f9 interesse da parte degli estimatori, grazie alla cura con cui viene coltivato e selezionato.\" \/>\n<meta name=\"robots\" content=\"index, follow, max-snippet:-1, max-image-preview:large, max-video-preview:-1\" \/>\n<meta name=\"twitter:card\" content=\"summary_large_image\" \/>\n<meta name=\"twitter:title\" content=\"Plantation A Bababudan | De&#039;Longhi\" \/>\n<meta name=\"twitter:description\" content=\"Il caff\u00e8 proveniente dall\u2019India desta sempre pi\u00f9 interesse da parte degli estimatori, grazie alla cura con cui viene coltivato e selezionato.\" \/>\n<meta name=\"twitter:image\" content=\"https:\/\/coffeelounge.delonghi.com\/wp-content\/uploads\/2021\/05\/PlantationA_Lelli-Pack5.png\" \/>\n<script type=\"application\/ld+json\" class=\"yoast-schema-graph\">{\"@context\":\"https:\/\/schema.org\",\"@graph\":[{\"@type\":\"WebPage\",\"@id\":\"https:\/\/coffeelounge.delonghi.com\/it\/product\/plantation-a-bababudan-caffe-lelli\/\",\"url\":\"https:\/\/coffeelounge.delonghi.com\/it\/product\/plantation-a-bababudan-caffe-lelli\/\",\"name\":\"Plantation A Bababudan | De&#039;Longhi\",\"isPartOf\":{\"@id\":\"https:\/\/coffeelounge.delonghi.com\/it\/#website\"},\"primaryImageOfPage\":{\"@id\":\"https:\/\/coffeelounge.delonghi.com\/it\/product\/plantation-a-bababudan-caffe-lelli\/#primaryimage\"},\"image\":{\"@id\":\"https:\/\/coffeelounge.delonghi.com\/it\/product\/plantation-a-bababudan-caffe-lelli\/#primaryimage\"},\"thumbnailUrl\":\"https:\/\/coffeelounge.delonghi.com\/wp-content\/uploads\/2021\/05\/PlantationA_Lelli-Pack5.png\",\"datePublished\":\"2021-05-02T14:19:31+00:00\",\"dateModified\":\"2024-03-04T08:32:29+00:00\",\"description\":\"Il caff\u00e8 proveniente dall\u2019India desta sempre pi\u00f9 interesse da parte degli estimatori, grazie alla cura con cui viene coltivato e selezionato.\",\"breadcrumb\":{\"@id\":\"https:\/\/coffeelounge.delonghi.com\/it\/product\/plantation-a-bababudan-caffe-lelli\/#breadcrumb\"},\"inLanguage\":\"it-IT\",\"potentialAction\":[{\"@type\":\"ReadAction\",\"target\":[\"https:\/\/coffeelounge.delonghi.com\/it\/product\/plantation-a-bababudan-caffe-lelli\/\"]}]},{\"@type\":\"ImageObject\",\"inLanguage\":\"it-IT\",\"@id\":\"https:\/\/coffeelounge.delonghi.com\/it\/product\/plantation-a-bababudan-caffe-lelli\/#primaryimage\",\"url\":\"https:\/\/coffeelounge.delonghi.com\/wp-content\/uploads\/2021\/05\/PlantationA_Lelli-Pack5.png\",\"contentUrl\":\"https:\/\/coffeelounge.delonghi.com\/wp-content\/uploads\/2021\/05\/PlantationA_Lelli-Pack5.png\",\"width\":450,\"height\":450},{\"@type\":\"BreadcrumbList\",\"@id\":\"https:\/\/coffeelounge.delonghi.com\/it\/product\/plantation-a-bababudan-caffe-lelli\/#breadcrumb\",\"itemListElement\":[{\"@type\":\"ListItem\",\"position\":1,\"name\":\"Home\",\"item\":\"https:\/\/coffeelounge.delonghi.com\/it\/\"},{\"@type\":\"ListItem\",\"position\":2,\"name\":\"Boutique\",\"item\":\"https:\/\/coffeelounge.delonghi.com\/fr\/?page_id=36\"},{\"@type\":\"ListItem\",\"position\":3,\"name\":\"Plantation A Bababudan\"}]},{\"@type\":\"WebSite\",\"@id\":\"https:\/\/coffeelounge.delonghi.com\/it\/#website\",\"url\":\"https:\/\/coffeelounge.delonghi.com\/it\/\",\"name\":\"De&#039;Longhi\",\"description\":\"Coffee Lounge\",\"publisher\":{\"@id\":\"https:\/\/coffeelounge.delonghi.com\/it\/#organization\"},\"potentialAction\":[{\"@type\":\"SearchAction\",\"target\":{\"@type\":\"EntryPoint\",\"urlTemplate\":\"https:\/\/coffeelounge.delonghi.com\/it\/?s={search_term_string}\"},\"query-input\":{\"@type\":\"PropertyValueSpecification\",\"valueRequired\":true,\"valueName\":\"search_term_string\"}}],\"inLanguage\":\"it-IT\"},{\"@type\":\"Organization\",\"@id\":\"https:\/\/coffeelounge.delonghi.com\/it\/#organization\",\"name\":\"De'Longhi Coffee Lounge\",\"url\":\"https:\/\/coffeelounge.delonghi.com\/it\/\",\"logo\":{\"@type\":\"ImageObject\",\"inLanguage\":\"it-IT\",\"@id\":\"https:\/\/coffeelounge.delonghi.com\/it\/#\/schema\/logo\/image\/\",\"url\":\"https:\/\/coffeelounge.delonghi.com\/wp-content\/uploads\/2020\/05\/delonghi-coffee-lounge-logo-nederland.png\",\"contentUrl\":\"https:\/\/coffeelounge.delonghi.com\/wp-content\/uploads\/2020\/05\/delonghi-coffee-lounge-logo-nederland.png\",\"width\":2337,\"height\":724,\"caption\":\"De'Longhi Coffee Lounge\"},\"image\":{\"@id\":\"https:\/\/coffeelounge.delonghi.com\/it\/#\/schema\/logo\/image\/\"}}]}<\/script>\n<!-- \/ Yoast SEO Premium plugin. -->","yoast_head_json":{"title":"Plantation A Bababudan | De&#039;Longhi","description":"Il caff\u00e8 proveniente dall\u2019India desta sempre pi\u00f9 interesse da parte degli estimatori, grazie alla cura con cui viene coltivato e selezionato.","robots":{"index":"index","follow":"follow","max-snippet":"max-snippet:-1","max-image-preview":"max-image-preview:large","max-video-preview":"max-video-preview:-1"},"twitter_card":"summary_large_image","twitter_title":"Plantation A Bababudan | De&#039;Longhi","twitter_description":"Il caff\u00e8 proveniente dall\u2019India desta sempre pi\u00f9 interesse da parte degli estimatori, grazie alla cura con cui viene coltivato e selezionato.","twitter_image":"https:\/\/coffeelounge.delonghi.com\/wp-content\/uploads\/2021\/05\/PlantationA_Lelli-Pack5.png","schema":{"@context":"https:\/\/schema.org","@graph":[{"@type":"WebPage","@id":"https:\/\/coffeelounge.delonghi.com\/it\/product\/plantation-a-bababudan-caffe-lelli\/","url":"https:\/\/coffeelounge.delonghi.com\/it\/product\/plantation-a-bababudan-caffe-lelli\/","name":"Plantation A Bababudan | De&#039;Longhi","isPartOf":{"@id":"https:\/\/coffeelounge.delonghi.com\/it\/#website"},"primaryImageOfPage":{"@id":"https:\/\/coffeelounge.delonghi.com\/it\/product\/plantation-a-bababudan-caffe-lelli\/#primaryimage"},"image":{"@id":"https:\/\/coffeelounge.delonghi.com\/it\/product\/plantation-a-bababudan-caffe-lelli\/#primaryimage"},"thumbnailUrl":"https:\/\/coffeelounge.delonghi.com\/wp-content\/uploads\/2021\/05\/PlantationA_Lelli-Pack5.png","datePublished":"2021-05-02T14:19:31+00:00","dateModified":"2024-03-04T08:32:29+00:00","description":"Il caff\u00e8 proveniente dall\u2019India desta sempre pi\u00f9 interesse da parte degli estimatori, grazie alla cura con cui viene coltivato e selezionato.","breadcrumb":{"@id":"https:\/\/coffeelounge.delonghi.com\/it\/product\/plantation-a-bababudan-caffe-lelli\/#breadcrumb"},"inLanguage":"it-IT","potentialAction":[{"@type":"ReadAction","target":["https:\/\/coffeelounge.delonghi.com\/it\/product\/plantation-a-bababudan-caffe-lelli\/"]}]},{"@type":"ImageObject","inLanguage":"it-IT","@id":"https:\/\/coffeelounge.delonghi.com\/it\/product\/plantation-a-bababudan-caffe-lelli\/#primaryimage","url":"https:\/\/coffeelounge.delonghi.com\/wp-content\/uploads\/2021\/05\/PlantationA_Lelli-Pack5.png","contentUrl":"https:\/\/coffeelounge.delonghi.com\/wp-content\/uploads\/2021\/05\/PlantationA_Lelli-Pack5.png","width":450,"height":450},{"@type":"BreadcrumbList","@id":"https:\/\/coffeelounge.delonghi.com\/it\/product\/plantation-a-bababudan-caffe-lelli\/#breadcrumb","itemListElement":[{"@type":"ListItem","position":1,"name":"Home","item":"https:\/\/coffeelounge.delonghi.com\/it\/"},{"@type":"ListItem","position":2,"name":"Boutique","item":"https:\/\/coffeelounge.delonghi.com\/fr\/?page_id=36"},{"@type":"ListItem","position":3,"name":"Plantation A Bababudan"}]},{"@type":"WebSite","@id":"https:\/\/coffeelounge.delonghi.com\/it\/#website","url":"https:\/\/coffeelounge.delonghi.com\/it\/","name":"De&#039;Longhi","description":"Coffee Lounge","publisher":{"@id":"https:\/\/coffeelounge.delonghi.com\/it\/#organization"},"potentialAction":[{"@type":"SearchAction","target":{"@type":"EntryPoint","urlTemplate":"https:\/\/coffeelounge.delonghi.com\/it\/?s={search_term_string}"},"query-input":{"@type":"PropertyValueSpecification","valueRequired":true,"valueName":"search_term_string"}}],"inLanguage":"it-IT"},{"@type":"Organization","@id":"https:\/\/coffeelounge.delonghi.com\/it\/#organization","name":"De'Longhi Coffee Lounge","url":"https:\/\/coffeelounge.delonghi.com\/it\/","logo":{"@type":"ImageObject","inLanguage":"it-IT","@id":"https:\/\/coffeelounge.delonghi.com\/it\/#\/schema\/logo\/image\/","url":"https:\/\/coffeelounge.delonghi.com\/wp-content\/uploads\/2020\/05\/delonghi-coffee-lounge-logo-nederland.png","contentUrl":"https:\/\/coffeelounge.delonghi.com\/wp-content\/uploads\/2020\/05\/delonghi-coffee-lounge-logo-nederland.png","width":2337,"height":724,"caption":"De'Longhi Coffee Lounge"},"image":{"@id":"https:\/\/coffeelounge.delonghi.com\/it\/#\/schema\/logo\/image\/"}}]}},"_links":{"self":[{"href":"https:\/\/coffeelounge.delonghi.com\/it\/wp-json\/wp\/v2\/product\/25116","targetHints":{"allow":["GET"]}}],"collection":[{"href":"https:\/\/coffeelounge.delonghi.com\/it\/wp-json\/wp\/v2\/product"}],"about":[{"href":"https:\/\/coffeelounge.delonghi.com\/it\/wp-json\/wp\/v2\/types\/product"}],"replies":[{"embeddable":true,"href":"https:\/\/coffeelounge.delonghi.com\/it\/wp-json\/wp\/v2\/comments?post=25116"}],"version-history":[{"count":2,"href":"https:\/\/coffeelounge.delonghi.com\/it\/wp-json\/wp\/v2\/product\/25116\/revisions"}],"predecessor-version":[{"id":422016,"href":"https:\/\/coffeelounge.delonghi.com\/it\/wp-json\/wp\/v2\/product\/25116\/revisions\/422016"}],"wp:featuredmedia":[{"embeddable":true,"href":"https:\/\/coffeelounge.delonghi.com\/it\/wp-json\/wp\/v2\/media\/418744"}],"wp:attachment":[{"href":"https:\/\/coffeelounge.delonghi.com\/it\/wp-json\/wp\/v2\/media?parent=25116"}],"wp:term":[{"taxonomy":"product_cat","embeddable":true,"href":"https:\/\/coffeelounge.delonghi.com\/it\/wp-json\/wp\/v2\/product_cat?post=25116"},{"taxonomy":"product_tag","embeddable":true,"href":"https:\/\/coffeelounge.delonghi.com\/it\/wp-json\/wp\/v2\/product_tag?post=25116"}],"curies":[{"name":"wp","href":"https:\/\/api.w.org\/{rel}","templated":true}]}}