{"id":25107,"date":"2021-05-02T14:11:13","date_gmt":"2021-05-02T14:11:13","guid":{"rendered":"https:\/\/coffeelounge.delonghi.com\/?post_type=product&#038;p=25107"},"modified":"2024-03-04T08:32:35","modified_gmt":"2024-03-04T08:32:35","slug":"sul-de-minas-pergamino-caffe-lelli","status":"publish","type":"product","link":"https:\/\/coffeelounge.delonghi.com\/it\/product\/sul-de-minas-pergamino-caffe-lelli\/","title":{"rendered":"Sul de Minas Pergamino"},"content":{"rendered":"<p>Sulle pendici della Serra do Pau d\u2019Alho, nei pressi del fiume Cabo Verde, si trova una delle pi\u00f9 antiche zone caffeicole del Brasile: sulle dolci colline attorno al monte Mirante, il caff\u00e8 \u00e8 coltivato fin dalla fine del settecento. L\u2019ambiente \u00e8 caratterizzato da ben drenati suoli d\u2019origine vulcanica con una buona componente argillosa, un temperato clima di altitudine ed un\u2019ottima insolazione durante il periodo della maturazione. Il \u201cPergamino\u201d \u00e8 una selezione proveniente dalla prima raccolta, fatta a maggio, e da quella principale che avviene generalmente tra giugno e luglio. Solo le drupe mature sono scelte e sbucciate: successivamente i chicchi, ancora ricoperti dalla mucillagine della polpa, sono messi ad asciugare per tre giorni al sole, permettendo cos\u00ec l\u2019assimilazione delle sostanze zuccherine. Con questo sistema, solamente il 25% del raccolto \u00e8 accuratamente scelto per diventare il nostro \u201cPergamino\u201d. Caff\u00e8 molto equilibrato, di media corposit\u00e0 ed elegante dolcezza, possiede una morbida densit\u00e0, con retrogusto di cacao ed un vago sentore di prugna secca. Tale particolare gusto deriva dalla presenza di zuccheri e vari aminoacidi, che si sviluppano grazie alla maggiore insolazione dovuta all\u2019altitudine delle piantagioni.<\/p>\n<p>Raccolto manuale.<\/p>\n<p>Tostatura dolce, ad aria calda, con uscita a 191\u00b0 in 13\u201930\u2019\u2019.<\/p>\n","protected":false},"excerpt":{"rendered":"<p>Sulle pendici della Serra do Pau d\u2019Alho, nei pressi del fiume Cabo Verde, si trova una delle pi\u00f9 antiche zone caffeicole del Brasile: sulle dolci colline attorno al monte Mirante, il caff\u00e8 \u00e8 coltivato fin dalla fine del settecento. L\u2019ambiente \u00e8 caratterizzato da ben drenati suoli d\u2019origine vulcanica con una buona componente argillosa, un temperato [&hellip;]<\/p>\n","protected":false},"featured_media":418757,"comment_status":"closed","ping_status":"closed","template":"","meta":{"_acf_changed":false},"product_cat":[74,30],"product_tag":[],"class_list":{"0":"post-25107","1":"product","2":"type-product","3":"status-publish","4":"has-post-thumbnail","6":"product_cat-tutti","7":"product_cat-monorigine","9":"first","10":"instock","11":"taxable","12":"shipping-taxable","13":"purchasable","14":"product-type-variable"},"acf":[],"yoast_head":"<!-- This site is optimized with the Yoast SEO Premium plugin v24.5 (Yoast SEO v24.5) - https:\/\/yoast.com\/wordpress\/plugins\/seo\/ -->\n<title>Sul de Minas Pergamino | De&#039;Longhi<\/title>\n<meta name=\"description\" content=\"Scopri la qualit\u00e0 e l&#039;aroma della miscela di caff\u00e8 Sul de Minas Pergamino, prodotta con passione da Caff\u00e8 Lelli Srl. Acquista ora sul nostro sito!\" \/>\n<meta name=\"robots\" content=\"index, follow, max-snippet:-1, max-image-preview:large, max-video-preview:-1\" \/>\n<meta name=\"twitter:card\" content=\"summary_large_image\" \/>\n<meta name=\"twitter:title\" content=\"Sul de Minas Pergamino | De&#039;Longhi\" \/>\n<meta name=\"twitter:description\" content=\"Scopri la qualit\u00e0 e l&#039;aroma della miscela di caff\u00e8 Sul de Minas Pergamino, prodotta con passione da Caff\u00e8 Lelli Srl. Acquista ora sul nostro sito!\" \/>\n<meta name=\"twitter:image\" content=\"https:\/\/coffeelounge.delonghi.com\/wp-content\/uploads\/2021\/05\/Sul_de_minas_pergamino_Lelli-Pack4.png\" \/>\n<script type=\"application\/ld+json\" class=\"yoast-schema-graph\">{\"@context\":\"https:\/\/schema.org\",\"@graph\":[{\"@type\":\"WebPage\",\"@id\":\"https:\/\/coffeelounge.delonghi.com\/it\/product\/sul-de-minas-pergamino-caffe-lelli\/\",\"url\":\"https:\/\/coffeelounge.delonghi.com\/it\/product\/sul-de-minas-pergamino-caffe-lelli\/\",\"name\":\"Sul de Minas Pergamino | De&#039;Longhi\",\"isPartOf\":{\"@id\":\"https:\/\/coffeelounge.delonghi.com\/it\/#website\"},\"primaryImageOfPage\":{\"@id\":\"https:\/\/coffeelounge.delonghi.com\/it\/product\/sul-de-minas-pergamino-caffe-lelli\/#primaryimage\"},\"image\":{\"@id\":\"https:\/\/coffeelounge.delonghi.com\/it\/product\/sul-de-minas-pergamino-caffe-lelli\/#primaryimage\"},\"thumbnailUrl\":\"https:\/\/coffeelounge.delonghi.com\/wp-content\/uploads\/2021\/05\/Sul_de_minas_pergamino_Lelli-Pack4.png\",\"datePublished\":\"2021-05-02T14:11:13+00:00\",\"dateModified\":\"2024-03-04T08:32:35+00:00\",\"description\":\"Scopri la qualit\u00e0 e l'aroma della miscela di caff\u00e8 Sul de Minas Pergamino, prodotta con passione da Caff\u00e8 Lelli Srl. Acquista ora sul nostro sito!\",\"breadcrumb\":{\"@id\":\"https:\/\/coffeelounge.delonghi.com\/it\/product\/sul-de-minas-pergamino-caffe-lelli\/#breadcrumb\"},\"inLanguage\":\"it-IT\",\"potentialAction\":[{\"@type\":\"ReadAction\",\"target\":[\"https:\/\/coffeelounge.delonghi.com\/it\/product\/sul-de-minas-pergamino-caffe-lelli\/\"]}]},{\"@type\":\"ImageObject\",\"inLanguage\":\"it-IT\",\"@id\":\"https:\/\/coffeelounge.delonghi.com\/it\/product\/sul-de-minas-pergamino-caffe-lelli\/#primaryimage\",\"url\":\"https:\/\/coffeelounge.delonghi.com\/wp-content\/uploads\/2021\/05\/Sul_de_minas_pergamino_Lelli-Pack4.png\",\"contentUrl\":\"https:\/\/coffeelounge.delonghi.com\/wp-content\/uploads\/2021\/05\/Sul_de_minas_pergamino_Lelli-Pack4.png\",\"width\":450,\"height\":450},{\"@type\":\"BreadcrumbList\",\"@id\":\"https:\/\/coffeelounge.delonghi.com\/it\/product\/sul-de-minas-pergamino-caffe-lelli\/#breadcrumb\",\"itemListElement\":[{\"@type\":\"ListItem\",\"position\":1,\"name\":\"Home\",\"item\":\"https:\/\/coffeelounge.delonghi.com\/it\/\"},{\"@type\":\"ListItem\",\"position\":2,\"name\":\"Boutique\",\"item\":\"https:\/\/coffeelounge.delonghi.com\/fr\/?page_id=36\"},{\"@type\":\"ListItem\",\"position\":3,\"name\":\"Sul de Minas Pergamino\"}]},{\"@type\":\"WebSite\",\"@id\":\"https:\/\/coffeelounge.delonghi.com\/it\/#website\",\"url\":\"https:\/\/coffeelounge.delonghi.com\/it\/\",\"name\":\"De&#039;Longhi\",\"description\":\"Coffee Lounge\",\"publisher\":{\"@id\":\"https:\/\/coffeelounge.delonghi.com\/it\/#organization\"},\"potentialAction\":[{\"@type\":\"SearchAction\",\"target\":{\"@type\":\"EntryPoint\",\"urlTemplate\":\"https:\/\/coffeelounge.delonghi.com\/it\/?s={search_term_string}\"},\"query-input\":{\"@type\":\"PropertyValueSpecification\",\"valueRequired\":true,\"valueName\":\"search_term_string\"}}],\"inLanguage\":\"it-IT\"},{\"@type\":\"Organization\",\"@id\":\"https:\/\/coffeelounge.delonghi.com\/it\/#organization\",\"name\":\"De'Longhi Coffee Lounge\",\"url\":\"https:\/\/coffeelounge.delonghi.com\/it\/\",\"logo\":{\"@type\":\"ImageObject\",\"inLanguage\":\"it-IT\",\"@id\":\"https:\/\/coffeelounge.delonghi.com\/it\/#\/schema\/logo\/image\/\",\"url\":\"https:\/\/coffeelounge.delonghi.com\/wp-content\/uploads\/2020\/05\/delonghi-coffee-lounge-logo-nederland.png\",\"contentUrl\":\"https:\/\/coffeelounge.delonghi.com\/wp-content\/uploads\/2020\/05\/delonghi-coffee-lounge-logo-nederland.png\",\"width\":2337,\"height\":724,\"caption\":\"De'Longhi Coffee Lounge\"},\"image\":{\"@id\":\"https:\/\/coffeelounge.delonghi.com\/it\/#\/schema\/logo\/image\/\"}}]}<\/script>\n<!-- \/ Yoast SEO Premium plugin. -->","yoast_head_json":{"title":"Sul de Minas Pergamino | De&#039;Longhi","description":"Scopri la qualit\u00e0 e l'aroma della miscela di caff\u00e8 Sul de Minas Pergamino, prodotta con passione da Caff\u00e8 Lelli Srl. Acquista ora sul nostro sito!","robots":{"index":"index","follow":"follow","max-snippet":"max-snippet:-1","max-image-preview":"max-image-preview:large","max-video-preview":"max-video-preview:-1"},"twitter_card":"summary_large_image","twitter_title":"Sul de Minas Pergamino | De&#039;Longhi","twitter_description":"Scopri la qualit\u00e0 e l'aroma della miscela di caff\u00e8 Sul de Minas Pergamino, prodotta con passione da Caff\u00e8 Lelli Srl. Acquista ora sul nostro sito!","twitter_image":"https:\/\/coffeelounge.delonghi.com\/wp-content\/uploads\/2021\/05\/Sul_de_minas_pergamino_Lelli-Pack4.png","schema":{"@context":"https:\/\/schema.org","@graph":[{"@type":"WebPage","@id":"https:\/\/coffeelounge.delonghi.com\/it\/product\/sul-de-minas-pergamino-caffe-lelli\/","url":"https:\/\/coffeelounge.delonghi.com\/it\/product\/sul-de-minas-pergamino-caffe-lelli\/","name":"Sul de Minas Pergamino | De&#039;Longhi","isPartOf":{"@id":"https:\/\/coffeelounge.delonghi.com\/it\/#website"},"primaryImageOfPage":{"@id":"https:\/\/coffeelounge.delonghi.com\/it\/product\/sul-de-minas-pergamino-caffe-lelli\/#primaryimage"},"image":{"@id":"https:\/\/coffeelounge.delonghi.com\/it\/product\/sul-de-minas-pergamino-caffe-lelli\/#primaryimage"},"thumbnailUrl":"https:\/\/coffeelounge.delonghi.com\/wp-content\/uploads\/2021\/05\/Sul_de_minas_pergamino_Lelli-Pack4.png","datePublished":"2021-05-02T14:11:13+00:00","dateModified":"2024-03-04T08:32:35+00:00","description":"Scopri la qualit\u00e0 e l'aroma della miscela di caff\u00e8 Sul de Minas Pergamino, prodotta con passione da Caff\u00e8 Lelli Srl. Acquista ora sul nostro sito!","breadcrumb":{"@id":"https:\/\/coffeelounge.delonghi.com\/it\/product\/sul-de-minas-pergamino-caffe-lelli\/#breadcrumb"},"inLanguage":"it-IT","potentialAction":[{"@type":"ReadAction","target":["https:\/\/coffeelounge.delonghi.com\/it\/product\/sul-de-minas-pergamino-caffe-lelli\/"]}]},{"@type":"ImageObject","inLanguage":"it-IT","@id":"https:\/\/coffeelounge.delonghi.com\/it\/product\/sul-de-minas-pergamino-caffe-lelli\/#primaryimage","url":"https:\/\/coffeelounge.delonghi.com\/wp-content\/uploads\/2021\/05\/Sul_de_minas_pergamino_Lelli-Pack4.png","contentUrl":"https:\/\/coffeelounge.delonghi.com\/wp-content\/uploads\/2021\/05\/Sul_de_minas_pergamino_Lelli-Pack4.png","width":450,"height":450},{"@type":"BreadcrumbList","@id":"https:\/\/coffeelounge.delonghi.com\/it\/product\/sul-de-minas-pergamino-caffe-lelli\/#breadcrumb","itemListElement":[{"@type":"ListItem","position":1,"name":"Home","item":"https:\/\/coffeelounge.delonghi.com\/it\/"},{"@type":"ListItem","position":2,"name":"Boutique","item":"https:\/\/coffeelounge.delonghi.com\/fr\/?page_id=36"},{"@type":"ListItem","position":3,"name":"Sul de Minas Pergamino"}]},{"@type":"WebSite","@id":"https:\/\/coffeelounge.delonghi.com\/it\/#website","url":"https:\/\/coffeelounge.delonghi.com\/it\/","name":"De&#039;Longhi","description":"Coffee Lounge","publisher":{"@id":"https:\/\/coffeelounge.delonghi.com\/it\/#organization"},"potentialAction":[{"@type":"SearchAction","target":{"@type":"EntryPoint","urlTemplate":"https:\/\/coffeelounge.delonghi.com\/it\/?s={search_term_string}"},"query-input":{"@type":"PropertyValueSpecification","valueRequired":true,"valueName":"search_term_string"}}],"inLanguage":"it-IT"},{"@type":"Organization","@id":"https:\/\/coffeelounge.delonghi.com\/it\/#organization","name":"De'Longhi Coffee Lounge","url":"https:\/\/coffeelounge.delonghi.com\/it\/","logo":{"@type":"ImageObject","inLanguage":"it-IT","@id":"https:\/\/coffeelounge.delonghi.com\/it\/#\/schema\/logo\/image\/","url":"https:\/\/coffeelounge.delonghi.com\/wp-content\/uploads\/2020\/05\/delonghi-coffee-lounge-logo-nederland.png","contentUrl":"https:\/\/coffeelounge.delonghi.com\/wp-content\/uploads\/2020\/05\/delonghi-coffee-lounge-logo-nederland.png","width":2337,"height":724,"caption":"De'Longhi Coffee Lounge"},"image":{"@id":"https:\/\/coffeelounge.delonghi.com\/it\/#\/schema\/logo\/image\/"}}]}},"_links":{"self":[{"href":"https:\/\/coffeelounge.delonghi.com\/it\/wp-json\/wp\/v2\/product\/25107","targetHints":{"allow":["GET"]}}],"collection":[{"href":"https:\/\/coffeelounge.delonghi.com\/it\/wp-json\/wp\/v2\/product"}],"about":[{"href":"https:\/\/coffeelounge.delonghi.com\/it\/wp-json\/wp\/v2\/types\/product"}],"replies":[{"embeddable":true,"href":"https:\/\/coffeelounge.delonghi.com\/it\/wp-json\/wp\/v2\/comments?post=25107"}],"version-history":[{"count":2,"href":"https:\/\/coffeelounge.delonghi.com\/it\/wp-json\/wp\/v2\/product\/25107\/revisions"}],"predecessor-version":[{"id":422017,"href":"https:\/\/coffeelounge.delonghi.com\/it\/wp-json\/wp\/v2\/product\/25107\/revisions\/422017"}],"wp:featuredmedia":[{"embeddable":true,"href":"https:\/\/coffeelounge.delonghi.com\/it\/wp-json\/wp\/v2\/media\/418757"}],"wp:attachment":[{"href":"https:\/\/coffeelounge.delonghi.com\/it\/wp-json\/wp\/v2\/media?parent=25107"}],"wp:term":[{"taxonomy":"product_cat","embeddable":true,"href":"https:\/\/coffeelounge.delonghi.com\/it\/wp-json\/wp\/v2\/product_cat?post=25107"},{"taxonomy":"product_tag","embeddable":true,"href":"https:\/\/coffeelounge.delonghi.com\/it\/wp-json\/wp\/v2\/product_tag?post=25107"}],"curies":[{"name":"wp","href":"https:\/\/api.w.org\/{rel}","templated":true}]}}