{"id":25061,"date":"2021-05-02T13:25:06","date_gmt":"2021-05-02T13:25:06","guid":{"rendered":"https:\/\/coffeelounge.delonghi.com\/?post_type=product&#038;p=25061"},"modified":"2024-03-04T08:33:13","modified_gmt":"2024-03-04T08:33:13","slug":"caffe-sulawesi-kalossi-indonesia-specialty-coffee-lady-caffe","status":"publish","type":"product","link":"https:\/\/coffeelounge.delonghi.com\/it\/product\/caffe-sulawesi-kalossi-indonesia-specialty-coffee-lady-caffe\/","title":{"rendered":"Caff\u00e8 SULAWESI KALOSSI INDONESIA &#8211; specialty coffee"},"content":{"rendered":"<p>Sull\u2019isola indonesiana di Sulawesi, non lontano dal villaggio di Kalossi, il terreno vulcanico d\u2019alta quota \u00e8 perfetto per la coltivazione del caff\u00e8. Conosciuto per il suo corpo ricco e la sua setosit\u00e0, questo caff\u00e8 presenta deliziose note di frutta matura, cioccolato fondente ed un aroma inebriante ed esotico. Come gli altri caff\u00e8 indonesiani, Sulawesi Kalossi ha un\u2019acidit\u00e0 molto bassa e, quindi, \u00e8 un ottimo caff\u00e8 mattutino.<\/p>\n<p>Questo caff\u00e8 fa parte del nostro progetto di selezione Specialty<\/p>\n","protected":false},"excerpt":{"rendered":"<p>Sull\u2019isola indonesiana di Sulawesi, non lontano dal villaggio di Kalossi, il terreno vulcanico d\u2019alta quota \u00e8 perfetto per la coltivazione del caff\u00e8. Conosciuto per il suo corpo ricco e la sua setosit\u00e0, questo caff\u00e8 presenta deliziose note di frutta matura, cioccolato fondente ed un aroma inebriante ed esotico. Come gli altri caff\u00e8 indonesiani, Sulawesi Kalossi [&hellip;]<\/p>\n","protected":false},"featured_media":418822,"comment_status":"closed","ping_status":"closed","template":"","meta":{"_acf_changed":false},"product_cat":[74,26],"product_tag":[],"class_list":{"0":"post-25061","1":"product","2":"type-product","3":"status-publish","4":"has-post-thumbnail","6":"product_cat-tutti","7":"product_cat-specialita","9":"first","10":"instock","11":"taxable","12":"shipping-taxable","13":"purchasable","14":"product-type-variable"},"acf":[],"yoast_head":"<!-- This site is optimized with the Yoast SEO Premium plugin v24.5 (Yoast SEO v24.5) - https:\/\/yoast.com\/wordpress\/plugins\/seo\/ -->\n<title>Caff\u00e8 SULAWESI KALOSSI INDONESIA - specialty coffee | De&#039;Longhi<\/title>\n<meta name=\"description\" content=\"Sull\u2019isola indonesiana di Sulawesi, non lontano dal villaggio di Kalossi, il terreno vulcanico d\u2019alta quota \u00e8 perfetto per la coltivazione del caff\u00e8.\" \/>\n<meta name=\"robots\" content=\"index, follow, max-snippet:-1, max-image-preview:large, max-video-preview:-1\" \/>\n<meta name=\"twitter:card\" content=\"summary_large_image\" \/>\n<meta name=\"twitter:title\" content=\"Caff\u00e8 SULAWESI KALOSSI INDONESIA - specialty coffee | De&#039;Longhi\" \/>\n<meta name=\"twitter:description\" content=\"Sull\u2019isola indonesiana di Sulawesi, non lontano dal villaggio di Kalossi, il terreno vulcanico d\u2019alta quota \u00e8 perfetto per la coltivazione del caff\u00e8.\" \/>\n<meta name=\"twitter:image\" content=\"https:\/\/coffeelounge.delonghi.com\/wp-content\/uploads\/2021\/05\/SULAWESI_KALOSSI_INDONESIA\u2013specialty_coffee_Lady-Pack6.png\" \/>\n<script type=\"application\/ld+json\" class=\"yoast-schema-graph\">{\"@context\":\"https:\/\/schema.org\",\"@graph\":[{\"@type\":\"WebPage\",\"@id\":\"https:\/\/coffeelounge.delonghi.com\/it\/product\/caffe-sulawesi-kalossi-indonesia-specialty-coffee-lady-caffe\/\",\"url\":\"https:\/\/coffeelounge.delonghi.com\/it\/product\/caffe-sulawesi-kalossi-indonesia-specialty-coffee-lady-caffe\/\",\"name\":\"Caff\u00e8 SULAWESI KALOSSI INDONESIA - specialty coffee | De&#039;Longhi\",\"isPartOf\":{\"@id\":\"https:\/\/coffeelounge.delonghi.com\/it\/#website\"},\"primaryImageOfPage\":{\"@id\":\"https:\/\/coffeelounge.delonghi.com\/it\/product\/caffe-sulawesi-kalossi-indonesia-specialty-coffee-lady-caffe\/#primaryimage\"},\"image\":{\"@id\":\"https:\/\/coffeelounge.delonghi.com\/it\/product\/caffe-sulawesi-kalossi-indonesia-specialty-coffee-lady-caffe\/#primaryimage\"},\"thumbnailUrl\":\"https:\/\/coffeelounge.delonghi.com\/wp-content\/uploads\/2021\/05\/SULAWESI_KALOSSI_INDONESIA\u2013specialty_coffee_Lady-Pack6.png\",\"datePublished\":\"2021-05-02T13:25:06+00:00\",\"dateModified\":\"2024-03-04T08:33:13+00:00\",\"description\":\"Sull\u2019isola indonesiana di Sulawesi, non lontano dal villaggio di Kalossi, il terreno vulcanico d\u2019alta quota \u00e8 perfetto per la coltivazione del caff\u00e8.\",\"breadcrumb\":{\"@id\":\"https:\/\/coffeelounge.delonghi.com\/it\/product\/caffe-sulawesi-kalossi-indonesia-specialty-coffee-lady-caffe\/#breadcrumb\"},\"inLanguage\":\"it-IT\",\"potentialAction\":[{\"@type\":\"ReadAction\",\"target\":[\"https:\/\/coffeelounge.delonghi.com\/it\/product\/caffe-sulawesi-kalossi-indonesia-specialty-coffee-lady-caffe\/\"]}]},{\"@type\":\"ImageObject\",\"inLanguage\":\"it-IT\",\"@id\":\"https:\/\/coffeelounge.delonghi.com\/it\/product\/caffe-sulawesi-kalossi-indonesia-specialty-coffee-lady-caffe\/#primaryimage\",\"url\":\"https:\/\/coffeelounge.delonghi.com\/wp-content\/uploads\/2021\/05\/SULAWESI_KALOSSI_INDONESIA\u2013specialty_coffee_Lady-Pack6.png\",\"contentUrl\":\"https:\/\/coffeelounge.delonghi.com\/wp-content\/uploads\/2021\/05\/SULAWESI_KALOSSI_INDONESIA\u2013specialty_coffee_Lady-Pack6.png\",\"width\":450,\"height\":450},{\"@type\":\"BreadcrumbList\",\"@id\":\"https:\/\/coffeelounge.delonghi.com\/it\/product\/caffe-sulawesi-kalossi-indonesia-specialty-coffee-lady-caffe\/#breadcrumb\",\"itemListElement\":[{\"@type\":\"ListItem\",\"position\":1,\"name\":\"Home\",\"item\":\"https:\/\/coffeelounge.delonghi.com\/it\/\"},{\"@type\":\"ListItem\",\"position\":2,\"name\":\"Boutique\",\"item\":\"https:\/\/coffeelounge.delonghi.com\/fr\/?page_id=36\"},{\"@type\":\"ListItem\",\"position\":3,\"name\":\"Caff\u00e8 SULAWESI KALOSSI INDONESIA &#8211; specialty coffee\"}]},{\"@type\":\"WebSite\",\"@id\":\"https:\/\/coffeelounge.delonghi.com\/it\/#website\",\"url\":\"https:\/\/coffeelounge.delonghi.com\/it\/\",\"name\":\"De&#039;Longhi\",\"description\":\"Coffee Lounge\",\"publisher\":{\"@id\":\"https:\/\/coffeelounge.delonghi.com\/it\/#organization\"},\"potentialAction\":[{\"@type\":\"SearchAction\",\"target\":{\"@type\":\"EntryPoint\",\"urlTemplate\":\"https:\/\/coffeelounge.delonghi.com\/it\/?s={search_term_string}\"},\"query-input\":{\"@type\":\"PropertyValueSpecification\",\"valueRequired\":true,\"valueName\":\"search_term_string\"}}],\"inLanguage\":\"it-IT\"},{\"@type\":\"Organization\",\"@id\":\"https:\/\/coffeelounge.delonghi.com\/it\/#organization\",\"name\":\"De'Longhi Coffee Lounge\",\"url\":\"https:\/\/coffeelounge.delonghi.com\/it\/\",\"logo\":{\"@type\":\"ImageObject\",\"inLanguage\":\"it-IT\",\"@id\":\"https:\/\/coffeelounge.delonghi.com\/it\/#\/schema\/logo\/image\/\",\"url\":\"https:\/\/coffeelounge.delonghi.com\/wp-content\/uploads\/2020\/05\/delonghi-coffee-lounge-logo-nederland.png\",\"contentUrl\":\"https:\/\/coffeelounge.delonghi.com\/wp-content\/uploads\/2020\/05\/delonghi-coffee-lounge-logo-nederland.png\",\"width\":2337,\"height\":724,\"caption\":\"De'Longhi Coffee Lounge\"},\"image\":{\"@id\":\"https:\/\/coffeelounge.delonghi.com\/it\/#\/schema\/logo\/image\/\"}}]}<\/script>\n<!-- \/ Yoast SEO Premium plugin. -->","yoast_head_json":{"title":"Caff\u00e8 SULAWESI KALOSSI INDONESIA - specialty coffee | De&#039;Longhi","description":"Sull\u2019isola indonesiana di Sulawesi, non lontano dal villaggio di Kalossi, il terreno vulcanico d\u2019alta quota \u00e8 perfetto per la coltivazione del caff\u00e8.","robots":{"index":"index","follow":"follow","max-snippet":"max-snippet:-1","max-image-preview":"max-image-preview:large","max-video-preview":"max-video-preview:-1"},"twitter_card":"summary_large_image","twitter_title":"Caff\u00e8 SULAWESI KALOSSI INDONESIA - specialty coffee | De&#039;Longhi","twitter_description":"Sull\u2019isola indonesiana di Sulawesi, non lontano dal villaggio di Kalossi, il terreno vulcanico d\u2019alta quota \u00e8 perfetto per la coltivazione del caff\u00e8.","twitter_image":"https:\/\/coffeelounge.delonghi.com\/wp-content\/uploads\/2021\/05\/SULAWESI_KALOSSI_INDONESIA\u2013specialty_coffee_Lady-Pack6.png","schema":{"@context":"https:\/\/schema.org","@graph":[{"@type":"WebPage","@id":"https:\/\/coffeelounge.delonghi.com\/it\/product\/caffe-sulawesi-kalossi-indonesia-specialty-coffee-lady-caffe\/","url":"https:\/\/coffeelounge.delonghi.com\/it\/product\/caffe-sulawesi-kalossi-indonesia-specialty-coffee-lady-caffe\/","name":"Caff\u00e8 SULAWESI KALOSSI INDONESIA - specialty coffee | De&#039;Longhi","isPartOf":{"@id":"https:\/\/coffeelounge.delonghi.com\/it\/#website"},"primaryImageOfPage":{"@id":"https:\/\/coffeelounge.delonghi.com\/it\/product\/caffe-sulawesi-kalossi-indonesia-specialty-coffee-lady-caffe\/#primaryimage"},"image":{"@id":"https:\/\/coffeelounge.delonghi.com\/it\/product\/caffe-sulawesi-kalossi-indonesia-specialty-coffee-lady-caffe\/#primaryimage"},"thumbnailUrl":"https:\/\/coffeelounge.delonghi.com\/wp-content\/uploads\/2021\/05\/SULAWESI_KALOSSI_INDONESIA\u2013specialty_coffee_Lady-Pack6.png","datePublished":"2021-05-02T13:25:06+00:00","dateModified":"2024-03-04T08:33:13+00:00","description":"Sull\u2019isola indonesiana di Sulawesi, non lontano dal villaggio di Kalossi, il terreno vulcanico d\u2019alta quota \u00e8 perfetto per la coltivazione del caff\u00e8.","breadcrumb":{"@id":"https:\/\/coffeelounge.delonghi.com\/it\/product\/caffe-sulawesi-kalossi-indonesia-specialty-coffee-lady-caffe\/#breadcrumb"},"inLanguage":"it-IT","potentialAction":[{"@type":"ReadAction","target":["https:\/\/coffeelounge.delonghi.com\/it\/product\/caffe-sulawesi-kalossi-indonesia-specialty-coffee-lady-caffe\/"]}]},{"@type":"ImageObject","inLanguage":"it-IT","@id":"https:\/\/coffeelounge.delonghi.com\/it\/product\/caffe-sulawesi-kalossi-indonesia-specialty-coffee-lady-caffe\/#primaryimage","url":"https:\/\/coffeelounge.delonghi.com\/wp-content\/uploads\/2021\/05\/SULAWESI_KALOSSI_INDONESIA\u2013specialty_coffee_Lady-Pack6.png","contentUrl":"https:\/\/coffeelounge.delonghi.com\/wp-content\/uploads\/2021\/05\/SULAWESI_KALOSSI_INDONESIA\u2013specialty_coffee_Lady-Pack6.png","width":450,"height":450},{"@type":"BreadcrumbList","@id":"https:\/\/coffeelounge.delonghi.com\/it\/product\/caffe-sulawesi-kalossi-indonesia-specialty-coffee-lady-caffe\/#breadcrumb","itemListElement":[{"@type":"ListItem","position":1,"name":"Home","item":"https:\/\/coffeelounge.delonghi.com\/it\/"},{"@type":"ListItem","position":2,"name":"Boutique","item":"https:\/\/coffeelounge.delonghi.com\/fr\/?page_id=36"},{"@type":"ListItem","position":3,"name":"Caff\u00e8 SULAWESI KALOSSI INDONESIA &#8211; specialty coffee"}]},{"@type":"WebSite","@id":"https:\/\/coffeelounge.delonghi.com\/it\/#website","url":"https:\/\/coffeelounge.delonghi.com\/it\/","name":"De&#039;Longhi","description":"Coffee Lounge","publisher":{"@id":"https:\/\/coffeelounge.delonghi.com\/it\/#organization"},"potentialAction":[{"@type":"SearchAction","target":{"@type":"EntryPoint","urlTemplate":"https:\/\/coffeelounge.delonghi.com\/it\/?s={search_term_string}"},"query-input":{"@type":"PropertyValueSpecification","valueRequired":true,"valueName":"search_term_string"}}],"inLanguage":"it-IT"},{"@type":"Organization","@id":"https:\/\/coffeelounge.delonghi.com\/it\/#organization","name":"De'Longhi Coffee Lounge","url":"https:\/\/coffeelounge.delonghi.com\/it\/","logo":{"@type":"ImageObject","inLanguage":"it-IT","@id":"https:\/\/coffeelounge.delonghi.com\/it\/#\/schema\/logo\/image\/","url":"https:\/\/coffeelounge.delonghi.com\/wp-content\/uploads\/2020\/05\/delonghi-coffee-lounge-logo-nederland.png","contentUrl":"https:\/\/coffeelounge.delonghi.com\/wp-content\/uploads\/2020\/05\/delonghi-coffee-lounge-logo-nederland.png","width":2337,"height":724,"caption":"De'Longhi Coffee Lounge"},"image":{"@id":"https:\/\/coffeelounge.delonghi.com\/it\/#\/schema\/logo\/image\/"}}]}},"_links":{"self":[{"href":"https:\/\/coffeelounge.delonghi.com\/it\/wp-json\/wp\/v2\/product\/25061","targetHints":{"allow":["GET"]}}],"collection":[{"href":"https:\/\/coffeelounge.delonghi.com\/it\/wp-json\/wp\/v2\/product"}],"about":[{"href":"https:\/\/coffeelounge.delonghi.com\/it\/wp-json\/wp\/v2\/types\/product"}],"replies":[{"embeddable":true,"href":"https:\/\/coffeelounge.delonghi.com\/it\/wp-json\/wp\/v2\/comments?post=25061"}],"version-history":[{"count":2,"href":"https:\/\/coffeelounge.delonghi.com\/it\/wp-json\/wp\/v2\/product\/25061\/revisions"}],"predecessor-version":[{"id":422022,"href":"https:\/\/coffeelounge.delonghi.com\/it\/wp-json\/wp\/v2\/product\/25061\/revisions\/422022"}],"wp:featuredmedia":[{"embeddable":true,"href":"https:\/\/coffeelounge.delonghi.com\/it\/wp-json\/wp\/v2\/media\/418822"}],"wp:attachment":[{"href":"https:\/\/coffeelounge.delonghi.com\/it\/wp-json\/wp\/v2\/media?parent=25061"}],"wp:term":[{"taxonomy":"product_cat","embeddable":true,"href":"https:\/\/coffeelounge.delonghi.com\/it\/wp-json\/wp\/v2\/product_cat?post=25061"},{"taxonomy":"product_tag","embeddable":true,"href":"https:\/\/coffeelounge.delonghi.com\/it\/wp-json\/wp\/v2\/product_tag?post=25061"}],"curies":[{"name":"wp","href":"https:\/\/api.w.org\/{rel}","templated":true}]}}